{"id":29780,"date":"2023-12-07T00:33:33","date_gmt":"2023-12-06T21:33:34","guid":{"rendered":"https:\/\/holidayexcursion.com\/?post_type=product&#038;p=29780"},"modified":"2024-03-01T15:54:56","modified_gmt":"2024-03-01T12:54:56","slug":"flyboarding","status":"publish","type":"product","link":"https:\/\/holidayexcursion.com\/pl\/tours-in-alanya\/watersports-pl\/flyboarding\/","title":{"rendered":"FLYBOARD\u0130NG"},"content":{"rendered":"<h2 style=\"text-align: center;\">FLYBOARD\u0130NG<\/h2>\n<p style=\"text-align: center;\">Od maja do pa\u017adziernika Obszar sprzeda\u017cy: <a href=\"https:\/\/en.wikipedia.org\/wiki\/Alanya\" rel=\"nofollow noopener\" target=\"_blank\">Alanya<\/a>, Side, <a href=\"https:\/\/en.wikipedia.org\/wiki\/Antalya\" rel=\"nofollow noopener\" target=\"_blank\">Antalya<\/a>, Kemer<\/p>\n<p style=\"text-align: center;\">Odkrywanie emocji zwi\u0105zanych ze sportami wodnymi w Alanyi: raj dla poszukiwaczy przyg\u00f3d<\/p>\n<p style=\"text-align: center;\">Flyboarding to ekscytuj\u0105cy sport wodny, kt\u00f3ry szturmem podbi\u0142 \u015bwiat, \u0142\u0105cz\u0105c dreszczyk emocji zwi\u0105zany z lataniem z ekscytacj\u0105 wodn\u0105 przygod\u0105. Ta innowacyjna aktywno\u015b\u0107 pozwala uczestnikom wznie\u015b\u0107 si\u0119 nad wod\u0119 niczym superbohaterowie, nap\u0119dzani pot\u0119\u017cnymi strumieniami wody. Od \u0107pun\u00f3w adrenaliny poszukuj\u0105cych nowego zastrzyku po \u017c\u0105dnych przyg\u00f3d os\u00f3b szukaj\u0105cych wyj\u0105tkowych wra\u017ce\u0144, flyboarding oferuje niezapomniane i budz\u0105ce podziw emocje, jak \u017caden inny sport wodny.<\/p>\n<p style=\"text-align: center;\"><img loading=\"lazy\" decoding=\"async\" class=\"alignnone size-medium wp-image-29786\" src=\"https:\/\/holidayexcursion.com\/wp-content\/uploads\/2023\/12\/Alanya-Flyboard-holiday-excursion-300x200.jpg\" alt=\"\" width=\"300\" height=\"200\" title=\"\" srcset=\"https:\/\/holidayexcursion.com\/wp-content\/uploads\/2023\/12\/Alanya-Flyboard-holiday-excursion-300x200.jpg 300w, https:\/\/holidayexcursion.com\/wp-content\/uploads\/2023\/12\/Alanya-Flyboard-holiday-excursion-1024x681.jpg 1024w, https:\/\/holidayexcursion.com\/wp-content\/uploads\/2023\/12\/Alanya-Flyboard-holiday-excursion-768x511.jpg 768w, https:\/\/holidayexcursion.com\/wp-content\/uploads\/2023\/12\/Alanya-Flyboard-holiday-excursion-1536x1021.jpg 1536w, https:\/\/holidayexcursion.com\/wp-content\/uploads\/2023\/12\/Alanya-Flyboard-holiday-excursion-600x399.jpg 600w, https:\/\/holidayexcursion.com\/wp-content\/uploads\/2023\/12\/Alanya-Flyboard-holiday-excursion.jpg 1624w\" sizes=\"auto, (max-width: 300px) 100vw, 300px\" \/><\/p>\n<p style=\"text-align: center;\">Sam flyboard sk\u0142ada si\u0119 z deski montowanej na stopach, po\u0142\u0105czonej d\u0142ugim w\u0119\u017cem z osobist\u0105 jednostk\u0105 p\u0142ywaj\u0105c\u0105, tak\u0105 jak skuter wodny, kt\u00f3ra zapewnia nap\u0119d flyboardu. Gdy woda przep\u0142ywa przez w\u0105\u017c do flyboardu, je\u017adziec zostaje wyrzucony w powietrze, osi\u0105gaj\u0105c wysoko\u015b\u0107 do 49 st\u00f3p (15 metr\u00f3w) nad powierzchni\u0105 wody. Poczucie niewa\u017cko\u015bci i wolno\u015bci, gdy je\u017adziec unosi si\u0119, nurkuje i wykonuje akrobatyczne manewry nad wod\u0105, jest po prostu rewelacyjne.<\/p>\n<p style=\"text-align: center;\"><img loading=\"lazy\" decoding=\"async\" class=\"alignnone size-medium wp-image-29804\" src=\"https:\/\/holidayexcursion.com\/wp-content\/uploads\/2023\/12\/Flyboard-holidayexcursion-300x225.jpg\" alt=\"\" width=\"300\" height=\"225\" title=\"\" srcset=\"https:\/\/holidayexcursion.com\/wp-content\/uploads\/2023\/12\/Flyboard-holidayexcursion-300x225.jpg 300w, https:\/\/holidayexcursion.com\/wp-content\/uploads\/2023\/12\/Flyboard-holidayexcursion-768x576.jpg 768w, https:\/\/holidayexcursion.com\/wp-content\/uploads\/2023\/12\/Flyboard-holidayexcursion-600x450.jpg 600w, https:\/\/holidayexcursion.com\/wp-content\/uploads\/2023\/12\/Flyboard-holidayexcursion.jpg 800w\" sizes=\"auto, (max-width: 300px) 100vw, 300px\" \/><\/p>\n<p style=\"text-align: center;\">Jednym z najbardziej urzekaj\u0105cych aspekt\u00f3w flyboardingu jest jego dost\u0119pno\u015b\u0107 dla os\u00f3b o r\u00f3\u017cnym poziomie umiej\u0119tno\u015bci. O ile opanowanie zaawansowanych manewr\u00f3w mo\u017ce wymaga\u0107 praktyki i koordynacji, pocz\u0105tkuj\u0105cy mog\u0105 opanowa\u0107 podstawy flyboardingu w stosunkowo kr\u00f3tkim czasie, co czyni go inkluzywnym i ekscytuj\u0105cym zaj\u0119ciem dla szerokiego grona uczestnik\u00f3w.<\/p>\n<p style=\"text-align: center;\">Od zwyk\u0142ych je\u017ad\u017ac\u00f3w, kt\u00f3rzy chc\u0105 do\u015bwiadczy\u0107 wra\u017ce\u0144 z lotu, po profesjonalnych sportowc\u00f3w i artyst\u00f3w prezentuj\u0105cych niesamowite akrobacje, flyboarding oferuje dynamiczny i osza\u0142amiaj\u0105cy wizualnie spektakl na wodzie. Mo\u017cliwo\u015b\u0107 wykonywania przewrot\u00f3w, obrot\u00f3w i nurkowa\u0144 nad powierzchni\u0105 dodaje urzekaj\u0105cego elementu do do\u015bwiadczenia, niezale\u017cnie od tego, czy jest to obserwowane z linii brzegowej, czy do\u015bwiadczane na w\u0142asnej sk\u00f3rze.<\/p>\n<p style=\"text-align: center;\"><img loading=\"lazy\" decoding=\"async\" class=\"alignnone size-medium wp-image-29816\" src=\"https:\/\/holidayexcursion.com\/wp-content\/uploads\/2023\/12\/flyboard_alanya-300x200.jpg\" alt=\"\" width=\"300\" height=\"200\" title=\"\" srcset=\"https:\/\/holidayexcursion.com\/wp-content\/uploads\/2023\/12\/flyboard_alanya-300x200.jpg 300w, https:\/\/holidayexcursion.com\/wp-content\/uploads\/2023\/12\/flyboard_alanya-768x511.jpg 768w, https:\/\/holidayexcursion.com\/wp-content\/uploads\/2023\/12\/flyboard_alanya-600x400.jpg 600w, https:\/\/holidayexcursion.com\/wp-content\/uploads\/2023\/12\/flyboard_alanya.jpg 1000w\" sizes=\"auto, (max-width: 300px) 100vw, 300px\" \/><\/p>\n<p style=\"text-align: center;\">Rozw\u00f3j flyboardingu doprowadzi\u0142 tak\u017ce do rozwoju konkurs\u00f3w i wystaw, kt\u00f3re prezentuj\u0105 niesamowite umiej\u0119tno\u015bci i kreatywno\u015b\u0107 zawodnik\u00f3w flyboardingu. Wydarzenia te cz\u0119sto obejmuj\u0105 osza\u0142amiaj\u0105ce pokazy lotnicze, uk\u0142ady choreograficzne i zawody w stylu freestyle, co jeszcze bardziej podnosi poziom flyboardingu jako urzekaj\u0105cego wizualnie i podnosz\u0105cego adrenalin\u0119 sportu wodnego.<\/p>\n<p style=\"text-align: center;\">W ostatnich latach post\u0119p w technologii flyboard\u00f3w doprowadzi\u0142 do wprowadzenia ulepszonych funkcji bezpiecze\u0144stwa i poprawy wydajno\u015bci. Dost\u0119pne s\u0105 specjalistyczne programy szkoleniowe i wytyczne dotycz\u0105ce bezpiecze\u0144stwa, dzi\u0119ki kt\u00f3rym uczestnicy mog\u0105 cieszy\u0107 si\u0119 emocjami zwi\u0105zanymi z flyboardingiem w bezpiecznym i nadzorowanym \u015brodowisku.<\/p>\n<p style=\"text-align: center;\"><img loading=\"lazy\" decoding=\"async\" class=\"alignnone size-medium wp-image-29798\" src=\"https:\/\/holidayexcursion.com\/wp-content\/uploads\/2023\/12\/fly-board-alanya-holiday-excursion-300x157.jpg\" alt=\"\" width=\"300\" height=\"157\" title=\"\" srcset=\"https:\/\/holidayexcursion.com\/wp-content\/uploads\/2023\/12\/fly-board-alanya-holiday-excursion-300x157.jpg 300w, https:\/\/holidayexcursion.com\/wp-content\/uploads\/2023\/12\/fly-board-alanya-holiday-excursion-768x401.jpg 768w, https:\/\/holidayexcursion.com\/wp-content\/uploads\/2023\/12\/fly-board-alanya-holiday-excursion-600x313.jpg 600w, https:\/\/holidayexcursion.com\/wp-content\/uploads\/2023\/12\/fly-board-alanya-holiday-excursion.jpg 900w\" sizes=\"auto, (max-width: 300px) 100vw, 300px\" \/><\/p>\n<p style=\"text-align: center;\">Jak w ka\u017cdym sporcie wodnym, w przypadku flyboardingu bezpiecze\u0144stwo jest najwa\u017cniejsze. Uczestnicy s\u0105 zobowi\u0105zani do noszenia osobistych urz\u0105dze\u0144 unosz\u0105cych si\u0119 na wodzie (PFD) i przestrzegania protoko\u0142\u00f3w bezpiecze\u0144stwa ustalonych przez certyfikowanych instruktor\u00f3w. Ponadto dok\u0142adne instrukta\u017c i demonstracja odpowiednich technik s\u0105 niezb\u0119dne, aby zapewni\u0107 bezpieczne i przyjemne do\u015bwiadczenie flyboardingu.<\/p>\n<p style=\"text-align: center;\">Rosn\u0105ca popularno\u015b\u0107 flyboardingu da\u0142a r\u00f3wnie\u017c pocz\u0105tek spo\u0142eczno\u015bci pasjonat\u00f3w i entuzjast\u00f3w, kt\u00f3rzy dziel\u0105 si\u0119 swoimi do\u015bwiadczeniami, wiedz\u0105 i wzajemn\u0105 mi\u0142o\u015bci\u0105 do inspiruj\u0105cych wra\u017ce\u0144 z lotu nad wod\u0105. Spo\u0142eczno\u015bci internetowe, grupy w mediach spo\u0142eczno\u015bciowych i lokalne kluby flyboardingu zapewniaj\u0105 entuzjastom platformy do nawi\u0105zywania kontakt\u00f3w, dzielenia si\u0119 wskaz\u00f3wkami i organizowania spotka\u0144, jeszcze bardziej wzbogacaj\u0105c do\u015bwiadczenia flyboardingu dla rowerzyst\u00f3w na ca\u0142ym \u015bwiecie.<\/p>\n<p style=\"text-align: center;\"><img loading=\"lazy\" decoding=\"async\" class=\"alignnone size-medium wp-image-29792\" src=\"https:\/\/holidayexcursion.com\/wp-content\/uploads\/2023\/12\/Flyboard-holiday-excursion-300x214.jpg\" alt=\"\" width=\"300\" height=\"214\" title=\"\" srcset=\"https:\/\/holidayexcursion.com\/wp-content\/uploads\/2023\/12\/Flyboard-holiday-excursion-300x214.jpg 300w, https:\/\/holidayexcursion.com\/wp-content\/uploads\/2023\/12\/Flyboard-holiday-excursion-768x549.jpg 768w, https:\/\/holidayexcursion.com\/wp-content\/uploads\/2023\/12\/Flyboard-holiday-excursion-600x429.jpg 600w, https:\/\/holidayexcursion.com\/wp-content\/uploads\/2023\/12\/Flyboard-holiday-excursion.jpg 840w\" sizes=\"auto, (max-width: 300px) 100vw, 300px\" \/><\/p>\n<p style=\"text-align: center;\">Spo\u0142eczno\u015b\u0107 k\u0142adzie nacisk na \u015bwiadomo\u015b\u0107 ekologiczn\u0105 i odpowiedzialne praktyki flyboardingu, wzywaj\u0105c uczestnik\u00f3w do poszanowania \u017cycia morskiego, przestrzegania przepis\u00f3w i zapewnienia minimalnego wp\u0142ywu na naturalne otoczenie, w kt\u00f3rym lataj\u0105 na desce. Promuj\u0105c zr\u00f3wnowa\u017cone i przemy\u015blane praktyki flyboardingu, entuzja\u015bci chc\u0105 zachowa\u0107 pi\u0119kno \u015brodowiska naturalnego, w kt\u00f3rym uczestnicz\u0105 w tym ekscytuj\u0105cym <a href=\"https:\/\/holidayexcursion.com\/tours-in-alanya\/tours\/water-sports\/\">sporcie wodnym.<\/a><\/p>\n<p style=\"text-align: center;\">Flyboarding w dalszym ci\u0105gu urzeka poszukiwaczy mocnych wra\u017ce\u0144, entuzjast\u00f3w sport\u00f3w wodnych i ciekawskich poszukiwaczy przyg\u00f3d dzi\u0119ki wyj\u0105tkowej mieszance emocji zwi\u0105zanych z lotem i wod\u0105. Wraz z rozwojem technologii i poszerzaniem si\u0119 spo\u0142eczno\u015bci je\u017ad\u017ac\u00f3w, flyboarding pozostanie fascynuj\u0105c\u0105 i niezapomnian\u0105 aktywno\u015bci\u0105, oferuj\u0105c ekscytuj\u0105ce wra\u017cenia, kt\u00f3re przeciwstawiaj\u0105 si\u0119 grawitacji i ukazuj\u0105 pi\u0119kno i emocje zwi\u0105zane z lotem cz\u0142owieka nad wod\u0105.<\/p>\n<p style=\"text-align: center;\"><img loading=\"lazy\" decoding=\"async\" class=\"alignnone size-medium wp-image-29828\" src=\"https:\/\/holidayexcursion.com\/wp-content\/uploads\/2023\/12\/flyboard-Alanya-holiday-excursion-300x236.jpg\" alt=\"\" width=\"300\" height=\"236\" title=\"\" srcset=\"https:\/\/holidayexcursion.com\/wp-content\/uploads\/2023\/12\/flyboard-Alanya-holiday-excursion-300x236.jpg 300w, https:\/\/holidayexcursion.com\/wp-content\/uploads\/2023\/12\/flyboard-Alanya-holiday-excursion.jpg 600w\" sizes=\"auto, (max-width: 300px) 100vw, 300px\" \/><\/p>\n<p style=\"text-align: center;\">Tworzysz w\u0142asn\u0105 grup\u0119 niezatartego parasailingu na skuterze wodnym na flyboardzie, kt\u00f3r\u0105 b\u0119dziesz wspomina\u0107 ze \u015bmiechem przez ca\u0142e \u017cycie. Obiecujemy tylko, \u017ce zorganizujesz najlepsz\u0105 rozrywk\u0119 zwi\u0105zan\u0105 ze sportami wodnymi w basenie Morza \u015ar\u00f3dziemnego. Przyje\u017cd\u017casz do swoich o\u015brodk\u00f3w wypoczynkowych, ustalasz dzie\u0144 i godzin\u0119, kt\u00f3ra jest odpowiednia dla Twojego urlopu i grupy. Odbieramy Ci\u0119 z miejsca zakwaterowania na potrzeby naszych zaj\u0119\u0107. Koszt transferu 10 \u20ac.<\/p>\n<p style=\"text-align: center;\">Jetski: 60 \u20ac (15 min.)<\/p>\n<p style=\"text-align: center;\">Parasailing: 1 person 60 \u20ac, 2 person 70 \u20ac, 3 person 100 \u20ac (max 200 kilo)<\/p>\n<p style=\"text-align: center;\">(5 km. oko\u0142o 10-15 min.)<\/p>\n<p style=\"text-align: center;\">Banana: 20 \u20ac (5 km.)<\/p>\n<p style=\"text-align: center;\">Flyboard 150 \u20ac<\/p>\n<p style=\"text-align: center;\"> Wyst\u0105pi\u0105 r\u00f3\u017cnice cen w zale\u017cno\u015bci od sezonu. W celu uzyskania dok\u0142adnych informacji prosimy o kontakt za po\u015brednictwem aplikacji Whats.<\/p>\n<p style=\"text-align: center;\">\u017byczymy Pa\u0144stwu niezapomnianych wspomnie\u0144 z wakacji w Alanyi w Turcji.<\/p>\n<p style=\"text-align: center;\">Ps: Aby uzyska\u0107 wi\u0119cej informacji, mo\u017cesz r\u00f3wnie\u017c skontaktowa\u0107 si\u0119 przez aplikacj\u0119 Whats lub wiadomo\u015b\u0107.<\/p>\n<p style=\"text-align: center;\">Wakacyjny Zesp\u00f3\u0142 Wycieczkowy,<\/p>\n<p><iframe loading=\"lazy\" title=\"jet ski - crazy water sports\" width=\"1020\" height=\"574\" src=\"https:\/\/www.youtube.com\/embed\/jjlsKJqbiAg?feature=oembed\" frameborder=\"0\" allow=\"accelerometer; autoplay; clipboard-write; encrypted-media; gyroscope; picture-in-picture; web-share\" allowfullscreen><\/iframe><\/p>\n<p><iframe loading=\"lazy\" title=\"Alanya Flyboard\" width=\"1020\" height=\"765\" src=\"https:\/\/www.youtube.com\/embed\/bW3sjsdwWXY?feature=oembed\" frameborder=\"0\" allow=\"accelerometer; autoplay; clipboard-write; encrypted-media; gyroscope; picture-in-picture; web-share\" allowfullscreen><\/iframe><\/p>\n<p style=\"text-align: center;\"><a href=\"https:\/\/www.youtube.com\/watch?v=NmdTLu1fV0g\" rel=\"nofollow noopener\" target=\"_blank\"><span style=\"vertical-align: inherit;\"><span style=\"vertical-align: inherit;\">https:\/\/www.youtube.com\/watch?v=NmdTLu1fV0g<\/span><\/span><\/a><\/p>\n<p><iframe loading=\"lazy\" title=\"THE GIRLS vs. BIG MABLE\" width=\"1020\" height=\"765\" src=\"https:\/\/www.youtube.com\/embed\/0GdXmlkqdUI?feature=oembed\" frameborder=\"0\" allow=\"accelerometer; autoplay; clipboard-write; encrypted-media; gyroscope; picture-in-picture; web-share\" allowfullscreen><\/iframe><\/p>\n<p style=\"text-align: center;\">\n","protected":false},"excerpt":{"rendered":"<p>FLYBOARD\u0130NG Od maja do pa\u017adziernika Obszar sprzeda\u017cy: Alanya, Side, Antalya, Kemer Odkrywanie emocji zwi\u0105zanych ze sportami wodnymi w Alanyi: raj dla poszukiwaczy przyg\u00f3d Flyboarding to ekscytuj\u0105cy sport wodny, kt\u00f3ry szturmem podbi\u0142 \u015bwiat, \u0142\u0105cz\u0105c dreszczyk emocji zwi\u0105zany z lataniem z ekscytacj\u0105 wodn\u0105 przygod\u0105. Ta innowacyjna aktywno\u015b\u0107 pozwala uczestnikom wznie\u015b\u0107 si\u0119 nad wod\u0119 niczym superbohaterowie, nap\u0119dzani pot\u0119\u017cnymi<\/p>\n","protected":false},"featured_media":29789,"comment_status":"open","ping_status":"closed","template":"","meta":[],"product_brand":[],"product_cat":[230],"product_tag":[],"class_list":{"0":"post-29780","1":"product","2":"type-product","3":"status-publish","4":"has-post-thumbnail","6":"product_cat-watersports-pl","8":"first","9":"instock","10":"featured","11":"virtual","12":"sold-individually","13":"purchasable","14":"product-type-booking"},"_links":{"self":[{"href":"https:\/\/holidayexcursion.com\/pl\/wp-json\/wp\/v2\/product\/29780","targetHints":{"allow":["GET"]}}],"collection":[{"href":"https:\/\/holidayexcursion.com\/pl\/wp-json\/wp\/v2\/product"}],"about":[{"href":"https:\/\/holidayexcursion.com\/pl\/wp-json\/wp\/v2\/types\/product"}],"replies":[{"embeddable":true,"href":"https:\/\/holidayexcursion.com\/pl\/wp-json\/wp\/v2\/comments?post=29780"}],"wp:featuredmedia":[{"embeddable":true,"href":"https:\/\/holidayexcursion.com\/pl\/wp-json\/wp\/v2\/media\/29789"}],"wp:attachment":[{"href":"https:\/\/holidayexcursion.com\/pl\/wp-json\/wp\/v2\/media?parent=29780"}],"wp:term":[{"taxonomy":"product_brand","embeddable":true,"href":"https:\/\/holidayexcursion.com\/pl\/wp-json\/wp\/v2\/product_brand?post=29780"},{"taxonomy":"product_cat","embeddable":true,"href":"https:\/\/holidayexcursion.com\/pl\/wp-json\/wp\/v2\/product_cat?post=29780"},{"taxonomy":"product_tag","embeddable":true,"href":"https:\/\/holidayexcursion.com\/pl\/wp-json\/wp\/v2\/product_tag?post=29780"}],"curies":[{"name":"wp","href":"https:\/\/api.w.org\/{rel}","templated":true}]}}