{"id":29840,"date":"2023-12-07T01:16:37","date_gmt":"2023-12-06T22:16:37","guid":{"rendered":"https:\/\/holidayexcursion.com\/?post_type=product&#038;p=29840"},"modified":"2023-12-07T17:39:11","modified_gmt":"2023-12-07T14:39:11","slug":"jetski","status":"publish","type":"product","link":"https:\/\/holidayexcursion.com\/pl\/tours-in-alanya\/watersports-pl\/jetski\/","title":{"rendered":"JETSK\u0130"},"content":{"rendered":"<h2 style=\"text-align: center;\">JETSK\u0130<\/h2>\n<p style=\"text-align: center;\">Od maja do pa\u017adziernika Obszar sprzeda\u017cy: <a href=\"https:\/\/en.wikipedia.org\/wiki\/Alanya\" rel=\"nofollow noopener\" target=\"_blank\">Alanya<\/a>, Side, <a href=\"https:\/\/en.wikipedia.org\/wiki\/Antalya\" rel=\"nofollow noopener\" target=\"_blank\">Antalya<\/a>, Kemer<\/p>\n<p style=\"text-align: center;\">Odkrywanie emocji zwi\u0105zanych ze sportami wodnymi w Alanyi: raj dla poszukiwaczy przyg\u00f3d<\/p>\n<p style=\"text-align: center;\">Jetski, znane r\u00f3wnie\u017c jako osobiste jednostki p\u0142ywaj\u0105ce (PWC), staj\u0105 si\u0119 coraz bardziej popularne w\u015br\u00f3d entuzjast\u00f3w wody poszukuj\u0105cych wysokooktanowych wra\u017ce\u0144 i wodnych przyg\u00f3d. Te eleganckie i mocne jednostki p\u0142ywaj\u0105ce oferuj\u0105 ekscytuj\u0105ce wra\u017cenia na otwartej wodzie, co czyni je ulubionym wyborem dla je\u017ad\u017ac\u00f3w w ka\u017cdym wieku. Od p\u0142ywania po falach po wykonywanie imponuj\u0105cych manewr\u00f3w, skutery wodne sta\u0142y si\u0119 symbolem emocji i wolno\u015bci na wodzie.<\/p>\n<p style=\"text-align: center;\"><img loading=\"lazy\" decoding=\"async\" class=\"alignnone size-medium wp-image-29882\" src=\"https:\/\/holidayexcursion.com\/wp-content\/uploads\/2023\/12\/jet-ski-holiday-excursion-1-300x300.jpg\" alt=\"\" width=\"300\" height=\"300\" title=\"\" srcset=\"https:\/\/holidayexcursion.com\/wp-content\/uploads\/2023\/12\/jet-ski-holiday-excursion-1-300x300.jpg 300w, https:\/\/holidayexcursion.com\/wp-content\/uploads\/2023\/12\/jet-ski-holiday-excursion-1-150x150.jpg 150w, https:\/\/holidayexcursion.com\/wp-content\/uploads\/2023\/12\/jet-ski-holiday-excursion-1-600x600.jpg 600w, https:\/\/holidayexcursion.com\/wp-content\/uploads\/2023\/12\/jet-ski-holiday-excursion-1-100x100.jpg 100w, https:\/\/holidayexcursion.com\/wp-content\/uploads\/2023\/12\/jet-ski-holiday-excursion-1.jpg 750w\" sizes=\"auto, (max-width: 300px) 100vw, 300px\" \/><\/p>\n<p style=\"text-align: center;\">Jetski nap\u0119dzane s\u0105 silnikiem pok\u0142adowym, kt\u00f3ry nap\u0119dza jednostk\u0119 p\u0142ywaj\u0105c\u0105 do przodu z ekscytuj\u0105cymi pr\u0119dko\u015bciami, oferuj\u0105c je\u017ad\u017acom wyj\u0105tkowe i podnosz\u0105ce adrenalin\u0119 wra\u017cenia. S\u0105 przeznaczone dla od jednego do trzech pasa\u017cer\u00f3w, w zale\u017cno\u015bci od modelu, i s\u0105 znane ze swojej zwinno\u015bci i zwrotno\u015bci w wodzie. Dzi\u0119ki swoim kompaktowym rozmiarom i zwinnemu prowadzeniu, skutery wodne s\u0105 w stanie wykonywa\u0107 ostre skr\u0119ty, skoki i obroty, zapewniaj\u0105c rowerzystom ekscytuj\u0105c\u0105 i dynamiczn\u0105 jazd\u0119.<\/p>\n<p style=\"text-align: center;\"><img loading=\"lazy\" decoding=\"async\" class=\"alignnone size-medium wp-image-29852\" src=\"https:\/\/holidayexcursion.com\/wp-content\/uploads\/2023\/12\/Jet-ski-Alanya-holiday-excursion-300x300.png\" alt=\"\" width=\"300\" height=\"300\" title=\"\" srcset=\"https:\/\/holidayexcursion.com\/wp-content\/uploads\/2023\/12\/Jet-ski-Alanya-holiday-excursion-300x300.png 300w, https:\/\/holidayexcursion.com\/wp-content\/uploads\/2023\/12\/Jet-ski-Alanya-holiday-excursion-150x150.png 150w, https:\/\/holidayexcursion.com\/wp-content\/uploads\/2023\/12\/Jet-ski-Alanya-holiday-excursion-768x768.png 768w, https:\/\/holidayexcursion.com\/wp-content\/uploads\/2023\/12\/Jet-ski-Alanya-holiday-excursion-600x600.png 600w, https:\/\/holidayexcursion.com\/wp-content\/uploads\/2023\/12\/Jet-ski-Alanya-holiday-excursion-100x100.png 100w, https:\/\/holidayexcursion.com\/wp-content\/uploads\/2023\/12\/Jet-ski-Alanya-holiday-excursion.png 1013w\" sizes=\"auto, (max-width: 300px) 100vw, 300px\" \/><\/p>\n<p style=\"text-align: center;\">Jedn\u0105 z kluczowych atrakcji skuter\u00f3w wodnych jest ich wszechstronno\u015b\u0107. Je\u017ad\u017acy mog\u0105 anga\u017cowa\u0107 si\u0119 w r\u00f3\u017cnorodne zaj\u0119cia, od spokojnego p\u0142ywania wzd\u0142u\u017c linii brzegowej po wykonywanie manewr\u00f3w z du\u017c\u0105 pr\u0119dko\u015bci\u0105 i skoki na otwartej wodzie. Ta zdolno\u015b\u0107 adaptacji sprawia, \u017ce \u200b\u200bskutery wodne s\u0105 idealnym wyborem dla rowerzyst\u00f3w szukaj\u0105cych r\u00f3\u017cnych wra\u017ce\u0144, niezale\u017cnie od tego, czy jest to spokojna przeja\u017cd\u017cka z rodzin\u0105 i przyjaci\u00f3\u0142mi, czy samotna przygoda poszukuj\u0105ca mocnych wra\u017ce\u0144.<\/p>\n<p style=\"text-align: center;\">Bezpiecze\u0144stwo jest kluczowym aspektem czerpania przyjemno\u015bci z jazdy na skuterach wodnych, dlatego od je\u017ad\u017ac\u00f3w wymagane jest noszenie osobistych urz\u0105dze\u0144 unosz\u0105cych si\u0119 na wodzie (PFD) i przestrzeganie wytycznych bezpiecze\u0144stwa, aby zapewni\u0107 bezpieczne i przyjemne wra\u017cenia na wodzie. Ponadto w wielu jurysdykcjach obowi\u0105zuj\u0105 przepisy i ograniczenia wiekowe dotycz\u0105ce obs\u0142ugi skuter\u00f3w wodnych, a tak\u017ce obowi\u0105zkowe kursy edukacyjne w zakresie bezpiecze\u0144stwa dla nowych u\u017cytkownik\u00f3w.<\/p>\n<p style=\"text-align: center;\"><img loading=\"lazy\" decoding=\"async\" class=\"alignnone size-medium wp-image-29876\" src=\"https:\/\/holidayexcursion.com\/wp-content\/uploads\/2023\/12\/jet_ski_Alanya-watersports-300x198.jpg\" alt=\"\" width=\"300\" height=\"198\" title=\"\" srcset=\"https:\/\/holidayexcursion.com\/wp-content\/uploads\/2023\/12\/jet_ski_Alanya-watersports-300x198.jpg 300w, https:\/\/holidayexcursion.com\/wp-content\/uploads\/2023\/12\/jet_ski_Alanya-watersports.jpg 512w\" sizes=\"auto, (max-width: 300px) 100vw, 300px\" \/><\/p>\n<p style=\"text-align: center;\">W ostatnich latach post\u0119p w technologii skuter\u00f3w wodnych doprowadzi\u0142 do opracowania bardziej wydajnych i przyjaznych dla \u015brodowiska modeli. Producenci skupili si\u0119 na poprawie efektywno\u015bci paliwowej i zmniejszeniu emisji, czyni\u0105c nowoczesne skutery wodne bardziej ekologicznymi, zachowuj\u0105c jednocze\u015bnie ich wysok\u0105 wydajno\u015b\u0107.<\/p>\n<p style=\"text-align: center;\">Dla entuzjast\u00f3w pragn\u0105cych pozna\u0107 \u015bwiat skuter\u00f3w wodnych dost\u0119pne s\u0105 r\u00f3\u017cne modele, ka\u017cdy oferuj\u0105cy unikalne funkcje i mo\u017cliwo\u015bci. Niekt\u00f3re skutery wodne s\u0105 przeznaczone dla os\u00f3b podr\u00f3\u017cuj\u0105cych samotnie, k\u0142ad\u0105c nacisk na szybko\u015b\u0107 i zwinno\u015b\u0107, podczas gdy inne s\u0105 zbudowane tak, aby pomie\u015bci\u0107 wielu pasa\u017cer\u00f3w, koncentruj\u0105c si\u0119 na komforcie i stabilno\u015bci.<\/p>\n<p style=\"text-align: center;\"><img loading=\"lazy\" decoding=\"async\" class=\"alignnone size-medium wp-image-29870\" src=\"https:\/\/holidayexcursion.com\/wp-content\/uploads\/2023\/12\/Jet-ski-Holiday-excursion-300x111.webp\" alt=\"\" width=\"300\" height=\"111\" title=\"\" srcset=\"https:\/\/holidayexcursion.com\/wp-content\/uploads\/2023\/12\/Jet-ski-Holiday-excursion-300x111.webp 300w, https:\/\/holidayexcursion.com\/wp-content\/uploads\/2023\/12\/Jet-ski-Holiday-excursion-600x221.webp 600w, https:\/\/holidayexcursion.com\/wp-content\/uploads\/2023\/12\/Jet-ski-Holiday-excursion.webp 760w\" sizes=\"auto, (max-width: 300px) 100vw, 300px\" \/><\/p>\n<p style=\"text-align: center;\">Ponadto technologia odegra\u0142a znacz\u0105c\u0105 rol\u0119 w poprawie wra\u017ce\u0144 z jazdy na skuterze wodnym. Wiele nowoczesnych skuter\u00f3w wodnych jest wyposa\u017conych w zaawansowane systemy nawigacji, inteligentne mechanizmy hamowania i cofania oraz innowacyjne konstrukcje kad\u0142uba zapewniaj\u0105ce lepsz\u0105 stabilno\u015b\u0107 i kontrol\u0119 w zmiennych warunkach wodnych.<\/p>\n<p style=\"text-align: center;\">Zawody i wydarzenia rekreacyjne skupione wok\u00f3\u0142 skuter\u00f3w wodnych zyska\u0142y popularno\u015b\u0107, przyci\u0105gaj\u0105c zar\u00f3wno je\u017ad\u017ac\u00f3w, jak i widz\u00f3w. Od zawod\u00f3w freestyle&#8217;owych prezentuj\u0105cych \u015bmia\u0142e manewry po wy\u015bcigi wytrzyma\u0142o\u015bciowe sprawdzaj\u0105ce umiej\u0119tno\u015bci i wytrzyma\u0142o\u015b\u0107 je\u017ad\u017ac\u00f3w, imprezy na skuterach wodnych sta\u0142y si\u0119 t\u0119tni\u0105c\u0105 \u017cyciem i ekscytuj\u0105c\u0105 cz\u0119\u015bci\u0105 kultury sport\u00f3w wodnych.<\/p>\n<p style=\"text-align: center;\"><img loading=\"lazy\" decoding=\"async\" class=\"alignnone size-medium wp-image-29864\" src=\"https:\/\/holidayexcursion.com\/wp-content\/uploads\/2023\/12\/Jet-ski-holiday-excursion-300x225.jpg\" alt=\"\" width=\"300\" height=\"225\" title=\"\" srcset=\"https:\/\/holidayexcursion.com\/wp-content\/uploads\/2023\/12\/Jet-ski-holiday-excursion-300x225.jpg 300w, https:\/\/holidayexcursion.com\/wp-content\/uploads\/2023\/12\/Jet-ski-holiday-excursion-768x576.jpg 768w, https:\/\/holidayexcursion.com\/wp-content\/uploads\/2023\/12\/Jet-ski-holiday-excursion-600x450.jpg 600w, https:\/\/holidayexcursion.com\/wp-content\/uploads\/2023\/12\/Jet-ski-holiday-excursion.jpg 1024w\" sizes=\"auto, (max-width: 300px) 100vw, 300px\" \/><\/p>\n<p style=\"text-align: center;\">Rosn\u0105ca popularno\u015b\u0107 skuter\u00f3w wodnych stworzy\u0142a tak\u017ce spo\u0142eczno\u015b\u0107 pasjonat\u00f3w i entuzjast\u00f3w, kt\u00f3rzy dziel\u0105 si\u0119 swoimi do\u015bwiadczeniami, wiedz\u0105 i wzajemn\u0105 mi\u0142o\u015bci\u0105 do dreszczyku emocji zwi\u0105zanych z jazd\u0105 na falach. Fora internetowe, grupy w mediach spo\u0142eczno\u015bciowych i lokalne kluby zapewniaj\u0105 entuzjastom skuter\u00f3w wodnych platformy do nawi\u0105zywania kontakt\u00f3w, dzielenia si\u0119 wskaz\u00f3wkami i organizowania przeja\u017cd\u017cek grupowych, jeszcze bardziej wzbogacaj\u0105c do\u015bwiadczenia je\u017ad\u017ac\u00f3w na ca\u0142ym \u015bwiecie.<\/p>\n<p style=\"text-align: center;\">Chocia\u017c skutery wodne oferuj\u0105 prze\u017cycie pe\u0142ne adrenaliny, je\u017ad\u017acy musz\u0105 tak\u017ce pami\u0119ta\u0107 o swoim wp\u0142ywie na \u015brodowisko i innych u\u017cytkownik\u00f3w wody. Szacunek dla \u017cycia morskiego, utrzymywanie bezpiecznej odleg\u0142o\u015bci od p\u0142ywak\u00f3w i dzikiej przyrody oraz przestrzeganie lokalnych przepis\u00f3w pomagaj\u0105 mi\u0142o\u015bnikom skuter\u00f3w wodnych cieszy\u0107 si\u0119 swoj\u0105 pasj\u0105 w spos\u00f3b odpowiedzialny i zr\u00f3wnowa\u017cony.<\/p>\n<p style=\"text-align: center;\"><img loading=\"lazy\" decoding=\"async\" class=\"alignnone size-medium wp-image-29846\" src=\"https:\/\/holidayexcursion.com\/wp-content\/uploads\/2023\/12\/jestski-alanya-300x169.jpg\" alt=\"\" width=\"300\" height=\"169\" title=\"\" srcset=\"https:\/\/holidayexcursion.com\/wp-content\/uploads\/2023\/12\/jestski-alanya-300x169.jpg 300w, https:\/\/holidayexcursion.com\/wp-content\/uploads\/2023\/12\/jestski-alanya-1024x576.jpg 1024w, https:\/\/holidayexcursion.com\/wp-content\/uploads\/2023\/12\/jestski-alanya-768x432.jpg 768w, https:\/\/holidayexcursion.com\/wp-content\/uploads\/2023\/12\/jestski-alanya-600x338.jpg 600w, https:\/\/holidayexcursion.com\/wp-content\/uploads\/2023\/12\/jestski-alanya.jpg 1280w\" sizes=\"auto, (max-width: 300px) 100vw, 300px\" \/><\/p>\n<p style=\"text-align: center;\">Podobnie jak w przypadku ka\u017cdej jednostki p\u0142ywaj\u0105cej o wysokich osi\u0105gach, w\u0142a\u015bciwa konserwacja i piel\u0119gnacja s\u0105 niezb\u0119dne, aby zapewni\u0107 trwa\u0142o\u015b\u0107 i bezpiecze\u0144stwo skutera wodnego. Regularne przegl\u0105dy, konserwacja silnika i przestrzeganie wytycznych producenta dotycz\u0105cych obs\u0142ugi i przechowywania maj\u0105 kluczowe znaczenie dla zachowania wydajno\u015bci i niezawodno\u015bci tych dynamicznych jednostek p\u0142ywaj\u0105cych.<\/p>\n<p style=\"text-align: center;\">skutery wodne nadal urzekaj\u0105 entuzjast\u00f3w wody swoimi emocjami zwi\u0105zanymi z du\u017c\u0105 pr\u0119dko\u015bci\u0105, wszechstronno\u015bci\u0105 i dynamicznymi mo\u017cliwo\u015bciami na wodzie. Dzi\u0119ki post\u0119powi technologicznemu, t\u0119tni\u0105cej \u017cyciem spo\u0142eczno\u015bci je\u017ad\u017ac\u00f3w i rosn\u0105cej gamie modeli oferuj\u0105cych r\u00f3\u017cnorodne do\u015bwiadczenia, skutery wodne sta\u0142y si\u0119 ekscytuj\u0105cym i dynamicznym kamieniem w\u0119gielnym kultury sport\u00f3w wodnych. Niezale\u017cnie od tego, czy skaczesz po falach, czy spokojnie eksplorujesz wody przybrze\u017cne, skutery wodne oferuj\u0105 ekscytuj\u0105ce wra\u017cenia je\u017ad\u017acom szukaj\u0105cym przyg\u00f3d na otwartej wodzie.<\/p>\n<p style=\"text-align: center;\"><img loading=\"lazy\" decoding=\"async\" class=\"alignnone size-medium wp-image-29858\" src=\"https:\/\/holidayexcursion.com\/wp-content\/uploads\/2023\/12\/Jet-ski-alanya-holiday-watersports-300x200.webp\" alt=\"\" width=\"300\" height=\"200\" title=\"\" srcset=\"https:\/\/holidayexcursion.com\/wp-content\/uploads\/2023\/12\/Jet-ski-alanya-holiday-watersports-300x200.webp 300w, https:\/\/holidayexcursion.com\/wp-content\/uploads\/2023\/12\/Jet-ski-alanya-holiday-watersports-1024x683.webp 1024w, https:\/\/holidayexcursion.com\/wp-content\/uploads\/2023\/12\/Jet-ski-alanya-holiday-watersports-768x512.webp 768w, https:\/\/holidayexcursion.com\/wp-content\/uploads\/2023\/12\/Jet-ski-alanya-holiday-watersports-1536x1025.webp 1536w, https:\/\/holidayexcursion.com\/wp-content\/uploads\/2023\/12\/Jet-ski-alanya-holiday-watersports-2048x1366.webp 2048w, https:\/\/holidayexcursion.com\/wp-content\/uploads\/2023\/12\/Jet-ski-alanya-holiday-watersports-600x400.webp 600w\" sizes=\"auto, (max-width: 300px) 100vw, 300px\" \/><\/p>\n<p style=\"text-align: center;\">Tworzysz w\u0142asn\u0105 grup\u0119 niezatartego parasailingu na skuterze wodnym na flyboardzie, kt\u00f3r\u0105 b\u0119dziesz wspomina\u0107 ze \u015bmiechem przez ca\u0142e \u017cycie. Obiecujemy tylko, \u017ce zorganizujesz najlepsz\u0105 rozrywk\u0119 zwi\u0105zan\u0105 ze sportami wodnymi w basenie Morza \u015ar\u00f3dziemnego. Przyje\u017cd\u017casz do swoich o\u015brodk\u00f3w wypoczynkowych, ustalasz dzie\u0144 i godzin\u0119, kt\u00f3ra jest odpowiednia dla Twojego urlopu i grupy. Odbieramy Ci\u0119 z miejsca zakwaterowania na potrzeby naszych zaj\u0119\u0107. Koszt transferu 10 \u20ac.<\/p>\n<p style=\"text-align: center;\">Jetski: 60 \u20ac (15 min.)<\/p>\n<p style=\"text-align: center;\">Parasailing: 1 person 60 \u20ac, 2 person 70 \u20ac, 3 person 100 \u20ac (max 200 kilo)<\/p>\n<p style=\"text-align: center;\">(5 km. oko\u0142o 10-15 min.)<\/p>\n<p style=\"text-align: center;\">Banana: 20 \u20ac (5 km.)<\/p>\n<p style=\"text-align: center;\">Flyboard 150 \u20ac<\/p>\n<p style=\"text-align: center;\">Wyst\u0105pi\u0105 r\u00f3\u017cnice cen w zale\u017cno\u015bci od sezonu. W celu uzyskania dok\u0142adnych informacji prosimy o kontakt za po\u015brednictwem aplikacji Whats.<\/p>\n<p style=\"text-align: center;\">\u017byczymy Pa\u0144stwu niezapomnianych wspomnie\u0144 z wakacji w Alanyi w Turcji.<\/p>\n<p style=\"text-align: center;\">Ps: Aby uzyska\u0107 wi\u0119cej informacji, mo\u017cesz r\u00f3wnie\u017c skontaktowa\u0107 si\u0119 przez aplikacj\u0119 Whats lub wiadomo\u015b\u0107.<\/p>\n<p style=\"text-align: center;\">Wakacyjny Zesp\u00f3\u0142 Wycieczkowy,<\/p>\n<p>&nbsp;<\/p>\n<p><iframe loading=\"lazy\" title=\"HOW TO DRIVE A JET SKI FOR A BEGINNER\" width=\"1020\" height=\"574\" src=\"https:\/\/www.youtube.com\/embed\/z5v8CIUDJeE?start=11&#038;feature=oembed\" frameborder=\"0\" allow=\"accelerometer; autoplay; clipboard-write; encrypted-media; gyroscope; picture-in-picture; web-share\" allowfullscreen><\/iframe><\/p>\n<p><iframe loading=\"lazy\" title=\"DON&#039;T DO THIS ON YOUR JETSKI! - 5 Things NOT To Do Your Jet Ski\" width=\"1020\" height=\"574\" src=\"https:\/\/www.youtube.com\/embed\/DFjZSeIkNAA?feature=oembed\" frameborder=\"0\" allow=\"accelerometer; autoplay; clipboard-write; encrypted-media; gyroscope; picture-in-picture; web-share\" allowfullscreen><\/iframe><\/p>\n<p><iframe loading=\"lazy\" title=\"jet ski - crazy water sports\" width=\"1020\" height=\"574\" src=\"https:\/\/www.youtube.com\/embed\/jjlsKJqbiAg?feature=oembed\" frameborder=\"0\" allow=\"accelerometer; autoplay; clipboard-write; encrypted-media; gyroscope; picture-in-picture; web-share\" allowfullscreen><\/iframe><\/p>\n<p style=\"text-align: center;\">\n","protected":false},"excerpt":{"rendered":"<p>JETSK\u0130 Od maja do pa\u017adziernika Obszar sprzeda\u017cy: Alanya, Side, Antalya, Kemer Odkrywanie emocji zwi\u0105zanych ze sportami wodnymi w Alanyi: raj dla poszukiwaczy przyg\u00f3d Jetski, znane r\u00f3wnie\u017c jako osobiste jednostki p\u0142ywaj\u0105ce (PWC), staj\u0105 si\u0119 coraz bardziej popularne w\u015br\u00f3d entuzjast\u00f3w wody poszukuj\u0105cych wysokooktanowych wra\u017ce\u0144 i wodnych przyg\u00f3d. Te eleganckie i mocne jednostki p\u0142ywaj\u0105ce oferuj\u0105 ekscytuj\u0105ce wra\u017cenia na<\/p>\n","protected":false},"featured_media":29885,"comment_status":"open","ping_status":"closed","template":"","meta":[],"product_brand":[],"product_cat":[230],"product_tag":[],"class_list":{"0":"post-29840","1":"product","2":"type-product","3":"status-publish","4":"has-post-thumbnail","6":"product_cat-watersports-pl","8":"first","9":"instock","10":"featured","11":"virtual","12":"sold-individually","13":"purchasable","14":"product-type-booking"},"_links":{"self":[{"href":"https:\/\/holidayexcursion.com\/pl\/wp-json\/wp\/v2\/product\/29840","targetHints":{"allow":["GET"]}}],"collection":[{"href":"https:\/\/holidayexcursion.com\/pl\/wp-json\/wp\/v2\/product"}],"about":[{"href":"https:\/\/holidayexcursion.com\/pl\/wp-json\/wp\/v2\/types\/product"}],"replies":[{"embeddable":true,"href":"https:\/\/holidayexcursion.com\/pl\/wp-json\/wp\/v2\/comments?post=29840"}],"wp:featuredmedia":[{"embeddable":true,"href":"https:\/\/holidayexcursion.com\/pl\/wp-json\/wp\/v2\/media\/29885"}],"wp:attachment":[{"href":"https:\/\/holidayexcursion.com\/pl\/wp-json\/wp\/v2\/media?parent=29840"}],"wp:term":[{"taxonomy":"product_brand","embeddable":true,"href":"https:\/\/holidayexcursion.com\/pl\/wp-json\/wp\/v2\/product_brand?post=29840"},{"taxonomy":"product_cat","embeddable":true,"href":"https:\/\/holidayexcursion.com\/pl\/wp-json\/wp\/v2\/product_cat?post=29840"},{"taxonomy":"product_tag","embeddable":true,"href":"https:\/\/holidayexcursion.com\/pl\/wp-json\/wp\/v2\/product_tag?post=29840"}],"curies":[{"name":"wp","href":"https:\/\/api.w.org\/{rel}","templated":true}]}}