{"id":29913,"date":"2023-12-07T17:44:03","date_gmt":"2023-12-07T14:44:04","guid":{"rendered":"https:\/\/holidayexcursion.com\/?post_type=product&#038;p=29913"},"modified":"2023-12-07T18:28:54","modified_gmt":"2023-12-07T15:28:54","slug":"parasailing","status":"publish","type":"product","link":"https:\/\/holidayexcursion.com\/pl\/tours-in-alanya\/watersports-pl\/parasailing\/","title":{"rendered":"PARASAILING"},"content":{"rendered":"<h2 style=\"text-align: center;\">PARASAILING<\/h2>\n<p>&nbsp;<\/p>\n<p style=\"text-align: center;\">Od maja do pa\u017adziernika Obszar sprzeda\u017cy: <a href=\"https:\/\/en.wikipedia.org\/wiki\/Alanya\" rel=\"nofollow noopener\" target=\"_blank\">Alanya<\/a>, Side, <a href=\"https:\/\/en.wikipedia.org\/wiki\/Antalya\" rel=\"nofollow noopener\" target=\"_blank\">Antalya<\/a>, Kemer<\/p>\n<p style=\"text-align: center;\">Parasailing: ekscytuj\u0105ca podniebna przygoda nad wod\u0105<\/p>\n<p style=\"text-align: center;\">Stel je voor dat je hoog boven de oceaan zweeft, in de lucht zweeft terwijl je wordt voortgetrokken door een krachtig schip beneden. To ekscytuj\u0105ce do\u015bwiadczenie parasailing, sportu wodnego, kt\u00f3ry \u0142\u0105czy w sobie dreszczyk emocji zwi\u0105zany z lotem ze spokojem widok\u00f3w na wod\u0119. Jako jedna z najpopularniejszych i najbardziej urzekaj\u0105cych aktywno\u015bci dla poszukiwaczy przyg\u00f3d i entuzjast\u00f3w wody, parasailing oferuje wyj\u0105tkowe i niezapomniane prze\u017cycie, kt\u00f3re pozwala uczestnikom doceni\u0107 pi\u0119kno nadmorskich krajobraz\u00f3w z nowej, zapieraj\u0105cej dech w piersiach perspektywy.<\/p>\n<p style=\"text-align: center;\">Urzekaj\u0105cy urok parasailing polega na wra\u017ceniu latania, gdy uczestnik jest holowany w g\u00f3r\u0119 przez <a href=\"https:\/\/holidayexcursion.com\/product-category\/watersports\/\">parasailing<\/a>, specjalnie zaprojektowany baldachim przypominaj\u0105cy spadochron. Zwykle zwodowany z \u0142odzi lub innej jednostki p\u0142ywaj\u0105cej, parasail stopniowo wznosi si\u0119 w niebo, zapewniaj\u0105c inspiruj\u0105cy widok na otaczaj\u0105ce wody i wybrze\u017ce. Uczestnicy do\u015bwiadczaj\u0105 mieszanki podniecenia, spokoju i podziwu, gdy unosz\u0105 si\u0119 w powietrzu, patrz\u0105c na malownicz\u0105 sceneri\u0119 poni\u017cej.<\/p>\n<p style=\"text-align: center;\"><img loading=\"lazy\" decoding=\"async\" class=\"alignnone size-medium wp-image-29931\" src=\"https:\/\/holidayexcursion.com\/wp-content\/uploads\/2023\/12\/parasailing-alanya-holiday-excursion-300x300.png\" alt=\"\" width=\"300\" height=\"300\" title=\"\" srcset=\"https:\/\/holidayexcursion.com\/wp-content\/uploads\/2023\/12\/parasailing-alanya-holiday-excursion-300x300.png 300w, https:\/\/holidayexcursion.com\/wp-content\/uploads\/2023\/12\/parasailing-alanya-holiday-excursion-150x150.png 150w, https:\/\/holidayexcursion.com\/wp-content\/uploads\/2023\/12\/parasailing-alanya-holiday-excursion-600x600.png 600w, https:\/\/holidayexcursion.com\/wp-content\/uploads\/2023\/12\/parasailing-alanya-holiday-excursion-100x100.png 100w, https:\/\/holidayexcursion.com\/wp-content\/uploads\/2023\/12\/parasailing-alanya-holiday-excursion.png 750w\" sizes=\"auto, (max-width: 300px) 100vw, 300px\" \/><\/p>\n<p style=\"text-align: center;\">Jednym z najbardziej fascynuj\u0105cych aspekt\u00f3w parasailing jest jego dost\u0119pno\u015b\u0107 dla szerokiego grona os\u00f3b, w tym rodzin, poszukiwaczy mocnych wra\u017ce\u0144 i os\u00f3b poszukuj\u0105cych wyj\u0105tkowych i niezapomnianych wakacji. W przeciwie\u0144stwie do zaj\u0119\u0107 wymagaj\u0105cych intensywnego szkolenia lub sprawno\u015bci fizycznej, parasailing oferuje stosunkowo proste i wygodne do\u015bwiadczenie, pozwalaj\u0105c uczestnikom cieszy\u0107 si\u0119 dreszczem lotu przy minimalnym wysi\u0142ku fizycznym lub specjalistycznych umiej\u0119tno\u015bciach.<\/p>\n<p style=\"text-align: center;\">Bezpiecze\u0144stwo jest kluczowym aspektem <a href=\"https:\/\/en.wikipedia.org\/wiki\/Parasailing\" rel=\"nofollow noopener\" target=\"_blank\">parasailing<\/a>, a operatorzy traktuj\u0105 priorytetowo dobro uczestnik\u00f3w, przestrzegaj\u0105c rygorystycznych norm i wytycznych bezpiecze\u0144stwa. Przed startem uczestnicy otrzymuj\u0105 szczeg\u00f3\u0142owe instrukcje dotycz\u0105ce bezpiecze\u0144stwa i instrukcje od do\u015bwiadczonych specjalist\u00f3w, co zapewnia bezpieczne i przyjemne do\u015bwiadczenie. Dodatkowo wszystkim uczestnikom zapewniamy odpowiedni sprz\u0119t ochronny, w tym uprz\u0119\u017ce i kamizelki ratunkowe. To zaanga\u017cowanie w bezpiecze\u0144stwo budzi zaufanie uczestnik\u00f3w, jednocze\u015bnie pozwalaj\u0105c im w pe\u0142ni cieszy\u0107 si\u0119 rado\u015bci\u0105 z parasailing.<\/p>\n<p style=\"text-align: center;\"><img loading=\"lazy\" decoding=\"async\" class=\"alignnone size-medium wp-image-29925\" src=\"https:\/\/holidayexcursion.com\/wp-content\/uploads\/2023\/12\/parasailing-alanya-holiday-excursion-2-300x200.jpg\" alt=\"\" width=\"300\" height=\"200\" title=\"\" srcset=\"https:\/\/holidayexcursion.com\/wp-content\/uploads\/2023\/12\/parasailing-alanya-holiday-excursion-2-300x200.jpg 300w, https:\/\/holidayexcursion.com\/wp-content\/uploads\/2023\/12\/parasailing-alanya-holiday-excursion-2-600x400.jpg 600w, https:\/\/holidayexcursion.com\/wp-content\/uploads\/2023\/12\/parasailing-alanya-holiday-excursion-2.jpg 724w\" sizes=\"auto, (max-width: 300px) 100vw, 300px\" \/><\/p>\n<p style=\"text-align: center;\">Urok parasailing wykracza poza dreszczyk emocji zwi\u0105zany z lotem. Do\u015bwiadczenie delikatnego szybowania po niebie nad lazurowymi wodami, z rozleg\u0142ymi widokami na wybrze\u017ce i otaczaj\u0105c\u0105 przyrod\u0119, tworzy poczucie spokoju i pogody ducha. Z tego punktu widokowego uczestnicy mog\u0105 podziwia\u0107 pi\u0119kno oceanu, linii brzegowej i naturalnego krajobrazu, co skutkuje g\u0142\u0119bokim i niezapomnianym po\u0142\u0105czeniem z osza\u0142amiaj\u0105cym otoczeniem wok\u00f3\u0142 nich. Parasailing daje uczestnikom niepowtarzaln\u0105 okazj\u0119 docenienia majestatu \u015bwiata przyrody z naprawd\u0119 niezwyk\u0142ej perspektywy.<\/p>\n<p style=\"text-align: center;\">Wszechstronno\u015b\u0107 tego zaj\u0119cia sprawia, \u017ce \u200b\u200bjest to atrakcyjny wyb\u00f3r na r\u00f3\u017cne okazje, w tym rodzinne wakacje, romantyczne wypady i przygody grupowe. Parasailing to idealny spos\u00f3b na urozmaicenie wycieczki na pla\u017c\u0119, oferuj\u0105cy niezwyk\u0142e wra\u017cenia, kt\u00f3re pozostawiaj\u0105 niezapomniane wspomnienia uczestnikom w ka\u017cdym wieku. Niezale\u017cnie od tego, czy bawisz si\u0119 solo, z partnerem, czy w grupie, wsp\u00f3lna rado\u015b\u0107 i panoramiczne widoki tworz\u0105 niezapomniane prze\u017cycie, kt\u00f3re jednoczy ludzi i sprzyja poczuciu zachwytu i podekscytowania.<\/p>\n<p style=\"text-align: center;\"><img loading=\"lazy\" decoding=\"async\" class=\"alignnone size-medium wp-image-29937\" src=\"https:\/\/holidayexcursion.com\/wp-content\/uploads\/2023\/12\/parasailing-boat-alanya-300x200.jpg\" alt=\"\" width=\"300\" height=\"200\" title=\"\" srcset=\"https:\/\/holidayexcursion.com\/wp-content\/uploads\/2023\/12\/parasailing-boat-alanya-300x200.jpg 300w, https:\/\/holidayexcursion.com\/wp-content\/uploads\/2023\/12\/parasailing-boat-alanya-1024x683.jpg 1024w, https:\/\/holidayexcursion.com\/wp-content\/uploads\/2023\/12\/parasailing-boat-alanya-768x512.jpg 768w, https:\/\/holidayexcursion.com\/wp-content\/uploads\/2023\/12\/parasailing-boat-alanya-1536x1024.jpg 1536w, https:\/\/holidayexcursion.com\/wp-content\/uploads\/2023\/12\/parasailing-boat-alanya-600x400.jpg 600w, https:\/\/holidayexcursion.com\/wp-content\/uploads\/2023\/12\/parasailing-boat-alanya.jpg 1620w\" sizes=\"auto, (max-width: 300px) 100vw, 300px\" \/><\/p>\n<p style=\"text-align: center;\">Parasailing sta\u0142 si\u0119 integraln\u0105 cz\u0119\u015bci\u0105 oferty rekreacyjnej w wielu nadmorskich miejscowo\u015bciach, przyci\u0105gaj\u0105c turyst\u00f3w poszukuj\u0105cych ekscytuj\u0105cej i niezapomnianej przygody. O\u015brodki nadmorskie, operatorzy sport\u00f3w wodnych i firmy turystyczne cz\u0119sto oferuj\u0105 parasailing jako g\u0142\u00f3wn\u0105 atrakcj\u0105 swoich zaj\u0119\u0107 rekreacyjnych, zapewniaj\u0105c uczestnikom mo\u017cliwo\u015b\u0107 poznania zapieraj\u0105cego dech w piersiach pi\u0119kna wybrze\u017ca z innej perspektywy. Ta powszechna dost\u0119pno\u015b\u0107 gwarantuje, \u017ce ekscytuj\u0105ce przygody na parasailing b\u0119d\u0105 w zasi\u0119gu r\u0119ki podr\u00f3\u017cnych, kt\u00f3rzy chc\u0105 doda\u0107 odrobin\u0119 emocji do swoich wakacji na pla\u017cy.<\/p>\n<p style=\"text-align: center;\">Tworzysz w\u0142asn\u0105 grup\u0119 niezatartego parasailing na skuterze wodnym na flyboardzie, kt\u00f3r\u0105 b\u0119dziesz wspomina\u0107 ze \u015bmiechem przez ca\u0142e \u017cycie. Obiecujemy tylko, \u017ce zorganizujesz najlepsz\u0105 rozrywk\u0119 zwi\u0105zan\u0105 ze sportami wodnymi w basenie Morza \u015ar\u00f3dziemnego. Przyje\u017cd\u017casz do swoich o\u015brodk\u00f3w wypoczynkowych, ustalasz dzie\u0144 i godzin\u0119, kt\u00f3ra jest odpowiednia dla Twojego urlopu i grupy. Odbieramy Ci\u0119 z miejsca zakwaterowania na potrzeby naszych zaj\u0119\u0107.<\/p>\n<p style=\"text-align: center;\"><img loading=\"lazy\" decoding=\"async\" class=\"alignnone size-medium wp-image-29919\" src=\"https:\/\/holidayexcursion.com\/wp-content\/uploads\/2023\/12\/alanya-parasailing_Watersports_-300x225.jpg\" alt=\"\" width=\"300\" height=\"225\" title=\"\" srcset=\"https:\/\/holidayexcursion.com\/wp-content\/uploads\/2023\/12\/alanya-parasailing_Watersports_-300x225.jpg 300w, https:\/\/holidayexcursion.com\/wp-content\/uploads\/2023\/12\/alanya-parasailing_Watersports_-1024x769.jpg 1024w, https:\/\/holidayexcursion.com\/wp-content\/uploads\/2023\/12\/alanya-parasailing_Watersports_-768x576.jpg 768w, https:\/\/holidayexcursion.com\/wp-content\/uploads\/2023\/12\/alanya-parasailing_Watersports_-1536x1153.jpg 1536w, https:\/\/holidayexcursion.com\/wp-content\/uploads\/2023\/12\/alanya-parasailing_Watersports_-600x450.jpg 600w, https:\/\/holidayexcursion.com\/wp-content\/uploads\/2023\/12\/alanya-parasailing_Watersports_.jpg 1912w\" sizes=\"auto, (max-width: 300px) 100vw, 300px\" \/><\/p>\n<p style=\"text-align: center;\">Koszt transferu 10 \u20ac.<\/p>\n<p style=\"text-align: center;\">Jetski: 60 \u20ac (15 min.)<\/p>\n<p style=\"text-align: center;\">Parasailing: 1 person 60 \u20ac, 2 person 70 \u20ac, 3 person 100 \u20ac (max 200 kilo)<\/p>\n<p style=\"text-align: center;\">(5 km. oko\u0142o 10-15 min.)<\/p>\n<p style=\"text-align: center;\">Banana: 20 \u20ac (5 km.)<\/p>\n<p style=\"text-align: center;\">Flyboard 150 \u20ac<\/p>\n<p style=\"text-align: center;\">Wyst\u0105pi\u0105 r\u00f3\u017cnice cen w zale\u017cno\u015bci od sezonu. W celu uzyskania dok\u0142adnych informacji prosimy o kontakt za po\u015brednictwem aplikacji Whats.<\/p>\n<p style=\"text-align: center;\">\u017byczymy Pa\u0144stwu niezapomnianych wspomnie\u0144 z wakacji w Alanyi w Turcji.<\/p>\n<p style=\"text-align: center;\">Ps: Aby uzyska\u0107 wi\u0119cej informacji, mo\u017cesz r\u00f3wnie\u017c skontaktowa\u0107 si\u0119 przez aplikacj\u0119 Whats lub wiadomo\u015b\u0107.<\/p>\n<p style=\"text-align: center;\">Wakacyjny Zesp\u00f3\u0142 Wycieczkowy,<\/p>\n<p><iframe loading=\"lazy\" title=\"Parasailing adventure in Side, Turkey in 4K\" width=\"1020\" height=\"574\" src=\"https:\/\/www.youtube.com\/embed\/9k-u4-0GrW4?start=233&#038;feature=oembed\" frameborder=\"0\" allow=\"accelerometer; autoplay; clipboard-write; encrypted-media; gyroscope; picture-in-picture; web-share\" allowfullscreen><\/iframe><\/p>\n<p><iframe loading=\"lazy\" title=\"Water Sports in Antalya Turkey Where Is Cheap Best Places Centre Beach Sea Complex Prices Antalya\" width=\"1020\" height=\"574\" src=\"https:\/\/www.youtube.com\/embed\/-uR0UybHDLM?feature=oembed\" frameborder=\"0\" allow=\"accelerometer; autoplay; clipboard-write; encrypted-media; gyroscope; picture-in-picture; web-share\" allowfullscreen><\/iframe><\/p>\n<p><iframe loading=\"lazy\" title=\"First Time Parasailing!!!\" width=\"1020\" height=\"574\" src=\"https:\/\/www.youtube.com\/embed\/sg4lggxuqWo?feature=oembed\" frameborder=\"0\" allow=\"accelerometer; autoplay; clipboard-write; encrypted-media; gyroscope; picture-in-picture; web-share\" allowfullscreen><\/iframe><\/p>\n<p style=\"text-align: center;\">\n","protected":false},"excerpt":{"rendered":"<p>PARASAILING &nbsp; Od maja do pa\u017adziernika Obszar sprzeda\u017cy: Alanya, Side, Antalya, Kemer Parasailing: ekscytuj\u0105ca podniebna przygoda nad wod\u0105 Stel je voor dat je hoog boven de oceaan zweeft, in de lucht zweeft terwijl je wordt voortgetrokken door een krachtig schip beneden. To ekscytuj\u0105ce do\u015bwiadczenie parasailing, sportu wodnego, kt\u00f3ry \u0142\u0105czy w sobie dreszczyk emocji zwi\u0105zany z<\/p>\n","protected":false},"featured_media":29946,"comment_status":"open","ping_status":"closed","template":"","meta":[],"product_brand":[],"product_cat":[230],"product_tag":[],"class_list":{"0":"post-29913","1":"product","2":"type-product","3":"status-publish","4":"has-post-thumbnail","6":"product_cat-watersports-pl","8":"first","9":"instock","10":"featured","11":"virtual","12":"sold-individually","13":"purchasable","14":"product-type-booking"},"_links":{"self":[{"href":"https:\/\/holidayexcursion.com\/pl\/wp-json\/wp\/v2\/product\/29913","targetHints":{"allow":["GET"]}}],"collection":[{"href":"https:\/\/holidayexcursion.com\/pl\/wp-json\/wp\/v2\/product"}],"about":[{"href":"https:\/\/holidayexcursion.com\/pl\/wp-json\/wp\/v2\/types\/product"}],"replies":[{"embeddable":true,"href":"https:\/\/holidayexcursion.com\/pl\/wp-json\/wp\/v2\/comments?post=29913"}],"wp:featuredmedia":[{"embeddable":true,"href":"https:\/\/holidayexcursion.com\/pl\/wp-json\/wp\/v2\/media\/29946"}],"wp:attachment":[{"href":"https:\/\/holidayexcursion.com\/pl\/wp-json\/wp\/v2\/media?parent=29913"}],"wp:term":[{"taxonomy":"product_brand","embeddable":true,"href":"https:\/\/holidayexcursion.com\/pl\/wp-json\/wp\/v2\/product_brand?post=29913"},{"taxonomy":"product_cat","embeddable":true,"href":"https:\/\/holidayexcursion.com\/pl\/wp-json\/wp\/v2\/product_cat?post=29913"},{"taxonomy":"product_tag","embeddable":true,"href":"https:\/\/holidayexcursion.com\/pl\/wp-json\/wp\/v2\/product_tag?post=29913"}],"curies":[{"name":"wp","href":"https:\/\/api.w.org\/{rel}","templated":true}]}}