{"id":29965,"date":"2023-12-07T21:49:05","date_gmt":"2023-12-07T18:49:07","guid":{"rendered":"https:\/\/holidayexcursion.com\/?post_type=product&#038;p=29965"},"modified":"2023-12-07T23:48:04","modified_gmt":"2023-12-07T20:48:04","slug":"narciarstwo-wodne","status":"publish","type":"product","link":"https:\/\/holidayexcursion.com\/pl\/tours-in-alanya\/watersports-pl\/narciarstwo-wodne\/","title":{"rendered":"Narciarstwo wodne"},"content":{"rendered":"<h2 style=\"text-align: center;\">NARCIARSTWO WODNE<\/h2>\n<p style=\"text-align: center;\">Od maja do pa\u017adziernika Obszar sprzeda\u017cy: <a href=\"https:\/\/en.wikipedia.org\/wiki\/Alanya\" rel=\"nofollow noopener\" target=\"_blank\">Alanya<\/a>, Side, <a href=\"https:\/\/en.wikipedia.org\/wiki\/Antalya\" rel=\"nofollow noopener\" target=\"_blank\">Antalya<\/a>, Kemer<\/p>\n<p style=\"text-align: center;\">Narty wodne: szybowanie przez ekscytuj\u0105ce przygody wodne<\/p>\n<p style=\"text-align: center;\">Narty wodne to ponadczasowy symbol wodnych wra\u017ce\u0144, zach\u0119caj\u0105cy entuzjast\u00f3w do przemierzania l\u015bni\u0105cych w\u00f3d z niezr\u00f3wnan\u0105 gracj\u0105 i rozkosz\u0105 nap\u0119dzan\u0105 adrenalin\u0105. Ten wci\u0105gaj\u0105cy i szybki sport wodny p\u0142ynnie \u0142\u0105czy dreszczyk pr\u0119dko\u015bci ze spokojem widok\u00f3w na wybrze\u017ce lub jezioro, urzekaj\u0105c uczestnik\u00f3w w ka\u017cdym wieku i na ka\u017cdym poziomie umiej\u0119tno\u015bci. Zag\u0142\u0119biamy si\u0119 w urzekaj\u0105cy urok, sprawno\u015b\u0107 techniczn\u0105 i esencj\u0119 wsp\u00f3lnoty, kt\u00f3ra definiuje narty wodne, podkre\u015blaj\u0105c jego trwa\u0142e dziedzictwo jako kwintesencj\u0119 zaj\u0119\u0107 wodnych.<\/p>\n<p style=\"text-align: center;\">W sercu narciarstwa wodnego le\u017cy niezachwiane poczucie przygody, poniewa\u017c uczestnicy wykorzystuj\u0105 si\u0142\u0119 szybko\u015bci i precyzji, aby przebi\u0107 si\u0119 przez powierzchni\u0119 wody. Sam po\u015bpiech towarzysz\u0105cy holowaniu za <a href=\"https:\/\/holidayexcursion.com\/tours-in-alanya\/tours\/boat\/\">\u0142odzi\u0105<\/a>, nap\u0119dzanemu przez poci\u0105gni\u0119cie napi\u0119tej liny, nadaje temu do\u015bwiadczeniu elektryzuj\u0105ce poczucie wolno\u015bci i dynamizmu. Niezale\u017cnie od tego, czy wykonujesz p\u0142ynne zwroty, ekscytuj\u0105ce skoki, czy opanowujesz biegi slalomowe, narty wodne oferuj\u0105 niezr\u00f3wnan\u0105 synergi\u0119 atletyzmu i sympatii do wody, piel\u0119gnuj\u0105c ducha kole\u017ce\u0144stwa poszukuj\u0105cego dreszczyku emocji w\u015br\u00f3d uczestnik\u00f3w.<\/p>\n<p style=\"text-align: center;\"><img loading=\"lazy\" decoding=\"async\" class=\"alignnone size-medium wp-image-29977\" src=\"https:\/\/holidayexcursion.com\/wp-content\/uploads\/2023\/12\/Alanya-water-skiing-300x200.jpg\" alt=\"\" width=\"300\" height=\"200\" title=\"\" srcset=\"https:\/\/holidayexcursion.com\/wp-content\/uploads\/2023\/12\/Alanya-water-skiing-300x200.jpg 300w, https:\/\/holidayexcursion.com\/wp-content\/uploads\/2023\/12\/Alanya-water-skiing-600x399.jpg 600w, https:\/\/holidayexcursion.com\/wp-content\/uploads\/2023\/12\/Alanya-water-skiing.jpg 646w\" sizes=\"auto, (max-width: 300px) 100vw, 300px\" \/><\/p>\n<p style=\"text-align: center;\">Urok jazdy na nartach wodnych wykracza poza przyp\u0142yw adrenaliny, poniewa\u017c zach\u0119ca uczestnik\u00f3w do nawi\u0105zania g\u0142\u0119boko zakorzenionego po\u0142\u0105czenia z naturalnym otoczeniem wodnym. Niezale\u017cnie od tego, czy \u017cegluj\u0105 po krystalicznie czystych jeziorach, idyllicznych rzekach czy po obszarach przybrze\u017cnych, narciarze maj\u0105 dost\u0119p do zapieraj\u0105cej dech w piersiach scenerii, w kt\u00f3rej po\u0142yskuj\u0105ca przestrze\u0144 wody i otaczaj\u0105ce j\u0105 krajobrazy stanowi\u0105 urzekaj\u0105ce t\u0142o dla ich dynamicznych zaj\u0119\u0107. To harmonijne po\u0142\u0105czenie aktywno\u015bci fizycznej i naturalnego splendoru daje poczucie spokoju i zachwytu, sprzyjaj\u0105c g\u0142\u0119bokiemu docenieniu malowniczych \u015brodowisk, kt\u00f3re zdobi\u0105 mi\u0142o\u015bnicy nart wodnych.<\/p>\n<p style=\"text-align: center;\">W spo\u0142eczno\u015bci narciarstwa wodnego zakorzenione jest niezachwiane zaanga\u017cowanie w bezpiecze\u0144stwo i odpowiedzialne praktyki. Rygorystyczne przestrzeganie protoko\u0142\u00f3w bezpiecze\u0144stwa, w tym noszenie dobrze dopasowanych kamizelek ratunkowych, znajomo\u015b\u0107 przepis\u00f3w \u017ceglarskich i wszechstronne instrukcje, zapewniaj\u0105, \u017ce uczestnicy anga\u017cuj\u0105 si\u0119 w t\u0119 ekscytuj\u0105c\u0105 wypraw\u0119 z najwy\u017cszym szacunkiem dla w\u0142asnego dobrego samopoczucia i bezpiecze\u0144stwa innych. To sumienne podej\u015bcie stanowi podstaw\u0119 kultury szacunku i gotowo\u015bci w spo\u0142eczno\u015bci narciarzy wodnych, stawiaj\u0105c na pierwszym miejscu rado\u015b\u0107 z uprawiania sportu, jednocze\u015bnie chroni\u0105c przed mo\u017cliwymi do unikni\u0119cia zagro\u017ceniami.<\/p>\n<p style=\"text-align: center;\"><img loading=\"lazy\" decoding=\"async\" class=\"size-medium wp-image-29995\" src=\"https:\/\/holidayexcursion.com\/wp-content\/uploads\/2023\/12\/water-skiing-Alanya-1-300x200.jpg\" alt=\"\" width=\"300\" height=\"200\" title=\"\" srcset=\"https:\/\/holidayexcursion.com\/wp-content\/uploads\/2023\/12\/water-skiing-Alanya-1-300x200.jpg 300w, https:\/\/holidayexcursion.com\/wp-content\/uploads\/2023\/12\/water-skiing-Alanya-1-600x400.jpg 600w, https:\/\/holidayexcursion.com\/wp-content\/uploads\/2023\/12\/water-skiing-Alanya-1.jpg 612w\" sizes=\"auto, (max-width: 300px) 100vw, 300px\" \/><\/p>\n<p style=\"text-align: center;\">Narciarstwo wodne pozostaje zaj\u0119ciem w\u0142\u0105czaj\u0105cym, zapraszaj\u0105cym nowicjuszy, weteran\u00f3w i rodziny do wzi\u0119cia udzia\u0142u w orze\u017awiaj\u0105cych zaj\u0119ciach. Niezale\u017cnie od tego, czy szybujesz po powierzchni wody po raz pierwszy, czy udoskonalasz specjalistyczne techniki, narty wodne stanowi\u0105 przyst\u0119pn\u0105 drog\u0119 dla ka\u017cdego, kto mo\u017ce rozkoszowa\u0107 si\u0119 rado\u015bci\u0105 wodnej przygody. Poczucie spe\u0142nienia i kole\u017ce\u0144stwo piel\u0119gnowane w tej t\u0119tni\u0105cej \u017cyciem spo\u0142eczno\u015bci podkre\u015blaj\u0105 zdolno\u015b\u0107 tego sportu do jednoczenia jednostek we wsp\u00f3lnym zami\u0142owaniu do szybko\u015bci, umiej\u0119tno\u015bci i czystego dreszczyku emocji, jaki daje \u015blizganie si\u0119 po wodzie.<\/p>\n<p style=\"text-align: center;\">Bieg\u0142o\u015b\u0107 techniczna wymagana do osi\u0105gni\u0119cia doskona\u0142o\u015bci w narciarstwie wodnym obejmuje po\u0142\u0105czenie r\u00f3wnowagi, precyzji i mistrzostwa w dynamice jednostki p\u0142ywaj\u0105cej. Od eleganckiego wykonywania slalom\u00f3w po wznios\u0142e akrobacje skok\u00f3w po wakeboardzie, uczestnicy s\u0105 zach\u0119cani do doskonalenia swoich umiej\u0119tno\u015bci, udoskonalania technik i nieustannego d\u0105\u017cenia do doskonalenia swoich umiej\u0119tno\u015bci na wodzie. To ci\u0105g\u0142e po\u015bwi\u0119cenie si\u0119 mistrzostwu odzwierciedla niezachwianego ducha post\u0119pu, kt\u00f3ry nap\u0119dza nieograniczone zaanga\u017cowanie i pasj\u0119 spo\u0142eczno\u015bci narciarstwa wodnego do tego sportu.<\/p>\n<p style=\"text-align: center;\"><img loading=\"lazy\" decoding=\"async\" class=\"alignnone size-medium wp-image-29989\" src=\"https:\/\/holidayexcursion.com\/wp-content\/uploads\/2023\/12\/Water-skii-alanya-300x200.jpg\" alt=\"\" width=\"300\" height=\"200\" title=\"\" srcset=\"https:\/\/holidayexcursion.com\/wp-content\/uploads\/2023\/12\/Water-skii-alanya-300x200.jpg 300w, https:\/\/holidayexcursion.com\/wp-content\/uploads\/2023\/12\/Water-skii-alanya-1024x681.jpg 1024w, https:\/\/holidayexcursion.com\/wp-content\/uploads\/2023\/12\/Water-skii-alanya-768x511.jpg 768w, https:\/\/holidayexcursion.com\/wp-content\/uploads\/2023\/12\/Water-skii-alanya-600x399.jpg 600w, https:\/\/holidayexcursion.com\/wp-content\/uploads\/2023\/12\/Water-skii-alanya.jpg 1200w\" sizes=\"auto, (max-width: 300px) 100vw, 300px\" \/><\/p>\n<p style=\"text-align: center;\">Opr\u00f3cz aspekt\u00f3w rekreacyjnych, narty wodne maj\u0105 tak\u017ce wymiar rywalizacji, czego przyk\u0142adem s\u0105 zorganizowane wydarzenia, turnieje i mistrzostwa, kt\u00f3re podkre\u015blaj\u0105 atletyzm, kunszt i prac\u0119 zespo\u0142ow\u0105 nieod\u0142\u0105cznie zwi\u0105zane z tym sportem. Te porywaj\u0105ce spotkania sprzyjaj\u0105 atmosferze kole\u017ce\u0144stwa i wzajemnego wsparcia, wzmacniaj\u0105c zbiorowe d\u0105\u017cenie spo\u0142eczno\u015bci do doskonalenia i podnosz\u0105c widowisko narciarstwa wodnego na nowy poziom umiej\u0119tno\u015bci i rozrywki.<\/p>\n<p style=\"text-align: center;\">Bez w\u0105tpienia odrodzenie si\u0119 narciarstwa wodnego w nowoczesnych lokalizacjach przy pla\u017cy, w o\u015brodkach nad jeziorem i w enklawach wypoczynkowych podkre\u015bla trwa\u0142y rezonans kulturowy i atrakcyjno\u015b\u0107 tego sportul. Wyposa\u017cone w t\u0119tni\u0105ce \u017cyciem obiekty do jazdy na nartach wodnych, wypo\u017cyczalnie i programy instrukta\u017cowe, te lokalizacje stanowi\u0105 idylliczne t\u0142o zar\u00f3wno dla do\u015bwiadczonych wielbicieli, jak i nowicjuszy, kt\u00f3rzy mog\u0105 rozkoszowa\u0107 si\u0119 r\u00f3\u017cnorodn\u0105 ofert\u0105 tego sportu. Jednocz\u0105c entuzjast\u00f3w nart wodnych we wsp\u00f3lnym zami\u0142owaniu do wodnych przyg\u00f3d, te miejsca sprzyjaj\u0105 trwa\u0142ym powi\u0105zaniom i niezapomnianym prze\u017cyciom w\u015br\u00f3d uczestnik\u00f3w.<\/p>\n<p><img loading=\"lazy\" decoding=\"async\" class=\"size-medium wp-image-29971 aligncenter\" src=\"https:\/\/holidayexcursion.com\/wp-content\/uploads\/2023\/12\/Alanya-water-skii-300x300.jpg\" alt=\"\" width=\"300\" height=\"300\" title=\"\" srcset=\"https:\/\/holidayexcursion.com\/wp-content\/uploads\/2023\/12\/Alanya-water-skii-300x300.jpg 300w, https:\/\/holidayexcursion.com\/wp-content\/uploads\/2023\/12\/Alanya-water-skii-150x150.jpg 150w, https:\/\/holidayexcursion.com\/wp-content\/uploads\/2023\/12\/Alanya-water-skii-600x600.jpg 600w, https:\/\/holidayexcursion.com\/wp-content\/uploads\/2023\/12\/Alanya-water-skii-100x100.jpg 100w, https:\/\/holidayexcursion.com\/wp-content\/uploads\/2023\/12\/Alanya-water-skii.jpg 640w\" sizes=\"auto, (max-width: 300px) 100vw, 300px\" \/><\/p>\n<p style=\"text-align: center;\">Narty wodne to trwa\u0142y pomnik wodnych przyg\u00f3d, \u0142\u0105cz\u0105cy pr\u0119dko\u015b\u0107, umiej\u0119tno\u015bci i naturalny blask w urzekaj\u0105cej pogoni, kt\u00f3ra przemawia do entuzjast\u00f3w o r\u00f3\u017cnym pochodzeniu i aspiracjach. Jego dziedzictwo jako cenionej jazdy na wodzie trwa, potwierdzone przez nieustaj\u0105c\u0105 hulank\u0119 i rado\u015b\u0107 narciarzy, kt\u00f3rzy pokonuj\u0105 powierzchni\u0119 wody, poddaj\u0105c si\u0119 ponadczasowemu urokowi szybko\u015bci, umiej\u0119tno\u015bci i czystej przyjemno\u015bci p\u0142yn\u0105cej z ekscytuj\u0105cego u\u015bcisku nart wodnych.<\/p>\n<p style=\"text-align: center;\">Tworzysz w\u0142asn\u0105 grup\u0119 niezatartego parasailingu na skuterze wodnym na flyboardzie, kt\u00f3r\u0105 b\u0119dziesz wspomina\u0107 ze \u015bmiechem przez ca\u0142e \u017cycie. Obiecujemy tylko, \u017ce zorganizujesz najlepsz\u0105 rozrywk\u0119 zwi\u0105zan\u0105 ze sportami wodnymi w basenie Morza \u015ar\u00f3dziemnego. Przyje\u017cd\u017casz do swoich o\u015brodk\u00f3w wypoczynkowych, ustalasz dzie\u0144 i godzin\u0119, kt\u00f3ra jest odpowiednia dla Twojego urlopu i grupy. Odbieramy Ci\u0119 z miejsca zakwaterowania na potrzeby naszych zaj\u0119\u0107.<\/p>\n<p style=\"text-align: center;\"><img loading=\"lazy\" decoding=\"async\" class=\"alignnone size-medium wp-image-30007\" src=\"https:\/\/holidayexcursion.com\/wp-content\/uploads\/2023\/12\/Watersports-alanya-water-skii-300x200.jpg\" alt=\"\" width=\"300\" height=\"200\" title=\"\" srcset=\"https:\/\/holidayexcursion.com\/wp-content\/uploads\/2023\/12\/Watersports-alanya-water-skii-300x200.jpg 300w, https:\/\/holidayexcursion.com\/wp-content\/uploads\/2023\/12\/Watersports-alanya-water-skii-1024x683.jpg 1024w, https:\/\/holidayexcursion.com\/wp-content\/uploads\/2023\/12\/Watersports-alanya-water-skii-768x512.jpg 768w, https:\/\/holidayexcursion.com\/wp-content\/uploads\/2023\/12\/Watersports-alanya-water-skii-600x400.jpg 600w, https:\/\/holidayexcursion.com\/wp-content\/uploads\/2023\/12\/Watersports-alanya-water-skii.jpg 1280w\" sizes=\"auto, (max-width: 300px) 100vw, 300px\" \/><\/p>\n<p style=\"text-align: center;\">Koszt transferu 10 \u20ac.<\/p>\n<p style=\"text-align: center;\">Jetski: 60 \u20ac (15 min.)<\/p>\n<p style=\"text-align: center;\">Parasailing: 1 person 60 \u20ac, 2 person 70 \u20ac, 3 person 100 \u20ac (max 200 kilo)<\/p>\n<p style=\"text-align: center;\">(5 km. oko\u0142o 10-15 min.)<\/p>\n<p style=\"text-align: center;\">Banana: 20 \u20ac (5 km.)<\/p>\n<p style=\"text-align: center;\">Flyboard 150 \u20ac<\/p>\n<p style=\"text-align: center;\">Wyst\u0105pi\u0105 r\u00f3\u017cnice cen w zale\u017cno\u015bci od sezonu. W celu uzyskania dok\u0142adnych informacji prosimy o kontakt za po\u015brednictwem aplikacji Whats.<\/p>\n<p style=\"text-align: center;\">\u017byczymy Pa\u0144stwu niezapomnianych wspomnie\u0144 z wakacji w Alanyi w Turcji.<\/p>\n<p style=\"text-align: center;\">Ps: Aby uzyska\u0107 wi\u0119cej informacji, mo\u017cesz r\u00f3wnie\u017c skontaktowa\u0107 si\u0119 przez aplikacj\u0119 Whats lub wiadomo\u015b\u0107.<\/p>\n<p style=\"text-align: center;\">Wakacyjny Zesp\u00f3\u0142 Wycieczkowy,<\/p>\n<p><iframe loading=\"lazy\" title=\"How to Water Ski for Beginners\" width=\"1020\" height=\"574\" src=\"https:\/\/www.youtube.com\/embed\/_Jg25zgh_TE?feature=oembed\" frameborder=\"0\" allow=\"accelerometer; autoplay; clipboard-write; encrypted-media; gyroscope; picture-in-picture; web-share\" allowfullscreen><\/iframe><\/p>\n<p><iframe loading=\"lazy\" title=\"GoPro Awards: Slalom Waterskiing on Perfect Glass\" width=\"1020\" height=\"574\" src=\"https:\/\/www.youtube.com\/embed\/T8WUmbzo3Zk?feature=oembed\" frameborder=\"0\" allow=\"accelerometer; autoplay; clipboard-write; encrypted-media; gyroscope; picture-in-picture; web-share\" allowfullscreen><\/iframe><\/p>\n<p><iframe loading=\"lazy\" title=\"Water Ski Basics For Beginners\" width=\"1020\" height=\"574\" src=\"https:\/\/www.youtube.com\/embed\/JoQywfQ6B-8?feature=oembed\" frameborder=\"0\" allow=\"accelerometer; autoplay; clipboard-write; encrypted-media; gyroscope; picture-in-picture; web-share\" allowfullscreen><\/iframe><\/p>\n<p style=\"text-align: center;\">\n","protected":false},"excerpt":{"rendered":"<p>NARCIARSTWO WODNE Od maja do pa\u017adziernika Obszar sprzeda\u017cy: Alanya, Side, Antalya, Kemer Narty wodne: szybowanie przez ekscytuj\u0105ce przygody wodne Narty wodne to ponadczasowy symbol wodnych wra\u017ce\u0144, zach\u0119caj\u0105cy entuzjast\u00f3w do przemierzania l\u015bni\u0105cych w\u00f3d z niezr\u00f3wnan\u0105 gracj\u0105 i rozkosz\u0105 nap\u0119dzan\u0105 adrenalin\u0105. Ten wci\u0105gaj\u0105cy i szybki sport wodny p\u0142ynnie \u0142\u0105czy dreszczyk pr\u0119dko\u015bci ze spokojem widok\u00f3w na wybrze\u017ce lub<\/p>\n","protected":false},"featured_media":29980,"comment_status":"open","ping_status":"closed","template":"","meta":[],"product_brand":[],"product_cat":[230],"product_tag":[],"class_list":{"0":"post-29965","1":"product","2":"type-product","3":"status-publish","4":"has-post-thumbnail","6":"product_cat-watersports-pl","8":"first","9":"instock","10":"featured","11":"virtual","12":"sold-individually","13":"purchasable","14":"product-type-booking"},"_links":{"self":[{"href":"https:\/\/holidayexcursion.com\/pl\/wp-json\/wp\/v2\/product\/29965","targetHints":{"allow":["GET"]}}],"collection":[{"href":"https:\/\/holidayexcursion.com\/pl\/wp-json\/wp\/v2\/product"}],"about":[{"href":"https:\/\/holidayexcursion.com\/pl\/wp-json\/wp\/v2\/types\/product"}],"replies":[{"embeddable":true,"href":"https:\/\/holidayexcursion.com\/pl\/wp-json\/wp\/v2\/comments?post=29965"}],"wp:featuredmedia":[{"embeddable":true,"href":"https:\/\/holidayexcursion.com\/pl\/wp-json\/wp\/v2\/media\/29980"}],"wp:attachment":[{"href":"https:\/\/holidayexcursion.com\/pl\/wp-json\/wp\/v2\/media?parent=29965"}],"wp:term":[{"taxonomy":"product_brand","embeddable":true,"href":"https:\/\/holidayexcursion.com\/pl\/wp-json\/wp\/v2\/product_brand?post=29965"},{"taxonomy":"product_cat","embeddable":true,"href":"https:\/\/holidayexcursion.com\/pl\/wp-json\/wp\/v2\/product_cat?post=29965"},{"taxonomy":"product_tag","embeddable":true,"href":"https:\/\/holidayexcursion.com\/pl\/wp-json\/wp\/v2\/product_tag?post=29965"}],"curies":[{"name":"wp","href":"https:\/\/api.w.org\/{rel}","templated":true}]}}