{"id":30023,"date":"2023-12-08T12:39:49","date_gmt":"2023-12-08T09:39:50","guid":{"rendered":"https:\/\/holidayexcursion.com\/?post_type=product&#038;p=30023"},"modified":"2023-12-08T23:07:43","modified_gmt":"2023-12-08T20:07:43","slug":"kanion-tazi","status":"publish","type":"product","link":"https:\/\/holidayexcursion.com\/pl\/tours-in-alanya\/wycieczki\/kanion-tazi\/","title":{"rendered":"KANION TAZI"},"content":{"rendered":"<h2 style=\"font-weight: 400; text-align: center;\">KANION TAZI<\/h2>\n<p style=\"text-align: center;\">Kanion Taz\u0131: ekscytuj\u0105ca przygoda raftingowa w Turcji<\/p>\n<p style=\"text-align: center;\">Kanion Taz\u0131, znany r\u00f3wnie\u017c jako \u201eDolina Wilk\u00f3w\u201d, to spektakularny cud natury po\u0142o\u017cony w prowincji <a href=\"https:\/\/en.wikipedia.org\/wiki\/Antalya\" rel=\"nofollow noopener\" target=\"_blank\">Antalya<\/a> w po\u0142udniowej Turcji. Ten zapieraj\u0105cy dech w piersiach kanion Taz\u0131 oferuje sp\u0142ywy adrenalin\u0105 w\u015br\u00f3d osza\u0142amiaj\u0105cej przyrody, co czyni go najlepszym miejscem zar\u00f3wno dla poszukiwaczy przyg\u00f3d, jak i mi\u0142o\u015bnik\u00f3w przyrody.<\/p>\n<p style=\"text-align: center;\">Nazwa kanionu Taz\u0131 Kanyonu pochodzi od tureckiego s\u0142owa \u201eTaz\u0131\u201d, kt\u00f3re oznacza \u201epies my\u015bliwski\u201d lub \u201eogar\u201d. M\u00f3wi si\u0119, \u017ce nazwa pochodzi od legendy o nieustraszonym psie, kt\u00f3ry pewnego razu przeskoczy\u0142 kanion, zostawiaj\u0105c \u015blad na klifach. Dzi\u015b Kanion Taz\u0131 s\u0142ynie z nier\u00f3wnego terenu, wysokich klif\u00f3w i rw\u0105cych w\u00f3d rzeki K\u00f6pr\u00fc\u00e7ay, kt\u00f3ra przep\u0142ywa przez serce kanionu.<\/p>\n<p style=\"text-align: center;\"><img loading=\"lazy\" decoding=\"async\" class=\"alignnone size-medium wp-image-30029\" src=\"https:\/\/holidayexcursion.com\/wp-content\/uploads\/2023\/12\/Tazi-kanyonu-rafting-alanya-300x225.jpeg\" alt=\"\" width=\"300\" height=\"225\" title=\"\" srcset=\"https:\/\/holidayexcursion.com\/wp-content\/uploads\/2023\/12\/Tazi-kanyonu-rafting-alanya-300x225.jpeg 300w, https:\/\/holidayexcursion.com\/wp-content\/uploads\/2023\/12\/Tazi-kanyonu-rafting-alanya-600x449.jpeg 600w, https:\/\/holidayexcursion.com\/wp-content\/uploads\/2023\/12\/Tazi-kanyonu-rafting-alanya.jpeg 720w\" sizes=\"auto, (max-width: 300px) 100vw, 300px\" \/><\/p>\n<p style=\"text-align: center;\">Sp\u0142yw kanionem Taz\u0131 to ekscytuj\u0105ce prze\u017cycie, kt\u00f3re pozwala odwiedzaj\u0105cym zanurzy\u0107 si\u0119 w nieokie\u0142znanym pi\u0119knie tureckiej wsi podczas \u017ceglowania po ekscytuj\u0105cych bystrzach rzeki K\u00f6pr\u00fc\u00e7ay. Bystrzyce rzeki oferuj\u0105 idealne po\u0142\u0105czenie emocji i naturalnego splendoru, dzi\u0119ki czemu jest to obowi\u0105zkowy cel podr\u00f3\u017cy dla mi\u0142o\u015bnik\u00f3w przyg\u00f3d.<\/p>\n<p style=\"text-align: center;\">Poszukiwacze przyg\u00f3d mog\u0105 wybra\u0107 si\u0119 na rafting z przewodnikiem przez serce kanionu Taz\u0131, gdzie b\u0119d\u0105 mogli zobaczy\u0107 dramatyczne formacje geologiczne i bujn\u0105 ro\u015blinno\u015b\u0107 kanionu Taz\u0131. Wycieczki prowadzone s\u0105 przez do\u015bwiadczonych przewodnik\u00f3w, kt\u00f3rzy udzielaj\u0105 wskaz\u00f3wek dotycz\u0105cych bezpiecze\u0144stwa i zapewniaj\u0105 niezapomnian\u0105 podr\u00f3\u017c przez szumi\u0105ce wody rzeki K\u00f6pr\u00fc\u00e7ay.<\/p>\n<p style=\"text-align: center;\"><img loading=\"lazy\" decoding=\"async\" class=\"alignnone size-medium wp-image-30035\" src=\"https:\/\/holidayexcursion.com\/wp-content\/uploads\/2023\/12\/Tazi-kanyonu-rafting-alanya-300x169.jpg\" alt=\"\" width=\"300\" height=\"169\" title=\"\" srcset=\"https:\/\/holidayexcursion.com\/wp-content\/uploads\/2023\/12\/Tazi-kanyonu-rafting-alanya-300x169.jpg 300w, https:\/\/holidayexcursion.com\/wp-content\/uploads\/2023\/12\/Tazi-kanyonu-rafting-alanya-1024x576.jpg 1024w, https:\/\/holidayexcursion.com\/wp-content\/uploads\/2023\/12\/Tazi-kanyonu-rafting-alanya-768x432.jpg 768w, https:\/\/holidayexcursion.com\/wp-content\/uploads\/2023\/12\/Tazi-kanyonu-rafting-alanya-600x338.jpg 600w, https:\/\/holidayexcursion.com\/wp-content\/uploads\/2023\/12\/Tazi-kanyonu-rafting-alanya.jpg 1280w\" sizes=\"auto, (max-width: 300px) 100vw, 300px\" \/><\/p>\n<p style=\"text-align: center;\">Gdy flisarze wios\u0142uj\u0105 przez Kanion Taz\u0131, podziwiaj\u0105 zapieraj\u0105ce dech w piersiach widoki na strome klify, zielone lasy i kaskady wodospad\u00f3w. Ci\u0105gle zmieniaj\u0105cy si\u0119 krajobraz i przyp\u0142yw adrenaliny zwi\u0105zany z pokonywaniem trudnych bystrzy sprawiaj\u0105, \u017ce Kanion Taz\u0131 jest g\u0142\u00f3wnym celem raftingu w Turcji.<\/p>\n<p style=\"text-align: center;\"><a href=\"https:\/\/holidayexcursion.com\/tours-in-alanya\/tours\/rafting-tour\/\">Rafting<\/a> w kanionie Taz\u0131 przeznaczony jest zar\u00f3wno dla pocz\u0105tkuj\u0105cych, jak i do\u015bwiadczonych flisak\u00f3w, z mo\u017cliwo\u015bci\u0105 wyboru poziomu trudno\u015bci w zale\u017cno\u015bci od umiej\u0119tno\u015bci i preferencji uczestnik\u00f3w. Niezale\u017cnie od tego, czy poruszasz si\u0119 po \u0142agodnych odcinkach rzeki, czy pokonujesz bardziej intensywne bystrza, ka\u017cdy znajdzie co\u015b dla siebie, kto szuka niezapomnianej przygody na wodach Kanionu Taz\u0131.<\/p>\n<p style=\"text-align: center;\"><img loading=\"lazy\" decoding=\"async\" class=\"alignnone size-medium wp-image-30047\" src=\"https:\/\/holidayexcursion.com\/wp-content\/uploads\/2023\/12\/tazi_kanyonu_tepe-300x216.jpg\" alt=\"\" width=\"300\" height=\"216\" title=\"\" srcset=\"https:\/\/holidayexcursion.com\/wp-content\/uploads\/2023\/12\/tazi_kanyonu_tepe-300x216.jpg 300w, https:\/\/holidayexcursion.com\/wp-content\/uploads\/2023\/12\/tazi_kanyonu_tepe-768x553.jpg 768w, https:\/\/holidayexcursion.com\/wp-content\/uploads\/2023\/12\/tazi_kanyonu_tepe-600x432.jpg 600w, https:\/\/holidayexcursion.com\/wp-content\/uploads\/2023\/12\/tazi_kanyonu_tepe.jpg 900w\" sizes=\"auto, (max-width: 300px) 100vw, 300px\" \/><\/p>\n<p style=\"text-align: center;\">Kanione Taz\u0131 oferuje odwiedzaj\u0105cym szereg innych zaj\u0119\u0107 na \u015bwie\u017cym powietrzu. Mi\u0142o\u015bnicy pieszych w\u0119dr\u00f3wek mog\u0105 zwiedza\u0107 okoliczne szlaki, odkrywaj\u0105c ukryte pere\u0142ki, takie jak zaciszne wodospady i panoramiczne punkty widokowe, z kt\u00f3rych roztaczaj\u0105 si\u0119 niezr\u00f3wnane widoki na Kanion Taz\u0131. R\u00f3\u017cnorodna flora i fauna regionu dodaje dodatkowej warstwy cud\u00f3w do wra\u017ce\u0144 na \u015bwie\u017cym powietrzu, pozwalaj\u0105c mi\u0142o\u015bnikom przyrody rozkoszowa\u0107 si\u0119 pi\u0119knem tureckiej dziczy.<\/p>\n<p style=\"text-align: center;\">Dla tych, kt\u00f3rzy szukaj\u0105 bardziej wci\u0105gaj\u0105cej przygody, w pobli\u017cu Kanionu Taz\u0131 dost\u0119pne s\u0105 pola kempingowe, zapewniaj\u0105ce mo\u017cliwo\u015b\u0107 sp\u0119dzenia nocy pod gwiazdami po\u015br\u00f3d tego inspiruj\u0105cego krajobrazu. Kemping w Taz\u0131 Kanyonu oferowania mo\u017cliwo\u015bci na po\u0142\u0105czenie si\u0119 z natur\u0105 i zaznanie spokoju kanionu po ca\u0142odziennych przygodach.<\/p>\n<p style=\"text-align: center;\"><img loading=\"lazy\" decoding=\"async\" class=\"alignnone size-medium wp-image-30041\" src=\"https:\/\/holidayexcursion.com\/wp-content\/uploads\/2023\/12\/tazi-kanyonu-rafting-300x199.jpg\" alt=\"\" width=\"300\" height=\"199\" title=\"\" srcset=\"https:\/\/holidayexcursion.com\/wp-content\/uploads\/2023\/12\/tazi-kanyonu-rafting-300x199.jpg 300w, https:\/\/holidayexcursion.com\/wp-content\/uploads\/2023\/12\/tazi-kanyonu-rafting-768x510.jpg 768w, https:\/\/holidayexcursion.com\/wp-content\/uploads\/2023\/12\/tazi-kanyonu-rafting-600x398.jpg 600w, https:\/\/holidayexcursion.com\/wp-content\/uploads\/2023\/12\/tazi-kanyonu-rafting.jpg 800w\" sizes=\"auto, (max-width: 300px) 100vw, 300px\" \/><\/p>\n<p style=\"text-align: center;\">Po dniu sp\u0119dzonym na raftingu i pieszych w\u0119dr\u00f3wkach kulinarne atrakcje regionu b\u0119d\u0105 wspania\u0142ym zako\u0144czeniem dnia pe\u0142nego wra\u017ce\u0144 i eksploracji.<\/p>\n<p style=\"text-align: center;\">Kanion Taz\u0131 to wyj\u0105tkowe miejsce, kt\u00f3re ukazuje surowe pi\u0119kno natury i zapewnia mi\u0142o\u015bnikom przyg\u00f3d pe\u0142n\u0105 adrenaliny ucieczk\u0119. Dzi\u0119ki bystrzom, wysokim klifom i bujnym krajobrazom kanion oferuje jedyne w swoim rodzaju prze\u017cycie raftingowe, kt\u00f3re obiecuje niezapomniane wspomnienia ka\u017cdemu, kto zapu\u015bci si\u0119 w jego serce.<\/p>\n<p style=\"text-align: center;\"><img loading=\"lazy\" decoding=\"async\" class=\"size-medium wp-image-4075\" src=\"https:\/\/holidayexcursion.com\/wp-content\/uploads\/2021\/10\/rafting-tour-3.webp\" alt=\"Rafting po kanionie Taz\u0131\" width=\"300\" height=\"300\" title=\"\" srcset=\"https:\/\/holidayexcursion.com\/wp-content\/uploads\/2021\/10\/rafting-tour-3.webp 2000w, https:\/\/holidayexcursion.com\/wp-content\/uploads\/2021\/10\/rafting-tour-3-300x300.webp 300w, https:\/\/holidayexcursion.com\/wp-content\/uploads\/2021\/10\/rafting-tour-3-768x768.webp 768w, https:\/\/holidayexcursion.com\/wp-content\/uploads\/2021\/10\/rafting-tour-3-1024x1024.webp 1024w, https:\/\/holidayexcursion.com\/wp-content\/uploads\/2021\/10\/rafting-tour-3-1536x1536.webp 1536w, https:\/\/holidayexcursion.com\/wp-content\/uploads\/2021\/10\/rafting-tour-3-600x600.webp 600w, https:\/\/holidayexcursion.com\/wp-content\/uploads\/2021\/10\/rafting-tour-3-100x100.webp 100w, https:\/\/holidayexcursion.com\/wp-content\/uploads\/2021\/10\/rafting-tour-3-150x150.webp 150w\" sizes=\"auto, (max-width: 300px) 100vw, 300px\" \/><\/p>\n<p style=\"text-align: center;\">Kanion Taz\u0131 to obowi\u0105zkowy cel podr\u00f3\u017cy dla tych, kt\u00f3rzy szukaj\u0105 ekscytuj\u0105cej przygody raftingowej w\u015br\u00f3d osza\u0142amiaj\u0105cej naturalnej scenerii. Niezale\u017cnie od tego, czy chodzi o podb\u00f3j g\u00f3rskich bystrzy, przemierzanie szlak\u00f3w turystycznych czy biwakowanie pod gwiazdami, Kanion Taz\u0131 oferuje bogactwo wra\u017ce\u0144 na \u015bwie\u017cym powietrzu, kt\u00f3re z pewno\u015bci\u0105 urzekaj\u0105 i inspiruj\u0105 wszystkich, kt\u00f3rzy go odwiedz\u0105. Dzi\u0119ki po\u0142\u0105czeniu ekscytuj\u0105cych zaj\u0119\u0107 i zapieraj\u0105cych dech w piersiach krajobraz\u00f3w, Taz\u0131 Kanyonu jest symbolem naturalnego splendoru Turcji i rajem dla poszukiwaczy przyg\u00f3d z ca\u0142ego \u015bwiata.<\/p>\n<h2 style=\"font-weight: 400; text-align: center;\"><span style=\"font-size: 75%;\"><strong>PROGRAM Sp\u0142ywu po kanionie ALANYA TAZI:<\/strong><\/span><\/h2>\n<div style=\"text-align: center;\">* Odbi\u00f3r z hoteli i apartament\u00f3w w Alanyi i okolicach<\/div>\n<div style=\"text-align: center;\">* Przyjazd do Kanionu Koprulu<\/div>\n<div style=\"text-align: center;\">* Odprawa dotycz\u0105ca sp\u0142ywu prowadzona przez profesjonalnych przewodnik\u00f3w<\/div>\n<div style=\"text-align: center;\">* Wyposa\u017canie si\u0119 w sprz\u0119t do raftingu<\/div>\n<div style=\"text-align: center;\">* Podr\u00f3\u017c do punktu pocz\u0105tkowego (podr\u00f3\u017c wynosi 7 km i trwa oko\u0142o 15 minut) przed rozpocz\u0119ciem sp\u0142ywu b\u0119dzie mo\u017cliwo\u015b\u0107 odwiedzenia mostu rzymskiego, odwiedzenia kanionu Taz\u0131, zrobienia kilku zdj\u0119\u0107 i k\u0105pieli<\/div>\n<div style=\"text-align: center;\">* Nast\u0119pnie pierwsza cz\u0119\u015b\u0107 sp\u0142ywu trwa 10 km i jest nadzorowana przez naszych do\u015bwiadczonych, profesjonalnych przewodnik\u00f3w<\/div>\n<div style=\"text-align: center;\">* Nast\u0119pnie przerwa na lunch w restauracji nad rzek\u0105<\/div>\n<div style=\"text-align: center;\">* Po obiedzie rozpoczynamy ostatnie 3,6 km sp\u0142ywu<\/div>\n<div style=\"text-align: center;\">* Kiedy dotrzemy do stacji ko\u0144cowej, b\u0119dzie mo\u017cliwo\u015b\u0107 obejrzenia zdj\u0119\u0107 i film\u00f3w zrobionych po drodze. B\u0119dzie je mo\u017cna kupi\u0107 na pami\u0105tk\u0119 swojej przygody, je\u015bli sobie tego \u017cyczysz<\/div>\n<div style=\"text-align: center;\">* Dow\u00f3z do Twoich hoteli i apartament\u00f3w w Alanyi.<\/div>\n<div style=\"text-align: center;\"><\/div>\n<div style=\"text-align: center;\">\n<div><strong>CENA ZAWIERA:<\/strong><\/div>\n<div>* Odbi\u00f3r\/dow\u00f3z z hoteli i apartament\u00f3w w Alanyi i okolicach.<\/div>\n<div>* Obiad, Przewodnik, instruktorzy, G\u0142\u00f3wne wyposa\u017cenie (kask, kamizelka ratunkowa, \u0142\u00f3d\u017a)<\/div>\n<div><\/div>\n<div><strong>OPCJONALNE DODATKI:<\/strong><\/div>\n<div>* Napoje, zdj\u0119cia, DVD<\/div>\n<\/div>\n<div style=\"text-align: center;\"><\/div>\n<div style=\"text-align: center;\"><strong>DODATKOWE INFORMACJE I WSKAZ\u00d3WKI:<\/strong><\/div>\n<div style=\"text-align: center;\">* Na sp\u0142ywie nie mog\u0105 bra\u0107 udzia\u0142u dzieci poni\u017cej 3. roku \u017cycia oraz kobiety w ci\u0105\u017cy<\/div>\n<div style=\"text-align: center;\">* Zabierz ze sob\u0105 kostiumy k\u0105pielowe, buty do wody, sanda\u0142y, bikini, r\u0119cznik, krem \u200b\u200b\u200b\u200bdo opalania i jeszcze jedn\u0105 sp\u00f3dniczk\u0119<\/div>\n<div style=\"text-align: center;\">* No\u015b odpowiednie buty, kt\u00f3re nie \u015blizgaj\u0105 si\u0119 \u0142atwo w wodzie. Mo\u017cesz go tak\u017ce wypo\u017cyczy\u0107 lub kupi\u0107, korzystaj\u0105c z naszego przewodnika.<\/div>\n<div style=\"text-align: center;\">*Prosimy nie zabiera\u0107 ze sob\u0105 warto\u015bciowych rzeczy i metalowych akcesori\u00f3w (kolczyk\u00f3w, naszyjnik\u00f3w itp.). Mo\u017cesz po prostu wzi\u0105\u0107 troch\u0119 pieni\u0119dzy na napoje, zdj\u0119cia i filmy.<\/div>\n<p style=\"font-weight: 400; text-align: center;\">Dost\u0119pne w Antalyi, Alanyi, Side, Manavgat, Belek. Aby uzyska\u0107 dok\u0142adny czas odbioru, skontaktuj si\u0119 z nami.<\/p>\n<p style=\"text-align: center;\">\u017byczymy Pa\u0144stwu niezapomnianych wspomnie\u0144 z wakacji w Alanyi w Turcji.<\/p>\n<p style=\"text-align: center;\">Ps: Aby uzyska\u0107 wi\u0119cej informacji, mo\u017cesz r\u00f3wnie\u017c skontaktowa\u0107 si\u0119 przez aplikacj\u0119 Whats lub wiadomo\u015b\u0107.<\/p>\n<p style=\"text-align: center;\">Wakacyjny Zesp\u00f3\u0142 Wycieczkowy,<\/p>\n<p><iframe loading=\"lazy\" title=\"Antalya Taz\u0131 Kanyonu ve K\u00f6pr\u00fcl\u00fc Kanyon Drone \u00c7ekimi \/ Bilgelik Vadisi\" width=\"1020\" height=\"574\" src=\"https:\/\/www.youtube.com\/embed\/a5lSXQPvdYw?feature=oembed\" frameborder=\"0\" allow=\"accelerometer; autoplay; clipboard-write; encrypted-media; gyroscope; picture-in-picture; web-share\" allowfullscreen><\/iframe><\/p>\n<p><iframe loading=\"lazy\" title=\"Rafting k\u00f6pr\u00fcl\u00fc canyon, T\u00fcrkei Region Antalya\" width=\"1020\" height=\"765\" src=\"https:\/\/www.youtube.com\/embed\/Sl9b6UKi2T8?feature=oembed\" frameborder=\"0\" allow=\"accelerometer; autoplay; clipboard-write; encrypted-media; gyroscope; picture-in-picture; web-share\" allowfullscreen><\/iframe><\/p>\n<p><iframe loading=\"lazy\" title=\"K\u00f6pr\u00fcl\u00fc Kanyon \/ Manavgat \/ Antalya\" width=\"1020\" height=\"765\" src=\"https:\/\/www.youtube.com\/embed\/Xxng1g1PrdE?feature=oembed\" frameborder=\"0\" allow=\"accelerometer; autoplay; clipboard-write; encrypted-media; gyroscope; picture-in-picture; web-share\" allowfullscreen><\/iframe><\/p>\n","protected":false},"excerpt":{"rendered":"<p>KANION TAZI Kanion Taz\u0131: ekscytuj\u0105ca przygoda raftingowa w Turcji Kanion Taz\u0131, znany r\u00f3wnie\u017c jako \u201eDolina Wilk\u00f3w\u201d, to spektakularny cud natury po\u0142o\u017cony w prowincji Antalya w po\u0142udniowej Turcji. Ten zapieraj\u0105cy dech w piersiach kanion Taz\u0131 oferuje sp\u0142ywy adrenalin\u0105 w\u015br\u00f3d osza\u0142amiaj\u0105cej przyrody, co czyni go najlepszym miejscem zar\u00f3wno dla poszukiwaczy przyg\u00f3d, jak i mi\u0142o\u015bnik\u00f3w przyrody. Nazwa kanionu<\/p>\n","protected":false},"featured_media":30044,"comment_status":"open","ping_status":"closed","template":"","meta":[],"product_brand":[],"product_cat":[107],"product_tag":[],"class_list":{"0":"post-30023","1":"product","2":"type-product","3":"status-publish","4":"has-post-thumbnail","6":"product_cat-wycieczki","8":"first","9":"instock","10":"virtual","11":"sold-individually","12":"purchasable","13":"product-type-booking"},"_links":{"self":[{"href":"https:\/\/holidayexcursion.com\/pl\/wp-json\/wp\/v2\/product\/30023","targetHints":{"allow":["GET"]}}],"collection":[{"href":"https:\/\/holidayexcursion.com\/pl\/wp-json\/wp\/v2\/product"}],"about":[{"href":"https:\/\/holidayexcursion.com\/pl\/wp-json\/wp\/v2\/types\/product"}],"replies":[{"embeddable":true,"href":"https:\/\/holidayexcursion.com\/pl\/wp-json\/wp\/v2\/comments?post=30023"}],"wp:featuredmedia":[{"embeddable":true,"href":"https:\/\/holidayexcursion.com\/pl\/wp-json\/wp\/v2\/media\/30044"}],"wp:attachment":[{"href":"https:\/\/holidayexcursion.com\/pl\/wp-json\/wp\/v2\/media?parent=30023"}],"wp:term":[{"taxonomy":"product_brand","embeddable":true,"href":"https:\/\/holidayexcursion.com\/pl\/wp-json\/wp\/v2\/product_brand?post=30023"},{"taxonomy":"product_cat","embeddable":true,"href":"https:\/\/holidayexcursion.com\/pl\/wp-json\/wp\/v2\/product_cat?post=30023"},{"taxonomy":"product_tag","embeddable":true,"href":"https:\/\/holidayexcursion.com\/pl\/wp-json\/wp\/v2\/product_tag?post=30023"}],"curies":[{"name":"wp","href":"https:\/\/api.w.org\/{rel}","templated":true}]}}