{"id":30069,"date":"2023-12-08T23:27:57","date_gmt":"2023-12-08T20:28:00","guid":{"rendered":"https:\/\/holidayexcursion.com\/?post_type=product&#038;p=30069"},"modified":"2023-12-09T18:48:58","modified_gmt":"2023-12-09T15:48:58","slug":"land-of-legends-2","status":"publish","type":"product","link":"https:\/\/holidayexcursion.com\/pl\/tours-in-alanya\/wycieczki\/land-of-legends-2\/","title":{"rendered":"Nocna wycieczka do Land of Legends"},"content":{"rendered":"<p style=\"text-align: center;\"><span style=\"font-size: 150%;\"><strong>NOCNA WYCIECZKA DO LAND OF LEGENDS<\/strong><\/span><\/p>\n<p style=\"text-align: center;\">Uwolnij przygod\u0119 i cuda podczas nocnej wycieczki do Land of Legends<\/p>\n<p style=\"text-align: center;\">Legendarny park tematyczny jak \u017caden inny:<\/p>\n<p style=\"text-align: center;\">Wejd\u017a do \u015bwiata, w kt\u00f3rym mitologia o\u017cywa w Land of Legends. Park inspirowany jest staro\u017cytnymi mitami i legendami, oferuj\u0105c odwiedzaj\u0105cym wci\u0105gaj\u0105ce do\u015bwiadczenie w krain\u0119 folkloru greckiego, rzymskiego i tureckiego. Podczas zwiedzania parku spotkaj legendarne postacie, takie jak Herkules czy Midas, i b\u0105d\u017a \u015bwiadkiem niesamowitych wyst\u0119p\u00f3w na \u017cywo, kt\u00f3re o\u017cywiaj\u0105 te mityczne opowie\u015bci.<br \/>\nLand of Legends to znacznie wi\u0119cej ni\u017c tylko park tematyczny; to kraina czar\u00f3w i emocji. Ten rozleg\u0142y kompleks o powierzchni ponad 2,5 miliona metr\u00f3w kwadratowych oferuje szereg ekscytuj\u0105cych przeja\u017cd\u017cek, przyg\u00f3d na wodzie i niesamowit\u0105 rozrywk\u0119 dla go\u015bci w ka\u017cdym wieku. Od ekscytuj\u0105cych kolejek g\u00f3rskich po symulowane tropikalne lasy deszczowe, Land of Legends pobudza wyobra\u017ani\u0119 i pozostawia niezapomniane wspomnienia.<\/p>\n<p style=\"text-align: center;\">Noc w <a href=\"https:\/\/holidayexcursion.com\/tours-in-alanya\/tours\/land-of-legends\/\">Land of Legends<\/a> w <a href=\"https:\/\/en.wikipedia.org\/wiki\/Belek\" rel=\"nofollow noopener\" target=\"_blank\">Belek<\/a> w Turcji oferuje urzekaj\u0105c\u0105 i ekscytuj\u0105c\u0105 nocn\u0105 wycieczk\u0119, kt\u00f3ra zapewnia odwiedzaj\u0105cym niezapomniane wra\u017cenia. Gdy zachodzi s\u0142o\u0144ce, Land of Legends przekszta\u0142ca si\u0119 w hipnotyzuj\u0105cy \u015bwiat rozrywki, \u0142\u0105cz\u0105c urzekaj\u0105ce pokazy, t\u0119tni\u0105ce \u017cyciem nocne \u017cycie i ekscytuj\u0105ce atrakcje, tworz\u0105c prawdziwie magiczn\u0105 atmosfer\u0119.<\/p>\n<p><img loading=\"lazy\" decoding=\"async\" class=\"size-medium wp-image-30086 aligncenter\" src=\"https:\/\/holidayexcursion.com\/wp-content\/uploads\/2023\/12\/Land-of-legends-night-2024-300x200.jpg\" alt=\"\" width=\"300\" height=\"200\" title=\"\" srcset=\"https:\/\/holidayexcursion.com\/wp-content\/uploads\/2023\/12\/Land-of-legends-night-2024-300x200.jpg 300w, https:\/\/holidayexcursion.com\/wp-content\/uploads\/2023\/12\/Land-of-legends-night-2024-600x400.jpg 600w, https:\/\/holidayexcursion.com\/wp-content\/uploads\/2023\/12\/Land-of-legends-night-2024.jpg 669w\" sizes=\"auto, (max-width: 300px) 100vw, 300px\" \/><\/p>\n<p style=\"text-align: center;\">Wchodz\u0105c noc\u0105 do Land of Legends, go\u015bci wita urzekaj\u0105cy pokaz kolorowych \u015bwiate\u0142 i wibruj\u0105cej energii. Ca\u0142y kompleks o\u017cywa wieczorem, a jego urzekaj\u0105ca atmosfera przyci\u0105ga go\u015bci i przygotowuje scen\u0119 na noc pe\u0142n\u0105 emocji i cud\u00f3w.<\/p>\n<p style=\"text-align: center;\">Jedn\u0105 z g\u0142\u00f3wnych atrakcji nocnej wycieczki po Land of legends s\u0105 spektakularne wieczorne pokazy prezentowane w parku. Pokazy te, od akrobatyki po wyst\u0119py muzyczne i taneczne, ukazuj\u0105 niesamowity talent i kunszt wykonawc\u00f3w. Po\u0142\u0105czenie osza\u0142amiaj\u0105cych efekt\u00f3w wizualnych, hipnotyzuj\u0105cych \u015bcie\u017cek d\u017awi\u0119kowych i umiej\u0119tnej choreografii tworzy naprawd\u0119 wci\u0105gaj\u0105ce prze\u017cycie, kt\u00f3re pozostawia niezatarte wra\u017cenie na widzach.<\/p>\n<p style=\"text-align: center;\"><img loading=\"lazy\" decoding=\"async\" class=\"alignnone size-medium wp-image-30092\" src=\"https:\/\/holidayexcursion.com\/wp-content\/uploads\/2023\/12\/Land-of-legends-night-show-alanya-300x158.jpg\" alt=\"\" width=\"300\" height=\"158\" title=\"\" srcset=\"https:\/\/holidayexcursion.com\/wp-content\/uploads\/2023\/12\/Land-of-legends-night-show-alanya-300x158.jpg 300w, https:\/\/holidayexcursion.com\/wp-content\/uploads\/2023\/12\/Land-of-legends-night-show-alanya-1024x538.jpg 1024w, https:\/\/holidayexcursion.com\/wp-content\/uploads\/2023\/12\/Land-of-legends-night-show-alanya-768x403.jpg 768w, https:\/\/holidayexcursion.com\/wp-content\/uploads\/2023\/12\/Land-of-legends-night-show-alanya-600x315.jpg 600w, https:\/\/holidayexcursion.com\/wp-content\/uploads\/2023\/12\/Land-of-legends-night-show-alanya.jpg 1200w\" sizes=\"auto, (max-width: 300px) 100vw, 300px\" \/><\/p>\n<p style=\"text-align: center;\">Dla tych, kt\u00f3rzy szukaj\u0105 mocnych wra\u017ce\u0144, nocna wycieczka po nocnej wycieczce do Land of Legends oferuje szans\u0119 prze\u017cycia ekscytuj\u0105cych przeja\u017cd\u017cek i atrakcji parku pod nocnym niebem. Niezale\u017cnie od tego, czy skaczesz po ogromnej zje\u017cd\u017calni wodnej, czy wybierasz si\u0119 na emocjonuj\u0105c\u0105 przeja\u017cd\u017ck\u0119 kolejk\u0105 g\u00f3rsk\u0105, atrakcje parku nabieraj\u0105 zupe\u0142nie nowego poziomu emocji po zmroku.<\/p>\n<p style=\"text-align: center;\">Opr\u00f3cz pokaz\u00f3w i przeja\u017cd\u017cek nocna wycieczka po Land of Legends zapewnia odwiedzaj\u0105cym tak\u017ce r\u00f3\u017cnorodne opcje gastronomiczne i rozrywkowe. Restauracje i stoiska z jedzeniem w parku oferuj\u0105 szeroki wyb\u00f3r pysznych da\u0144, dzi\u0119ki czemu go\u015bcie mog\u0105 delektowa\u0107 si\u0119 niezapomnianymi doznaniami kulinarnymi, ciesz\u0105c si\u0119 nocn\u0105 atmosfer\u0105 parku.<\/p>\n<p style=\"text-align: center;\"><img loading=\"lazy\" decoding=\"async\" class=\"alignnone size-medium wp-image-30080\" src=\"https:\/\/holidayexcursion.com\/wp-content\/uploads\/2023\/12\/holiday-excursion-land-of-legends-night-show-300x170.jpeg\" alt=\"\" width=\"300\" height=\"170\" title=\"\" srcset=\"https:\/\/holidayexcursion.com\/wp-content\/uploads\/2023\/12\/holiday-excursion-land-of-legends-night-show-300x170.jpeg 300w, https:\/\/holidayexcursion.com\/wp-content\/uploads\/2023\/12\/holiday-excursion-land-of-legends-night-show-768x434.jpeg 768w, https:\/\/holidayexcursion.com\/wp-content\/uploads\/2023\/12\/holiday-excursion-land-of-legends-night-show-600x339.jpeg 600w, https:\/\/holidayexcursion.com\/wp-content\/uploads\/2023\/12\/holiday-excursion-land-of-legends-night-show.jpeg 800w\" sizes=\"auto, (max-width: 300px) 100vw, 300px\" \/><\/p>\n<p style=\"text-align: center;\">W miar\u0119 up\u0142ywu wieczoru t\u0119tni\u0105ce \u017cyciem nocne \u017cycie parku o\u017cywa dzi\u0119ki r\u00f3\u017cnorodnej ofercie rozrywki. Od wyst\u0119p\u00f3w muzycznych na \u017cywo po sety DJ-skie i imprezy tematyczne \u2013 nie brakuje sposob\u00f3w, aby cieszy\u0107 si\u0119 nocn\u0105 wycieczk\u0105 po Krainie Legend. Energiczna i dynamiczna scena \u017cycia nocnego w parku zapewnia odwiedzaj\u0105cym mo\u017cliwo\u015b\u0107 ta\u0144ca, spotka\u0144 towarzyskich i tworzenia trwa\u0142ych wspomnie\u0144 w naprawd\u0119 wyj\u0105tkowym otoczeniu.<\/p>\n<p style=\"text-align: center;\">Co wi\u0119cej, nocna wycieczka do Land of Legends oferuje r\u00f3wnie\u017c mo\u017cliwo\u015bci relaksu i odm\u0142odzenia. Go\u015bcie mog\u0105 zrelaksowa\u0107 si\u0119 i podziwia\u0107 urokliw\u0105 okolic\u0119, na przyk\u0142ad spaceruj\u0105c pi\u0119knie o\u015bwietlonymi \u015bcie\u017ckami parku lub ciesz\u0105c si\u0119 spokojn\u0105 chwil\u0105 nad elementami wodnymi.<\/p>\n<p style=\"text-align: center;\"><img loading=\"lazy\" decoding=\"async\" class=\"alignnone size-medium wp-image-30098\" src=\"https:\/\/holidayexcursion.com\/wp-content\/uploads\/2023\/12\/land-of-legends-night-shows-tour-300x150.jpg\" alt=\"\" width=\"300\" height=\"150\" title=\"\" srcset=\"https:\/\/holidayexcursion.com\/wp-content\/uploads\/2023\/12\/land-of-legends-night-shows-tour-300x150.jpg 300w, https:\/\/holidayexcursion.com\/wp-content\/uploads\/2023\/12\/land-of-legends-night-shows-tour-768x384.jpg 768w, https:\/\/holidayexcursion.com\/wp-content\/uploads\/2023\/12\/land-of-legends-night-shows-tour-600x300.jpg 600w, https:\/\/holidayexcursion.com\/wp-content\/uploads\/2023\/12\/land-of-legends-night-shows-tour.jpg 900w\" sizes=\"auto, (max-width: 300px) 100vw, 300px\" \/><\/p>\n<p style=\"text-align: center;\">Og\u00f3lnie rzecz bior\u0105c, nocna wycieczka po nocnej wycieczce do Land of Legends w Belek to urzekaj\u0105ce i wci\u0105gaj\u0105ce do\u015bwiadczenie, kt\u00f3re \u0142\u0105czy w sobie magi\u0119 nocnej rozrywki z urokiem ekscytuj\u0105cych przeja\u017cd\u017cek po parku, spektakularnych pokaz\u00f3w i t\u0119tni\u0105cego \u017cyciem \u017cycia nocnego. Niezale\u017cnie od tego, czy odwiedzasz j\u0105 z rodzin\u0105, przyjaci\u00f3\u0142mi, czy z par\u0105, nocna wycieczka po Land of Legends zapewnia niezapomniane i czaruj\u0105ce wra\u017cenia, kt\u00f3re pozostawi\u0105 niezatarte wra\u017cenie na wszystkich uczestnikach.<\/p>\n<p style=\"text-align: center;\"><img loading=\"lazy\" decoding=\"async\" class=\"alignnone size-medium wp-image-30074\" src=\"https:\/\/holidayexcursion.com\/wp-content\/uploads\/2023\/12\/alanya-land-of-legends-night-show-holiday-excursion-300x198.jpg\" alt=\"\" width=\"300\" height=\"198\" title=\"\" srcset=\"https:\/\/holidayexcursion.com\/wp-content\/uploads\/2023\/12\/alanya-land-of-legends-night-show-holiday-excursion-300x198.jpg 300w, https:\/\/holidayexcursion.com\/wp-content\/uploads\/2023\/12\/alanya-land-of-legends-night-show-holiday-excursion-768x507.jpg 768w, https:\/\/holidayexcursion.com\/wp-content\/uploads\/2023\/12\/alanya-land-of-legends-night-show-holiday-excursion-600x396.jpg 600w, https:\/\/holidayexcursion.com\/wp-content\/uploads\/2023\/12\/alanya-land-of-legends-night-show-holiday-excursion.jpg 1000w\" sizes=\"auto, (max-width: 300px) 100vw, 300px\" \/><\/p>\n<p style=\"text-align: center;\">\u017byczymy Pa\u0144stwu niezapomnianych wspomnie\u0144 z wakacji w Alanyi w Turcji.<\/p>\n<p style=\"text-align: center;\">Ps: Aby uzyska\u0107 wi\u0119cej informacji, mo\u017cesz r\u00f3wnie\u017c skontaktowa\u0107 si\u0119 przez aplikacj\u0119 Whats lub wiadomo\u015b\u0107.<\/p>\n<p style=\"text-align: center;\">Wakacyjny Zesp\u00f3\u0142 Wycieczkowy,<\/p>\n<p style=\"text-align: center;\"><strong>PROGRAM WYCIECZKI NOCNEJ WYCIECZKI DO LAND OF LEGENDS:<\/strong><\/p>\n<p style=\"text-align: center;\">* Odbi\u00f3r z hoteli\/apartament\u00f3w w Alanyi, transfer do kompleksu The land of legends<\/p>\n<p style=\"text-align: center;\">&#8211; Czas wolny na zwiedzanie kompleksu Land of Legends (aleja, sklepy, kawiarnia)<\/p>\n<p style=\"text-align: center;\">* Ogl\u0105daj programy, Opu\u015b\u0107 kompleks Land of legends o 23:00<\/p>\n<p style=\"text-align: center;\">* Transport do hoteli\/apartament\u00f3w w Alanyi<\/p>\n<p style=\"text-align: center;\"><strong>CENA ZAWIERA:<\/strong><\/p>\n<p style=\"text-align: center;\">* Odbi\u00f3r\/dow\u00f3z z hoteli i apartament\u00f3w w Alanyi, kierowca i przewodnik, pokazy, parada \u0142odzi<\/p>\n<p style=\"text-align: center;\"><strong>OPCJONALNE DODATKI:<\/strong><\/p>\n<p style=\"text-align: center;\">* Wydatki osobiste, kolacja<\/p>\n<p style=\"text-align: center;\"><strong>DODATKOWE INFORMACJE I WSKAZ\u00d3WKI:<\/strong><\/p>\n<p style=\"text-align: center;\">*Dopuszczalne jest zabranie telefonu kom\u00f3rkowego i aparatu.<\/p>\n<p><iframe loading=\"lazy\" title=\"Land of legends night show Antalya best activities\" width=\"1020\" height=\"574\" src=\"https:\/\/www.youtube.com\/embed\/8Hdy_B5-Tgc?feature=oembed\" frameborder=\"0\" allow=\"accelerometer; autoplay; clipboard-write; encrypted-media; gyroscope; picture-in-picture; web-share\" allowfullscreen><\/iframe><\/p>\n<p><iframe loading=\"lazy\" title=\"The Land of Legends 2023 Antalya Turkey \ud83c\uddf9\ud83c\uddf7 [ 4K ] Walking Tour\" width=\"1020\" height=\"574\" src=\"https:\/\/www.youtube.com\/embed\/wN3f_ITpRWA?feature=oembed\" frameborder=\"0\" allow=\"accelerometer; autoplay; clipboard-write; encrypted-media; gyroscope; picture-in-picture; web-share\" allowfullscreen><\/iframe><\/p>\n<p><iframe loading=\"lazy\" title=\"The Land Of Legends Antalya 2023 Vlog\" width=\"1020\" height=\"574\" src=\"https:\/\/www.youtube.com\/embed\/jZW1guH_sug?feature=oembed\" frameborder=\"0\" allow=\"accelerometer; autoplay; clipboard-write; encrypted-media; gyroscope; picture-in-picture; web-share\" allowfullscreen><\/iframe><\/p>\n<div style=\"text-align: center;\"><\/div>\n<div style=\"text-align: center;\"><\/div>\n<div style=\"text-align: center;\"><\/div>\n<div style=\"text-align: center;\"><\/div>\n<div style=\"text-align: center;\"><\/div>\n<div style=\"text-align: center;\"><\/div>\n","protected":false},"excerpt":{"rendered":"<p>NOCNA WYCIECZKA DO LAND OF LEGENDS Uwolnij przygod\u0119 i cuda podczas nocnej wycieczki do Land of Legends Legendarny park tematyczny jak \u017caden inny: Wejd\u017a do \u015bwiata, w kt\u00f3rym mitologia o\u017cywa w Land of Legends. Park inspirowany jest staro\u017cytnymi mitami i legendami, oferuj\u0105c odwiedzaj\u0105cym wci\u0105gaj\u0105ce do\u015bwiadczenie w krain\u0119 folkloru greckiego, rzymskiego i tureckiego. Podczas zwiedzania parku<\/p>\n","protected":false},"featured_media":30077,"comment_status":"open","ping_status":"closed","template":"","meta":[],"product_brand":[],"product_cat":[107],"product_tag":[],"class_list":{"0":"post-30069","1":"product","2":"type-product","3":"status-publish","4":"has-post-thumbnail","6":"product_cat-wycieczki","8":"first","9":"instock","10":"featured","11":"virtual","12":"sold-individually","13":"purchasable","14":"product-type-booking"},"_links":{"self":[{"href":"https:\/\/holidayexcursion.com\/pl\/wp-json\/wp\/v2\/product\/30069","targetHints":{"allow":["GET"]}}],"collection":[{"href":"https:\/\/holidayexcursion.com\/pl\/wp-json\/wp\/v2\/product"}],"about":[{"href":"https:\/\/holidayexcursion.com\/pl\/wp-json\/wp\/v2\/types\/product"}],"replies":[{"embeddable":true,"href":"https:\/\/holidayexcursion.com\/pl\/wp-json\/wp\/v2\/comments?post=30069"}],"wp:featuredmedia":[{"embeddable":true,"href":"https:\/\/holidayexcursion.com\/pl\/wp-json\/wp\/v2\/media\/30077"}],"wp:attachment":[{"href":"https:\/\/holidayexcursion.com\/pl\/wp-json\/wp\/v2\/media?parent=30069"}],"wp:term":[{"taxonomy":"product_brand","embeddable":true,"href":"https:\/\/holidayexcursion.com\/pl\/wp-json\/wp\/v2\/product_brand?post=30069"},{"taxonomy":"product_cat","embeddable":true,"href":"https:\/\/holidayexcursion.com\/pl\/wp-json\/wp\/v2\/product_cat?post=30069"},{"taxonomy":"product_tag","embeddable":true,"href":"https:\/\/holidayexcursion.com\/pl\/wp-json\/wp\/v2\/product_tag?post=30069"}],"curies":[{"name":"wp","href":"https:\/\/api.w.org\/{rel}","templated":true}]}}