{"id":5163,"date":"2021-12-03T10:03:07","date_gmt":"2021-12-06T21:55:44","guid":{"rendered":"http:\/\/holidayexcursion.com\/excursions-in-alanya\/bez-kategorii\/minibus\/"},"modified":"2023-11-29T16:08:23","modified_gmt":"2023-11-29T13:08:23","slug":"minibus","status":"publish","type":"product","link":"https:\/\/holidayexcursion.com\/pl\/tours-in-alanya\/rent-a-car-pl\/minibus\/","title":{"rendered":"Wynajem minibus w Alanyi"},"content":{"rendered":"<h2 style=\"text-align: center;\"><\/h2>\n<h2 style=\"text-align: center;\"><strong>Minibus do wynaj\u0119cia w Alanyi<\/strong><\/h2>\n<p style=\"text-align: center;\">Z \u0142atwo\u015bci\u0105 odkrywaj \u015bwiat Wynajmij minibus na niezapomniane przygody grupowe<\/p>\n<p style=\"text-align: center;\">Je\u015bli chodzi o wyprawy grupowe, <a href=\"https:\/\/holidayexcursion.com\/tours-in-alanya\/tours\/sapadere-canyon\/\">wynaj\u0119cie<\/a> minibusa to wygodny i przyjemny spos\u00f3b podr\u00f3\u017cowania. Minibusy zapewniaj\u0105 du\u017co przestrzeni, komfortu i elastyczno\u015bci, co czyni je idealnym wyborem na rodzinne wakacje, wycieczki firmowe, wycieczki szkolne i inne okazje wymagaj\u0105ce transportu wi\u0119kszej grupy. W tym artykule om\u00f3wimy korzy\u015bci i rozwa\u017cania zwi\u0105zane z wynajmem minibusa, dzi\u0119ki czemu mo\u017cesz w pe\u0142ni wykorzysta\u0107 przygody grupowe.<\/p>\n<p style=\"text-align: center;\">1. Du\u017co przestrzeni i komfortu:<\/p>\n<p style=\"text-align: center;\">Wynaj\u0119cie minibusa oznacza po\u017cegnanie z ciasnot\u0105 i zapewnienie ka\u017cdemu komfortu podr\u00f3\u017cy. Dzi\u0119ki du\u017cej liczbie miejsc siedz\u0105cych i du\u017cej przestrzeni na nogi minibusy zapewniaj\u0105 ka\u017cdemu podr\u00f3\u017cnemu przestronne \u015brodowisko, w kt\u00f3rym mo\u017ce si\u0119 zrelaksowa\u0107 i cieszy\u0107 podr\u00f3\u017c\u0105. Niezale\u017cnie od tego, czy jest to d\u0142ugodystansowa podr\u00f3\u017c, czy jednodniowa wycieczka, komfort minibusa gwarantuje, \u017ce ka\u017cdy dotrze do celu wypocz\u0119ty i gotowy do zwiedzania.<\/p>\n<p style=\"text-align: center;\"><img loading=\"lazy\" decoding=\"async\" class=\"alignnone size-medium wp-image-25592\" src=\"https:\/\/holidayexcursion.com\/wp-content\/uploads\/2021\/12\/Antalya-Shuttle-transfer-2-300x169.jpg\" alt=\"\" width=\"300\" height=\"169\" title=\"\" srcset=\"https:\/\/holidayexcursion.com\/wp-content\/uploads\/2021\/12\/Antalya-Shuttle-transfer-2-300x169.jpg 300w, https:\/\/holidayexcursion.com\/wp-content\/uploads\/2021\/12\/Antalya-Shuttle-transfer-2.jpg 432w\" sizes=\"auto, (max-width: 300px) 100vw, 300px\" \/><\/p>\n<p style=\"text-align: center;\">Jedn\u0105 z g\u0142\u00f3wnych zalet wynajmu minibusa jest mo\u017cliwo\u015b\u0107 nawi\u0105zania wi\u0119zi grupowej i lepszej interakcji podczas podr\u00f3\u017cy. Gdy wszyscy znajd\u0105 si\u0119 w jednym poje\u017adzie, mo\u017cecie prowadzi\u0107 o\u017cywione rozmowy, gra\u0107 w gry lub po prostu cieszy\u0107 si\u0119 swoim towarzystwem. To wsp\u00f3lne do\u015bwiadczenie sprzyja poczuciu wsp\u00f3lnoty i wzmacnia relacje, dzi\u0119ki czemu Twoja grupowa przygoda b\u0119dzie jeszcze bardziej niezapomniana.<\/p>\n<p style=\"text-align: center;\">3. Bezproblemowa logistyka:<\/p>\n<p style=\"text-align: center;\">Koordynacja transportu dla wi\u0119kszej grupy mo\u017ce by\u0107 logistycznym koszmarem. Wynajem minibusa upraszcza proces i eliminuje potrzeb\u0119 posiadania wielu pojazd\u00f3w. Gdy wszyscy podr\u00f3\u017cuj\u0105 tym samym \u015brodkiem transportu, mo\u017cesz z \u0142atwo\u015bci\u0105 \u015bledzi\u0107 grup\u0119, zapewni\u0107 punktualny przyjazd i unikn\u0105\u0107 k\u0142opot\u00f3w zwi\u0105zanych z koordynacj\u0105 wielokrotnych odbior\u00f3w i wysiada\u0144. Agencje wynajmu minibus\u00f3w oferuj\u0105 r\u00f3wnie\u017c wygod\u0119 w postaci us\u0142ugi \u201eod drzwi do drzwi\u201d, dzi\u0119ki czemu mo\u017cesz naprawd\u0119 usi\u0105\u015b\u0107 i zrelaksowa\u0107 si\u0119.<\/p>\n<p style=\"text-align: center;\"><img loading=\"lazy\" decoding=\"async\" class=\"size-medium wp-image-3932\" src=\"https:\/\/holidayexcursion.com\/wp-content\/uploads\/2021\/12\/rent-a-minibus-in-alanya-300x200.webp\" alt=\"wynaj\u0105\u0107 minibusa w Alanyi\" width=\"300\" height=\"200\" title=\"\" srcset=\"https:\/\/holidayexcursion.com\/wp-content\/uploads\/2021\/12\/rent-a-minibus-in-alanya-300x200.webp 300w, https:\/\/holidayexcursion.com\/wp-content\/uploads\/2021\/12\/rent-a-minibus-in-alanya-768x512.webp 768w, https:\/\/holidayexcursion.com\/wp-content\/uploads\/2021\/12\/rent-a-minibus-in-alanya-1024x683.webp 1024w, https:\/\/holidayexcursion.com\/wp-content\/uploads\/2021\/12\/rent-a-minibus-in-alanya-1536x1024.webp 1536w, https:\/\/holidayexcursion.com\/wp-content\/uploads\/2021\/12\/rent-a-minibus-in-alanya-600x400.webp 600w, https:\/\/holidayexcursion.com\/wp-content\/uploads\/2021\/12\/rent-a-minibus-in-alanya.webp 1920w\" sizes=\"auto, (max-width: 300px) 100vw, 300px\" \/><\/p>\n<p style=\"text-align: center;\">4. Elastyczno\u015b\u0107 i personalizacja:<\/p>\n<p style=\"text-align: center;\">Wynajem minibus\u00f3w zaspokaja potrzeby grup r\u00f3\u017cnej wielko\u015bci, od ma\u0142ych van\u00f3w po wi\u0119ksze pojazdy mieszcz\u0105ce do 15 lub wi\u0119cej pasa\u017cer\u00f3w. Ta elastyczno\u015b\u0107 pozwala wybra\u0107 minibus, kt\u00f3ry odpowiada konkretnym potrzebom Twojej grupy, zapewniaj\u0105c ka\u017cdemu wystarczaj\u0105c\u0105 przestrze\u0144 i komfort podczas podr\u00f3\u017cy. Ponadto agencje wynajmu cz\u0119sto oferuj\u0105 opcje dostosowywania, takie jak dodanie schowk\u00f3w na baga\u017c, system\u00f3w rozrywki lub innych udogodnie\u0144 poprawiaj\u0105cych og\u00f3lne wra\u017cenia z podr\u00f3\u017cy.<\/p>\n<p style=\"text-align: center;\">5. Bezpiecze\u0144stwo i spok\u00f3j ducha:<\/p>\n<p style=\"text-align: center;\">Podczas podr\u00f3\u017cy <span style=\"font-size: 14.4px;\">w grupie bezpiecze\u0144stwo jest najwa\u017cniejsze. Wynajem minibus\u00f3w zapewnia spok\u00f3j ducha dzi\u0119ki dobrze utrzymanym pojazdom i zawodowym kierowcom. <a href=\"https:\/\/holidayexcursion.com\/rent-a-car-in-alanya\/\">Agencje wynajmu<\/a> traktuj\u0105 priorytetowo bezpiecze\u0144stwo i wygod\u0119 pasa\u017cer\u00f3w, dbaj\u0105c o to, aby minibusy by\u0142y regularnie serwisowane, wyposa\u017cone w zabezpieczenia oraz przestrzega\u0142y odpowiednich przepis\u00f3w i wytycznych. To zaanga\u017cowanie w bezpiecze\u0144stwo pozwala w pe\u0142ni zrelaksowa\u0107 si\u0119 i cieszy\u0107 podr\u00f3\u017c\u0105, wiedz\u0105c, \u017ce zosta\u0142y podj\u0119te wszelkie \u015brodki ostro\u017cno\u015bci.<\/span><\/p>\n<p style=\"text-align: center;\"><img loading=\"lazy\" decoding=\"async\" class=\"alignnone size-medium wp-image-3942\" src=\"https:\/\/holidayexcursion.com\/wp-content\/uploads\/2021\/12\/Gazipasa-Airport-Vip-Transfer-150x150.webp\" alt=\"\" width=\"300\" height=\"300\" title=\"\" srcset=\"https:\/\/holidayexcursion.com\/wp-content\/uploads\/2021\/12\/Gazipasa-Airport-Vip-Transfer-150x150.webp 150w, https:\/\/holidayexcursion.com\/wp-content\/uploads\/2021\/12\/Gazipasa-Airport-Vip-Transfer-300x300.webp 300w, https:\/\/holidayexcursion.com\/wp-content\/uploads\/2021\/12\/Gazipasa-Airport-Vip-Transfer-768x768.webp 768w, https:\/\/holidayexcursion.com\/wp-content\/uploads\/2021\/12\/Gazipasa-Airport-Vip-Transfer-1024x1024.webp 1024w, https:\/\/holidayexcursion.com\/wp-content\/uploads\/2021\/12\/Gazipasa-Airport-Vip-Transfer-1536x1536.webp 1536w, https:\/\/holidayexcursion.com\/wp-content\/uploads\/2021\/12\/Gazipasa-Airport-Vip-Transfer-600x600.webp 600w, https:\/\/holidayexcursion.com\/wp-content\/uploads\/2021\/12\/Gazipasa-Airport-Vip-Transfer-100x100.webp 100w, https:\/\/holidayexcursion.com\/wp-content\/uploads\/2021\/12\/Gazipasa-Airport-Vip-Transfer.webp 2000w\" sizes=\"auto, (max-width: 300px) 100vw, 300px\" \/><\/p>\n<p style=\"text-align: center;\">6. Korzy\u015bci wynikaj\u0105ce z oszcz\u0119dno\u015bci:<\/p>\n<p style=\"text-align: center;\">Wynajem minibusa mo\u017ce by\u0107 op\u0142acaln\u0105 opcj\u0105, szczeg\u00f3lnie je\u015bli podr\u00f3\u017cujesz wi\u0119ksz\u0105 grup\u0105. Zamiast organizowa\u0107 indywidualne opcje transportu i zajmowa\u0107 si\u0119 zwi\u0105zanymi z tym kosztami, wynaj\u0119cie minibusa pozwala na podzielenie ca\u0142kowitych wydatk\u00f3w pomi\u0119dzy pasa\u017cer\u00f3w. Dodatkowo, wyb\u00f3r wynajmu minibus\u00f3w mo\u017ce wyeliminowa\u0107 potrzeb\u0119 wynajmu wielu samochod\u00f3w, op\u0142at parkingowych i koszt\u00f3w paliwa, co skutkuje znacznymi oszcz\u0119dno\u015bciami dla grupy.<\/p>\n<p style=\"text-align: center;\">Wynaj\u0119cie minibusa otwiera \u015bwiat wygody, komfortu i kole\u017ce\u0144stwa podczas grupowych przyg\u00f3d. Dzi\u0119ki du\u017cej przestrzeni, konfigurowalnym opcjom i swobodzie wsp\u00f3lnego podr\u00f3\u017cowania, wynajem minibus\u00f3w oferuje bezstresowy i przyjemny spos\u00f3b na zwiedzanie i tworzenie niezapomnianych wspomnie\u0144. Niezale\u017cnie od tego, czy s\u0105 to rodzinne wakacje, wyjazd integracyjny czy wycieczka edukacyjna, wynaj\u0119cie minibusa gwarantuje ka\u017cdemu komfortow\u0105 podr\u00f3\u017c, nawi\u0105zanie wi\u0119zi i pe\u0142ne rozkoszowanie si\u0119 rado\u015bci\u0105 podr\u00f3\u017cy. Zbierzcie wi\u0119c grup\u0119, wyruszcie na przygod\u0119, a minibus zabierze Was w niezwyk\u0142e miejsca.<\/p>\n<p style=\"text-align: center;\"><img loading=\"lazy\" decoding=\"async\" class=\"size-medium wp-image-3933\" src=\"https:\/\/holidayexcursion.com\/wp-content\/uploads\/2021\/12\/rent-a-minibus-in-alanya-2-150x150.webp\" alt=\"wynaj\u0105\u0107 minibusa w Alanyi-2\" width=\"300\" height=\"300\" title=\"\" srcset=\"https:\/\/holidayexcursion.com\/wp-content\/uploads\/2021\/12\/rent-a-minibus-in-alanya-2-150x150.webp 150w, https:\/\/holidayexcursion.com\/wp-content\/uploads\/2021\/12\/rent-a-minibus-in-alanya-2-300x300.webp 300w, https:\/\/holidayexcursion.com\/wp-content\/uploads\/2021\/12\/rent-a-minibus-in-alanya-2-768x768.webp 768w, https:\/\/holidayexcursion.com\/wp-content\/uploads\/2021\/12\/rent-a-minibus-in-alanya-2-1024x1024.webp 1024w, https:\/\/holidayexcursion.com\/wp-content\/uploads\/2021\/12\/rent-a-minibus-in-alanya-2-1536x1536.webp 1536w, https:\/\/holidayexcursion.com\/wp-content\/uploads\/2021\/12\/rent-a-minibus-in-alanya-2-600x600.webp 600w, https:\/\/holidayexcursion.com\/wp-content\/uploads\/2021\/12\/rent-a-minibus-in-alanya-2-100x100.webp 100w, https:\/\/holidayexcursion.com\/wp-content\/uploads\/2021\/12\/rent-a-minibus-in-alanya-2.webp 2000w\" sizes=\"auto, (max-width: 300px) 100vw, 300px\" \/><\/p>\n<p style=\"text-align: center;\">Wynajem samochodu mo\u017ce by\u0107 skutecznym i wygodnym sposobem podr\u00f3\u017cowania, ale aby podr\u00f3\u017c przebieg\u0142a bezproblemowo, nale\u017cy wzi\u0105\u0107 pod uwag\u0119 kilka wa\u017cnych rzeczy. Oto kilka kluczowych punkt\u00f3w, o kt\u00f3rych nale\u017cy pami\u0119ta\u0107 wynajmuj\u0105c samoch\u00f3d:<\/p>\n<p style=\"text-align: center;\">1. *Wym\u00f3g wieku*: Wi\u0119kszo\u015b\u0107 wypo\u017cyczalni samochod\u00f3w wymaga, aby g\u0142\u00f3wny kierowca mia\u0142 co najmniej 25 lat. W niekt\u00f3rych przypadkach kierowcy w wieku od 21 do 24 lat mog\u0105 wypo\u017cyczy\u0107 samoch\u00f3d, ale mog\u0105 si\u0119 za to ponie\u015b\u0107 dodatkowe op\u0142aty.<\/p>\n<p style=\"text-align: center;\">2. *Prawo jazdy*: Aby wynaj\u0105\u0107 samoch\u00f3d, potrzebne b\u0119dzie wa\u017cne prawo jazdy. Je\u015bli wyje\u017cd\u017casz za granic\u0119, konieczne mo\u017ce by\u0107 r\u00f3wnie\u017c mi\u0119dzynarodowe prawo jazdy, dlatego wa\u017cne jest, aby sprawdzi\u0107 wymagania kraju, kt\u00f3ry planujesz odwiedzi\u0107.<\/p>\n<p style=\"text-align: center;\">3. *Ubezpieczenie*: Wa\u017cne jest, aby zapozna\u0107 si\u0119 z opcjami ubezpieczenia oferowanymi przez wypo\u017cyczalni\u0119 samochod\u00f3w. Wi\u0119kszo\u015b\u0107 firm oferuje ubezpieczenie od szk\u00f3d spowodowanych kolizj\u0105 (CDW) lub ubezpieczenie od szk\u00f3d spowodowanych utrat\u0105 (LDW), kt\u00f3re mog\u0105 chroni\u0107 Ci\u0119 w razie wypadku lub kradzie\u017cy. Ponadto Twoje osobiste ubezpieczenie samochodu lub karta kredytowa mog\u0105 zapewnia\u0107 pewn\u0105 ochron\u0119 wynajmowanych samochod\u00f3w, dlatego przed zakupem dodatkowego ubezpieczenia od wypo\u017cyczalni warto sprawdzi\u0107 u swoich dostawc\u00f3w.<\/p>\n<p style=\"text-align: center;\">4. *Zrozumienie umowy najmu*: Przed podpisaniem umowy najmu dok\u0142adnie zapoznaj si\u0119 z warunkami, w tym wszelkimi potencjalnymi op\u0142atami, ograniczeniami przebiegu i polityk\u0105 paliwow\u0105. Pami\u0119taj, aby zapyta\u0107 o wszelkie szczeg\u00f3lne ograniczenia lub wymagania, kt\u00f3re mog\u0105 mie\u0107 zastosowanie do Twojego wynajmu.<\/p>\n<p style=\"text-align: center;\">5. *Rezerwacja z wyprzedzeniem*: Cz\u0119sto korzystne jest zarezerwowanie wypo\u017cyczonego samochodu z wyprzedzeniem, szczeg\u00f3lnie w szczytowych sezonach podr\u00f3\u017cy, kiedy popyt jest du\u017cy. Wczesna rezerwacja mo\u017ce r\u00f3wnie\u017c pom\u00f3c w zapewnieniu lepszej ceny.<\/p>\n<p style=\"text-align: center;\">6. *Wyb\u00f3r pojazdu*: We\u017a pod uwag\u0119 wielko\u015b\u0107 potrzebnego pojazdu w oparciu o liczb\u0119 pasa\u017cer\u00f3w i ilo\u015b\u0107 baga\u017cu. Dodatkowo, je\u015bli masz szczeg\u00f3lne preferencje dotycz\u0105ce manualnej lub automatycznej skrzyni bieg\u00f3w, najlepiej zam\u00f3wi\u0107 to wcze\u015bniej.<\/p>\n<p style=\"text-align: center;\">7. *Sprawdzanie samochodu*: Przed wyjazdem dok\u0142adnie sprawd\u017a wypo\u017cyczony samoch\u00f3d pod k\u0105tem ewentualnych uszkodze\u0144 i upewnij si\u0119, \u017ce wszelkie zadrapania, wgniecenia lub inne problemy s\u0105 udokumentowane w umowie najmu. Pomo\u017ce to unikn\u0105\u0107 spor\u00f3w dotycz\u0105cych uszkodze\u0144 po zwr\u00f3ceniu pojazdu.<\/p>\n<p style=\"text-align: center;\">8. *Polityka paliwowa*: Zapoznaj si\u0119 z polityk\u0105 paliwow\u0105 wypo\u017cyczalni. Niekt\u00f3re firmy wymagaj\u0105 zwrotu samochodu z pe\u0142nym bakiem paliwa, inne oferuj\u0105 opcj\u0119 zakupu paliwa w przedsprzeda\u017cy lub pobieraj\u0105 op\u0142at\u0119 za zatankowanie samochodu w Twoim imieniu.<\/p>\n<p style=\"text-align: center;\">9. *Zwrot samochodu*: Nale\u017cy pami\u0119ta\u0107 o czasie i miejscu zwrotu okre\u015blonym w umowie najmu. Op\u00f3\u017anione zwroty mog\u0105 skutkowa\u0107 dodatkowymi op\u0142atami, wi\u0119c planuj odpowiednio.<\/p>\n<p style=\"text-align: center;\">10. *Wyposa\u017cenie dodatkowe*: Je\u015bli potrzebujesz specjalnego wyposa\u017cenia, takiego jak system nawigacji GPS, foteliki samochodowe dla dzieci lub baga\u017cnik dachowy, zapytaj o dost\u0119pno\u015b\u0107 i wszelkie zwi\u0105zane z tym koszty podczas dokonywania rezerwacji.<\/p>\n<p style=\"text-align: center;\">11. *Obs\u0142uga klienta*: Wybierz renomowan\u0105 wypo\u017cyczalni\u0119 samochod\u00f3w, kt\u00f3ra ma dobre recenzje obs\u0142ugi klienta. Mo\u017ce to mie\u0107 znaczne znaczenie, je\u015bli napotkasz jakiekolwiek problemy w okresie wynajmu.<\/p>\n<p style=\"text-align: center;\">12. *Zrozumienie lokalnych przepis\u00f3w drogowych*: Je\u015bli podr\u00f3\u017cujesz do innego kraju lub stanu, zapoznaj si\u0119 z lokalnymi przepisami drogowymi i znakami drogowymi, aby zapewni\u0107 bezpieczn\u0105 i zgodn\u0105 z przepisami jazd\u0119.<\/p>\n<p style=\"text-align: center;\">Maj\u0105c na uwadze te kluczowe punkty, mo\u017cesz bezpiecznie przej\u015b\u0107 przez proces wynajmu samochodu i zapewni\u0107 sobie pozytywne i bezproblemowe do\u015bwiadczenia podczas podr\u00f3\u017cy.<\/p>\n<p style=\"text-align: center;\">\u017byczymy Pa\u0144stwu niezapomnianych wspomnie\u0144 z wakacji w <a href=\"https:\/\/en.wikipedia.org\/wiki\/Alanya\" rel=\"nofollow noopener\" target=\"_blank\">Alanyi<\/a> w Turcji.<\/p>\n<p style=\"text-align: center;\">Ps: Aby uzyska\u0107 wi\u0119cej informacji, mo\u017cesz r\u00f3wnie\u017c skontaktowa\u0107 si\u0119 przez aplikacj\u0119 Whats lub wiadomo\u015b\u0107.<\/p>\n<p style=\"text-align: center;\">Wakacyjny Zesp\u00f3\u0142 Wycieczkowy,<\/p>\n","protected":false},"excerpt":{"rendered":"<p>Minibus do wynaj\u0119cia w Alanyi Z \u0142atwo\u015bci\u0105 odkrywaj \u015bwiat Wynajmij minibus na niezapomniane przygody grupowe Je\u015bli chodzi o wyprawy grupowe, wynaj\u0119cie minibusa to wygodny i przyjemny spos\u00f3b podr\u00f3\u017cowania. Minibusy zapewniaj\u0105 du\u017co przestrzeni, komfortu i elastyczno\u015bci, co czyni je idealnym wyborem na rodzinne wakacje, wycieczki firmowe, wycieczki szkolne i inne okazje wymagaj\u0105ce transportu wi\u0119kszej grupy. W<\/p>\n","protected":false},"featured_media":4747,"comment_status":"open","ping_status":"closed","template":"","meta":[],"product_brand":[],"product_cat":[106],"product_tag":[],"class_list":{"0":"post-5163","1":"product","2":"type-product","3":"status-publish","4":"has-post-thumbnail","6":"product_cat-rent-a-car-pl","8":"first","9":"instock","10":"featured","11":"virtual","12":"sold-individually","13":"purchasable","14":"product-type-booking"},"_links":{"self":[{"href":"https:\/\/holidayexcursion.com\/pl\/wp-json\/wp\/v2\/product\/5163","targetHints":{"allow":["GET"]}}],"collection":[{"href":"https:\/\/holidayexcursion.com\/pl\/wp-json\/wp\/v2\/product"}],"about":[{"href":"https:\/\/holidayexcursion.com\/pl\/wp-json\/wp\/v2\/types\/product"}],"replies":[{"embeddable":true,"href":"https:\/\/holidayexcursion.com\/pl\/wp-json\/wp\/v2\/comments?post=5163"}],"wp:featuredmedia":[{"embeddable":true,"href":"https:\/\/holidayexcursion.com\/pl\/wp-json\/wp\/v2\/media\/4747"}],"wp:attachment":[{"href":"https:\/\/holidayexcursion.com\/pl\/wp-json\/wp\/v2\/media?parent=5163"}],"wp:term":[{"taxonomy":"product_brand","embeddable":true,"href":"https:\/\/holidayexcursion.com\/pl\/wp-json\/wp\/v2\/product_brand?post=5163"},{"taxonomy":"product_cat","embeddable":true,"href":"https:\/\/holidayexcursion.com\/pl\/wp-json\/wp\/v2\/product_cat?post=5163"},{"taxonomy":"product_tag","embeddable":true,"href":"https:\/\/holidayexcursion.com\/pl\/wp-json\/wp\/v2\/product_tag?post=5163"}],"curies":[{"name":"wp","href":"https:\/\/api.w.org\/{rel}","templated":true}]}}