{"id":5181,"date":"2021-12-03T09:38:17","date_gmt":"2021-12-06T22:04:18","guid":{"rendered":"http:\/\/holidayexcursion.com\/excursions-in-alanya\/bez-kategorii\/turecka-nocna-wycieczka\/"},"modified":"2023-11-16T21:53:57","modified_gmt":"2023-11-16T18:53:57","slug":"turecka-nocna","status":"publish","type":"product","link":"https:\/\/holidayexcursion.com\/pl\/tours-in-alanya\/wycieczki\/turecka-nocna\/","title":{"rendered":"Turecka nocna wycieczka"},"content":{"rendered":"<h2 style=\"text-align: center;\">Turecka nocna wycieczka<\/h2>\n<p style=\"text-align: center;\">Ods\u0142oni\u0119cie magii tureckich wycieczek nocnych: uczta dla zmys\u0142\u00f3w<\/p>\n<p style=\"text-align: center;\">Turcja, kraj bogaty w r\u00f3\u017cnorodno\u015b\u0107 kulturow\u0105 i \u017cywe tradycje, znana jest z urzekaj\u0105cej sceny nocnej. Tureckie nocne wycieczki oferuj\u0105 wyj\u0105tkowe i wci\u0105gaj\u0105ce wra\u017cenia, podczas kt\u00f3rych staro\u017cytne tradycje, kolorowe wyst\u0119py, wy\u015bmienita kuchnia i energiczny taniec przeplataj\u0105 si\u0119, tworz\u0105c niezapomniany wiecz\u00f3r. Podczas tej wycieczki z biurem podr\u00f3\u017cy Holiday Excursion zag\u0142\u0119bimy si\u0119 w czaruj\u0105cy \u015bwiat tureckich nocnych wycieczek i odkryjemy czekaj\u0105c\u0105 nas uczt\u0119 dla zmys\u0142\u00f3w.<\/p>\n<p style=\"text-align: center;\">1. Przysmaki kuchni tureckiej:<\/p>\n<p style=\"text-align: center;\">Jedn\u0105 z g\u0142\u00f3wnych atrakcji nocnej wycieczki po Turcji jest mo\u017cliwo\u015b\u0107 skosztowania bogatego dziedzictwa kulinarnego kraju. Tradycyjna kuchnia turecka s\u0142ynie na ca\u0142ym \u015bwiecie ze swoich aromatycznych potraw i r\u00f3\u017cnorodnych tradycji kulinarnych. Podczas wycieczki zostaniesz zaproszony na wystawn\u0105 kolacj\u0119, podczas kt\u00f3rej zaprezentowane zostan\u0105 r\u00f3\u017cnorodne przepyszne przysmaki, w tym kebaby, meze, \u015bwie\u017co upieczony chleb i wy\u015bmienite desery. Ka\u017cdy k\u0119s daje wgl\u0105d w smaki, kt\u00f3re kszta\u0142towa\u0142y kuchni\u0119 tureck\u0105 na przestrzeni dziej\u00f3w.<\/p>\n<p style=\"text-align: center;\">2. Hipnotyzuj\u0105ce tradycyjne wyst\u0119py:<\/p>\n<p style=\"text-align: center;\">Tureckie nocne wycieczki s\u0142yn\u0105 z fascynuj\u0105cych tradycyjnych wyst\u0119p\u00f3w, kt\u00f3re urzekaj\u0105 publiczno\u015b\u0107 bogactwem kulturowym i doskona\u0142o\u015bci\u0105 artystyczn\u0105. Przygotuj si\u0119 na zachwyt hipnotycznymi zwrotami akcji tancerek brzucha, b\u0142yskawiczn\u0105 prac\u0105 n\u00f3g tureckich ta\u0144c\u00f3w ludowych i budz\u0105cymi podziw umiej\u0119tno\u015bciami tradycyjnych muzyk\u00f3w. Te urzekaj\u0105ce wyst\u0119py o\u017cywiaj\u0105 dziedzictwo i historie Turcji, zanurzaj\u0105c Ci\u0119 w \u015bwiat hipnotyzuj\u0105cej muzyki, \u017cywych kostium\u00f3w i niezapomnianego rytmu.<\/p>\n<p style=\"text-align: center;\">3. Folklor i tradycje kulturowe:<\/p>\n<p style=\"text-align: center;\">Turcja ma d\u0142ug\u0105 i bogat\u0105 histori\u0119, pe\u0142n\u0105 folkloru i tradycji kulturowych. Tureckie nocne wycieczki stanowi\u0105 doskona\u0142\u0105 platform\u0119 do zobaczenia i poznania tych skarb\u00f3w kultury z pierwszej r\u0119ki. Dzi\u0119ki \u017cywym wyst\u0119pom i rekonstrukcjom rzucisz okiem na tradycyjne ceremonie, zwyczaje weselne i ta\u0144ce regionalne przekazywane z pokolenia na pokolenie. Zanurz si\u0119 w bogatym gobelinie kultury tureckiej i lepiej poznaj ukochane tradycje tego kraju.<\/p>\n<p style=\"text-align: center;\">4. \u017bywa atmosfera:<\/p>\n<p style=\"text-align: center;\">Od chwili wej\u015bcia na nocn\u0105 wycieczk\u0119 po Turcji b\u0119dziesz otoczony t\u0119tni\u0105c\u0105 \u017cyciem atmosfer\u0105, kt\u00f3ra emanuje ekscytacj\u0105 i \u015bwi\u0119towaniem. Sale s\u0105 ozdobione kolorowymi dekoracjami, ozdobnymi meblami i urzekaj\u0105cym o\u015bwietleniem, kt\u00f3re tworz\u0105 atmosfer\u0119 \u015bwi\u0105t i rado\u015bci. \u017bywa muzyka, tradycyjne stroje i energetyczne wyst\u0119py przekszta\u0142caj\u0105 przestrze\u0144 w hipnotyzuj\u0105cy spektakl widok\u00f3w i d\u017awi\u0119k\u00f3w.<\/p>\n<p style=\"text-align: center;\">5. Ta\u0144cz i do\u0142\u0105cz do uroczysto\u015bci:<\/p>\n<p style=\"text-align: center;\">Jednym z najlepszych aspekt\u00f3w nocnych wycieczek po Turcji jest mo\u017cliwo\u015b\u0107 przy\u0142\u0105czenia si\u0119 do uroczysto\u015bci. Ta\u0144cz do \u017cywych rytm\u00f3w i beat\u00f3w, ucz si\u0119 tradycyjnych krok\u00f3w tanecznych od do\u015bwiadczonych instruktor\u00f3w i nawi\u0105zuj kontakt z wykonawcami na poziomie osobistym. Niezale\u017cnie od tego, czy do\u0142\u0105czasz do ta\u0144ca grupowego, czy po prostu tupiesz nogami w rytm zara\u017aliwej muzyki, uczestnictwo w uroczysto\u015bciach dodaje autentyczno\u015bci i przyjemno\u015bci z tego do\u015bwiadczenia.<\/p>\n<p style=\"text-align: center;\">Tureckie nocne wycieczki to uczta dla zmys\u0142\u00f3w, zanurzaj\u0105ca Ci\u0119 w t\u0119tni\u0105cej \u017cyciem kulturze, tradycjach i smakach tego urzekaj\u0105cego kraju. Od kusz\u0105cych aromat\u00f3w kuchni tureckiej po hipnotyzuj\u0105ce wyst\u0119py i folklor \u2013 ka\u017cdy aspekt wycieczki ma na celu stworzenie niezapomnianych i wci\u0105gaj\u0105cych wra\u017ce\u0144. Niezale\u017cnie od tego, czy chcesz uczci\u0107 specjaln\u0105 okazj\u0119, delektowa\u0107 si\u0119 pysznym jedzeniem, czy po prostu pozna\u0107 bogate dziedzictwo kulturowe Turcji, nocna wycieczka po Turcji obiecuje wiecz\u00f3r pe\u0142en magii, rado\u015bci i wspomnie\u0144 na ca\u0142e \u017cycie.<\/p>\n<p style=\"text-align: center;\">\u017byczymy Pa\u0144stwu niezapomnianych wspomnie\u0144 z wakacji w Alanyi w Turcji.<\/p>\n<p style=\"text-align: center;\">Ps: Aby uzyska\u0107 wi\u0119cej informacji, mo\u017cesz r\u00f3wnie\u017c skontaktowa\u0107 si\u0119 przez aplikacj\u0119 Whats lub wiadomo\u015b\u0107.<\/p>\n<p style=\"text-align: center;\">Wakacyjny Zesp\u00f3\u0142 Wycieczkowy,<\/p>\n<p><iframe loading=\"lazy\" title=\"Turkish night, Alanya\" width=\"1020\" height=\"574\" src=\"https:\/\/www.youtube.com\/embed\/XrlwviRH9ZM?feature=oembed\" frameborder=\"0\" allow=\"accelerometer; autoplay; clipboard-write; encrypted-media; gyroscope; picture-in-picture\" allowfullscreen><\/iframe><\/p>\n<p><iframe loading=\"lazy\" title=\"Folk dance at Turkish night Alanya\" width=\"1020\" height=\"574\" src=\"https:\/\/www.youtube.com\/embed\/NncJg-eAwk8?feature=oembed\" frameborder=\"0\" allow=\"accelerometer; autoplay; clipboard-write; encrypted-media; gyroscope; picture-in-picture\" allowfullscreen><\/iframe><\/p>\n","protected":false},"excerpt":{"rendered":"<p>Turecka nocna wycieczka Ods\u0142oni\u0119cie magii tureckich wycieczek nocnych: uczta dla zmys\u0142\u00f3w Turcja, kraj bogaty w r\u00f3\u017cnorodno\u015b\u0107 kulturow\u0105 i \u017cywe tradycje, znana jest z urzekaj\u0105cej sceny nocnej. Tureckie nocne wycieczki oferuj\u0105 wyj\u0105tkowe i wci\u0105gaj\u0105ce wra\u017cenia, podczas kt\u00f3rych staro\u017cytne tradycje, kolorowe wyst\u0119py, wy\u015bmienita kuchnia i energiczny taniec przeplataj\u0105 si\u0119, tworz\u0105c niezapomniany wiecz\u00f3r. Podczas tej wycieczki z biurem<\/p>\n","protected":false},"featured_media":4524,"comment_status":"open","ping_status":"closed","template":"","meta":[],"product_brand":[],"product_cat":[107],"product_tag":[],"class_list":{"0":"post-5181","1":"product","2":"type-product","3":"status-publish","4":"has-post-thumbnail","6":"product_cat-wycieczki","8":"first","9":"instock","10":"featured","11":"virtual","12":"sold-individually","13":"purchasable","14":"product-type-booking"},"_links":{"self":[{"href":"https:\/\/holidayexcursion.com\/pl\/wp-json\/wp\/v2\/product\/5181","targetHints":{"allow":["GET"]}}],"collection":[{"href":"https:\/\/holidayexcursion.com\/pl\/wp-json\/wp\/v2\/product"}],"about":[{"href":"https:\/\/holidayexcursion.com\/pl\/wp-json\/wp\/v2\/types\/product"}],"replies":[{"embeddable":true,"href":"https:\/\/holidayexcursion.com\/pl\/wp-json\/wp\/v2\/comments?post=5181"}],"wp:featuredmedia":[{"embeddable":true,"href":"https:\/\/holidayexcursion.com\/pl\/wp-json\/wp\/v2\/media\/4524"}],"wp:attachment":[{"href":"https:\/\/holidayexcursion.com\/pl\/wp-json\/wp\/v2\/media?parent=5181"}],"wp:term":[{"taxonomy":"product_brand","embeddable":true,"href":"https:\/\/holidayexcursion.com\/pl\/wp-json\/wp\/v2\/product_brand?post=5181"},{"taxonomy":"product_cat","embeddable":true,"href":"https:\/\/holidayexcursion.com\/pl\/wp-json\/wp\/v2\/product_cat?post=5181"},{"taxonomy":"product_tag","embeddable":true,"href":"https:\/\/holidayexcursion.com\/pl\/wp-json\/wp\/v2\/product_tag?post=5181"}],"curies":[{"name":"wp","href":"https:\/\/api.w.org\/{rel}","templated":true}]}}