{"id":5205,"date":"2021-12-03T09:34:47","date_gmt":"2021-12-06T22:05:08","guid":{"rendered":"http:\/\/holidayexcursion.com\/excursions-in-alanya\/bez-kategorii\/sporty-wodne-w-lokalizacji-alanya\/"},"modified":"2024-03-19T00:08:12","modified_gmt":"2024-03-18T21:08:12","slug":"sportow-wodnych","status":"publish","type":"product","link":"https:\/\/holidayexcursion.com\/pl\/tours-in-alanya\/watersports-pl\/sportow-wodnych\/","title":{"rendered":"SPORTOW WODNYCH"},"content":{"rendered":"<h2 style=\"text-align: center;\">SPORTOW WODNYCH<\/h2>\n<p style=\"text-align: center;\">Od maja do pa\u017adziernika Obszar sprzeda\u017cy: Alanya, Side, Antalya, Kemer<\/p>\n<p style=\"text-align: center;\">Odkrywanie emocji zwi\u0105zanych ze sportami wodnymi w Alanyi: raj dla poszukiwaczy przyg\u00f3d<\/p>\n<p style=\"text-align: center;\">Alanya, nadmorska pere\u0142ka po\u0142o\u017cona na pi\u0119knym wybrze\u017cu Morza \u015ar\u00f3dziemnego w Turcji, jest rajem dla mi\u0142o\u015bnik\u00f3w sport\u00f3w wodnych. Dzi\u0119ki wspania\u0142ym pla\u017com, krystalicznie czystej wodzie i doskona\u0142ym warunkom pogodowym Alanya oferuje szereg ekscytuj\u0105cych sport\u00f3w wodnych, kt\u00f3re zadowol\u0105 zar\u00f3wno pocz\u0105tkuj\u0105cych, jak i do\u015bwiadczonych poszukiwaczy przyg\u00f3d. W tym programie <a href=\"https:\/\/holidayexcursion.com\/excursion-in-alanya\/\">wakacyjnych wycieczek<\/a> poprowadzimy Ci\u0119 przez ekscytuj\u0105cy \u015bwiat sport\u00f3w wodnych w Alanyi, pod\u015bwietlaj\u0105c niekt\u00f3re z ekscytuj\u0105cych zaj\u0119\u0107, w kt\u00f3rych mo\u017cesz oddawa\u0107 si\u0119 podczas wizyty w tym raju.<\/p>\n<p style=\"text-align: center;\">1. Narciarstwo wodne:<br \/>\nJednym z najpopularniejszych sport\u00f3w wodnych w Alanyi jest jazda na <a href=\"https:\/\/en.wikipedia.org\/wiki\/Personal_watercraft\" rel=\"nofollow noopener\" target=\"_blank\">nartach wodnych<\/a>. Poczuj dreszczyk emocji, p\u0142yn\u0105c po falach, poruszaj\u0105c si\u0119 po osza\u0142amiaj\u0105cym wybrze\u017cu. Niezale\u017cnie od tego, czy jeste\u015b pocz\u0105tkuj\u0105cym, czy \u0107punem adrenaliny, jazda na nartach wodnych w Alanyi to prze\u017cycie, kt\u00f3rego szybko nie zapomnisz.<\/p>\n<p style=\"text-align: center;\"><img loading=\"lazy\" decoding=\"async\" class=\"alignnone size-medium wp-image-26533\" src=\"https:\/\/holidayexcursion.com\/wp-content\/uploads\/2021\/12\/alanya-parasailing_Watersports_-300x225.jpg\" alt=\"\" width=\"300\" height=\"225\" title=\"\" srcset=\"https:\/\/holidayexcursion.com\/wp-content\/uploads\/2021\/12\/alanya-parasailing_Watersports_-300x225.jpg 300w, https:\/\/holidayexcursion.com\/wp-content\/uploads\/2021\/12\/alanya-parasailing_Watersports_-768x576.jpg 768w, https:\/\/holidayexcursion.com\/wp-content\/uploads\/2021\/12\/alanya-parasailing_Watersports_-1024x769.jpg 1024w, https:\/\/holidayexcursion.com\/wp-content\/uploads\/2021\/12\/alanya-parasailing_Watersports_-1536x1153.jpg 1536w, https:\/\/holidayexcursion.com\/wp-content\/uploads\/2021\/12\/alanya-parasailing_Watersports_-600x450.jpg 600w, https:\/\/holidayexcursion.com\/wp-content\/uploads\/2021\/12\/alanya-parasailing_Watersports_.jpg 1912w\" sizes=\"auto, (max-width: 300px) 100vw, 300px\" \/><\/p>\n<p style=\"text-align: center;\">2. <a href=\"https:\/\/en.wikipedia.org\/wiki\/Parasailing\" rel=\"nofollow noopener\" target=\"_blank\">Parasailing:<\/a><br \/>\nJe\u015bli szukasz adrenaliny i sport\u00f3w wodnych, z kt\u00f3rych roztaczaj\u0105 si\u0119 zapieraj\u0105ce dech w piersiach, panoramiczne widoki na wybrze\u017ce Alanyi, spr\u00f3buj parasailingu. Wznie\u015b si\u0119 nad lazurowe wody i poczuj podmuch wiatru, gdy jeste\u015b zawieszony wysoko na niebie, przyczepiony do spadochronu. To naprawd\u0119 niezapomniane prze\u017cycie.<\/p>\n<p style=\"text-align: center;\"><img loading=\"lazy\" decoding=\"async\" class=\"alignnone size-medium wp-image-26563\" src=\"https:\/\/holidayexcursion.com\/wp-content\/uploads\/2021\/12\/parasailing-boat-alanya-300x200.jpg\" alt=\"\" width=\"300\" height=\"200\" title=\"\" srcset=\"https:\/\/holidayexcursion.com\/wp-content\/uploads\/2021\/12\/parasailing-boat-alanya-300x200.jpg 300w, https:\/\/holidayexcursion.com\/wp-content\/uploads\/2021\/12\/parasailing-boat-alanya-768x512.jpg 768w, https:\/\/holidayexcursion.com\/wp-content\/uploads\/2021\/12\/parasailing-boat-alanya-1024x683.jpg 1024w, https:\/\/holidayexcursion.com\/wp-content\/uploads\/2021\/12\/parasailing-boat-alanya-1536x1024.jpg 1536w, https:\/\/holidayexcursion.com\/wp-content\/uploads\/2021\/12\/parasailing-boat-alanya-600x400.jpg 600w, https:\/\/holidayexcursion.com\/wp-content\/uploads\/2021\/12\/parasailing-boat-alanya.jpg 1620w\" sizes=\"auto, (max-width: 300px) 100vw, 300px\" \/><\/p>\n<p style=\"text-align: center;\">3. Nurkowanie:<br \/>\nAlanya to fantastyczne miejsce dla mi\u0142o\u015bnik\u00f3w nurkowania, z t\u0119tni\u0105cym \u017cyciem \u017cyciem morskim i wspania\u0142ymi podwodnymi krajobrazami. Odkryj ukryte g\u0142\u0119biny Morza \u015ar\u00f3dziemnego, nurkuj\u0105c obok kolorowych ryb, \u017c\u00f3\u0142wi, a nawet czasami delfin\u00f3w. Niezale\u017cnie od tego, czy jeste\u015b pocz\u0105tkuj\u0105cym, czy do\u015bwiadczonym nurkiem, Alanya oferuje r\u00f3\u017cnorodne miejsca nurkowe odpowiednie dla wszystkich poziom\u00f3w.<\/p>\n<p style=\"text-align: center;\"><img loading=\"lazy\" decoding=\"async\" class=\"alignnone size-medium wp-image-26545\" src=\"https:\/\/holidayexcursion.com\/wp-content\/uploads\/2021\/12\/Jet-ski-Alanya-holiday-excursion-300x300.png\" alt=\"\" width=\"300\" height=\"300\" title=\"\" srcset=\"https:\/\/holidayexcursion.com\/wp-content\/uploads\/2021\/12\/Jet-ski-Alanya-holiday-excursion-300x300.png 300w, https:\/\/holidayexcursion.com\/wp-content\/uploads\/2021\/12\/Jet-ski-Alanya-holiday-excursion-768x768.png 768w, https:\/\/holidayexcursion.com\/wp-content\/uploads\/2021\/12\/Jet-ski-Alanya-holiday-excursion-600x600.png 600w, https:\/\/holidayexcursion.com\/wp-content\/uploads\/2021\/12\/Jet-ski-Alanya-holiday-excursion-100x100.png 100w, https:\/\/holidayexcursion.com\/wp-content\/uploads\/2021\/12\/Jet-ski-Alanya-holiday-excursion-150x150.png 150w, https:\/\/holidayexcursion.com\/wp-content\/uploads\/2021\/12\/Jet-ski-Alanya-holiday-excursion.png 1013w\" sizes=\"auto, (max-width: 300px) 100vw, 300px\" \/><\/p>\n<p style=\"text-align: center;\">4. Paddleboarding na stoj\u0105co (SUP):<br \/>\nJe\u015bli chcesz bardziej zrelaksowanych sport\u00f3w wodnych, spr\u00f3buj p\u0142ywa\u0107 na desce z wios\u0142em na stoj\u0105co (SUP). Szybuj po spokojnych wodach i odkrywaj ukryte jaskinie i zaciszne zatoczki. SUP to nie tylko \u015bwietny spos\u00f3b, aby cieszy\u0107 si\u0119 pi\u0119knym wybrze\u017cem, ale tak\u017ce zapewnia doskona\u0142y trening mi\u0119\u015bni g\u0142\u0119bokich.<\/p>\n<p style=\"text-align: center;\"><img loading=\"lazy\" decoding=\"async\" class=\"alignnone size-medium wp-image-26539\" src=\"https:\/\/holidayexcursion.com\/wp-content\/uploads\/2021\/12\/fly-board-alanya-holiday-excursion-300x157.jpg\" alt=\"\" width=\"300\" height=\"157\" title=\"\" srcset=\"https:\/\/holidayexcursion.com\/wp-content\/uploads\/2021\/12\/fly-board-alanya-holiday-excursion-300x157.jpg 300w, https:\/\/holidayexcursion.com\/wp-content\/uploads\/2021\/12\/fly-board-alanya-holiday-excursion-768x401.jpg 768w, https:\/\/holidayexcursion.com\/wp-content\/uploads\/2021\/12\/fly-board-alanya-holiday-excursion-600x313.jpg 600w, https:\/\/holidayexcursion.com\/wp-content\/uploads\/2021\/12\/fly-board-alanya-holiday-excursion.jpg 900w\" sizes=\"auto, (max-width: 300px) 100vw, 300px\" \/><\/p>\n<p style=\"text-align: center;\">5. Flyboarding:<br \/>\nPoczuj smak przysz\u0142o\u015bci dzi\u0119ki ekscytuj\u0105cemu flyboardingowi do uprawiania sport\u00f3w wodnych. Za\u0142\u00f3\u017c plecak odrzutowy z nap\u0119dem wodnym i szybuj nad powierzchni\u0105 wody, wykonuj\u0105c triki i przewroty przecz\u0105ce grawitacji. Flyboarding \u0142\u0105czy w sobie dreszczyk emocji zwi\u0105zany ze sportami wodnymi i uczuciem latania, dzi\u0119ki czemu jest aktywno\u015bci\u0105, kt\u00f3rej trzeba spr\u00f3bowa\u0107 w Alanyi.<\/p>\n<p style=\"text-align: center;\"><img loading=\"lazy\" decoding=\"async\" class=\"alignnone size-medium wp-image-26527\" src=\"https:\/\/holidayexcursion.com\/wp-content\/uploads\/2021\/12\/Alanya-Flyboard-holiday-excursion-300x200.jpg\" alt=\"\" width=\"300\" height=\"200\" title=\"\" srcset=\"https:\/\/holidayexcursion.com\/wp-content\/uploads\/2021\/12\/Alanya-Flyboard-holiday-excursion-300x200.jpg 300w, https:\/\/holidayexcursion.com\/wp-content\/uploads\/2021\/12\/Alanya-Flyboard-holiday-excursion-768x511.jpg 768w, https:\/\/holidayexcursion.com\/wp-content\/uploads\/2021\/12\/Alanya-Flyboard-holiday-excursion-1024x681.jpg 1024w, https:\/\/holidayexcursion.com\/wp-content\/uploads\/2021\/12\/Alanya-Flyboard-holiday-excursion-1536x1021.jpg 1536w, https:\/\/holidayexcursion.com\/wp-content\/uploads\/2021\/12\/Alanya-Flyboard-holiday-excursion-600x399.jpg 600w, https:\/\/holidayexcursion.com\/wp-content\/uploads\/2021\/12\/Alanya-Flyboard-holiday-excursion.jpg 1624w\" sizes=\"auto, (max-width: 300px) 100vw, 300px\" \/><\/p>\n<p style=\"text-align: center;\">6. Wakeboarding i narty wodne:<br \/>\nIdealne warunki pogodowe i spokojne wody w Alanyi sprawiaj\u0105, \u017ce jest to idealne miejsce do uprawiania wakeboardingu i jazdy na nartach wodnych. Niezale\u017cnie od tego, czy jeste\u015b do\u015bwiadczonym profesjonalist\u0105, czy pocz\u0105tkuj\u0105cym, przypnij pasy do deski lub nart i przebijaj si\u0119 przez fale, do\u015bwiadczaj\u0105c adrenaliny w tych popularnych sportach wodnych.<\/p>\n<p style=\"text-align: center;\"><img loading=\"lazy\" decoding=\"async\" class=\"alignnone size-medium wp-image-26551\" src=\"https:\/\/holidayexcursion.com\/wp-content\/uploads\/2021\/12\/Jet-ski-alanya-holiday-watersports-300x200.webp\" alt=\"\" width=\"300\" height=\"200\" title=\"\" srcset=\"https:\/\/holidayexcursion.com\/wp-content\/uploads\/2021\/12\/Jet-ski-alanya-holiday-watersports-300x200.webp 300w, https:\/\/holidayexcursion.com\/wp-content\/uploads\/2021\/12\/Jet-ski-alanya-holiday-watersports-768x512.webp 768w, https:\/\/holidayexcursion.com\/wp-content\/uploads\/2021\/12\/Jet-ski-alanya-holiday-watersports-1024x683.webp 1024w, https:\/\/holidayexcursion.com\/wp-content\/uploads\/2021\/12\/Jet-ski-alanya-holiday-watersports-1536x1025.webp 1536w, https:\/\/holidayexcursion.com\/wp-content\/uploads\/2021\/12\/Jet-ski-alanya-holiday-watersports-2048x1366.webp 2048w, https:\/\/holidayexcursion.com\/wp-content\/uploads\/2021\/12\/Jet-ski-alanya-holiday-watersports-600x400.webp 600w\" sizes=\"auto, (max-width: 300px) 100vw, 300px\" \/><\/p>\n<p style=\"text-align: center;\"><a href=\"https:\/\/holidayexcursion.com\/tours-in-alanya\/tours\/city-tour\/\">Alanya<\/a>, ze swoim osza\u0142amiaj\u0105cym pi\u0119knem przyrody, bogatym \u017cyciem morskim i idealn\u0105 pogod\u0105, jest rajem dla mi\u0142o\u015bnik\u00f3w sport\u00f3w wodnych. Od szybkiej jazdy na nartach wodnych po spokojny paddleboarding \u2013 ka\u017cdy poszukiwacz mocnych wra\u017ce\u0144 znajdzie tu co\u015b dla siebie. Je\u015bli wi\u0119c znajdziesz si\u0119 w tym nadmorskim klejnocie, nie przegap okazji, aby zanurzy\u0107 si\u0119 w ekscytuj\u0105cym \u015bwiecie sport\u00f3w wodnych w Alanyi. Przygotuj si\u0119 na niezapomniane chwile, wspania\u0142e widoki i wspomnienia, kt\u00f3re zostan\u0105 na ca\u0142e \u017cycie.<\/p>\n<p style=\"text-align: center;\"><img loading=\"lazy\" decoding=\"async\" class=\"alignnone size-medium wp-image-26557\" src=\"https:\/\/holidayexcursion.com\/wp-content\/uploads\/2021\/12\/parasailing-alanya-holiday-excursion-300x300.png\" alt=\"\" width=\"300\" height=\"300\" title=\"\" srcset=\"https:\/\/holidayexcursion.com\/wp-content\/uploads\/2021\/12\/parasailing-alanya-holiday-excursion-300x300.png 300w, https:\/\/holidayexcursion.com\/wp-content\/uploads\/2021\/12\/parasailing-alanya-holiday-excursion-600x600.png 600w, https:\/\/holidayexcursion.com\/wp-content\/uploads\/2021\/12\/parasailing-alanya-holiday-excursion-100x100.png 100w, https:\/\/holidayexcursion.com\/wp-content\/uploads\/2021\/12\/parasailing-alanya-holiday-excursion-150x150.png 150w, https:\/\/holidayexcursion.com\/wp-content\/uploads\/2021\/12\/parasailing-alanya-holiday-excursion.png 750w\" sizes=\"auto, (max-width: 300px) 100vw, 300px\" \/><\/p>\n<p style=\"text-align: center;\">Tworzysz w\u0142asn\u0105 grup\u0119 niezatartego parasailingu na skuterze wodnym na flyboardzie, kt\u00f3r\u0105 b\u0119dziesz wspomina\u0107 ze \u015bmiechem przez ca\u0142e \u017cycie. Obiecujemy tylko, \u017ce zorganizujesz najlepsz\u0105 rozrywk\u0119 zwi\u0105zan\u0105 ze sportami wodnymi w basenie Morza \u015ar\u00f3dziemnego. Przyje\u017cd\u017casz do swoich o\u015brodk\u00f3w wypoczynkowych, ustalasz dzie\u0144 i godzin\u0119, kt\u00f3ra jest odpowiednia dla Twojego urlopu i grupy. Odbieramy Ci\u0119 z miejsca zakwaterowania na potrzeby naszych zaj\u0119\u0107. Koszt transferu 10 \u20ac.<\/p>\n<p style=\"text-align: center;\">Jetski: 60 \u20ac (15 min.)<\/p>\n<p style=\"text-align: center;\">Parasailing: 1 person 60 \u20ac, 2 person 70 \u20ac, 3 person 100 \u20ac (max 200 kilo)<\/p>\n<p style=\"text-align: center;\">(5 km. oko\u0142o 10-15 min.)<\/p>\n<p style=\"text-align: center;\">Banana: 20 \u20ac (5 km.)<\/p>\n<p style=\"text-align: center;\">Flyboard 150 \u20ac<\/p>\n<p style=\"text-align: center;\">Wyst\u0105pi\u0105 r\u00f3\u017cnice cen w zale\u017cno\u015bci od sezonu. W celu uzyskania dok\u0142adnych informacji prosimy o kontakt za po\u015brednictwem aplikacji Whats.<\/p>\n<p style=\"text-align: center;\">\u017byczymy Pa\u0144stwu niezapomnianych wspomnie\u0144 z wakacji w Alanyi w Turcji.<\/p>\n<p style=\"text-align: center;\">Ps: Aby uzyska\u0107 wi\u0119cej informacji, mo\u017cesz r\u00f3wnie\u017c skontaktowa\u0107 si\u0119 przez aplikacj\u0119 Whats lub wiadomo\u015b\u0107.<\/p>\n<p style=\"text-align: center;\">Wakacyjny Zesp\u00f3\u0142 Wycieczkowy,<\/p>\n<p><iframe loading=\"lazy\" title=\"jet ski - crazy water sports\" width=\"1020\" height=\"574\" src=\"https:\/\/www.youtube.com\/embed\/jjlsKJqbiAg?feature=oembed\" frameborder=\"0\" allow=\"accelerometer; autoplay; clipboard-write; encrypted-media; gyroscope; picture-in-picture; web-share\" allowfullscreen><\/iframe><\/p>\n<p><iframe loading=\"lazy\" title=\"Alanya Flyboard\" width=\"1020\" height=\"765\" src=\"https:\/\/www.youtube.com\/embed\/bW3sjsdwWXY?feature=oembed\" frameborder=\"0\" allow=\"accelerometer; autoplay; clipboard-write; encrypted-media; gyroscope; picture-in-picture; web-share\" allowfullscreen><\/iframe><\/p>\n<p style=\"text-align: center;\"><a href=\"https:\/\/www.youtube.com\/watch?v=NmdTLu1fV0g\" rel=\"nofollow noopener\" target=\"_blank\"><span style=\"vertical-align: inherit;\"><span style=\"vertical-align: inherit;\">https:\/\/www.youtube.com\/watch?v=NmdTLu1fV0g<\/span><\/span><\/a><\/p>\n<p><iframe loading=\"lazy\" title=\"THE GIRLS vs. BIG MABLE\" width=\"1020\" height=\"765\" src=\"https:\/\/www.youtube.com\/embed\/0GdXmlkqdUI?feature=oembed\" frameborder=\"0\" allow=\"accelerometer; autoplay; clipboard-write; encrypted-media; gyroscope; picture-in-picture; web-share\" allowfullscreen><\/iframe><\/p>\n<p style=\"text-align: center;\">\n","protected":false},"excerpt":{"rendered":"<p>SPORTOW WODNYCH Od maja do pa\u017adziernika Obszar sprzeda\u017cy: Alanya, Side, Antalya, Kemer Odkrywanie emocji zwi\u0105zanych ze sportami wodnymi w Alanyi: raj dla poszukiwaczy przyg\u00f3d Alanya, nadmorska pere\u0142ka po\u0142o\u017cona na pi\u0119knym wybrze\u017cu Morza \u015ar\u00f3dziemnego w Turcji, jest rajem dla mi\u0142o\u015bnik\u00f3w sport\u00f3w wodnych. Dzi\u0119ki wspania\u0142ym pla\u017com, krystalicznie czystej wodzie i doskona\u0142ym warunkom pogodowym Alanya oferuje szereg ekscytuj\u0105cych<\/p>\n","protected":false},"featured_media":4357,"comment_status":"open","ping_status":"closed","template":"","meta":[],"product_brand":[],"product_cat":[230],"product_tag":[],"class_list":{"0":"post-5205","1":"product","2":"type-product","3":"status-publish","4":"has-post-thumbnail","6":"product_cat-watersports-pl","8":"first","9":"instock","10":"featured","11":"virtual","12":"sold-individually","13":"purchasable","14":"product-type-booking"},"_links":{"self":[{"href":"https:\/\/holidayexcursion.com\/pl\/wp-json\/wp\/v2\/product\/5205","targetHints":{"allow":["GET"]}}],"collection":[{"href":"https:\/\/holidayexcursion.com\/pl\/wp-json\/wp\/v2\/product"}],"about":[{"href":"https:\/\/holidayexcursion.com\/pl\/wp-json\/wp\/v2\/types\/product"}],"replies":[{"embeddable":true,"href":"https:\/\/holidayexcursion.com\/pl\/wp-json\/wp\/v2\/comments?post=5205"}],"wp:featuredmedia":[{"embeddable":true,"href":"https:\/\/holidayexcursion.com\/pl\/wp-json\/wp\/v2\/media\/4357"}],"wp:attachment":[{"href":"https:\/\/holidayexcursion.com\/pl\/wp-json\/wp\/v2\/media?parent=5205"}],"wp:term":[{"taxonomy":"product_brand","embeddable":true,"href":"https:\/\/holidayexcursion.com\/pl\/wp-json\/wp\/v2\/product_brand?post=5205"},{"taxonomy":"product_cat","embeddable":true,"href":"https:\/\/holidayexcursion.com\/pl\/wp-json\/wp\/v2\/product_cat?post=5205"},{"taxonomy":"product_tag","embeddable":true,"href":"https:\/\/holidayexcursion.com\/pl\/wp-json\/wp\/v2\/product_tag?post=5205"}],"curies":[{"name":"wp","href":"https:\/\/api.w.org\/{rel}","templated":true}]}}