{"id":5224,"date":"2021-12-03T09:35:44","date_gmt":"2021-12-06T22:05:10","guid":{"rendered":"http:\/\/holidayexcursion.com\/excursions-in-alanya\/bez-kategorii\/wycieczka-wedkarska-i-snorkelingowa\/"},"modified":"2024-03-18T19:25:36","modified_gmt":"2024-03-18T16:25:36","slug":"wyprawa-wedkarska","status":"publish","type":"product","link":"https:\/\/holidayexcursion.com\/pl\/tours-in-alanya\/wycieczki\/wyprawa-wedkarska\/","title":{"rendered":"Wycieczka w\u0119dkarska"},"content":{"rendered":"<h2 style=\"text-align: center;\"><\/h2>\n<h3 id=\"highlights\" class=\"highlights\" style=\"text-align: center;\"><strong>WYCIECZKA W\u0118DKOWA<\/strong><\/h3>\n<h3 class=\"highlights\" style=\"text-align: center;\"><strong style=\"color: #555555; font-size: 14.4px;\">Zanurz si\u0119 w przygod\u0119: odkrywanie g\u0142\u0119bin podczas wyprawy w\u0119dkarskiej<\/strong><\/h3>\n<div class=\"activity-details-content\" style=\"text-align: center;\">\n<section id=\"inclusions\" class=\"inclusions long-txt\">\n<div class=\"hed\">\n<p>Dla tych, kt\u00f3rzy szukaj\u0105 przyg\u00f3d i wci\u0105gaj\u0105cych wra\u017ce\u0144 na \u0142onie <a href=\"https:\/\/holidayexcursion.com\/tours-in-alanya\/tours\/quad-safari-tour\/\">natury<\/a>, wyprawy w\u0119dkarskie oferuj\u0105 idealne po\u0142\u0105czenie emocji i spokoju. Niezale\u017cnie od tego, czy jeste\u015b entuzjast\u0105 w\u0119dkarstwa, czy zagorza\u0142ym nurkiem, te wycieczki pozwol\u0105 Ci nawi\u0105za\u0107 kontakt z wod\u0105 i jej mieszka\u0144cami w naprawd\u0119 wyj\u0105tkowy spos\u00f3b. Podczas tej wycieczki z biurem podr\u00f3\u017cy Holiday Excursion zanurzymy si\u0119 w \u015bwiat w\u0119dkarstwa, odkrywaj\u0105c bogate \u017cycie morskie, osza\u0142amiaj\u0105ce podwodne ekosystemy i dreszczyk emocji zwi\u0105zany z \u0142owieniem danego dnia.<\/p>\n<p><img loading=\"lazy\" decoding=\"async\" class=\"alignnone size-medium wp-image-28339\" src=\"https:\/\/holidayexcursion.com\/wp-content\/uploads\/2021\/12\/Alanya-fishing-tour-1-300x200.jpg\" alt=\"\" width=\"300\" height=\"200\" title=\"\" srcset=\"https:\/\/holidayexcursion.com\/wp-content\/uploads\/2021\/12\/Alanya-fishing-tour-1-300x200.jpg 300w, https:\/\/holidayexcursion.com\/wp-content\/uploads\/2021\/12\/Alanya-fishing-tour-1-600x400.jpg 600w, https:\/\/holidayexcursion.com\/wp-content\/uploads\/2021\/12\/Alanya-fishing-tour-1.jpg 750w\" sizes=\"auto, (max-width: 300px) 100vw, 300px\" \/><\/p>\n<p>1. Zarzucanie \u017cy\u0142ki: Wycieczka w\u0119dkarska:<\/p>\n<p>Wycieczki w\u0119dkarskie s\u0105 nie tylko dla do\u015bwiadczonych w\u0119dkarzy; s\u0105 r\u00f3wnie\u017c idealne dla pocz\u0105tkuj\u0105cych, kt\u00f3rzy chc\u0105 nauczy\u0107 si\u0119 sztuki w\u0119dkarstwa. Wyposa\u017coni w profesjonalnych przewodnik\u00f3w, kt\u00f3rzy s\u0105 dobrze zaznajomieni z lokalnymi \u0142owiskami, b\u0119dziesz mia\u0142 okazj\u0119 odkry\u0107 najlepsze miejsca i techniki w\u0119dkowania w okolicy. Niezale\u017cnie od tego, czy wolisz w\u0119dkarstwo s\u0142odkowodne, czy morskie, wycieczki te daj\u0105 szans\u0119 na \u0142owienie r\u00f3\u017cnych gatunk\u00f3w ryb, od pstr\u0105ga i \u0142ososia po marlina i tu\u0144czyka. Ekscytuj\u0105ce uczucie szarpni\u0119cia \u017cy\u0142ki i oczekiwanie na to, co mo\u017cesz z\u0142owi\u0107, sprawiaj\u0105, \u017ce wyprawy w\u0119dkarskie s\u0105 ekscytuj\u0105cym prze\u017cyciem dla wszystkich.<\/p>\n<p><img loading=\"lazy\" decoding=\"async\" class=\"alignnone size-medium wp-image-28363\" src=\"https:\/\/holidayexcursion.com\/wp-content\/uploads\/2021\/12\/Fishing-tour-1.jpg\" alt=\"\" width=\"287\" height=\"175\" title=\"\"><\/p>\n<p>2. Odkrywanie podwodnych cud\u00f3w: wyprawa w\u0119dkarska:<\/p>\n<p>Wycieczki w\u0119dkarskie pozwalaj\u0105 zanurzy\u0107 si\u0119 w t\u0119tni\u0105cym \u017cyciem \u015bwiecie pod powierzchni\u0105 wody. Wyposa\u017cony w mask\u0119, fajk\u0119 i p\u0142etwy, mo\u017cesz szybowa\u0107 po krystalicznie czystej wodzie, obserwuj\u0105c niesamowit\u0105 r\u00f3\u017cnorodno\u015b\u0107 \u017cycia morskiego. Od kolorowych, pe\u0142nych wdzi\u0119ku podwodnych pi\u0119kno\u015bci, <a href=\"https:\/\/en.wikipedia.org\/wiki\/Sea_turtle\" rel=\"nofollow noopener\" target=\"_blank\">\u017c\u00f3\u0142wi morskich<\/a> i weso\u0142ych delfin\u00f3w, wycieczki z rurk\u0105 oferuj\u0105 bliskie spotkanie z cudami natury. Eksploruj wspania\u0142e podwodne krajobrazy, obserwuj skomplikowany ekosystem, a nawet miej szans\u0119 pop\u0142ywa\u0107. Wycieczki w\u0119dkarskie zapewniaj\u0105 ekscytuj\u0105ce i edukacyjne prze\u017cycie dla mi\u0142o\u015bnik\u00f3w przyrody w ka\u017cdym wieku.<\/p>\n<p><img loading=\"lazy\" decoding=\"async\" class=\"alignnone size-medium wp-image-28357\" src=\"https:\/\/holidayexcursion.com\/wp-content\/uploads\/2021\/12\/fishing-Alanya-300x220.webp\" alt=\"\" width=\"300\" height=\"220\" title=\"\" srcset=\"https:\/\/holidayexcursion.com\/wp-content\/uploads\/2021\/12\/fishing-Alanya-300x220.webp 300w, https:\/\/holidayexcursion.com\/wp-content\/uploads\/2021\/12\/fishing-Alanya-768x563.webp 768w, https:\/\/holidayexcursion.com\/wp-content\/uploads\/2021\/12\/fishing-Alanya-600x440.webp 600w, https:\/\/holidayexcursion.com\/wp-content\/uploads\/2021\/12\/fishing-Alanya.webp 960w\" sizes=\"auto, (max-width: 300px) 100vw, 300px\" \/><\/p>\n<p>3. Praktyki przyjazne dla \u015brodowiska i ochrona:<\/p>\n<p>Odpowiedzialne wyprawy w\u0119dkarskie traktuj\u0105 priorytetowo ochron\u0119 i zachowanie ekosystem\u00f3w morskich. Wielu organizator\u00f3w wycieczek przestrzega zr\u00f3wnowa\u017conych praktyk po\u0142owowych, zapewniaj\u0105c stosowanie metod po\u0142owu i wypuszczania w celu zminimalizowania wp\u0142ywu na populacj\u0119 ryb. Wycieczki snorkelingowe podkre\u015blaj\u0105 r\u00f3wnie\u017c znaczenie zachowa\u0144 przyjaznych dla \u015brodowiska, takich jak powstrzymywanie si\u0119 od dotykania lub niszczenia raf koralowych oraz poszanowanie naturalnego \u015brodowiska stworze\u0144 morskich. Bior\u0105c udzia\u0142 w tych wycieczkach, aktywnie przyczyniasz si\u0119 do dzia\u0142a\u0144 ochronnych niezb\u0119dnych do ochrony naszych ocean\u00f3w dla przysz\u0142ych pokole\u0144.<\/p>\n<p><img loading=\"lazy\" decoding=\"async\" class=\"alignnone size-medium wp-image-28345\" src=\"https:\/\/holidayexcursion.com\/wp-content\/uploads\/2021\/12\/fishing-alanya-2-300x213.jpg\" alt=\"\" width=\"300\" height=\"213\" title=\"\" srcset=\"https:\/\/holidayexcursion.com\/wp-content\/uploads\/2021\/12\/fishing-alanya-2-300x213.jpg 300w, https:\/\/holidayexcursion.com\/wp-content\/uploads\/2021\/12\/fishing-alanya-2-768x545.jpg 768w, https:\/\/holidayexcursion.com\/wp-content\/uploads\/2021\/12\/fishing-alanya-2-600x425.jpg 600w, https:\/\/holidayexcursion.com\/wp-content\/uploads\/2021\/12\/fishing-alanya-2.jpg 1000w\" sizes=\"auto, (max-width: 300px) 100vw, 300px\" \/><\/p>\n<p>4. Wskaz\u00f3wki ekspert\u00f3w i \u015brodki bezpiecze\u0144stwa:<\/p>\n<p>Wycieczki w\u0119dkarskie prowadzone s\u0105 przez do\u015bwiadczonych przewodnik\u00f3w i instruktor\u00f3w, dla kt\u00f3rych priorytetem jest Twoje bezpiecze\u0144stwo i przyjemno\u015b\u0107. Posiadaj\u0105 rozleg\u0142\u0105 wiedz\u0119 na temat lokalnych w\u00f3d, <a href=\"https:\/\/holidayexcursion.com\/tours-in-alanya\/tours\/antalya-aquarium-tour\/\">\u017cycia morskiego<\/a> i najlepszych technik udanej wycieczki. Niezale\u017cnie od tego, czy jeste\u015b pocz\u0105tkuj\u0105cym, czy do\u015bwiadczonym poszukiwaczem przyg\u00f3d, ich wiedza gwarantuje satysfakcjonuj\u0105ce do\u015bwiadczenie. Aby zapewni\u0107 dobre samopoczucie podczas wycieczki, wdro\u017cono r\u00f3wnie\u017c \u015brodki bezpiecze\u0144stwa, takie jak zapewnienie odpowiednich kamizelek ratunkowych i apteczek.<\/p>\n<p><img loading=\"lazy\" decoding=\"async\" class=\"alignnone size-medium wp-image-28351\" src=\"https:\/\/holidayexcursion.com\/wp-content\/uploads\/2021\/12\/fishing-alanya-300x225.jpg\" alt=\"\" width=\"300\" height=\"225\" title=\"\" srcset=\"https:\/\/holidayexcursion.com\/wp-content\/uploads\/2021\/12\/fishing-alanya-300x225.jpg 300w, https:\/\/holidayexcursion.com\/wp-content\/uploads\/2021\/12\/fishing-alanya.jpg 600w\" sizes=\"auto, (max-width: 300px) 100vw, 300px\" \/><\/p>\n<p>5. Niezapomniane wspomnienia i po\u0142\u0105czenie z natur\u0105:<\/p>\n<p>Udzia\u0142 w wyprawie w\u0119dkarskiej otwiera drzwi do niezapomnianych wspomnie\u0144 i g\u0142\u0119bszego po\u0142\u0105czenia ze \u015bwiatem przyrody. Dreszcz emocji zwi\u0105zany z \u0142owieniem ryb, spok\u00f3j dziewiczych w\u00f3d i inspiruj\u0105ce spotkania z morskim \u017cyciem pozostawiaj\u0105 niezatarty \u015blad w Twoim poszukiwaczu przyg\u00f3d. Te wyprawy w\u0119dkarskie daj\u0105 mo\u017cliwo\u015b\u0107 oderwania si\u0119 od codziennej rutyny i ponownego po\u0142\u0105czenia si\u0119 z natur\u0105, daj\u0105c poczucie zachwytu i uznania dla pi\u0119kna le\u017c\u0105cego pod powierzchni\u0105.<\/p>\n<p>Wycieczka w\u0119dkarska jest bram\u0105 do odkrywania czaruj\u0105cego podwodnego \u015bwiata i zanurzenia si\u0119 w spokoju natury. Niezale\u017cnie od tego, czy interesuje Ci\u0119 ekscytuj\u0105ce \u0142owienie cennego po\u0142owu, czy te\u017c szukasz spokoju podczas snorkelingu w\u015br\u00f3d t\u0119tni\u0105cych \u017cyciem ekosystem\u00f3w morskich, te wycieczki zapewni\u0105 niezapomniane wra\u017cenia entuzjastom na ka\u017cdym poziomie. Spakuj wi\u0119c sw\u00f3j sprz\u0119t, zanurz si\u0119 w przygod\u0119 i stw\u00f3rz wspomnienia, kt\u00f3re zostan\u0105 na ca\u0142e \u017cycie, gdy wyruszysz na wyprawy w\u0119dkarskie i snorkelingowe.<\/p>\n<div><strong>PROGRAM WYCIECZKI W\u0118DKARSKIEJ DO ALANYI:<\/strong><\/div>\n<div>* Odbi\u00f3r z hoteli i apartament\u00f3w w Alanyi, przyjazd do portu w Alanyi<\/div>\n<div>* \u0141\u00f3d\u017a rybacka wyp\u0142ywa z portu, sprz\u0119t rybacki Disturubute.<\/div>\n<div>* W\u0119dkarstwo na otwartym morzu, Lunch na \u0142odzi, Przerwy na p\u0142ywanie.<\/div>\n<div>* Powr\u00f3t do portu w Alanyi, wysiadanie w hotelach i apartamentach w Alanyi<\/div>\n<div><\/div>\n<div><strong>CENA ZAWIERA:<\/strong><\/div>\n<div>* Odbi\u00f3r\/dow\u00f3z z hoteli i apartament\u00f3w w Alanyi<\/div>\n<div>* Kapitan, rybak, sprz\u0119t w\u0119dkarski, lunch, napoje bezalkoholowe<\/div>\n<div><\/div>\n<div><strong>OPCJONALNE DODATKI:<\/strong><\/div>\n<div>* Napoje alkoholowe<\/div>\n<div><\/div>\n<div><strong>DODATKOWE INFORMACJE I WSKAZ\u00d3WKI:<\/strong><\/div>\n<div>* Zabierz ze sob\u0105 kostiumy k\u0105pielowe, krem \u200b\u200bdo opalania i r\u0119czniki<\/div>\n<div>* \u0141\u00f3d\u017a rybacka posiada WC i prysznic<\/div>\n<\/div>\n<div class=\"hed\"><\/div>\n<\/section>\n<section id=\"exclusions\" class=\"exclusions long-txt\">\n<div class=\"hed\">\n<p>\u017byczymy Pa\u0144stwu niezapomnianych wspomnie\u0144 z wakacji w Alanyi w Turcji.<\/p>\n<p>Ps: Aby uzyska\u0107 wi\u0119cej informacji, mo\u017cesz r\u00f3wnie\u017c skontaktowa\u0107 si\u0119 przez aplikacj\u0119 Whats lub wiadomo\u015b\u0107.<\/p>\n<p>Wakacyjny Zesp\u00f3\u0142 Wycieczkowy,<\/p>\n<p><iframe loading=\"lazy\" title=\"Spear Fishing Monster Bluefin Tuna BIGGER THAN ME in Turkey!\" width=\"1020\" height=\"574\" src=\"https:\/\/www.youtube.com\/embed\/IeaqTCX1HK4?feature=oembed\" frameborder=\"0\" allow=\"accelerometer; autoplay; clipboard-write; encrypted-media; gyroscope; picture-in-picture; web-share\" allowfullscreen><\/iframe><\/p>\n<\/div>\n<\/section>\n<div>\n<p><iframe loading=\"lazy\" title=\"GP011624\" width=\"1020\" height=\"574\" src=\"https:\/\/www.youtube.com\/embed\/FcO3MSo-3U8?feature=oembed\" frameborder=\"0\" allow=\"accelerometer; autoplay; clipboard-write; encrypted-media; gyroscope; picture-in-picture; web-share\" allowfullscreen><\/iframe><\/p>\n<\/div>\n<\/div>\n","protected":false},"excerpt":{"rendered":"<p>WYCIECZKA W\u0118DKOWA Zanurz si\u0119 w przygod\u0119: odkrywanie g\u0142\u0119bin podczas wyprawy w\u0119dkarskiej Dla tych, kt\u00f3rzy szukaj\u0105 przyg\u00f3d i wci\u0105gaj\u0105cych wra\u017ce\u0144 na \u0142onie natury, wyprawy w\u0119dkarskie oferuj\u0105 idealne po\u0142\u0105czenie emocji i spokoju. Niezale\u017cnie od tego, czy jeste\u015b entuzjast\u0105 w\u0119dkarstwa, czy zagorza\u0142ym nurkiem, te wycieczki pozwol\u0105 Ci nawi\u0105za\u0107 kontakt z wod\u0105 i jej mieszka\u0144cami w naprawd\u0119 wyj\u0105tkowy spos\u00f3b.<\/p>\n","protected":false},"featured_media":22743,"comment_status":"open","ping_status":"closed","template":"","meta":[],"product_brand":[],"product_cat":[107],"product_tag":[],"class_list":{"0":"post-5224","1":"product","2":"type-product","3":"status-publish","4":"has-post-thumbnail","6":"product_cat-wycieczki","8":"first","9":"instock","10":"featured","11":"virtual","12":"sold-individually","13":"purchasable","14":"product-type-booking"},"_links":{"self":[{"href":"https:\/\/holidayexcursion.com\/pl\/wp-json\/wp\/v2\/product\/5224","targetHints":{"allow":["GET"]}}],"collection":[{"href":"https:\/\/holidayexcursion.com\/pl\/wp-json\/wp\/v2\/product"}],"about":[{"href":"https:\/\/holidayexcursion.com\/pl\/wp-json\/wp\/v2\/types\/product"}],"replies":[{"embeddable":true,"href":"https:\/\/holidayexcursion.com\/pl\/wp-json\/wp\/v2\/comments?post=5224"}],"wp:featuredmedia":[{"embeddable":true,"href":"https:\/\/holidayexcursion.com\/pl\/wp-json\/wp\/v2\/media\/22743"}],"wp:attachment":[{"href":"https:\/\/holidayexcursion.com\/pl\/wp-json\/wp\/v2\/media?parent=5224"}],"wp:term":[{"taxonomy":"product_brand","embeddable":true,"href":"https:\/\/holidayexcursion.com\/pl\/wp-json\/wp\/v2\/product_brand?post=5224"},{"taxonomy":"product_cat","embeddable":true,"href":"https:\/\/holidayexcursion.com\/pl\/wp-json\/wp\/v2\/product_cat?post=5224"},{"taxonomy":"product_tag","embeddable":true,"href":"https:\/\/holidayexcursion.com\/pl\/wp-json\/wp\/v2\/product_tag?post=5224"}],"curies":[{"name":"wp","href":"https:\/\/api.w.org\/{rel}","templated":true}]}}