{"id":5225,"date":"2021-12-03T09:37:01","date_gmt":"2021-12-06T22:05:11","guid":{"rendered":"http:\/\/holidayexcursion.com\/excursions-in-alanya\/bez-kategorii\/wycieczka-na-quadach\/"},"modified":"2023-11-29T17:38:55","modified_gmt":"2023-11-29T14:38:55","slug":"quad-safari-wycieczka","status":"publish","type":"product","link":"https:\/\/holidayexcursion.com\/pl\/tours-in-alanya\/wycieczki\/quad-safari-wycieczka\/","title":{"rendered":"SAFARI QUADOWE"},"content":{"rendered":"<h2 style=\"text-align: center;\">Wycieczka quadami safari<\/h2>\n<p style=\"text-align: center;\">Odkrywanie natural nego pi\u0119kna <a href=\"https:\/\/en.wikipedia.org\/wiki\/Alanya\" rel=\"nofollow noopener\" target=\"_blank\">Alanyi<\/a> podczas wycieczki quadem safari<\/p>\n<p style=\"text-align: center;\">Alanya, po\u0142o\u017cona na po\u0142udniowym wybrze\u017cu Antalyi w Turcji, to miejsce znane ze wspania\u0142ych krajobraz\u00f3w, turkusowych w\u00f3d i bogatego dziedzictwa kulturowego. Chocia\u017c istnieje wiele sposob\u00f3w na poznanie tego pi\u0119knego regionu, wycieczka safari na quadach oferuje wyj\u0105tkowe i ekscytuj\u0105ce prze\u017cycie, kt\u00f3re pozwala zag\u0142\u0119bi\u0107 si\u0119 w natur\u0119 i odkry\u0107 ukryte skarby na uboczu. Podczas tej wycieczki na quadach z biurem podr\u00f3\u017cy Holiday Excursion odkryjemy cuda Alanyi przez pryzmat safari na quadach, podkre\u015blaj\u0105c dreszczyk emocji, przygod\u0119 i naturalne pi\u0119kno, kt\u00f3re nas czeka.<\/p>\n<p style=\"text-align: center;\">1. Dreszczyk jazdy na quadach:<\/p>\n<p style=\"text-align: center;\">Wyruszenie na <a href=\"https:\/\/holidayexcursion.com\/tours-in-alanya\/rent-a-car\/quad\/\">quadowe<\/a> safari w Alanyi to przygoda pe\u0142na adrenaliny, idealna dla poszukiwaczy mocnych wra\u017ce\u0144. Jazda na quadzie pozwala porusza\u0107 si\u0119 po nier\u00f3wnym terenie, pokonywa\u0107 wymagaj\u0105ce szlaki i do\u015bwiadczy\u0107 prawdziwego ducha eksploracji terenowej. Niezale\u017cnie od tego, czy jeste\u015b do\u015bwiadczonym je\u017ad\u017acem, czy pocz\u0105tkuj\u0105cym, quady s\u0105 \u0142atwe w obs\u0142udze, dzi\u0119ki czemu s\u0105 dost\u0119pne dla ka\u017cdego, kto chce prze\u017cy\u0107 emocje zwi\u0105zane z przygod\u0105 terenow\u0105.<\/p>\n<p style=\"text-align: center;\"><img loading=\"lazy\" decoding=\"async\" class=\"alignnone size-medium wp-image-26186\" src=\"https:\/\/holidayexcursion.com\/wp-content\/uploads\/2021\/12\/atv-safari-holiday-excursion-300x218.jpg\" alt=\"\" width=\"300\" height=\"218\" title=\"\" srcset=\"https:\/\/holidayexcursion.com\/wp-content\/uploads\/2021\/12\/atv-safari-holiday-excursion-300x218.jpg 300w, https:\/\/holidayexcursion.com\/wp-content\/uploads\/2021\/12\/atv-safari-holiday-excursion-768x557.jpg 768w, https:\/\/holidayexcursion.com\/wp-content\/uploads\/2021\/12\/atv-safari-holiday-excursion-600x435.jpg 600w, https:\/\/holidayexcursion.com\/wp-content\/uploads\/2021\/12\/atv-safari-holiday-excursion.jpg 997w\" sizes=\"auto, (max-width: 300px) 100vw, 300px\" \/><\/p>\n<p style=\"text-align: center;\">2. Uwolnij odkrywc\u0119 w sobie:<\/p>\n<p style=\"text-align: center;\">Alanya jest obdarzona r\u00f3\u017cnorodnym i inspiruj\u0105cym naturalnym krajobrazem. Wycieczka na quadach safari daje mo\u017cliwo\u015b\u0107 opuszczenia granic tradycyjnych atrakcji turystycznych i udania si\u0119 do serca osza\u0142amiaj\u0105cej przyrody Alanyi. Jad\u0105c przez g\u00f3ry, lasy i wiejskie wioski, b\u0119dziesz \u015bwiadkiem zapieraj\u0105cych dech w piersiach panoramicznych widok\u00f3w i napotkasz dziewicze krajobrazy, cz\u0119sto niedost\u0119pne dla typowych turyst\u00f3w.<\/p>\n<p style=\"text-align: center;\">3. Wycieczki poza utartymi szlakami:<\/p>\n<p style=\"text-align: center;\">Jedn\u0105 z kluczowych zalet wycieczki quadem safari jest mo\u017cliwo\u015b\u0107 dost\u0119pu do odleg\u0142ych obszar\u00f3w i tajnych miejsc. Ucieknij od t\u0142um\u00f3w i zanurz si\u0119 w nietkni\u0119tym pi\u0119knie ukrytych skarb\u00f3w Alanyi. Przemierzaj malownicze gaje oliwne, przemierzaj w\u0105skie, gruntowe \u015bcie\u017cki i odkrywaj zaciszne zatoczki z krystalicznie czyst\u0105 wod\u0105. Z kompetentnym przewodnikiem na czele mo\u017cesz odkry\u0107 najlepiej strze\u017cone tajemnice regionu i stworzy\u0107 niezapomniane wspomnienia.<\/p>\n<p style=\"text-align: center;\"><img loading=\"lazy\" decoding=\"async\" class=\"alignnone size-medium wp-image-26192\" src=\"https:\/\/holidayexcursion.com\/wp-content\/uploads\/2021\/12\/atv-safari-turu-Alanya-300x150.jpg\" alt=\"\" width=\"300\" height=\"150\" title=\"\" srcset=\"https:\/\/holidayexcursion.com\/wp-content\/uploads\/2021\/12\/atv-safari-turu-Alanya-300x150.jpg 300w, https:\/\/holidayexcursion.com\/wp-content\/uploads\/2021\/12\/atv-safari-turu-Alanya-600x300.jpg 600w, https:\/\/holidayexcursion.com\/wp-content\/uploads\/2021\/12\/atv-safari-turu-Alanya.jpg 700w\" sizes=\"auto, (max-width: 300px) 100vw, 300px\" \/><\/p>\n<p style=\"text-align: center;\">4. Obejmuj\u0105c spok\u00f3j i naturalne pi\u0119kno:<\/p>\n<p style=\"text-align: center;\">Naturalne pi\u0119kno Alanyi budzi podziw, a wycieczka safari na quadach pozwala w pe\u0142ni zanurzy\u0107 si\u0119 w jej wspania\u0142o\u015bci. Przemierzaj doliny ozdobione \u017cyw\u0105 flor\u0105 i faun\u0105, zobacz kaskady wodospad\u00f3w, kt\u00f3re zapewniaj\u0105 orze\u017awiaj\u0105cy odpoczynek, i wij si\u0119 wzd\u0142u\u017c rzek i strumieni wij\u0105cych si\u0119 przez urzekaj\u0105cy krajobraz. Na ka\u017cdym zakr\u0119cie napotkasz zapieraj\u0105ce dech w piersiach widoki, kt\u00f3re zapieraj\u0105 dech w piersiach, zapewniaj\u0105c szerokie mo\u017cliwo\u015bci zrobienia niezapomnianych zdj\u0119\u0107.<\/p>\n<p style=\"text-align: center;\">5. Do\u015bwiadczenie lokalnej go\u015bcinno\u015bci:<\/p>\n<p style=\"text-align: center;\">Wycieczki na quadach cz\u0119sto obejmuj\u0105 przystanki w lokalnych wioskach, dzi\u0119ki czemu mo\u017cesz do\u015bwiadczy\u0107 ciep\u0142a i go\u015bcinno\u015bci regionu Alanya. Wejd\u017a w interakcj\u0119 z mieszka\u0144cami, poznaj ich zwyczaje i tradycje oraz delektuj si\u0119 r\u00f3\u017cnymi tradycyjnymi przysmakami. Ten aspekt wycieczki nie tylko pog\u0142\u0119bia wiedz\u0119 na temat lokalnej kultury, ale tak\u017ce zapewnia g\u0142\u0119bsz\u0105 wi\u0119\u017a z odwiedzanymi miejscami.<\/p>\n<p style=\"text-align: center;\"><img loading=\"lazy\" decoding=\"async\" class=\"alignnone size-medium wp-image-26204\" src=\"https:\/\/holidayexcursion.com\/wp-content\/uploads\/2021\/12\/Quad-safari-alanya-300x169.jpg\" alt=\"\" width=\"300\" height=\"169\" title=\"\" srcset=\"https:\/\/holidayexcursion.com\/wp-content\/uploads\/2021\/12\/Quad-safari-alanya-300x169.jpg 300w, https:\/\/holidayexcursion.com\/wp-content\/uploads\/2021\/12\/Quad-safari-alanya-768x432.jpg 768w, https:\/\/holidayexcursion.com\/wp-content\/uploads\/2021\/12\/Quad-safari-alanya-1024x576.jpg 1024w, https:\/\/holidayexcursion.com\/wp-content\/uploads\/2021\/12\/Quad-safari-alanya-600x338.jpg 600w, https:\/\/holidayexcursion.com\/wp-content\/uploads\/2021\/12\/Quad-safari-alanya.jpg 1080w\" sizes=\"auto, (max-width: 300px) 100vw, 300px\" \/><\/p>\n<p style=\"text-align: center;\">Wycieczka na quadach w Alanyi zabierze Ci\u0119 w ekscytuj\u0105c\u0105 i niezapomnian\u0105 przygod\u0119 w\u015br\u00f3d cud\u00f3w natury regionu. Oferuje ucieczk\u0119 od zwyk\u0142ych atrakcji turystycznych i pozwala zanurzy\u0107 si\u0119 w surowym i nietkni\u0119tym pi\u0119knie wsi. Od zapieraj\u0105cych dech w piersiach widok\u00f3w po ukryte klejnoty \u2013 wycieczka quadem safari zapewnia niezapomniane wra\u017cenia, kt\u00f3re \u0142\u0105cz\u0105 adrenalin\u0119, eksploracj\u0119 i budz\u0105ce podziw pi\u0119kno przyrody. Przygotuj si\u0119, wskocz na quada i pozw\u00f3l, aby wspania\u0142e krajobrazy Alanyi zabra\u0142y Ci\u0119 w niezapomnian\u0105 podr\u00f3\u017c odkrywcz\u0105.<\/p>\n<p style=\"text-align: center;\">Przejed\u017a swoim w\u0142asnym quadem przez najwi\u0119ksz\u0105 ruchom\u0105 mas\u0119 b\u0142ota i kurzu w po\u0142udniowej Turcji. Sp\u0119d\u017a ponad 2 ekscytuj\u0105ce godziny jad\u0105c przez lasy, g\u0142\u0119bokie doliny i strumienie wody w <a href=\"https:\/\/en.wikipedia.org\/wiki\/Taurus_Mountains\" rel=\"nofollow noopener\" target=\"_blank\">g\u00f3rach Taurus.<\/a><\/p>\n<p style=\"text-align: center;\">   <img loading=\"lazy\" decoding=\"async\" class=\"alignnone size-medium wp-image-26198\" src=\"https:\/\/holidayexcursion.com\/wp-content\/uploads\/2021\/12\/Quad-safari-alanya-holiday-excursion-1-300x225.jpg\" alt=\"\" width=\"300\" height=\"225\" title=\"\" srcset=\"https:\/\/holidayexcursion.com\/wp-content\/uploads\/2021\/12\/Quad-safari-alanya-holiday-excursion-1-300x225.jpg 300w, https:\/\/holidayexcursion.com\/wp-content\/uploads\/2021\/12\/Quad-safari-alanya-holiday-excursion-1-768x576.jpg 768w, https:\/\/holidayexcursion.com\/wp-content\/uploads\/2021\/12\/Quad-safari-alanya-holiday-excursion-1-600x450.jpg 600w, https:\/\/holidayexcursion.com\/wp-content\/uploads\/2021\/12\/Quad-safari-alanya-holiday-excursion-1.jpg 1024w\" sizes=\"auto, (max-width: 300px) 100vw, 300px\" \/><\/p>\n<p style=\"text-align: center;\">Ciesz si\u0119 najnowszym i najbardziej adrenalinowym sposobem na odkrywanie g\u00f3r Taurus, skacz\u0105c na quadzie (ATV). Jed\u017a swoj\u0105 w\u0142asn\u0105, najlepsz\u0105 maszyn\u0105 do zabawy, przez najwi\u0119ksz\u0105 ruchom\u0105 mas\u0119 b\u0142ota i kurzu w po\u0142udniowej Turcji, dzi\u0119ki naszym wycieczkom quadami z Alanyi, Side, Belek, Antalya i Kemer.<\/p>\n<p style=\"text-align: center;\">Sp\u0119dzisz ponad dwie godziny na zwiedzaniu \u015brodowiska naturalnego i poznaniu wielu zabytk\u00f3w od naszego przyjaznego i profesjonalnego przewodnika na pok\u0142adzie Twojego roweru ATV. B\u0119dziesz je\u017adzi\u0107 quadem przez wspania\u0142\u0105 przyrod\u0119, lasy sosnowe i b\u0142otniste strumienie, aby prze\u017cy\u0107 wyj\u0105tkowe wra\u017cenia z g\u00f3r Taurus. Drzewa li\u015bciaste i iglaste, g\u0142\u0119bokie doliny, strumienie wodne i wodospady sprawiaj\u0105, \u017ce G\u00f3ry Taurus s\u0105 miejscem niezr\u00f3wnanej urody.<\/p>\n<p style=\"text-align: center;\">Nie musisz mie\u0107 \u017cadnego wcze\u015bniejszego do\u015bwiadczenia w je\u017adzie quadem ani posiada\u0107 prawa jazdy. Po kr\u00f3tkim samouczku i odrobinie praktyki b\u0119dziesz gotowy do bezpiecznego startu w tym nap\u0119dzanym adrenalin\u0105 przyp\u0142ywie \u017cycia!<\/p>\n<p style=\"text-align: center;\">Cena zawiera:<\/p>\n<p style=\"text-align: center;\">Odbi\u00f3r i dow\u00f3z z\/do hoteli.<br \/>\nprowadzenie<br \/>\nWycieczka quadem trwaj\u0105ca oko\u0142o 2,5 godziny (22 &#8211; 27 km)<\/p>\n<p style=\"text-align: center;\">Cena NIE zawiera:<\/p>\n<p style=\"text-align: center;\">Jedzenie, napoje i wydatki osobiste.<br \/>\nZdj\u0119cia i filmy.<br \/>\nMaska na twarz (przeciwpy\u0142owa).<br \/>\nDodatkowe informacje:<br \/>\nNasza wycieczka quadem jest dost\u0119pna dla os\u00f3b w wieku 16 lat i starszych. Je\u015bli masz mniej ni\u017c 16 lat, mo\u017cesz wzi\u0105\u0107 udzia\u0142 w naszej sesji wycieczki quadem, ale jako pasa\u017cer i musz\u0105 Ci towarzyszy\u0107 rodzice lub opiekun. Na miejscu pasa\u017cera mog\u0105 bra\u0107 udzia\u0142 r\u00f3wnie\u017c dzieci poni\u017cej 11 roku \u017cycia, na odpowiedzialno\u015b\u0107 rodzic\u00f3w.<br \/>\nKa\u017cda sesja wycieczki Quad trwa oko\u0142o 2 godzin*<br \/>\nDwugodzinny czas obejmuje przerwy na p\u0142ywanie i fotografowanie.<\/p>\n<p style=\"text-align: center;\">\u017byczymy Pa\u0144stwu niezapomnianych wspomnie\u0144 z wakacji w Alanyi w Turcji.<\/p>\n<p style=\"text-align: center;\">Ps: Aby uzyska\u0107 wi\u0119cej informacji, mo\u017cesz r\u00f3wnie\u017c skontaktowa\u0107 si\u0119 przez aplikacj\u0119 Whats lub wiadomo\u015b\u0107.<\/p>\n<p style=\"text-align: center;\">Wakacyjny Zesp\u00f3\u0142 Wycieczkowy,<\/p>\n<p><iframe loading=\"lazy\" title=\"Alanya ATV Safari\" width=\"1020\" height=\"574\" src=\"https:\/\/www.youtube.com\/embed\/hjSzheWxL9I?feature=oembed\" frameborder=\"0\" allow=\"accelerometer; autoplay; clipboard-write; encrypted-media; gyroscope; picture-in-picture; web-share\" allowfullscreen><\/iframe><\/p>\n<p><iframe loading=\"lazy\" title=\"Alanya Quad Safari\" width=\"1020\" height=\"574\" src=\"https:\/\/www.youtube.com\/embed\/7LhjfPZnik0?start=78&#038;feature=oembed\" frameborder=\"0\" allow=\"accelerometer; autoplay; clipboard-write; encrypted-media; gyroscope; picture-in-picture; web-share\" allowfullscreen><\/iframe><\/p>\n","protected":false},"excerpt":{"rendered":"<p>Wycieczka quadami safari Odkrywanie natural nego pi\u0119kna Alanyi podczas wycieczki quadem safari Alanya, po\u0142o\u017cona na po\u0142udniowym wybrze\u017cu Antalyi w Turcji, to miejsce znane ze wspania\u0142ych krajobraz\u00f3w, turkusowych w\u00f3d i bogatego dziedzictwa kulturowego. Chocia\u017c istnieje wiele sposob\u00f3w na poznanie tego pi\u0119knego regionu, wycieczka safari na quadach oferuje wyj\u0105tkowe i ekscytuj\u0105ce prze\u017cycie, kt\u00f3re pozwala zag\u0142\u0119bi\u0107 si\u0119 w<\/p>\n","protected":false},"featured_media":6755,"comment_status":"open","ping_status":"closed","template":"","meta":[],"product_brand":[],"product_cat":[107],"product_tag":[],"class_list":{"0":"post-5225","1":"product","2":"type-product","3":"status-publish","4":"has-post-thumbnail","6":"product_cat-wycieczki","8":"first","9":"instock","10":"featured","11":"virtual","12":"sold-individually","13":"purchasable","14":"product-type-booking"},"_links":{"self":[{"href":"https:\/\/holidayexcursion.com\/pl\/wp-json\/wp\/v2\/product\/5225","targetHints":{"allow":["GET"]}}],"collection":[{"href":"https:\/\/holidayexcursion.com\/pl\/wp-json\/wp\/v2\/product"}],"about":[{"href":"https:\/\/holidayexcursion.com\/pl\/wp-json\/wp\/v2\/types\/product"}],"replies":[{"embeddable":true,"href":"https:\/\/holidayexcursion.com\/pl\/wp-json\/wp\/v2\/comments?post=5225"}],"wp:featuredmedia":[{"embeddable":true,"href":"https:\/\/holidayexcursion.com\/pl\/wp-json\/wp\/v2\/media\/6755"}],"wp:attachment":[{"href":"https:\/\/holidayexcursion.com\/pl\/wp-json\/wp\/v2\/media?parent=5225"}],"wp:term":[{"taxonomy":"product_brand","embeddable":true,"href":"https:\/\/holidayexcursion.com\/pl\/wp-json\/wp\/v2\/product_brand?post=5225"},{"taxonomy":"product_cat","embeddable":true,"href":"https:\/\/holidayexcursion.com\/pl\/wp-json\/wp\/v2\/product_cat?post=5225"},{"taxonomy":"product_tag","embeddable":true,"href":"https:\/\/holidayexcursion.com\/pl\/wp-json\/wp\/v2\/product_tag?post=5225"}],"curies":[{"name":"wp","href":"https:\/\/api.w.org\/{rel}","templated":true}]}}