{"id":5226,"date":"2021-12-03T09:36:13","date_gmt":"2021-12-06T22:05:11","guid":{"rendered":"http:\/\/holidayexcursion.com\/excursions-in-alanya\/bez-kategorii\/wycieczka-po-kapadocji\/"},"modified":"2024-03-18T23:33:18","modified_gmt":"2024-03-18T20:33:18","slug":"kapadocji","status":"publish","type":"product","link":"https:\/\/holidayexcursion.com\/pl\/tours-in-alanya\/wycieczki\/kapadocji\/","title":{"rendered":"Wycieczka po Kapadocji 2-dniowa"},"content":{"rendered":"<h2 class=\"uppercase\" style=\"text-align: center;\">wycieczka po Kapadocji 2 DZIE\u0143<\/h2>\n<p style=\"text-align: center;\"><strong>Ods\u0142oni\u0119cie czaruj\u0105cych cud\u00f3w Kapadocji: niezapomniane wra\u017cenia z wycieczki<\/strong><\/p>\n<p style=\"text-align: center;\">Po\u0142o\u017cona w samym sercu Turcji <a href=\"https:\/\/en.wikipedia.org\/wiki\/Cappadocia\" rel=\"nofollow noopener\" target=\"_blank\">Kapadocja<\/a> jest wyj\u0105tkowym i magicznym miejscem, kt\u00f3re urzeka podr\u00f3\u017cnik\u00f3w z ca\u0142ego \u015bwiata. Surrealistyczne krajobrazy, staro\u017cytne jaskinie i niebo pe\u0142ne balon\u00f3w sprawiaj\u0105, \u017ce wycieczka po Kapadocji zapewnia niezapomniane wra\u017cenia. Podczas naszej wycieczki po Kapadocji do\u0142\u0105cz do nas i wyrusz w podr\u00f3\u017c maj\u0105c\u0105 na celu odkrycie ukrytych skarb\u00f3w i bogatej historii, kt\u00f3re sprawiaj\u0105, \u017ce Kapadocja jest miejscem, kt\u00f3re trzeba odwiedzi\u0107.<\/p>\n<p>\u00a0 \u00a0 \u00a0 \u00a0 \u00a0 \u00a0 \u00a0 \u00a0 \u00a0 \u00a0 \u00a0 \u00a0 \u00a0 \u00a0 \u00a0 \u00a0 \u00a0 \u00a0 \u00a0 \u00a0 \u00a0 \u00a0 \u00a0 \u00a0 \u00a0 \u00a0 \u00a0 \u00a0 \u00a0 \u00a0 \u00a0 <img loading=\"lazy\" decoding=\"async\" class=\"size-medium wp-image-3888\" src=\"https:\/\/holidayexcursion.com\/wp-content\/uploads\/2021\/12\/cappodocia-tour3-300x200.webp\" alt=\"Wycieczka po Kapadocji\" width=\"300\" height=\"200\" title=\"\" srcset=\"https:\/\/holidayexcursion.com\/wp-content\/uploads\/2021\/12\/cappodocia-tour3-300x200.webp 300w, https:\/\/holidayexcursion.com\/wp-content\/uploads\/2021\/12\/cappodocia-tour3-768x512.webp 768w, https:\/\/holidayexcursion.com\/wp-content\/uploads\/2021\/12\/cappodocia-tour3-1024x683.webp 1024w, https:\/\/holidayexcursion.com\/wp-content\/uploads\/2021\/12\/cappodocia-tour3-600x400.webp 600w, https:\/\/holidayexcursion.com\/wp-content\/uploads\/2021\/12\/cappodocia-tour3.webp 1440w\" sizes=\"auto, (max-width: 300px) 100vw, 300px\" \/><\/p>\n<p style=\"text-align: center;\">1. Odkrywanie Wr\u00f3\u017ckowych Komin\u00f3w:<\/p>\n<p style=\"text-align: center;\">Charakterystyczne bajkowe kominy Kapadocji stanowi\u0105 jedn\u0105 z najbardziej charakterystycznych cech regionu. Te wysokie formacje skalne, wyrze\u017abione przez stulecia naturalnej erozji, przypominaj\u0105 kominy, a nawet kapry\u015bne stworzenia. Wycieczka po Kapadocji cz\u0119sto obejmuje wizyt\u0119 w skansenie G\u00f6reme, gdzie mo\u017cna zwiedzi\u0107 niekt\u00f3re staro\u017cytne ko\u015bcio\u0142y jaskiniowe ozdobione \u017cywymi freskami. Spacer w\u015br\u00f3d tych fascynuj\u0105cych bajkowych komin\u00f3w jest jak wej\u015bcie do ba\u015bniowego \u015bwiata, kt\u00f3ry z pewno\u015bci\u0105 Ci\u0119 zachwyci.<\/p>\n<p style=\"text-align: center;\"><img loading=\"lazy\" decoding=\"async\" class=\"size-medium wp-image-3887 aligncenter\" src=\"https:\/\/holidayexcursion.com\/wp-content\/uploads\/2021\/12\/cappodocia-tour2-300x159.webp\" alt=\"Wycieczka po Kapadocji\" width=\"300\" height=\"159\" title=\"\" srcset=\"https:\/\/holidayexcursion.com\/wp-content\/uploads\/2021\/12\/cappodocia-tour2-300x159.webp 300w, https:\/\/holidayexcursion.com\/wp-content\/uploads\/2021\/12\/cappodocia-tour2-768x407.webp 768w, https:\/\/holidayexcursion.com\/wp-content\/uploads\/2021\/12\/cappodocia-tour2-600x318.webp 600w, https:\/\/holidayexcursion.com\/wp-content\/uploads\/2021\/12\/cappodocia-tour2.webp 850w\" sizes=\"auto, (max-width: 300px) 100vw, 300px\" \/><\/p>\n<p style=\"text-align: center;\">2. Odkrywanie podziemnych miast Kapadocji:<\/p>\n<p style=\"text-align: center;\">Zapuszczaj\u0105c si\u0119 pod ziemi\u0119 do staro\u017cytnych podziemnych miast Kapadocji, odkryjesz ukryty \u015bwiat przesi\u0105kni\u0119ty histori\u0105. Te rozleg\u0142e podziemne sieci by\u0142y niegdy\u015b t\u0119tni\u0105cymi \u017cyciem spo\u0142eczno\u015bciami, zapewniaj\u0105cymi schronienie i ochron\u0119 pierwotnym chrze\u015bcija\u0144skim mieszka\u0144com przed naje\u017ad\u017acami. Derinkuyu i Kaymakl\u0131 to dwa z najbardziej imponuj\u0105cych podziemnych miast, kt\u00f3re mo\u017cna zwiedzi\u0107 podczas wycieczki po Kapadocji. Eksploracja ich skomplikowanych tuneli, przestrzeni mieszkalnych, ko\u015bcio\u0142\u00f3w i system\u00f3w wentylacyjnych oferuje niepowtarzalny wgl\u0105d w pomys\u0142owo\u015b\u0107 staro\u017cytnych cywilizacji.<\/p>\n<p style=\"text-align: center;\"><img loading=\"lazy\" decoding=\"async\" class=\"size-medium wp-image-3892 aligncenter\" src=\"https:\/\/holidayexcursion.com\/wp-content\/uploads\/2021\/12\/cappodocia-tour7-300x210.webp\" alt=\"Wycieczka po Kapadocji\" width=\"300\" height=\"210\" title=\"\" srcset=\"https:\/\/holidayexcursion.com\/wp-content\/uploads\/2021\/12\/cappodocia-tour7-300x210.webp 300w, https:\/\/holidayexcursion.com\/wp-content\/uploads\/2021\/12\/cappodocia-tour7-768x538.webp 768w, https:\/\/holidayexcursion.com\/wp-content\/uploads\/2021\/12\/cappodocia-tour7-600x420.webp 600w, https:\/\/holidayexcursion.com\/wp-content\/uploads\/2021\/12\/cappodocia-tour7.webp 800w\" sizes=\"auto, (max-width: 300px) 100vw, 300px\" \/><\/p>\n<p style=\"text-align: center;\">3. <a href=\"https:\/\/en.wikipedia.org\/wiki\/Hot_air_balloon\" rel=\"nofollow noopener\" target=\"_blank\">Wzlot balonem<\/a> na ogrzane powietrze:<\/p>\n<p style=\"text-align: center;\">Jednym z najbardziej niezwyk\u0142ych prze\u017cy\u0107 w Kapadocji jest lot balonem o wschodzie s\u0142o\u0144ca. Gdy balon delikatnie si\u0119 wzniesie, powita Ci\u0119 zapieraj\u0105ca dech w piersiach panorama wyj\u0105tkowego krajobrazu Kapadocji: morze bajecznych komin\u00f3w, staro\u017cytne jaskinie i mozaikowe pola. Kolorowe balony rozsiane po niebie tworz\u0105 surrealistyczny i idealny moment. Zanurzaj\u0105c si\u0119 w spokojnej ciszy z wysoko\u015bci, zrozumiesz, dlaczego loty balonem na ogrzane powietrze w Kapadocji s\u0105 znane na ca\u0142ym \u015bwiecie.<\/p>\n<p style=\"text-align: center;\"><img loading=\"lazy\" decoding=\"async\" class=\"size-medium wp-image-3893 aligncenter\" src=\"https:\/\/holidayexcursion.com\/wp-content\/uploads\/2021\/12\/cappodocia-tour8-300x165.webp\" alt=\"Wycieczka po Kapadocji\" width=\"300\" height=\"165\" title=\"\" srcset=\"https:\/\/holidayexcursion.com\/wp-content\/uploads\/2021\/12\/cappodocia-tour8-300x165.webp 300w, https:\/\/holidayexcursion.com\/wp-content\/uploads\/2021\/12\/cappodocia-tour8.webp 457w\" sizes=\"auto, (max-width: 300px) 100vw, 300px\" \/><\/p>\n<p style=\"text-align: center;\">4. Spacer po jaskiniach i skalnych ko\u015bcio\u0142ach:<\/p>\n<p style=\"text-align: center;\">Kapadocja s\u0142ynie z jaski\u0144, zwanych lokalnie \u201ebajkowymi kominami\u201d, kt\u00f3re przed wiekami s\u0142u\u017cy\u0142y jako domy i zespo\u0142y klasztorne. Podczas wycieczki po Kapadocji b\u0119dziesz mia\u0142 okazj\u0119 odkry\u0107 te urzekaj\u0105ce jaskinie. Podziwiaj misterne rze\u017aby, freski i unikalny projekt architektoniczny, kt\u00f3ry odzwierciedla bogat\u0105 histori\u0119 i dziedzictwo kulturowe regionu. Nie przegap okazji zwiedzania r\u00f3\u017cnych ko\u015bcio\u0142\u00f3w skalnych, takich jak Ko\u015bci\u00f3\u0142 Ciemny i Ko\u015bci\u00f3\u0142 Tokali, kt\u00f3re szczyc\u0105 si\u0119 osza\u0142amiaj\u0105c\u0105 sztuk\u0105 z epoki bizantyjskiej.<\/p>\n<p style=\"text-align: center;\"><img loading=\"lazy\" decoding=\"async\" class=\"size-medium wp-image-3890 aligncenter\" src=\"https:\/\/holidayexcursion.com\/wp-content\/uploads\/2021\/12\/cappodocia-tour5-300x210.webp\" alt=\"Wycieczka po Kapadocji\" width=\"300\" height=\"210\" title=\"\" srcset=\"https:\/\/holidayexcursion.com\/wp-content\/uploads\/2021\/12\/cappodocia-tour5-300x210.webp 300w, https:\/\/holidayexcursion.com\/wp-content\/uploads\/2021\/12\/cappodocia-tour5-768x538.webp 768w, https:\/\/holidayexcursion.com\/wp-content\/uploads\/2021\/12\/cappodocia-tour5-600x420.webp 600w, https:\/\/holidayexcursion.com\/wp-content\/uploads\/2021\/12\/cappodocia-tour5.webp 800w\" sizes=\"auto, (max-width: 300px) 100vw, 300px\" \/><\/p>\n<p style=\"text-align: center;\">5. Delektowanie si\u0119 lokalnymi przysmakami i do\u015bwiadczanie tureckiej go\u015bcinno\u015bci:<\/p>\n<p style=\"text-align: center;\">Kapadocja to nie tylko cud wizualny, ale tak\u017ce uczta dla kubk\u00f3w smakowych. Skorzystaj z okazji, aby spr\u00f3bowa\u0107 tradycyjnej kuchni tureckiej w lokalnych restauracjach, kt\u00f3re cz\u0119sto serwuj\u0105 dania takie jak manti (knedle tureckie), kebaby i b\u00f6rek (pikantne wypieki). Dodatkowo zanurz si\u0119 w tureckiej go\u015bcinno\u015bci, zatrzymuj\u0105c si\u0119 w jednym z urokliwych hoteli w jaskiniach w regionie, gdzie ciepli i przyja\u017ani gospodarze sprawi\u0105, \u017ce poczujesz si\u0119 jak w domu.<\/p>\n<p style=\"text-align: center;\"><img loading=\"lazy\" decoding=\"async\" class=\"alignnone size-medium wp-image-26381 aligncenter\" src=\"https:\/\/holidayexcursion.com\/wp-content\/uploads\/2021\/12\/kapadokya-tour-300x169.jpg\" alt=\"\" width=\"300\" height=\"169\" title=\"\" srcset=\"https:\/\/holidayexcursion.com\/wp-content\/uploads\/2021\/12\/kapadokya-tour-300x169.jpg 300w, https:\/\/holidayexcursion.com\/wp-content\/uploads\/2021\/12\/kapadokya-tour-768x432.jpg 768w, https:\/\/holidayexcursion.com\/wp-content\/uploads\/2021\/12\/kapadokya-tour-1024x576.jpg 1024w, https:\/\/holidayexcursion.com\/wp-content\/uploads\/2021\/12\/kapadokya-tour-600x338.jpg 600w, https:\/\/holidayexcursion.com\/wp-content\/uploads\/2021\/12\/kapadokya-tour.jpg 1200w\" sizes=\"auto, (max-width: 300px) 100vw, 300px\" \/><\/p>\n<p style=\"text-align: center;\"><a href=\"https:\/\/holidayexcursion.com\/tours-in-alanya\/tours\/pamukkale-tour\/\">Wycieczka<\/a> do Kapadocji to kolejne \u015bwiatowe prze\u017cycie, kt\u00f3re pozostawi niezatarty \u015blad w Twoich wspomnieniach z podr\u00f3\u017cy. Od zwiedzania unikalnych bajkowych komin\u00f3w i podziemnych miast po wznoszenie si\u0119 balonem nad malowniczymi krajobrazami \u2013 ka\u017cda chwila w Kapadocji jest pe\u0142na zachwytu i podziwu. Przygotuj si\u0119 na oczarowanie naturalnym pi\u0119knem regionu, bogat\u0105 histori\u0105 i serdeczn\u0105 go\u015bcinno\u015bci\u0105, wyruszaj\u0105c w podr\u00f3\u017c \u017cycia w tym urzekaj\u0105cym miejscu.<\/p>\n<div style=\"text-align: center;\">\n<p><strong>2-DNIOWY PROGRAM WYCIECZKI DO KAPPADOCJI<\/strong> <strong>DZIE\u0143 1:<\/strong><\/p>\n<div>\n<div>* Odbi\u00f3r z hoteli i apartament\u00f3w w Alanyi<\/div>\n<div>* Przerwa \u015bniadaniowa, przerwa na lunch, Dolina Go\u0142\u0119bi<\/div>\n<div>* Przerwa panoramiczna u podn\u00f3\u017ca zamku Uchhisar<\/div>\n<div>* Wizyta w skansenie G\u00f6reme, Dolina Mi\u0142o\u015bci<\/div>\n<div>* Zwiedzanie warsztatu garncarskiego i ceramicznego w dolinie \u0130magination (Dervent).<\/div>\n<div>* Sklep z tureckimi przysmakami, przyjazd i zakwaterowanie w 4-gwiazdkowym hotelu.<\/div>\n<div>* Kolacja w hotelu, relaks w hotelu lub do\u0142\u0105czenie do wieczornego pokazu tureckiego (opcjonalnie)<\/div>\n<\/div>\n<div><\/div>\n<div><strong>DZIE\u0143 2:<\/strong><\/div>\n<div>\n<div>* Obserwacja balonu lub wycieczka balonem (obie opcje opcjonalne)<\/div>\n<div>*\u015aniadanie w hotelu, wymeldowanie i wyjazd z hotelu<\/div>\n<div>* Odwied\u017a warsztat onyksu i odwied\u017a podziemne muzeum miejskie Saratl\u0131<\/div>\n<div>*Przerwa na potrzeby, Lunch w Konyi,Przerwa na potrzeby<\/div>\n<div>* Podrzu\u0107 hotele i apartamenty w Alanyi i okolicach.<\/div>\n<\/div>\n<\/div>\n<div style=\"text-align: center;\"><\/div>\n<div style=\"text-align: center;\"><strong>CENA ZAWIERA:<\/strong><\/div>\n<div style=\"text-align: center;\">* Odbi\u00f3r\/dow\u00f3z z hoteli i apartament\u00f3w w Alanyi i okolicach.<\/div>\n<div style=\"text-align: center;\">* Profesjonalny przewodnik wycieczek, Zakwaterowanie na jedn\u0105 noc w czterogwiazdkowym hotelu (<a href=\"https:\/\/floriacappadocia.com\/\" rel=\"nofollow noopener\" target=\"_blank\">Floria Hotel Cappadocia<\/a>) or (<a href=\"https:\/\/suhankapadokya.com\/\" rel=\"nofollow noopener\" target=\"_blank\">Suhan Hotel Cappadocia<\/a> ) z obiadokolacj\u0105 (1 dinner+1 breakfast)<\/div>\n<div style=\"text-align: center;\">* Wszystkie op\u0142aty za wst\u0119p<\/div>\n<div style=\"text-align: center;\"><\/div>\n<div style=\"text-align: center;\"><strong>OPCJONALNE DODATKI:<\/strong><\/div>\n<div style=\"text-align: center;\">* Obiady w restauracjach po drodze (2 razy)<\/div>\n<div style=\"text-align: center;\">* \u015aniadanie pierwszego dnia wycieczki (o pakiet \u015bniadaniowy mo\u017cesz poprosi\u0107 w recepcji hotelu lub kupi\u0107 go w restauracji, w kt\u00f3rej b\u0119dziemy mie\u0107 przerw\u0119)<\/div>\n<div style=\"text-align: center;\">* Wiecz\u00f3r turecki, pokaz derwisz\u00f3w, wycieczka balonem i wycieczka z obserwacj\u0105 balonu, wszystkie napoje, skansen w G\u00f6reme<\/div>\n<div style=\"text-align: center;\"><\/div>\n<div style=\"text-align: center;\"><strong>DODATKOWE INFORMACJE I WSKAZ\u00d3WKI:<\/strong><\/div>\n<div style=\"text-align: center;\">* Muzeum Mevlana (Rumi) w mie\u015bcie Konya nie jest obj\u0119te dwudniowym programem zwiedzania Kapadocji.<\/div>\n<div style=\"text-align: center;\">* Pok\u00f3j jednoosobowy w hotelu &#8211; 25 EUR za noc (Je\u015bli jeste\u015b jedn\u0105 osob\u0105 i chcesz zatrzyma\u0107 si\u0119 w pokoju jednoosobowym)<\/div>\n<div style=\"text-align: center;\">* Zabierz ze sob\u0105 aparat i telefon kom\u00f3rkowy.<\/div>\n<div style=\"text-align: center;\">* Pogoda w Kapadocji jest ch\u0142odniejsza\/zimniejsza ni\u017c w Alanyi. Prosz\u0119 nosi\u0107 zgodnie z warunkami sezonowymi<\/div>\n<div style=\"text-align: center;\"><\/div>\n<p style=\"text-align: center;\">\u017byczymy Pa\u0144stwu niezapomnianych wspomnie\u0144 z wakacji w Turcji.<\/p>\n<p style=\"text-align: center;\">Ps: Aby uzyska\u0107 wi\u0119cej informacji, mo\u017cesz r\u00f3wnie\u017c skontaktowa\u0107 si\u0119 przez aplikacj\u0119 Whats lub wiadomo\u015b\u0107.<\/p>\n<p style=\"text-align: center;\">Wakacyjny Zesp\u00f3\u0142 Wycieczkowy,<\/p>\n<p><iframe loading=\"lazy\" title=\"Mevlana T\u00fcrbesi Ve M\u00fczesi - Konya\" width=\"1020\" height=\"574\" src=\"https:\/\/www.youtube.com\/embed\/b69EGLsWmfU?feature=oembed\" frameborder=\"0\" allow=\"accelerometer; autoplay; clipboard-write; encrypted-media; gyroscope; picture-in-picture; web-share\" allowfullscreen><\/iframe><\/p>\n<p><iframe loading=\"lazy\" title=\"Kapadokya Tan\u0131t\u0131m Filmi-2015 (Cappadocia)\" width=\"1020\" height=\"574\" src=\"https:\/\/www.youtube.com\/embed\/ByeNGYfoBYA?feature=oembed\" frameborder=\"0\" allow=\"accelerometer; autoplay; clipboard-write; encrypted-media; gyroscope; picture-in-picture; web-share\" allowfullscreen><\/iframe><\/p>\n<p><iframe loading=\"lazy\" title=\"KAPADOKYA HD CAPPADOCIA HD by Galip Hasan Temur\" width=\"1020\" height=\"574\" src=\"https:\/\/www.youtube.com\/embed\/7mRGItobR2U?feature=oembed\" frameborder=\"0\" allow=\"accelerometer; autoplay; clipboard-write; encrypted-media; gyroscope; picture-in-picture; web-share\" allowfullscreen><\/iframe><\/p>\n","protected":false},"excerpt":{"rendered":"<p>wycieczka po Kapadocji 2 DZIE\u0143 Ods\u0142oni\u0119cie czaruj\u0105cych cud\u00f3w Kapadocji: niezapomniane wra\u017cenia z wycieczki Po\u0142o\u017cona w samym sercu Turcji Kapadocja jest wyj\u0105tkowym i magicznym miejscem, kt\u00f3re urzeka podr\u00f3\u017cnik\u00f3w z ca\u0142ego \u015bwiata. Surrealistyczne krajobrazy, staro\u017cytne jaskinie i niebo pe\u0142ne balon\u00f3w sprawiaj\u0105, \u017ce wycieczka po Kapadocji zapewnia niezapomniane wra\u017cenia. Podczas naszej wycieczki po Kapadocji do\u0142\u0105cz do nas i<\/p>\n","protected":false},"featured_media":4826,"comment_status":"open","ping_status":"closed","template":"","meta":[],"product_brand":[],"product_cat":[107],"product_tag":[],"class_list":{"0":"post-5226","1":"product","2":"type-product","3":"status-publish","4":"has-post-thumbnail","6":"product_cat-wycieczki","8":"first","9":"instock","10":"featured","11":"virtual","12":"sold-individually","13":"purchasable","14":"product-type-booking"},"_links":{"self":[{"href":"https:\/\/holidayexcursion.com\/pl\/wp-json\/wp\/v2\/product\/5226","targetHints":{"allow":["GET"]}}],"collection":[{"href":"https:\/\/holidayexcursion.com\/pl\/wp-json\/wp\/v2\/product"}],"about":[{"href":"https:\/\/holidayexcursion.com\/pl\/wp-json\/wp\/v2\/types\/product"}],"replies":[{"embeddable":true,"href":"https:\/\/holidayexcursion.com\/pl\/wp-json\/wp\/v2\/comments?post=5226"}],"wp:featuredmedia":[{"embeddable":true,"href":"https:\/\/holidayexcursion.com\/pl\/wp-json\/wp\/v2\/media\/4826"}],"wp:attachment":[{"href":"https:\/\/holidayexcursion.com\/pl\/wp-json\/wp\/v2\/media?parent=5226"}],"wp:term":[{"taxonomy":"product_brand","embeddable":true,"href":"https:\/\/holidayexcursion.com\/pl\/wp-json\/wp\/v2\/product_brand?post=5226"},{"taxonomy":"product_cat","embeddable":true,"href":"https:\/\/holidayexcursion.com\/pl\/wp-json\/wp\/v2\/product_cat?post=5226"},{"taxonomy":"product_tag","embeddable":true,"href":"https:\/\/holidayexcursion.com\/pl\/wp-json\/wp\/v2\/product_tag?post=5226"}],"curies":[{"name":"wp","href":"https:\/\/api.w.org\/{rel}","templated":true}]}}