{"id":5234,"date":"2021-12-03T09:36:35","date_gmt":"2021-12-06T22:05:12","guid":{"rendered":"http:\/\/holidayexcursion.com\/excursions-in-alanya\/bez-kategorii\/rejs-statkiem-w-manavgat\/"},"modified":"2024-03-01T13:30:27","modified_gmt":"2024-03-01T10:30:27","slug":"lodzia-manavgat","status":"publish","type":"product","link":"https:\/\/holidayexcursion.com\/pl\/tours-in-alanya\/wycieczki\/lodzia-manavgat\/","title":{"rendered":"WYCIECZKA \u0141ODZI\u0104 MANAVGAT"},"content":{"rendered":"<h2 style=\"font-weight: 400; text-align: center;\">WYCIECZKA \u0141ODZI\u0104 MANAVGAT<\/h2>\n<p style=\"text-align: center;\">Odkrywanie pi\u0119kna Manavgat: urzekaj\u0105ca <a href=\"https:\/\/holidayexcursion.com\/tours-in-alanya\/tours\/boat\/\">wycieczka \u0142odzi\u0105<\/a><\/p>\n<p style=\"text-align: center;\">Po\u0142o\u017cone na po\u0142udniowym wybrze\u017cu Turcji Manavgat to malownicze miasteczko s\u0142yn\u0105ce z naturalnego pi\u0119kna i bogatego dziedzictwa kulturowego. Jednym z najlepszych sposob\u00f3w na odkrycie cud\u00f3w Manavgat jest rejs \u0142odzi\u0105 po malowniczej rzece Manavgat. Podczas tej wycieczki z Holiday Excursion zapraszamy Ci\u0119 do rozpocz\u0119cia przygody polegaj\u0105cej na odkrywaniu urzekaj\u0105cych zabytk\u00f3w i prze\u017cy\u0107, kt\u00f3re czekaj\u0105 na Ciebie podczas rejsu \u0142odzi\u0105 Manavgat.<\/p>\n<p style=\"text-align: center;\">1. Rejs wzd\u0142u\u017c rzeki <a href=\"https:\/\/en.wikipedia.org\/wiki\/Manavgat\" rel=\"nofollow noopener\" target=\"_blank\">Manavgat<\/a><\/p>\n<p style=\"text-align: center;\">Rejs statkiem po Manavgat to spokojna i idylliczna podr\u00f3\u017c wzd\u0142u\u017c malowniczej rzeki Manavgat, podczas kt\u00f3rej mo\u017cna podziwia\u0107 zapieraj\u0105ce dech w piersiach widoki na bujn\u0105 ziele\u0144 i krystalicznie czyst\u0105 wod\u0119. P\u0142yn\u0105c w\u015br\u00f3d \u0142agodnych pr\u0105d\u00f3w, b\u0119dziesz mia\u0142 okazj\u0119 podziwia\u0107 otaczaj\u0105ce ci\u0119 naturalne pi\u0119kno, od wysokich drzew i t\u0119tni\u0105cej \u017cyciem flory po r\u00f3\u017cnorodn\u0105 dzik\u0105 przyrod\u0119, tak\u0105 jak \u017c\u00f3\u0142wie i ptaki. Spokojna atmosfera rzeki stwarza spokojn\u0105 ucieczk\u0119 od zgie\u0142ku miasta, zapewniaj\u0105c idealne miejsce na relaks i refleksj\u0119.<\/p>\n<p style=\"text-align: center;\"><img loading=\"lazy\" decoding=\"async\" class=\"alignnone size-medium wp-image-26309\" src=\"https:\/\/holidayexcursion.com\/wp-content\/uploads\/2021\/12\/manavgat-boat-holiday-excursion-300x200.jpg\" alt=\"\" width=\"300\" height=\"200\" title=\"\" srcset=\"https:\/\/holidayexcursion.com\/wp-content\/uploads\/2021\/12\/manavgat-boat-holiday-excursion-300x200.jpg 300w, https:\/\/holidayexcursion.com\/wp-content\/uploads\/2021\/12\/manavgat-boat-holiday-excursion-600x400.jpg 600w, https:\/\/holidayexcursion.com\/wp-content\/uploads\/2021\/12\/manavgat-boat-holiday-excursion.jpg 720w\" sizes=\"auto, (max-width: 300px) 100vw, 300px\" \/><\/p>\n<p style=\"text-align: center;\">2. Zwiedzanie kultowego wodospadu Manavgat<\/p>\n<p style=\"text-align: center;\">Jedn\u0105 z g\u0142\u00f3wnych atrakcji rejsu \u0142odzi\u0105 Manavgat jest wizyta w budz\u0105cym podziw wodospadzie Manavgat. Zbli\u017caj\u0105c si\u0119 do wodospadu, us\u0142yszysz grzmi\u0105cy d\u017awi\u0119k wody uderzaj\u0105cej o ska\u0142y, tworz\u0105c hipnotyzuj\u0105cy spektakl. Widok kaskady wody na tle bujnej zieleni zapiera dech w piersiach. Po\u015bwi\u0119\u0107 chwil\u0119, aby podziwia\u0107 pi\u0119kno, poczu\u0107 mg\u0142\u0119 na twarzy i zrobi\u0107 doskona\u0142e zdj\u0119cia, aby zachowa\u0107 pami\u0119\u0107 o tym cudu natury.<\/p>\n<p style=\"text-align: center;\">3. Zwiedzanie bazaru i meczetu Manavgat<\/p>\n<p style=\"text-align: center;\">Podczas rejsu b\u0119dziesz mia\u0142 okazj\u0119 zwiedzi\u0107 t\u0119tni\u0105cy \u017cyciem bazar Manavgat \u2013 t\u0119tni\u0105cy \u017cyciem rynek, kt\u00f3ry oferuje wspania\u0142\u0105 mieszank\u0119 lokalnego rzemios\u0142a, tekstyli\u00f3w, przypraw i \u015bwie\u017cych produkt\u00f3w. Zanurz si\u0119 w t\u0119tni\u0105cej \u017cyciem atmosferze, przechadzaj\u0105c si\u0119 po kolorowych straganach i wchodz\u0105c w interakcj\u0119 z przyjaznymi sprzedawcami, kt\u00f3rzy ch\u0119tnie dziel\u0105 si\u0119 swoimi produktami i historiami. Ponadto wizyta w wielkim meczecie Manavgat pozwala zapozna\u0107 si\u0119 z dziedzictwem religijnym i architektonicznym miasta, z jego imponuj\u0105cymi kopu\u0142ami i misternymi detalami.<\/p>\n<p style=\"text-align: center;\"><img loading=\"lazy\" decoding=\"async\" class=\"alignnone size-medium wp-image-26315\" src=\"https:\/\/holidayexcursion.com\/wp-content\/uploads\/2021\/12\/Manavgat-boat-tour-holiday-excursion-300x125.jpg\" alt=\"\" width=\"300\" height=\"125\" title=\"\" srcset=\"https:\/\/holidayexcursion.com\/wp-content\/uploads\/2021\/12\/Manavgat-boat-tour-holiday-excursion-300x125.jpg 300w, https:\/\/holidayexcursion.com\/wp-content\/uploads\/2021\/12\/Manavgat-boat-tour-holiday-excursion.jpg 348w\" sizes=\"auto, (max-width: 300px) 100vw, 300px\" \/><\/p>\n<p style=\"text-align: center;\">4. Turecki lunch na pok\u0142adzie<\/p>\n<p style=\"text-align: center;\">Delektowanie si\u0119 wy\u015bmienit\u0105 kuchni\u0105 tureck\u0105 to znacz\u0105ca cz\u0119\u015b\u0107 wycieczki \u0142odzi\u0105 Manavgat. Wi\u0119kszo\u015b\u0107 rejs\u00f3w \u0142odzi\u0105 obejmuje wspania\u0142y lunch na pok\u0142adzie, podczas kt\u00f3rego mo\u017cesz delektowa\u0107 si\u0119 tradycyjnymi daniami kuchni tureckiej, podziwiaj\u0105c panoramiczne widoki w zaciszu \u0142odzi. Delektuj si\u0119 \u015bwie\u017co przygotowanymi meze, grillowanymi kebabami i smakowitymi sa\u0142atkami w towarzystwie tradycyjnego tureckiego chleba i orze\u017awiaj\u0105cych napoj\u00f3w. Po\u0142\u0105czenie wy\u015bmienitego jedzenia i wspania\u0142ego otoczenia tworzy naprawd\u0119 niezapomniane wra\u017cenia kulinarne.<\/p>\n<p style=\"text-align: center;\">5. P\u0142ywanie i relaks na piaszczystych pla\u017cach Manavgat:<\/p>\n<p style=\"text-align: center;\">Wiele rejs\u00f3w \u0142odzi\u0105 oferuje r\u00f3wnie\u017c przystanki w odosobnionych miejscach wzd\u0142u\u017c wybrze\u017ca, gdzie mo\u017cna zakotwiczy\u0107 i cieszy\u0107 si\u0119 spokojn\u0105 k\u0105piel\u0105 w lazurowych wodach Morza \u015ar\u00f3dziemnego. We\u017a orze\u017awiaj\u0105c\u0105 k\u0105piel, nurkuj w\u015br\u00f3d kolorowego \u017cycia morskiego lub po prostu wygrzewaj si\u0119 w ciep\u0142ym s\u0142o\u0144cu na piaszczystych pla\u017cach. Te chwile relaksu i odm\u0142odzenia dodaj\u0105 dodatkowej warstwy b\u0142ogo\u015bci podczas rejsu \u0142odzi\u0105 Manavgat, pozwalaj\u0105c Ci po\u0142\u0105czy\u0107 si\u0119 z otaczaj\u0105c\u0105 Ci\u0119 przyrod\u0105.<\/p>\n<p style=\"text-align: center;\"><img loading=\"lazy\" decoding=\"async\" class=\"alignnone size-medium wp-image-26327\" src=\"https:\/\/holidayexcursion.com\/wp-content\/uploads\/2021\/12\/manavgat_selalesi_doga-300x216.jpg\" alt=\"\" width=\"300\" height=\"216\" title=\"\" srcset=\"https:\/\/holidayexcursion.com\/wp-content\/uploads\/2021\/12\/manavgat_selalesi_doga-300x216.jpg 300w, https:\/\/holidayexcursion.com\/wp-content\/uploads\/2021\/12\/manavgat_selalesi_doga-768x553.jpg 768w, https:\/\/holidayexcursion.com\/wp-content\/uploads\/2021\/12\/manavgat_selalesi_doga-600x432.jpg 600w, https:\/\/holidayexcursion.com\/wp-content\/uploads\/2021\/12\/manavgat_selalesi_doga.jpg 900w\" sizes=\"auto, (max-width: 300px) 100vw, 300px\" \/><\/p>\n<p style=\"text-align: center;\">Rejs \u0142odzi\u0105 Manavgat to niezwyk\u0142y spos\u00f3b na odkrycie pi\u0119kna i uroku tego urokliwego miasta. Od rejsu po spokojnej rzece Manavgat po zwiedzanie zapieraj\u0105cego dech w piersiach <a href=\"https:\/\/en.wikipedia.org\/wiki\/Manavgat_Waterfall\" rel=\"nofollow noopener\" target=\"_blank\">wodospadu<\/a> i zanurzenie si\u0119 w t\u0119tni\u0105cej \u017cyciem lokalnej kulturze \u2013 ka\u017cdy moment wycieczki oferuje mieszank\u0119 cud\u00f3w natury i do\u015bwiadcze\u0144 kulturowych. Wyrusz w t\u0119 niezapomnian\u0105 podr\u00f3\u017c i stw\u00f3rz wspomnienia, kt\u00f3re zostan\u0105 na ca\u0142e \u017cycie, zanurzaj\u0105c si\u0119 w urzekaj\u0105cej atmosferze rejsu \u0142odzi\u0105 Manavgat.<\/p>\n<p style=\"text-align: center;\"><img loading=\"lazy\" decoding=\"async\" class=\"alignnone size-medium wp-image-26321\" src=\"https:\/\/holidayexcursion.com\/wp-content\/uploads\/2021\/12\/manavgat-river-boat-tour-300x169.jpg\" alt=\"\" width=\"300\" height=\"169\" title=\"\" srcset=\"https:\/\/holidayexcursion.com\/wp-content\/uploads\/2021\/12\/manavgat-river-boat-tour-300x169.jpg 300w, https:\/\/holidayexcursion.com\/wp-content\/uploads\/2021\/12\/manavgat-river-boat-tour-768x432.jpg 768w, https:\/\/holidayexcursion.com\/wp-content\/uploads\/2021\/12\/manavgat-river-boat-tour-1024x576.jpg 1024w, https:\/\/holidayexcursion.com\/wp-content\/uploads\/2021\/12\/manavgat-river-boat-tour-600x338.jpg 600w, https:\/\/holidayexcursion.com\/wp-content\/uploads\/2021\/12\/manavgat-river-boat-tour.jpg 1200w\" sizes=\"auto, (max-width: 300px) 100vw, 300px\" \/><\/p>\n<div style=\"text-align: center;\"><strong>PROGRAM WYCIECZKI \u0141ODZI\u0104 MANAVGAT:<\/strong><\/div>\n<div style=\"text-align: center;\">* Odbi\u00f3r autobusem z hoteli i apartament\u00f3w w Alanyi i okolicach<\/div>\n<div style=\"text-align: center;\">* Przyjazd do miasta i portu Manavgat, 4-godzinny rejs \u0142odzi\u0105 po rzece Manavgat.<\/div>\n<div style=\"text-align: center;\">* Przerwy na k\u0105piel (mo\u017cna p\u0142ywa\u0107 zar\u00f3wno w morzu, jak i w rzece), Przerwa na lunch na \u0142odzi<\/div>\n<div style=\"text-align: center;\">* Wr\u00f3\u0107 do portu rzecznego i wsi\u0105d\u017a do autobusu, aby odwiedzi\u0107 meczet Manavgat<\/div>\n<div style=\"text-align: center;\">* Zwiedzanie wodospadu Manavgat, lokalny bazar Manavgat i czas wolny<\/div>\n<div style=\"text-align: center;\">* Hotele\/apartamenty typu drop-off w Alanyi<\/div>\n<div style=\"text-align: center;\">\n<div><\/div>\n<div><strong>CENA ZAWIERA:<\/strong><\/div>\n<div>* Odbi\u00f3r\/dow\u00f3z z hoteli i apartament\u00f3w w Alanyi i okolicach.<\/div>\n<div>\n<div>* Przewodnik, lunch, op\u0142ata za wst\u0119p do wodospadu Manavgat.<\/div>\n<div><strong>OPCJONALNE DODATKI:<\/strong><\/div>\n<div>* Napoje, zdj\u0119cia, DVD<\/div>\n<div><strong>DODATKOWE INFORMACJE I WSKAZ\u00d3WKI:<\/strong><\/div>\n<div>* Je\u015bli chcesz pop\u0142ywa\u0107, zabierz ze sob\u0105 kostium k\u0105pielowy, r\u0119cznik i krem \u200b\u200b\u200b\u200bprzeciws\u0142oneczny<\/div>\n<div>* W poniedzia\u0142ki i czwartki organizowane s\u0105 rejsy \u0142odzi\u0105 i wodospadem Manavgat. Ze wzgl\u0119du na dni targowe w mie\u015bcie Manavgat<\/div>\n<div>* Zabierz ze sob\u0105 telefon kom\u00f3rkowy lub aparat.<\/div>\n<\/div>\n<\/div>\n<p style=\"text-align: center;\">\u017byczymy Pa\u0144stwu niezapomnianych wspomnie\u0144 z wakacji w Turcji.<\/p>\n<p style=\"text-align: center;\">Ps: Aby uzyska\u0107 wi\u0119cej informacji, mo\u017cesz r\u00f3wnie\u017c skontaktowa\u0107 si\u0119 przez aplikacj\u0119 Whats lub wiadomo\u015b\u0107.<\/p>\n<p style=\"text-align: center;\">Wakacyjny Zesp\u00f3\u0142 Wycieczkowy,<\/p>\n<p><iframe loading=\"lazy\" title=\"Boat Tour Manavgat I Daily Trip Video | Holiday in Side | FBB TRAVEL\" width=\"1020\" height=\"574\" src=\"https:\/\/www.youtube.com\/embed\/dJAkWqVnJDI?feature=oembed\" frameborder=\"0\" allow=\"accelerometer; autoplay; clipboard-write; encrypted-media; gyroscope; picture-in-picture; web-share\" allowfullscreen><\/iframe><\/p>\n<p><iframe loading=\"lazy\" title=\"ALANYA Manavgat Boat Tour OBG Travel\" width=\"1020\" height=\"765\" src=\"https:\/\/www.youtube.com\/embed\/7KpeiXD6Y04?feature=oembed\" frameborder=\"0\" allow=\"accelerometer; autoplay; clipboard-write; encrypted-media; gyroscope; picture-in-picture; web-share\" allowfullscreen><\/iframe><\/p>\n<p><iframe loading=\"lazy\" title=\"Boat on the River - Manavgat\" width=\"1020\" height=\"574\" src=\"https:\/\/www.youtube.com\/embed\/_50sbXNaSsY?feature=oembed\" frameborder=\"0\" allow=\"accelerometer; autoplay; clipboard-write; encrypted-media; gyroscope; picture-in-picture; web-share\" allowfullscreen><\/iframe><\/p>\n","protected":false},"excerpt":{"rendered":"<p>WYCIECZKA \u0141ODZI\u0104 MANAVGAT Odkrywanie pi\u0119kna Manavgat: urzekaj\u0105ca wycieczka \u0142odzi\u0105 Po\u0142o\u017cone na po\u0142udniowym wybrze\u017cu Turcji Manavgat to malownicze miasteczko s\u0142yn\u0105ce z naturalnego pi\u0119kna i bogatego dziedzictwa kulturowego. Jednym z najlepszych sposob\u00f3w na odkrycie cud\u00f3w Manavgat jest rejs \u0142odzi\u0105 po malowniczej rzece Manavgat. Podczas tej wycieczki z Holiday Excursion zapraszamy Ci\u0119 do rozpocz\u0119cia przygody polegaj\u0105cej na odkrywaniu<\/p>\n","protected":false},"featured_media":4689,"comment_status":"open","ping_status":"closed","template":"","meta":[],"product_brand":[],"product_cat":[107],"product_tag":[],"class_list":{"0":"post-5234","1":"product","2":"type-product","3":"status-publish","4":"has-post-thumbnail","6":"product_cat-wycieczki","8":"first","9":"instock","10":"featured","11":"virtual","12":"sold-individually","13":"purchasable","14":"product-type-booking"},"_links":{"self":[{"href":"https:\/\/holidayexcursion.com\/pl\/wp-json\/wp\/v2\/product\/5234","targetHints":{"allow":["GET"]}}],"collection":[{"href":"https:\/\/holidayexcursion.com\/pl\/wp-json\/wp\/v2\/product"}],"about":[{"href":"https:\/\/holidayexcursion.com\/pl\/wp-json\/wp\/v2\/types\/product"}],"replies":[{"embeddable":true,"href":"https:\/\/holidayexcursion.com\/pl\/wp-json\/wp\/v2\/comments?post=5234"}],"wp:featuredmedia":[{"embeddable":true,"href":"https:\/\/holidayexcursion.com\/pl\/wp-json\/wp\/v2\/media\/4689"}],"wp:attachment":[{"href":"https:\/\/holidayexcursion.com\/pl\/wp-json\/wp\/v2\/media?parent=5234"}],"wp:term":[{"taxonomy":"product_brand","embeddable":true,"href":"https:\/\/holidayexcursion.com\/pl\/wp-json\/wp\/v2\/product_brand?post=5234"},{"taxonomy":"product_cat","embeddable":true,"href":"https:\/\/holidayexcursion.com\/pl\/wp-json\/wp\/v2\/product_cat?post=5234"},{"taxonomy":"product_tag","embeddable":true,"href":"https:\/\/holidayexcursion.com\/pl\/wp-json\/wp\/v2\/product_tag?post=5234"}],"curies":[{"name":"wp","href":"https:\/\/api.w.org\/{rel}","templated":true}]}}