{"id":5241,"date":"2021-12-03T09:34:08","date_gmt":"2021-12-06T22:05:14","guid":{"rendered":"http:\/\/holidayexcursion.com\/excursions-in-alanya\/bez-kategorii\/wycieczka-lodzia-starcraft\/"},"modified":"2023-12-04T01:21:26","modified_gmt":"2023-12-03T22:21:26","slug":"starcraft","status":"publish","type":"product","link":"https:\/\/holidayexcursion.com\/pl\/tours-in-alanya\/wycieczki\/starcraft\/","title":{"rendered":"Wycieczka \u0142odzi\u0105 Starcraft Party"},"content":{"rendered":"<h2 style=\"text-align: center;\">WYCIECZKA \u0141ODZI\u0104 STARCRAFT PARTY<\/h2>\n<p style=\"text-align: center;\"><a href=\"https:\/\/holidayexcursion.com\/tours-in-alanya\/tours\/boat\/\">Rejs statkiem<\/a> Wycieczka \u0142odzi\u0105 Starcraft Party: poznaj spokojne wybrze\u017ce i krystalicznie czyste wody<\/p>\n<p style=\"text-align: center;\">Po\u0142o\u017cona na l\u015bni\u0105cej Riwierze Tureckiej Alanya zachwyca go\u015bci idyllicznymi pla\u017cami, zabytkami i zapieraj\u0105c\u0105 dech w piersiach pi\u0119kn\u0105 przyrod\u0105. Jednym z najlepszych sposob\u00f3w, aby zanurzy\u0107 si\u0119 w splendorze tego nadmorskiego klejnotu, jest rejs \u0142odzi\u0105 Starcraft po <a href=\"https:\/\/en.wikipedia.org\/wiki\/Alanya\" rel=\"nofollow noopener\" target=\"_blank\">Alanyi<\/a>. Podczas tej wakacyjnej wycieczki zabierzemy Ci\u0119 w wirtualn\u0105 podr\u00f3\u017c, przedstawiaj\u0105c rozkosze i atrakcje rejsu statkiem Alanya Starcraft, od malowniczego wybrze\u017ca po ukryte jaskinie i urzekaj\u0105ce miejsca do snorkelingu.<\/p>\n<p><img loading=\"lazy\" decoding=\"async\" class=\"wp-image-4040 aligncenter\" src=\"https:\/\/holidayexcursion.com\/wp-content\/uploads\/2021\/12\/starcraft-party-boat-1-150x150.webp\" alt=\"\u0142\u00f3d\u017a imprezowa Starcraft\" width=\"304\" height=\"304\" title=\"\" srcset=\"https:\/\/holidayexcursion.com\/wp-content\/uploads\/2021\/12\/starcraft-party-boat-1-150x150.webp 150w, https:\/\/holidayexcursion.com\/wp-content\/uploads\/2021\/12\/starcraft-party-boat-1-300x300.webp 300w, https:\/\/holidayexcursion.com\/wp-content\/uploads\/2021\/12\/starcraft-party-boat-1-768x768.webp 768w, https:\/\/holidayexcursion.com\/wp-content\/uploads\/2021\/12\/starcraft-party-boat-1-1024x1024.webp 1024w, https:\/\/holidayexcursion.com\/wp-content\/uploads\/2021\/12\/starcraft-party-boat-1-1536x1536.webp 1536w, https:\/\/holidayexcursion.com\/wp-content\/uploads\/2021\/12\/starcraft-party-boat-1-600x600.webp 600w, https:\/\/holidayexcursion.com\/wp-content\/uploads\/2021\/12\/starcraft-party-boat-1-100x100.webp 100w, https:\/\/holidayexcursion.com\/wp-content\/uploads\/2021\/12\/starcraft-party-boat-1.webp 2000w\" sizes=\"auto, (max-width: 304px) 100vw, 304px\" \/><\/p>\n<p style=\"text-align: center;\">Alanya, po\u0142o\u017cona w tureckiej prowincji Antalya, oferuje idealne po\u0142\u0105czenie historii, kultury i cud\u00f3w natury. Miasto szczyc\u0105ce si\u0119 bogatym dziedzictwem si\u0119gaj\u0105cym czas\u00f3w staro\u017cytnych, charakteryzuje si\u0119 \u015bredniowieczn\u0105 fortec\u0105, znan\u0105 jako Zamek Alanya, po\u0142o\u017con\u0105 wysoko na wzg\u00f3rzu z widokiem na lazurowe Morze \u015ar\u00f3dziemne. Pi\u0119kne pla\u017ce Alanyi, t\u0119tni\u0105ce \u017cyciem kluby nocne i pyszna lokalna kuchnia sprawiaj\u0105, \u017ce jest to popularny cel podr\u00f3\u017cy turyst\u00f3w z ca\u0142ego \u015bwiata.<\/p>\n<p style=\"text-align: center;\">2. Najwa\u017cniejsze momenty rejsu statkiem Starcraft po Alanyi:<\/p>\n<p style=\"text-align: center;\">a) Eksploracja wybrze\u017ca:<br \/>\nWyruszenie na Wycieczka \u0142odzi\u0105 Starcraft Party pozwala odkry\u0107 osza\u0142amiaj\u0105ce wybrze\u017ce, pe\u0142ne ukrytych zatoczek, zacisznych pla\u017c i budz\u0105cych podziw klif\u00f3w. P\u0142yn\u0105c po krystalicznie czystych wodach, b\u0119dziesz mia\u0142 okazj\u0119 zrelaksowa\u0107 si\u0119 na pok\u0142adzie, wygrza\u0107 si\u0119 w ciep\u0142ym s\u0142o\u0144cu i podziwia\u0107 zapieraj\u0105ce dech w piersiach widoki na malownicze wybrze\u017ce Alanyi<\/p>\n<p style=\"text-align: center;\"><img loading=\"lazy\" decoding=\"async\" class=\"size-medium wp-image-4044 aligncenter\" src=\"https:\/\/holidayexcursion.com\/wp-content\/uploads\/2021\/12\/starcraft-party-boat-5-150x150.webp\" alt=\"\u0142\u00f3d\u017a imprezowa Starcraft\" width=\"300\" height=\"300\" title=\"\" srcset=\"https:\/\/holidayexcursion.com\/wp-content\/uploads\/2021\/12\/starcraft-party-boat-5-150x150.webp 150w, https:\/\/holidayexcursion.com\/wp-content\/uploads\/2021\/12\/starcraft-party-boat-5-300x300.webp 300w, https:\/\/holidayexcursion.com\/wp-content\/uploads\/2021\/12\/starcraft-party-boat-5-768x768.webp 768w, https:\/\/holidayexcursion.com\/wp-content\/uploads\/2021\/12\/starcraft-party-boat-5-1024x1024.webp 1024w, https:\/\/holidayexcursion.com\/wp-content\/uploads\/2021\/12\/starcraft-party-boat-5-1536x1536.webp 1536w, https:\/\/holidayexcursion.com\/wp-content\/uploads\/2021\/12\/starcraft-party-boat-5-600x600.webp 600w, https:\/\/holidayexcursion.com\/wp-content\/uploads\/2021\/12\/starcraft-party-boat-5-100x100.webp 100w, https:\/\/holidayexcursion.com\/wp-content\/uploads\/2021\/12\/starcraft-party-boat-5.webp 2000w\" sizes=\"auto, (max-width: 300px) 100vw, 300px\" \/><\/p>\n<p style=\"text-align: center;\">b) Zwiedzanie Staro\u017cytnej Stoczni:<br \/>\nWycieczka \u0142odzi\u0105 Starcraft Party cz\u0119sto obejmuje post\u00f3j w staro\u017cytnej stoczni, znanej jako Czerwona Wie\u017ca. Ten historyczny zabytek si\u0119ga XIII wieku i s\u0142u\u017cy\u0142 jako kluczowa baza morska w okresie bizantyjskim i osma\u0144skim. Zwiedzaj\u0105cy mo\u017ce wykry\u0107 stoczni\u0119, pozna\u0107 jej fascynuj\u0105c\u0105 histori\u0119 i podziwia\u0107 panoramiczne widoki na miasto ze szczytu wie\u017cy.<\/p>\n<p style=\"text-align: center;\">c) Odkrywanie jaski\u0144 pirat\u00f3w:<br \/>\nAlanya s\u0142ynie z urzekaj\u0105cych jaski\u0144 pirackich, kt\u00f3re dodaj\u0105 element tajemnicy i intrygi ka\u017cdemu rejsowi \u0142odzi\u0105. Alanya przewodzenia z urzekaj\u0105cych jaski\u0144 pirackich, kt\u00f3re dodaj\u0105 element tajemnic i intryguj\u0105cych rejs\u00f3w \u0142odzi\u0105. Dzi\u015b zwiedzaj\u0105cy mog\u0105 zwiedza\u0107 te czaruj\u0105ce jaskinie, podziwia\u0107 ich unikalne formacje skalne i wyobra\u017ca\u0107 sobie opowie\u015bci o zawadiackich przygodach, kt\u00f3re rozgrywa\u0142y si\u0119 w ich g\u0142\u0119binach.<\/p>\n<p style=\"text-align: center;\"><img loading=\"lazy\" decoding=\"async\" class=\"size-medium wp-image-4046 aligncenter\" src=\"https:\/\/holidayexcursion.com\/wp-content\/uploads\/2021\/12\/starcraft-party-boat-7-150x150.webp\" alt=\"\u0142\u00f3d\u017a imprezowa Starcraft\" width=\"300\" height=\"300\" title=\"\" srcset=\"https:\/\/holidayexcursion.com\/wp-content\/uploads\/2021\/12\/starcraft-party-boat-7-150x150.webp 150w, https:\/\/holidayexcursion.com\/wp-content\/uploads\/2021\/12\/starcraft-party-boat-7-300x300.webp 300w, https:\/\/holidayexcursion.com\/wp-content\/uploads\/2021\/12\/starcraft-party-boat-7-768x768.webp 768w, https:\/\/holidayexcursion.com\/wp-content\/uploads\/2021\/12\/starcraft-party-boat-7-1024x1024.webp 1024w, https:\/\/holidayexcursion.com\/wp-content\/uploads\/2021\/12\/starcraft-party-boat-7-1536x1536.webp 1536w, https:\/\/holidayexcursion.com\/wp-content\/uploads\/2021\/12\/starcraft-party-boat-7-600x600.webp 600w, https:\/\/holidayexcursion.com\/wp-content\/uploads\/2021\/12\/starcraft-party-boat-7-100x100.webp 100w, https:\/\/holidayexcursion.com\/wp-content\/uploads\/2021\/12\/starcraft-party-boat-7.webp 2000w\" sizes=\"auto, (max-width: 300px) 100vw, 300px\" \/><\/p>\n<p style=\"text-align: center;\">d) K\u0105piel w Turkusowych Wodach:<br \/>\nJedn\u0105 z g\u0142\u00f3wnych atrakcji rejsu statkiem Wycieczka \u0142odzi\u0105 Starcraft Party jest mo\u017cliwo\u015b\u0107 p\u0142ywania w czystych i \u017cywych turkusowych wodach Morza \u015ar\u00f3dziemnego. Zanurz si\u0119 pod powierzchni\u0119 i odkryj t\u0119tni\u0105cy \u017cyciem podwodny \u015bwiat pe\u0142en kolorowego \u017cycia morskiego i fascynuj\u0105cych raf koralowych. Mi\u0142o\u015bnicy p\u0142ywania na wszystkich poziomach umiej\u0119tno\u015bci mog\u0105 cieszy\u0107 si\u0119 tym wci\u0105gaj\u0105cym do\u015bwiadczeniem w otoczeniu spokoju i pi\u0119kna morza.<\/p>\n<p style=\"text-align: center;\">3. Komfort i rozrywka na pok\u0142adzie:<\/p>\n<p style=\"text-align: center;\">Wycieczka \u0142odzi\u0105 Starcraft Party zapewniaj\u0105 komfort i rozrywk\u0119, aby zapewni\u0107 wszystkim pasa\u017cerom niezapomniane wra\u017cenia. Nasza \u0142\u00f3d\u017a jest wyposa\u017cona w przestronne pok\u0142ady s\u0142oneczne, wygodne miejsca do wypoczynku oraz udogodnienia na pok\u0142adzie, takie jak bary i restauracje. Nasza \u0142\u00f3d\u017a oferuje r\u00f3wnie\u017c muzyk\u0119 na \u017cywo i rozrywk\u0119, aby poprawi\u0107 atmosfer\u0119 podczas rejsu wzd\u0142u\u017c wybrze\u017ca.<\/p>\n<p style=\"text-align: center;\">Wycieczka \u0142odzi\u0105 Starcraft Party zapewnia niezwyk\u0142\u0105 przygod\u0119, pozwalaj\u0105c\u0105 odkry\u0107 osza\u0142amiaj\u0105ce wybrze\u017ce, odkry\u0107 ukryte jaskinie i zanurzy\u0107 si\u0119 w t\u0119tni\u0105cym \u017cyciem podwodnym \u015bwiecie Morza \u015ar\u00f3dziemnego. Od staro\u017cytnej stoczni po pirackie jaskinie, ka\u017cdy przystanek na trasie oferuje niepowtarzaln\u0105 okazj\u0119 do poznania bogatej historii Alanyi i cud\u00f3w natury. Zabierz wi\u0119c krem \u200b\u200b\u200b\u200bprzeciws\u0142oneczny, mask\u0119 do nurkowania i poczucie przygody i przygotuj si\u0119 na niezapomnian\u0105 podr\u00f3\u017c podczas <a href=\"https:\/\/holidayexcursion.com\/tours-in-alanya\/tours\/sunset-boat\/\">rejsu \u0142odzi\u0105<\/a> po Alanyi.<\/p>\n<p style=\"text-align: center;\"><img loading=\"lazy\" decoding=\"async\" class=\"size-medium wp-image-4043 aligncenter\" src=\"https:\/\/holidayexcursion.com\/wp-content\/uploads\/2021\/12\/starcraft-party-boat-4-300x200.webp\" alt=\"\u0142\u00f3d\u017a imprezowa Starcraft\" width=\"300\" height=\"200\" title=\"\" srcset=\"https:\/\/holidayexcursion.com\/wp-content\/uploads\/2021\/12\/starcraft-party-boat-4-300x200.webp 300w, https:\/\/holidayexcursion.com\/wp-content\/uploads\/2021\/12\/starcraft-party-boat-4-768x512.webp 768w, https:\/\/holidayexcursion.com\/wp-content\/uploads\/2021\/12\/starcraft-party-boat-4-600x400.webp 600w, https:\/\/holidayexcursion.com\/wp-content\/uploads\/2021\/12\/starcraft-party-boat-4.webp 800w\" sizes=\"auto, (max-width: 300px) 100vw, 300px\" \/><\/p>\n<p style=\"text-align: center;\">Jedna z najlepszych nocnych atrakcji w Alanyi! Zapraszamy na niezapomnian\u0105 imprez\u0119 piankow\u0105 w najwi\u0119kszej \u0142odzi dyskotekowej Starcraft pod zamkiem w Alanyi. Pomachaj na morzu i ta\u0144cz na \u0142odzi z nocnym widokiem na Alany\u0119.<\/p>\n<p style=\"text-align: center;\">Noce w Alanyi s\u0142u\u017c\u0105 imprezowaniu i zabawie do wczesnych godzin porannych na pok\u0142adzie Starcrafta!<br \/>\nPrzeta\u0144cz ca\u0142\u0105 noc na pok\u0142adzie \u0142odzi dyskotekowej, p\u0142yn\u0105c w kierunku zamku w Alanyi. Prze\u017cyj wyj\u0105tkowy i wspania\u0142y wiecz\u00f3r na \u0142odzi.<br \/>\nCiesz si\u0119 pokazem ognia i piankow\u0105 imprez\u0105 na \u0142odzi Starcraft, a tak\u017ce siorbi\u0105c pyszne drinki i ta\u0144cz\u0105c do dudni\u0105cej melodii.<br \/>\nPlan Twojej imprezy; 20:30 &#8211; 21:30: Odbi\u00f3r z hotelu\/apartamentu<\/p>\n<p style=\"text-align: center;\">21:30 &#8211; 22:05: \u017begluga do zamku w Alanyi<br \/>\n22:05 &#8211; 22:30: Pokaz ognia<br \/>\n22:30 &#8211; 00:30: Zabawa taneczna i piankowa<br \/>\n00:30 &#8211; 01:30: Transfer do hotelu\/apartamentu<\/p>\n<p style=\"text-align: center;\">Cena zawiera:<br \/>\n\u2022 Odbi\u00f3r i dow\u00f3z z\/do hoteli<br \/>\n\u2022 Przek\u0105ski i wszystkie lokalne napoje<\/p>\n<p style=\"text-align: center;\">Cena nie zawiera:<br \/>\n\u2022 Importuj napoje, jedzenie, koktajle<br \/>\n\u2022 Zdj\u0119cia i filmy<br \/>\n\u2022 Wydatki osobiste<\/p>\n<p style=\"text-align: center;\">Dodatkowe informacje:<br \/>\nAlanya noc\u0105 jest naprawd\u0119 warta prze\u017cycia!<\/p>\n<p style=\"text-align: center;\">\u017byczymy Pa\u0144stwu niezapomnianych wspomnie\u0144 z wakacji w Alanyi w Turcji.<\/p>\n<p style=\"text-align: center;\">Ps: Aby uzyska\u0107 wi\u0119cej informacji, mo\u017cesz r\u00f3wnie\u017c skontaktowa\u0107 si\u0119 przez aplikacj\u0119 Whats lub wiadomo\u015b\u0107.<\/p>\n<p style=\"text-align: center;\">Wakacyjny Zesp\u00f3\u0142 Wycieczkowy,<\/p>\n<p><iframe loading=\"lazy\" title=\"Alanya Starcraft Boat\" width=\"1020\" height=\"574\" src=\"https:\/\/www.youtube.com\/embed\/w9zZaUgOUq0?feature=oembed\" frameborder=\"0\" allow=\"accelerometer; autoplay; clipboard-write; encrypted-media; gyroscope; picture-in-picture; web-share\" allowfullscreen><\/iframe><\/p>\n<p><iframe loading=\"lazy\" title=\"Turkey Travel Video . STARCRAFT BOAT , Alanya 2015\" width=\"1020\" height=\"574\" src=\"https:\/\/www.youtube.com\/embed\/BISNqSs17bQ?feature=oembed\" frameborder=\"0\" allow=\"accelerometer; autoplay; clipboard-write; encrypted-media; gyroscope; picture-in-picture; web-share\" allowfullscreen><\/iframe><\/p>\n<p><iframe loading=\"lazy\" title=\"\u0422\u0443\u0440\u0446\u0438\u044f \u0410\u043b\u0430\u043d\u044c\u044f \/ \u041b\u0435\u0442\u044f\u0449\u0435\u0439 \u043f\u043e\u0445\u043e\u0434\u043a\u043e\u0439 - \u041f\u0435\u043d\u043d\u0430\u044f \u0434\u0438\u0441\u043a\u043e\u0442\u0435\u043a\u0430 \u043d\u0430 \u044f\u0445\u0442\u0435 \/ STARCRAFT BOAT\" width=\"1020\" height=\"574\" src=\"https:\/\/www.youtube.com\/embed\/_Lpw5KTJnTM?feature=oembed\" frameborder=\"0\" allow=\"accelerometer; autoplay; clipboard-write; encrypted-media; gyroscope; picture-in-picture; web-share\" allowfullscreen><\/iframe><\/p>\n","protected":false},"excerpt":{"rendered":"<p>WYCIECZKA \u0141ODZI\u0104 STARCRAFT PARTY Rejs statkiem Wycieczka \u0142odzi\u0105 Starcraft Party: poznaj spokojne wybrze\u017ce i krystalicznie czyste wody Po\u0142o\u017cona na l\u015bni\u0105cej Riwierze Tureckiej Alanya zachwyca go\u015bci idyllicznymi pla\u017cami, zabytkami i zapieraj\u0105c\u0105 dech w piersiach pi\u0119kn\u0105 przyrod\u0105. Jednym z najlepszych sposob\u00f3w, aby zanurzy\u0107 si\u0119 w splendorze tego nadmorskiego klejnotu, jest rejs \u0142odzi\u0105 Starcraft po Alanyi. Podczas tej<\/p>\n","protected":false},"featured_media":4398,"comment_status":"open","ping_status":"closed","template":"","meta":[],"product_brand":[],"product_cat":[107],"product_tag":[],"class_list":{"0":"post-5241","1":"product","2":"type-product","3":"status-publish","4":"has-post-thumbnail","6":"product_cat-wycieczki","8":"first","9":"instock","10":"featured","11":"virtual","12":"sold-individually","13":"purchasable","14":"product-type-booking"},"_links":{"self":[{"href":"https:\/\/holidayexcursion.com\/pl\/wp-json\/wp\/v2\/product\/5241","targetHints":{"allow":["GET"]}}],"collection":[{"href":"https:\/\/holidayexcursion.com\/pl\/wp-json\/wp\/v2\/product"}],"about":[{"href":"https:\/\/holidayexcursion.com\/pl\/wp-json\/wp\/v2\/types\/product"}],"replies":[{"embeddable":true,"href":"https:\/\/holidayexcursion.com\/pl\/wp-json\/wp\/v2\/comments?post=5241"}],"wp:featuredmedia":[{"embeddable":true,"href":"https:\/\/holidayexcursion.com\/pl\/wp-json\/wp\/v2\/media\/4398"}],"wp:attachment":[{"href":"https:\/\/holidayexcursion.com\/pl\/wp-json\/wp\/v2\/media?parent=5241"}],"wp:term":[{"taxonomy":"product_brand","embeddable":true,"href":"https:\/\/holidayexcursion.com\/pl\/wp-json\/wp\/v2\/product_brand?post=5241"},{"taxonomy":"product_cat","embeddable":true,"href":"https:\/\/holidayexcursion.com\/pl\/wp-json\/wp\/v2\/product_cat?post=5241"},{"taxonomy":"product_tag","embeddable":true,"href":"https:\/\/holidayexcursion.com\/pl\/wp-json\/wp\/v2\/product_tag?post=5241"}],"curies":[{"name":"wp","href":"https:\/\/api.w.org\/{rel}","templated":true}]}}