{"id":5246,"date":"2021-10-06T17:00:59","date_gmt":"2021-12-06T22:07:34","guid":{"rendered":"http:\/\/holidayexcursion.com\/excursions-in-alanya\/bez-kategorii\/paralotniarstwo-w-alanyi\/"},"modified":"2023-12-03T21:59:25","modified_gmt":"2023-12-03T18:59:25","slug":"paragliding","status":"publish","type":"product","link":"https:\/\/holidayexcursion.com\/pl\/tours-in-alanya\/wycieczki\/paragliding\/","title":{"rendered":"Paralotniarstwo w Alanyi"},"content":{"rendered":"<h2 style=\"text-align: center;\">PARAGLIDING<\/h2>\n<p style=\"text-align: center;\">Przygoda na paralotni w Alanyi<\/p>\n<p style=\"text-align: center;\">Czy jeste\u015b gotowy na ekscytuj\u0105c\u0105 przygod\u0119, kt\u00f3ra zabierze Ci\u0119 w przestworza nad Alany\u0105? Nie szukaj dalej ni\u017c paralotniarstwo, popularna aktywno\u015b\u0107, kt\u00f3ra pozwala do\u015bwiadczy\u0107 zapieraj\u0105cego dech w piersiach pi\u0119kna tego tureckiego nadmorskiego <a href=\"https:\/\/holidayexcursion.com\/tours-in-alanya\/tours\/city-tour\/\">miasta<\/a> z wyj\u0105tkowej i ekscytuj\u0105cej perspektywy. Podczas tej wakacyjnej wycieczki zabierzemy Ci\u0119 w podr\u00f3\u017c po ekscytuj\u0105cym \u015bwiecie paralotniarstwa w Alanyi, oferuj\u0105c wgl\u0105d w do\u015bwiadczenia, \u015brodki bezpiecze\u0144stwa i inspiruj\u0105ce krajobrazy, kt\u00f3re napotkasz.<\/p>\n<p><img loading=\"lazy\" decoding=\"async\" class=\"size-medium wp-image-4096\" src=\"https:\/\/holidayexcursion.com\/wp-content\/uploads\/2021\/10\/alanya-paragliding-6.webp\" alt=\"alanya-paralotniarstwo\" width=\"300\" height=\"300\" title=\"\" srcset=\"https:\/\/holidayexcursion.com\/wp-content\/uploads\/2021\/10\/alanya-paragliding-6.webp 2000w, https:\/\/holidayexcursion.com\/wp-content\/uploads\/2021\/10\/alanya-paragliding-6-300x300.webp 300w, https:\/\/holidayexcursion.com\/wp-content\/uploads\/2021\/10\/alanya-paragliding-6-768x768.webp 768w, https:\/\/holidayexcursion.com\/wp-content\/uploads\/2021\/10\/alanya-paragliding-6-1024x1024.webp 1024w, https:\/\/holidayexcursion.com\/wp-content\/uploads\/2021\/10\/alanya-paragliding-6-1536x1536.webp 1536w, https:\/\/holidayexcursion.com\/wp-content\/uploads\/2021\/10\/alanya-paragliding-6-600x600.webp 600w, https:\/\/holidayexcursion.com\/wp-content\/uploads\/2021\/10\/alanya-paragliding-6-100x100.webp 100w, https:\/\/holidayexcursion.com\/wp-content\/uploads\/2021\/10\/alanya-paragliding-6-150x150.webp 150w\" sizes=\"auto, (max-width: 300px) 100vw, 300px\" \/><\/p>\n<p style=\"text-align: center;\">1. Przyp\u0142yw adrenaliny:<\/p>\n<p style=\"text-align: center;\">Kiedy przygotowujesz si\u0119 do lotu, narasta w Tobie podekscytowanie i oczekiwanie. Paralotniarstwo w Alanyi zapewnia zastrzyk adrenaliny jak \u017caden inny. Wzniesiesz si\u0119 w powietrze, zawieszony pod kolorowym baldachimem, czuj\u0105c si\u0119 niewa\u017cki, gdy niesie ci\u0119 wiatr. Po\u0142\u0105czenie szybko\u015bci, wysoko\u015bci i widoku z lotu ptaka na cuda natury poni\u017cej sprawi, \u017ce poczujesz przyp\u0142yw rado\u015bci i wspomnienie na ca\u0142e \u017cycie.<\/p>\n<p><img loading=\"lazy\" decoding=\"async\" class=\"size-medium wp-image-28124 aligncenter\" src=\"https:\/\/holidayexcursion.com\/wp-content\/uploads\/2021\/10\/paragliding-Alanya-2-300x200.jpg\" alt=\"\" width=\"300\" height=\"200\" title=\"\" srcset=\"https:\/\/holidayexcursion.com\/wp-content\/uploads\/2021\/10\/paragliding-Alanya-2-300x200.jpg 300w, https:\/\/holidayexcursion.com\/wp-content\/uploads\/2021\/10\/paragliding-Alanya-2-600x400.jpg 600w, https:\/\/holidayexcursion.com\/wp-content\/uploads\/2021\/10\/paragliding-Alanya-2.jpg 669w\" sizes=\"auto, (max-width: 300px) 100vw, 300px\" \/><\/p>\n<p style=\"text-align: center;\">2. Bezpiecze\u0144stwo przede wszystkim:<\/p>\n<p style=\"text-align: center;\">Paralotniarstwo w <a href=\"https:\/\/en.wikipedia.org\/wiki\/Alanya\" rel=\"nofollow noopener\" target=\"_blank\">Alanyi<\/a> to przygoda podnosz\u0105ca poziom adrenaliny, ale bezpiecze\u0144stwo jest najwa\u017cniejsze. Przed startem otrzymasz kompleksow\u0105 odpraw\u0119 na temat bezpiecze\u0144stwa prowadzon\u0105 przez do\u015bwiadczonych instruktor\u00f3w. Przeprowadz\u0105 Ci\u0119 przez niezb\u0119dne \u015brodki ostro\u017cno\u015bci i zademonstruj\u0105, jak obchodzi\u0107 si\u0119 ze sprz\u0119tem. Mo\u017cesz mie\u0107 pewno\u015b\u0107, \u017ce do\u015bwiadczeni piloci b\u0119d\u0105 Ci towarzyszy\u0107 przez ca\u0142y lot, upewniaj\u0105c si\u0119, \u017ce przestrzegane s\u0105 wszystkie \u015brodki bezpiecze\u0144stwa. Wiadomo, \u017ce Alanya ma do\u015bwiadczonych i licencjonowanych operator\u00f3w paralotni, dla kt\u00f3rych priorytetem jest Twoje bezpiecze\u0144stwo i dobre samopoczucie.<\/p>\n<p><img loading=\"lazy\" decoding=\"async\" class=\"size-medium wp-image-28118 aligncenter\" src=\"https:\/\/holidayexcursion.com\/wp-content\/uploads\/2021\/10\/Paragliding-alanya-300x200.jpg\" alt=\"\" width=\"300\" height=\"200\" title=\"\" srcset=\"https:\/\/holidayexcursion.com\/wp-content\/uploads\/2021\/10\/Paragliding-alanya-300x200.jpg 300w, https:\/\/holidayexcursion.com\/wp-content\/uploads\/2021\/10\/Paragliding-alanya-600x400.jpg 600w, https:\/\/holidayexcursion.com\/wp-content\/uploads\/2021\/10\/Paragliding-alanya.jpg 720w\" sizes=\"auto, (max-width: 300px) 100vw, 300px\" \/><\/p>\n<p style=\"text-align: center;\">3. Niezapomniane widoki:<\/p>\n<p style=\"text-align: center;\">Wyobra\u017a sobie uczucie szybowania wysoko nad osza\u0142amiaj\u0105cym wybrze\u017cem Alanyi, z panoramicznym widokiem na turkusowe wody Morza \u015ar\u00f3dziemnego i z\u0142ote pla\u017ce ci\u0105gn\u0105ce si\u0119 kilometrami. Alanya Paragliding to wyj\u0105tkowy punkt widokowy, z kt\u00f3rego mo\u017cna podziwia\u0107 najwa\u017cniejsze zabytki miasta, w tym zamek Alanya wzniesiony na szczycie wzg\u00f3rza, malowniczy port i otaczaj\u0105ce g\u00f3ry Taurus. Po\u0142\u0105czenie zapieraj\u0105cego dech w piersiach pi\u0119kna przyrody i staro\u017cytnych zabytk\u00f3w zapiera dech w piersiach.<\/p>\n<p><img loading=\"lazy\" decoding=\"async\" class=\"size-medium wp-image-4091 aligncenter\" src=\"https:\/\/holidayexcursion.com\/wp-content\/uploads\/2021\/10\/alanya-paragliding-1.webp\" alt=\"alanya-paralotniarstwo\" width=\"300\" height=\"300\" title=\"\" srcset=\"https:\/\/holidayexcursion.com\/wp-content\/uploads\/2021\/10\/alanya-paragliding-1.webp 2000w, https:\/\/holidayexcursion.com\/wp-content\/uploads\/2021\/10\/alanya-paragliding-1-300x300.webp 300w, https:\/\/holidayexcursion.com\/wp-content\/uploads\/2021\/10\/alanya-paragliding-1-768x768.webp 768w, https:\/\/holidayexcursion.com\/wp-content\/uploads\/2021\/10\/alanya-paragliding-1-1024x1024.webp 1024w, https:\/\/holidayexcursion.com\/wp-content\/uploads\/2021\/10\/alanya-paragliding-1-1536x1536.webp 1536w, https:\/\/holidayexcursion.com\/wp-content\/uploads\/2021\/10\/alanya-paragliding-1-600x600.webp 600w, https:\/\/holidayexcursion.com\/wp-content\/uploads\/2021\/10\/alanya-paragliding-1-100x100.webp 100w, https:\/\/holidayexcursion.com\/wp-content\/uploads\/2021\/10\/alanya-paragliding-1-150x150.webp 150w\" sizes=\"auto, (max-width: 300px) 100vw, 300px\" \/><\/p>\n<p style=\"text-align: center;\">4. Odpowiedni dla wszystkich:<\/p>\n<p style=\"text-align: center;\">Jedn\u0105 z najwi\u0119kszych zalet paralotniarstwa w Alanyi jest to, \u017ce jest ono odpowiednie dla os\u00f3b w r\u00f3\u017cnym wieku i na r\u00f3\u017cnym poziomie sprawno\u015bci. Nie jest wymagane \u017cadne wcze\u015bniejsze do\u015bwiadczenie, poniewa\u017c towarzyszy\u0107 Ci b\u0119d\u0105 do\u015bwiadczeni piloci, kt\u00f3rzy zajm\u0105 si\u0119 wszystkimi aspektami lotu. Niezale\u017cnie od tego, czy jeste\u015b \u0107punem adrenaliny szukaj\u0105cym zastrzyku adrenaliny, czy po prostu kim\u015b, kto chce spr\u00f3bowa\u0107 czego\u015b nowego, paralotniarstwo w Alanyi oferuje przyst\u0119pn\u0105 i niezapomnian\u0105 przygod\u0119 dla wszystkich.<\/p>\n<p style=\"text-align: center;\">5. Naprawd\u0119 niezapomniane prze\u017cycie:<\/p>\n<p style=\"text-align: center;\">Paralotniarstwo w Alanyi oferuje nie tylko ekscytuj\u0105c\u0105 przygod\u0119, ale tak\u017ce poczucie wyzwolenia i jedno\u015bci z natur\u0105. Szybuj\u0105c po niebie, po\u015bwi\u0119\u0107 chwil\u0119, aby zanurzy\u0107 si\u0119 w ciszy i spokoju otoczenia. Po\u0142\u0105czenie adrenaliny i spokoju tworzy prze\u017cycie, kt\u00f3re pozostawia niezatarte wra\u017cenie, przypominaj\u0105c o pi\u0119knie i ogromu otaczaj\u0105cego nas \u015bwiata.<\/p>\n<p><img loading=\"lazy\" decoding=\"async\" class=\"size-medium wp-image-4094 aligncenter\" src=\"https:\/\/holidayexcursion.com\/wp-content\/uploads\/2021\/10\/alanya-paragliding-4.webp\" alt=\"alanya-paralotniarstwo\" width=\"300\" height=\"300\" title=\"\" srcset=\"https:\/\/holidayexcursion.com\/wp-content\/uploads\/2021\/10\/alanya-paragliding-4.webp 2000w, https:\/\/holidayexcursion.com\/wp-content\/uploads\/2021\/10\/alanya-paragliding-4-300x300.webp 300w, https:\/\/holidayexcursion.com\/wp-content\/uploads\/2021\/10\/alanya-paragliding-4-768x768.webp 768w, https:\/\/holidayexcursion.com\/wp-content\/uploads\/2021\/10\/alanya-paragliding-4-1024x1024.webp 1024w, https:\/\/holidayexcursion.com\/wp-content\/uploads\/2021\/10\/alanya-paragliding-4-1536x1536.webp 1536w, https:\/\/holidayexcursion.com\/wp-content\/uploads\/2021\/10\/alanya-paragliding-4-600x600.webp 600w, https:\/\/holidayexcursion.com\/wp-content\/uploads\/2021\/10\/alanya-paragliding-4-100x100.webp 100w, https:\/\/holidayexcursion.com\/wp-content\/uploads\/2021\/10\/alanya-paragliding-4-150x150.webp 150w\" sizes=\"auto, (max-width: 300px) 100vw, 300px\" \/><\/p>\n<p style=\"text-align: center;\">Paralotniarstwo w Alanyi to absolutna konieczno\u015b\u0107 dla poszukiwaczy przyg\u00f3d szukaj\u0105cych niezapomnianych wra\u017ce\u0144 w tym nadmorskim raju. Dzi\u0119ki zapieraj\u0105cym dech w piersiach widokom, dreszczykowi emocji zwi\u0105zanemu z lotem i zastosowanym \u015brodkom bezpiecze\u0144stwa, paralotniarstwo daje mo\u017cliwo\u015b\u0107 zobaczenia Alanyi z zupe\u0142nie innej perspektywy. Zatem zapnij uprz\u0105\u017c, przygotuj si\u0119 do lotu i pozw\u00f3l, aby wiatr poni\u00f3s\u0142 Ci\u0119 w niesamowit\u0105 podr\u00f3\u017c po niebie Alanyi. Przygotuj si\u0119 na tworzenie wspomnie\u0144, kt\u00f3re zostan\u0105 na ca\u0142e \u017cycie i pozostawi\u0105 w Tobie nowo odkryt\u0105 mi\u0142o\u015b\u0107 do przyg\u00f3d i pi\u0119kna natury.<\/p>\n<p style=\"text-align: center;\">Program wycieczki;<br \/>\n&#8211; Odbierz z hoteli kr\u00f3tk\u0105 informacj\u0119 o lataniu<br \/>\n&#8211; Podjazd do miejsca startu<br \/>\n&#8211; Przygotowanie spadochron\u00f3w na miejscu startu<br \/>\n&#8211; Zrobienie kilku prostych krok\u00f3w z pilotem<br \/>\n&#8211; \u017beglowanie po niebie oko\u0142o 25 minut<br \/>\n&#8211; \u0142atwe l\u0105dowanie na pla\u017cy Kleopatry<br \/>\n&#8211; Ogl\u0105danie film\u00f3w zbieranie zdj\u0119\u0107 i powr\u00f3t do hotelu<\/p>\n<p style=\"text-align: center;\">Cena zawiera:<br \/>\n\u2022 Odbi\u00f3r i odbi\u00f3r z\/do hotelu<br \/>\n\u2022 25-minutowy lot<br \/>\n\u2022 Wszystkie urz\u0105dzenia<br \/>\n\u2022 Instrukcje wydane przez mi\u0119dzynarodowych licencjonowanych ekspert\u00f3w<br \/>\n\u2022 Ubezpieczenie<\/p>\n<p style=\"text-align: center;\">Cena NIE zawiera:<br \/>\nZdj\u0119cia i filmy dotycz\u0105ce jedzenia i napoj\u00f3w<br \/>\nDodatkowe informacje:<br \/>\nPoniewa\u017c nie znamy Twojego dok\u0142adnego stanu zdrowia, latasz na w\u0142asne ryzyko.<br \/>\nOczywi\u015bcie latamy najnowocze\u015bniejszym sprz\u0119tem i logicznie z wa\u017cnymi licencjami i ubezpieczeniem.<\/p>\n<p style=\"text-align: center;\">Prosz\u0119 nosi\u0107 wygodne ubrania i przynie\u015b\u0107;<br \/>\nSunglasses, Sturdy pair of shoes<\/p>\n<p style=\"text-align: center;\">Limity wagowe dla uczestnik\u00f3w;<br \/>\nMinimalna waga: 25 kg<br \/>\nMaksymalna waga: 120 kG<\/p>\n<p style=\"text-align: center;\">\u017byczymy Pa\u0144stwu niezapomnianych wspomnie\u0144 z wakacji w Alanyi w Turcji.<\/p>\n<p style=\"text-align: center;\">Ps: Aby uzyska\u0107 wi\u0119cej informacji, mo\u017cesz r\u00f3wnie\u017c skontaktowa\u0107 si\u0119 przez aplikacj\u0119 Whats lub wiadomo\u015b\u0107.<\/p>\n<p style=\"text-align: center;\">Wakacyjny Zesp\u00f3\u0142 Wycieczkowy,<\/p>\n<p><iframe loading=\"lazy\" title=\"Alanya Paragliding\" width=\"1020\" height=\"574\" src=\"https:\/\/www.youtube.com\/embed\/xfECDndJoBA?feature=oembed\" frameborder=\"0\" allow=\"accelerometer; autoplay; clipboard-write; encrypted-media; gyroscope; picture-in-picture; web-share\" allowfullscreen><\/iframe><\/p>\n<p><iframe loading=\"lazy\" title=\"Alanya Tandem Paragliding\" width=\"1020\" height=\"765\" src=\"https:\/\/www.youtube.com\/embed\/bA4XdCXcm1E?feature=oembed\" frameborder=\"0\" allow=\"accelerometer; autoplay; clipboard-write; encrypted-media; gyroscope; picture-in-picture; web-share\" allowfullscreen><\/iframe><\/p>\n","protected":false},"excerpt":{"rendered":"<p>PARAGLIDING Przygoda na paralotni w Alanyi Czy jeste\u015b gotowy na ekscytuj\u0105c\u0105 przygod\u0119, kt\u00f3ra zabierze Ci\u0119 w przestworza nad Alany\u0105? Nie szukaj dalej ni\u017c paralotniarstwo, popularna aktywno\u015b\u0107, kt\u00f3ra pozwala do\u015bwiadczy\u0107 zapieraj\u0105cego dech w piersiach pi\u0119kna tego tureckiego nadmorskiego miasta z wyj\u0105tkowej i ekscytuj\u0105cej perspektywy. Podczas tej wakacyjnej wycieczki zabierzemy Ci\u0119 w podr\u00f3\u017c po ekscytuj\u0105cym \u015bwiecie paralotniarstwa<\/p>\n","protected":false},"featured_media":4217,"comment_status":"open","ping_status":"closed","template":"","meta":[],"product_brand":[],"product_cat":[107],"product_tag":[],"class_list":{"0":"post-5246","1":"product","2":"type-product","3":"status-publish","4":"has-post-thumbnail","6":"product_cat-wycieczki","8":"first","9":"instock","10":"virtual","11":"sold-individually","12":"purchasable","13":"product-type-booking"},"_links":{"self":[{"href":"https:\/\/holidayexcursion.com\/pl\/wp-json\/wp\/v2\/product\/5246","targetHints":{"allow":["GET"]}}],"collection":[{"href":"https:\/\/holidayexcursion.com\/pl\/wp-json\/wp\/v2\/product"}],"about":[{"href":"https:\/\/holidayexcursion.com\/pl\/wp-json\/wp\/v2\/types\/product"}],"replies":[{"embeddable":true,"href":"https:\/\/holidayexcursion.com\/pl\/wp-json\/wp\/v2\/comments?post=5246"}],"wp:featuredmedia":[{"embeddable":true,"href":"https:\/\/holidayexcursion.com\/pl\/wp-json\/wp\/v2\/media\/4217"}],"wp:attachment":[{"href":"https:\/\/holidayexcursion.com\/pl\/wp-json\/wp\/v2\/media?parent=5246"}],"wp:term":[{"taxonomy":"product_brand","embeddable":true,"href":"https:\/\/holidayexcursion.com\/pl\/wp-json\/wp\/v2\/product_brand?post=5246"},{"taxonomy":"product_cat","embeddable":true,"href":"https:\/\/holidayexcursion.com\/pl\/wp-json\/wp\/v2\/product_cat?post=5246"},{"taxonomy":"product_tag","embeddable":true,"href":"https:\/\/holidayexcursion.com\/pl\/wp-json\/wp\/v2\/product_tag?post=5246"}],"curies":[{"name":"wp","href":"https:\/\/api.w.org\/{rel}","templated":true}]}}