{"id":5265,"date":"2021-10-06T17:14:26","date_gmt":"2021-12-06T22:07:35","guid":{"rendered":"http:\/\/holidayexcursion.com\/excursions-in-alanya\/bez-kategorii\/turecki-hamam\/"},"modified":"2023-12-02T23:28:20","modified_gmt":"2023-12-02T20:28:20","slug":"laznia-turecka","status":"publish","type":"product","link":"https:\/\/holidayexcursion.com\/pl\/tours-in-alanya\/wycieczki\/laznia-turecka\/","title":{"rendered":"\u0141a\u017ania turecka"},"content":{"rendered":"<h2 style=\"font-weight: 400; text-align: center;\"> \u0141A\u0179NIA TURECKA<\/h2>\n<p style=\"text-align: center;\"><strong>Ods\u0142oni\u0119cie \u0142a\u017ani tureckiej Prze\u017cyj podr\u00f3\u017c do relaksu i tradycji kulturowych<\/strong><\/p>\n<p style=\"text-align: center;\">Odwiedzaj\u0105c Turcj\u0119 nie mo\u017cna przegapi\u0107 okazji, aby zanurzy\u0107 si\u0119 w wielowiekowej tradycji \u0142a\u017ani tureckiej, zwanej tak\u017ce hamamem. G\u0142\u0119boko zakorzeniona w kulturze kraju, \u0142a\u017ania turecka oferuje wyj\u0105tkowe po\u0142\u0105czenie relaksu, odm\u0142odzenia i zanurzenia si\u0119 w kulturze. Podczas tej Holiday Excursion zabierzemy Ci\u0119 na wirtualn\u0105 wycieczk\u0119 po \u0142a\u017ani tureckiej, odkrywaj\u0105c jej historyczne znaczenie i niezliczone korzy\u015bci, jakie oferuje zar\u00f3wno dla cia\u0142a, jak i duszy.<\/p>\n<p style=\"text-align: center;\"> <img loading=\"lazy\" decoding=\"async\" class=\"alignnone size-medium wp-image-28048\" src=\"https:\/\/holidayexcursion.com\/wp-content\/uploads\/2021\/10\/turkish-bath-alanya1-300x169.jpg\" alt=\"\" width=\"300\" height=\"169\" title=\"\" srcset=\"https:\/\/holidayexcursion.com\/wp-content\/uploads\/2021\/10\/turkish-bath-alanya1-300x169.jpg 300w, https:\/\/holidayexcursion.com\/wp-content\/uploads\/2021\/10\/turkish-bath-alanya1-768x432.jpg 768w, https:\/\/holidayexcursion.com\/wp-content\/uploads\/2021\/10\/turkish-bath-alanya1-600x338.jpg 600w, https:\/\/holidayexcursion.com\/wp-content\/uploads\/2021\/10\/turkish-bath-alanya1.jpg 800w\" sizes=\"auto, (max-width: 300px) 100vw, 300px\" \/><\/p>\n<p style=\"text-align: center;\">1. Rzut oka na histori\u0119:<\/p>\n<p style=\"text-align: center;\"><a href=\"https:\/\/en.wikipedia.org\/wiki\/Hammam\" rel=\"nofollow noopener\" target=\"_blank\">\u0141a\u017ania turecka<\/a>, kt\u00f3rej pocz\u0105tki si\u0119gaj\u0105 czas\u00f3w rzymskich, od wiek\u00f3w stanowi integraln\u0105 cz\u0119\u015b\u0107 kultury tureckiej. Zainspirowana \u0142a\u017aniami rzymskimi \u0142a\u017ania turecka ewoluowa\u0142a dzi\u0119ki swojemu charakterystycznemu stylowi i rytua\u0142om, \u0142\u0105cz\u0105c elementy k\u0105pieli, oczyszczania i spotka\u0144 towarzyskich. Do\u015bwiadczaj\u0105c \u0142a\u017ani tureckiej, \u0142\u0105czysz si\u0119 z ponadczasow\u0105 tradycj\u0105 i zyskujesz wgl\u0105d w bogate dziedzictwo historyczne kraju.<\/p>\n<p style=\"text-align: center;\"><img loading=\"lazy\" decoding=\"async\" class=\"alignnone size-medium wp-image-28036\" src=\"https:\/\/holidayexcursion.com\/wp-content\/uploads\/2021\/10\/turkish-bath-alanya-3-300x200.jpg\" alt=\"\" width=\"300\" height=\"200\" title=\"\" srcset=\"https:\/\/holidayexcursion.com\/wp-content\/uploads\/2021\/10\/turkish-bath-alanya-3-300x200.jpg 300w, https:\/\/holidayexcursion.com\/wp-content\/uploads\/2021\/10\/turkish-bath-alanya-3-768x512.jpg 768w, https:\/\/holidayexcursion.com\/wp-content\/uploads\/2021\/10\/turkish-bath-alanya-3-600x400.jpg 600w, https:\/\/holidayexcursion.com\/wp-content\/uploads\/2021\/10\/turkish-bath-alanya-3.jpg 960w\" sizes=\"auto, (max-width: 300px) 100vw, 300px\" \/><\/p>\n<p style=\"text-align: center;\">2. \u0141a\u017ania turecka zanurzona w spokoju:<\/p>\n<p style=\"text-align: center;\">Wejd\u017a do \u015bwiata spokoju, wchodz\u0105c do tradycyjnego budynku w stylu osma\u0144skim, w kt\u00f3rym mie\u015bci si\u0119 \u0142a\u017ania turecka. Ciep\u0142e, s\u0142abo o\u015bwietlone pokoje ozdobione pi\u0119knym marmurem i misternymi kafelkami tworz\u0105 aur\u0119 spokoju. Atmosferyczna atmosfera sprzyja relaksowi, pozostawiaj\u0105c za sob\u0105 stres \u015bwiata zewn\u0119trznego.<\/p>\n<p style=\"text-align: center;\">3. Rytua\u0142 \u0142a\u017ani tureckiej:<\/p>\n<p style=\"text-align: center;\">Rytua\u0142 \u0142a\u017ani tureckiej zazwyczaj sk\u0142ada si\u0119 z kilku etap\u00f3w maj\u0105cych na celu oczyszczenie i rewitalizacj\u0119 zar\u00f3wno cia\u0142a, jak i umys\u0142u. Rozbierzesz si\u0119 i zrelaksujesz w ciep\u0142ej \u0142a\u017ani parowej, pozwalaj\u0105c, aby ciep\u0142o otworzy\u0142o pory i przygotowa\u0142o cia\u0142o do kolejnych zabieg\u00f3w. Nast\u0119pnie wykwalifikowany masa\u017cysta lub masa\u017cystka z\u0142uszczy sk\u00f3r\u0119 za pomoc\u0105 grubej r\u0119kawicy, usuwaj\u0105c martwe kom\u00f3rki i zanieczyszczenia. Nast\u0119pnie nast\u0119puje koj\u0105cy masa\u017c pian\u0105 i od\u015bwie\u017caj\u0105ca p\u0142ukania. Ca\u0142y proces dzia\u0142a orze\u017awiaj\u0105co, pozostawiaj\u0105c uczucie od\u015bwie\u017cenia, odm\u0142odzenia i g\u0142\u0119bokiego oczyszczenia.<\/p>\n<p><img loading=\"lazy\" decoding=\"async\" class=\"size-medium wp-image-28042 aligncenter\" src=\"https:\/\/holidayexcursion.com\/wp-content\/uploads\/2021\/10\/turkish-bath-alanya-300x200.jpg\" alt=\"\" width=\"300\" height=\"200\" title=\"\" srcset=\"https:\/\/holidayexcursion.com\/wp-content\/uploads\/2021\/10\/turkish-bath-alanya-300x200.jpg 300w, https:\/\/holidayexcursion.com\/wp-content\/uploads\/2021\/10\/turkish-bath-alanya-600x400.jpg 600w, https:\/\/holidayexcursion.com\/wp-content\/uploads\/2021\/10\/turkish-bath-alanya.jpg 669w\" sizes=\"auto, (max-width: 300px) 100vw, 300px\" \/><\/p>\n<p style=\"text-align: center;\">4. Korzy\u015bci zdrowotne \u0142a\u017ani tureckiej:<\/p>\n<p style=\"text-align: center;\">Opr\u00f3cz spokojnego do\u015bwiadczenia, \u0142a\u017ania turecka oferuje wiele korzy\u015bci zdrowotnych. Para pomaga rozlu\u017ani\u0107 mi\u0119\u015bnie, z\u0142agodzi\u0107 dolegliwo\u015bci dr\u00f3g oddechowych i odtru\u0107 organizm. Z\u0142uszczanie poprawia kr\u0105\u017cenie krwi i usuwa zanieczyszczenia, pozostawiaj\u0105c sk\u00f3r\u0119 mi\u0119kk\u0105 i pe\u0142n\u0105 blasku. Koj\u0105cy masa\u017c i delikatne rozci\u0105ganie dodatkowo wzmacniaj\u0105 relaks i poprawiaj\u0105 og\u00f3lne samopoczucie.<\/p>\n<p style=\"text-align: center;\">5. Zanurzenie kulturowe w \u0142a\u017ani tureckiej:<\/p>\n<p style=\"text-align: center;\">\u0141a\u017ania turecka to nie tylko relaks fizyczny; daje tak\u017ce mo\u017cliwo\u015b\u0107 zanurzenia si\u0119 w kulturze tureckiej. Podczas swojej wizyty b\u0119dziesz \u015bwiadkiem spo\u0142ecznego aspektu \u0142a\u017ani, gdzie miejscowi zbieraj\u0105 si\u0119, aby porozmawia\u0107, odpocz\u0105\u0107 i towarzysko. Anga\u017cuj\u0105c si\u0119 w rozmowy z innymi k\u0105pi\u0105cymi si\u0119 lub po prostu obserwuj\u0105c ich interakcje, zyskasz g\u0142\u0119bsze zrozumienie tureckich zwyczaj\u00f3w i tradycji.<\/p>\n<p><img loading=\"lazy\" decoding=\"async\" class=\"size-medium wp-image-28030 aligncenter\" src=\"https:\/\/holidayexcursion.com\/wp-content\/uploads\/2021\/10\/hamam-alanya-1-300x180.png\" alt=\"\" width=\"300\" height=\"180\" title=\"\" srcset=\"https:\/\/holidayexcursion.com\/wp-content\/uploads\/2021\/10\/hamam-alanya-1-300x180.png 300w, https:\/\/holidayexcursion.com\/wp-content\/uploads\/2021\/10\/hamam-alanya-1-600x360.png 600w, https:\/\/holidayexcursion.com\/wp-content\/uploads\/2021\/10\/hamam-alanya-1.png 695w\" sizes=\"auto, (max-width: 300px) 100vw, 300px\" \/><\/p>\n<p style=\"text-align: center;\">Wycieczka po <a href=\"https:\/\/holidayexcursion.com\/tours-in-alanya\/tours\/demre-myra-kekova\/\">\u0142a\u017ani tureckiej<\/a> to czaruj\u0105ca podr\u00f3\u017c w g\u0142\u0105b relaksu i zanurzenia si\u0119 w kulturze. Dzi\u0119ki fascynuj\u0105cej historii, spokojnej atmosferze i korzy\u015bciom terapeutycznym \u0142a\u017ania turecka obiecuje przenie\u015b\u0107 Ci\u0119 do \u015bwiata spokoju i odm\u0142odzenia. Niezale\u017cnie od tego, czy szukasz fizycznej rewitalizacji, czy g\u0142\u0119bszego zwi\u0105zku z tureckim dziedzictwem, wycieczka po \u0142a\u017ani tureckiej oferuje naprawd\u0119 niezapomniane wra\u017cenia, kt\u00f3re pozostawi\u0105 Ci\u0119 od\u015bwie\u017conego, o\u017cywionego i wzbogaconego. Zatem oddaj si\u0119 tej staro\u017cytnej tradycji i wyrusz w niezapomnian\u0105 podr\u00f3\u017c dla cia\u0142a, umys\u0142u i duszy.<\/p>\n<div style=\"text-align: center;\"><strong>CENA ZAWIERA:<\/strong><\/div>\n<div style=\"text-align: center;\">* Odbi\u00f3r i dow\u00f3z z hoteli i apartament\u00f3w w Alanyi i okolicach<\/div>\n<div style=\"text-align: center;\">* Wszystkie us\u0142ugi \u0142a\u017ani tureckiej (sauna, jacuzzi, \u0142a\u017ania parowa, grota solna, b\u0142otnia)<\/div>\n<div style=\"text-align: center;\">* Pakiet trzech masa\u017cy (peeling + pianka + masa\u017c olejkiem)<\/div>\n<div style=\"text-align: center;\"><\/div>\n<div style=\"text-align: center;\"><strong>OPCJONALNE DODATKI:<\/strong><\/div>\n<div style=\"text-align: center;\">* Napoje, Manicure, pedicure, masa\u017c tajski, masa\u017c gor\u0105cymi kamieniami.<\/div>\n<div style=\"text-align: center;\"><\/div>\n<div style=\"text-align: center;\"><strong>DODATKOWE INFORMACJE I WSKAZ\u00d3WKI:<\/strong><\/div>\n<div style=\"text-align: center;\">* Rezerwacja dost\u0119pna w dowolnym momencie w godzinach 09:00-19:00.<\/div>\n<div style=\"text-align: center;\">* Pakiet \u0142a\u017ani tureckiej w Alanyi trwa oko\u0142o 2 i p\u00f3\u0142 godziny.<\/div>\n<div style=\"text-align: center;\">* Je\u015bli masz jakiekolwiek problemy zdrowotne; odno\u015bnie wilgotno\u015bci i gor\u0105ca. Prosz\u0119 b\u0105d\u017a ostro\u017cny<\/div>\n<div style=\"text-align: center;\">* Je\u015bli zale\u017cy Ci na (nowej) opaleni\u017anie, mo\u017ce na pocz\u0105tku wakacji odwied\u017a \u0142a\u017ani\u0119 tureck\u0105.<\/div>\n<div style=\"text-align: center;\">* Udost\u0119pniamy Pa\u0144stwu zamykane przebieralnie, r\u0119cznik (peshtemal) \/ chust\u0119 m\u0119sk\u0105, kapcie (takunya)<\/div>\n<div style=\"text-align: center;\">* Zabierz ze sob\u0105 stroje k\u0105pielowe<\/div>\n<div style=\"text-align: center;\">* Ceny dla dzieci obowi\u0105zuj\u0105 dla dzieci w wieku 6-12 lat. Mog\u0105 korzysta\u0107 z masa\u017cy.<\/div>\n<p style=\"text-align: center;\">\u017byczymy Pa\u0144stwu niezapomnianych wspomnie\u0144 z wakacji w Alanyi w Turcji.<\/p>\n<p style=\"text-align: center;\">Ps: Aby uzyska\u0107 wi\u0119cej informacji, mo\u017cesz r\u00f3wnie\u017c skontaktowa\u0107 si\u0119 przez aplikacj\u0119 Whats lub wiadomo\u015b\u0107.<\/p>\n<p style=\"text-align: center;\">Wakacyjny Zesp\u00f3\u0142 Wycieczkowy,<\/p>\n<p><iframe loading=\"lazy\" title=\"Hamam | &#039;t is hier fantasties\" width=\"1020\" height=\"574\" src=\"https:\/\/www.youtube.com\/embed\/iIwG31B7cxk?feature=oembed\" frameborder=\"0\" allow=\"accelerometer; autoplay; clipboard-write; encrypted-media; gyroscope; picture-in-picture; web-share\" allowfullscreen><\/iframe><\/p>\n<p><iframe loading=\"lazy\" title=\"Turkish Steam Bath, Hamam, Peninsula Hot Springs, Mornington Peninsula, Australia\" width=\"1020\" height=\"574\" src=\"https:\/\/www.youtube.com\/embed\/7NEN5VwRnHs?feature=oembed\" frameborder=\"0\" allow=\"accelerometer; autoplay; clipboard-write; encrypted-media; gyroscope; picture-in-picture; web-share\" allowfullscreen><\/iframe><\/p>\n<p><iframe loading=\"lazy\" title=\"alanya hamam sauna\" width=\"1020\" height=\"574\" src=\"https:\/\/www.youtube.com\/embed\/hFQM2TdPIoY?feature=oembed\" frameborder=\"0\" allow=\"accelerometer; autoplay; clipboard-write; encrypted-media; gyroscope; picture-in-picture; web-share\" allowfullscreen><\/iframe><\/p>\n<p><iframe loading=\"lazy\" title=\"Alanya Hamam Turu-Hamam Tyrkisk Bad (KISA)\" width=\"1020\" height=\"574\" src=\"https:\/\/www.youtube.com\/embed\/5VxIFUl8bSM?feature=oembed\" frameborder=\"0\" allow=\"accelerometer; autoplay; clipboard-write; encrypted-media; gyroscope; picture-in-picture; web-share\" allowfullscreen><\/iframe><\/p>\n","protected":false},"excerpt":{"rendered":"<p>\u0141A\u0179NIA TURECKA Ods\u0142oni\u0119cie \u0142a\u017ani tureckiej Prze\u017cyj podr\u00f3\u017c do relaksu i tradycji kulturowych Odwiedzaj\u0105c Turcj\u0119 nie mo\u017cna przegapi\u0107 okazji, aby zanurzy\u0107 si\u0119 w wielowiekowej tradycji \u0142a\u017ani tureckiej, zwanej tak\u017ce hamamem. G\u0142\u0119boko zakorzeniona w kulturze kraju, \u0142a\u017ania turecka oferuje wyj\u0105tkowe po\u0142\u0105czenie relaksu, odm\u0142odzenia i zanurzenia si\u0119 w kulturze. Podczas tej Holiday Excursion zabierzemy Ci\u0119 na wirtualn\u0105 wycieczk\u0119<\/p>\n","protected":false},"featured_media":4472,"comment_status":"open","ping_status":"closed","template":"","meta":[],"product_brand":[],"product_cat":[107],"product_tag":[],"class_list":{"0":"post-5265","1":"product","2":"type-product","3":"status-publish","4":"has-post-thumbnail","6":"product_cat-wycieczki","8":"first","9":"instock","10":"featured","11":"virtual","12":"sold-individually","13":"purchasable","14":"product-type-booking"},"_links":{"self":[{"href":"https:\/\/holidayexcursion.com\/pl\/wp-json\/wp\/v2\/product\/5265","targetHints":{"allow":["GET"]}}],"collection":[{"href":"https:\/\/holidayexcursion.com\/pl\/wp-json\/wp\/v2\/product"}],"about":[{"href":"https:\/\/holidayexcursion.com\/pl\/wp-json\/wp\/v2\/types\/product"}],"replies":[{"embeddable":true,"href":"https:\/\/holidayexcursion.com\/pl\/wp-json\/wp\/v2\/comments?post=5265"}],"wp:featuredmedia":[{"embeddable":true,"href":"https:\/\/holidayexcursion.com\/pl\/wp-json\/wp\/v2\/media\/4472"}],"wp:attachment":[{"href":"https:\/\/holidayexcursion.com\/pl\/wp-json\/wp\/v2\/media?parent=5265"}],"wp:term":[{"taxonomy":"product_brand","embeddable":true,"href":"https:\/\/holidayexcursion.com\/pl\/wp-json\/wp\/v2\/product_brand?post=5265"},{"taxonomy":"product_cat","embeddable":true,"href":"https:\/\/holidayexcursion.com\/pl\/wp-json\/wp\/v2\/product_cat?post=5265"},{"taxonomy":"product_tag","embeddable":true,"href":"https:\/\/holidayexcursion.com\/pl\/wp-json\/wp\/v2\/product_tag?post=5265"}],"curies":[{"name":"wp","href":"https:\/\/api.w.org\/{rel}","templated":true}]}}