{"id":5271,"date":"2021-10-06T17:19:44","date_gmt":"2021-12-06T22:07:37","guid":{"rendered":"http:\/\/holidayexcursion.com\/excursions-in-alanya\/bez-kategorii\/wycieczka-konna-w-alanyi\/"},"modified":"2023-12-02T22:54:03","modified_gmt":"2023-12-02T19:54:03","slug":"jazda-konna","status":"publish","type":"product","link":"https:\/\/holidayexcursion.com\/pl\/tours-in-alanya\/wycieczki\/jazda-konna\/","title":{"rendered":"Wycieczka konna"},"content":{"rendered":"<h2 id=\"highlights\" class=\"highlights\" style=\"text-align: center;\"><strong>JAZDA KONNA<\/strong><\/h2>\n<section id=\"exclusions\" class=\"exclusions long-txt\">\n<div class=\"hed\">\n<p style=\"text-align: center;\"><strong>Galopuj\u0105c przez Alany\u0119: Wyrusz na ekscytuj\u0105c\u0105 przeja\u017cd\u017ck\u0119 konn\u0105<\/strong><\/p>\n<p style=\"text-align: center;\">Alanya w Turcji s\u0142ynie nie tylko z pi\u0119knych pla\u017c i zabytk\u00f3w, ale tak\u017ce oferuje niezapomniane wra\u017cenia mi\u0142o\u015bnikom koni w ka\u017cdym wieku. Wycieczka konna po Alanyi zapewnia wyj\u0105tkow\u0105 okazj\u0119 do zanurzenia si\u0119 w zachwycaj\u0105cej przyrodzie podczas odkrywania ukrytych skarb\u00f3w regionu. Podczas tej wakacyjnej wycieczki zag\u0142\u0119bimy si\u0119 w cuda wycieczki konnej w Alanyi, daj\u0105c ci wgl\u0105d w rado\u015b\u0107 i spok\u00f3j, kt\u00f3ry na ciebie czeka.<\/p>\n<p style=\"text-align: center;\"><img loading=\"lazy\" decoding=\"async\" class=\"alignnone size-medium wp-image-28012\" src=\"https:\/\/holidayexcursion.com\/wp-content\/uploads\/2021\/10\/Horse-riding-alanya-300x200.jpg\" alt=\"\" width=\"300\" height=\"200\" title=\"\" srcset=\"https:\/\/holidayexcursion.com\/wp-content\/uploads\/2021\/10\/Horse-riding-alanya-300x200.jpg 300w, https:\/\/holidayexcursion.com\/wp-content\/uploads\/2021\/10\/Horse-riding-alanya-768x511.jpg 768w, https:\/\/holidayexcursion.com\/wp-content\/uploads\/2021\/10\/Horse-riding-alanya-600x399.jpg 600w, https:\/\/holidayexcursion.com\/wp-content\/uploads\/2021\/10\/Horse-riding-alanya.jpg 960w\" sizes=\"auto, (max-width: 300px) 100vw, 300px\" \/><\/p>\n<p style=\"text-align: center;\">1. Odkryj zapieraj\u0105c\u0105 dech w piersiach sceneri\u0119:<\/p>\n<p style=\"text-align: center;\">Wycieczka konna po <a href=\"https:\/\/tr.wikipedia.org\/wiki\/Alanya\" rel=\"nofollow noopener\" target=\"_blank\">Alanyi<\/a> pozwala zobaczy\u0107 malownicze krajobrazy regionu z innej perspektywy. W\u0119druj\u0105c przez gaje oliwne, lasy sosnowe i malownicze szlaki, poczujesz niezaprzeczaln\u0105 wi\u0119\u017a z natur\u0105. Fascynuj\u0105ce widoki na Morze \u015ar\u00f3dziemne, pasma g\u00f3rskie i bujn\u0105 okolic\u0119 zapewniaj\u0105 spokojne i niezapomniane wra\u017cenia.<\/p>\n<p style=\"text-align: center;\">2. Poczuj rado\u015b\u0107 z jazdy konnej:<\/p>\n<p style=\"text-align: center;\">Niezale\u017cnie od tego, czy jeste\u015b do\u015bwiadczonym je\u017ad\u017acem, czy pocz\u0105tkuj\u0105cym, wycieczka konna w Alanyi jest przeznaczona dla os\u00f3b na ka\u017cdym poziomie zaawansowania. Kompetentni przewodnicy i dobrze wyszkolone konie zapewniaj\u0105 ka\u017cdemu bezpieczne i przyjemne prze\u017cycie. Jazda na tych majestatycznych stworzeniach nie tylko zaszczepia poczucie przygody, ale tak\u017ce g\u0142\u0119bokie uznanie dla wi\u0119zi mi\u0119dzy cz\u0142owiekiem a koniem.<\/p>\n<p style=\"text-align: center;\"><img loading=\"lazy\" decoding=\"async\" class=\"alignnone size-medium wp-image-28024\" src=\"https:\/\/holidayexcursion.com\/wp-content\/uploads\/2021\/10\/Horse-riding-holiday-excursion1-300x225.jpg\" alt=\"\" width=\"300\" height=\"225\" title=\"\" srcset=\"https:\/\/holidayexcursion.com\/wp-content\/uploads\/2021\/10\/Horse-riding-holiday-excursion1-300x225.jpg 300w, https:\/\/holidayexcursion.com\/wp-content\/uploads\/2021\/10\/Horse-riding-holiday-excursion1-768x576.jpg 768w, https:\/\/holidayexcursion.com\/wp-content\/uploads\/2021\/10\/Horse-riding-holiday-excursion1-600x450.jpg 600w, https:\/\/holidayexcursion.com\/wp-content\/uploads\/2021\/10\/Horse-riding-holiday-excursion1.jpg 775w\" sizes=\"auto, (max-width: 300px) 100vw, 300px\" \/><\/p>\n<p style=\"text-align: center;\">3. Odkryj miejsca docelowe poza utartymi szlakami:<\/p>\n<p style=\"text-align: center;\">Jedn\u0105 z atrakcji wycieczki konnej po Alanyi jest mo\u017cliwo\u015b\u0107 odwiedzenia miejsc niedost\u0119pnych innymi \u015brodkami transportu. Ucieknij od t\u0119tni\u0105cych \u017cyciem obszar\u00f3w turystycznych i odkryj ukryte szlaki prowadz\u0105ce do czaruj\u0105cych cud\u00f3w natury. Od staro\u017cytnych ruin po idylliczne wioski \u2013 b\u0119dziesz zahipnotyzowany bogat\u0105 histori\u0105 i kultur\u0105, jak\u0105 Alanya ma do zaoferowania.<\/p>\n<p style=\"text-align: center;\">4. Dostosowane do\u015bwiadczenia dla wszystkich:<\/p>\n<p style=\"text-align: center;\">Wycieczki konne w Alanyi zaspokajaj\u0105 r\u00f3\u017cnorodne preferencje je\u017ad\u017ac\u00f3w. Niezale\u017cnie od tego, czy wolisz spokojny spacer, czy bardziej ekscytuj\u0105cy galop, dost\u0119pne s\u0105 opcje odpowiadaj\u0105ce poziomowi komfortu ka\u017cdego je\u017ad\u017aca. Do zabawy mog\u0105 do\u0142\u0105czy\u0107 tak\u017ce rodziny z dzie\u0107mi,<\/p>\n<p style=\"text-align: center;\">.<img loading=\"lazy\" decoding=\"async\" class=\"alignnone size-medium wp-image-28006\" src=\"https:\/\/holidayexcursion.com\/wp-content\/uploads\/2021\/10\/Alanya-Horse-Riding-holiday-excursion-300x200.jpg\" alt=\"\" width=\"300\" height=\"200\" title=\"\" srcset=\"https:\/\/holidayexcursion.com\/wp-content\/uploads\/2021\/10\/Alanya-Horse-Riding-holiday-excursion-300x200.jpg 300w, https:\/\/holidayexcursion.com\/wp-content\/uploads\/2021\/10\/Alanya-Horse-Riding-holiday-excursion-600x400.jpg 600w, https:\/\/holidayexcursion.com\/wp-content\/uploads\/2021\/10\/Alanya-Horse-Riding-holiday-excursion.jpg 669w\" sizes=\"auto, (max-width: 300px) 100vw, 300px\" \/><\/p>\n<p>&nbsp;<\/p>\n<p style=\"text-align: center;\">5. Ucz si\u0119 od do\u015bwiadczonych przewodnik\u00f3w:<\/p>\n<p style=\"text-align: center;\">Przewodnicy towarzysz\u0105cy przeja\u017cd\u017ckom konnym to nie tylko eksperci w dziedzinie jazdy konnej, ale tak\u017ce posiadaj\u0105cy wiedz\u0119 na temat lokalnej historii, flory i fauny. Dostarczaj\u0105 cennych informacji na temat kultury regionu, zwi\u0119kszaj\u0105c zrozumienie i docenienie bogatego dziedzictwa Alanyi.<\/p>\n<p style=\"text-align: center;\">Wycieczka konna po Alanyi oferuje niezwyk\u0142\u0105 okazj\u0119 do po\u0142\u0105czenia si\u0119 z natur\u0105, odkrycia ukrytych skarb\u00f3w i prze\u017cycia dreszczyku emocji zwi\u0105zanych z jazd\u0105 konn\u0105. Od zapieraj\u0105cych dech w piersiach krajobraz\u00f3w po dostosowane do indywidualnych potrzeb do\u015bwiadczenia dla wszystkich grup wiekowych i poziom\u00f3w umiej\u0119tno\u015bci, Alanya zapewnia niezapomnian\u0105 <a href=\"https:\/\/holidayexcursion.com\/tours-in-alanya\/tours\/sapadere-canyon\/\">przygod\u0119<\/a> dla mi\u0142o\u015bnik\u00f3w koni. Zatem siod\u0142aj, ciesz si\u0119 spokojem wiejskiej przyrody i wyrusz w podr\u00f3\u017c, kt\u00f3ra pozostawi niezapomniane wspomnienia w sercu Alanyi w Turcji.<\/p>\n<p><img loading=\"lazy\" decoding=\"async\" class=\"size-medium wp-image-28018 aligncenter\" src=\"https:\/\/holidayexcursion.com\/wp-content\/uploads\/2021\/10\/Horse-riding-holiday-excursion-300x200.jpg\" alt=\"\" width=\"300\" height=\"200\" title=\"\" srcset=\"https:\/\/holidayexcursion.com\/wp-content\/uploads\/2021\/10\/Horse-riding-holiday-excursion-300x200.jpg 300w, https:\/\/holidayexcursion.com\/wp-content\/uploads\/2021\/10\/Horse-riding-holiday-excursion.jpg 600w\" sizes=\"auto, (max-width: 300px) 100vw, 300px\" \/><\/p>\n<div style=\"text-align: center;\"><strong>PROGRAM WYJAZD KONNYCH ALANYI<\/strong><\/div>\n<div style=\"text-align: center;\">* Odbi\u00f3r z hotelu lub apartament\u00f3w, w kt\u00f3rych przebywasz w Alanyi i okolicach<\/div>\n<div style=\"text-align: center;\">* Przyjazd do stadniny koni w wiosce Seki niedaleko Demirtas<\/div>\n<div style=\"text-align: center;\">* Poinformowanie o zasadach jakie obowi\u0105zuj\u0105 podczas wycieczki przez naszych do\u015bwiadczonych trener\u00f3w<\/div>\n<div style=\"text-align: center;\">* Jazda konna le\u015bn\u0105 \u015bcie\u017ck\u0105. Powr\u00f3t do naszej stadniny koni<\/div>\n<div style=\"text-align: center;\">* Odpoczynek, degustacja tureckiej herbaty. Transport do hotelu lub apartamentu w Alanyi i okolicach<\/div>\n<div style=\"text-align: center;\"><\/div>\n<div style=\"text-align: center;\"><strong>CENA ZAWIERA:<\/strong><\/div>\n<div style=\"text-align: center;\">* Odbi\u00f3r i dow\u00f3z z hotelu lub apartamentu w Alanyi.<\/div>\n<div style=\"text-align: center;\">* Przewodnik, trener<\/div>\n<div style=\"text-align: center;\">* 3 godziny jazdy konnej, ca\u0142y sprz\u0119t je\u017adziecki, herbata turecka, herbata jab\u0142kowa<\/div>\n<div style=\"text-align: center;\"><\/div>\n<div style=\"text-align: center;\"><strong>OPCJONALNE DODATKI:<\/strong><\/div>\n<div style=\"text-align: center;\">* Napoje, jedzenie, buty do jazdy konnej<\/div>\n<div style=\"text-align: center;\"><\/div>\n<div style=\"text-align: center;\"><strong>DODATKOWE INFORMACJE I WSKAZ\u00d3WKI:<\/strong><\/div>\n<div style=\"text-align: center;\">* Ka\u017cdy mo\u017ce do\u0142\u0105czy\u0107 do wycieczki konnej po Alanyi, zar\u00f3wno pocz\u0105tkuj\u0105cy, jak i profesjonali\u015bci<\/div>\n<div style=\"text-align: center;\">* Na wycieczk\u0119 konn\u0105 w Alanyi nie mog\u0105 przyst\u0105pi\u0107 osoby, kt\u00f3re wa\u017c\u0105 wi\u0119cej ni\u017c 100 kg<\/div>\n<div style=\"text-align: center;\">* Nie wolno je\u017adzi\u0107 kobietom w ci\u0105\u017cy<\/div>\n<div style=\"text-align: center;\">* Dzieci mog\u0105 bra\u0107 udzia\u0142 w przeja\u017cd\u017ckach konnych z rodzicami<\/div>\n<div style=\"text-align: center;\">* Wycieczka konna do Alanyi organizowana jest przez ca\u0142y rok.<\/div>\n<p style=\"text-align: center;\">\u017byczymy Pa\u0144stwu niezapomnianych wspomnie\u0144 z wakacji w Alanyi w Turcji.<\/p>\n<p style=\"text-align: center;\">Ps: Aby uzyska\u0107 wi\u0119cej informacji, mo\u017cesz r\u00f3wnie\u017c skontaktowa\u0107 si\u0119 przez aplikacj\u0119 Whats lub wiadomo\u015b\u0107.<\/p>\n<p style=\"text-align: center;\">Wakacyjny Zesp\u00f3\u0142 Wycieczkowy,<\/p>\n<p><iframe loading=\"lazy\" title=\"Horse Riding | Cinematic Short Film | SONY A7SIII\" width=\"1020\" height=\"574\" src=\"https:\/\/www.youtube.com\/embed\/MKOd5AZnEX0?feature=oembed\" frameborder=\"0\" allow=\"accelerometer; autoplay; clipboard-write; encrypted-media; gyroscope; picture-in-picture; web-share\" allowfullscreen><\/iframe><\/p>\n<p><iframe loading=\"lazy\" title=\"HORSE CLUB at binme alanya\" width=\"1020\" height=\"574\" src=\"https:\/\/www.youtube.com\/embed\/wByjfND7XS4?feature=oembed\" frameborder=\"0\" allow=\"accelerometer; autoplay; clipboard-write; encrypted-media; gyroscope; picture-in-picture; web-share\" allowfullscreen><\/iframe><\/p>\n<p><iframe loading=\"lazy\" title=\"HORSE CLUB at binme alanya Antalya\" width=\"1020\" height=\"574\" src=\"https:\/\/www.youtube.com\/embed\/asNtBKq_pUA?feature=oembed\" frameborder=\"0\" allow=\"accelerometer; autoplay; clipboard-write; encrypted-media; gyroscope; picture-in-picture; web-share\" allowfullscreen><\/iframe><\/p>\n<\/div>\n<\/section>\n","protected":false},"excerpt":{"rendered":"<p>JAZDA KONNA Galopuj\u0105c przez Alany\u0119: Wyrusz na ekscytuj\u0105c\u0105 przeja\u017cd\u017ck\u0119 konn\u0105 Alanya w Turcji s\u0142ynie nie tylko z pi\u0119knych pla\u017c i zabytk\u00f3w, ale tak\u017ce oferuje niezapomniane wra\u017cenia mi\u0142o\u015bnikom koni w ka\u017cdym wieku. Wycieczka konna po Alanyi zapewnia wyj\u0105tkow\u0105 okazj\u0119 do zanurzenia si\u0119 w zachwycaj\u0105cej przyrodzie podczas odkrywania ukrytych skarb\u00f3w regionu. Podczas tej wakacyjnej wycieczki zag\u0142\u0119bimy si\u0119<\/p>\n","protected":false},"featured_media":4193,"comment_status":"open","ping_status":"closed","template":"","meta":[],"product_brand":[],"product_cat":[107],"product_tag":[],"class_list":{"0":"post-5271","1":"product","2":"type-product","3":"status-publish","4":"has-post-thumbnail","6":"product_cat-wycieczki","8":"first","9":"instock","10":"featured","11":"virtual","12":"sold-individually","13":"purchasable","14":"product-type-booking"},"_links":{"self":[{"href":"https:\/\/holidayexcursion.com\/pl\/wp-json\/wp\/v2\/product\/5271","targetHints":{"allow":["GET"]}}],"collection":[{"href":"https:\/\/holidayexcursion.com\/pl\/wp-json\/wp\/v2\/product"}],"about":[{"href":"https:\/\/holidayexcursion.com\/pl\/wp-json\/wp\/v2\/types\/product"}],"replies":[{"embeddable":true,"href":"https:\/\/holidayexcursion.com\/pl\/wp-json\/wp\/v2\/comments?post=5271"}],"wp:featuredmedia":[{"embeddable":true,"href":"https:\/\/holidayexcursion.com\/pl\/wp-json\/wp\/v2\/media\/4193"}],"wp:attachment":[{"href":"https:\/\/holidayexcursion.com\/pl\/wp-json\/wp\/v2\/media?parent=5271"}],"wp:term":[{"taxonomy":"product_brand","embeddable":true,"href":"https:\/\/holidayexcursion.com\/pl\/wp-json\/wp\/v2\/product_brand?post=5271"},{"taxonomy":"product_cat","embeddable":true,"href":"https:\/\/holidayexcursion.com\/pl\/wp-json\/wp\/v2\/product_cat?post=5271"},{"taxonomy":"product_tag","embeddable":true,"href":"https:\/\/holidayexcursion.com\/pl\/wp-json\/wp\/v2\/product_tag?post=5271"}],"curies":[{"name":"wp","href":"https:\/\/api.w.org\/{rel}","templated":true}]}}