{"id":5275,"date":"2021-10-06T03:40:19","date_gmt":"2021-12-06T22:07:37","guid":{"rendered":"http:\/\/holidayexcursion.com\/excursions-in-alanya\/bez-kategorii\/demre-myra-i-kekova-tour\/"},"modified":"2024-03-18T23:42:18","modified_gmt":"2024-03-18T20:42:18","slug":"demre-myra-kekova","status":"publish","type":"product","link":"https:\/\/holidayexcursion.com\/pl\/tours-in-alanya\/wycieczki\/demre-myra-kekova\/","title":{"rendered":"Demre Myra Kekova"},"content":{"rendered":"<h2 style=\"text-align: center;\">DEMRE MYRA KEKOVA<\/h2>\n<p style=\"text-align: center;\">Odkrywanie staro\u017cytnych cud\u00f3w: ods\u0142oni\u0119cie trasy Demre Myra <a href=\"https:\/\/en.wikipedia.org\/wiki\/Kekova\" rel=\"nofollow noopener\" target=\"_blank\">Kekova<\/a><\/p>\n<p style=\"text-align: center;\">Wejd\u017a do krainy staro\u017cytnej historii i zapieraj\u0105cej dech w piersiach przyrody dzi\u0119ki wycieczce po Demre Myra Kekova. Ta wakacyjna wycieczka, po\u0142o\u017cona na przepi\u0119knym tureckim wybrze\u017cu, zabierze Ci\u0119 w urzekaj\u0105c\u0105 podr\u00f3\u017c w czasie, pozwalaj\u0105c odkry\u0107 fascynuj\u0105ce skarby Demre, odkry\u0107 tajemnicze zatopione miasto Kekova i zanurzy\u0107 si\u0119 w uroku tradycyjnej wioski Myra . Podczas tej wakacyjnej <a href=\"https:\/\/holidayexcursion.com\/tours-in-alanya\/tours\/horse-riding\/\">wycieczki<\/a> zag\u0142\u0119bimy si\u0119 w najwa\u017cniejsze atrakcje i do\u015bwiadczenia, kt\u00f3re czekaj\u0105 na Ciebie podczas tej niezwyk\u0142ej wycieczki.<\/p>\n<p style=\"text-align: center;\"><img loading=\"lazy\" decoding=\"async\" class=\"alignnone size-medium wp-image-28375\" src=\"https:\/\/holidayexcursion.com\/wp-content\/uploads\/2021\/10\/kekova-tour-holiday-excursion-300x200.webp\" alt=\"\" width=\"300\" height=\"200\" title=\"\" srcset=\"https:\/\/holidayexcursion.com\/wp-content\/uploads\/2021\/10\/kekova-tour-holiday-excursion-300x200.webp 300w, https:\/\/holidayexcursion.com\/wp-content\/uploads\/2021\/10\/kekova-tour-holiday-excursion-768x511.webp 768w, https:\/\/holidayexcursion.com\/wp-content\/uploads\/2021\/10\/kekova-tour-holiday-excursion-600x400.webp 600w, https:\/\/holidayexcursion.com\/wp-content\/uploads\/2021\/10\/kekova-tour-holiday-excursion.webp 1000w\" sizes=\"auto, (max-width: 300px) 100vw, 300px\" \/><\/p>\n<p style=\"text-align: center;\">1. Demre Myra Kekova: Odkrywanie staro\u017cytnej Myra:<\/p>\n<p style=\"text-align: center;\">Demre, wcze\u015bniej znana jako Myra, jest przesi\u0105kni\u0119ta bogat\u0105 histori\u0105 i mitologi\u0105. Odwied\u017a staro\u017cytne ruiny Myra, gdzie mo\u017cesz podziwia\u0107 dobrze zachowane grobowce wykute w skale licyjskiej, wykute w klifach. Podziwiaj pi\u0119knie zdobiony teatr Myra, kt\u00f3rego pocz\u0105tki si\u0119gaj\u0105 II wieku p.n.e. i odkryj imponuj\u0105ce pozosta\u0142o\u015bci rzymskiego ko\u015bcio\u0142a \u015bw. Miko\u0142aja, b\u0119d\u0105cego wa\u017cnym miejscem pielgrzymek. Odkryj historie kryj\u0105ce si\u0119 za tymi zabytkami, podczas gdy do\u015bwiadczeni przewodnicy poprowadz\u0105 Ci\u0119 przez staro\u017cytne cuda Demre.<\/p>\n<p style=\"text-align: center;\">2. Kekova: Tajemnica zatopionego miasta:<\/p>\n<p style=\"text-align: center;\">Wyrusz na niezwyk\u0142\u0105 <a href=\"https:\/\/holidayexcursion.com\/tours-in-alanya\/tours\/jeep-safari\/\">przygod\u0119<\/a> podczas rejsu po wodach Kekova, regionu s\u0142yn\u0105cego z cz\u0119\u015bciowo zatopionych ruin. Zatopione miasto, zniszczone wieki temu przez trz\u0119sienie ziemi, teraz oferuje urzekaj\u0105cy podwodny spektakl. Podziwiaj pozosta\u0142o\u015bci staro\u017cytnych mur\u00f3w, klatek schodowych, a nawet zatopionych budynk\u00f3w, nurkuj\u0105c z rurk\u0105 lub p\u0142ywaj\u0105c \u0142odzi\u0105 ze szklanym dnem po tym archeologicznym skarbie. Odkryj tajemnice przesz\u0142o\u015bci zatopionego miasta i wyobra\u017a sobie, jak wygl\u0105da\u0142o \u017cycie w tej niegdy\u015b kwitn\u0105cej metropolii.<\/p>\n<p style=\"text-align: center;\"><img loading=\"lazy\" decoding=\"async\" class=\"alignnone size-medium wp-image-28369\" src=\"https:\/\/holidayexcursion.com\/wp-content\/uploads\/2021\/10\/Demre-tour-holiday-excursion-300x158.webp\" alt=\"\" width=\"300\" height=\"158\" title=\"\" srcset=\"https:\/\/holidayexcursion.com\/wp-content\/uploads\/2021\/10\/Demre-tour-holiday-excursion-300x158.webp 300w, https:\/\/holidayexcursion.com\/wp-content\/uploads\/2021\/10\/Demre-tour-holiday-excursion.webp 600w\" sizes=\"auto, (max-width: 300px) 100vw, 300px\" \/><\/p>\n<p style=\"text-align: center;\">3. <a href=\"https:\/\/en.wikipedia.org\/wiki\/Myra\" rel=\"nofollow noopener\" target=\"_blank\">Myra<\/a>: Ponadczasowa prostota i lokalna kultura:<\/p>\n<p style=\"text-align: center;\">Poznaj tradycyjn\u0105 tureck\u0105 wiosk\u0119 Myra, gdzie autentyczne wiejskie \u017cycie toczy si\u0119 w\u015br\u00f3d malowniczych krajobraz\u00f3w. Spotkaj urocze lokalne wioski, kamienne domy i idylliczne gaje oliwne, zanurzaj\u0105c si\u0119 w cieple i prostocie Myry. Skosztuj tradycyjnych przysmak\u00f3w, takich jak lokalnie produkowana oliwa z oliwek i \u015bwie\u017co upieczony chleb, i wchod\u017a w interakcj\u0119 z przyjaznymi mieszka\u0144cami, kt\u00f3rzy z dum\u0105 chroni\u0105 swoje dziedzictwo kulturowe. Myra oferuje spokojny i relaksuj\u0105cy kontrast w stosunku do staro\u017cytnych cud\u00f3w, kt\u00f3re spotkasz podczas wycieczki.<\/p>\n<p style=\"text-align: center;\">4. Przeb\u0142yski wspania\u0142o\u015bci natury:<\/p>\n<p style=\"text-align: center;\">Opr\u00f3cz bogactw historycznych i kulturowych wycieczka do Demre Myra Kekova zapewnia odwiedzaj\u0105cym tak\u017ce zapieraj\u0105ce dech w piersiach krajobrazy naturalne. P\u0142yn\u0105c pomi\u0119dzy r\u00f3\u017cnymi lokalizacjami, rozkoszuj si\u0119 hipnotyzuj\u0105cymi widokami na turkusowe wody Morza \u015ar\u00f3dziemnego. Podziwiaj nier\u00f3wne wybrze\u017ce, bujne zielone wzg\u00f3rza i osza\u0142amiaj\u0105ce g\u00f3ry Taurus, kt\u00f3re stanowi\u0105 t\u0142o dla tej niezwyk\u0142ej podr\u00f3\u017cy. Wycieczka zapewnia wyj\u0105tkowe mo\u017cliwo\u015bci p\u0142ywania w zacisznych zatokach i odkrywania ukrytych zatoczek, co pozwala po\u0142\u0105czy\u0107 si\u0119 z natur\u0105 w jej najczystszej postaci.<\/p>\n<p style=\"text-align: center;\"><img loading=\"lazy\" decoding=\"async\" class=\"alignnone size-medium wp-image-28381\" src=\"https:\/\/holidayexcursion.com\/wp-content\/uploads\/2021\/10\/kekova_adasi_holiday-excursion-300x216.jpg\" alt=\"\" width=\"300\" height=\"216\" title=\"\" srcset=\"https:\/\/holidayexcursion.com\/wp-content\/uploads\/2021\/10\/kekova_adasi_holiday-excursion-300x216.jpg 300w, https:\/\/holidayexcursion.com\/wp-content\/uploads\/2021\/10\/kekova_adasi_holiday-excursion-768x553.jpg 768w, https:\/\/holidayexcursion.com\/wp-content\/uploads\/2021\/10\/kekova_adasi_holiday-excursion-600x432.jpg 600w, https:\/\/holidayexcursion.com\/wp-content\/uploads\/2021\/10\/kekova_adasi_holiday-excursion.jpg 900w\" sizes=\"auto, (max-width: 300px) 100vw, 300px\" \/><\/p>\n<p style=\"text-align: center;\">5. Wiedza fachowa i komfort:<\/p>\n<p style=\"text-align: center;\">Wycieczka do Demre Myra Kekova zapewnia do\u015bwiadczonych przewodnik\u00f3w, kt\u00f3rzy s\u0105 dobrze zaznajomieni z histori\u0105, kultur\u0105 i cudami natury regionu. Ci do\u015bwiadczeni przewodnicy b\u0119d\u0105 Ci towarzyszy\u0107 przez ca\u0142\u0105 wycieczk\u0119, dziel\u0105c si\u0119 intryguj\u0105cymi spostrze\u017ceniami i zapewniaj\u0105c bezpieczne i wygodne do\u015bwiadczenie. Niezale\u017cnie od tego, czy zdecydujesz si\u0119 zwiedzi\u0107 staro\u017cytne ruiny, czy po prostu cieszy\u0107 si\u0119 malowniczym pi\u0119knem, ich wiedza pomo\u017ce ci zrozumie\u0107 i doceni\u0107 najwa\u017cniejsze atrakcje wycieczki.<\/p>\n<p style=\"text-align: center;\">Wycieczka do Demre Myra Kekova oferuje wyj\u0105tkowe po\u0142\u0105czenie historii, kultury i naturalnego pi\u0119kna, pozwalaj\u0105c odkry\u0107 tajemnice staro\u017cytnych cywilizacji, odkry\u0107 tajemnic\u0119 zatopionego miasta i zanurzy\u0107 si\u0119 w ponadczasowej prostocie tradycyjnej tureckiej wioski. Z do\u015bwiadczonymi przewodnikami kieruj\u0105cymi Twoj\u0105 podr\u00f3\u017c\u0105, ta wycieczka obiecuje wzbogacaj\u0105ce i niezapomniane wra\u017cenia, pozostawiaj\u0105c Ci\u0119 z g\u0142\u0119bokim uznaniem dla g\u0142\u0119bi historycznego i naturalnego dziedzictwa Turcji.<\/p>\n<p style=\"text-align: center;\"><img loading=\"lazy\" decoding=\"async\" class=\"alignnone size-medium wp-image-28387\" src=\"https:\/\/holidayexcursion.com\/wp-content\/uploads\/2021\/10\/Myra-tour-holiday-excursion-300x159.webp\" alt=\"\" width=\"300\" height=\"159\" title=\"\" srcset=\"https:\/\/holidayexcursion.com\/wp-content\/uploads\/2021\/10\/Myra-tour-holiday-excursion-300x159.webp 300w, https:\/\/holidayexcursion.com\/wp-content\/uploads\/2021\/10\/Myra-tour-holiday-excursion-600x318.webp 600w, https:\/\/holidayexcursion.com\/wp-content\/uploads\/2021\/10\/Myra-tour-holiday-excursion.webp 650w\" sizes=\"auto, (max-width: 300px) 100vw, 300px\" \/><\/p>\n<div style=\"text-align: center;\"><strong> PROGRAM WYCIECZKI DEMRE MYRA KEKOVA:<\/strong><\/div>\n<div style=\"text-align: center;\">* Odbi\u00f3r\/dow\u00f3z z hoteli i apartament\u00f3w w Alanyi<\/div>\n<div style=\"text-align: center;\">*Przerwa \u015bniadaniowa w pobli\u017cu Antalyi<\/div>\n<div style=\"text-align: center;\">* Zwiedzanie muzealnego ko\u015bcio\u0142a \u015bw. Miko\u0142aja i centrum ikon<\/div>\n<div style=\"text-align: center;\">* Zwiedzanie staro\u017cytnego miasta Myra, staro\u017cytnego teatru i cmentarza skalnego, lunch<\/div>\n<div style=\"text-align: center;\">* Rejs na wysp\u0119 Kekova i do Zatopionego Miasta (2 godziny)<\/div>\n<div style=\"text-align: center;\">* Wylot z Myry, przerwa w pobli\u017cu Antalyi<\/div>\n<div style=\"text-align: center;\">* Dow\u00f3z do Twoich hoteli i apartament\u00f3w w Alanyi.<\/div>\n<div style=\"text-align: center;\"><\/div>\n<div style=\"text-align: center;\"><strong>CENA ZAWIERA:<\/strong><\/div>\n<div style=\"text-align: center;\">* Odbi\u00f3r\/dow\u00f3z z hoteli i apartament\u00f3w w Alanyi<\/div>\n<div style=\"text-align: center;\">* Przewodnik wycieczek, lunch, rejs statkiem po zatopionym mie\u015bcie<\/div>\n<div style=\"text-align: center;\">* Wszystkie op\u0142aty za wst\u0119p (staro\u017cytne miasto Myra i muzeum \u015bw.Nikalous)<\/div>\n<div style=\"text-align: center;\"><\/div>\n<div style=\"text-align: center;\"><strong>OPCJONALNE DODATKI:<\/strong><\/div>\n<div style=\"text-align: center;\">*Napoje<\/div>\n<div style=\"text-align: center;\"><\/div>\n<div style=\"text-align: center;\"><strong>DODATKOWE INFORMACJE I WSKAZ\u00d3WKI:<\/strong><\/div>\n<div style=\"text-align: center;\">* Zabierz ze sob\u0105 aparat, kostium k\u0105pielowy, r\u0119cznik, okulary przeciws\u0142oneczne i wygodne buty<\/div>\n<p style=\"text-align: center;\">Dost\u0119pne w Antalyi, Alanyi, Side, Manavgat, Belek. Aby uzyska\u0107 dok\u0142adny czas odbioru, skontaktuj si\u0119 z nami.<\/p>\n<p style=\"text-align: center;\">\u017byczymy Pa\u0144stwu niezapomnianych wspomnie\u0144 z wakacji w Turcji.<\/p>\n<p style=\"text-align: center;\">Ps: Aby uzyska\u0107 wi\u0119cej informacji, mo\u017cesz r\u00f3wnie\u017c skontaktowa\u0107 si\u0119 przez aplikacj\u0119 Whats lub wiadomo\u015b\u0107.<\/p>\n<p style=\"text-align: center;\">Wakacyjny Zesp\u00f3\u0142 Wycieczkowy,<\/p>\n<p><iframe loading=\"lazy\" title=\"Demre Myra (General Information)\" width=\"1020\" height=\"765\" src=\"https:\/\/www.youtube.com\/embed\/K8iB-FTp9cg?feature=oembed\" frameborder=\"0\" allow=\"accelerometer; autoplay; clipboard-write; encrypted-media; gyroscope; picture-in-picture; web-share\" allowfullscreen><\/iframe><\/p>\n<p><iframe loading=\"lazy\" title=\"Home of Saint Nicholas (Santa Claus) - Demre, Turkey\" width=\"1020\" height=\"574\" src=\"https:\/\/www.youtube.com\/embed\/wFd-0DcQtvM?feature=oembed\" frameborder=\"0\" allow=\"accelerometer; autoplay; clipboard-write; encrypted-media; gyroscope; picture-in-picture; web-share\" allowfullscreen><\/iframe><\/p>\n<p><iframe loading=\"lazy\" title=\"Myra Antik Kenti Demre\/Antalya - The ancient city of Myra in Demre \/ Antalya\" width=\"1020\" height=\"574\" src=\"https:\/\/www.youtube.com\/embed\/afqk_uuf5nM?feature=oembed\" frameborder=\"0\" allow=\"accelerometer; autoplay; clipboard-write; encrypted-media; gyroscope; picture-in-picture; web-share\" allowfullscreen><\/iframe><\/p>\n","protected":false},"excerpt":{"rendered":"<p>DEMRE MYRA KEKOVA Odkrywanie staro\u017cytnych cud\u00f3w: ods\u0142oni\u0119cie trasy Demre Myra Kekova Wejd\u017a do krainy staro\u017cytnej historii i zapieraj\u0105cej dech w piersiach przyrody dzi\u0119ki wycieczce po Demre Myra Kekova. Ta wakacyjna wycieczka, po\u0142o\u017cona na przepi\u0119knym tureckim wybrze\u017cu, zabierze Ci\u0119 w urzekaj\u0105c\u0105 podr\u00f3\u017c w czasie, pozwalaj\u0105c odkry\u0107 fascynuj\u0105ce skarby Demre, odkry\u0107 tajemnicze zatopione miasto Kekova i zanurzy\u0107<\/p>\n","protected":false},"featured_media":4578,"comment_status":"open","ping_status":"closed","template":"","meta":[],"product_brand":[],"product_cat":[107],"product_tag":[],"class_list":{"0":"post-5275","1":"product","2":"type-product","3":"status-publish","4":"has-post-thumbnail","6":"product_cat-wycieczki","8":"first","9":"instock","10":"featured","11":"virtual","12":"sold-individually","13":"purchasable","14":"product-type-booking"},"_links":{"self":[{"href":"https:\/\/holidayexcursion.com\/pl\/wp-json\/wp\/v2\/product\/5275","targetHints":{"allow":["GET"]}}],"collection":[{"href":"https:\/\/holidayexcursion.com\/pl\/wp-json\/wp\/v2\/product"}],"about":[{"href":"https:\/\/holidayexcursion.com\/pl\/wp-json\/wp\/v2\/types\/product"}],"replies":[{"embeddable":true,"href":"https:\/\/holidayexcursion.com\/pl\/wp-json\/wp\/v2\/comments?post=5275"}],"wp:featuredmedia":[{"embeddable":true,"href":"https:\/\/holidayexcursion.com\/pl\/wp-json\/wp\/v2\/media\/4578"}],"wp:attachment":[{"href":"https:\/\/holidayexcursion.com\/pl\/wp-json\/wp\/v2\/media?parent=5275"}],"wp:term":[{"taxonomy":"product_brand","embeddable":true,"href":"https:\/\/holidayexcursion.com\/pl\/wp-json\/wp\/v2\/product_brand?post=5275"},{"taxonomy":"product_cat","embeddable":true,"href":"https:\/\/holidayexcursion.com\/pl\/wp-json\/wp\/v2\/product_cat?post=5275"},{"taxonomy":"product_tag","embeddable":true,"href":"https:\/\/holidayexcursion.com\/pl\/wp-json\/wp\/v2\/product_tag?post=5275"}],"curies":[{"name":"wp","href":"https:\/\/api.w.org\/{rel}","templated":true}]}}