{"id":5279,"date":"2021-10-06T17:43:32","date_gmt":"2021-12-06T22:07:39","guid":{"rendered":"http:\/\/holidayexcursion.com\/excursions-in-alanya\/bez-kategorii\/wycieczka-do-parku-wodnego-waterplanet\/"},"modified":"2024-03-01T12:20:12","modified_gmt":"2024-03-01T09:20:12","slug":"park-wodny","status":"publish","type":"product","link":"https:\/\/holidayexcursion.com\/pl\/tours-in-alanya\/wycieczki\/park-wodny\/","title":{"rendered":"Aquapark Tour"},"content":{"rendered":"<h2 style=\"text-align: center;\">  <strong> WYCIECZKA DO AQUAPARKU ALANYA<\/strong><\/h2>\n<p style=\"text-align: center;\"> Zabawa dla ca\u0142ej rodziny: zwiedzanie parku wodnego w Alanyi i nie tylko<\/p>\n<p style=\"text-align: center;\">Je\u015bli chodzi o planowanie rodzinnych wakacji, Alanya w Turcji jest idealnym miejscem. Dzi\u0119ki wspania\u0142emu wybrze\u017cu Morza <a href=\"https:\/\/en.wikipedia.org\/wiki\/Mediterranean_Sea\" rel=\"nofollow noopener\" target=\"_blank\">\u015ar\u00f3dziemnego<\/a>, zabytkom i mn\u00f3stwu atrakcji dla rodzin, Alanya oferuje co\u015b dla ka\u017cdego. Podczas tej wakacyjnej wycieczki skupimy si\u0119 na jednej z najbardziej ekscytuj\u0105cych atrakcji dla rodzin &#8211; wycieczce do parku wodnego w Alanyi, wraz z innymi fantastycznymi opcjami, kt\u00f3re gwarantuj\u0105 pe\u0142ne zabawy wra\u017cenia dla wszystkich grup wiekowych.<\/p>\n<p style=\"text-align: center;\"> <img loading=\"lazy\" decoding=\"async\" class=\"alignnone size-medium wp-image-27948\" src=\"https:\/\/holidayexcursion.com\/wp-content\/uploads\/2021\/10\/eftelia-island-aquapark.jpg\" alt=\"\" width=\"300\" height=\"168\" title=\"\"><\/p>\n<p style=\"text-align: center;\">1. Wycieczka do Aquaparku w Alanyi:<\/p>\n<p style=\"text-align: center;\"><a href=\"https:\/\/holidayexcursion.com\/tours-in-alanya\/tours\/land-of-legends\/\">Aquapark<\/a> Alanya to ekscytuj\u0105cy park wodny, kt\u00f3ry zapewnia dzie\u0144 pe\u0142en wodnych przyg\u00f3d i emocji. Oto, czego mo\u017cesz si\u0119 spodziewa\u0107 po tej rodzinnej atrakcji:<\/p>\n<p style=\"text-align: center;\">a) Zje\u017cd\u017calnie i baseny:<br \/>\nAquapark oferuje szerok\u0105 gam\u0119 zje\u017cd\u017calni wodnych odpowiednich dla wszystkich grup wiekowych i poziom\u00f3w emocji. Od \u0142agodnych stok\u00f3w dla m\u0142odszych dzieci po podnosz\u0105ce adrenalin\u0119 i szybkie zje\u017cd\u017calnie dla nastolatk\u00f3w i doros\u0142ych \u2013 ka\u017cdy znajdzie co\u015b dla siebie. Dzi\u0119ki basenom o r\u00f3\u017cnych rozmiarach i g\u0142\u0119boko\u015bciach rodziny mog\u0105 odpocz\u0105\u0107 i cieszy\u0107 si\u0119 orze\u017awiaj\u0105c\u0105 wod\u0105 lub wsp\u00f3lnie pluska\u0107 si\u0119.<\/p>\n<p style=\"text-align: center;\"><img loading=\"lazy\" decoding=\"async\" class=\"alignnone size-medium wp-image-27954\" src=\"https:\/\/holidayexcursion.com\/wp-content\/uploads\/2021\/10\/eftelia-island-holiday-excursion-2-300x168.jpg\" alt=\"\" width=\"300\" height=\"168\" title=\"\" srcset=\"https:\/\/holidayexcursion.com\/wp-content\/uploads\/2021\/10\/eftelia-island-holiday-excursion-2-300x168.jpg 300w, https:\/\/holidayexcursion.com\/wp-content\/uploads\/2021\/10\/eftelia-island-holiday-excursion-2-2048x1149.jpg 2048w, https:\/\/holidayexcursion.com\/wp-content\/uploads\/2021\/10\/eftelia-island-holiday-excursion-2-768x431.jpg 768w, https:\/\/holidayexcursion.com\/wp-content\/uploads\/2021\/10\/eftelia-island-holiday-excursion-2-1024x575.jpg 1024w, https:\/\/holidayexcursion.com\/wp-content\/uploads\/2021\/10\/eftelia-island-holiday-excursion-2-1536x862.jpg 1536w, https:\/\/holidayexcursion.com\/wp-content\/uploads\/2021\/10\/eftelia-island-holiday-excursion-2-600x337.jpg 600w\" sizes=\"auto, (max-width: 300px) 100vw, 300px\" \/><\/p>\n<p style=\"text-align: center;\">b) Leniwa Rzeka i Basen ze Falami:<br \/>\nJedn\u0105 z atrakcji Aquaparku jest jego leniwa rzeka. Chwy\u0107 tub\u0119, usi\u0105d\u017a wygodnie i pozw\u00f3l, aby delikatny pr\u0105d ni\u00f3s\u0142 Ci\u0119 po parku, zapewniaj\u0105c relaksuj\u0105ce i przyjemne do\u015bwiadczenie. Kolejnym udogodnieniem dla t\u0142um\u00f3w jest basen ze sztucznymi falami, zapewniaj\u0105cy wra\u017cenie przebywania w oceanie z okresowymi przyp\u0142ywami fal.<\/p>\n<p style=\"text-align: center;\">c) Strefa zabaw dla dzieci:<br \/>\nAquapark przeznaczony jest dla m\u0142odszych dzieci i oferuje wydzielon\u0105 stref\u0119 zabaw z minizje\u017cd\u017calniami, brodzikami i interaktywnymi atrakcjami wodnymi. Rodzice mog\u0105 obserwowa\u0107, jak ich pociechy bawi\u0105 si\u0119 w bezpiecznym i nadzorowanym \u015brodowisku.<\/p>\n<p style=\"text-align: center;\"><img loading=\"lazy\" decoding=\"async\" class=\"alignnone size-medium wp-image-27960\" src=\"https:\/\/holidayexcursion.com\/wp-content\/uploads\/2021\/10\/Eftelia-island-holiday-excursion1-300x200.jpg\" alt=\"\" width=\"300\" height=\"200\" title=\"\" srcset=\"https:\/\/holidayexcursion.com\/wp-content\/uploads\/2021\/10\/Eftelia-island-holiday-excursion1-300x200.jpg 300w, https:\/\/holidayexcursion.com\/wp-content\/uploads\/2021\/10\/Eftelia-island-holiday-excursion1-768x512.jpg 768w, https:\/\/holidayexcursion.com\/wp-content\/uploads\/2021\/10\/Eftelia-island-holiday-excursion1-600x400.jpg 600w, https:\/\/holidayexcursion.com\/wp-content\/uploads\/2021\/10\/Eftelia-island-holiday-excursion1.jpg 960w\" sizes=\"auto, (max-width: 300px) 100vw, 300px\" \/><\/p>\n<p style=\"text-align: center;\">Alanya to fantastyczne miejsce na rodzinne wakacje, oferuj\u0105ce mn\u00f3stwo wra\u017ce\u0144 dla os\u00f3b w ka\u017cdym wieku. Wycieczka do parku wodnego Alanya zapewnia nieko\u0144cz\u0105c\u0105 si\u0119 zabaw\u0119 i emocje dzi\u0119ki ekscytuj\u0105cym zje\u017cd\u017calniom wodnym, leniwej rzece i basenowi ze sztucznymi falami. Od zwiedzania zabytk\u00f3w po cieszenie si\u0119 pi\u0119knymi pla\u017cami i podziwianie zapieraj\u0105cych dech w piersiach widok\u00f3w, Alanya oferuje r\u00f3\u017cnorodn\u0105 gam\u0119 zaj\u0119\u0107 przyjaznych rodzinom, kt\u00f3re pozostawi\u0105 trwa\u0142e wspomnienia. Spakuj wi\u0119c swoje torby, przygotuj si\u0119 na s\u0142oneczn\u0105 zabaw\u0119 i wyrusz w podr\u00f3\u017c, kt\u00f3ra zbli\u017cy Twoj\u0105 rodzin\u0119 do czaruj\u0105cej scenerii Alanyi w Turcji.<\/p>\n<p style=\"text-align: center;\">Zapraszamy na dzie\u0144 zabawy &#8211; akcji i przygody!<\/p>\n<p style=\"text-align: center;\">Aqua Park oferuje wspania\u0142\u0105, zdrow\u0105 zabaw\u0119 dla wszystkich grup wiekowych.<\/p>\n<p style=\"text-align: center;\">Wiod\u0105cy park wodny na Riwierze Tureckiej zaprasza na ca\u0142y dzie\u0144 zabawy, rozrywki i emocji w aquaparku&#8230;<\/p>\n<p style=\"text-align: center;\">Wyj\u0105tkowy park wodny z najlepszymi uczuciami Riwiery Tureckiej, znajdziesz najbardziej niesamowite atrakcje wodne dla wszystkich grup wiekowych. Zapraszamy na najbardziej rewelacyjny i orze\u017awiaj\u0105cy letni dzie\u0144 w otoczeniu bujnej ro\u015blinno\u015bci. Nie mo\u017cna przegapi\u0107 dobrze znanego Wave Pool, strefy dla dzieci i Kid&#8217;s Lagoon, kr\u0119tych zje\u017cd\u017calni, nieko\u0144cz\u0105cych si\u0119 zjazd\u00f3w, relaksuj\u0105cych basen\u00f3w, szalonych rzek.<\/p>\n<p style=\"text-align: center;\"><img loading=\"lazy\" decoding=\"async\" class=\"alignnone size-medium wp-image-27942\" src=\"https:\/\/holidayexcursion.com\/wp-content\/uploads\/2021\/10\/Aquapark-alanya-holiday-excursion-300x203.jpg\" alt=\"\" width=\"300\" height=\"203\" title=\"\" srcset=\"https:\/\/holidayexcursion.com\/wp-content\/uploads\/2021\/10\/Aquapark-alanya-holiday-excursion-300x203.jpg 300w, https:\/\/holidayexcursion.com\/wp-content\/uploads\/2021\/10\/Aquapark-alanya-holiday-excursion-768x518.jpg 768w, https:\/\/holidayexcursion.com\/wp-content\/uploads\/2021\/10\/Aquapark-alanya-holiday-excursion-600x405.jpg 600w, https:\/\/holidayexcursion.com\/wp-content\/uploads\/2021\/10\/Aquapark-alanya-holiday-excursion.jpg 948w\" sizes=\"auto, (max-width: 300px) 100vw, 300px\" \/><\/p>\n<p style=\"text-align: center;\">Nie ma ogranicze\u0144 w zabawie w ulubionym aquaparku Morza \u015ar\u00f3dziemnego, niezale\u017cnie od tego, czy jeste\u015b m\u0142ody, czy doros\u0142y.<\/p>\n<p style=\"text-align: center;\">Z 2000 os\u00f3b dziennie, najwi\u0119kszy aquapark tureckiego regionu Morza \u015ar\u00f3dziemnego zaprasza do zabawy, akcji i przygody. W ulubionym \u015br\u00f3dziemnomorskim raju wodnym nie ma granic, niezale\u017cnie od tego, czy jeste\u015b m\u0142ody, czy doros\u0142y.<\/p>\n<p style=\"text-align: center;\">Mo\u017cesz prze\u017cy\u0107 pe\u0142n\u0105 przyg\u00f3d zabaw\u0119 podczas raftingu lub zrelaksowa\u0107 si\u0119 z widokiem na morze z lasu lub pompowa\u0107 adrenalin\u0119 i zje\u017cd\u017calnie.<br \/>\nRodzinna zabawa z Family Slide, szybka ekscytacja z Kamikaze, 4 osoby obok siebie na Multi Slide, przenosz\u0105ce Ci\u0119 w inny wymiar dzi\u0119ki specjalnej konstrukcji; czarna dziura, w g\u00f3r\u0119 i w d\u00f3\u0142, i znowu ze zje\u017cd\u017calni\u0105 pochy\u0142\u0105, zje\u017cd\u017calniami dla dzieci i wieloma innymi atrakcjami\u2026<\/p>\n<p style=\"text-align: center;\">Cena zawiera: Transfer z \/ do hotelu &#8211; Przewodnictwo &#8211; Op\u0142ata za wst\u0119p do Aquaparku, obiad.<\/p>\n<p style=\"text-align: center;\">00-06 wiek Obiad nie jest wliczony w cen\u0119, p\u0142atny dodatkowo w Aquaparku.<\/p>\n<p style=\"text-align: center;\">\u017byczymy Pa\u0144stwu niezapomnianych wspomnie\u0144 z wakacji w Alanyi w Turcji.<\/p>\n<p style=\"text-align: center;\">Ps: Aby uzyska\u0107 wi\u0119cej informacji, mo\u017cesz r\u00f3wnie\u017c skontaktowa\u0107 si\u0119 przez aplikacj\u0119 Whats lub wiadomo\u015b\u0107.<\/p>\n<p style=\"text-align: center;\">Wakacyjny Zesp\u00f3\u0142 Wycieczkowy,<\/p>\n<p><iframe loading=\"lazy\" title=\"WATERPLANAT ANTALYA (inklusive Bewertungen)\" width=\"1020\" height=\"574\" src=\"https:\/\/www.youtube.com\/embed\/mjkZ2xDl4eo?feature=oembed\" frameborder=\"0\" allow=\"accelerometer; autoplay; clipboard-write; encrypted-media; gyroscope; picture-in-picture; web-share\" allowfullscreen><\/iframe><\/p>\n<p><iframe loading=\"lazy\" title=\"Hotel Waterplanet  Aquapark Alanya, 1\/2, www.agentiapatriot.ro\" width=\"1020\" height=\"574\" src=\"https:\/\/www.youtube.com\/embed\/yal2EW_Nfr4?feature=oembed\" frameborder=\"0\" allow=\"accelerometer; autoplay; clipboard-write; encrypted-media; gyroscope; picture-in-picture; web-share\" allowfullscreen><\/iframe><\/p>\n<p><iframe loading=\"lazy\" title=\"\u0422\u0443\u0440\u0446\u0438\u044f, \u0410\u043b\u0430\u043d\u044c\u044f, \u0410\u043a\u0432\u0430\u043f\u0430\u0440\u043a &quot;Water Planet&quot; \u0438\u044e\u043b\u044c 2011 \u0447.4\" width=\"1020\" height=\"765\" src=\"https:\/\/www.youtube.com\/embed\/kf84oo82_ig?feature=oembed\" frameborder=\"0\" allow=\"accelerometer; autoplay; clipboard-write; encrypted-media; gyroscope; picture-in-picture; web-share\" allowfullscreen><\/iframe><\/p>\n","protected":false},"excerpt":{"rendered":"<p>WYCIECZKA DO AQUAPARKU ALANYA Zabawa dla ca\u0142ej rodziny: zwiedzanie parku wodnego w Alanyi i nie tylko Je\u015bli chodzi o planowanie rodzinnych wakacji, Alanya w Turcji jest idealnym miejscem. Dzi\u0119ki wspania\u0142emu wybrze\u017cu Morza \u015ar\u00f3dziemnego, zabytkom i mn\u00f3stwu atrakcji dla rodzin, Alanya oferuje co\u015b dla ka\u017cdego. Podczas tej wakacyjnej wycieczki skupimy si\u0119 na jednej z najbardziej ekscytuj\u0105cych<\/p>\n","protected":false},"featured_media":27945,"comment_status":"open","ping_status":"closed","template":"","meta":[],"product_brand":[],"product_cat":[107],"product_tag":[],"class_list":{"0":"post-5279","1":"product","2":"type-product","3":"status-publish","4":"has-post-thumbnail","6":"product_cat-wycieczki","8":"first","9":"instock","10":"featured","11":"virtual","12":"sold-individually","13":"purchasable","14":"product-type-booking"},"_links":{"self":[{"href":"https:\/\/holidayexcursion.com\/pl\/wp-json\/wp\/v2\/product\/5279","targetHints":{"allow":["GET"]}}],"collection":[{"href":"https:\/\/holidayexcursion.com\/pl\/wp-json\/wp\/v2\/product"}],"about":[{"href":"https:\/\/holidayexcursion.com\/pl\/wp-json\/wp\/v2\/types\/product"}],"replies":[{"embeddable":true,"href":"https:\/\/holidayexcursion.com\/pl\/wp-json\/wp\/v2\/comments?post=5279"}],"wp:featuredmedia":[{"embeddable":true,"href":"https:\/\/holidayexcursion.com\/pl\/wp-json\/wp\/v2\/media\/27945"}],"wp:attachment":[{"href":"https:\/\/holidayexcursion.com\/pl\/wp-json\/wp\/v2\/media?parent=5279"}],"wp:term":[{"taxonomy":"product_brand","embeddable":true,"href":"https:\/\/holidayexcursion.com\/pl\/wp-json\/wp\/v2\/product_brand?post=5279"},{"taxonomy":"product_cat","embeddable":true,"href":"https:\/\/holidayexcursion.com\/pl\/wp-json\/wp\/v2\/product_cat?post=5279"},{"taxonomy":"product_tag","embeddable":true,"href":"https:\/\/holidayexcursion.com\/pl\/wp-json\/wp\/v2\/product_tag?post=5279"}],"curies":[{"name":"wp","href":"https:\/\/api.w.org\/{rel}","templated":true}]}}