{"id":5280,"date":"2021-10-06T15:24:44","date_gmt":"2021-12-06T22:07:39","guid":{"rendered":"http:\/\/holidayexcursion.com\/excursions-in-alanya\/bez-kategorii\/nurkowanie-w-alanyi\/"},"modified":"2023-12-04T20:32:08","modified_gmt":"2023-12-04T17:32:08","slug":"wycieczka-nurkowa","status":"publish","type":"product","link":"https:\/\/holidayexcursion.com\/pl\/tours-in-alanya\/wycieczki\/wycieczka-nurkowa\/","title":{"rendered":"Wycieczka nurkowa"},"content":{"rendered":"<h2 style=\"font-weight: 400; text-align: center;\"><strong>WYCIECZKA NURKOWA<\/strong><\/h2>\n<p style=\"text-align: center;\"><strong>Zanurz si\u0119 w g\u0142\u0119biny: odkrywanie wycieczki nurkowa po Alanyi<\/strong><\/p>\n<p style=\"text-align: center;\">Zanurz si\u0119 w czaruj\u0105cym podwodnym \u015bwiecie Alanyi, wyruszaj\u0105c na ekscytuj\u0105c\u0105 wycieczka nurkow\u0105. Po\u0142o\u017cona na przepi\u0119knym \u015br\u00f3dziemnomorskim wybrze\u017cu Turcji, Alanya to raj dla mi\u0142o\u015bnik\u00f3w nurkowania, oferuj\u0105cy szereg miejsc do nurkowania t\u0119tni\u0105cych \u017cyciem morza, intryguj\u0105cymi wrakami statk\u00f3w i zapieraj\u0105cymi dech w piersiach podwodnymi krajobrazami. Podczas tej wakacyjnej wycieczki poprowadzimy Ci\u0119 przez najwa\u017cniejsze atrakcje i do\u015bwiadczenia, kt\u00f3rych mo\u017cesz si\u0119 spodziewa\u0107 podczas niezapomnianej wycieczki nurkowej do Alanyi.<\/p>\n<p style=\"text-align: center;\"><img loading=\"lazy\" decoding=\"async\" class=\"alignnone size-medium wp-image-28166\" src=\"https:\/\/holidayexcursion.com\/wp-content\/uploads\/2021\/10\/alanya-diving-tour-300x223.jpg\" alt=\"\" width=\"300\" height=\"223\" title=\"\" srcset=\"https:\/\/holidayexcursion.com\/wp-content\/uploads\/2021\/10\/alanya-diving-tour-300x223.jpg 300w, https:\/\/holidayexcursion.com\/wp-content\/uploads\/2021\/10\/alanya-diving-tour-600x447.jpg 600w, https:\/\/holidayexcursion.com\/wp-content\/uploads\/2021\/10\/alanya-diving-tour.jpg 720w\" sizes=\"auto, (max-width: 300px) 100vw, 300px\" \/><\/p>\n<p style=\"text-align: center;\">1. Odkryj bogate \u017cycie morskie:<\/p>\n<p style=\"text-align: center;\">Krystalicznie czyste wody Alanyi s\u0105 domem dla r\u00f3\u017cnorodnych gatunk\u00f3w morskich. Fascynuj\u0105ce stworzenia, takie jak barakudy, groupery, o\u015bmiornice, a nawet \u017c\u00f3\u0142wie morskie, podwodny \u015bwiat Alanyi to widok, kt\u00f3ry warto zobaczy\u0107. Niezale\u017cnie od tego, czy jeste\u015b pocz\u0105tkuj\u0105cym, czy do\u015bwiadczonym nurkiem, wycieczka nurkowa w Alanyi wprowadzi Ci\u0119 w kalejdoskop \u017cycia morskiego, daj\u0105c mo\u017cliwo\u015b\u0107 zobaczenia na w\u0142asne oczy pi\u0119kna i r\u00f3\u017cnorodno\u015bci biologicznej, kt\u00f3ra kwitnie pod powierzchni\u0105.<\/p>\n<p style=\"text-align: center;\"><img loading=\"lazy\" decoding=\"async\" class=\"alignnone size-medium wp-image-28172\" src=\"https:\/\/holidayexcursion.com\/wp-content\/uploads\/2021\/10\/diving-alanya-1-300x225.jpg\" alt=\"\" width=\"300\" height=\"225\" title=\"\" srcset=\"https:\/\/holidayexcursion.com\/wp-content\/uploads\/2021\/10\/diving-alanya-1-300x225.jpg 300w, https:\/\/holidayexcursion.com\/wp-content\/uploads\/2021\/10\/diving-alanya-1-600x450.jpg 600w, https:\/\/holidayexcursion.com\/wp-content\/uploads\/2021\/10\/diving-alanya-1.jpg 750w\" sizes=\"auto, (max-width: 300px) 100vw, 300px\" \/><\/p>\n<p style=\"text-align: center;\">2. Poznaj fascynuj\u0105ce miejsca do nurkowania:<\/p>\n<p style=\"text-align: center;\"><a href=\"https:\/\/en.wikipedia.org\/wiki\/Alanya\" rel=\"nofollow noopener\" target=\"_blank\">Alanya<\/a> mo\u017ce poszczyci\u0107 si\u0119 licznymi miejscami nurkowymi, kt\u00f3re zadowol\u0105 nurk\u00f3w na ka\u017cdym poziomie. Popularn\u0105 lokalizacj\u0105 jest Jaskinia Pirat\u00f3w, w kt\u00f3rej mo\u017cna prze\u017cy\u0107 ekscytuj\u0105c\u0105 podwodn\u0105 przygod\u0119. Zanurz si\u0119 w turkusowych wodach jaskini i podziwiaj wspania\u0142e formacje skalne, przeprawy i jaskinie ozdobione kolorowymi g\u0105bkami i wachlarzami morskimi. Mi\u0142o\u015bnicy adrenaliny mog\u0105 odkrywa\u0107 g\u0142\u0119biny rafy Tophane, miejsca nurkowego znanego z podwodnych kanion\u00f3w i ekscytuj\u0105cych nurkowa\u0144 przy \u015bcianach.<\/p>\n<p style=\"text-align: center;\"><img loading=\"lazy\" decoding=\"async\" class=\"alignnone size-medium wp-image-28178\" src=\"https:\/\/holidayexcursion.com\/wp-content\/uploads\/2021\/10\/diving-alanya-holiday-excursion-300x225.jpg\" alt=\"\" width=\"300\" height=\"225\" title=\"\" srcset=\"https:\/\/holidayexcursion.com\/wp-content\/uploads\/2021\/10\/diving-alanya-holiday-excursion-300x225.jpg 300w, https:\/\/holidayexcursion.com\/wp-content\/uploads\/2021\/10\/diving-alanya-holiday-excursion-768x576.jpg 768w, https:\/\/holidayexcursion.com\/wp-content\/uploads\/2021\/10\/diving-alanya-holiday-excursion-600x450.jpg 600w, https:\/\/holidayexcursion.com\/wp-content\/uploads\/2021\/10\/diving-alanya-holiday-excursion.jpg 1000w\" sizes=\"auto, (max-width: 300px) 100vw, 300px\" \/><\/p>\n<p style=\"text-align: center;\">3. Zanurz si\u0119 w histori\u0119: wraki statk\u00f3w i ruiny:<\/p>\n<p style=\"text-align: center;\">Wycieczka nurkowa do Alanyi oferuje r\u00f3wnie\u017c wyj\u0105tkow\u0105 okazj\u0119 do zwiedzania podwodnych zabytk\u00f3w. Nurkuj obok zatopionych statk\u00f3w i b\u0105d\u017a \u015bwiadkiem ich przemiany w t\u0119tni\u0105ce \u017cyciem sztuczne rafy. Najbardziej godnym uwagi wrakiem jest rosyjski my\u015bliwiec, po\u0142o\u017cony na g\u0142\u0119boko\u015bciach idealnych dla nurk\u00f3w o r\u00f3\u017cnym poziomie umiej\u0119tno\u015bci. Inkrustowane koralowcami i otoczone \u017cyciem morskim wraki zapewniaj\u0105 fascynuj\u0105cy wgl\u0105d w histori\u0119 marynarki wojennej, oferuj\u0105c jednocze\u015bnie niezapomniane wra\u017cenia nurkowe.<\/p>\n<p style=\"text-align: center;\">4. Nurkuj bezpiecznie z przewodnikami ekspert\u00f3w:<\/p>\n<p style=\"text-align: center;\">Bezpiecze\u0144stwo jest najwa\u017cniejsze podczas ka\u017cdej wyprawy nurkowej, a wycieczka nurkowa w Alanyi zapewnia najwy\u017csze standardy. Do\u015bwiadczeni i profesjonalnie przeszkoleni przewodnicy b\u0119d\u0105 Ci towarzyszy\u0107 przez ca\u0142\u0105 podr\u00f3\u017c, udzielaj\u0105c dok\u0142adnych instrukta\u017cy, kontroli sprz\u0119tu i wskaz\u00f3wek pod wod\u0105. Ich wiedza nie tylko zapewnia bezpiecze\u0144stwo, ale tak\u017ce poprawia og\u00f3lne wra\u017cenia z nurkowania, poniewa\u017c dziel\u0105 si\u0119 swoj\u0105 wiedz\u0105 na temat lokalnego \u017cycia morskiego i terenu podwodnego.<\/p>\n<p style=\"text-align: center;\"><img loading=\"lazy\" decoding=\"async\" class=\"alignnone size-medium wp-image-28184\" src=\"https:\/\/holidayexcursion.com\/wp-content\/uploads\/2021\/10\/holiday-excursion-alanya-300x200.jpg\" alt=\"\" width=\"300\" height=\"200\" title=\"\" srcset=\"https:\/\/holidayexcursion.com\/wp-content\/uploads\/2021\/10\/holiday-excursion-alanya-300x200.jpg 300w, https:\/\/holidayexcursion.com\/wp-content\/uploads\/2021\/10\/holiday-excursion-alanya-768x512.jpg 768w, https:\/\/holidayexcursion.com\/wp-content\/uploads\/2021\/10\/holiday-excursion-alanya-600x400.jpg 600w, https:\/\/holidayexcursion.com\/wp-content\/uploads\/2021\/10\/holiday-excursion-alanya.jpg 1000w\" sizes=\"auto, (max-width: 300px) 100vw, 300px\" \/><\/p>\n<p style=\"text-align: center;\">5. Rejsy widokowe i komfort na pok\u0142adzie:<\/p>\n<p style=\"text-align: center;\">Opr\u00f3cz ekscytuj\u0105cych nurkowa\u0144, wycieczka nurkowa w Alanyi obejmuje malownicze przeja\u017cd\u017cki \u0142odzi\u0105 wzd\u0142u\u017c wybrze\u017ca. Zrelaksuj si\u0119 i rozkoszuj panoramicznym widokiem na urokliwe pla\u017ce, klify i zamek Alanyi, podr\u00f3\u017cuj\u0105c pomi\u0119dzy miejscami do nurkowania. Wygodne i dobrze wyposa\u017cone \u0142odzie oferuj\u0105 du\u017co miejsca do odpoczynku, spotka\u0144 towarzyskich i delektowania si\u0119 pysznymi przek\u0105skami i napojami, dzi\u0119ki czemu mo\u017cesz si\u0119 zrelaksowa\u0107 i w pe\u0142ni doceni\u0107 pi\u0119kno otoczenia.<\/p>\n<p style=\"text-align: center;\">Wycieczka nurkowa do Alanyi zapewnia niezapomnian\u0105 przygod\u0119, kt\u00f3ra \u0142\u0105czy eksploracj\u0119 podwodn\u0105, \u200b\u200bt\u0119tni\u0105ce \u017cyciem \u017cycie morskie i intrygi <a href=\"https:\/\/holidayexcursion.com\/tours-in-alanya\/tours\/side-aspendos-manavgat\/\">historyczne.<\/a> Zanurz si\u0119 w g\u0142\u0119biny Morza \u015ar\u00f3dziemnego, odkrywaj\u0105c skarby ukryte pod powierzchni\u0105, spotykaj\u0105c egzotyczne gatunki morskie i b\u0119d\u0105c \u015bwiadkiem pozosta\u0142o\u015bci przesz\u0142o\u015bci. Dzi\u0119ki do\u015bwiadczonym przewodnikom zapewniaj\u0105cym Twoje bezpiecze\u0144stwo i komfort, Twoja wycieczka nurkowa do Alanyi b\u0119dzie fascynuj\u0105cym i wzbogacaj\u0105cym do\u015bwiadczeniem, kt\u00f3re pozostawi wspomnienia, kt\u00f3re b\u0119dziesz ceni\u0107 przez ca\u0142e \u017cycie.<\/p>\n<div style=\"text-align: center;\"><strong>PROGRAM WYCIECZKI NURKOWEJ ALANYA:<\/strong><\/div>\n<div style=\"text-align: center;\">\n<div>* Odbi\u00f3r z hoteli i apartament\u00f3w w Alanyi, przyjazd do portu<\/div>\n<div>* Wej\u015bcie na \u0142\u00f3d\u017a nurkow\u0105 i rozpocz\u0119cie \u017ceglowania<\/div>\n<div>* Odprawa na temat nurkowania, rutyny na \u0142odzi i procedur bezpiecze\u0144stwa prowadzona przez mistrz\u00f3w nurkowania<\/div>\n<div>* Mistrz nurkowania tworzy ma\u0142e grupy, pierwsze nurkowanie<\/div>\n<div>* Lunch na \u0142odzi, relaks, opalanie i nurkowanie.<\/div>\n<div>* Wyruszamy na popo\u0142udniowe nurkowanie w innym miejscu i rozpoczynamy drugie nurkowania.<\/div>\n<div>* \u0141\u00f3d\u017a wraca do portu i wysiada w Twoich hotelach i apartamentach w Alanyi<\/div>\n<div><\/div>\n<\/div>\n<div style=\"text-align: center;\"><strong>CENA ZAWIERA:<\/strong><\/div>\n<div style=\"text-align: center;\">* Odbi\u00f3r\/dow\u00f3z z hoteli i apartament\u00f3w w Alanyi, dwa nurkowania,<\/div>\n<div style=\"text-align: center;\">* Lunch (grillowany kurczak, sa\u0142atki, ry\u017c), profesjonalny przewodnik, instruktorzy<\/div>\n<div style=\"text-align: center;\">* Ca\u0142y sprz\u0119t do nurkowania<\/div>\n<div style=\"text-align: center;\"><\/div>\n<div style=\"text-align: center;\"><strong>OPCJONALNE DODATKI:<\/strong><\/div>\n<div style=\"text-align: center;\">* Napoje, zdj\u0119cia i wideo (na DVD lub USB)<\/div>\n<div style=\"text-align: center;\"><\/div>\n<div style=\"text-align: center;\"><strong>DODATKOWE INFORMACJE I WSKAZ\u00d3WKI:<\/strong><\/div>\n<div style=\"text-align: center;\">* Na jachcie nurkowym dost\u0119pne s\u0105 przebieralnie, toalety, WC i prysznice.<\/div>\n<div style=\"text-align: center;\">* Zabierz kostiumy k\u0105pielowe, r\u0119cznik, krem \u200b\u200b\u200b\u200bprzeciws\u0142oneczny<\/div>\n<div style=\"text-align: center;\">\n<div>* Ci, kt\u00f3rzy nigdy nie nurkuj\u0105, mog\u0105 bez obaw do\u0142\u0105czy\u0107 do wyprawy nurkowej do Alanyi. Wi\u0119kszo\u015b\u0107 naszych uczestnik\u00f3w to nurkowie po raz pierwszy.<\/div>\n<div>* Ci, kt\u00f3rzy nie chc\u0105 nurkowa\u0107, ale chc\u0105 przyjecha\u0107 z rodzin\u0105 lub przyjaci\u00f3\u0142mi, mog\u0105 do\u0142\u0105czy\u0107 do wycieczki, p\u0142ac\u0105c jedynie op\u0142at\u0119 za wycieczk\u0119 \u0142odzi\u0105.<\/div>\n<div>* Osoby nie umiej\u0105ce p\u0142ywa\u0107 r\u00f3wnie\u017c mog\u0105 do\u0142\u0105czy\u0107 do wycieczki nurkowej do Alanyi.<\/div>\n<div>* W wycieczce nurkowej do Alanyi nie mog\u0105 bra\u0107 udzia\u0142u kobiety w ci\u0105\u017cy.<\/div>\n<div>* Oferujemy uznane na ca\u0142ym \u015bwiecie programy kurs\u00f3w PADI, CMAS, TSSF i na \u017cyczenie wydajemy certyfikaty naszym go\u015bciom.<\/div>\n<div>* Do nurkowania mog\u0105 skaka\u0107 dzieci powy\u017cej 10. roku \u017cycia.<\/div>\n<\/div>\n<p style=\"font-weight: 400; text-align: center;\">Cena zawiera transfer, ubezpieczenie, sprz\u0119t, obiad i przewodnika.<\/p>\n<p style=\"text-align: center;\">\u017byczymy Pa\u0144stwu niezapomnianych wspomnie\u0144 z wakacji w Alanyi w Turcji.<\/p>\n<p style=\"text-align: center;\">Ps: Aby uzyska\u0107 wi\u0119cej informacji, mo\u017cesz r\u00f3wnie\u017c skontaktowa\u0107 si\u0119 przez aplikacj\u0119 Whats lub wiadomo\u015b\u0107.<\/p>\n<p style=\"text-align: center;\">Wakacyjny Zesp\u00f3\u0142 Wycieczkowy,<\/p>\n<p><iframe loading=\"lazy\" title=\"Alanya da Bat\u0131k Sahil G\u00fcvenlik Botuna Dal\u0131\u015f Yapt\u0131k | Scuba Diving\" width=\"1020\" height=\"574\" src=\"https:\/\/www.youtube.com\/embed\/JeTr8K51rpE?feature=oembed\" frameborder=\"0\" allow=\"accelerometer; autoplay; clipboard-write; encrypted-media; gyroscope; picture-in-picture; web-share\" allowfullscreen><\/iframe><\/p>\n<p><iframe loading=\"lazy\" title=\"Alanya T\u00fcpl\u00fc Dal\u0131\u015f | Korsan Ma\u011faras\u0131 Dal\u0131\u015f B\u00f6lgesi | Scuba Diving\" width=\"1020\" height=\"574\" src=\"https:\/\/www.youtube.com\/embed\/xfHe6s1VHaw?feature=oembed\" frameborder=\"0\" allow=\"accelerometer; autoplay; clipboard-write; encrypted-media; gyroscope; picture-in-picture; web-share\" allowfullscreen><\/iframe><\/p>\n","protected":false},"excerpt":{"rendered":"<p>WYCIECZKA NURKOWA Zanurz si\u0119 w g\u0142\u0119biny: odkrywanie wycieczki nurkowa po Alanyi Zanurz si\u0119 w czaruj\u0105cym podwodnym \u015bwiecie Alanyi, wyruszaj\u0105c na ekscytuj\u0105c\u0105 wycieczka nurkow\u0105. Po\u0142o\u017cona na przepi\u0119knym \u015br\u00f3dziemnomorskim wybrze\u017cu Turcji, Alanya to raj dla mi\u0142o\u015bnik\u00f3w nurkowania, oferuj\u0105cy szereg miejsc do nurkowania t\u0119tni\u0105cych \u017cyciem morza, intryguj\u0105cymi wrakami statk\u00f3w i zapieraj\u0105cymi dech w piersiach podwodnymi krajobrazami. Podczas tej<\/p>\n","protected":false},"featured_media":4315,"comment_status":"open","ping_status":"closed","template":"","meta":[],"product_brand":[],"product_cat":[107],"product_tag":[],"class_list":{"0":"post-5280","1":"product","2":"type-product","3":"status-publish","4":"has-post-thumbnail","6":"product_cat-wycieczki","8":"first","9":"instock","10":"virtual","11":"sold-individually","12":"purchasable","13":"product-type-booking"},"_links":{"self":[{"href":"https:\/\/holidayexcursion.com\/pl\/wp-json\/wp\/v2\/product\/5280","targetHints":{"allow":["GET"]}}],"collection":[{"href":"https:\/\/holidayexcursion.com\/pl\/wp-json\/wp\/v2\/product"}],"about":[{"href":"https:\/\/holidayexcursion.com\/pl\/wp-json\/wp\/v2\/types\/product"}],"replies":[{"embeddable":true,"href":"https:\/\/holidayexcursion.com\/pl\/wp-json\/wp\/v2\/comments?post=5280"}],"wp:featuredmedia":[{"embeddable":true,"href":"https:\/\/holidayexcursion.com\/pl\/wp-json\/wp\/v2\/media\/4315"}],"wp:attachment":[{"href":"https:\/\/holidayexcursion.com\/pl\/wp-json\/wp\/v2\/media?parent=5280"}],"wp:term":[{"taxonomy":"product_brand","embeddable":true,"href":"https:\/\/holidayexcursion.com\/pl\/wp-json\/wp\/v2\/product_brand?post=5280"},{"taxonomy":"product_cat","embeddable":true,"href":"https:\/\/holidayexcursion.com\/pl\/wp-json\/wp\/v2\/product_cat?post=5280"},{"taxonomy":"product_tag","embeddable":true,"href":"https:\/\/holidayexcursion.com\/pl\/wp-json\/wp\/v2\/product_tag?post=5280"}],"curies":[{"name":"wp","href":"https:\/\/api.w.org\/{rel}","templated":true}]}}