{"id":5282,"date":"2021-10-06T15:34:51","date_gmt":"2021-12-06T22:07:40","guid":{"rendered":"http:\/\/holidayexcursion.com\/excursions-in-alanya\/bez-kategorii\/wycieczka-side-aspendos-manavgat\/"},"modified":"2023-12-04T20:10:31","modified_gmt":"2023-12-04T17:10:31","slug":"side-aspendos-manavgat","status":"publish","type":"product","link":"https:\/\/holidayexcursion.com\/pl\/tours-in-alanya\/wycieczki\/side-aspendos-manavgat\/","title":{"rendered":"Side Aspendos Manavgat"},"content":{"rendered":"<h1 style=\"text-align: center;\"><\/h1>\n<h1 style=\"text-align: center;\"><strong>SIDE ASPENDOS MANAVGAT<\/strong><\/h1>\n<p style=\"text-align: center;\"><strong>Odkrywanie staro\u017cytnych cud\u00f3w: Side Aspendos Manavgat <\/strong><\/p>\n<p style=\"text-align: center;\">Wyrusz w wci\u0105gaj\u0105c\u0105 podr\u00f3\u017c przez histori\u0119 i przyrod\u0119, do\u0142\u0105czaj\u0105c do wycieczki <a href=\"https:\/\/en.wikipedia.org\/wiki\/Side,_Turkey\" rel=\"nofollow noopener\" target=\"_blank\">Side<\/a> <a href=\"https:\/\/en.wikipedia.org\/wiki\/Aspendos\" rel=\"nofollow noopener\" target=\"_blank\">Aspendos<\/a> Manavgat. Ta wycieczka oferuje wyj\u0105tkow\u0105 okazj\u0119 do odkrycia skarb\u00f3w staro\u017cytnych cywilizacji, zobaczenia zapieraj\u0105cych dech w piersiach krajobraz\u00f3w i zanurzenia si\u0119 w fascynuj\u0105cych historiach tureckiego regionu Antalya. Podczas tej wakacyjnej wycieczki poprowadzimy Ci\u0119 przez najwa\u017cniejsze atrakcje i do\u015bwiadczenia, kt\u00f3rych mo\u017cesz si\u0119 spodziewa\u0107 podczas tej niezapomnianej wycieczki.<\/p>\n<p style=\"text-align: center;\">1. Side: \u017bywe Muzeum Staro\u017cytno\u015bci:<\/p>\n<p style=\"text-align: center;\">Cofnij si\u0119 w czasie zwiedzaj\u0105c staro\u017cytne miasto Side, po\u0142o\u017cone na malowniczym p\u00f3\u0142wyspie pomi\u0119dzy Morzem \u015ar\u00f3dziemnym a rzek\u0105 Side. Dzi\u0119ki dobrze zachowanym ruinom \u015bwi\u0105tyni Apolla, wielkiemu rzymskiemu teatrowi i pozosta\u0142o\u015bciom Agory uzyskasz wgl\u0105d w t\u0119tni\u0105c\u0105 \u017cyciem histori\u0119 i kultur\u0119 tego niegdy\u015b t\u0119tni\u0105cego \u017cyciem miasta portowego. Spaceruj uroczymi uliczkami otoczonymi rzymskimi murami, odkrywaj\u0105c ukryte skarby na ka\u017cdym kroku i b\u0105d\u017a \u015bwiadkiem po\u0142\u0105czenia staro\u017cytnych ruin ze wsp\u00f3\u0142czesnym \u017cyciem.<\/p>\n<h1 style=\"text-align: center;\"><img loading=\"lazy\" decoding=\"async\" class=\"alignnone size-medium wp-image-28160\" src=\"https:\/\/holidayexcursion.com\/wp-content\/uploads\/2021\/10\/side-antik-tiyatro-holiday-300x216.jpg\" alt=\"\" width=\"300\" height=\"216\" title=\"\" srcset=\"https:\/\/holidayexcursion.com\/wp-content\/uploads\/2021\/10\/side-antik-tiyatro-holiday-300x216.jpg 300w, https:\/\/holidayexcursion.com\/wp-content\/uploads\/2021\/10\/side-antik-tiyatro-holiday-768x553.jpg 768w, https:\/\/holidayexcursion.com\/wp-content\/uploads\/2021\/10\/side-antik-tiyatro-holiday-600x432.jpg 600w, https:\/\/holidayexcursion.com\/wp-content\/uploads\/2021\/10\/side-antik-tiyatro-holiday.jpg 900w\" sizes=\"auto, (max-width: 300px) 100vw, 300px\" \/><\/h1>\n<p style=\"text-align: center;\">2. Aspendos: cud architektury:<\/p>\n<p style=\"text-align: center;\">Wycieczka po Aspendos Manavgat w Side Przygotuj si\u0119 na zachwyt wspania\u0142o\u015bci\u0105 Aspendos, gdzie znajduje si\u0119 jeden z najlepiej zachowanych staro\u017cytnych teatr\u00f3w na \u015bwiecie. Ten wspania\u0142y amfiteatr, zbudowany w II wieku naszej ery, jest przyk\u0142adem geniuszu architektonicznego swoich czas\u00f3w. Podziwiaj niezwyk\u0142\u0105 akustyk\u0119, kt\u00f3ra pozwala us\u0142ysze\u0107 nawet szepty na najwy\u017cszych miejscach i wyobra\u017a sobie urzekaj\u0105ce wyst\u0119py, kt\u00f3re niegdy\u015b zdobi\u0142y t\u0119 scen\u0119. Stoj\u0105c w murach tego arcydzie\u0142a architektury, poczujesz niesamowite po\u0142\u0105czenie z przesz\u0142o\u015bci\u0105.<\/p>\n<h1 style=\"text-align: center;\"><img loading=\"lazy\" decoding=\"async\" class=\"alignnone size-medium wp-image-28130\" src=\"https:\/\/holidayexcursion.com\/wp-content\/uploads\/2021\/10\/Aspendos-Antik-Kenti3-300x200.jpg\" alt=\"\" width=\"300\" height=\"200\" title=\"\" srcset=\"https:\/\/holidayexcursion.com\/wp-content\/uploads\/2021\/10\/Aspendos-Antik-Kenti3-300x200.jpg 300w, https:\/\/holidayexcursion.com\/wp-content\/uploads\/2021\/10\/Aspendos-Antik-Kenti3-1024x683.jpg 1024w, https:\/\/holidayexcursion.com\/wp-content\/uploads\/2021\/10\/Aspendos-Antik-Kenti3-768x512.jpg 768w, https:\/\/holidayexcursion.com\/wp-content\/uploads\/2021\/10\/Aspendos-Antik-Kenti3-1536x1024.jpg 1536w, https:\/\/holidayexcursion.com\/wp-content\/uploads\/2021\/10\/Aspendos-Antik-Kenti3-2048x1366.jpg 2048w, https:\/\/holidayexcursion.com\/wp-content\/uploads\/2021\/10\/Aspendos-Antik-Kenti3-600x400.jpg 600w\" sizes=\"auto, (max-width: 300px) 100vw, 300px\" \/><\/h1>\n<p style=\"text-align: center;\">3. Wodospad Manavgat: Spok\u00f3j natury:<\/p>\n<p style=\"text-align: center;\">Po\u015br\u00f3d cud\u00f3w historii ucieknij do spokoju natury przy <a href=\"https:\/\/holidayexcursion.com\/tours-in-alanya\/tours\/sapadere-canyon\/\">wodospadzie<\/a> Manavgat. Otoczona bujn\u0105 zieleni\u0105 i po\u0142o\u017cona zaledwie kilka kilometr\u00f3w od Side, ta zapieraj\u0105ca dech w piersiach kaskada wpada do rzeki Manavgat, tworz\u0105c malowniczy krajobraz. Wybierz si\u0119 na spokojny spacer brzegiem rzeki, poczuj mg\u0142\u0119, gdy woda uderza w basen poni\u017cej, i zr\u00f3b niezapomniane zdj\u0119cia, kt\u00f3re uciele\u015bniaj\u0105 spok\u00f3j i pi\u0119kno tego cudu natury.<\/p>\n<h1 style=\"text-align: center;\"><img loading=\"lazy\" decoding=\"async\" class=\"alignnone size-medium wp-image-28148\" src=\"https:\/\/holidayexcursion.com\/wp-content\/uploads\/2021\/10\/manavgat_selalesi_doga-300x216.jpg\" alt=\"\" width=\"300\" height=\"216\" title=\"\" srcset=\"https:\/\/holidayexcursion.com\/wp-content\/uploads\/2021\/10\/manavgat_selalesi_doga-300x216.jpg 300w, https:\/\/holidayexcursion.com\/wp-content\/uploads\/2021\/10\/manavgat_selalesi_doga-768x553.jpg 768w, https:\/\/holidayexcursion.com\/wp-content\/uploads\/2021\/10\/manavgat_selalesi_doga-600x432.jpg 600w, https:\/\/holidayexcursion.com\/wp-content\/uploads\/2021\/10\/manavgat_selalesi_doga.jpg 900w\" sizes=\"auto, (max-width: 300px) 100vw, 300px\" \/><\/h1>\n<p style=\"text-align: center;\">4. Do\u015bwiadczenia i rozkosze kulturalne:<\/p>\n<p style=\"text-align: center;\">Wycieczka Side Aspendos Manavgat do cud\u00f3w historii i przyrody, wycieczka Side Aspendos Manavgat zapewnia wiele mo\u017cliwo\u015bci zanurzenia si\u0119 w lokalnej kulturze. Rozkoszuj si\u0119 autentyczn\u0105 kuchni\u0105 tureck\u0105 w lokalnych restauracjach, delektuj\u0105c si\u0119 regionalnymi przysmakami i tradycyjnymi smakami. Odkryj t\u0119tni\u0105ce \u017cyciem lokalne bazary, pe\u0142ne kolorowych tekstyli\u00f3w, przypraw i r\u0119kodzie\u0142a, gdzie mo\u017cesz nawi\u0105za\u0107 kontakt z lokalnymi sprzedawcami i znale\u017a\u0107 wyj\u0105tkowe pami\u0105tki przypominaj\u0105ce o Twojej podr\u00f3\u017cy.<\/p>\n<h1 style=\"text-align: center;\"><img loading=\"lazy\" decoding=\"async\" class=\"alignnone size-medium wp-image-28136\" src=\"https:\/\/holidayexcursion.com\/wp-content\/uploads\/2021\/10\/manavgat-boat-holiday-excursion-300x200.jpg\" alt=\"\" width=\"300\" height=\"200\" title=\"\" srcset=\"https:\/\/holidayexcursion.com\/wp-content\/uploads\/2021\/10\/manavgat-boat-holiday-excursion-300x200.jpg 300w, https:\/\/holidayexcursion.com\/wp-content\/uploads\/2021\/10\/manavgat-boat-holiday-excursion-600x400.jpg 600w, https:\/\/holidayexcursion.com\/wp-content\/uploads\/2021\/10\/manavgat-boat-holiday-excursion.jpg 720w\" sizes=\"auto, (max-width: 300px) 100vw, 300px\" \/><\/h1>\n<p style=\"text-align: center;\">5. Profesjonalne zwiedzanie z przewodnikiem:<\/p>\n<p style=\"text-align: center;\">Aby zapewni\u0107 p\u0142ynne i wzbogacaj\u0105ce wra\u017cenia, wycieczce po Side Aspendos Manavgat towarzysz\u0105 kompetentni i przyja\u017ani przewodnicy. Profesjonalni przewodnicy poprowadz\u0105 Ci\u0119 przez histori\u0119, mitologi\u0119 i znaczenie ka\u017cdego miejsca, oferuj\u0105c g\u0142\u0119bsze uznanie dla cud\u00f3w, kt\u00f3re napotykasz. Zapewni\u0105 r\u00f3wnie\u017c poufne wskaz\u00f3wki i rekomendacje, dzi\u0119ki kt\u00f3rym mo\u017cesz w pe\u0142ni wykorzysta\u0107 czas w tym urzekaj\u0105cym regionie Turcji.<\/p>\n<h1 style=\"text-align: center;\"><img loading=\"lazy\" decoding=\"async\" class=\"alignnone size-medium wp-image-28154\" src=\"https:\/\/holidayexcursion.com\/wp-content\/uploads\/2021\/10\/side-antik-kent-holiday-excursion-300x200.jpg\" alt=\"\" width=\"300\" height=\"200\" title=\"\" srcset=\"https:\/\/holidayexcursion.com\/wp-content\/uploads\/2021\/10\/side-antik-kent-holiday-excursion-300x200.jpg 300w, https:\/\/holidayexcursion.com\/wp-content\/uploads\/2021\/10\/side-antik-kent-holiday-excursion-1024x682.jpg 1024w, https:\/\/holidayexcursion.com\/wp-content\/uploads\/2021\/10\/side-antik-kent-holiday-excursion-768x511.jpg 768w, https:\/\/holidayexcursion.com\/wp-content\/uploads\/2021\/10\/side-antik-kent-holiday-excursion-1536x1022.jpg 1536w, https:\/\/holidayexcursion.com\/wp-content\/uploads\/2021\/10\/side-antik-kent-holiday-excursion-600x399.jpg 600w, https:\/\/holidayexcursion.com\/wp-content\/uploads\/2021\/10\/side-antik-kent-holiday-excursion.jpg 1600w\" sizes=\"auto, (max-width: 300px) 100vw, 300px\" \/><\/h1>\n<p style=\"text-align: center;\">Wycieczka Side Aspendos Manavgat \u0142\u0105czy w sobie urok staro\u017cytnych cywilizacji, osza\u0142amiaj\u0105ce naturalne krajobrazy i zanurzenie si\u0119 w kulturze w jedno niezapomniane prze\u017cycie. Od imponuj\u0105cych ruin w Side po cud architektury Aspendos i spok\u00f3j wodospadu Manavgat, ta wycieczka oferuje wszechstronn\u0105 eksploracj\u0119 historycznych i naturalnych skarb\u00f3w Turcji. Zatem zasznuruj buty do chodzenia, wzbud\u017a w sobie poczucie zachwytu i przygotuj si\u0119 na podr\u00f3\u017c, kt\u00f3ra przeniesie Ci\u0119 w przesz\u0142o\u015b\u0107 i pozostawi wspomnienia, kt\u00f3re b\u0119dziesz ceni\u0107 przez ca\u0142e \u017cycie.<\/p>\n<h1 style=\"text-align: center;\"><img loading=\"lazy\" decoding=\"async\" class=\"alignnone size-medium wp-image-28142\" src=\"https:\/\/holidayexcursion.com\/wp-content\/uploads\/2021\/10\/manavgat-river-boat-tour-300x169.jpg\" alt=\"\" width=\"300\" height=\"169\" title=\"\" srcset=\"https:\/\/holidayexcursion.com\/wp-content\/uploads\/2021\/10\/manavgat-river-boat-tour-300x169.jpg 300w, https:\/\/holidayexcursion.com\/wp-content\/uploads\/2021\/10\/manavgat-river-boat-tour-1024x576.jpg 1024w, https:\/\/holidayexcursion.com\/wp-content\/uploads\/2021\/10\/manavgat-river-boat-tour-768x432.jpg 768w, https:\/\/holidayexcursion.com\/wp-content\/uploads\/2021\/10\/manavgat-river-boat-tour-600x338.jpg 600w, https:\/\/holidayexcursion.com\/wp-content\/uploads\/2021\/10\/manavgat-river-boat-tour.jpg 1200w\" sizes=\"auto, (max-width: 300px) 100vw, 300px\" \/><\/h1>\n<div style=\"text-align: center;\"><strong>PROGRAM WYCIECZKI DO WODOSPADU SIDE ASPENDOS MANAVGAT<\/strong><\/div>\n<div style=\"text-align: center;\">* Odbi\u00f3r z hoteli i apartament\u00f3w w Alanyi<\/div>\n<div style=\"text-align: center;\">* Odwied\u017a Side i jego antyczne miasto, odwied\u017a amfiteatr w Aspendos<\/div>\n<div style=\"text-align: center;\">* Pora na lunch i wizyta w wodospadzie Manavgat<\/div>\n<div style=\"text-align: center;\">* Dow\u00f3z do Twoich hoteli i apartament\u00f3w w Alanyi.<\/div>\n<div style=\"text-align: center;\"><\/div>\n<div style=\"text-align: center;\"><strong>CENA WYCIECZKI S\u0130DE ASPENDOS MANAVGAT OBEJMUJE:<\/strong><\/div>\n<div style=\"text-align: center;\">* Odbi\u00f3r i dow\u00f3z z hoteli i apartament\u00f3w w Alanyi<\/div>\n<div style=\"text-align: center;\">* Lunch z przewodnikiem (otwarty bufet)<\/div>\n<div style=\"text-align: center;\">* Op\u0142aty za wst\u0119p (Amfiteatr Aspendos: 5 \u20ac, Wodospad Manavgat: 2 \u20ac)<\/div>\n<div style=\"text-align: center;\"><\/div>\n<div style=\"text-align: center;\"><strong>OPCJONALNE DODATKI:<\/strong><\/div>\n<div style=\"text-align: center;\">* Napoje, wydatki personelu<\/div>\n<div style=\"text-align: center;\"><\/div>\n<div style=\"text-align: center;\"><strong>DODATKOWE INFORMACJE I WSKAZ\u00d3WKI DOTYCZ\u0104CE WYCIECZKI S\u0130DE ASPENDOS MANAVGAT:<\/strong><\/div>\n<div style=\"text-align: center;\">* W miejscach historycznych dozwolone jest wykonywanie zdj\u0119\u0107. Mo\u017cna zabra\u0107 ze sob\u0105 aparat i telefon kom\u00f3rkowy<\/div>\n<div style=\"text-align: center;\">* No\u015b wygodne buty na spacery.<\/div>\n<div style=\"text-align: center;\">* Zabierzemy Ci\u0119 do wodospadu Manavgat.<\/div>\n<p style=\"text-align: center;\">\u017byczymy Pa\u0144stwu niezapomnianych wspomnie\u0144 z wakacji w Turcji.<\/p>\n<p style=\"text-align: center;\">Ps: Aby uzyska\u0107 wi\u0119cej informacji, mo\u017cesz r\u00f3wnie\u017c skontaktowa\u0107 si\u0119 przez aplikacj\u0119 Whats lub wiadomo\u015b\u0107.<\/p>\n<p style=\"text-align: center;\">Wakacyjny Zesp\u00f3\u0142 Wycieczkowy,<\/p>\n<p><iframe loading=\"lazy\" title=\"Side, Antalya, Turkey - April 2010\" width=\"1020\" height=\"574\" src=\"https:\/\/www.youtube.com\/embed\/CFtRytRFXLU?feature=oembed\" frameborder=\"0\" allow=\"accelerometer; autoplay; clipboard-write; encrypted-media; gyroscope; picture-in-picture; web-share\" allowfullscreen><\/iframe><\/p>\n<p><iframe loading=\"lazy\" title=\"15 Temmuz 2012 Manavgat \u015felalesi gezisi.MP4\" width=\"1020\" height=\"574\" src=\"https:\/\/www.youtube.com\/embed\/OcYEE2v-wQY?feature=oembed\" frameborder=\"0\" allow=\"accelerometer; autoplay; clipboard-write; encrypted-media; gyroscope; picture-in-picture; web-share\" allowfullscreen><\/iframe><\/p>\n<p><iframe loading=\"lazy\" title=\"Aspendos Tiyatrosu - Antalya\" width=\"1020\" height=\"574\" src=\"https:\/\/www.youtube.com\/embed\/ON5g6ZlBUvk?feature=oembed\" frameborder=\"0\" allow=\"accelerometer; autoplay; clipboard-write; encrypted-media; gyroscope; picture-in-picture; web-share\" allowfullscreen><\/iframe><\/p>\n<p><iframe loading=\"lazy\" title=\"Side-Manavgat-Antalya\" width=\"1020\" height=\"765\" src=\"https:\/\/www.youtube.com\/embed\/ukvzFjpdKZw?feature=oembed\" frameborder=\"0\" allow=\"accelerometer; autoplay; clipboard-write; encrypted-media; gyroscope; picture-in-picture; web-share\" allowfullscreen><\/iframe><\/p>\n","protected":false},"excerpt":{"rendered":"<p>SIDE ASPENDOS MANAVGAT Odkrywanie staro\u017cytnych cud\u00f3w: Side Aspendos Manavgat Wyrusz w wci\u0105gaj\u0105c\u0105 podr\u00f3\u017c przez histori\u0119 i przyrod\u0119, do\u0142\u0105czaj\u0105c do wycieczki Side Aspendos Manavgat. Ta wycieczka oferuje wyj\u0105tkow\u0105 okazj\u0119 do odkrycia skarb\u00f3w staro\u017cytnych cywilizacji, zobaczenia zapieraj\u0105cych dech w piersiach krajobraz\u00f3w i zanurzenia si\u0119 w fascynuj\u0105cych historiach tureckiego regionu Antalya. Podczas tej wakacyjnej wycieczki poprowadzimy Ci\u0119 przez<\/p>\n","protected":false},"featured_media":4716,"comment_status":"open","ping_status":"closed","template":"","meta":[],"product_brand":[],"product_cat":[107],"product_tag":[],"class_list":{"0":"post-5282","1":"product","2":"type-product","3":"status-publish","4":"has-post-thumbnail","6":"product_cat-wycieczki","8":"first","9":"instock","10":"featured","11":"virtual","12":"sold-individually","13":"purchasable","14":"product-type-booking"},"_links":{"self":[{"href":"https:\/\/holidayexcursion.com\/pl\/wp-json\/wp\/v2\/product\/5282","targetHints":{"allow":["GET"]}}],"collection":[{"href":"https:\/\/holidayexcursion.com\/pl\/wp-json\/wp\/v2\/product"}],"about":[{"href":"https:\/\/holidayexcursion.com\/pl\/wp-json\/wp\/v2\/types\/product"}],"replies":[{"embeddable":true,"href":"https:\/\/holidayexcursion.com\/pl\/wp-json\/wp\/v2\/comments?post=5282"}],"wp:featuredmedia":[{"embeddable":true,"href":"https:\/\/holidayexcursion.com\/pl\/wp-json\/wp\/v2\/media\/4716"}],"wp:attachment":[{"href":"https:\/\/holidayexcursion.com\/pl\/wp-json\/wp\/v2\/media?parent=5282"}],"wp:term":[{"taxonomy":"product_brand","embeddable":true,"href":"https:\/\/holidayexcursion.com\/pl\/wp-json\/wp\/v2\/product_brand?post=5282"},{"taxonomy":"product_cat","embeddable":true,"href":"https:\/\/holidayexcursion.com\/pl\/wp-json\/wp\/v2\/product_cat?post=5282"},{"taxonomy":"product_tag","embeddable":true,"href":"https:\/\/holidayexcursion.com\/pl\/wp-json\/wp\/v2\/product_tag?post=5282"}],"curies":[{"name":"wp","href":"https:\/\/api.w.org\/{rel}","templated":true}]}}