{"id":5288,"date":"2021-10-06T02:11:49","date_gmt":"2021-12-06T22:07:43","guid":{"rendered":"http:\/\/holidayexcursion.com\/excursions-in-alanya\/bez-kategorii\/wycieczka-z-pokazem-delfinow-w-sealanya\/"},"modified":"2026-02-28T04:39:46","modified_gmt":"2026-02-28T01:39:46","slug":"pokaz-delfinow","status":"publish","type":"product","link":"https:\/\/holidayexcursion.com\/pl\/tours-in-alanya\/wycieczki\/pokaz-delfinow\/","title":{"rendered":"Pokaz delfin\u00f3w"},"content":{"rendered":"<h2 style=\"text-align: center;\">Pokaz delfin\u00f3w w Alanyi<\/h2>\n<p style=\"text-align: center;\">Hipnotyzuj\u0105ce prze\u017cycie: zobacz niesamowity <a href=\"https:\/\/holidayexcursion.com\/tours-in-alanya\/tours\/land-of-legends\/\">pokaz delfin\u00f3w<\/a> w Alanyi<\/p>\n<p style=\"text-align: center;\">Przygotuj si\u0119 na urzeczywistnienie niesamowitej inteligencji i zwinno\u015bci delfin\u00f3w podczas pokazu delfin\u00f3w w Alanyi. Spektakl, po\u0142o\u017cony na malowniczym tureckim wybrze\u017cu Morza \u015ar\u00f3dziemnego, obiecuje zabra\u0107 Ci\u0119 w urzekaj\u0105c\u0105 podr\u00f3\u017c do podwodnego \u015bwiata tych wspania\u0142ych stworze\u0144. Do\u0142\u0105cz do nas podczas odkrywania najwa\u017cniejszych atrakcji i cud\u00f3w pokazu delfin\u00f3w w Alanyi.<\/p>\n<p style=\"text-align: center;\"><img loading=\"lazy\" decoding=\"async\" class=\"alignnone size-medium wp-image-28564\" src=\"https:\/\/holidayexcursion.com\/wp-content\/uploads\/2021\/10\/dolphin-show-holiday-excursion-300x200.jpg\" alt=\"\" width=\"300\" height=\"200\" title=\"\" srcset=\"https:\/\/holidayexcursion.com\/wp-content\/uploads\/2021\/10\/dolphin-show-holiday-excursion-300x200.jpg 300w, https:\/\/holidayexcursion.com\/wp-content\/uploads\/2021\/10\/dolphin-show-holiday-excursion-600x400.jpg 600w, https:\/\/holidayexcursion.com\/wp-content\/uploads\/2021\/10\/dolphin-show-holiday-excursion.jpg 720w\" sizes=\"auto, (max-width: 300px) 100vw, 300px\" \/><\/p>\n<p style=\"text-align: center;\">1. Zachwyt wyst\u0119pami delfin\u00f3w:<\/p>\n<p style=\"text-align: center;\">Przygotuj si\u0119 na zaskoczenie, gdy doskonale wyszkolone delfiny prezentuj\u0105 swoje talenty i umiej\u0119tno\u015bci w serii urzekaj\u0105cych wyst\u0119p\u00f3w. B\u0105d\u017a \u015bwiadkiem ich niesamowitych akrobacji, p\u0142ywania synchronicznego i zabawnych interakcji z trenerami. Pokaz delfin\u00f3w w Alanyi to zachwycaj\u0105cy spektakl, kt\u00f3ry jest zar\u00f3wno zabawny, jak i budz\u0105cy podziw, pozostawiaj\u0105c widz\u00f3w w ka\u017cdym wieku w ca\u0142kowitym zdumieniu.<\/p>\n<p style=\"text-align: center;\">2. Edukacyjne spojrzenie na zachowanie delfin\u00f3w:<\/p>\n<p style=\"text-align: center;\">Opr\u00f3cz rozrywkowych wyst\u0119p\u00f3w, <a href=\"https:\/\/en.wikipedia.org\/wiki\/Alanya\" rel=\"nofollow noopener\" target=\"_blank\">Alanya<\/a> Dolphin Show zapewnia tak\u017ce edukacyjny wgl\u0105d w zachowanie i inteligencj\u0119 delfin\u00f3w. Dowiedz si\u0119 o ich naturalnych siedliskach, strukturach spo\u0142ecznych i znaczeniu dzia\u0142a\u0144 ochronnych maj\u0105cych na celu ochron\u0119 tych niezwyk\u0142ych stworze\u0144. Poprzez komentarz informacyjny program ma na celu podniesienie \u015bwiadomo\u015bci na temat potrzeby odpowiedzialnej ekoturystyki i ochrony \u017cycia morskiego.<\/p>\n<p style=\"text-align: center;\"><img loading=\"lazy\" decoding=\"async\" class=\"alignnone size-medium wp-image-28552\" src=\"https:\/\/holidayexcursion.com\/wp-content\/uploads\/2021\/10\/alanya-dolphins-show-3-300x198.jpg\" alt=\"\" width=\"300\" height=\"198\" title=\"\" srcset=\"https:\/\/holidayexcursion.com\/wp-content\/uploads\/2021\/10\/alanya-dolphins-show-3-300x198.jpg 300w, https:\/\/holidayexcursion.com\/wp-content\/uploads\/2021\/10\/alanya-dolphins-show-3-768x507.jpg 768w, https:\/\/holidayexcursion.com\/wp-content\/uploads\/2021\/10\/alanya-dolphins-show-3-600x396.jpg 600w, https:\/\/holidayexcursion.com\/wp-content\/uploads\/2021\/10\/alanya-dolphins-show-3.jpg 1000w\" sizes=\"auto, (max-width: 300px) 100vw, 300px\" \/><\/p>\n<p style=\"text-align: center;\">3. Niezapomniane interakcje:<\/p>\n<p style=\"text-align: center;\">Tym, kt\u00f3rzy szukaj\u0105 bardziej interaktywnych wra\u017ce\u0144, pokaz delfin\u00f3w w Alanyi oferuje wyj\u0105tkowe mo\u017cliwo\u015bci zbli\u017cenia si\u0119 do tych niezwyk\u0142ych stworze\u0144. W zale\u017cno\u015bci od miejsca mo\u017cesz mie\u0107 okazj\u0119 pop\u0142ywa\u0107 z delfinami, pozowa\u0107 do zdj\u0119\u0107, a nawet mie\u0107 okazj\u0119 je nakarmi\u0107. Te interakcje tworz\u0105 wspomnienia na ca\u0142e \u017cycie i pozwalaj\u0105 g\u0142\u0119biej doceni\u0107 te niesamowite zwierz\u0119ta.<\/p>\n<p style=\"text-align: center;\">4. Rozrywka przyjazna rodzinie:<\/p>\n<p style=\"text-align: center;\">Pokaz delfin\u00f3w w Alanyi to idealna atrakcja rodzinna, zapewniaj\u0105ca rozrywk\u0119 go\u015bciom w ka\u017cdym wieku. Zar\u00f3wno dzieci, jak i doro\u015bli b\u0119d\u0105 zachwyceni zabawn\u0105 natur\u0105 i inteligencj\u0105 delfin\u00f3w. Obserwowanie tych niesamowitych stworze\u0144 w akcji jest nie tylko przyjemne, ale tak\u017ce pouczaj\u0105ce. To prze\u017cycie, kt\u00f3re pozostawi trwa\u0142y \u015blad w ca\u0142ej rodzinie.<\/p>\n<p style=\"text-align: center;\"><img loading=\"lazy\" decoding=\"async\" class=\"alignnone size-medium wp-image-28570\" src=\"https:\/\/holidayexcursion.com\/wp-content\/uploads\/2021\/10\/Dolphin-Show-alanya-1-300x225.jpg\" alt=\"\" width=\"300\" height=\"225\" title=\"\" srcset=\"https:\/\/holidayexcursion.com\/wp-content\/uploads\/2021\/10\/Dolphin-Show-alanya-1-300x225.jpg 300w, https:\/\/holidayexcursion.com\/wp-content\/uploads\/2021\/10\/Dolphin-Show-alanya-1-1024x768.jpg 1024w, https:\/\/holidayexcursion.com\/wp-content\/uploads\/2021\/10\/Dolphin-Show-alanya-1-768x576.jpg 768w, https:\/\/holidayexcursion.com\/wp-content\/uploads\/2021\/10\/Dolphin-Show-alanya-1-600x450.jpg 600w, https:\/\/holidayexcursion.com\/wp-content\/uploads\/2021\/10\/Dolphin-Show-alanya-1.jpg 1200w\" sizes=\"auto, (max-width: 300px) 100vw, 300px\" \/><\/p>\n<p style=\"text-align: center;\">5. Wspania\u0142e miejsce i profesjonalna prezentacja:<\/p>\n<p style=\"text-align: center;\">Pokaz delfin\u00f3w w Alanyi odbywa si\u0119 w \u015bwiatowej klasy obiekcie, kt\u00f3ry oferuje nowoczesne udogodnienia i wygodne siedzenia. Dzi\u0119ki najnowocze\u015bniejszym systemom d\u017awi\u0119kowym i o\u015bwietleniowym przedstawienie zapewnia profesjonalnie zaprezentowane wra\u017cenia, kt\u00f3re zwi\u0119kszaj\u0105 og\u00f3ln\u0105 przyjemno\u015b\u0107. Usi\u0105d\u017a wygodnie i zrelaksuj si\u0119, zanurzaj\u0105c si\u0119 w magicznym \u015bwiecie delfin\u00f3w i podziwiaj\u0105c ich niesamowite zdolno\u015bci.<\/p>\n<p style=\"text-align: center;\">Pokaz delfin\u00f3w w Alanyi oferuje fascynuj\u0105ce prze\u017cycie, kt\u00f3re przybli\u017ca Ci\u0119 do niezwyk\u0142ego \u015bwiata delfin\u00f3w. Od ekscytuj\u0105cych wyst\u0119p\u00f3w po tre\u015bci edukacyjne \u2013 program zapewnia rozrywk\u0119 dla wszystkich grup wiekowych, jednocze\u015bnie promuj\u0105c znaczenie ochrony \u015brodowiska morskiego. Niezale\u017cnie od tego, czy szukasz inspiruj\u0105cych akrobacji, interaktywnych i edukacyjnych do\u015bwiadcze\u0144, czy po prostu weso\u0142ej rodzinnej wycieczki, pokaz delfin\u00f3w w Alanyi zapewni niezapomniane wra\u017cenia. Przygotuj si\u0119 na fascynacj\u0119 i oczarowanie pi\u0119knem i inteligencj\u0105 tych niezwyk\u0142ych stworze\u0144, kt\u00f3re pozostawi\u0105 wspomnienia, kt\u00f3re b\u0119dziesz ceni\u0107 przez ca\u0142e \u017cycie.<\/p>\n<p style=\"text-align: center;\"><img loading=\"lazy\" decoding=\"async\" class=\"alignnone size-medium wp-image-28558\" src=\"https:\/\/holidayexcursion.com\/wp-content\/uploads\/2021\/10\/dolphin-show-alanya-300x169.jpg\" alt=\"\" width=\"300\" height=\"169\" title=\"\" srcset=\"https:\/\/holidayexcursion.com\/wp-content\/uploads\/2021\/10\/dolphin-show-alanya-300x169.jpg 300w, https:\/\/holidayexcursion.com\/wp-content\/uploads\/2021\/10\/dolphin-show-alanya-1024x576.jpg 1024w, https:\/\/holidayexcursion.com\/wp-content\/uploads\/2021\/10\/dolphin-show-alanya-768x432.jpg 768w, https:\/\/holidayexcursion.com\/wp-content\/uploads\/2021\/10\/dolphin-show-alanya-1536x864.jpg 1536w, https:\/\/holidayexcursion.com\/wp-content\/uploads\/2021\/10\/dolphin-show-alanya-600x338.jpg 600w, https:\/\/holidayexcursion.com\/wp-content\/uploads\/2021\/10\/dolphin-show-alanya.jpg 1920w\" sizes=\"auto, (max-width: 300px) 100vw, 300px\" \/><\/p>\n<div style=\"text-align: center;\">Pokaz delfin\u00f3w w Alanyi w Sealanya Dolphinpark organizowany jest dwa razy dziennie.<\/div>\n<div style=\"text-align: center;\"><\/div>\n<div style=\"text-align: center;\"><strong> Grupa poranna: Odbi\u00f3r: 09:00 Powr\u00f3t: 12:00<\/strong><\/div>\n<div style=\"text-align: center;\"><\/div>\n<div style=\"text-align: center;\"><strong> Grupa popo\u0142udniowa: Odbi\u00f3r: 14:00 Powr\u00f3t: 17:00<\/strong><\/div>\n<div style=\"text-align: center;\">\n<div><\/div>\n<div><strong>PROGRAM WYCIECZKI POKAZ\u00d3W DELFIN\u00d3W ALANYA:<\/strong><\/div>\n<div>* Odbi\u00f3r z hoteli\/apartament\u00f3w w Alanyi i okolicach<\/div>\n<div>* Przyjazd do parku delfin\u00f3w Sealanya<\/div>\n<div>* Pokaz delfin\u00f3w i lw\u00f3w morskich<\/div>\n<div>* Dow\u00f3z do hoteli\/apartament\u00f3w w Alanyi i okolicach<\/div>\n<\/div>\n<div style=\"text-align: center;\"><\/div>\n<div style=\"text-align: center;\"><strong>CENA ZAWIERA:<\/strong><\/div>\n<div style=\"text-align: center;\">* Odbi\u00f3r i dow\u00f3z z hoteli\/apartament\u00f3w w Alanyi i okolicach<\/div>\n<div style=\"text-align: center;\">* Przewodnik wycieczki<\/div>\n<div style=\"text-align: center;\">* Pokaz delfin\u00f3w i lw\u00f3w morskich (oko\u0142o godziny)<\/div>\n<div style=\"text-align: center;\"><\/div>\n<div style=\"text-align: center;\"><strong>OPCJONALNE DODATKI:<\/strong><\/div>\n<div style=\"text-align: center;\">* P\u0142ywanie z delfinami 120 \u20ac za 1 osob\u0119, wymagana rezerwacja.<\/div>\n<div style=\"text-align: center;\">* Wydatki osobiste, takie jak napoje, \u017cywno\u015b\u0107 wew. w parku<\/div>\n<div style=\"text-align: center;\">* Zdj\u0119cia z delfinami wykonane przez fotograf\u00f3w<\/div>\n<div style=\"text-align: center;\"><\/div>\n<div style=\"text-align: center;\"><strong>DODATKOWE INFORMACJE I WSKAZ\u00d3WKI:<\/strong><\/div>\n<div style=\"text-align: center;\">* Je\u015bli chcesz p\u0142ywa\u0107 tylko z delfinami, mo\u017cesz po prostu zarezerwowa\u0107 wycieczk\u0119 P\u0142ywanie z delfinami w Alanyi za jedyne 120 \u20ac z bezp\u0142atnym transferem.<\/div>\n<div style=\"text-align: center;\">\n<div>* Dzieci poni\u017cej 3 roku \u017cycia nie mog\u0105 p\u0142ywa\u0107 z delfinami.<\/div>\n<div>*Dzieciom w wieku 4-6 lat musi towarzyszy\u0107 osoba doros\u0142a.<\/div>\n<div>* Sesj\u0119 p\u0142ywania nale\u017cy zarezerwowa\u0107 z wyprzedzeniem (w sezonie jest zaj\u0119ty).<\/div>\n<\/div>\n<p style=\"text-align: center;\"><span lang=\"EN-US\">Cena zawiera transfer, bilet wst\u0119pu, ubezpieczenie.<\/span><\/p>\n<p style=\"text-align: center;\">\u017byczymy Pa\u0144stwu niezapomnianych wspomnie\u0144 z wakacji w Alanyi w Turcji.<\/p>\n<p style=\"text-align: center;\">Ps: Aby uzyska\u0107 wi\u0119cej informacji, mo\u017cesz r\u00f3wnie\u017c skontaktowa\u0107 si\u0119 przez aplikacj\u0119 Whats lub wiadomo\u015b\u0107.<\/p>\n<p style=\"text-align: center;\">Wakacyjny Zesp\u00f3\u0142 Wycieczkowy,<\/p>\n<p><iframe loading=\"lazy\" title=\"Sealanya  Seapark  &amp; Dolphinpark\" width=\"1020\" height=\"574\" src=\"https:\/\/www.youtube.com\/embed\/30QBDxtRD5c?feature=oembed\" frameborder=\"0\" allow=\"accelerometer; autoplay; clipboard-write; encrypted-media; gyroscope; picture-in-picture; web-share\" allowfullscreen><\/iframe><\/p>\n<p><iframe loading=\"lazy\" title=\"SEALANYA Dolphin show, Alanya, Turkey \/ \u0428\u043e\u0443 \u0434\u0435\u043b\u044c\u0444\u0438\u043d\u043e\u0432 \u0432 \u043c\u043e\u0440\u0441\u043a\u043e\u043c \u043f\u0430\u0440\u043a\u0435 SEALANYA\" width=\"1020\" height=\"574\" src=\"https:\/\/www.youtube.com\/embed\/pQtIzmoPB8Y?feature=oembed\" frameborder=\"0\" allow=\"accelerometer; autoplay; clipboard-write; encrypted-media; gyroscope; picture-in-picture; web-share\" allowfullscreen><\/iframe><\/p>\n","protected":false},"excerpt":{"rendered":"<p>Pokaz delfin\u00f3w w Alanyi Hipnotyzuj\u0105ce prze\u017cycie: zobacz niesamowity pokaz delfin\u00f3w w Alanyi Przygotuj si\u0119 na urzeczywistnienie niesamowitej inteligencji i zwinno\u015bci delfin\u00f3w podczas pokazu delfin\u00f3w w Alanyi. Spektakl, po\u0142o\u017cony na malowniczym tureckim wybrze\u017cu Morza \u015ar\u00f3dziemnego, obiecuje zabra\u0107 Ci\u0119 w urzekaj\u0105c\u0105 podr\u00f3\u017c do podwodnego \u015bwiata tych wspania\u0142ych stworze\u0144. Do\u0142\u0105cz do nas podczas odkrywania najwa\u017cniejszych atrakcji i cud\u00f3w<\/p>\n","protected":false},"featured_media":4411,"comment_status":"open","ping_status":"closed","template":"","meta":[],"product_brand":[],"product_cat":[107],"product_tag":[],"class_list":{"0":"post-5288","1":"product","2":"type-product","3":"status-publish","4":"has-post-thumbnail","6":"product_cat-wycieczki","8":"first","9":"instock","10":"virtual","11":"sold-individually","12":"purchasable","13":"product-type-booking"},"_links":{"self":[{"href":"https:\/\/holidayexcursion.com\/pl\/wp-json\/wp\/v2\/product\/5288","targetHints":{"allow":["GET"]}}],"collection":[{"href":"https:\/\/holidayexcursion.com\/pl\/wp-json\/wp\/v2\/product"}],"about":[{"href":"https:\/\/holidayexcursion.com\/pl\/wp-json\/wp\/v2\/types\/product"}],"replies":[{"embeddable":true,"href":"https:\/\/holidayexcursion.com\/pl\/wp-json\/wp\/v2\/comments?post=5288"}],"wp:featuredmedia":[{"embeddable":true,"href":"https:\/\/holidayexcursion.com\/pl\/wp-json\/wp\/v2\/media\/4411"}],"wp:attachment":[{"href":"https:\/\/holidayexcursion.com\/pl\/wp-json\/wp\/v2\/media?parent=5288"}],"wp:term":[{"taxonomy":"product_brand","embeddable":true,"href":"https:\/\/holidayexcursion.com\/pl\/wp-json\/wp\/v2\/product_brand?post=5288"},{"taxonomy":"product_cat","embeddable":true,"href":"https:\/\/holidayexcursion.com\/pl\/wp-json\/wp\/v2\/product_cat?post=5288"},{"taxonomy":"product_tag","embeddable":true,"href":"https:\/\/holidayexcursion.com\/pl\/wp-json\/wp\/v2\/product_tag?post=5288"}],"curies":[{"name":"wp","href":"https:\/\/api.w.org\/{rel}","templated":true}]}}