{"id":5308,"date":"2021-10-06T02:57:30","date_gmt":"2021-12-06T22:07:45","guid":{"rendered":"http:\/\/holidayexcursion.com\/excursions-in-alanya\/bez-kategorii\/wycieczka-do-pamukkale\/"},"modified":"2023-12-05T00:19:02","modified_gmt":"2023-12-04T21:19:02","slug":"jezioro-salda-pamukkale","status":"publish","type":"product","link":"https:\/\/holidayexcursion.com\/pl\/tours-in-alanya\/wycieczki\/jezioro-salda-pamukkale\/","title":{"rendered":"jezioro Salda Pamukkale"},"content":{"rendered":"<h2 style=\"font-weight: 400; text-align: center;\">JEZIORO SALDA PAMUKKALE<\/h2>\n<p style=\"text-align: center;\">Czaruj\u0105ce cuda: ods\u0142oni\u0119cie jezioro Salda Pamukkale<\/p>\n<p style=\"text-align: center;\">Wyrusz w urzekaj\u0105c\u0105 podr\u00f3\u017c, aby zobaczy\u0107 dwa z najbardziej hipnotyzuj\u0105cych cud\u00f3w natury Turcji, jezioro Salda Pamukkale. Ta wycieczka poprowadzi Ci\u0119 przez osza\u0142amiaj\u0105ce krajobrazy po\u0142udniowo zachodniej Turcji, gdzie zachwyc\u0105 Ci\u0119 czyste turkusowe wody jeziora Salda i niezwyk\u0142e tarasowe baseny trawertynowe w Pamukkale. Do\u0142\u0105cz do nas i odkrywaj najwa\u017cniejsze <a href=\"https:\/\/holidayexcursion.com\/tours-in-alanya\/tours\/boat-tour\/\">atrakcje<\/a> i do\u015bwiadczenia, kt\u00f3re czekaj\u0105 na Ciebie podczas tej czaruj\u0105cej wycieczki.<\/p>\n<p style=\"text-align: center;\"><img loading=\"lazy\" decoding=\"async\" class=\"alignnone size-medium wp-image-28393\" src=\"https:\/\/holidayexcursion.com\/wp-content\/uploads\/2021\/10\/pamukkale-tour-holiday-excursion-300x225.jpg\" alt=\"\" width=\"300\" height=\"225\" title=\"\" srcset=\"https:\/\/holidayexcursion.com\/wp-content\/uploads\/2021\/10\/pamukkale-tour-holiday-excursion-300x225.jpg 300w, https:\/\/holidayexcursion.com\/wp-content\/uploads\/2021\/10\/pamukkale-tour-holiday-excursion-768x576.jpg 768w, https:\/\/holidayexcursion.com\/wp-content\/uploads\/2021\/10\/pamukkale-tour-holiday-excursion-600x450.jpg 600w, https:\/\/holidayexcursion.com\/wp-content\/uploads\/2021\/10\/pamukkale-tour-holiday-excursion.jpg 1024w\" sizes=\"auto, (max-width: 300px) 100vw, 300px\" \/><\/p>\n<p style=\"text-align: center;\">1. Jezioro Salda Pamukkale: Tureckie Malediwy:<\/p>\n<p style=\"text-align: center;\">Jezioro Salda pamukkale , znane jako \u201e<a href=\"https:\/\/en.wikipedia.org\/wiki\/Lake_Salda\" rel=\"nofollow noopener\" target=\"_blank\">tureckie Malediwy<\/a>\u201d, to ukryty klejnot po\u0142o\u017cony po\u015br\u00f3d zapieraj\u0105cej dech w piersiach pi\u0119kna przyrody. Dzi\u0119ki krystalicznie czystej turkusowej wodzie, pudrowym bia\u0142ym piaszczystym pla\u017com i malowniczej okolicy, to wspania\u0142e jezioro oferuje wyj\u0105tkowe i spokojne do\u015bwiadczenie. Zanurz si\u0119 w orze\u017awiaj\u0105cej wodzie, zrelaksuj si\u0119 na dziewiczych wybrze\u017cach i r\u00f3b zdj\u0119cia surrealistycznych krajobraz\u00f3w godne Instagrama. Odkryj inspiruj\u0105ce pi\u0119kno jeziora Salda, prawdziwego raju, kt\u00f3ry Ci\u0119 zahipnotyzuje.<\/p>\n<p style=\"text-align: center;\"><img loading=\"lazy\" decoding=\"async\" class=\"alignnone size-medium wp-image-28399\" src=\"https:\/\/holidayexcursion.com\/wp-content\/uploads\/2021\/10\/Salda-lake-pamukkale-1-300x174.jpg\" alt=\"\" width=\"300\" height=\"174\" title=\"\" srcset=\"https:\/\/holidayexcursion.com\/wp-content\/uploads\/2021\/10\/Salda-lake-pamukkale-1-300x174.jpg 300w, https:\/\/holidayexcursion.com\/wp-content\/uploads\/2021\/10\/Salda-lake-pamukkale-1-600x349.jpg 600w, https:\/\/holidayexcursion.com\/wp-content\/uploads\/2021\/10\/Salda-lake-pamukkale-1.jpg 745w\" sizes=\"auto, (max-width: 300px) 100vw, 300px\" \/><\/p>\n<p style=\"text-align: center;\">2. Jezioro Salda Pamukkale: kraina czar\u00f3w natury:<\/p>\n<p style=\"text-align: center;\">Przygotuj si\u0119 na zauroczenie <a href=\"https:\/\/en.wikipedia.org\/wiki\/Pamukkale\" rel=\"nofollow noopener\" target=\"_blank\">Pamukkale<\/a>, cz\u0119sto nazywanym \u201ebawe\u0142nianym zamkiem\u201d. Wpisane na List\u0119 \u015awiatowego Dziedzictwa UNESCO szczyci si\u0119 tarasowymi basenami trawertynowymi wype\u0142nionymi wodami termalnymi, tworz\u0105c surrealistyczny spektakl. Wspinaj\u0105c si\u0119 po tarasach, podziwiaj osza\u0142amiaj\u0105ce bia\u0142e formacje, rozkoszuj\u0105c si\u0119 ciep\u0142\u0105 i lecznicz\u0105 wod\u0105 bogat\u0105 w minera\u0142y. Surrealistyczny widok kaskadowych basen\u00f3w na tle zieleni to naprawd\u0119 widok, kt\u00f3ry warto zobaczy\u0107. Pamukkale oferuje r\u00f3wnie\u017c mo\u017cliwo\u015b\u0107 zwiedzania staro\u017cytnego miasta Hierapolis, gdzie mo\u017cna odkry\u0107 staro\u017cytne ruiny i pozna\u0107 jego historyczne znaczenie.<\/p>\n<p style=\"text-align: center;\"><img loading=\"lazy\" decoding=\"async\" class=\"alignnone size-medium wp-image-28417\" src=\"https:\/\/holidayexcursion.com\/wp-content\/uploads\/2021\/10\/Salda-pamukkale-turu-holiday-excursion-300x184.jpg\" alt=\"\" width=\"300\" height=\"184\" title=\"\" srcset=\"https:\/\/holidayexcursion.com\/wp-content\/uploads\/2021\/10\/Salda-pamukkale-turu-holiday-excursion-300x184.jpg 300w, https:\/\/holidayexcursion.com\/wp-content\/uploads\/2021\/10\/Salda-pamukkale-turu-holiday-excursion.jpg 596w\" sizes=\"auto, (max-width: 300px) 100vw, 300px\" \/><\/p>\n<p style=\"text-align: center;\">3. \u0141a\u017anie termalne i relaks w jezioro Salda Pamukkale:<\/p>\n<p style=\"text-align: center;\">Zanurz si\u0119 w odm\u0142adzaj\u0105cych i leczniczych w\u0142a\u015bciwo\u015bciach w\u00f3d termalnych w Pamukkale. Te naturalnie podgrzewane, bogate w minera\u0142y wody, znane ze swoich leczniczych w\u0142a\u015bciwo\u015bci, zapewniaj\u0105 niezapomniane wra\u017cenia podczas k\u0105pieli. \u0141a\u017anie termalne Pamukkale zapewniaj\u0105 wyj\u0105tkow\u0105 okazj\u0119 do relaksu i odm\u0142odzenia w otoczeniu osza\u0142amiaj\u0105cej przyrody. Wyobra\u017a sobie, \u017ce zanurzasz si\u0119 w ciep\u0142ych wodach, regenerujesz organizm i czujesz, jak znika ca\u0142y stres.<\/p>\n<p style=\"text-align: center;\"><img loading=\"lazy\" decoding=\"async\" class=\"alignnone size-medium wp-image-28405\" src=\"https:\/\/holidayexcursion.com\/wp-content\/uploads\/2021\/10\/Salda-lake-pamukkale-2-300x159.webp\" alt=\"\" width=\"300\" height=\"159\" title=\"\" srcset=\"https:\/\/holidayexcursion.com\/wp-content\/uploads\/2021\/10\/Salda-lake-pamukkale-2-300x159.webp 300w, https:\/\/holidayexcursion.com\/wp-content\/uploads\/2021\/10\/Salda-lake-pamukkale-2-600x318.webp 600w, https:\/\/holidayexcursion.com\/wp-content\/uploads\/2021\/10\/Salda-lake-pamukkale-2.webp 650w\" sizes=\"auto, (max-width: 300px) 100vw, 300px\" \/><\/p>\n<p style=\"text-align: center;\">4. Wycieczka po jezioro Salda Pamukkale Wiedza i komfort przewodnika:<\/p>\n<p style=\"text-align: center;\">Wycieczka po jezioro Salda Pamukkale oferuje wiedz\u0119 do\u015bwiadczonych przewodnik\u00f3w, kt\u00f3rzy s\u0105 dobrze zaznajomieni z histori\u0105, kultur\u0105 i cudami natury regionu. B\u0119d\u0105 Ci towarzyszy\u0107 przez ca\u0142\u0105 wycieczk\u0119, zapewniaj\u0105c wnikliwe komentarze i dbaj\u0105c o Tw\u00f3j komfort i bezpiecze\u0144stwo. Ich wiedza i pasja do miejsc docelowych znacznie poprawi\u0105 Twoje zrozumienie i docenienie najwa\u017cniejszych atrakcji wycieczki, pozwalaj\u0105c Ci w pe\u0142ni zanurzy\u0107 si\u0119 w cudach jeziora Salda i Pamukkale.<\/p>\n<p style=\"text-align: center;\"><img loading=\"lazy\" decoding=\"async\" class=\"alignnone size-medium wp-image-28411\" src=\"https:\/\/holidayexcursion.com\/wp-content\/uploads\/2021\/10\/Salda-lake-pamukkale-trip-300x200.jpg\" alt=\"\" width=\"300\" height=\"200\" title=\"\" srcset=\"https:\/\/holidayexcursion.com\/wp-content\/uploads\/2021\/10\/Salda-lake-pamukkale-trip-300x200.jpg 300w, https:\/\/holidayexcursion.com\/wp-content\/uploads\/2021\/10\/Salda-lake-pamukkale-trip-600x400.jpg 600w, https:\/\/holidayexcursion.com\/wp-content\/uploads\/2021\/10\/Salda-lake-pamukkale-trip.jpg 669w\" sizes=\"auto, (max-width: 300px) 100vw, 300px\" \/><\/p>\n<div class=\"mceTemp\" style=\"text-align: center;\"><\/div>\n<p style=\"text-align: center;\">5. Spektakularny kontrast natury:<\/p>\n<p style=\"text-align: center;\">Wycieczka po jezioro Salda Pamukkale zapewnia wyj\u0105tkowy kontrast pomi\u0119dzy dwoma osza\u0142amiaj\u0105cymi cudami natury. Z dziewiczych turkusowych w\u00f3d i piaszczystych brzeg\u00f3w jeziora Salda, zanurzysz si\u0119 w spokojnym i spokojnym otoczeniu. Gdy przenosisz si\u0119 do Pamukkale, zachwycaj\u0105ce tarasowe baseny i staro\u017cytne ruiny tworz\u0105 dynamiczn\u0105 i budz\u0105c\u0105 podziw atmosfer\u0119. Dzi\u0119ki tej wycieczce b\u0119dziesz \u015bwiadkiem niezwyk\u0142ej r\u00f3\u017cnorodno\u015bci naturalnego pi\u0119kna, jakie Turcja ma do zaoferowania.<\/p>\n<p style=\"text-align: center;\"><img loading=\"lazy\" decoding=\"async\" class=\"size-medium wp-image-3978\" src=\"https:\/\/holidayexcursion.com\/wp-content\/uploads\/2021\/10\/pamukkale-tour-3.webp\" alt=\"wycieczka pamukkale\" width=\"300\" height=\"300\" title=\"\" srcset=\"https:\/\/holidayexcursion.com\/wp-content\/uploads\/2021\/10\/pamukkale-tour-3.webp 2000w, https:\/\/holidayexcursion.com\/wp-content\/uploads\/2021\/10\/pamukkale-tour-3-300x300.webp 300w, https:\/\/holidayexcursion.com\/wp-content\/uploads\/2021\/10\/pamukkale-tour-3-768x768.webp 768w, https:\/\/holidayexcursion.com\/wp-content\/uploads\/2021\/10\/pamukkale-tour-3-1024x1024.webp 1024w, https:\/\/holidayexcursion.com\/wp-content\/uploads\/2021\/10\/pamukkale-tour-3-1536x1536.webp 1536w, https:\/\/holidayexcursion.com\/wp-content\/uploads\/2021\/10\/pamukkale-tour-3-600x600.webp 600w, https:\/\/holidayexcursion.com\/wp-content\/uploads\/2021\/10\/pamukkale-tour-3-100x100.webp 100w, https:\/\/holidayexcursion.com\/wp-content\/uploads\/2021\/10\/pamukkale-tour-3-150x150.webp 150w\" sizes=\"auto, (max-width: 300px) 100vw, 300px\" \/><\/p>\n<p style=\"text-align: center;\">Wycieczka po jezioro Salda Pamukkale z pewno\u015bci\u0105 pozostawi Ci\u0119 z zachwytem nad wspania\u0142ymi cudami przyrody Turcji. Od surrealistycznych krajobraz\u00f3w i turkusowych w\u00f3d jeziora Salda po tarasowe baseny trawertynowe w Pamukkale \u2013 ta wycieczka zabierze Ci\u0119 w czaruj\u0105c\u0105 podr\u00f3\u017c przez zapieraj\u0105ce dech w piersiach krajobrazy. Z do\u015bwiadczonymi przewodnikami u boku zyskasz g\u0142\u0119bsze zrozumienie historycznego i kulturowego znaczenia tych niezwyk\u0142ych miejsc. Przygotuj si\u0119 na niezapomnian\u0105 przygod\u0119, kt\u00f3ra pozostawi wspomnienia, kt\u00f3re b\u0119dziesz piel\u0119gnowa\u0107 przez ca\u0142e \u017cycie.<\/p>\n<p style=\"text-align: center;\"><img loading=\"lazy\" decoding=\"async\" class=\"size-medium wp-image-3984\" src=\"https:\/\/holidayexcursion.com\/wp-content\/uploads\/2021\/10\/pamukkale-tour-9.webp\" alt=\"wycieczka pamukkale\" width=\"300\" height=\"300\" title=\"\" srcset=\"https:\/\/holidayexcursion.com\/wp-content\/uploads\/2021\/10\/pamukkale-tour-9.webp 2000w, https:\/\/holidayexcursion.com\/wp-content\/uploads\/2021\/10\/pamukkale-tour-9-300x300.webp 300w, https:\/\/holidayexcursion.com\/wp-content\/uploads\/2021\/10\/pamukkale-tour-9-768x768.webp 768w, https:\/\/holidayexcursion.com\/wp-content\/uploads\/2021\/10\/pamukkale-tour-9-1024x1024.webp 1024w, https:\/\/holidayexcursion.com\/wp-content\/uploads\/2021\/10\/pamukkale-tour-9-1536x1536.webp 1536w, https:\/\/holidayexcursion.com\/wp-content\/uploads\/2021\/10\/pamukkale-tour-9-600x600.webp 600w, https:\/\/holidayexcursion.com\/wp-content\/uploads\/2021\/10\/pamukkale-tour-9-100x100.webp 100w, https:\/\/holidayexcursion.com\/wp-content\/uploads\/2021\/10\/pamukkale-tour-9-150x150.webp 150w\" sizes=\"auto, (max-width: 300px) 100vw, 300px\" \/><\/p>\n<div style=\"text-align: center;\"><strong><strong>PROGRAM WYCIECZKI PO JEZ\u0130ORO SALDA PAMUKKALE:<br \/>\n<\/strong><\/strong><\/div>\n<div style=\"text-align: center;\">\n<div>* Odbi\u00f3r z hoteli i apartament\u00f3w w Alanyi i okolicach<\/div>\n<div>* Przejazd w kierunku Pamukkale przez miasto Denizli, \u015bniadanie<\/div>\n<div>* Przerwa na komfort, przyjazd do Pamukkale (oko\u0142o godz. 10:00)<\/div>\n<div>* Odwied\u017a staro\u017cytne miasto Hierapolis i nekropoli\u0119 (oko\u0142o godziny)<\/div>\n<div>* Odwied\u017a wapienne tarasy Pamukkale (zamek bawe\u0142niany), a nast\u0119pnie ciesz si\u0119 czasem wolnym (oko\u0142o 3 godzin)<\/div>\n<div>* Lunch Wizyta nad jeziorem Salda. Ciesz si\u0119 wolnym czasem na zwiedzanie (oko\u0142o godziny)<\/div>\n<div>* Kolacja, podr\u00f3\u017c powrotna do Antalyi przez g\u00f3r\u0119 Taurus<\/div>\n<div>* Dow\u00f3z do hoteli i apartament\u00f3w w Alanyi (23:30-24:00)<\/div>\n<\/div>\n<div style=\"text-align: center;\"><\/div>\n<div style=\"text-align: center;\"><strong>CENA ZAWIERA:<\/strong><\/div>\n<div style=\"text-align: center;\">* Odbi\u00f3r\/dow\u00f3z z hoteli i apartament\u00f3w w Alanyi<\/div>\n<div style=\"text-align: center;\">* Przewodnik, \u015bniadanie, lunch, kolacja<\/div>\n<div style=\"text-align: center;\">*Op\u0142aty za wst\u0119p do Pamukkale, zabytkowego miasta Hierapolis i jeziora Salda<\/div>\n<div style=\"text-align: center;\"><\/div>\n<div style=\"text-align: center;\"><strong>OPCJONALNE DODATKI:<\/strong><\/div>\n<div style=\"text-align: center;\">* Wydatki osobowe<\/div>\n<div style=\"text-align: center;\">* P\u0142ywanie w basenie termalnym Kleopatry (11 \u20ac)<\/div>\n<div style=\"text-align: center;\"><\/div>\n<div style=\"text-align: center;\"><strong>DODATKOWE INFORMACJE I WSKAZ\u00d3WKI:<\/strong><\/div>\n<div style=\"text-align: center;\">\n<div>\n<p>\u2022 Dozwolone jest p\u0142ywanie i spacerowanie po tarasach Pamukkale. <span style=\"font-size: 14.4px;\">No\u015b wygodny str\u00f3j i buty<\/span><\/p>\n<div>* Je\u015bli chcesz wej\u015b\u0107 do wody w basenach termalnych Pamukkale lub basenie Kleopatry, zabierz ze sob\u0105 stroje k\u0105pielowe, r\u0119czniki i krem \u200b\u200b\u200b\u200bdo opalania.<\/div>\n<\/div>\n<div>\u2022 Ogl\u0105danie, spacerowanie i robienie zdj\u0119\u0107 na basenie Kleopatry jest bezp\u0142atne. Samo p\u0142ywanie w basenie jest opcj\u0105 dodatkow\u0105.<\/div>\n<\/div>\n<p style=\"font-weight: 400; text-align: center;\">Cena obejmuje transfer, ubezpieczenie, obiad i opiek\u0119 przewodnika.<\/p>\n<p style=\"font-weight: 400; text-align: center;\">Dost\u0119pne w Antalyi, Alanyi, Side, Manavgat, Belek. Aby uzyska\u0107 dok\u0142adny czas odbioru, skontaktuj si\u0119 z nami.<\/p>\n<p style=\"text-align: center;\">\u017byczymy Pa\u0144stwu niezapomnianych wspomnie\u0144 z wakacji w Alanyi w Turcji.<\/p>\n<p style=\"text-align: center;\">Ps: Aby uzyska\u0107 wi\u0119cej informacji, mo\u017cesz r\u00f3wnie\u017c skontaktowa\u0107 si\u0119 przez aplikacj\u0119 Whats lub wiadomo\u015b\u0107.<\/p>\n<p style=\"text-align: center;\">Wakacyjny Zesp\u00f3\u0142 Wycieczkowy,<\/p>\n<p><iframe loading=\"lazy\" title=\"Home of PAMUKKALE | Go T\u00fcrkiye\" width=\"1020\" height=\"574\" src=\"https:\/\/www.youtube.com\/embed\/l-L46v3uV7U?feature=oembed\" frameborder=\"0\" allow=\"accelerometer; autoplay; clipboard-write; encrypted-media; gyroscope; picture-in-picture; web-share\" allowfullscreen><\/iframe><\/p>\n<p><iframe loading=\"lazy\" title=\"Hierapolis and Pamukkale, Turkey: Curative Waters - Rick Steves\u2019 Europe Travel Guide - Travel Bite\" width=\"1020\" height=\"574\" src=\"https:\/\/www.youtube.com\/embed\/3ua4GGisRSo?feature=oembed\" frameborder=\"0\" allow=\"accelerometer; autoplay; clipboard-write; encrypted-media; gyroscope; picture-in-picture; web-share\" allowfullscreen><\/iframe><\/p>\n<p><iframe loading=\"lazy\" title=\"Best of Pamukkale and Hierapolis, South West Turkey\" width=\"1020\" height=\"574\" src=\"https:\/\/www.youtube.com\/embed\/AFlUkxLKJVs?feature=oembed\" frameborder=\"0\" allow=\"accelerometer; autoplay; clipboard-write; encrypted-media; gyroscope; picture-in-picture; web-share\" allowfullscreen><\/iframe><\/p>\n","protected":false},"excerpt":{"rendered":"<p>JEZIORO SALDA PAMUKKALE Czaruj\u0105ce cuda: ods\u0142oni\u0119cie jezioro Salda Pamukkale Wyrusz w urzekaj\u0105c\u0105 podr\u00f3\u017c, aby zobaczy\u0107 dwa z najbardziej hipnotyzuj\u0105cych cud\u00f3w natury Turcji, jezioro Salda Pamukkale. Ta wycieczka poprowadzi Ci\u0119 przez osza\u0142amiaj\u0105ce krajobrazy po\u0142udniowo zachodniej Turcji, gdzie zachwyc\u0105 Ci\u0119 czyste turkusowe wody jeziora Salda i niezwyk\u0142e tarasowe baseny trawertynowe w Pamukkale. Do\u0142\u0105cz do nas i odkrywaj<\/p>\n","protected":false},"featured_media":4610,"comment_status":"open","ping_status":"closed","template":"","meta":[],"product_brand":[],"product_cat":[107],"product_tag":[],"class_list":{"0":"post-5308","1":"product","2":"type-product","3":"status-publish","4":"has-post-thumbnail","6":"product_cat-wycieczki","8":"first","9":"instock","10":"virtual","11":"sold-individually","12":"purchasable","13":"product-type-booking"},"_links":{"self":[{"href":"https:\/\/holidayexcursion.com\/pl\/wp-json\/wp\/v2\/product\/5308","targetHints":{"allow":["GET"]}}],"collection":[{"href":"https:\/\/holidayexcursion.com\/pl\/wp-json\/wp\/v2\/product"}],"about":[{"href":"https:\/\/holidayexcursion.com\/pl\/wp-json\/wp\/v2\/types\/product"}],"replies":[{"embeddable":true,"href":"https:\/\/holidayexcursion.com\/pl\/wp-json\/wp\/v2\/comments?post=5308"}],"wp:featuredmedia":[{"embeddable":true,"href":"https:\/\/holidayexcursion.com\/pl\/wp-json\/wp\/v2\/media\/4610"}],"wp:attachment":[{"href":"https:\/\/holidayexcursion.com\/pl\/wp-json\/wp\/v2\/media?parent=5308"}],"wp:term":[{"taxonomy":"product_brand","embeddable":true,"href":"https:\/\/holidayexcursion.com\/pl\/wp-json\/wp\/v2\/product_brand?post=5308"},{"taxonomy":"product_cat","embeddable":true,"href":"https:\/\/holidayexcursion.com\/pl\/wp-json\/wp\/v2\/product_cat?post=5308"},{"taxonomy":"product_tag","embeddable":true,"href":"https:\/\/holidayexcursion.com\/pl\/wp-json\/wp\/v2\/product_tag?post=5308"}],"curies":[{"name":"wp","href":"https:\/\/api.w.org\/{rel}","templated":true}]}}