{"id":5313,"date":"2021-10-06T01:22:53","date_gmt":"2021-12-06T22:07:46","guid":{"rendered":"http:\/\/holidayexcursion.com\/excursions-in-alanya\/bez-kategorii\/wycieczka-buggy-quadem\/"},"modified":"2023-12-06T01:46:14","modified_gmt":"2023-12-05T22:46:14","slug":"wycieczka-buggy","status":"publish","type":"product","link":"https:\/\/holidayexcursion.com\/pl\/tours-in-alanya\/wycieczki\/wycieczka-buggy\/","title":{"rendered":"Wycieczka Buggy po Alanyi"},"content":{"rendered":"<h2 style=\"text-align: center;\"><strong>WYCIECZKA BUGGY<\/strong><\/h2>\n<h2 style=\"text-align: center;\"><strong><span style=\"font-size: 75%;\">Uwolnij swojego wewn\u0119trznego poszukiwacza przyg\u00f3d: \u200b\u200bwycieczka buggy po Alanyi<\/span><\/strong><\/h2>\n<p style=\"text-align: center;\">Czy jeste\u015b gotowy, aby rozpocz\u0105\u0107 ekscytuj\u0105c\u0105 <a href=\"https:\/\/holidayexcursion.com\/tours-in-alanya\/rent-a-car\/quad\/\">przygod\u0119<\/a> w terenie? Nie szukaj dalej ni\u017c wycieczka buggy w Alanyi, gdzie mo\u017cesz zaspokoi\u0107 swoje pragnienie emocji i eksploracji. Podczas tej wakacyjnej wycieczki zabierzemy Ci\u0119 na nier\u00f3wny teren Alanyi, podkre\u015blaj\u0105c adrenalin\u0119 zwi\u0105zan\u0105 z wycieczk\u0105 buggy.<\/p>\n<p style=\"text-align: center;\">1. Odkrywanie cud\u00f3w terenowych Alanyi:<\/p>\n<p style=\"text-align: center;\">Alanya, po\u0142o\u017cona na przepi\u0119knym tureckim wybrze\u017cu Morza \u015ar\u00f3dziemnego, oferuje malownicze t\u0142o dla wycieczka buggy. To urzekaj\u0105ce miasto otoczone jest surowymi g\u00f3rami, ekscytuj\u0105cymi szlakami i ukrytymi klejnotami czekaj\u0105cymi na odkrycie. Dzi\u0119ki wycieczce buggy masz szans\u0119 zej\u015b\u0107 z utartych \u015bcie\u017cek i odkry\u0107 naturalne pi\u0119kno Alanyi jak nigdy dot\u0105d.<\/p>\n<p style=\"text-align: center;\"><img loading=\"lazy\" decoding=\"async\" class=\"alignnone size-medium wp-image-28855\" src=\"https:\/\/holidayexcursion.com\/wp-content\/uploads\/2021\/10\/buggy-alanya-300x214.jpg\" alt=\"\" width=\"300\" height=\"214\" title=\"\" srcset=\"https:\/\/holidayexcursion.com\/wp-content\/uploads\/2021\/10\/buggy-alanya-300x214.jpg 300w, https:\/\/holidayexcursion.com\/wp-content\/uploads\/2021\/10\/buggy-alanya-600x429.jpg 600w, https:\/\/holidayexcursion.com\/wp-content\/uploads\/2021\/10\/buggy-alanya.jpg 700w\" sizes=\"auto, (max-width: 300px) 100vw, 300px\" \/><\/p>\n<p style=\"text-align: center;\">2. Do\u015bwiadczenie z Buggy:<\/p>\n<p style=\"text-align: center;\">Buggy to ma\u0142y pojazd z otwartym dachem, przeznaczony do pokonywania trudnych teren\u00f3w. Jest to idealne po\u0142\u0105czenie gokarta i quada, umo\u017cliwiaj\u0105ce \u0142atwe poruszanie si\u0119 po skalistych szlakach, piaszczystych terenach i b\u0142otnistych torach. Mocny silnik Buggy i solidna konstrukcja sprawiaj\u0105, \u017ce jest to idealny pojazd na ekscytuj\u0105c\u0105 przygod\u0119 w terenie.<\/p>\n<p style=\"text-align: center;\">3. Trasy terenowe pompuj\u0105ce adrenalin\u0119:<\/p>\n<p style=\"text-align: center;\">wycieczka buggy w <a href=\"https:\/\/en.wikipedia.org\/wiki\/Alanya\" rel=\"nofollow noopener\" target=\"_blank\">Alanyi<\/a> poprowadzi Ci\u0119 przez r\u00f3\u017cnorodne tory terenowe, kt\u00f3re sprawdz\u0105 Twoje umiej\u0119tno\u015bci jazdy i rozpal\u0105 poczucie przygody. Od kr\u0119tych g\u00f3rskich szlak\u00f3w po ekscytuj\u0105ce wydmy \u2013 ka\u017cda \u015bcie\u017cka oferuje wyj\u0105tkowe wyzwanie i okazj\u0119 do przekroczenia w\u0142asnych granic. Poczuj przyp\u0142yw adrenaliny, pokonuj\u0105c wyboisty teren, manewruj\u0105c wok\u00f3\u0142 przeszk\u00f3d i rozkoszuj\u0105c si\u0119 niezr\u00f3wnanym pi\u0119knem naturalnych krajobraz\u00f3w Alanyi.<\/p>\n<p style=\"text-align: center;\"><img loading=\"lazy\" decoding=\"async\" class=\"alignnone size-medium wp-image-28843\" src=\"https:\/\/holidayexcursion.com\/wp-content\/uploads\/2021\/10\/Alanya-buggy-tour--300x159.jpg\" alt=\"\" width=\"300\" height=\"159\" title=\"\" srcset=\"https:\/\/holidayexcursion.com\/wp-content\/uploads\/2021\/10\/Alanya-buggy-tour--300x159.jpg 300w, https:\/\/holidayexcursion.com\/wp-content\/uploads\/2021\/10\/Alanya-buggy-tour--768x407.jpg 768w, https:\/\/holidayexcursion.com\/wp-content\/uploads\/2021\/10\/Alanya-buggy-tour--600x318.jpg 600w, https:\/\/holidayexcursion.com\/wp-content\/uploads\/2021\/10\/Alanya-buggy-tour-.jpg 850w\" sizes=\"auto, (max-width: 300px) 100vw, 300px\" \/><\/p>\n<p style=\"text-align: center;\">4. Odpowiedni dla wszystkich poziom\u00f3w umiej\u0119tno\u015bci:<\/p>\n<p style=\"text-align: center;\">Niezale\u017cnie od tego, czy jeste\u015b do\u015bwiadczonym kierowc\u0105, czy pocz\u0105tkuj\u0105cym, wycieczka buggy w Alanyi jest przeznaczony dla wszystkich poziom\u00f3w umiej\u0119tno\u015bci. Wcze\u015bniejsze do\u015bwiadczenie nie jest wymagane, poniewa\u017c profesjonalni przewodnicy przeka\u017c\u0105 wyczerpuj\u0105ce instrukcje i informacje dotycz\u0105ce bezpiecze\u0144stwa przed rozpocz\u0119ciem wycieczki. Dzi\u0119ki ich fachowym wskaz\u00f3wkom mo\u017cesz pewnie porusza\u0107 si\u0119 po trudnych trasach i maksymalnie wykorzysta\u0107 przygod\u0119 w terenie.<\/p>\n<p style=\"text-align: center;\">5. Spektakularne widoki i ukryte klejnoty:<\/p>\n<p style=\"text-align: center;\">Opr\u00f3cz ekscytuj\u0105cej przeja\u017cd\u017cki, wycieczka buggy w Alanyi stanowi niezwyk\u0142\u0105 okazj\u0119 do zobaczenia zapieraj\u0105cych dech w piersiach widok\u00f3w i odkrycia ukrytych skarb\u00f3w po drodze. Przemierzaj\u0105c trasy terenowe, b\u0119dziesz podziwia\u0107 panoramiczne widoki na miasto, wybrze\u017ce i okoliczne g\u00f3ry. Przystanki mo\u017cna robi\u0107 w punktach widokowych i wyj\u0105tkowych miejscach, co pozwala zanurzy\u0107 si\u0119 w pi\u0119knie regionu i zrobi\u0107 niezapomniane zdj\u0119cia.<\/p>\n<p style=\"text-align: center;\"><img loading=\"lazy\" decoding=\"async\" class=\"alignnone size-medium wp-image-28837\" src=\"https:\/\/holidayexcursion.com\/wp-content\/uploads\/2021\/10\/alanya-buggy-safari-holiday-excursion-300x198.jpeg\" alt=\"\" width=\"300\" height=\"198\" title=\"\" srcset=\"https:\/\/holidayexcursion.com\/wp-content\/uploads\/2021\/10\/alanya-buggy-safari-holiday-excursion-300x198.jpeg 300w, https:\/\/holidayexcursion.com\/wp-content\/uploads\/2021\/10\/alanya-buggy-safari-holiday-excursion-768x508.jpeg 768w, https:\/\/holidayexcursion.com\/wp-content\/uploads\/2021\/10\/alanya-buggy-safari-holiday-excursion-600x397.jpeg 600w, https:\/\/holidayexcursion.com\/wp-content\/uploads\/2021\/10\/alanya-buggy-safari-holiday-excursion.jpeg 800w\" sizes=\"auto, (max-width: 300px) 100vw, 300px\" \/><\/p>\n<p style=\"text-align: center;\">Wycieczka Buggy w Alanyi to ekscytuj\u0105ca i niezapomniana przygoda, kt\u00f3ra pozwala uwolni\u0107 ducha poszukiwacza przyg\u00f3d i odkry\u0107 wspania\u0142e krajobrazy tego nadmorskiego miasta. Dzi\u0119ki po\u0142\u0105czeniu nier\u00f3wnego terenu, tras zapewniaj\u0105cych adrenalin\u0119 i zapieraj\u0105cych dech w piersiach widok\u00f3w, ta przygoda terenowa z pewno\u015bci\u0105 pozostawi niezapomniane wspomnienia. Niezale\u017cnie od tego, czy jeste\u015b do\u015bwiadczonym entuzjast\u0105 jazdy terenowej, czy pocz\u0105tkuj\u0105cym szukaj\u0105cym nowych, ekscytuj\u0105cych wra\u017ce\u0144, Buggy Tour w Alanyi zapewnia niezapomnian\u0105 podr\u00f3\u017c, kt\u00f3ra sprawi, \u017ce b\u0119dziesz mie\u0107 ochot\u0119 na wi\u0119cej. Zatem zapnij pasy, podkr\u0119\u0107 silnik i przygotuj si\u0119 na uwolnienie swojego wewn\u0119trznego poszukiwacza przyg\u00f3d podczas wycieczki Buggy Tour po cudach terenowych Alanyi!<\/p>\n<p style=\"text-align: center;\"><img loading=\"lazy\" decoding=\"async\" class=\"alignnone size-medium wp-image-28849 aligncenter\" src=\"https:\/\/holidayexcursion.com\/wp-content\/uploads\/2021\/10\/Alanya-Buggy-Tour-4-300x159.jpeg\" alt=\"\" width=\"300\" height=\"159\" title=\"\" srcset=\"https:\/\/holidayexcursion.com\/wp-content\/uploads\/2021\/10\/Alanya-Buggy-Tour-4-300x159.jpeg 300w, https:\/\/holidayexcursion.com\/wp-content\/uploads\/2021\/10\/Alanya-Buggy-Tour-4-768x407.jpeg 768w, https:\/\/holidayexcursion.com\/wp-content\/uploads\/2021\/10\/Alanya-Buggy-Tour-4-600x318.jpeg 600w, https:\/\/holidayexcursion.com\/wp-content\/uploads\/2021\/10\/Alanya-Buggy-Tour-4.jpeg 850w\" sizes=\"auto, (max-width: 300px) 100vw, 300px\" \/><\/p>\n<p style=\"text-align: center;\"><strong>Wycieczki buggy odbywaj\u0105 si\u0119 w Alanyi 3 razy dziennie:<\/strong><\/p>\n<p style=\"text-align: center;\"><strong>1-Grupa poranna: odbi\u00f3r: 09:00, powr\u00f3t: 13:00<\/strong><\/p>\n<p style=\"text-align: center;\"><strong> 2-Grupa popo\u0142udniowa: odbi\u00f3r: 13:30, powr\u00f3t: 17:30<\/strong><\/p>\n<p style=\"text-align: center;\"><strong>3-Grupa o zachodzie s\u0142o\u0144ca: odbi\u00f3r: 16:00, powr\u00f3t: 17:30<\/strong><\/p>\n<div style=\"text-align: center;\">\n<div><strong>PROGRAM WYC\u0130ECZKA BUGGY ALANYA:<\/strong><\/div>\n<div>* Odbi\u00f3r z hoteli\/apartament\u00f3w w Alanyi i okolicach, przyjazd na nasz\u0105 stacj\u0119 buggy i teren terenowy<\/div>\n<div>* Wszystkie informacje na temat jazdy na w\u00f3zkach i bezpiecze\u0144stwa zostan\u0105 przekazane przez naszych profesjonalnych przewodnik\u00f3w i instruktor\u00f3w<\/div>\n<div>* Kr\u00f3tki trening i jazda pr\u00f3bna, Jazda po drogach terenowych i lesie<\/div>\n<div>* Przerwy na odpoczynek, Przerwa na p\u0142ywanie (opcjonalnie)<\/div>\n<div>* Dow\u00f3z do Twoich hoteli i apartament\u00f3w w Alanyi i okolicach<\/div>\n<\/div>\n<div style=\"text-align: center;\">\n<div><\/div>\n<div><strong>CENA ZAWIERA:<\/strong><\/div>\n<div>* Odbi\u00f3r\/dow\u00f3z z hoteli i apartament\u00f3w w Alanyi i okolicach.<\/div>\n<div>* Instruktor i przewodnik, kask. <span style=\"font-size: 14.4px;\">Oko\u0142o 2 godzin, 20 km jazdy<\/span><\/div>\n<\/div>\n<div style=\"text-align: center;\"><\/div>\n<div style=\"text-align: center;\"><strong>OPCJONALNE DODATKI:<\/strong><\/div>\n<div style=\"text-align: center;\">* Napoje, zdj\u0119cia, DVD<\/div>\n<div style=\"text-align: center;\"><\/div>\n<div style=\"text-align: center;\"><strong>DODATKOWE INFORMACJE I INFORMACJE:<\/strong><\/div>\n<div style=\"text-align: center;\">* Zabierz ze sob\u0105 krem \u200b\u200bz filtrem przeciws\u0142onecznym, wygodne buty, okulary przeciws\u0142oneczne i chusteczk\u0119, aby chroni\u0107 twarz i oczy przed kurzem i brudem. Mo\u017cna je tak\u017ce kupi\u0107 u swojego przewodnika<\/div>\n<div style=\"text-align: center;\">* Ubieraj si\u0119 odpowiednio do kurzu, gleby, b\u0142ota i warunk\u00f3w terenowych. Twoje ubrania stan\u0105 si\u0119 brudne i zakurzone<\/div>\n<p style=\"text-align: center;\">\u017byczymy Pa\u0144stwu niezapomnianych wspomnie\u0144 z wakacji w Alanyi w Turcji.<\/p>\n<p style=\"text-align: center;\">Ps: Aby uzyska\u0107 wi\u0119cej informacji, mo\u017cesz r\u00f3wnie\u017c skontaktowa\u0107 si\u0119 przez aplikacj\u0119 Whats lub wiadomo\u015b\u0107.<\/p>\n<p style=\"text-align: center;\">Wakacyjny Zesp\u00f3\u0142 Wycieczkowy,<\/p>\n<p><iframe loading=\"lazy\" title=\"The Buggy Safari Off Road Adventure Turkey Antalya\" width=\"1020\" height=\"574\" src=\"https:\/\/www.youtube.com\/embed\/PtCas_RTbNo?feature=oembed\" frameborder=\"0\" allow=\"accelerometer; autoplay; clipboard-write; encrypted-media; gyroscope; picture-in-picture; web-share\" allowfullscreen><\/iframe><\/p>\n<p style=\"text-align: center;\"><a href=\"https:\/\/holidayexcursion.com\/excursions-in-alanya\/rent-a-car\/quad-bike\/\">QUAD BIKE (Atv)<\/a><\/p>\n<p><iframe loading=\"lazy\" title=\"Buggy Safari Marmaris 2015\" width=\"1020\" height=\"574\" src=\"https:\/\/www.youtube.com\/embed\/KILHkRf_qSc?feature=oembed\" frameborder=\"0\" allow=\"accelerometer; autoplay; clipboard-write; encrypted-media; gyroscope; picture-in-picture; web-share\" allowfullscreen><\/iframe><\/p>\n","protected":false},"excerpt":{"rendered":"<p>WYCIECZKA BUGGY Uwolnij swojego wewn\u0119trznego poszukiwacza przyg\u00f3d: \u200b\u200bwycieczka buggy po Alanyi Czy jeste\u015b gotowy, aby rozpocz\u0105\u0107 ekscytuj\u0105c\u0105 przygod\u0119 w terenie? Nie szukaj dalej ni\u017c wycieczka buggy w Alanyi, gdzie mo\u017cesz zaspokoi\u0107 swoje pragnienie emocji i eksploracji. Podczas tej wakacyjnej wycieczki zabierzemy Ci\u0119 na nier\u00f3wny teren Alanyi, podkre\u015blaj\u0105c adrenalin\u0119 zwi\u0105zan\u0105 z wycieczk\u0105 buggy. 1. Odkrywanie cud\u00f3w<\/p>\n","protected":false},"featured_media":4163,"comment_status":"open","ping_status":"closed","template":"","meta":[],"product_brand":[],"product_cat":[107],"product_tag":[],"class_list":{"0":"post-5313","1":"product","2":"type-product","3":"status-publish","4":"has-post-thumbnail","6":"product_cat-wycieczki","8":"first","9":"instock","10":"virtual","11":"sold-individually","12":"purchasable","13":"product-type-booking"},"_links":{"self":[{"href":"https:\/\/holidayexcursion.com\/pl\/wp-json\/wp\/v2\/product\/5313","targetHints":{"allow":["GET"]}}],"collection":[{"href":"https:\/\/holidayexcursion.com\/pl\/wp-json\/wp\/v2\/product"}],"about":[{"href":"https:\/\/holidayexcursion.com\/pl\/wp-json\/wp\/v2\/types\/product"}],"replies":[{"embeddable":true,"href":"https:\/\/holidayexcursion.com\/pl\/wp-json\/wp\/v2\/comments?post=5313"}],"wp:featuredmedia":[{"embeddable":true,"href":"https:\/\/holidayexcursion.com\/pl\/wp-json\/wp\/v2\/media\/4163"}],"wp:attachment":[{"href":"https:\/\/holidayexcursion.com\/pl\/wp-json\/wp\/v2\/media?parent=5313"}],"wp:term":[{"taxonomy":"product_brand","embeddable":true,"href":"https:\/\/holidayexcursion.com\/pl\/wp-json\/wp\/v2\/product_brand?post=5313"},{"taxonomy":"product_cat","embeddable":true,"href":"https:\/\/holidayexcursion.com\/pl\/wp-json\/wp\/v2\/product_cat?post=5313"},{"taxonomy":"product_tag","embeddable":true,"href":"https:\/\/holidayexcursion.com\/pl\/wp-json\/wp\/v2\/product_tag?post=5313"}],"curies":[{"name":"wp","href":"https:\/\/api.w.org\/{rel}","templated":true}]}}