{"id":5317,"date":"2021-10-06T01:38:31","date_gmt":"2021-12-06T22:07:47","guid":{"rendered":"http:\/\/holidayexcursion.com\/excursions-in-alanya\/bez-kategorii\/rafting\/"},"modified":"2024-03-18T13:54:55","modified_gmt":"2024-03-18T10:54:55","slug":"flisactwo","status":"publish","type":"product","link":"https:\/\/holidayexcursion.com\/pl\/tours-in-alanya\/wycieczki\/flisactwo\/","title":{"rendered":"Flisactwo"},"content":{"rendered":"<h2 style=\"font-weight: 400; text-align: center;\">Flisactwo<\/h2>\n<p style=\"text-align: center;\">Podbij kaskady i we\u017a udzia\u0142 w przygodzie: flisactwo w <a href=\"https:\/\/en.wikipedia.org\/wiki\/K%C3%B6pr%C3%BCl%C3%BC_Canyon\" rel=\"nofollow noopener\" target=\"_blank\">Antalyi<\/a><\/p>\n<p style=\"text-align: center;\">Przygotuj si\u0119 na pe\u0142n\u0105 adrenaliny przygod\u0119, zag\u0142\u0119biaj\u0105c si\u0119 w ekscytuj\u0105cy \u015bwiat Antalya flisactwo. Po\u0142o\u017cony w\u015br\u00f3d malowniczych krajobraz\u00f3w tureckiego wybrze\u017ca Morza \u015ar\u00f3dziemnego, to popularne miejsce oferuje niezapomniane wra\u017cenia mi\u0142o\u015bnikom wypoczynku na \u015bwie\u017cym powietrzu i poszukiwaczom przyg\u00f3d. Podczas tej wakacyjnej wycieczki zabierzemy Ci\u0119 w wirtualn\u0105 podr\u00f3\u017c przez pompuj\u0105cy adrenalin\u0119 sp\u0142yw Antalya Alanya flisactwo Tour.<\/p>\n<p style=\"text-align: center;\"><img loading=\"lazy\" decoding=\"async\" class=\"alignnone size-medium wp-image-28824\" src=\"https:\/\/holidayexcursion.com\/wp-content\/uploads\/2021\/10\/Rafting-alanya-300x200.webp\" alt=\"\" width=\"300\" height=\"200\" title=\"\" srcset=\"https:\/\/holidayexcursion.com\/wp-content\/uploads\/2021\/10\/Rafting-alanya-300x200.webp 300w, https:\/\/holidayexcursion.com\/wp-content\/uploads\/2021\/10\/Rafting-alanya-768x511.webp 768w, https:\/\/holidayexcursion.com\/wp-content\/uploads\/2021\/10\/Rafting-alanya-600x400.webp 600w, https:\/\/holidayexcursion.com\/wp-content\/uploads\/2021\/10\/Rafting-alanya.webp 1000w\" sizes=\"auto, (max-width: 300px) 100vw, 300px\" \/><\/p>\n<p style=\"text-align: center;\">1. Pot\u0119\u017cna rzeka K\u00f6pr\u00fc\u00e7ay:<\/p>\n<p style=\"text-align: center;\">Flisactwo w Antalyi odbywa si\u0119 na rzece K\u00f6pr\u00fc\u00e7ay, s\u0142yn\u0105cej z szybkiego przep\u0142ywu w\u00f3d i ekscytuj\u0105cych bystrzy. Poruszaj\u0105c si\u0119 po kr\u0119tych zakr\u0119tach rzeki, b\u0119dziesz otoczony zapieraj\u0105c\u0105 dech w piersiach przyrod\u0105, w tym zielonymi lasami, surowymi kanionami i budz\u0105cymi podziw wodospadami. Przygotuj si\u0119 na oczarowanie osza\u0142amiaj\u0105c\u0105 sceneri\u0105 podczas p\u0142yni\u0119cia w d\u00f3\u0142 rzeki.<\/p>\n<p style=\"text-align: center;\">2. Emocje i wyzwania:<\/p>\n<p style=\"text-align: center;\">Flisactwo w Antalyi to wymagaj\u0105ce, ale niezwykle satysfakcjonuj\u0105ce do\u015bwiadczenie. Do\u015bwiadczeni przewodnicy przeka\u017c\u0105 instrukcje dotycz\u0105ce bezpiecze\u0144stwa i wyposa\u017c\u0105 Ci\u0119 w niezb\u0119dny sprz\u0119t, dzi\u0119ki czemu Twoja przygoda b\u0119dzie bezpieczna i przyjemna. Przygotuj si\u0119 na momenty, w kt\u00f3rych bije serce, pokonuj\u0105c ekscytuj\u0105ce bystrza, kt\u00f3re wystawi\u0105 na pr\u00f3b\u0119 twoj\u0105 prac\u0119 zespo\u0142ow\u0105, zwinno\u015b\u0107 i determinacj\u0119. Flisactwo na rzece K\u00f6pr\u00fc\u00e7ay oferuje mieszank\u0119 ekscytuj\u0105cych bystrzy dla mi\u0142o\u015bnik\u00f3w adrenaliny i spokojnych odcink\u00f3w zapewniaj\u0105cych relaks i podziwianie osza\u0142amiaj\u0105cej okolicy.<\/p>\n<p style=\"text-align: center;\"><img loading=\"lazy\" decoding=\"async\" class=\"alignnone size-medium wp-image-28812\" src=\"https:\/\/holidayexcursion.com\/wp-content\/uploads\/2021\/10\/Alanya-rafting-300x199.webp\" alt=\"\" width=\"300\" height=\"199\" title=\"\" srcset=\"https:\/\/holidayexcursion.com\/wp-content\/uploads\/2021\/10\/Alanya-rafting-300x199.webp 300w, https:\/\/holidayexcursion.com\/wp-content\/uploads\/2021\/10\/Alanya-rafting-768x508.webp 768w, https:\/\/holidayexcursion.com\/wp-content\/uploads\/2021\/10\/Alanya-rafting-600x397.webp 600w, https:\/\/holidayexcursion.com\/wp-content\/uploads\/2021\/10\/Alanya-rafting.webp 1000w\" sizes=\"auto, (max-width: 300px) 100vw, 300px\" \/><\/p>\n<p style=\"text-align: center;\">3. Odpowiedni dla wszystkich poziom\u00f3w do\u015bwiadczenia:<\/p>\n<p style=\"text-align: center;\">Niezale\u017cnie od tego, czy jeste\u015b do\u015bwiadczonym flisakiem, czy pr\u00f3bujesz tego po raz pierwszy, Antalya Rafting zaspokaja potrzeby r\u00f3\u017cnych poziom\u00f3w umiej\u0119tno\u015bci. Do dyspozycji s\u0105 do\u015bwiadczeni przewodnicy, kt\u00f3rzy zapewniaj\u0105 wskaz\u00f3wki i pomoc, dzi\u0119ki czemu ka\u017cdy mo\u017ce cieszy\u0107 si\u0119 bezpiecznym i przyjemnym do\u015bwiadczeniem. Pocz\u0105tkuj\u0105cy mog\u0105 wybra\u0107 mniej wymagaj\u0105ce odcinki rzeki, natomiast bardziej do\u015bwiadczeni flisacy mog\u0105 wybra\u0107 si\u0119 na ca\u0142odniow\u0105 przygod\u0119, pokonuj\u0105c ekscytuj\u0105ce bystrza, kt\u00f3re dodadz\u0105 im energii.<\/p>\n<p style=\"text-align: center;\">4. Ekscytuj\u0105ce zaj\u0119cia grupowe:<\/p>\n<p style=\"text-align: center;\">Flisactwo w Antalyi to fantastyczna aktywno\u015b\u0107 grupowa, dzi\u0119ki czemu idealnie nadaje si\u0119 dla rodzin, przyjaci\u00f3\u0142 lub firmowych wycieczek integracyjnych. Wsp\u00f3lna praca nad poruszaniem si\u0119 po bystrzach sprzyja wsp\u00f3\u0142pracy, komunikacji i kole\u017ce\u0144stwa mi\u0119dzy uczestnikami. Tw\u00f3rz trwa\u0142e wspomnienia, zach\u0119caj\u0105c si\u0119 i wspieraj\u0105c nawzajem w obliczu wyzwa\u0144, jakie stawia rzeka. Wi\u0119\u017a powsta\u0142a podczas tej <a href=\"https:\/\/holidayexcursion.com\/tours-in-alanya\/tours\/horse-riding\/\">przygody<\/a> niew\u0105tpliwie wzmocni relacje i stworzy prze\u017cycie, o kt\u00f3rym b\u0119dziesz wspomina\u0107 przez lata.<\/p>\n<p style=\"text-align: center;\"><img loading=\"lazy\" decoding=\"async\" class=\"alignnone size-medium wp-image-28818\" src=\"https:\/\/holidayexcursion.com\/wp-content\/uploads\/2021\/10\/Rafting-alanya-tour-300x188.webp\" alt=\"\" width=\"300\" height=\"188\" title=\"\" srcset=\"https:\/\/holidayexcursion.com\/wp-content\/uploads\/2021\/10\/Rafting-alanya-tour-300x188.webp 300w, https:\/\/holidayexcursion.com\/wp-content\/uploads\/2021\/10\/Rafting-alanya-tour-600x375.webp 600w, https:\/\/holidayexcursion.com\/wp-content\/uploads\/2021\/10\/Rafting-alanya-tour.webp 624w\" sizes=\"auto, (max-width: 300px) 100vw, 300px\" \/><\/p>\n<p style=\"text-align: center;\">5. Zanurzony w naturze:<\/p>\n<p style=\"text-align: center;\">Jedn\u0105 z g\u0142\u00f3wnych atrakcji Flisactwo w Antalyi jest mo\u017cliwo\u015b\u0107 zanurzenia si\u0119 w cudach natury. Szybuj\u0105c po krystalicznie czystych wodach rzeki K\u00f6pr\u00fc\u00e7ay, mo\u017cesz by\u0107 \u015bwiadkiem t\u0119tni\u0105cej \u017cyciem flory i fauny, kt\u00f3ra jest domem dla tego regionu. Uwa\u017caj na rzadkie gatunki ptak\u00f3w, \u017c\u00f3\u0142wie i inne dzikie zwierz\u0119ta, kt\u00f3re mog\u0105 pojawi\u0107 si\u0119 podczas Twojej podr\u00f3\u017cy. To do\u015bwiadczenie naturalnego pi\u0119kna Turcji z pierwszej r\u0119ki dodaje dodatkowego wymiaru przygodzie raftingowej.<\/p>\n<p style=\"text-align: center;\">Flisactwo w Antalyi po rzece K\u00f6pr\u00fc\u00e7ay to ekscytuj\u0105ca i niezapomniana przygoda, kt\u00f3ra \u0142\u0105czy w sobie podnosz\u0105ce adrenalin\u0119 bystrza z zapieraj\u0105cym dech w piersiach pi\u0119knem przyrody. Ta aktywno\u015b\u0107, odpowiednia dla wszystkich poziom\u00f3w do\u015bwiadczenia, pozwala rzuci\u0107 sobie wyzwanie, nawi\u0105za\u0107 wi\u0119zi z innymi i doceni\u0107 wspania\u0142e krajobrazy Turcji. Niezale\u017cnie od tego, czy szukasz zastrzyku adrenaliny, czy wyj\u0105tkowego do\u015bwiadczenia w budowaniu zespo\u0142u, Antalya Flisactwo obiecuje niezapomnian\u0105 przygod\u0119, kt\u00f3ra pozostawi adrenalin\u0119 w \u017cy\u0142ach i wspomnienia na ca\u0142e \u017cycie. Zatem chwy\u0107 wios\u0142o, za\u0142\u00f3\u017c sprz\u0119t ochronny i przygotuj si\u0119 na podb\u00f3j bystrzy Antalyi!<\/p>\n<p style=\"text-align: center;\"><img loading=\"lazy\" decoding=\"async\" class=\"alignnone size-medium wp-image-28806\" src=\"https:\/\/holidayexcursion.com\/wp-content\/uploads\/2021\/10\/Alanya-rafting-tour-300x200.webp\" alt=\"\" width=\"300\" height=\"200\" title=\"\" srcset=\"https:\/\/holidayexcursion.com\/wp-content\/uploads\/2021\/10\/Alanya-rafting-tour-300x200.webp 300w, https:\/\/holidayexcursion.com\/wp-content\/uploads\/2021\/10\/Alanya-rafting-tour-1024x682.webp 1024w, https:\/\/holidayexcursion.com\/wp-content\/uploads\/2021\/10\/Alanya-rafting-tour-768x512.webp 768w, https:\/\/holidayexcursion.com\/wp-content\/uploads\/2021\/10\/Alanya-rafting-tour-600x400.webp 600w, https:\/\/holidayexcursion.com\/wp-content\/uploads\/2021\/10\/Alanya-rafting-tour.webp 1295w\" sizes=\"auto, (max-width: 300px) 100vw, 300px\" \/><\/p>\n<div style=\"text-align: center;\"><strong>FL\u0130SACTWO PROGRAM SPLYWU PO ALANY\u0130:<\/strong><\/div>\n<div style=\"text-align: center;\">* Odbi\u00f3r z hoteli i apartament\u00f3w w Alanyi i okolicach<\/div>\n<div style=\"text-align: center;\">* Przyjazd do Kanionu Koprulu<\/div>\n<div style=\"text-align: center;\">* Odprawa dotycz\u0105ca sp\u0142ywu prowadzona przez profesjonalnych przewodnik\u00f3w<\/div>\n<div style=\"text-align: center;\">* Wyposa\u017canie si\u0119 w sprz\u0119t do raftingu<\/div>\n<div style=\"text-align: center;\">* Dojazd do punktu pocz\u0105tkowego (podr\u00f3\u017c wynosi 7 km i trwa oko\u0142o 15 minut) przed rozpocz\u0119ciem sp\u0142ywu b\u0119dzie mo\u017cliwo\u015b\u0107 odwiedzenia mostu rzymskiego, zrobienia zdj\u0119\u0107 i k\u0105pieli<\/div>\n<div style=\"text-align: center;\">* Nast\u0119pnie pierwsza cz\u0119\u015b\u0107 sp\u0142ywu trwa 10 km i jest nadzorowana przez naszych do\u015bwiadczonych, profesjonalnych przewodnik\u00f3w<\/div>\n<div style=\"text-align: center;\">* Nast\u0119pnie przerwa na lunch w restauracji nad rzek\u0105<\/div>\n<div style=\"text-align: center;\">* Po obiedzie rozpoczynamy ostatnie 3,6 km sp\u0142ywu<\/div>\n<div style=\"text-align: center;\">* Kiedy dotrzemy do stacji ko\u0144cowej, b\u0119dzie mo\u017cliwo\u015b\u0107 obejrzenia zdj\u0119\u0107 i film\u00f3w zrobionych po drodze. B\u0119dzie je mo\u017cna kupi\u0107 na pami\u0105tk\u0119 swojej przygody, je\u015bli sobie tego \u017cyczysz<\/div>\n<div style=\"text-align: center;\">* Dow\u00f3z do Twoich hoteli i apartament\u00f3w w Alanyi.<\/div>\n<div style=\"text-align: center;\"><\/div>\n<div style=\"text-align: center;\">\n<div><strong>CENA ZAWIERA:<\/strong><\/div>\n<div>* Odbi\u00f3r\/dow\u00f3z z hoteli i apartament\u00f3w w Alanyi i okolicach.<\/div>\n<div>* Obiad, Przewodnik, instruktorzy, G\u0142\u00f3wne wyposa\u017cenie (kask, kamizelka ratunkowa, \u0142\u00f3d\u017a)<\/div>\n<div><\/div>\n<div><strong>OPCJONALNE DODATKI:<\/strong><\/div>\n<div>* Napoje, zdj\u0119cia, DVD<\/div>\n<\/div>\n<div style=\"text-align: center;\"><\/div>\n<div style=\"text-align: center;\"><\/div>\n<div style=\"text-align: center;\"><strong>DODATKOWE INFORMACJE I WSKAZ\u00d3WKI:<\/strong><\/div>\n<div style=\"text-align: center;\">* Na sp\u0142ywie nie mog\u0105 bra\u0107 udzia\u0142u dzieci poni\u017cej 3. roku \u017cycia oraz kobiety w ci\u0105\u017cy<\/div>\n<div style=\"text-align: center;\">* Zabierz ze sob\u0105 kostiumy k\u0105pielowe, buty do wody, sanda\u0142y, bikini, r\u0119cznik, krem \u200b\u200b\u200b\u200bdo opalania i jeszcze jedn\u0105 sp\u00f3dniczk\u0119<\/div>\n<div style=\"text-align: center;\">* No\u015b odpowiednie buty, kt\u00f3re nie \u015blizgaj\u0105 si\u0119 \u0142atwo w wodzie. Mo\u017cesz go tak\u017ce wypo\u017cyczy\u0107 lub kupi\u0107, korzystaj\u0105c z naszego przewodnika.<\/div>\n<div style=\"text-align: center;\">*Prosimy nie zabiera\u0107 ze sob\u0105 warto\u015bciowych rzeczy i metalowych akcesori\u00f3w (kolczyk\u00f3w, naszyjnik\u00f3w itp.). Mo\u017cesz po prostu wzi\u0105\u0107 troch\u0119 pieni\u0119dzy na napoje, zdj\u0119cia i filmy.<\/div>\n<p style=\"font-weight: 400; text-align: center;\">Dost\u0119pne w Antalyi, Alanyi, Side, Manavgat, Belek. Aby uzyska\u0107 dok\u0142adny czas odbioru, skontaktuj si\u0119 z nami.<\/p>\n<p style=\"text-align: center;\">\u017byczymy Pa\u0144stwu niezapomnianych wspomnie\u0144 z wakacji w Alanyi w Turcji.<\/p>\n<p style=\"text-align: center;\">Ps: Aby uzyska\u0107 wi\u0119cej informacji, mo\u017cesz r\u00f3wnie\u017c skontaktowa\u0107 si\u0119 przez aplikacj\u0119 Whats lub wiadomo\u015b\u0107.<\/p>\n<p style=\"text-align: center;\">Wakacyjny Zesp\u00f3\u0142 Wycieczkowy,<\/p>\n<p><iframe loading=\"lazy\" title=\"Rafting k\u00f6pr\u00fcl\u00fc canyon, T\u00fcrkei Region Antalya\" width=\"1020\" height=\"765\" src=\"https:\/\/www.youtube.com\/embed\/Sl9b6UKi2T8?feature=oembed\" frameborder=\"0\" allow=\"accelerometer; autoplay; clipboard-write; encrypted-media; gyroscope; picture-in-picture; web-share\" allowfullscreen><\/iframe><\/p>\n<p><iframe loading=\"lazy\" title=\"K\u00f6pr\u00fcl\u00fc Kanyon \/ Manavgat \/ Antalya\" width=\"1020\" height=\"765\" src=\"https:\/\/www.youtube.com\/embed\/Xxng1g1PrdE?feature=oembed\" frameborder=\"0\" allow=\"accelerometer; autoplay; clipboard-write; encrypted-media; gyroscope; picture-in-picture; web-share\" allowfullscreen><\/iframe><\/p>\n","protected":false},"excerpt":{"rendered":"<p>Flisactwo Podbij kaskady i we\u017a udzia\u0142 w przygodzie: flisactwo w Antalyi Przygotuj si\u0119 na pe\u0142n\u0105 adrenaliny przygod\u0119, zag\u0142\u0119biaj\u0105c si\u0119 w ekscytuj\u0105cy \u015bwiat Antalya flisactwo. Po\u0142o\u017cony w\u015br\u00f3d malowniczych krajobraz\u00f3w tureckiego wybrze\u017ca Morza \u015ar\u00f3dziemnego, to popularne miejsce oferuje niezapomniane wra\u017cenia mi\u0142o\u015bnikom wypoczynku na \u015bwie\u017cym powietrzu i poszukiwaczom przyg\u00f3d. Podczas tej wakacyjnej wycieczki zabierzemy Ci\u0119 w wirtualn\u0105 podr\u00f3\u017c<\/p>\n","protected":false},"featured_media":4275,"comment_status":"open","ping_status":"closed","template":"","meta":[],"product_brand":[],"product_cat":[107],"product_tag":[],"class_list":{"0":"post-5317","1":"product","2":"type-product","3":"status-publish","4":"has-post-thumbnail","6":"product_cat-wycieczki","8":"first","9":"instock","10":"virtual","11":"sold-individually","12":"purchasable","13":"product-type-booking"},"_links":{"self":[{"href":"https:\/\/holidayexcursion.com\/pl\/wp-json\/wp\/v2\/product\/5317","targetHints":{"allow":["GET"]}}],"collection":[{"href":"https:\/\/holidayexcursion.com\/pl\/wp-json\/wp\/v2\/product"}],"about":[{"href":"https:\/\/holidayexcursion.com\/pl\/wp-json\/wp\/v2\/types\/product"}],"replies":[{"embeddable":true,"href":"https:\/\/holidayexcursion.com\/pl\/wp-json\/wp\/v2\/comments?post=5317"}],"wp:featuredmedia":[{"embeddable":true,"href":"https:\/\/holidayexcursion.com\/pl\/wp-json\/wp\/v2\/media\/4275"}],"wp:attachment":[{"href":"https:\/\/holidayexcursion.com\/pl\/wp-json\/wp\/v2\/media?parent=5317"}],"wp:term":[{"taxonomy":"product_brand","embeddable":true,"href":"https:\/\/holidayexcursion.com\/pl\/wp-json\/wp\/v2\/product_brand?post=5317"},{"taxonomy":"product_cat","embeddable":true,"href":"https:\/\/holidayexcursion.com\/pl\/wp-json\/wp\/v2\/product_cat?post=5317"},{"taxonomy":"product_tag","embeddable":true,"href":"https:\/\/holidayexcursion.com\/pl\/wp-json\/wp\/v2\/product_tag?post=5317"}],"curies":[{"name":"wp","href":"https:\/\/api.w.org\/{rel}","templated":true}]}}