{"id":5320,"date":"2021-10-06T01:47:10","date_gmt":"2021-12-06T22:07:47","guid":{"rendered":"http:\/\/holidayexcursion.com\/excursions-in-alanya\/bez-kategorii\/wycieczka-do-akwarium-w-antalyi\/"},"modified":"2023-12-05T22:57:13","modified_gmt":"2023-12-05T19:57:13","slug":"akwarium-w-antalyi","status":"publish","type":"product","link":"https:\/\/holidayexcursion.com\/pl\/tours-in-alanya\/wycieczki\/akwarium-w-antalyi\/","title":{"rendered":"Wycieczka do akwarium w Antalyi"},"content":{"rendered":"<h2 style=\"text-align: center;\">WYCIECZKA DO AKWARIUM W ANTALYI<\/h2>\n<p style=\"text-align: center;\">Zanurz si\u0119 w czaruj\u0105ce g\u0142\u0119biny: zwiedzanie akwarium w Antalyi<\/p>\n<p style=\"text-align: center;\">Zanurz si\u0119 w \u015bwiecie inspiruj\u0105cym \u017cycie morskie w Akwarium w Antalyi, hipnotyzuj\u0105cym miejscu po\u0142o\u017conym na przepi\u0119knym tureckim wybrze\u017cu Morza \u015ar\u00f3dziemnego. Oferuj\u0105c wyj\u0105tkowe po\u0142\u0105czenie edukacji, rozrywki i przygody, wycieczka do akwarium w Antalyi zapewnia niezapomniane wra\u017cenia dla go\u015bci w ka\u017cdym wieku. Wyruszmy w wirtualn\u0105 podr\u00f3\u017c po cudach, jakie czekaj\u0105 na t\u0119 fascynuj\u0105c\u0105 atrakcj\u0119.<\/p>\n<p style=\"text-align: center;\"><img loading=\"lazy\" decoding=\"async\" class=\"alignnone size-medium wp-image-28731\" src=\"https:\/\/holidayexcursion.com\/wp-content\/uploads\/2021\/10\/Antalya-Akvaryum-Turu-3-300x195.jpeg\" alt=\"\" width=\"300\" height=\"195\" title=\"\" srcset=\"https:\/\/holidayexcursion.com\/wp-content\/uploads\/2021\/10\/Antalya-Akvaryum-Turu-3-300x195.jpeg 300w, https:\/\/holidayexcursion.com\/wp-content\/uploads\/2021\/10\/Antalya-Akvaryum-Turu-3-600x389.jpeg 600w, https:\/\/holidayexcursion.com\/wp-content\/uploads\/2021\/10\/Antalya-Akvaryum-Turu-3.jpeg 735w\" sizes=\"auto, (max-width: 300px) 100vw, 300px\" \/><\/p>\n<p style=\"text-align: center;\">1. Spektakularny podwodny raj:<\/p>\n<p style=\"text-align: center;\">Wejd\u017a do hipnotyzuj\u0105cego \u015bwiata podczas zwiedzania <a href=\"https:\/\/www.antalyaaquarium.com\/Tr\/Anasayfa\" rel=\"nofollow noopener\" target=\"_blank\">akwarium w Antalyi<\/a>, kt\u00f3re szczyci si\u0119 jednym z najwi\u0119kszych akwari\u00f3w tunelowych na \u015bwiecie. Przygotuj si\u0119 na zapieraj\u0105ce dech w piersiach podwodne widoki, kt\u00f3re Ci\u0119 otaczaj\u0105, przechodz\u0105c przez przezroczysty tunel, ods\u0142aniaj\u0105c kalejdoskop t\u0119tni\u0105cego \u017cyciem \u017cycia morskiego. Od osza\u0142amiaj\u0105cych raf koralowych po majestatyczne rekiny, <a href=\"https:\/\/holidayexcursion.com\/tours-in-alanya\/tours\/diving-tour\/\">\u017c\u00f3\u0142wie<\/a> i niezliczone gatunki ryb tropikalnych \u2013 eksponaty w akwarium w Antalyi zapewniaj\u0105 ekscytuj\u0105cy wgl\u0105d w urzekaj\u0105cy ekosystem pod falami.<\/p>\n<p style=\"text-align: center;\"><img loading=\"lazy\" decoding=\"async\" class=\"alignnone size-medium wp-image-28725\" src=\"https:\/\/holidayexcursion.com\/wp-content\/uploads\/2021\/10\/antalya-akvaryum-300x200.jpg\" alt=\"\" width=\"300\" height=\"200\" title=\"\" srcset=\"https:\/\/holidayexcursion.com\/wp-content\/uploads\/2021\/10\/antalya-akvaryum-300x200.jpg 300w, https:\/\/holidayexcursion.com\/wp-content\/uploads\/2021\/10\/antalya-akvaryum-600x400.jpg 600w, https:\/\/holidayexcursion.com\/wp-content\/uploads\/2021\/10\/antalya-akvaryum.jpg 669w\" sizes=\"auto, (max-width: 300px) 100vw, 300px\" \/><\/p>\n<p style=\"text-align: center;\">2. Edukacyjno informacyjne:<\/p>\n<p style=\"text-align: center;\">Wycieczka do akwarium w Antalyi wykracza poza zwyk\u0142\u0105 rozrywk\u0119, zapewniaj\u0105c odwiedzaj\u0105cym do\u015bwiadczenie edukacyjne i informacyjne. Dzi\u0119ki interaktywnym wystawom, oznakowaniu informacyjnym i kompetentnemu personelowi dowiesz si\u0119 o ochronie \u015brodowiska morskiego, znaczeniu ochrony siedlisk wodnych oraz fascynuj\u0105cych zachowaniach i adaptacjach r\u00f3\u017cnych stworze\u0144 morskich. Odkryj cuda delikatnej r\u00f3wnowagi oceanu i zyskaj nowe uznanie dla wysi\u0142k\u00f3w \u015brodowiskowych niezb\u0119dnych do jego ochrony.<\/p>\n<p style=\"text-align: center;\"><img loading=\"lazy\" decoding=\"async\" class=\"size-medium wp-image-4026\" src=\"https:\/\/holidayexcursion.com\/wp-content\/uploads\/2021\/10\/antalya-aquarium-1-150x150.webp\" alt=\"akwarium w Antalyi\" width=\"300\" height=\"300\" title=\"\" srcset=\"https:\/\/holidayexcursion.com\/wp-content\/uploads\/2021\/10\/antalya-aquarium-1-150x150.webp 150w, https:\/\/holidayexcursion.com\/wp-content\/uploads\/2021\/10\/antalya-aquarium-1-300x300.webp 300w, https:\/\/holidayexcursion.com\/wp-content\/uploads\/2021\/10\/antalya-aquarium-1-768x768.webp 768w, https:\/\/holidayexcursion.com\/wp-content\/uploads\/2021\/10\/antalya-aquarium-1-1024x1024.webp 1024w, https:\/\/holidayexcursion.com\/wp-content\/uploads\/2021\/10\/antalya-aquarium-1-1536x1536.webp 1536w, https:\/\/holidayexcursion.com\/wp-content\/uploads\/2021\/10\/antalya-aquarium-1-600x600.webp 600w, https:\/\/holidayexcursion.com\/wp-content\/uploads\/2021\/10\/antalya-aquarium-1-100x100.webp 100w, https:\/\/holidayexcursion.com\/wp-content\/uploads\/2021\/10\/antalya-aquarium-1.webp 2000w\" sizes=\"auto, (max-width: 300px) 100vw, 300px\" \/><\/p>\n<p style=\"text-align: center;\">3. Do\u015bwiadczenia wielowymiarowe:<\/p>\n<p style=\"text-align: center;\">Akwarium w Antalyi oferuje szereg wyj\u0105tkowych i wci\u0105gaj\u0105cych wra\u017ce\u0144, zaprojektowanych z my\u015bl\u0105 o zainteresowaniach i wieku go\u015bci. Je\u015bli szukasz bardziej interaktywnej przygody, mo\u017cesz karmi\u0107 ryby, a nawet nurkowa\u0107 w wodach akwarium, aby prze\u017cy\u0107 naprawd\u0119 niezapomniane wra\u017cenia. W akwarium znajduj\u0105 si\u0119 tak\u017ce specjalne atrakcje, takie jak projekcje film\u00f3w 3D, \u015bnie\u017cny \u015bwiat i tematyczny sklep z pami\u0105tkami, dzi\u0119ki czemu ka\u017cdy znajdzie co\u015b dla siebie.<\/p>\n<p style=\"text-align: center;\"><img loading=\"lazy\" decoding=\"async\" class=\"size-medium wp-image-4029\" src=\"https:\/\/holidayexcursion.com\/wp-content\/uploads\/2021\/10\/antalya-aquarium-4-150x150.webp\" alt=\"akwarium w Antalyi\" width=\"300\" height=\"300\" title=\"\" srcset=\"https:\/\/holidayexcursion.com\/wp-content\/uploads\/2021\/10\/antalya-aquarium-4-150x150.webp 150w, https:\/\/holidayexcursion.com\/wp-content\/uploads\/2021\/10\/antalya-aquarium-4-300x300.webp 300w, https:\/\/holidayexcursion.com\/wp-content\/uploads\/2021\/10\/antalya-aquarium-4-768x768.webp 768w, https:\/\/holidayexcursion.com\/wp-content\/uploads\/2021\/10\/antalya-aquarium-4-1024x1024.webp 1024w, https:\/\/holidayexcursion.com\/wp-content\/uploads\/2021\/10\/antalya-aquarium-4-1536x1536.webp 1536w, https:\/\/holidayexcursion.com\/wp-content\/uploads\/2021\/10\/antalya-aquarium-4-600x600.webp 600w, https:\/\/holidayexcursion.com\/wp-content\/uploads\/2021\/10\/antalya-aquarium-4-100x100.webp 100w, https:\/\/holidayexcursion.com\/wp-content\/uploads\/2021\/10\/antalya-aquarium-4.webp 2000w\" sizes=\"auto, (max-width: 300px) 100vw, 300px\" \/><\/p>\n<p style=\"text-align: center;\">4. Rozkosz zmys\u0142owa:<\/p>\n<p style=\"text-align: center;\">Przemierzaj\u0105c akwarium w Antalyi, przygotuj si\u0119 na zaanga\u017cowanie wszystkich zmys\u0142\u00f3w. Podziwiaj \u017cywe kolory \u017cycia morskiego, s\u0142uchaj delikatnych d\u017awi\u0119k\u00f3w podwodnego \u015bwiata i przenie\u015b si\u0119 do innej krainy spokoju, obserwuj\u0105c pe\u0142ne wdzi\u0119ku ruchy wodnych mieszka\u0144c\u00f3w. Po\u0142\u0105czenie grafiki, d\u017awi\u0119k\u00f3w i atmosfery zapewni Ci wra\u017cenia zmys\u0142owe jak \u017cadne inne..<\/p>\n<p style=\"text-align: center;\">5. Udogodnienia przyjazne dla go\u015bci:<\/p>\n<p style=\"text-align: center;\">Wycieczka do akwarium w Antalyi zosta\u0142a zaprojektowana tak, aby zapewni\u0107 go\u015bciom komfort i wygod\u0119. Zawiera dost\u0119pne \u015bcie\u017cki, miejsca do wypoczynku i r\u00f3\u017cne lokale gastronomiczne, kt\u00f3re zaspokoj\u0105 g\u0142\u00f3d po dniu sp\u0119dzonym na eksploracjin. Obiekt spe\u0142nia wysokie standardy bezpiecze\u0144stwa, zapewniaj\u0105c wszystkim bezproblemowy i przyjemny wypoczynek.<\/p>\n<p style=\"text-align: center;\"><img loading=\"lazy\" decoding=\"async\" class=\"alignnone size-medium wp-image-28737\" src=\"https:\/\/holidayexcursion.com\/wp-content\/uploads\/2021\/10\/Antalya-Aquarium-Trip-9-300x150.jpg\" alt=\"\" width=\"300\" height=\"150\" title=\"\" srcset=\"https:\/\/holidayexcursion.com\/wp-content\/uploads\/2021\/10\/Antalya-Aquarium-Trip-9-300x150.jpg 300w, https:\/\/holidayexcursion.com\/wp-content\/uploads\/2021\/10\/Antalya-Aquarium-Trip-9-768x384.jpg 768w, https:\/\/holidayexcursion.com\/wp-content\/uploads\/2021\/10\/Antalya-Aquarium-Trip-9-600x300.jpg 600w, https:\/\/holidayexcursion.com\/wp-content\/uploads\/2021\/10\/Antalya-Aquarium-Trip-9.jpg 900w\" sizes=\"auto, (max-width: 300px) 100vw, 300px\" \/><\/p>\n<p style=\"text-align: center;\">Wycieczka do akwarium w Antalyi oferuje urzekaj\u0105ce i wci\u0105gaj\u0105ce wra\u017cenia, pozwalaj\u0105ce odwiedzaj\u0105cym odkrywa\u0107 g\u0142\u0119biny podwodnego \u015bwiata bez zmoczenia. Od wspania\u0142ych eksponat\u00f3w po tre\u015bci edukacyjne \u2013 ka\u017cdy znajdzie tu co\u015b, z czego b\u0119dzie m\u00f3g\u0142 si\u0119 cieszy\u0107 i czego si\u0119 uczy\u0107. Wyrusz w podr\u00f3\u017c przez to urokliwe miejsce i pozw\u00f3l, aby Akwarium w Antalyi pozostawi\u0142o Ci\u0119 zainspirowanym, pe\u0142nym podziwu i g\u0142\u0119bszym zrozumieniem znaczenia ochrony \u015brodowiska morskiego. Zatem zanurz si\u0119 i stw\u00f3rz niezapomniane wspomnienia w tej niezwyk\u0142ej atrakcjin.<\/p>\n<p style=\"text-align: center;\">Przejd\u017a przez 131 metr\u00f3w podwodnych tuneli<\/p>\n<p style=\"text-align: center;\">Zobacz jedno z najwi\u0119kszych akwari\u00f3w na \u015bwiecie, w kt\u00f3rym znajduje si\u0119 ponad 40 eksponat\u00f3w<\/p>\n<p style=\"text-align: center;\">Zobacz najwi\u0119ksz\u0105 dekoracj\u0119 rafy koralowej na \u015bwiecie<\/p>\n<p style=\"text-align: center;\">Przegl\u0105d<\/p>\n<p style=\"text-align: center;\">Najwi\u0119kszy kompleks akwariowy na \u015bwiecie, Antalya Aquarium, oferuje jednocze\u015bnie inspiracj\u0119, rozrywk\u0119 i edukacj\u0119.<\/p>\n<p style=\"text-align: center;\">Czego oczekiwa\u0107<\/p>\n<p style=\"text-align: center;\">Jako jeden z najwi\u0119kszych kompleks\u00f3w akwariowych na \u015bwiecie, Antalya Aquarium oferuje jednocze\u015bnie inspiracj\u0119, rozrywk\u0119 i edukacj\u0119.<br \/>\nAkwarium oferuje kilka sekcji tematycznych, dzi\u0119ki kt\u00f3rym Twoja podr\u00f3\u017c b\u0119dzie bardziej ekscytuj\u0105ca i niezapomniana. Ocean Indyjski, Morze Czerwone, Ocean Atlantycki i Ocean Spokojny witaj\u0105 Ci\u0119 w postaci 4 akwari\u00f3w tematycznych. Przyk\u0142ady podwodnego \u017cycia w prowincji Antalya i jej okolicach mo\u017cna zobaczy\u0107 w du\u017cym, cylindrycznym akwarium po lewej stronie i w otaczaj\u0105cych je ma\u0142ych akwarium.<\/p>\n<p><img loading=\"lazy\" decoding=\"async\" class=\"size-medium wp-image-4031\" src=\"https:\/\/holidayexcursion.com\/wp-content\/uploads\/2021\/10\/antalya-aquarium-6-150x150.webp\" alt=\"akwarium w Antalyi\" width=\"300\" height=\"300\" title=\"\" srcset=\"https:\/\/holidayexcursion.com\/wp-content\/uploads\/2021\/10\/antalya-aquarium-6-150x150.webp 150w, https:\/\/holidayexcursion.com\/wp-content\/uploads\/2021\/10\/antalya-aquarium-6-300x300.webp 300w, https:\/\/holidayexcursion.com\/wp-content\/uploads\/2021\/10\/antalya-aquarium-6-768x768.webp 768w, https:\/\/holidayexcursion.com\/wp-content\/uploads\/2021\/10\/antalya-aquarium-6-1024x1024.webp 1024w, https:\/\/holidayexcursion.com\/wp-content\/uploads\/2021\/10\/antalya-aquarium-6-1536x1536.webp 1536w, https:\/\/holidayexcursion.com\/wp-content\/uploads\/2021\/10\/antalya-aquarium-6-600x600.webp 600w, https:\/\/holidayexcursion.com\/wp-content\/uploads\/2021\/10\/antalya-aquarium-6-100x100.webp 100w, https:\/\/holidayexcursion.com\/wp-content\/uploads\/2021\/10\/antalya-aquarium-6.webp 2000w\" sizes=\"auto, (max-width: 300px) 100vw, 300px\" \/><\/p>\n<p style=\"text-align: center;\">Nast\u0119pnie zobacz niesamowite stworzenia zamieszkuj\u0105ce rzeki \u015bwiata (rzeki azjatyckie, Nil i Amazonka). Dalej natkniesz si\u0119 na sekcj\u0119 Tropical Reef. Mo\u017cna tu przyjrze\u0107 si\u0119 \u017cywym koralom, b\u0142azenkom, konikom morskim, lwiom, o\u015bmiornicom i olbrzymim murenom. Ostatnim przystankiem sekcji tematycznej jest zbiornik z rekinami. Mo\u017cesz nawet z\u0142apa\u0107 okresy karmienia rekin\u00f3w, kt\u00f3re odbywaj\u0105 si\u0119 regularnie ka\u017cdego dnia.<\/p>\n<p style=\"text-align: center;\"><img loading=\"lazy\" decoding=\"async\" class=\"size-medium wp-image-4030\" src=\"https:\/\/holidayexcursion.com\/wp-content\/uploads\/2021\/10\/antalya-aquarium-5-150x150.webp\" alt=\"akwarium w Antalyi\" width=\"300\" height=\"300\" title=\"\" srcset=\"https:\/\/holidayexcursion.com\/wp-content\/uploads\/2021\/10\/antalya-aquarium-5-150x150.webp 150w, https:\/\/holidayexcursion.com\/wp-content\/uploads\/2021\/10\/antalya-aquarium-5-300x300.webp 300w, https:\/\/holidayexcursion.com\/wp-content\/uploads\/2021\/10\/antalya-aquarium-5-768x768.webp 768w, https:\/\/holidayexcursion.com\/wp-content\/uploads\/2021\/10\/antalya-aquarium-5-1024x1024.webp 1024w, https:\/\/holidayexcursion.com\/wp-content\/uploads\/2021\/10\/antalya-aquarium-5-1536x1536.webp 1536w, https:\/\/holidayexcursion.com\/wp-content\/uploads\/2021\/10\/antalya-aquarium-5-600x600.webp 600w, https:\/\/holidayexcursion.com\/wp-content\/uploads\/2021\/10\/antalya-aquarium-5-100x100.webp 100w, https:\/\/holidayexcursion.com\/wp-content\/uploads\/2021\/10\/antalya-aquarium-5.webp 2000w\" sizes=\"auto, (max-width: 300px) 100vw, 300px\" \/><\/p>\n<p style=\"text-align: center;\">Po zwiedzeniu 40 akwari\u00f3w tematycznych natkniesz si\u0119 na najwi\u0119ksze akwarium tunelowe na \u015bwiecie. Pierwsza cz\u0119\u015b\u0107 tunelu przedstawia jedn\u0105 z najwi\u0119kszych dekoracji tropikalnych raf na \u015bwiecie. Druga cz\u0119\u015b\u0107 tunelu opisuje Atlantyd\u0119 zatopionego miasta i motywy \u015br\u00f3dziemnomorskie, a nast\u0119pnie prowadzi do punktu obserwacyjnego wraku pirat\u00f3w.<\/p>\n<p style=\"text-align: center;\">Mo\u017cesz zmieni\u0107 swoj\u0105 wizyt\u0119 w Akwarium o niezapomniane wspomnienia, takie jak pami\u0105tkowe zdj\u0119cia na zielonym tle Hollywood oraz wizyt\u0119 w specjalistycznym sklepie z pami\u0105tkami (koszt w\u0142asny). Niezapomnianych wra\u017ce\u0144 mo\u017cna r\u00f3wnie\u017c do\u015bwiadczy\u0107, lepi\u0105c kule \u015bnie\u017cne z prawdziwego \u015bniegu w Snow World, lub wyruszy\u0107 w podr\u00f3\u017c po\u015br\u00f3d najbardziej truj\u0105cych, kolorowych i interesuj\u0105cych gatunk\u00f3w \u015bwiata w tropikalnym domu gad\u00f3w w Wild Park. Mo\u017cesz nawet \u017ceglowa\u0107 po morzach \u015bwiata dzi\u0119ki technologii film\u00f3w wielowymiarowych w Oceanride XD Cinema.<\/p>\n<p style=\"text-align: center;\"><img loading=\"lazy\" decoding=\"async\" class=\"size-medium wp-image-4028\" src=\"https:\/\/holidayexcursion.com\/wp-content\/uploads\/2021\/10\/antalya-aquarium-3-150x150.webp\" alt=\"akwarium w Antalyi\" width=\"300\" height=\"300\" title=\"\" srcset=\"https:\/\/holidayexcursion.com\/wp-content\/uploads\/2021\/10\/antalya-aquarium-3-150x150.webp 150w, https:\/\/holidayexcursion.com\/wp-content\/uploads\/2021\/10\/antalya-aquarium-3-300x300.webp 300w, https:\/\/holidayexcursion.com\/wp-content\/uploads\/2021\/10\/antalya-aquarium-3-768x768.webp 768w, https:\/\/holidayexcursion.com\/wp-content\/uploads\/2021\/10\/antalya-aquarium-3-1024x1024.webp 1024w, https:\/\/holidayexcursion.com\/wp-content\/uploads\/2021\/10\/antalya-aquarium-3-1536x1536.webp 1536w, https:\/\/holidayexcursion.com\/wp-content\/uploads\/2021\/10\/antalya-aquarium-3-600x600.webp 600w, https:\/\/holidayexcursion.com\/wp-content\/uploads\/2021\/10\/antalya-aquarium-3-100x100.webp 100w, https:\/\/holidayexcursion.com\/wp-content\/uploads\/2021\/10\/antalya-aquarium-3.webp 2000w\" sizes=\"auto, (max-width: 300px) 100vw, 300px\" \/><\/p>\n<ul style=\"text-align: center;\">\n<li>\n<div><strong>PROGRAM WYCIECZKI DO AKWAR\u0130UM W ANTALY\u0130:<\/strong><\/div>\n<div>* Odbi\u00f3r z hoteli i apartament\u00f3w w Alanyi, Transfer do Antalyi komfortowym autobusem<\/div>\n<div>* Przyjazd do akwarium w Antalyi, czas wolny w akwarium<\/div>\n<div>* Odwied\u017a muzeum twarz\u0105 w twarz, opu\u015b\u0107 akwarium i udaj si\u0119 do Alanyi<\/div>\n<div>* Dow\u00f3z do hoteli i apartament\u00f3w w Alanyi<\/div>\n<div><\/div>\n<div><strong>CENA ZAWIERA:<\/strong><\/div>\n<div>* Odbi\u00f3r\/dow\u00f3z z hoteli i apartament\u00f3w w Alanyi<\/div>\n<div>* Przewodnik, cena biletu do akwarium w Antalyi, muzeum twarz\u0105 w twarz<\/div>\n<div><\/div>\n<div><strong>OPCJONALNE DODATKI<\/strong><\/div>\n<div>* Jedzenie i napoje, Wydatki osobiste<\/div>\n<div>* Pozosta\u0142e atrakcje i op\u0142aty za muzea (dziki park, \u015bwiat \u015bniegu, muzeum lodu, kino XD)<\/div>\n<\/li>\n<li>\n<div>w kompleksie akwariowym w Antalyi<\/div>\n<div><\/div>\n<div><strong>DODATKOWE INFORMACJE I WSKAZ\u00d3WKI:<\/strong><\/div>\n<div>* W akwarium mo\u017cna robi\u0107 zdj\u0119cia. Zabierz ze sob\u0105 aparat i telefon kom\u00f3rkowy.<\/div>\n<\/li>\n<li><\/li>\n<li>\u017byczymy Ci niezapomnianych wspomnie\u0144 z wakacji w Alanyi w Turcji. Ps: Aby uzyska\u0107 wi\u0119cej informacji, mo\u017cesz r\u00f3wnie\u017c skontaktowa\u0107 si\u0119 przez aplikacj\u0119 lub przez wiadomo\u015b\u0107.Wakacyjny Zesp\u00f3\u0142 Wycieczkowy,<\/li>\n<\/ul>\n<p><iframe loading=\"lazy\" title=\"Antalya Akvaryum\" width=\"1020\" height=\"574\" src=\"https:\/\/www.youtube.com\/embed\/HAeRLqmg3IA?feature=oembed\" frameborder=\"0\" allow=\"accelerometer; autoplay; clipboard-write; encrypted-media; gyroscope; picture-in-picture; web-share\" allowfullscreen><\/iframe><\/p>\n<p><iframe loading=\"lazy\" title=\"Antalya Akvaryum tan\u0131t\u0131m filmi\" width=\"1020\" height=\"574\" src=\"https:\/\/www.youtube.com\/embed\/XglHgHKaj0A?feature=oembed\" frameborder=\"0\" allow=\"accelerometer; autoplay; clipboard-write; encrypted-media; gyroscope; picture-in-picture; web-share\" allowfullscreen><\/iframe><\/p>\n<p><iframe loading=\"lazy\" title=\"Antalya Akvaryum + dinlendirici m\u00fczik\" width=\"1020\" height=\"574\" src=\"https:\/\/www.youtube.com\/embed\/sSxBHCthYjA?feature=oembed\" frameborder=\"0\" allow=\"accelerometer; autoplay; clipboard-write; encrypted-media; gyroscope; picture-in-picture; web-share\" allowfullscreen><\/iframe><\/p>\n<p><iframe loading=\"lazy\" title=\"\ud83d\udc20 Antalya Aquarium | Antalya Homes \u00ae\" width=\"1020\" height=\"574\" src=\"https:\/\/www.youtube.com\/embed\/ywzTPXWKtR8?feature=oembed\" frameborder=\"0\" allow=\"accelerometer; autoplay; clipboard-write; encrypted-media; gyroscope; picture-in-picture; web-share\" allowfullscreen><\/iframe><\/p>\n","protected":false},"excerpt":{"rendered":"<p>WYCIECZKA DO AKWARIUM W ANTALYI Zanurz si\u0119 w czaruj\u0105ce g\u0142\u0119biny: zwiedzanie akwarium w Antalyi Zanurz si\u0119 w \u015bwiecie inspiruj\u0105cym \u017cycie morskie w Akwarium w Antalyi, hipnotyzuj\u0105cym miejscu po\u0142o\u017conym na przepi\u0119knym tureckim wybrze\u017cu Morza \u015ar\u00f3dziemnego. Oferuj\u0105c wyj\u0105tkowe po\u0142\u0105czenie edukacji, rozrywki i przygody, wycieczka do akwarium w Antalyi zapewnia niezapomniane wra\u017cenia dla go\u015bci w ka\u017cdym wieku. Wyruszmy<\/p>\n","protected":false},"featured_media":4437,"comment_status":"open","ping_status":"closed","template":"","meta":[],"product_brand":[],"product_cat":[107],"product_tag":[],"class_list":{"0":"post-5320","1":"product","2":"type-product","3":"status-publish","4":"has-post-thumbnail","6":"product_cat-wycieczki","8":"first","9":"instock","10":"virtual","11":"sold-individually","12":"purchasable","13":"product-type-booking"},"_links":{"self":[{"href":"https:\/\/holidayexcursion.com\/pl\/wp-json\/wp\/v2\/product\/5320","targetHints":{"allow":["GET"]}}],"collection":[{"href":"https:\/\/holidayexcursion.com\/pl\/wp-json\/wp\/v2\/product"}],"about":[{"href":"https:\/\/holidayexcursion.com\/pl\/wp-json\/wp\/v2\/types\/product"}],"replies":[{"embeddable":true,"href":"https:\/\/holidayexcursion.com\/pl\/wp-json\/wp\/v2\/comments?post=5320"}],"wp:featuredmedia":[{"embeddable":true,"href":"https:\/\/holidayexcursion.com\/pl\/wp-json\/wp\/v2\/media\/4437"}],"wp:attachment":[{"href":"https:\/\/holidayexcursion.com\/pl\/wp-json\/wp\/v2\/media?parent=5320"}],"wp:term":[{"taxonomy":"product_brand","embeddable":true,"href":"https:\/\/holidayexcursion.com\/pl\/wp-json\/wp\/v2\/product_brand?post=5320"},{"taxonomy":"product_cat","embeddable":true,"href":"https:\/\/holidayexcursion.com\/pl\/wp-json\/wp\/v2\/product_cat?post=5320"},{"taxonomy":"product_tag","embeddable":true,"href":"https:\/\/holidayexcursion.com\/pl\/wp-json\/wp\/v2\/product_tag?post=5320"}],"curies":[{"name":"wp","href":"https:\/\/api.w.org\/{rel}","templated":true}]}}