{"id":5327,"date":"2021-10-05T17:30:00","date_gmt":"2021-12-06T22:07:51","guid":{"rendered":"http:\/\/holidayexcursion.com\/excursions-in-alanya\/bez-kategorii\/wycieczka-jeepem-w-alanyi\/"},"modified":"2023-12-07T00:03:15","modified_gmt":"2023-12-06T21:03:15","slug":"jeep-safari","status":"publish","type":"product","link":"https:\/\/holidayexcursion.com\/pl\/tours-in-alanya\/wycieczki\/jeep-safari\/","title":{"rendered":"jeep safari"},"content":{"rendered":"<p style=\"text-align: center;\"><strong>JEEP SAFAR\u0130 <\/strong><\/p>\n<p style=\"text-align: center;\">\u201eUwolnij swojego ducha przyg\u00f3d: \u200b\u200bsafari jeepami w Alanyi z wycieczk\u0105 wakacyjn\u0105<\/p>\n<p style=\"text-align: center;\">Je\u015bli jeste\u015b poszukiwaczem mocnych wra\u017ce\u0144 i pragniesz niezwyk\u0142ych wra\u017ce\u0144, nie szukaj dalej ni\u017c ekscytuj\u0105ce jeep safari w Alanyi. Po\u0142o\u017cona po\u015br\u00f3d niesamowitego pi\u0119kna Riwiery Tureckiej, Alanya oferuje mn\u00f3stwo nier\u00f3wnych teren\u00f3w i osza\u0142amiaj\u0105cych krajobraz\u00f3w do odkrycia. Wskocz na pok\u0142ad solidnego Jeepa 4&#215;4 i przygotuj si\u0119 na niezapomnian\u0105 przygod\u0119 przez malownicze g\u00f3ry, urocze wioski i ukryte cuda natury. Podczas tej wakacyjnej wycieczki zabierzemy Ci\u0119 w niesamowit\u0105 podr\u00f3\u017c, zag\u0142\u0119biaj\u0105c si\u0119 w emocje i urok wycieczek jeep safari w Alanyi.<\/p>\n<p style=\"text-align: center;\"><img loading=\"lazy\" decoding=\"async\" class=\"alignnone size-medium wp-image-29163\" src=\"https:\/\/holidayexcursion.com\/wp-content\/uploads\/2021\/10\/Jeep-safari-Holiday-excursion-alanya-300x247.jpg\" alt=\"\" width=\"300\" height=\"247\" title=\"\" srcset=\"https:\/\/holidayexcursion.com\/wp-content\/uploads\/2021\/10\/Jeep-safari-Holiday-excursion-alanya-300x247.jpg 300w, https:\/\/holidayexcursion.com\/wp-content\/uploads\/2021\/10\/Jeep-safari-Holiday-excursion-alanya-1024x843.jpg 1024w, https:\/\/holidayexcursion.com\/wp-content\/uploads\/2021\/10\/Jeep-safari-Holiday-excursion-alanya-768x632.jpg 768w, https:\/\/holidayexcursion.com\/wp-content\/uploads\/2021\/10\/Jeep-safari-Holiday-excursion-alanya-1536x1265.jpg 1536w, https:\/\/holidayexcursion.com\/wp-content\/uploads\/2021\/10\/Jeep-safari-Holiday-excursion-alanya-600x494.jpg 600w, https:\/\/holidayexcursion.com\/wp-content\/uploads\/2021\/10\/Jeep-safari-Holiday-excursion-alanya.jpg 1700w\" sizes=\"auto, (max-width: 300px) 100vw, 300px\" \/><\/p>\n<p style=\"text-align: center;\">Off-Roading przez dziewicze pi\u0119kno:<br \/>\nWycieczki jeep safari po Alanyi to doskona\u0142y spos\u00f3b na ucieczk\u0119 od utartych \u015bcie\u017cek i odkrycie nieokie\u0142znanego pi\u0119kna regionu. Poczuj dreszczyk emocji zwi\u0105zany z jazd\u0105 w terenie, gdy Tw\u00f3j wykwalifikowany kierowca pokonuje nier\u00f3wny teren, zabieraj\u0105c Ci\u0119 w g\u0142\u0105b natury. Przemierzaj zakurzone szlaki, podbijaj strome zbocza i zanurz si\u0119 w zapieraj\u0105cej dech w piersiach scenerii g\u00f3r Taurus.<\/p>\n<p style=\"text-align: center;\">Odkryj ukryte klejnoty:<br \/>\nWycieczki te oferuj\u0105 wyj\u0105tkow\u0105 okazj\u0119 do odkrycia ukrytych skarb\u00f3w, kt\u00f3re s\u0105 poza zasi\u0119giem turyst\u00f3w. Wybierz si\u0119 do uroczych, tradycyjnych wiosek, gdzie mo\u017cesz by\u0107 \u015bwiadkiem tradycyjnego stylu \u017cycia i wchodzi\u0107 w interakcje z przyjaznymi mieszka\u0144cami. Zatrzymaj si\u0119 w tradycyjnych tureckich kawiarniach, znanych jako \u201ekahvehane\u201d, aby delektowa\u0107 si\u0119 fili\u017cank\u0105 bogatej kawy po turecku i odda\u0107 si\u0119 rozmowom o lokalnej kulturze i tradycjach.<\/p>\n<p style=\"text-align: center;\"><img loading=\"lazy\" decoding=\"async\" class=\"alignnone size-medium wp-image-29169\" src=\"https:\/\/holidayexcursion.com\/wp-content\/uploads\/2021\/10\/jeep-safari-holiday-excursion-300x160.jpg\" alt=\"\" width=\"300\" height=\"160\" title=\"\" srcset=\"https:\/\/holidayexcursion.com\/wp-content\/uploads\/2021\/10\/jeep-safari-holiday-excursion-300x160.jpg 300w, https:\/\/holidayexcursion.com\/wp-content\/uploads\/2021\/10\/jeep-safari-holiday-excursion-1024x547.jpg 1024w, https:\/\/holidayexcursion.com\/wp-content\/uploads\/2021\/10\/jeep-safari-holiday-excursion-768x410.jpg 768w, https:\/\/holidayexcursion.com\/wp-content\/uploads\/2021\/10\/jeep-safari-holiday-excursion-600x321.jpg 600w, https:\/\/holidayexcursion.com\/wp-content\/uploads\/2021\/10\/jeep-safari-holiday-excursion.jpg 1200w\" sizes=\"auto, (max-width: 300px) 100vw, 300px\" \/><\/p>\n<p style=\"text-align: center;\">Urzekaj\u0105ce cuda natury:<br \/>\nWycieczki jeep safari po Alanyi zabior\u0105 Ci\u0119 do inspiruj\u0105cych cud\u00f3w natury, kt\u00f3re pozostawiaj\u0105 niezatarte wra\u017cenie. Przygotuj si\u0119 na zaskoczenie urzekaj\u0105cym pi\u0119knem <a href=\"https:\/\/en.wikipedia.org\/wiki\/Dim_River\" rel=\"nofollow noopener\" target=\"_blank\">Doliny Dim,<\/a> znanej ze szmaragdowo-zielonej rzeki, bujnej ro\u015blinno\u015bci i kaskadowych wodospad\u00f3w. Zanurz si\u0119 w orze\u017awiaj\u0105cych naturalnych basenach i po prostu zrelaksuj si\u0119 w cieniu staro\u017cytnych platan\u00f3w.<\/p>\n<p style=\"text-align: center;\">Przygoda dla wszystkich:<br \/>\nNiezale\u017cnie od tego, czy jeste\u015b wytrawnym mi\u0142o\u015bnikiem adrenaliny, czy rodzin\u0105 szukaj\u0105c\u0105 wyj\u0105tkowej przygody, wycieczki jeep safari w Alanyi zadowol\u0105 ka\u017cdego podr\u00f3\u017cnika. Dost\u0119pnych jest wiele opcji wycieczek, od ekscytuj\u0105cych wycieczek terenowych po bardziej spokojne trasy, kt\u00f3re oferuj\u0105 idealne po\u0142\u0105czenie przygody i relaksu. Mo\u017cesz mie\u0107 pewno\u015b\u0107, \u017ce bezpiecze\u0144stwo jest najwy\u017cszym priorytetem, poniewa\u017c do\u015bwiadczeni przewodnicy b\u0119d\u0105 Ci towarzyszy\u0107 przez ca\u0142\u0105 podr\u00f3\u017c, zapewniaj\u0105c ka\u017cdemu bezproblemowe i przyjemne do\u015bwiadczenie.<\/p>\n<p style=\"text-align: center;\"><img loading=\"lazy\" decoding=\"async\" class=\"alignnone size-medium wp-image-29175\" src=\"https:\/\/holidayexcursion.com\/wp-content\/uploads\/2021\/10\/jeep-safari-holiday-excursion1-300x186.jpg\" alt=\"\" width=\"300\" height=\"186\" title=\"\" srcset=\"https:\/\/holidayexcursion.com\/wp-content\/uploads\/2021\/10\/jeep-safari-holiday-excursion1-300x186.jpg 300w, https:\/\/holidayexcursion.com\/wp-content\/uploads\/2021\/10\/jeep-safari-holiday-excursion1-600x373.jpg 600w, https:\/\/holidayexcursion.com\/wp-content\/uploads\/2021\/10\/jeep-safari-holiday-excursion1.jpg 700w\" sizes=\"auto, (max-width: 300px) 100vw, 300px\" \/><\/p>\n<p style=\"text-align: center;\">Wzgl\u0119dy praktyczne:<br \/>\nAby jak najlepiej wykorzysta\u0107 wycieczk\u0119 jeep safari w Alanyi, zapoznaj si\u0119 z kilkoma praktycznymi wskaz\u00f3wkami. Ubierz si\u0119 wygodnie, u\u017cywaj kremu z filtrem przeciws\u0142onecznym i nie zapomnij zabra\u0107 ze sob\u0105 kapelusza i okular\u00f3w przeciws\u0142onecznych, aby chroni\u0107 si\u0119 przed s\u0142o\u0144cem. Wskazane jest noszenie ma\u0142ego plecaka z niezb\u0119dnymi rzeczami, takimi jak woda, przek\u0105ski i aparat, aby uchwyci\u0107 te niesamowite widoki. Wi\u0119kszo\u015b\u0107 wycieczek zapewnia odbi\u00f3r i dow\u00f3z z miejsca zakwaterowania, wi\u0119c przygotuj si\u0119 na wczesny start i ca\u0142y dzie\u0144 pe\u0142en przyg\u00f3d.<\/p>\n<p style=\"text-align: center;\">Wycieczki jeepem <a href=\"https:\/\/holidayexcursion.com\/tours-in-alanya\/tours\/quad-safari-tour\/\">safari<\/a> w Alanyi oferuj\u0105 ekscytuj\u0105c\u0105 eskapad\u0119 do nieokie\u0142znanego pi\u0119kna Riwiery Tureckiej. Przygotuj si\u0119 na przygod\u0119 terenow\u0105, kt\u00f3ra poprowadzi Ci\u0119 przez surowe g\u00f3ry, urocze wioski i hipnotyzuj\u0105ce cuda natury. Niezale\u017cnie od tego, czy szukasz adrenaliny, czy wyj\u0105tkowych prze\u017cy\u0107 kulturalnych, wycieczki jeepami w Alanyi zapewni\u0105 niezapomnian\u0105 podr\u00f3\u017c pe\u0142n\u0105 emocji, zapieraj\u0105cych dech w piersiach krajobraz\u00f3w i wspomnie\u0144, kt\u00f3re zostan\u0105 na ca\u0142e \u017cycie.<\/p>\n<p><img loading=\"lazy\" decoding=\"async\" class=\"size-medium wp-image-4086\" src=\"https:\/\/holidayexcursion.com\/wp-content\/uploads\/2021\/10\/alanya-jeep-safari-6-300x202.webp\" alt=\"jeep safari w alanyi\" width=\"300\" height=\"202\" title=\"\" srcset=\"https:\/\/holidayexcursion.com\/wp-content\/uploads\/2021\/10\/alanya-jeep-safari-6-300x202.webp 300w, https:\/\/holidayexcursion.com\/wp-content\/uploads\/2021\/10\/alanya-jeep-safari-6.webp 512w\" sizes=\"auto, (max-width: 300px) 100vw, 300px\" \/><\/p>\n<div style=\"text-align: center;\"><\/div>\n<div style=\"text-align: center;\"><strong>PROGRAM WYCIECZKI SAFARI JEEPEM DO ALANYI:<\/strong><\/div>\n<div style=\"text-align: center;\">* Odbi\u00f3r z hoteli\/apartament\u00f3w w Alanyi jeepami Landrover<\/div>\n<div style=\"text-align: center;\">* Do\u0142\u0105cz do innych naszych jeep\u00f3w safari na naszej stacji<\/div>\n<div style=\"text-align: center;\">* Rozpocz\u0119cie safari i jazda w\u015br\u00f3d wiosek i ogrod\u00f3w owocowych (pomara\u0144cza, cytryna, banan).<\/div>\n<div style=\"text-align: center;\">* Wizyta nad ma\u0142ym wodospadem w pobli\u017cu rzeki Obacai i przerwa na zdj\u0119cia<\/div>\n<div style=\"text-align: center;\">* Jed\u017a w g\u00f3ry Taurus.<\/div>\n<div style=\"text-align: center;\">* Przerwa na zdj\u0119cia w g\u00f3rach i fantastyczny widok na miasto Alanya.<\/div>\n<div style=\"text-align: center;\">* Wizyta w tureckim domu wiejskim, uzyskanie informacji o \u017cyciu na wsi i zabawna rozrywka<\/div>\n<div style=\"text-align: center;\">* Odwiedzanie meczetu w wiosce i uzyskiwanie informacji o meczecie i religii islamu.<\/div>\n<div style=\"text-align: center;\">* Jed\u017a do Doliny Dim.<\/div>\n<div style=\"text-align: center;\">* Jed\u017a do Doliny Dim.<\/div>\n<div style=\"text-align: center;\">* Lunch, relaks, k\u0105piel w rzece Dim\u00e7ay (oko\u0142o 2 godziny)<\/div>\n<div style=\"text-align: center;\">* Zwiedzanie jaskini Dim (opcjonalnie)<\/div>\n<div style=\"text-align: center;\">* Dow\u00f3z do Twoich hoteli i apartament\u00f3w w Alanyi.<\/div>\n<div style=\"text-align: center;\"><\/div>\n<div style=\"text-align: center;\">\n<div><strong>CENA ZAWIERA:<\/strong><\/div>\n<div>* Odbi\u00f3r\/dow\u00f3z z hoteli i apartament\u00f3w w Alanyi<\/div>\n<div>*Przewodnik, Lunch (grillowana ryba lub kurczak, sa\u0142atka, ry\u017c) (dost\u0119pne jest r\u00f3wnie\u017c menu wegetaria\u0144skie)<\/div>\n<\/div>\n<div style=\"text-align: center;\"><\/div>\n<div style=\"text-align: center;\"><strong>OPCJONALNE DODATKI:<\/strong><\/div>\n<div style=\"text-align: center;\">* Napoje, zdj\u0119cia, DVD<\/div>\n<div style=\"text-align: center;\"><\/div>\n<div style=\"text-align: center;\"><strong>DODATKOWE INFORMACJE I WSKAZ\u00d3WKI:<\/strong><\/div>\n<div style=\"text-align: center;\">* W przypadku zakurzonych g\u00f3r za\u0142\u00f3\u017c odpowiedni\u0105 sukienk\u0119 i buty.<\/div>\n<div style=\"text-align: center;\">* Je\u015bli chcesz pop\u0142ywa\u0107 w rzece Dimcay, zabierz ze sob\u0105 str\u00f3j k\u0105pielowy i r\u0119cznik.<\/div>\n<div style=\"text-align: center;\">* Mamy serwis fotograficzny, ale je\u015bli chcesz, mo\u017cesz zabra\u0107 ze sob\u0105 w\u0142asny aparat.<\/div>\n<div style=\"text-align: center;\">* Wycieczka jeepem safari po Alanyi jest odpowiednia r\u00f3wnie\u017c dla rodzin z dzie\u0107mi. Mog\u0105 do\u0142\u0105czy\u0107 i spokojnie cieszy\u0107 si\u0119 wycieczk\u0105 jeep safari.<\/div>\n<div style=\"text-align: center;\">* Nasi kierowcy Jeepa to profesjonali\u015bci z wieloletnim do\u015bwiadczeniem w prowadzeniu pojazd\u00f3w<\/div>\n<p style=\"text-align: center;\">\u017byczymy Pa\u0144stwu niezapomnianych wspomnie\u0144 z wakacji w Alanyi w Turcji.<\/p>\n<p style=\"text-align: center;\">Ps: Aby uzyska\u0107 wi\u0119cej informacji, mo\u017cesz r\u00f3wnie\u017c skontaktowa\u0107 si\u0119 przez aplikacj\u0119 Whats lub wiadomo\u015b\u0107.<\/p>\n<p style=\"text-align: center;\">Wakacyjny Zesp\u00f3\u0142 Wycieczkowy,<\/p>\n<p><iframe loading=\"lazy\" title=\"TURKEY ALANYA JEEP SAFARI TRIP AMAZING SHOT WITH GOPRO HERO4 SILVER!\" width=\"1020\" height=\"574\" src=\"https:\/\/www.youtube.com\/embed\/2gmaPW0dBc0?feature=oembed\" frameborder=\"0\" allow=\"accelerometer; autoplay; clipboard-write; encrypted-media; gyroscope; picture-in-picture; web-share\" allowfullscreen><\/iframe><\/p>\n<p><iframe loading=\"lazy\" title=\"Jeep Safari Alanya\" width=\"1020\" height=\"765\" src=\"https:\/\/www.youtube.com\/embed\/_5-fRldw9EI?feature=oembed\" frameborder=\"0\" allow=\"accelerometer; autoplay; clipboard-write; encrypted-media; gyroscope; picture-in-picture; web-share\" allowfullscreen><\/iframe><\/p>\n<p><iframe loading=\"lazy\" title=\"Jeep Safari  Alanya Turkije  Juli 2011.wmv\" width=\"1020\" height=\"765\" src=\"https:\/\/www.youtube.com\/embed\/StuNFz_ZIlA?feature=oembed\" frameborder=\"0\" allow=\"accelerometer; autoplay; clipboard-write; encrypted-media; gyroscope; picture-in-picture; web-share\" allowfullscreen><\/iframe><\/p>\n<p><iframe loading=\"lazy\" title=\"Alanya \/ Turkey - JEEP SAFARI 2013\" width=\"1020\" height=\"574\" src=\"https:\/\/www.youtube.com\/embed\/ONrty33NjUM?feature=oembed\" frameborder=\"0\" allow=\"accelerometer; autoplay; clipboard-write; encrypted-media; gyroscope; picture-in-picture; web-share\" allowfullscreen><\/iframe><\/p>\n","protected":false},"excerpt":{"rendered":"<p>JEEP SAFAR\u0130 \u201eUwolnij swojego ducha przyg\u00f3d: \u200b\u200bsafari jeepami w Alanyi z wycieczk\u0105 wakacyjn\u0105 Je\u015bli jeste\u015b poszukiwaczem mocnych wra\u017ce\u0144 i pragniesz niezwyk\u0142ych wra\u017ce\u0144, nie szukaj dalej ni\u017c ekscytuj\u0105ce jeep safari w Alanyi. Po\u0142o\u017cona po\u015br\u00f3d niesamowitego pi\u0119kna Riwiery Tureckiej, Alanya oferuje mn\u00f3stwo nier\u00f3wnych teren\u00f3w i osza\u0142amiaj\u0105cych krajobraz\u00f3w do odkrycia. Wskocz na pok\u0142ad solidnego Jeepa 4&#215;4 i przygotuj<\/p>\n","protected":false},"featured_media":4245,"comment_status":"open","ping_status":"closed","template":"","meta":[],"product_brand":[],"product_cat":[107],"product_tag":[],"class_list":{"0":"post-5327","1":"product","2":"type-product","3":"status-publish","4":"has-post-thumbnail","6":"product_cat-wycieczki","8":"first","9":"instock","10":"virtual","11":"sold-individually","12":"purchasable","13":"product-type-booking"},"_links":{"self":[{"href":"https:\/\/holidayexcursion.com\/pl\/wp-json\/wp\/v2\/product\/5327","targetHints":{"allow":["GET"]}}],"collection":[{"href":"https:\/\/holidayexcursion.com\/pl\/wp-json\/wp\/v2\/product"}],"about":[{"href":"https:\/\/holidayexcursion.com\/pl\/wp-json\/wp\/v2\/types\/product"}],"replies":[{"embeddable":true,"href":"https:\/\/holidayexcursion.com\/pl\/wp-json\/wp\/v2\/comments?post=5327"}],"wp:featuredmedia":[{"embeddable":true,"href":"https:\/\/holidayexcursion.com\/pl\/wp-json\/wp\/v2\/media\/4245"}],"wp:attachment":[{"href":"https:\/\/holidayexcursion.com\/pl\/wp-json\/wp\/v2\/media?parent=5327"}],"wp:term":[{"taxonomy":"product_brand","embeddable":true,"href":"https:\/\/holidayexcursion.com\/pl\/wp-json\/wp\/v2\/product_brand?post=5327"},{"taxonomy":"product_cat","embeddable":true,"href":"https:\/\/holidayexcursion.com\/pl\/wp-json\/wp\/v2\/product_cat?post=5327"},{"taxonomy":"product_tag","embeddable":true,"href":"https:\/\/holidayexcursion.com\/pl\/wp-json\/wp\/v2\/product_tag?post=5327"}],"curies":[{"name":"wp","href":"https:\/\/api.w.org\/{rel}","templated":true}]}}