{"id":5344,"date":"2021-10-06T00:38:58","date_gmt":"2021-12-06T22:07:53","guid":{"rendered":"http:\/\/holidayexcursion.com\/excursions-in-alanya\/bez-kategorii\/alanya-jeep-safari-w-kanionie-sapadere\/"},"modified":"2024-03-01T03:37:32","modified_gmt":"2024-03-01T00:37:32","slug":"kanion-sapadere","status":"publish","type":"product","link":"https:\/\/holidayexcursion.com\/pl\/tours-in-alanya\/wycieczki\/kanion-sapadere\/","title":{"rendered":"KANION SAPADERE"},"content":{"rendered":"<h2 style=\"text-align: center;\">KANION SAPADERE<\/h2>\n<p style=\"text-align: center;\">Odkryj cud natury: wycieczka po <a href=\"https:\/\/holidayexcursion.com\/tours-in-alanya\/tours\/green-canyon\/\">kanion <\/a>Sapadere<\/p>\n<p style=\"text-align: center;\">W samym sercu Antalyi w Turcji le\u017cy ukryty klejnot czekaj\u0105cy na odkrycie &#8211; urzekaj\u0105cy Kanion Sapadere. W ramach tej wakacyjnej wycieczki zapraszamy Ci\u0119 do wirtualnej wycieczki po s\u0142ynnym Kanionie Sapadere i zag\u0142\u0119bienia si\u0119 w niezr\u00f3wnane pi\u0119kno i spok\u00f3j, jakie ma do zaoferowania ten cud natury.<\/p>\n<p style=\"text-align: center;\">1. Rzut oka na raj:<\/p>\n<p style=\"text-align: center;\">Kanion Sapadere to zapieraj\u0105cy dech w piersiach cud natury, znany ze swojej czaruj\u0105cej atmosfery i nietkni\u0119tego pi\u0119kna. Z dala od zgie\u0142ku miasta, ta spokojna oaza oferuje odwiedzaj\u0105cym szans\u0119 na ponowne po\u0142\u0105czenie si\u0119 z natur\u0105, poczucie spokoju i zanurzenie si\u0119 w \u015bwiecie odleg\u0142ym od codziennych zaj\u0119\u0107.<\/p>\n<p style=\"text-align: center;\"><img loading=\"lazy\" decoding=\"async\" class=\"alignnone size-medium wp-image-29041\" src=\"https:\/\/holidayexcursion.com\/wp-content\/uploads\/2021\/10\/sapadere-canyon-holiday-excursion-300x170.jpeg\" alt=\"\" width=\"300\" height=\"170\" title=\"\" srcset=\"https:\/\/holidayexcursion.com\/wp-content\/uploads\/2021\/10\/sapadere-canyon-holiday-excursion-300x170.jpeg 300w, https:\/\/holidayexcursion.com\/wp-content\/uploads\/2021\/10\/sapadere-canyon-holiday-excursion-768x434.jpeg 768w, https:\/\/holidayexcursion.com\/wp-content\/uploads\/2021\/10\/sapadere-canyon-holiday-excursion-600x339.jpeg 600w, https:\/\/holidayexcursion.com\/wp-content\/uploads\/2021\/10\/sapadere-canyon-holiday-excursion.jpeg 800w\" sizes=\"auto, (max-width: 300px) 100vw, 300px\" \/><\/p>\n<p style=\"text-align: center;\">2. Podr\u00f3\u017c w czasie:<\/p>\n<p style=\"text-align: center;\">Wyruszaj\u0105c na wycieczk\u0119 po kanion Sapadere, zostaniesz przeniesiony w podr\u00f3\u017c w czasie, podczas kt\u00f3rej staro\u017cytne si\u0142y geologiczne wyrze\u017abi\u0142y wspania\u0142y w\u0105w\u00f3z przez miliony lat. Rezultatem jest osza\u0142amiaj\u0105cy pokaz wysokich formacji skalnych, kaskadowych wodospad\u00f3w i bujnej ro\u015blinno\u015bci, zapewniaj\u0105cy naprawd\u0119 inspiruj\u0105cy widok na ka\u017cdym kroku.<\/p>\n<p style=\"text-align: center;\">3. Cuda wewn\u0105trz:<\/p>\n<p style=\"text-align: center;\">Wyruszaj\u0105c w g\u0142\u0105b Kanion Sapadere, odkryjesz szereg fascynuj\u0105cych cech, kt\u00f3re czyni\u0105 to miejsce naprawd\u0119 wyj\u0105tkowym. Spaceruj kr\u0119t\u0105 drewnian\u0105 \u015bcie\u017ck\u0105, kt\u00f3ra prowadzi przez serce kanionu, pozwalaj\u0105c w pe\u0142ni doceni\u0107 jego wielko\u015b\u0107 i podziwia\u0107 cuda natury. Przygotuj si\u0119 na dostrze\u017cenie przeb\u0142ysk\u00f3w krystalicznie czystej turkusowej wody, ukrytych jaski\u0144 i malowniczych miejsc, idealnych do kontaktu z natur\u0105 lub robienia niesamowitych zdj\u0119\u0107.<\/p>\n<p style=\"text-align: center;\"><img loading=\"lazy\" decoding=\"async\" class=\"alignnone size-medium wp-image-29035\" src=\"https:\/\/holidayexcursion.com\/wp-content\/uploads\/2021\/10\/alanya-sapadere-canyon-holiday-excursion-300x225.jpeg\" alt=\"\" width=\"300\" height=\"225\" title=\"\" srcset=\"https:\/\/holidayexcursion.com\/wp-content\/uploads\/2021\/10\/alanya-sapadere-canyon-holiday-excursion-300x225.jpeg 300w, https:\/\/holidayexcursion.com\/wp-content\/uploads\/2021\/10\/alanya-sapadere-canyon-holiday-excursion-768x576.jpeg 768w, https:\/\/holidayexcursion.com\/wp-content\/uploads\/2021\/10\/alanya-sapadere-canyon-holiday-excursion-600x450.jpeg 600w, https:\/\/holidayexcursion.com\/wp-content\/uploads\/2021\/10\/alanya-sapadere-canyon-holiday-excursion.jpeg 800w\" sizes=\"auto, (max-width: 300px) 100vw, 300px\" \/><\/p>\n<p style=\"text-align: center;\">4. Orze\u017awiaj\u0105ce wodospady i mo\u017cliwo\u015bci p\u0142ywania:<\/p>\n<p style=\"text-align: center;\">Jedn\u0105 z g\u0142\u00f3wnych atrakcji wycieczki po Alanya kanion Sapadere jest spotkanie z orze\u017awiaj\u0105cymi wodospadami sp\u0142ywaj\u0105cymi kaskad\u0105 po ska\u0142ach. Szum p\u0142yn\u0105cej wody i ch\u0142odz\u0105ca mg\u0142a tworz\u0105 orze\u017awiaj\u0105c\u0105 oaz\u0119 w kanionie, zach\u0119caj\u0105c go\u015bci do zrobienia sobie przerwy i rozkoszowania si\u0119 otaczaj\u0105cym ich pi\u0119knem. K\u0105piel w dziewiczych basenach pod wodospadami to niezapomniane prze\u017cycie, daj\u0105ce szans\u0119 od\u015bwie\u017cenia si\u0119 i odm\u0142odzenia w tym czaruj\u0105cym otoczeniu.<\/p>\n<p style=\"text-align: center;\"><img loading=\"lazy\" decoding=\"async\" class=\"alignnone size-medium wp-image-29047\" src=\"https:\/\/holidayexcursion.com\/wp-content\/uploads\/2021\/10\/sapadere-kanyonu-alanya-224x300.jpg\" alt=\"\" width=\"224\" height=\"300\" title=\"\" srcset=\"https:\/\/holidayexcursion.com\/wp-content\/uploads\/2021\/10\/sapadere-kanyonu-alanya-224x300.jpg 224w, https:\/\/holidayexcursion.com\/wp-content\/uploads\/2021\/10\/sapadere-kanyonu-alanya.jpg 600w\" sizes=\"auto, (max-width: 224px) 100vw, 224px\" \/><\/p>\n<p style=\"text-align: center;\">5. Zanurzenie si\u0119 w lokalnej kulturze:<\/p>\n<p style=\"text-align: center;\">Opr\u00f3cz naturalnego splendoru, wizyta w\u00a0 Alanya kanion Sapadere oferuje tak\u017ce mo\u017cliwo\u015b\u0107 zanurzenia si\u0119 w lokalnej kulturze i tradycjach regionu. Odwied\u017a poblisk\u0105 wiosk\u0119 Sapadere, poznaj przyjaznych mieszka\u0144c\u00f3w i b\u0105d\u017a \u015bwiadkiem tradycyjnego \u017cycia na wsi. Pr\u00f3buj lokalnej kuchni, anga\u017cuj si\u0119 w rozmowy i ciesz si\u0119 go\u015bcinno\u015bci\u0105 ludzi, wzmacniaj\u0105c g\u0142\u0119bszy zwi\u0105zek z miejscem i jego dziedzictwem.<\/p>\n<p style=\"text-align: center;\">Podr\u00f3\u017c do <a href=\"https:\/\/en.wikipedia.org\/wiki\/Alanya\" rel=\"nofollow noopener\" target=\"_blank\">Alanya<\/a> kanion Sapadere to zaproszenie do odkrywania cud\u00f3w natury i zanurzenia si\u0119 w spokojnym i zapieraj\u0105cym dech w piersiach otoczeniu. Ten ukryty raj ukazuje surowe pi\u0119kno Antalyi w Turcji, oferuj\u0105c odwiedzaj\u0105cym ucieczk\u0119 od zwyczajno\u015bci i szans\u0119 na ponowne po\u0142\u0105czenie si\u0119 ze \u015bwiatem przyrody. Dzi\u0119ki osza\u0142amiaj\u0105cym formom skalnym, kaskadom wodospad\u00f3w i spokojnej atmosferze Kanion Sapadere to miejsce, kt\u00f3re pozostawia niezatarte wra\u017cenie i nadal urzeka serca wszystkich, kt\u00f3rzy zapuszczaj\u0105 si\u0119 w jego g\u0142\u0119biny. Przygotuj si\u0119 wi\u0119c na wycieczk\u0119 po kanionie Sapadere i daj si\u0119 zaskoczy\u0107 wspania\u0142o\u015bci\u0105, jak\u0105 ma do zaoferowania natura.<\/p>\n<p style=\"text-align: center;\"><img loading=\"lazy\" decoding=\"async\" class=\"alignnone size-medium wp-image-29053\" src=\"https:\/\/holidayexcursion.com\/wp-content\/uploads\/2021\/10\/sapadere-kanyonu-alanya-1-300x177.jpg\" alt=\"\" width=\"300\" height=\"177\" title=\"\" srcset=\"https:\/\/holidayexcursion.com\/wp-content\/uploads\/2021\/10\/sapadere-kanyonu-alanya-1-300x177.jpg 300w, https:\/\/holidayexcursion.com\/wp-content\/uploads\/2021\/10\/sapadere-kanyonu-alanya-1-600x353.jpg 600w, https:\/\/holidayexcursion.com\/wp-content\/uploads\/2021\/10\/sapadere-kanyonu-alanya-1.jpg 696w\" sizes=\"auto, (max-width: 300px) 100vw, 300px\" \/><\/p>\n<div style=\"text-align: center;\">CENA ZAWIERA:<\/div>\n<div style=\"text-align: center;\">Odbi\u00f3r i odbi\u00f3r w hotelu?<\/div>\n<div style=\"text-align: center;\">Przewodnictwo<\/div>\n<div style=\"text-align: center;\">Lunch (grillowana ryba lub kurczak, sa\u0142atki, makaron lub ry\u017c)<\/div>\n<div style=\"text-align: center;\">Opcja transportu wygodnym klimatyzowanym minibusem lub Jeepem Land Roverem 4&#215;4<\/div>\n<div style=\"text-align: center;\">\n<p>Wej\u015bcie do kanionu Sapadere<\/p>\n<div>CENA NIE ZAWIERA:<\/div>\n<div>Napoje<\/div>\n<div>Wej\u015bcie do jaskini (opcjonalnie i 3 \u20ac)<\/div>\n<div>DODATKOWE INFORMACJE I WSKAZ\u00d3WKI:<\/div>\n<div>Ch\u0119tnie przyjmiemy p\u0142atno\u015b\u0107 got\u00f3wk\u0105 w autobusie i jeepie do naszego przewodnika,<\/div>\n<div>Mo\u017cesz zabra\u0107 ze sob\u0105 str\u00f3j k\u0105pielowy.<\/div>\n<div>\n<p>\u017byczymy Pa\u0144stwu niezapomnianych wspomnie\u0144 z wakacji w Alanyi w Turcji.<\/p>\n<p>Ps: Aby uzyska\u0107 wi\u0119cej informacji, mo\u017cesz r\u00f3wnie\u017c skontaktowa\u0107 si\u0119 przez aplikacj\u0119 Whats lub wiadomo\u015b\u0107.<\/p>\n<p>Wakacyjny Zesp\u00f3\u0142 Wycieczkowy,<\/p>\n<\/div>\n<div><\/div>\n<div>\n<p><iframe loading=\"lazy\" title=\"Alanya jeep Safari - Sapadere Canyon Waterfalls\" width=\"1020\" height=\"574\" src=\"https:\/\/www.youtube.com\/embed\/6L4b0J8mW0Y?feature=oembed\" frameborder=\"0\" allow=\"accelerometer; autoplay; clipboard-write; encrypted-media; gyroscope; picture-in-picture; web-share\" allowfullscreen><\/iframe><\/p>\n<\/div>\n<\/div>\n<div style=\"text-align: center;\"><\/div>\n<div style=\"text-align: center;\">\n<p><iframe loading=\"lazy\" title=\"Alanya  Sapadere Canyon waterfall swimming\" width=\"1020\" height=\"574\" src=\"https:\/\/www.youtube.com\/embed\/WsmpHLpioDY?feature=oembed\" frameborder=\"0\" allow=\"accelerometer; autoplay; clipboard-write; encrypted-media; gyroscope; picture-in-picture; web-share\" allowfullscreen><\/iframe><\/p>\n<\/div>\n<p><iframe loading=\"lazy\" title=\"No. VIII - Sapadere Canyon (Turkey) (1440p@60fps)\" width=\"1020\" height=\"574\" src=\"https:\/\/www.youtube.com\/embed\/YylN7kz8PTw?feature=oembed\" frameborder=\"0\" allow=\"accelerometer; autoplay; clipboard-write; encrypted-media; gyroscope; picture-in-picture; web-share\" allowfullscreen><\/iframe><\/p>\n","protected":false},"excerpt":{"rendered":"<p>KANION SAPADERE Odkryj cud natury: wycieczka po kanion Sapadere W samym sercu Antalyi w Turcji le\u017cy ukryty klejnot czekaj\u0105cy na odkrycie &#8211; urzekaj\u0105cy Kanion Sapadere. W ramach tej wakacyjnej wycieczki zapraszamy Ci\u0119 do wirtualnej wycieczki po s\u0142ynnym Kanionie Sapadere i zag\u0142\u0119bienia si\u0119 w niezr\u00f3wnane pi\u0119kno i spok\u00f3j, jakie ma do zaoferowania ten cud natury. 1.<\/p>\n","protected":false},"featured_media":4877,"comment_status":"open","ping_status":"closed","template":"","meta":[],"product_brand":[],"product_cat":[107],"product_tag":[],"class_list":{"0":"post-5344","1":"product","2":"type-product","3":"status-publish","4":"has-post-thumbnail","6":"product_cat-wycieczki","8":"first","9":"instock","10":"virtual","11":"sold-individually","12":"purchasable","13":"product-type-booking"},"_links":{"self":[{"href":"https:\/\/holidayexcursion.com\/pl\/wp-json\/wp\/v2\/product\/5344","targetHints":{"allow":["GET"]}}],"collection":[{"href":"https:\/\/holidayexcursion.com\/pl\/wp-json\/wp\/v2\/product"}],"about":[{"href":"https:\/\/holidayexcursion.com\/pl\/wp-json\/wp\/v2\/types\/product"}],"replies":[{"embeddable":true,"href":"https:\/\/holidayexcursion.com\/pl\/wp-json\/wp\/v2\/comments?post=5344"}],"wp:featuredmedia":[{"embeddable":true,"href":"https:\/\/holidayexcursion.com\/pl\/wp-json\/wp\/v2\/media\/4877"}],"wp:attachment":[{"href":"https:\/\/holidayexcursion.com\/pl\/wp-json\/wp\/v2\/media?parent=5344"}],"wp:term":[{"taxonomy":"product_brand","embeddable":true,"href":"https:\/\/holidayexcursion.com\/pl\/wp-json\/wp\/v2\/product_brand?post=5344"},{"taxonomy":"product_cat","embeddable":true,"href":"https:\/\/holidayexcursion.com\/pl\/wp-json\/wp\/v2\/product_cat?post=5344"},{"taxonomy":"product_tag","embeddable":true,"href":"https:\/\/holidayexcursion.com\/pl\/wp-json\/wp\/v2\/product_tag?post=5344"}],"curies":[{"name":"wp","href":"https:\/\/api.w.org\/{rel}","templated":true}]}}