{"id":5359,"date":"2021-09-27T14:55:34","date_gmt":"2021-12-06T22:07:56","guid":{"rendered":"http:\/\/holidayexcursion.com\/excursions-in-alanya\/bez-kategorii\/wycieczka-po-alanyi\/"},"modified":"2023-12-07T00:22:18","modified_gmt":"2023-12-06T21:22:18","slug":"alanyi","status":"publish","type":"product","link":"https:\/\/holidayexcursion.com\/pl\/tours-in-alanya\/wycieczki\/alanyi\/","title":{"rendered":"WYCIECZKA PO ALANYI I KOLEJKA LINOWA"},"content":{"rendered":"<h2 style=\"text-align: center;\"><strong>WYCIECZKA PO ALANYI I KOLEJKA LINOWA<\/strong><\/h2>\n<p style=\"text-align: center;\">Odkrywanie urok\u00f3w Alanyi: urzekaj\u0105ca wycieczka po mie\u015bcie<\/p>\n<p style=\"text-align: center;\">Wejd\u017a do czaruj\u0105cego \u015bwiata Alanyi w Turcji i wybierz si\u0119 na urzekaj\u0105c\u0105 wycieczk\u0119 po mie\u015bcie, kt\u00f3ra zanurzy Ci\u0119 w bogatej historii, t\u0119tni\u0105cej \u017cyciem kulturze i osza\u0142amiaj\u0105cych krajobrazach tego nadmorskiego klejnotu. Wycieczki po mie\u015bcie Alanyi oferuj\u0105 fantastyczn\u0105 okazj\u0119 do poznania staro\u017cytnych zabytk\u00f3w, odwiedzenia t\u0119tni\u0105cych \u017cyciem rynk\u00f3w, zag\u0142\u0119bienia si\u0119 w lokalne tradycje i rozkoszowania si\u0119 zapieraj\u0105cymi dech w piersiach widokami na <a href=\"https:\/\/en.wikipedia.org\/wiki\/Mediterranean_Sea\" rel=\"nofollow noopener\" target=\"_blank\">Morze \u015ar\u00f3dziemne<\/a>. Do\u0142\u0105cz do nas podczas tej wakacyjnej wycieczki i zabierzemy Ci\u0119 w podr\u00f3\u017c po najwa\u017cniejszych atrakcjach Alanyi i odkryjemy pi\u0119kno ukryte w jej murach miejskich.<\/p>\n<p style=\"text-align: center;\"><img loading=\"lazy\" decoding=\"async\" class=\"alignnone size-medium wp-image-29268\" src=\"https:\/\/holidayexcursion.com\/wp-content\/uploads\/2021\/09\/Alanya-city-tour-300x240.jpg\" alt=\"\" width=\"300\" height=\"240\" title=\"\" srcset=\"https:\/\/holidayexcursion.com\/wp-content\/uploads\/2021\/09\/Alanya-city-tour-300x240.jpg 300w, https:\/\/holidayexcursion.com\/wp-content\/uploads\/2021\/09\/Alanya-city-tour.jpg 500w\" sizes=\"auto, (max-width: 300px) 100vw, 300px\" \/><\/p>\n<p style=\"text-align: center;\">1. Ods\u0142oni\u0119cie skarb\u00f3w historycznych:<\/p>\n<p style=\"text-align: center;\">1. Ods\u0142oni\u0119cie skarb\u00f3w historycznych: Rozpocznij swoj\u0105 podr\u00f3\u017c od zwiedzania kultowego zamku w Alanyi, wznosz\u0105cego si\u0119 wysoko na skalistym wzg\u00f3rzu z widokiem na miasto. Ta \u015bredniowieczna twierdza oferuje panoramiczne widoki na okolic\u0119 i wgl\u0105d w przesz\u0142o\u015b\u0107 regionu. W\u0119druj\u0105c po murach zamku, podziwiaj imponuj\u0105c\u0105 architektur\u0119 i dowiedz si\u0119 o jej strategicznym znaczeniu.<\/p>\n<p style=\"text-align: center;\"><b>Alanyi<\/b>\u00a0\u2013 miasto i dystrykt w po\u0142udniowej\u00a0<a title=\"Turcja\" href=\"https:\/\/pl.wikipedia.org\/wiki\/Turcja\" rel=\"nofollow noopener\" target=\"_blank\">Turcji<\/a>, w\u00a0<a title=\"Antalya (prowincja)\" href=\"https:\/\/pl.wikipedia.org\/wiki\/Antalya_(prowincja)\" rel=\"nofollow noopener\" target=\"_blank\">prowincji Antalya<\/a>, na\u00a0<a title=\"Riwiera Turecka\" href=\"https:\/\/pl.wikipedia.org\/wiki\/Riwiera_Turecka\" rel=\"nofollow noopener\" target=\"_blank\">Riwierze Tureckiej<\/a>, nad\u00a0<a title=\"Morze \u015ar\u00f3dziemne\" href=\"https:\/\/pl.wikipedia.org\/wiki\/Morze_%C5%9Ar%C3%B3dziemne\" rel=\"nofollow noopener\" target=\"_blank\">Morzem \u015ar\u00f3dziemnym<\/a>. Od strony l\u0105du otoczona g\u00f3rami\u00a0<a title=\"Taurus (g\u00f3ry w Turcji)\" href=\"https:\/\/pl.wikipedia.org\/wiki\/Taurus_(g%C3%B3ry_w_Turcji)\" rel=\"nofollow noopener\" target=\"_blank\">Taurus<\/a>. Zlokalizowana na terenie staro\u017cytnej\u00a0<a title=\"Pamfilia\" href=\"https:\/\/pl.wikipedia.org\/wiki\/Pamfilia\" rel=\"nofollow noopener\" target=\"_blank\">Pamfilii<\/a>. Jeden z najwi\u0119kszych tureckich kurort\u00f3w wypoczynkowych, usytuowany 135\u00a0<a title=\"Kilometr\" href=\"https:\/\/pl.wikipedia.org\/wiki\/Kilometr\" rel=\"nofollow noopener\" target=\"_blank\">km<\/a>\u00a0na wsch\u00f3d od\u00a0<a title=\"Antalya\" href=\"https:\/\/pl.wikipedia.org\/wiki\/Antalya\" rel=\"nofollow noopener\" target=\"_blank\">Antalyi<\/a>. Na po\u0142udnie od centrum miasta po\u0142o\u017cony jest wysoki na blisko 250 metr\u00f3w skalny\u00a0<a title=\"P\u00f3\u0142wysep\" href=\"https:\/\/pl.wikipedia.org\/wiki\/P%C3%B3%C5%82wysep\" rel=\"nofollow noopener\" target=\"_blank\">cypel<\/a>\u00a0zamkowy. Ca\u0142y cypel by\u0142 twierdz\u0105 obronn\u0105 z trzema wie\u017cami<sup id=\"cite_ref-1\" class=\"reference\"><a href=\"https:\/\/pl.wikipedia.org\/wiki\/Alanya#cite_note-1\" rel=\"nofollow noopener\" target=\"_blank\">[<\/a><\/sup><\/p>\n<p style=\"text-align: center;\">2. Spacer po Starym Mie\u015bcie w Alanyi:<\/p>\n<p style=\"text-align: center;\">Nast\u0119pnie wejd\u017a w urocze uliczki Starego Miasta w Alanyi, znanego jako \u201eKaleici\u201d, gdzie czas wydaje si\u0119 sta\u0107 w miejscu. Spaceruj w\u0105skimi uliczkami pe\u0142nymi tradycyjnych osma\u0144skich dom\u00f3w, t\u0119tni\u0105cych \u017cyciem bazar\u00f3w i dziwacznych butik\u00f3w. Stare Miasto to skarbnica cud\u00f3w architektury, a jego uroku dodaj\u0105 takie budowle jak Czerwona Wie\u017ca i s\u0142ynna Stocznia Alanyi. Wybierz si\u0119 na spokojny spacer i wyp\u0142y\u0144 w po\u0142\u0105czenie uroku starego \u015bwiata i wp\u0142yw\u00f3w, kt\u00f3re definiuj\u0105 Kaleici.<\/p>\n<p style=\"text-align: center;\"><img loading=\"lazy\" decoding=\"async\" class=\"alignnone size-medium wp-image-29274\" src=\"https:\/\/holidayexcursion.com\/wp-content\/uploads\/2021\/09\/Alanya-mini-city-tour-holiday-excursion-300x225.jpg\" alt=\"\" width=\"300\" height=\"225\" title=\"\" srcset=\"https:\/\/holidayexcursion.com\/wp-content\/uploads\/2021\/09\/Alanya-mini-city-tour-holiday-excursion-300x225.jpg 300w, https:\/\/holidayexcursion.com\/wp-content\/uploads\/2021\/09\/Alanya-mini-city-tour-holiday-excursion-1024x768.jpg 1024w, https:\/\/holidayexcursion.com\/wp-content\/uploads\/2021\/09\/Alanya-mini-city-tour-holiday-excursion-768x576.jpg 768w, https:\/\/holidayexcursion.com\/wp-content\/uploads\/2021\/09\/Alanya-mini-city-tour-holiday-excursion-600x450.jpg 600w, https:\/\/holidayexcursion.com\/wp-content\/uploads\/2021\/09\/Alanya-mini-city-tour-holiday-excursion.jpg 1067w\" sizes=\"auto, (max-width: 300px) 100vw, 300px\" \/><\/p>\n<p style=\"text-align: center;\">3. Odkrywanie klejnot\u00f3w kulturowych:<\/p>\n<p style=\"text-align: center;\">Dziedzictwo kulturowe Alanyi jest g\u0142\u0119boko zakorzenione w jej historii i tradycjach. Podczas zwiedzania miasta koniecznie odwied\u017a Muzeum Alanyi, kt\u00f3re prezentuje imponuj\u0105c\u0105 kolekcj\u0119 artefakt\u00f3w z przesz\u0142o\u015bci regionu. Od staro\u017cytnych rzymskich rze\u017ab po mistern\u0105 ceramik\u0119 bizantyjsk\u0105 \u2013 to muzeum oferuje fascynuj\u0105cy wgl\u0105d w r\u00f3\u017cnorodne wp\u0142ywy kulturowe Alanyi.<\/p>\n<p style=\"text-align: center;\">4. Rozkoszowanie si\u0119 nadmorskim pi\u0119knem Alanyi:<\/p>\n<p style=\"text-align: center;\">Wycieczka po Alanyi nie by\u0142aby kompletna bez podziwiania zapieraj\u0105cych dech w piersiach widok\u00f3w na wybrze\u017ce. Po\u015bwi\u0119\u0107 chwil\u0119 na relaks na pla\u017cy Kleopatry, nazwanej na cze\u015b\u0107 s\u0142ynnej egipskiej kr\u00f3lowej, kt\u00f3ra podobno odwiedza\u0142a t\u0119 miejscowo\u015b\u0107. Poczuj mi\u0119kki piasek mi\u0119dzy palcami, rozkoszuj si\u0119 ciep\u0142em s\u0142o\u0144ca i podziwiaj krystalicznie czyste wody Morza \u015ar\u00f3dziemnego. Poczuj mi\u0119kki piasek mi\u0119dzy urz\u0105dzeniami, rozkoszuj si\u0119 ciep\u0142ym s\u0142o\u0144cem i krystalicznie czystym d\u017awi\u0119kiem morza.<\/p>\n<p style=\"text-align: center;\"><img loading=\"lazy\" decoding=\"async\" class=\"alignnone size-medium wp-image-29280\" src=\"https:\/\/holidayexcursion.com\/wp-content\/uploads\/2021\/09\/City-tour-alanya-kalesi-300x201.jpg\" alt=\"\" width=\"300\" height=\"201\" title=\"\" srcset=\"https:\/\/holidayexcursion.com\/wp-content\/uploads\/2021\/09\/City-tour-alanya-kalesi-300x201.jpg 300w, https:\/\/holidayexcursion.com\/wp-content\/uploads\/2021\/09\/City-tour-alanya-kalesi-768x514.jpg 768w, https:\/\/holidayexcursion.com\/wp-content\/uploads\/2021\/09\/City-tour-alanya-kalesi-600x401.jpg 600w, https:\/\/holidayexcursion.com\/wp-content\/uploads\/2021\/09\/City-tour-alanya-kalesi.jpg 1000w\" sizes=\"auto, (max-width: 300px) 100vw, 300px\" \/><\/p>\n<p style=\"text-align: center;\">Wycieczka po Alanyi jest okazj\u0105 do wyj\u015bcia poza powierzchni\u0119 tego urzekaj\u0105cego nadmorskiego miasteczka i poznania jego zabytk\u00f3w, oddania si\u0119 lokalnym tradycjom i podziwiania jego naturalnego pi\u0119kna. Od staro\u017cytnego zamku w Alanyi po t\u0119tni\u0105ce \u017cyciem rynki i wspania\u0142e pla\u017ce \u2013 ka\u017cda chwila wycieczki zapewnia niezapomniane wra\u017cenia. Zaspok\u00f3j wi\u0119c swoj\u0105 ciekawo\u015b\u0107, wyrusz na <a href=\"https:\/\/holidayexcursion.com\/excursion-in-alanya\/\">wycieczk\u0119<\/a> po Alanyi i odkryj sekrety, kt\u00f3re ukszta\u0142towa\u0142y to wspania\u0142e miejsce.<\/p>\n<p style=\"text-align: center;\"><img loading=\"lazy\" decoding=\"async\" class=\"alignnone size-medium wp-image-29286\" src=\"https:\/\/holidayexcursion.com\/wp-content\/uploads\/2021\/09\/city-tour-damlatas-magarasi-300x188.jpg\" alt=\"\" width=\"300\" height=\"188\" title=\"\" srcset=\"https:\/\/holidayexcursion.com\/wp-content\/uploads\/2021\/09\/city-tour-damlatas-magarasi-300x188.jpg 300w, https:\/\/holidayexcursion.com\/wp-content\/uploads\/2021\/09\/city-tour-damlatas-magarasi-600x376.jpg 600w, https:\/\/holidayexcursion.com\/wp-content\/uploads\/2021\/09\/city-tour-damlatas-magarasi.jpg 750w\" sizes=\"auto, (max-width: 300px) 100vw, 300px\" \/><\/p>\n<div style=\"text-align: center;\"><strong>PROGRAM WYCIECZKI PO ALANYI I KOLEJKI LINOWEJ:<\/strong><\/div>\n<div style=\"text-align: center;\">* Odbi\u00f3r z hoteli\/apartament\u00f3w w Alanyi i okolicach<\/div>\n<div style=\"text-align: center;\">* Kolejka linowa w Alanyi do zamku w Alanyi.<\/div>\n<div style=\"text-align: center;\">* Odwied\u017a jaskini\u0119 wapienn\u0105 (jaskinia Damlatash),<\/div>\n<div style=\"text-align: center;\">* Odwied\u017a pla\u017c\u0119 Kleopatry (tylko kr\u00f3tko patrz, bez p\u0142ywania)<\/div>\n<div style=\"text-align: center;\">* Taras widokowy w Alanyi.<\/div>\n<div style=\"text-align: center;\">* Transport do hoteli\/apartament\u00f3w w Alanyi i okolicach<\/div>\n<div style=\"text-align: center;\"><\/div>\n<div style=\"text-align: center;\"><strong>CENA ZAWIERA:<\/strong><\/div>\n<div style=\"text-align: center;\">* Odbi\u00f3r i dow\u00f3z z hoteli i apartament\u00f3w w Alanyi.<\/div>\n<div style=\"text-align: center;\">* Przewodnik, op\u0142ata za kolejk\u0119 linow\u0105 w Alanyi (Teleferik) = 8 \u20ac<\/div>\n<div style=\"text-align: center;\"><\/div>\n<div style=\"text-align: center;\"><strong>OPCJONALNE DODATKI:<\/strong><\/div>\n<div style=\"text-align: center;\">* Op\u0142ata za wst\u0119p do jaskini skalnej (Jaskinia Damlata\u015f) = 2 \u20ac<\/div>\n<div style=\"text-align: center;\"><\/div>\n<div style=\"text-align: center;\"><strong>DODATKOWE INFORMACJE I WSKAZ\u00d3WKI:<\/strong><\/div>\n<div style=\"text-align: center;\">* mo\u017cliwe jest r\u00f3wnie\u017c prywatne zwiedzanie miasta z prywatnym kierowc\u0105.<\/div>\n<div style=\"text-align: center;\">*Zabierz ze sob\u0105 aparat i telefon kom\u00f3rkowy.<\/div>\n<div style=\"text-align: center;\">* Kiedy w sezonie wiosenno-jesiennym jest ch\u0142odniej, zabierz kurtk\u0119, aby chroni\u0107 si\u0119 przed wiatrem.<\/div>\n<div style=\"text-align: center;\">* Kr\u00f3tka wycieczka po mie\u015bcie i kolejce linowej po Alanyi organizowana jest przez jeepy Landrover i otwarte ma\u0142e autobusy.<\/div>\n<p style=\"text-align: center;\">\u017byczymy Pa\u0144stwu niezapomnianych wspomnie\u0144 z wakacji w Alanyi w Turcji.<\/p>\n<p style=\"text-align: center;\">Ps: Aby uzyska\u0107 wi\u0119cej informacji, mo\u017cesz r\u00f3wnie\u017c skontaktowa\u0107 si\u0119 przez aplikacj\u0119 Whats lub wiadomo\u015b\u0107.<\/p>\n<p style=\"text-align: center;\">Wakacyjny Zesp\u00f3\u0142 Wycieczkowy,<\/p>\n<p><iframe loading=\"lazy\" title=\"Alanya City Center 2021(complete) - Evening walking tour in Alanya City Center, Turkey\" width=\"1020\" height=\"574\" src=\"https:\/\/www.youtube.com\/embed\/evGQxeSKxYQ?feature=oembed\" frameborder=\"0\" allow=\"accelerometer; autoplay; clipboard-write; encrypted-media; gyroscope; picture-in-picture; web-share\" allowfullscreen><\/iframe><\/p>\n<p><iframe loading=\"lazy\" title=\"ALANYA Walking Tour - Alanya Turkey (4K)\" width=\"1020\" height=\"574\" src=\"https:\/\/www.youtube.com\/embed\/T5YOw82lHuI?feature=oembed\" frameborder=\"0\" allow=\"accelerometer; autoplay; clipboard-write; encrypted-media; gyroscope; picture-in-picture; web-share\" allowfullscreen><\/iframe><\/p>\n","protected":false},"excerpt":{"rendered":"<p>WYCIECZKA PO ALANYI I KOLEJKA LINOWA Odkrywanie urok\u00f3w Alanyi: urzekaj\u0105ca wycieczka po mie\u015bcie Wejd\u017a do czaruj\u0105cego \u015bwiata Alanyi w Turcji i wybierz si\u0119 na urzekaj\u0105c\u0105 wycieczk\u0119 po mie\u015bcie, kt\u00f3ra zanurzy Ci\u0119 w bogatej historii, t\u0119tni\u0105cej \u017cyciem kulturze i osza\u0142amiaj\u0105cych krajobrazach tego nadmorskiego klejnotu. Wycieczki po mie\u015bcie Alanyi oferuj\u0105 fantastyczn\u0105 okazj\u0119 do poznania staro\u017cytnych zabytk\u00f3w, odwiedzenia<\/p>\n","protected":false},"featured_media":4487,"comment_status":"open","ping_status":"closed","template":"","meta":[],"product_brand":[],"product_cat":[107],"product_tag":[],"class_list":{"0":"post-5359","1":"product","2":"type-product","3":"status-publish","4":"has-post-thumbnail","6":"product_cat-wycieczki","8":"first","9":"instock","10":"featured","11":"virtual","12":"sold-individually","13":"purchasable","14":"product-type-booking"},"_links":{"self":[{"href":"https:\/\/holidayexcursion.com\/pl\/wp-json\/wp\/v2\/product\/5359","targetHints":{"allow":["GET"]}}],"collection":[{"href":"https:\/\/holidayexcursion.com\/pl\/wp-json\/wp\/v2\/product"}],"about":[{"href":"https:\/\/holidayexcursion.com\/pl\/wp-json\/wp\/v2\/types\/product"}],"replies":[{"embeddable":true,"href":"https:\/\/holidayexcursion.com\/pl\/wp-json\/wp\/v2\/comments?post=5359"}],"wp:featuredmedia":[{"embeddable":true,"href":"https:\/\/holidayexcursion.com\/pl\/wp-json\/wp\/v2\/media\/4487"}],"wp:attachment":[{"href":"https:\/\/holidayexcursion.com\/pl\/wp-json\/wp\/v2\/media?parent=5359"}],"wp:term":[{"taxonomy":"product_brand","embeddable":true,"href":"https:\/\/holidayexcursion.com\/pl\/wp-json\/wp\/v2\/product_brand?post=5359"},{"taxonomy":"product_cat","embeddable":true,"href":"https:\/\/holidayexcursion.com\/pl\/wp-json\/wp\/v2\/product_cat?post=5359"},{"taxonomy":"product_tag","embeddable":true,"href":"https:\/\/holidayexcursion.com\/pl\/wp-json\/wp\/v2\/product_tag?post=5359"}],"curies":[{"name":"wp","href":"https:\/\/api.w.org\/{rel}","templated":true}]}}