{"id":6377,"date":"2021-12-03T10:13:11","date_gmt":"2021-12-07T09:16:33","guid":{"rendered":"http:\/\/holidayexcursion.com\/excursions-in-alanya\/bez-kategorii\/transfer-z-lotniska-gazipasa-vip\/"},"modified":"2023-11-28T20:07:44","modified_gmt":"2023-11-28T17:07:44","slug":"lotnisko-2","status":"publish","type":"product","link":"https:\/\/holidayexcursion.com\/pl\/tours-in-alanya\/airport-transfer-pl\/lotnisko-2\/","title":{"rendered":"PRYWATNY TRANSFER Z LOTNISKA GAZ\u0130PA\u015eA"},"content":{"rendered":"<h2 style=\"text-align: center;\"><strong>PRYWATNY TRANSFER Z LOTNISKA GAZ\u0130PA\u015eA <\/strong><\/h2>\n<p style=\"text-align: center;\">Ciesz si\u0119 spersonalizowan\u0105 i bezproblemow\u0105 podr\u00f3\u017c\u0105 dzi\u0119ki prywatnemu transferowi na <a href=\"https:\/\/gzpairport.com\/tr-TR\/\" rel=\"nofollow noopener\" target=\"_blank\">lotnisko Gazipa\u015fa<\/a><\/p>\n<p style=\"text-align: center;\">Je\u015bli chodzi o podr\u00f3\u017cowanie, wygoda i komfort to kluczowe czynniki zapewniaj\u0105ce bezstresow\u0105 podr\u00f3\u017c. Prywatne transfery na lotnisko oferuj\u0105 spersonalizowan\u0105 i bezproblemow\u0105 opcj\u0119 transportu, pozwalaj\u0105c\u0105 podr\u00f3\u017cowa\u0107 stylowo i wygodnie, unikaj\u0105c typowych problem\u00f3w zwi\u0105zanych z transportem publicznym lub wsp\u00f3lnymi przejazdami. W tym artykule om\u00f3wimy zalety i uwagi zwi\u0105zane z prywatnymi transferami, podkre\u015blaj\u0105c, w jaki spos\u00f3b mog\u0105 one poprawi\u0107 Twoje wra\u017cenia z podr\u00f3\u017cy i stworzy\u0107 trwa\u0142e wspomnienia.<\/p>\n<p style=\"text-align: center;\">  <img loading=\"lazy\" decoding=\"async\" class=\"alignnone size-medium wp-image-25566\" src=\"https:\/\/holidayexcursion.com\/wp-content\/uploads\/2021\/12\/Antalya-Shuttle-transfer-1-300x169.jpg\" alt=\"\" width=\"300\" height=\"169\" title=\"\" srcset=\"https:\/\/holidayexcursion.com\/wp-content\/uploads\/2021\/12\/Antalya-Shuttle-transfer-1-300x169.jpg 300w, https:\/\/holidayexcursion.com\/wp-content\/uploads\/2021\/12\/Antalya-Shuttle-transfer-1.jpg 432w\" sizes=\"auto, (max-width: 300px) 100vw, 300px\" \/><\/p>\n<p style=\"text-align: center;\">1. Spersonalizowana us\u0142uga:<\/p>\n<p style=\"text-align: center;\">Jedn\u0105 z g\u0142\u00f3wnych zalet prywatnych <a href=\"https:\/\/holidayexcursion.com\/tours-in-alanya\/airport-transfer\/airport-4\/\">transfer\u00f3w na lotnisko<\/a> jest oferowana przez nie spersonalizowana obs\u0142uga. W przeciwie\u0144stwie do wsp\u00f3lnych transfer\u00f3w lotniskowych lub transportu publicznego, prywatne transfery lotniskowe s\u0105 przeznaczone wy\u0142\u0105cznie dla Ciebie i Twoich towarzyszy. Dedykowany kierowca i pojazd b\u0119d\u0105 do Twojej dyspozycji, zapewniaj\u0105c dostosowane do Twoich potrzeb i preferencji us\u0142ugi. Od odbioru z lotniska w <a href=\"https:\/\/en.wikipedia.org\/wiki\/Gazipa%C5%9Fa\" rel=\"nofollow noopener\" target=\"_blank\">Gazipa\u015fa<\/a> po dow\u00f3z do hotelu lub zwiedzanie lokalnych atrakcji \u2013 prywatny transfer z lotniska zapewnia pe\u0142n\u0105 kontrol\u0119 nad planem podr\u00f3\u017cy.<\/p>\n<p style=\"text-align: center;\"><img loading=\"lazy\" decoding=\"async\" class=\"alignnone size-medium wp-image-25572\" src=\"https:\/\/holidayexcursion.com\/wp-content\/uploads\/2021\/12\/Antalya-transfer-Alanya-holiday-excursion-300x272.png\" alt=\"\" width=\"300\" height=\"272\" title=\"\" srcset=\"https:\/\/holidayexcursion.com\/wp-content\/uploads\/2021\/12\/Antalya-transfer-Alanya-holiday-excursion-300x272.png 300w, https:\/\/holidayexcursion.com\/wp-content\/uploads\/2021\/12\/Antalya-transfer-Alanya-holiday-excursion-600x544.png 600w, https:\/\/holidayexcursion.com\/wp-content\/uploads\/2021\/12\/Antalya-transfer-Alanya-holiday-excursion.png 640w\" sizes=\"auto, (max-width: 300px) 100vw, 300px\" \/><\/p>\n<p style=\"text-align: center;\">2. Wygoda i wydajno\u015b\u0107:<\/p>\n<p style=\"text-align: center;\">Prywatne transfery z lotniska Gazipa\u015fa oferuj\u0105 niezr\u00f3wnan\u0105 wygod\u0119 i wydajno\u015b\u0107. Dzi\u0119ki prywatnemu transferowi mo\u017cesz omin\u0105\u0107 d\u0142ugie kolejki do taks\u00f3wek lub stanowisk do wypo\u017cyczenia samochodu na lotniskach i mie\u0107 szofera czekaj\u0105cego na Ciebie po przylocie. Eliminuje to stres zwi\u0105zany z oczekiwaniem lub poruszaniem si\u0119 po nieznanych systemach transportu publicznego podczas wakacji, umo\u017cliwiaj\u0105c szybkie rozpocz\u0119cie podr\u00f3\u017cy. Ponadto prywatne transfery na lotnisko dzia\u0142aj\u0105 wed\u0142ug wybranego harmonogramu, dzi\u0119ki czemu nigdy nie musisz si\u0119 spieszy\u0107 ani czeka\u0107 na transport.<\/p>\n<p style=\"text-align: center;\">3. Komfort i luksus:<\/p>\n<p style=\"text-align: center;\">Komfortowe i luksusowe podr\u00f3\u017cowanie to cecha charakterystyczna prywatnych transfer\u00f3w lotniskowych podczas wakacji. Pojazdy u\u017cywane do prywatnych transfer\u00f3w na lotniskach s\u0105 cz\u0119sto wysokiej jako\u015bci, zapewniaj\u0105c wygod\u0119 i wra\u017cenia premium. Niezale\u017cnie od tego, czy wybierzesz luksusowy sedan, SUV, limuzyn\u0119, prywatny transfer na lotnisko pozwoli Ci podr\u00f3\u017cowa\u0107 w wielkim stylu. Ciesz si\u0119 przestronnymi siedzeniami, klimatyzacj\u0105, bezp\u0142atnym bezprzewodowym dost\u0119pem do Internetu i innymi udogodnieniami, kt\u00f3re sprawi\u0105, \u017ce Twoja podr\u00f3\u017c b\u0119dzie przyjemna i relaksuj\u0105ca.<\/p>\n<p style=\"text-align: center;\"><img loading=\"lazy\" decoding=\"async\" class=\"alignnone size-medium wp-image-25554\" src=\"https:\/\/holidayexcursion.com\/wp-content\/uploads\/2021\/12\/Accent-blue-for-rent-300x130.png\" alt=\"\" width=\"300\" height=\"130\" title=\"\" srcset=\"https:\/\/holidayexcursion.com\/wp-content\/uploads\/2021\/12\/Accent-blue-for-rent-300x130.png 300w, https:\/\/holidayexcursion.com\/wp-content\/uploads\/2021\/12\/Accent-blue-for-rent-768x334.png 768w, https:\/\/holidayexcursion.com\/wp-content\/uploads\/2021\/12\/Accent-blue-for-rent-600x261.png 600w, https:\/\/holidayexcursion.com\/wp-content\/uploads\/2021\/12\/Accent-blue-for-rent.png 920w\" sizes=\"auto, (max-width: 300px) 100vw, 300px\" \/><\/p>\n<p style=\"text-align: center;\">4. Prywatno\u015b\u0107 i bezpiecze\u0144stwo:<\/p>\n<p style=\"text-align: center;\">Privacy and security are paramount when it comes to transportation. Prywatne transfery lotniskowe w Gazipa\u015fa zapewniaj\u0105 dyskrecj\u0119 i bezpiecze\u0144stwo podr\u00f3\u017cy. Mo\u017cesz by\u0107 spokojny, wiedz\u0105c, \u017ce tylko Ty i Twoi upowa\u017cnieni towarzysze b\u0119dziecie podr\u00f3\u017cowa\u0107 razem. Jest to szczeg\u00f3lnie korzystne dla os\u00f3b podr\u00f3\u017cuj\u0105cych s\u0142u\u017cbowo, znanych osobisto\u015bci lub rodzin, dla kt\u00f3rych prywatno\u015b\u0107 podczas podr\u00f3\u017cy jest priorytetem.<\/p>\n<p style=\"text-align: center;\">5. Lokalna wiedza specjalistyczna:<\/p>\n<p style=\"text-align: center;\">Opr\u00f3cz transportu prywatne transfery na lotnisko w Gazipa\u015fa cz\u0119sto wi\u0105\u017c\u0105 si\u0119 z dodatkow\u0105 korzy\u015bci\u0105 w postaci lokalnej wiedzy. Kierowcy specjalizuj\u0105cy si\u0119 w prywatnych transferach lotniskowych zazwyczaj posiadaj\u0105 wiedz\u0119 na temat okolicy i mog\u0105 dostarczy\u0107 cennych informacji na temat kultury, atrakcji i ukrytych skarb\u00f3w Twojego miejsca docelowego. Mog\u0105 pe\u0142ni\u0107 funkcj\u0119 osobistych przewodnik\u00f3w, oferuj\u0105c rekomendacje i cenne wskaz\u00f3wki, kt\u00f3re poprawi\u0105 Twoje wra\u017cenia z podr\u00f3\u017cy.<\/p>\n<p style=\"text-align: center;\"><img loading=\"lazy\" decoding=\"async\" class=\"alignnone size-medium wp-image-25578\" src=\"https:\/\/holidayexcursion.com\/wp-content\/uploads\/2021\/12\/Economic-Class-car-1-300x225.jpg\" alt=\"\" width=\"300\" height=\"225\" title=\"\" srcset=\"https:\/\/holidayexcursion.com\/wp-content\/uploads\/2021\/12\/Economic-Class-car-1-300x225.jpg 300w, https:\/\/holidayexcursion.com\/wp-content\/uploads\/2021\/12\/Economic-Class-car-1.jpg 528w\" sizes=\"auto, (max-width: 300px) 100vw, 300px\" \/><\/p>\n<p style=\"text-align: center;\">6. Elastyczno\u015b\u0107 i swoboda:<\/p>\n<p style=\"text-align: center;\">Prywatne transfery lotniskowe w Gazipa\u015fa zapewniaj\u0105 niezr\u00f3wnan\u0105 elastyczno\u015b\u0107 i swobod\u0119 w por\u00f3wnaniu z innymi opcjami transportu. Masz swobod\u0119 modyfikowania planu podr\u00f3\u017cy w drodze, robi\u0105c improwizowane przystanki lub objazdy w celu zbadania interesuj\u0105cych miejsc lub punkt\u00f3w orientacyjnych. Niezale\u017cnie od tego, czy chcesz zrobi\u0107 sobie przerw\u0119 na malownicze zdj\u0119cia, czy te\u017c odda\u0107 si\u0119 spontanicznym doznaniom kulinarnym, prywatny transfer na lotnisko w Gazipa\u015fa zapewnia elastyczno\u015b\u0107 tworzenia niezapomnianych wspomnie\u0144.<\/p>\n<p style=\"text-align: center;\">Prywatne transfery lotniskowe w Gazipa\u015fa oferuj\u0105 spersonalizowany, wygodny i luksusowy \u015brodek transportu dla podr\u00f3\u017cnych poszukuj\u0105cych p\u0142ynnej podr\u00f3\u017cy. Koncentruj\u0105c si\u0119 na prywatno\u015bci, komforcie i wydajno\u015bci, prywatne transfery na lotnisko zapewniaj\u0105, \u017ce mo\u017cesz cieszy\u0107 si\u0119 ka\u017cd\u0105 chwil\u0105 podr\u00f3\u017cy. Niezale\u017cnie od tego, czy wybierasz si\u0119 w podr\u00f3\u017c s\u0142u\u017cbow\u0105, rodzinne wakacje czy romantyczny wypad, prywatny transfer na lotnisko zapewnia wyj\u0105tkowy poziom us\u0142ug, dzi\u0119ki kt\u00f3remu poczujesz si\u0119 doceniony i rozpieszczany. Zatem nast\u0119pnym razem, gdy b\u0119dziesz planowa\u0107 podr\u00f3\u017c, rozwa\u017c zalety prywatnego transferu na lotnisko i wznie\u015b swoj\u0105 podr\u00f3\u017c na nowy poziom komfortu i wygody.<\/p>\n<p style=\"text-align: center;\">\u017byczymy Pa\u0144stwu niezapomnianych wspomnie\u0144 z wakacji w Alanyi w Turcji.<\/p>\n<p style=\"text-align: center;\">Ps: Aby uzyska\u0107 wi\u0119cej informacji, mo\u017cesz r\u00f3wnie\u017c skontaktowa\u0107 si\u0119 przez aplikacj\u0119 Whats lub wiadomo\u015b\u0107.<\/p>\n<p style=\"text-align: center;\"><a href=\"https:\/\/www.facebook.com\/Alanyaholidayexcursion\" rel=\"nofollow noopener\" target=\"_blank\">Wakacyjny Zesp\u00f3\u0142 Wycieczkowy,<\/a><\/p>\n","protected":false},"excerpt":{"rendered":"<p>PRYWATNY TRANSFER Z LOTNISKA GAZ\u0130PA\u015eA Ciesz si\u0119 spersonalizowan\u0105 i bezproblemow\u0105 podr\u00f3\u017c\u0105 dzi\u0119ki prywatnemu transferowi na lotnisko Gazipa\u015fa Je\u015bli chodzi o podr\u00f3\u017cowanie, wygoda i komfort to kluczowe czynniki zapewniaj\u0105ce bezstresow\u0105 podr\u00f3\u017c. Prywatne transfery na lotnisko oferuj\u0105 spersonalizowan\u0105 i bezproblemow\u0105 opcj\u0119 transportu, pozwalaj\u0105c\u0105 podr\u00f3\u017cowa\u0107 stylowo i wygodnie, unikaj\u0105c typowych problem\u00f3w zwi\u0105zanych z transportem publicznym lub wsp\u00f3lnymi przejazdami.<\/p>\n","protected":false},"featured_media":4740,"comment_status":"open","ping_status":"closed","template":"","meta":[],"product_brand":[],"product_cat":[101],"product_tag":[],"class_list":{"0":"post-6377","1":"product","2":"type-product","3":"status-publish","4":"has-post-thumbnail","6":"product_cat-airport-transfer-pl","8":"first","9":"instock","10":"featured","11":"virtual","12":"sold-individually","13":"purchasable","14":"product-type-booking"},"_links":{"self":[{"href":"https:\/\/holidayexcursion.com\/pl\/wp-json\/wp\/v2\/product\/6377","targetHints":{"allow":["GET"]}}],"collection":[{"href":"https:\/\/holidayexcursion.com\/pl\/wp-json\/wp\/v2\/product"}],"about":[{"href":"https:\/\/holidayexcursion.com\/pl\/wp-json\/wp\/v2\/types\/product"}],"replies":[{"embeddable":true,"href":"https:\/\/holidayexcursion.com\/pl\/wp-json\/wp\/v2\/comments?post=6377"}],"wp:featuredmedia":[{"embeddable":true,"href":"https:\/\/holidayexcursion.com\/pl\/wp-json\/wp\/v2\/media\/4740"}],"wp:attachment":[{"href":"https:\/\/holidayexcursion.com\/pl\/wp-json\/wp\/v2\/media?parent=6377"}],"wp:term":[{"taxonomy":"product_brand","embeddable":true,"href":"https:\/\/holidayexcursion.com\/pl\/wp-json\/wp\/v2\/product_brand?post=6377"},{"taxonomy":"product_cat","embeddable":true,"href":"https:\/\/holidayexcursion.com\/pl\/wp-json\/wp\/v2\/product_cat?post=6377"},{"taxonomy":"product_tag","embeddable":true,"href":"https:\/\/holidayexcursion.com\/pl\/wp-json\/wp\/v2\/product_tag?post=6377"}],"curies":[{"name":"wp","href":"https:\/\/api.w.org\/{rel}","templated":true}]}}