{"id":6384,"date":"2021-12-03T10:15:10","date_gmt":"2021-12-07T09:16:36","guid":{"rendered":"http:\/\/holidayexcursion.com\/excursions-in-alanya\/bez-kategorii\/transfer-z-lotniska-gazipasa\/"},"modified":"2023-11-28T15:42:35","modified_gmt":"2023-11-28T12:42:35","slug":"lotnisko-3","status":"publish","type":"product","link":"https:\/\/holidayexcursion.com\/pl\/tours-in-alanya\/airport-transfer-pl\/lotnisko-3\/","title":{"rendered":"TRANSFER LOTNICZY GAZ\u0130PA\u015eA"},"content":{"rendered":"<h2 style=\"text-align: center;\"><strong>TRANSFER LOTNICZY GAZ\u0130PA\u015eA<\/strong><\/h2>\n<p style=\"text-align: center;\">Uproszczenie podr\u00f3\u017cy: odkrywanie wygody transfer\u00f3w wahad\u0142owych<\/p>\n<p style=\"text-align: center;\">Niezale\u017cnie od tego, czy lecisz na wakacje, czy wybierasz si\u0119 na konferencj\u0119 biznesow\u0105, dotarcie na lotnisko lub do hotelu i z powrotem mo\u017ce czasami by\u0107 k\u0142opotliwe. Jednak\u017ce transfery wahad\u0142owe oferuj\u0105 wygodne i bezproblemowe rozwi\u0105zanie Twoich potrzeb transportowych. W tym artykule om\u00f3wimy korzy\u015bci i uwagi zwi\u0105zane z transferami wahad\u0142owymi, podkre\u015blaj\u0105c, w jaki spos\u00f3b mog\u0105 one poprawi\u0107 Twoje wra\u017cenia z podr\u00f3\u017cy i sprawi\u0107, \u017ce b\u0119dzie ona przyjemniejsza.<\/p>\n<p style=\"text-align: center;\"><img loading=\"lazy\" decoding=\"async\" class=\"size-medium wp-image-22328\" src=\"https:\/\/holidayexcursion.com\/wp-content\/uploads\/2021\/12\/airport-shuttle-transfer-2-300x150.jpg\" alt=\"\" width=\"300\" height=\"150\" title=\"\" srcset=\"https:\/\/holidayexcursion.com\/wp-content\/uploads\/2021\/12\/airport-shuttle-transfer-2-300x150.jpg 300w, https:\/\/holidayexcursion.com\/wp-content\/uploads\/2021\/12\/airport-shuttle-transfer-2-600x300.jpg 600w, https:\/\/holidayexcursion.com\/wp-content\/uploads\/2021\/12\/airport-shuttle-transfer-2.jpg 700w\" sizes=\"auto, (max-width: 300px) 100vw, 300px\" \/><\/p>\n<p style=\"text-align: center;\">Transfery <a href=\"https:\/\/gzpairport.com\/\" rel=\"nofollow noopener\" target=\"_blank\">lotniskowe w Gazipa\u015fa<\/a> zapewniaj\u0105 skuteczny i wygodny spos\u00f3b podr\u00f3\u017cowania pomi\u0119dzy lotniskiem Gazipa\u015fa, hotelami i innymi miejscami docelowymi. Us\u0142ugi wahad\u0142owe kursuj\u0105 wed\u0142ug sta\u0142ych rozk\u0142ad\u00f3w jazdy, co pozwala z \u0142atwo\u015bci\u0105 zaplanowa\u0107 podr\u00f3\u017c. Uzgadniaj\u0105c z wyprzedzeniem godziny odbioru i odbioru autobusu, mo\u017cesz zaoszcz\u0119dzi\u0107 cenny czas i unikn\u0105\u0107 stresu zwi\u0105zanego z czekaniem na taks\u00f3wk\u0119 lub poruszaniem si\u0119 po \u015brodkach transportu publicznego. Dzi\u0119ki transferom wahad\u0142owym mo\u017cesz mie\u0107 pewno\u015b\u0107, \u017ce pojazd b\u0119dzie na Ciebie czeka\u0142 we wskazanej lokalizacji, zapewniaj\u0105c p\u0142ynne przej\u015bcie z jednego punktu do drugiego.<\/p>\n<p style=\"text-align: center;\"><img loading=\"lazy\" decoding=\"async\" class=\"alignnone size-medium wp-image-22346\" src=\"https:\/\/holidayexcursion.com\/wp-content\/uploads\/2021\/12\/private-airport-transfer-300x174.jpg\" alt=\"\" width=\"300\" height=\"174\" title=\"\" srcset=\"https:\/\/holidayexcursion.com\/wp-content\/uploads\/2021\/12\/private-airport-transfer-300x174.jpg 300w, https:\/\/holidayexcursion.com\/wp-content\/uploads\/2021\/12\/private-airport-transfer.jpg 560w\" sizes=\"auto, (max-width: 300px) 100vw, 300px\" \/><\/p>\n<p style=\"text-align: center;\">2. Op\u0142acalno\u015b\u0107:<\/p>\n<p style=\"text-align: center;\">W por\u00f3wnaniu z prywatnym <a href=\"https:\/\/holidayexcursion.com\/rent-a-car-in-alanya\/\">wynajmem<\/a> samochodu lub taks\u00f3wk\u0105, transfer wahad\u0142owy mo\u017ce by\u0107 dla podr\u00f3\u017cnych op\u0142acalnym wyborem. W przypadku us\u0142ug wahad\u0142owych koszt jest zazwyczaj dzielony pomi\u0119dzy wielu pasa\u017cer\u00f3w, co czyni t\u0119 opcj\u0119 bardziej przyst\u0119pn\u0105 cenowo. Niezale\u017cnie od tego, czy podr\u00f3\u017cujesz samotnie, czy w grupie, transfery wahad\u0142owe pomog\u0105 Ci zaoszcz\u0119dzi\u0107 pieni\u0105dze, jednocze\u015bnie ciesz\u0105c si\u0119 wygod\u0105 dedykowanej us\u0142ugi transportowej. Ponadto niekt\u00f3re hotele i kurorty zapewniaj\u0105 bezp\u0142atny transport wahad\u0142owy, co dodatkowo zmniejsza koszty transportu w trakcie pobytu.<\/p>\n<p style=\"text-align: center;\"><img loading=\"lazy\" decoding=\"async\" class=\"alignnone size-medium wp-image-22334\" src=\"https:\/\/holidayexcursion.com\/wp-content\/uploads\/2021\/12\/Antalya-Airport-shuttle-transfer-300x148.jpg\" alt=\"\" width=\"300\" height=\"148\" title=\"\" srcset=\"https:\/\/holidayexcursion.com\/wp-content\/uploads\/2021\/12\/Antalya-Airport-shuttle-transfer-300x148.jpg 300w, https:\/\/holidayexcursion.com\/wp-content\/uploads\/2021\/12\/Antalya-Airport-shuttle-transfer-600x296.jpg 600w, https:\/\/holidayexcursion.com\/wp-content\/uploads\/2021\/12\/Antalya-Airport-shuttle-transfer.jpg 710w\" sizes=\"auto, (max-width: 300px) 100vw, 300px\" \/><\/p>\n<p style=\"text-align: center;\">3. Bezpiecze\u0144stwo i niezawodno\u015b\u0107:<\/p>\n<p style=\"text-align: center;\">Transfery wahad\u0142owe 7\/24 traktuj\u0105 priorytetowo bezpiecze\u0144stwo i niezawodno\u015b\u0107, zapewniaj\u0105c podr\u00f3\u017cnym spok\u00f3j ducha. Firmy przewozowe zatrudniaj\u0105 zawodowych kierowc\u00f3w, kt\u00f3rzy s\u0105 przeszkoleni w zakresie priorytetowego traktowania bezpiecze\u0144stwa pasa\u017cer\u00f3w i przestrzegania przepis\u00f3w ruchu drogowego. Pojazdy wykorzystywane do transfer\u00f3w wahad\u0142owych s\u0105 regularnie konserwowane, co zapewnia optymaln\u0105 wydajno\u015b\u0107 i minimalizuje ryzyko awarii lub op\u00f3\u017anie\u0144. Wybieraj\u0105c transfery wahad\u0142owe, mo\u017cesz mie\u0107 pewno\u015b\u0107, \u017ce Twoja podr\u00f3\u017c b\u0119dzie bezpieczna i punktualna, dzi\u0119ki czemu b\u0119dziesz mia\u0142 o jedn\u0105 rzecz mniej do zmartwie\u0144 podczas podr\u00f3\u017cy.<\/p>\n<p style=\"text-align: center;\"><img loading=\"lazy\" decoding=\"async\" class=\"alignnone size-medium wp-image-22340\" src=\"https:\/\/holidayexcursion.com\/wp-content\/uploads\/2021\/12\/Antalya-Shuttle-transfer-300x169.jpg\" alt=\"\" width=\"300\" height=\"169\" title=\"\" srcset=\"https:\/\/holidayexcursion.com\/wp-content\/uploads\/2021\/12\/Antalya-Shuttle-transfer-300x169.jpg 300w, https:\/\/holidayexcursion.com\/wp-content\/uploads\/2021\/12\/Antalya-Shuttle-transfer.jpg 432w\" sizes=\"auto, (max-width: 300px) 100vw, 300px\" \/><\/p>\n<p style=\"text-align: center;\">4. Komfort i udogodnienia:<\/p>\n<p style=\"text-align: center;\">Transfery wahad\u0142owe maj\u0105 na celu zapewnienie wygodnej i przyjemnej podr\u00f3\u017cy. W przeciwie\u0144stwie do zat\u0142oczonych \u015brodk\u00f3w transportu publicznego, us\u0142ugi wahad\u0142owe oferuj\u0105 przestronne siedzenia i du\u017co miejsca na nogi. Wielu przewo\u017anik\u00f3w oferuje r\u00f3wnie\u017c nowoczesne udogodnienia, takie jak klimatyzacja, dost\u0119p do Wi-Fi i systemy rozrywki, aby zwi\u0119kszy\u0107 komfort pasa\u017cer\u00f3w podczas ca\u0142ej podr\u00f3\u017cy. Niezale\u017cnie od tego, czy chcesz si\u0119 zrelaksowa\u0107, nadrobi\u0107 zaleg\u0142o\u015bci w pracy, czy pozosta\u0107 w kontakcie z przyjaci\u00f3\u0142mi i rodzin\u0105, transfery wahad\u0142owe zapewni\u0105 przyjemn\u0105 i komfortow\u0105 podr\u00f3\u017c.<\/p>\n<p style=\"text-align: center;\">5. Lokalna wiedza i wgl\u0105d:<\/p>\n<p style=\"text-align: center;\">Opr\u00f3cz transportu transfery wahad\u0142owe cz\u0119sto wi\u0105\u017c\u0105 si\u0119 z dodatkow\u0105 korzy\u015bci\u0105 w postaci lokalnej wiedzy i wgl\u0105du. Kierowcy autobus\u00f3w zazwyczaj znaj\u0105 okolic\u0119 i mog\u0105 poleci\u0107 lokalne atrakcje, lokale gastronomiczne i inne interesuj\u0105ce miejsca. Ta poufna rada pomo\u017ce Ci w pe\u0142ni wykorzysta\u0107 podr\u00f3\u017c i odkry\u0107 ukryte pere\u0142ki, kt\u00f3re w innym przypadku mog\u0142yby pozosta\u0107 niezauwa\u017cone. Skorzystaj z okazji, aby nawi\u0105za\u0107 rozmow\u0119 z kierowc\u0105 wahad\u0142owca i uzyska\u0107 cenne informacje na temat miejsca docelowego.<\/p>\n<p style=\"text-align: center;\"><img loading=\"lazy\" decoding=\"async\" class=\"alignnone size-medium wp-image-22721\" src=\"https:\/\/holidayexcursion.com\/wp-content\/uploads\/2021\/12\/Renault-taliant-for-rent-300x170.jpg\" alt=\"\" width=\"300\" height=\"170\" title=\"\" srcset=\"https:\/\/holidayexcursion.com\/wp-content\/uploads\/2021\/12\/Renault-taliant-for-rent-300x170.jpg 300w, https:\/\/holidayexcursion.com\/wp-content\/uploads\/2021\/12\/Renault-taliant-for-rent.jpg 600w\" sizes=\"auto, (max-width: 300px) 100vw, 300px\" \/><\/p>\n<p style=\"text-align: center;\">6. Opcja ekologiczna:<\/p>\n<p style=\"text-align: center;\">Dla podr\u00f3\u017cuj\u0105cych dbaj\u0105cych o \u015brodowisko, transfery wahad\u0142owe s\u0105 przyjazn\u0105 dla \u015brodowiska opcj\u0105 transportu. Dziel\u0105c pojazd z innymi pasa\u017cerami, us\u0142ugi wahad\u0142owe pomagaj\u0105 zmniejszy\u0107 emisj\u0119 dwutlenku w\u0119gla i zmniejszy\u0107 zatory w ruchu. Wyb\u00f3r transferu wahad\u0142owego zamiast prywatnego wynajmu samochodu lub taks\u00f3wki przyczynia si\u0119 do zr\u00f3wnowa\u017conych praktyk podr\u00f3\u017cowania, umo\u017cliwiaj\u0105c zminimalizowanie wp\u0142ywu na \u015brodowisko, a jednocze\u015bnie ciesz\u0105c si\u0119 p\u0142ynnym i wygodnym transportem.<\/p>\n<p style=\"text-align: center;\">Transfery wahad\u0142owe zapewniaj\u0105 wygodny, ekonomiczny i bezproblemowy spos\u00f3b podr\u00f3\u017cowania mi\u0119dzy lotniskami, hotelami i innymi miejscami docelowymi. Dzi\u0119ki swojej wydajno\u015bci, bezpiecze\u0144stwu i wygodzie us\u0142ugi wahad\u0142owe zapewniaj\u0105 lepsze wra\u017cenia z podr\u00f3\u017cy zar\u00f3wno osobom indywidualnym, jak i grupom. Niezale\u017cnie od tego, czy podr\u00f3\u017cujesz samotnie i szukasz bezstresowej podr\u00f3\u017cy, czy te\u017c jeste\u015b rodzin\u0105 poszukuj\u0105c\u0105 wygody i przyst\u0119pnej ceny, transfery wahad\u0142owe mog\u0105 upro\u015bci\u0107 organizacj\u0119 podr\u00f3\u017cy i sprawi\u0107, \u017ce b\u0119dzie ona przyjemniejsza. Zatem nast\u0119pnym razem, gdy b\u0119dziesz planowa\u0107 podr\u00f3\u017c, rozwa\u017c korzy\u015bci p\u0142yn\u0105ce z transfer\u00f3w wahad\u0142owych i pozw\u00f3l, aby p\u0142ynnie i wygodnie dowi\u00f3z\u0142 Ci\u0119 do celu.<\/p>\n<p style=\"text-align: center;\">\u017byczymy Pa\u0144stwu niezapomnianych wspomnie\u0144 z wakacji w Alanyi w Turcji.<\/p>\n<p style=\"text-align: center;\">Ps: Aby uzyska\u0107 wi\u0119cej informacji, mo\u017cesz r\u00f3wnie\u017c skontaktowa\u0107 si\u0119 przez aplikacj\u0119 Whats lub wiadomo\u015b\u0107.<\/p>\n<p style=\"text-align: center;\"><a href=\"https:\/\/www.facebook.com\/Alanyaholidayexcursion\" rel=\"nofollow noopener\" target=\"_blank\">Wakacyjny Zesp\u00f3\u0142 Wycieczkowy,<\/a><\/p>\n<p>&nbsp;<\/p>\n","protected":false},"excerpt":{"rendered":"<p>TRANSFER LOTNICZY GAZ\u0130PA\u015eA Uproszczenie podr\u00f3\u017cy: odkrywanie wygody transfer\u00f3w wahad\u0142owych Niezale\u017cnie od tego, czy lecisz na wakacje, czy wybierasz si\u0119 na konferencj\u0119 biznesow\u0105, dotarcie na lotnisko lub do hotelu i z powrotem mo\u017ce czasami by\u0107 k\u0142opotliwe. Jednak\u017ce transfery wahad\u0142owe oferuj\u0105 wygodne i bezproblemowe rozwi\u0105zanie Twoich potrzeb transportowych. W tym artykule om\u00f3wimy korzy\u015bci i uwagi zwi\u0105zane z<\/p>\n","protected":false},"featured_media":4740,"comment_status":"open","ping_status":"closed","template":"","meta":[],"product_brand":[],"product_cat":[101],"product_tag":[],"class_list":{"0":"post-6384","1":"product","2":"type-product","3":"status-publish","4":"has-post-thumbnail","6":"product_cat-airport-transfer-pl","8":"first","9":"instock","10":"featured","11":"virtual","12":"sold-individually","13":"purchasable","14":"product-type-booking"},"_links":{"self":[{"href":"https:\/\/holidayexcursion.com\/pl\/wp-json\/wp\/v2\/product\/6384","targetHints":{"allow":["GET"]}}],"collection":[{"href":"https:\/\/holidayexcursion.com\/pl\/wp-json\/wp\/v2\/product"}],"about":[{"href":"https:\/\/holidayexcursion.com\/pl\/wp-json\/wp\/v2\/types\/product"}],"replies":[{"embeddable":true,"href":"https:\/\/holidayexcursion.com\/pl\/wp-json\/wp\/v2\/comments?post=6384"}],"wp:featuredmedia":[{"embeddable":true,"href":"https:\/\/holidayexcursion.com\/pl\/wp-json\/wp\/v2\/media\/4740"}],"wp:attachment":[{"href":"https:\/\/holidayexcursion.com\/pl\/wp-json\/wp\/v2\/media?parent=6384"}],"wp:term":[{"taxonomy":"product_brand","embeddable":true,"href":"https:\/\/holidayexcursion.com\/pl\/wp-json\/wp\/v2\/product_brand?post=6384"},{"taxonomy":"product_cat","embeddable":true,"href":"https:\/\/holidayexcursion.com\/pl\/wp-json\/wp\/v2\/product_cat?post=6384"},{"taxonomy":"product_tag","embeddable":true,"href":"https:\/\/holidayexcursion.com\/pl\/wp-json\/wp\/v2\/product_tag?post=6384"}],"curies":[{"name":"wp","href":"https:\/\/api.w.org\/{rel}","templated":true}]}}