{"id":4147,"date":"2021-12-06T17:33:40","date_gmt":"2021-12-06T14:33:40","guid":{"rendered":"http:\/\/holidayexcursion.com\/cart-2\/"},"modified":"2023-11-26T21:22:12","modified_gmt":"2023-11-26T18:22:12","slug":"cart-2","status":"publish","type":"page","link":"https:\/\/holidayexcursion.com\/tr\/cart-2\/","title":{"rendered":"Al\u0131\u015fveri\u015f sepeti"},"content":{"rendered":"\n","protected":false},"excerpt":{"rendered":"","protected":false},"author":4,"featured_media":0,"parent":0,"menu_order":0,"comment_status":"closed","ping_status":"closed","template":"","meta":{"footnotes":""},"class_list":["post-4147","page","type-page","status-publish","hentry"],"_links":{"self":[{"href":"https:\/\/holidayexcursion.com\/tr\/wp-json\/wp\/v2\/pages\/4147","targetHints":{"allow":["GET"]}}],"collection":[{"href":"https:\/\/holidayexcursion.com\/tr\/wp-json\/wp\/v2\/pages"}],"about":[{"href":"https:\/\/holidayexcursion.com\/tr\/wp-json\/wp\/v2\/types\/page"}],"author":[{"embeddable":true,"href":"https:\/\/holidayexcursion.com\/tr\/wp-json\/wp\/v2\/users\/4"}],"replies":[{"embeddable":true,"href":"https:\/\/holidayexcursion.com\/tr\/wp-json\/wp\/v2\/comments?post=4147"}],"version-history":[{"count":0,"href":"https:\/\/holidayexcursion.com\/tr\/wp-json\/wp\/v2\/pages\/4147\/revisions"}],"wp:attachment":[{"href":"https:\/\/holidayexcursion.com\/tr\/wp-json\/wp\/v2\/media?parent=4147"}],"curies":[{"name":"wp","href":"https:\/\/api.w.org\/{rel}","templated":true}]}}