{"id":4957,"date":"2021-12-07T00:46:44","date_gmt":"2021-12-06T21:46:44","guid":{"rendered":"http:\/\/holidayexcursion.com\/temas\/"},"modified":"2023-11-26T21:29:48","modified_gmt":"2023-11-26T18:29:48","slug":"temas","status":"publish","type":"page","link":"https:\/\/holidayexcursion.com\/tr\/temas\/","title":{"rendered":"\u0130leti\u015fim"},"content":{"rendered":"\n\n\t<section class=\"section\" id=\"section_2095797325\">\n\t\t<div class=\"section-bg fill\" >\n\t\t\t\n\t\t\t\n\t\t\t<div class=\"section-bg-overlay absolute fill\"><\/div>\n\t\t\t\n\n\t\t<\/div>\n\n\t\t\n\n\t\t<div class=\"section-content relative\">\n\t\t\t\n\n\t<div id=\"gap-797485451\" class=\"gap-element clearfix\" style=\"display:block; height:auto;\">\n\t\t\n<style>\n#gap-797485451 {\n  padding-top: 30px;\n}\n<\/style>\n\t<\/div>\n\t\n\n<div class=\"row align-middle align-center\"  id=\"row-287385579\">\n\n\n\t<div id=\"col-2142741612\" class=\"col small-12 large-12\"  >\n\t\t\t\t<div class=\"col-inner\" style=\"background-color:rgb(255, 255, 255);\" >\n\t\t\t\n\t\t\t\n\n<h1 class=\"alt-font\" style=\"text-align: center;\"><span style=\"font-size: 200%;\">\u0130leti\u015fim<\/span><\/h1>\n<div class=\"row row-small row-full-width align-middle align-center\"  id=\"row-1264011245\">\n\n\n\t<div id=\"col-1132734497\" class=\"col medium-12 small-12 large-6 medium-col-first\"  >\n\t\t\t\t<div class=\"col-inner text-center\"  >\n\t\t\t\n\t\t\t\n\n<p><iframe src=\"https:\/\/www.google.com\/maps\/embed?pb=!1m14!1m8!1m3!1d12821.710154759994!2d32.013697!3d36.543803!3m2!1i1024!2i768!4f13.1!3m3!1m2!1s0x0%3A0x4e5f0c8a97d2f3ec!2sHoliday%20Excursion%20Center!5e0!3m2!1str!2str!4v1638520351962!5m2!1str!2str\" width=\"900\" height=\"350\" style=\"border:0;\" allowfullscreen=\"\" loading=\"lazy\"><\/iframe><\/p>\n<p><a href=\"tel:905428380777\">+90 (542) 838 07 77<\/a><\/p>\n<a href=\"https:\/\/www.google.com\/maps\/dir\/\/G%C3%BCller+P%C4%B1nar%C4%B1,+Holiday+Excursion+Center,+Ahmet+Toku%C5%9F+Blv.+No:105,+07400+Alanya%2FAntalya\/@36.543803,32.013697,15z\/data=!4m8!4m7!1m0!1m5!1m1!1s0x14dc994c4bdf6a97:0x4e5f0c8a97d2f3ec!2m2!1d32.0136952!2d36.5437936?hl=tr\" target=\"_blank\" class=\"button secondary is-underline is-large\" rel=\"noopener nofollow\">\n\t\t<span>Ofisimizi Ziyaret Etmek \u0130\u00e7in T\u0131klay\u0131n\u0131z!<\/span>\n\t<\/a>\n\n\n\n\t\t<\/div>\n\t\t\t\t\t<\/div>\n\n\t\n\n<\/div>\n\n\t\t<\/div>\n\t\t\t\t\t<\/div>\n\n\t\n\n<\/div>\n\n\t\t<\/div>\n\n\t\t\n<style>\n#section_2095797325 {\n  padding-top: 60px;\n  padding-bottom: 60px;\n  background-color: #273647;\n}\n#section_2095797325 .section-bg-overlay {\n  background-color: rgba(255, 255, 255, 0.07);\n}\n@media (min-width:850px) {\n  #section_2095797325 {\n    padding-top: 90px;\n    padding-bottom: 90px;\n  }\n}\n<\/style>\n\t<\/section>\n\t\n\n","protected":false},"excerpt":{"rendered":"","protected":false},"author":4,"featured_media":0,"parent":0,"menu_order":0,"comment_status":"closed","ping_status":"closed","template":"page-blank.php","meta":{"footnotes":""},"class_list":["post-4957","page","type-page","status-publish","hentry"],"_links":{"self":[{"href":"https:\/\/holidayexcursion.com\/tr\/wp-json\/wp\/v2\/pages\/4957","targetHints":{"allow":["GET"]}}],"collection":[{"href":"https:\/\/holidayexcursion.com\/tr\/wp-json\/wp\/v2\/pages"}],"about":[{"href":"https:\/\/holidayexcursion.com\/tr\/wp-json\/wp\/v2\/types\/page"}],"author":[{"embeddable":true,"href":"https:\/\/holidayexcursion.com\/tr\/wp-json\/wp\/v2\/users\/4"}],"replies":[{"embeddable":true,"href":"https:\/\/holidayexcursion.com\/tr\/wp-json\/wp\/v2\/comments?post=4957"}],"version-history":[{"count":0,"href":"https:\/\/holidayexcursion.com\/tr\/wp-json\/wp\/v2\/pages\/4957\/revisions"}],"wp:attachment":[{"href":"https:\/\/holidayexcursion.com\/tr\/wp-json\/wp\/v2\/media?parent=4957"}],"curies":[{"name":"wp","href":"https:\/\/api.w.org\/{rel}","templated":true}]}}