{"id":4980,"date":"2021-12-07T00:46:48","date_gmt":"2021-12-06T21:46:48","guid":{"rendered":"http:\/\/holidayexcursion.com\/havaalani-transferi\/"},"modified":"2023-11-26T20:52:54","modified_gmt":"2023-11-26T17:52:54","slug":"havaalani-transferi","status":"publish","type":"page","link":"https:\/\/holidayexcursion.com\/tr\/havaalani-transferi\/","title":{"rendered":"Havaalan\u0131 transferi"},"content":{"rendered":"\n\t<div id=\"gap-1528660542\" class=\"gap-element clearfix\" style=\"display:block; height:auto;\">\n\t\t\n<style>\n#gap-1528660542 {\n  padding-top: 30px;\n}\n<\/style>\n\t<\/div>\n\t\n\n<div class=\"row\"  id=\"row-1398407114\">\n\n\n\t<div id=\"col-783888624\" class=\"col small-12 large-12\"  >\n\t\t\t\t<div class=\"col-inner\"  >\n\t\t\t\n\t\t\t\n\n\t<div id=\"text-2577907627\" class=\"text\">\n\t\t\n\n<h1 class=\"alt-font\"><span style=\"font-size: 200%;\">Alanya&#8217;da Havaalan\u0131 Transferi<\/span><\/h1>\n<p>Sizin i\u00e7in havaliman\u0131 transferi yap\u0131yoruz. <strong>Antalya Havaliman\u0131<\/strong> veya <strong>Gazipa\u015fa Havaliman\u0131&#8217;nda<\/strong> bir u\u00e7u\u015funuz varsa transferiniz i\u00e7in buraday\u0131z <span class=\"emoji\">\ud83d\ude0a<\/span><\/p>\n\t\t\n<style>\n#text-2577907627 {\n  text-align: center;\n}\n@media (min-width:550px) {\n  #text-2577907627 {\n    text-align: center;\n  }\n}\n<\/style>\n\t<\/div>\n\t\n\n\t\t<\/div>\n\t\t\t\t\t<\/div>\n\n\t\n\n<\/div>\n\t\n  \n    <div class=\"row  equalize-box large-columns-4 medium-columns-2 small-columns-1 row-small has-shadow row-box-shadow-1 row-box-shadow-5-hover\" >\n  \n\t     <div class=\"col\" >\n\t\t\t\t\t\t<div class=\"col-inner\">\n\t\t\t\t\t\t\n<div class=\"badge-container absolute left top z-1\">\n\n<\/div>\n\t\t\t\t\t\t<div class=\"product-small box has-hover box-normal box-text-bottom\">\n\t\t\t\t\t\t\t<div class=\"box-image\" >\n\t\t\t\t\t\t\t\t<div class=\"\" >\n\t\t\t\t\t\t\t\t\t<a href=\"https:\/\/holidayexcursion.com\/tr\/tours-in-alanya\/airport-transfer-tr\/havalimani-3\/\" aria-label=\"GAZ\u0130PA\u015eA HAVAL\u0130MANI TRANSFER\u0130\">\n\t\t\t\t\t\t\t\t\t\t<img loading=\"lazy\" decoding=\"async\" width=\"300\" height=\"300\" src=\"https:\/\/holidayexcursion.com\/wp-content\/uploads\/2021\/12\/gazipasa-airport-transfer-1-300x300.webp\" class=\"attachment-woocommerce_thumbnail size-woocommerce_thumbnail\" alt=\"gazipa\u015fa havaalan\u0131 transferi (1)\" srcset=\"https:\/\/holidayexcursion.com\/wp-content\/uploads\/2021\/12\/gazipasa-airport-transfer-1-300x300.webp 300w, https:\/\/holidayexcursion.com\/wp-content\/uploads\/2021\/12\/gazipasa-airport-transfer-1-1024x1024.webp 1024w, https:\/\/holidayexcursion.com\/wp-content\/uploads\/2021\/12\/gazipasa-airport-transfer-1-150x150.webp 150w, https:\/\/holidayexcursion.com\/wp-content\/uploads\/2021\/12\/gazipasa-airport-transfer-1-768x768.webp 768w, https:\/\/holidayexcursion.com\/wp-content\/uploads\/2021\/12\/gazipasa-airport-transfer-1-1536x1536.webp 1536w, https:\/\/holidayexcursion.com\/wp-content\/uploads\/2021\/12\/gazipasa-airport-transfer-1-600x600.webp 600w, https:\/\/holidayexcursion.com\/wp-content\/uploads\/2021\/12\/gazipasa-airport-transfer-1-100x100.webp 100w, https:\/\/holidayexcursion.com\/wp-content\/uploads\/2021\/12\/gazipasa-airport-transfer-1.webp 2000w\" sizes=\"auto, (max-width: 300px) 100vw, 300px\" title=\"\">\t\t\t\t\t\t\t\t\t<\/a>\n\t\t\t\t\t\t\t\t\t\t\t\t\t\t\t\t\t\t \t\t\t\t\t\t\t\t<\/div>\n\t\t\t\t\t\t\t\t<div class=\"image-tools top right show-on-hover\">\n\t\t\t\t\t\t\t\t\t\t\t\t\t\t\t\t\t<\/div>\n\t\t\t\t\t\t\t\t\t\t\t\t\t\t\t\t\t<div class=\"image-tools grid-tools text-center hide-for-small bottom hover-slide-in show-on-hover\">\n\t\t\t\t\t\t\t\t\t\t\t\t\t\t\t\t\t\t\t<\/div>\n\t\t\t\t\t\t\t\t\t\t\t\t\t\t\t\t\t\t\t\t\t\t\t<\/div>\n\n\t\t\t\t\t\t\t<div class=\"box-text text-left\" >\n\t\t\t\t\t\t\t\t<div class=\"title-wrapper\"><p class=\"name product-title woocommerce-loop-product__title\"><a href=\"https:\/\/holidayexcursion.com\/tr\/tours-in-alanya\/airport-transfer-tr\/havalimani-3\/\" class=\"woocommerce-LoopProduct-link woocommerce-loop-product__link\">GAZ\u0130PA\u015eA HAVAL\u0130MANI TRANSFER\u0130<\/a><\/p><\/div><div class=\"price-wrapper\">\n\t<span class=\"price\">En D\u00fc\u015f\u00fck: <span class=\"woocommerce-Price-amount amount\"><bdi>10,00&nbsp;<span class=\"woocommerce-Price-currencySymbol\">&euro;<\/span><\/bdi><\/span><\/span>\n<\/div><div class=\"add-to-cart-button\"><a href=\"https:\/\/holidayexcursion.com\/tr\/tours-in-alanya\/airport-transfer-tr\/havalimani-3\/\" aria-describedby=\"woocommerce_loop_add_to_cart_link_describedby_6371\" data-quantity=\"1\" class=\"primary is-small mb-0 button product_type_booking add_to_cart_button is-gloss\" data-product_id=\"6371\" data-product_sku=\"\" aria-label=\"&ldquo;GAZ\u0130PA\u015eA HAVAL\u0130MANI TRANSFER\u0130&rdquo; hakk\u0131nda daha fazla bilgi edinin\" rel=\"nofollow\">Rezervasyon Yap<\/a><\/div>\t<span id=\"woocommerce_loop_add_to_cart_link_describedby_6371\" class=\"screen-reader-text\">\n\t\t\t<\/span>\n\t\t\t\t\t\t\t<\/div>\n\t\t\t\t\t\t<\/div>\n\t\t\t\t\t\t<\/div>\n\t\t\t\t\t<\/div><div class=\"col\" >\n\t\t\t\t\t\t<div class=\"col-inner\">\n\t\t\t\t\t\t\n<div class=\"badge-container absolute left top z-1\">\n\n<\/div>\n\t\t\t\t\t\t<div class=\"product-small box has-hover box-normal box-text-bottom\">\n\t\t\t\t\t\t\t<div class=\"box-image\" >\n\t\t\t\t\t\t\t\t<div class=\"\" >\n\t\t\t\t\t\t\t\t\t<a href=\"https:\/\/holidayexcursion.com\/tr\/tours-in-alanya\/airport-transfer-tr\/havalimani\/\" aria-label=\"Antalya havaliman\u0131 Transferi\">\n\t\t\t\t\t\t\t\t\t\t<img loading=\"lazy\" decoding=\"async\" width=\"300\" height=\"300\" src=\"https:\/\/holidayexcursion.com\/wp-content\/uploads\/2021\/12\/antalya-airport-transfer-1-300x300.webp\" class=\"attachment-woocommerce_thumbnail size-woocommerce_thumbnail\" alt=\"antalya havaliman\u0131 transferi (1)\" srcset=\"https:\/\/holidayexcursion.com\/wp-content\/uploads\/2021\/12\/antalya-airport-transfer-1-300x300.webp 300w, https:\/\/holidayexcursion.com\/wp-content\/uploads\/2021\/12\/antalya-airport-transfer-1-1024x1024.webp 1024w, https:\/\/holidayexcursion.com\/wp-content\/uploads\/2021\/12\/antalya-airport-transfer-1-150x150.webp 150w, https:\/\/holidayexcursion.com\/wp-content\/uploads\/2021\/12\/antalya-airport-transfer-1-768x768.webp 768w, https:\/\/holidayexcursion.com\/wp-content\/uploads\/2021\/12\/antalya-airport-transfer-1-1536x1536.webp 1536w, https:\/\/holidayexcursion.com\/wp-content\/uploads\/2021\/12\/antalya-airport-transfer-1-600x600.webp 600w, https:\/\/holidayexcursion.com\/wp-content\/uploads\/2021\/12\/antalya-airport-transfer-1-100x100.webp 100w, https:\/\/holidayexcursion.com\/wp-content\/uploads\/2021\/12\/antalya-airport-transfer-1.webp 2047w\" sizes=\"auto, (max-width: 300px) 100vw, 300px\" title=\"\">\t\t\t\t\t\t\t\t\t<\/a>\n\t\t\t\t\t\t\t\t\t\t\t\t\t\t\t\t\t\t \t\t\t\t\t\t\t\t<\/div>\n\t\t\t\t\t\t\t\t<div class=\"image-tools top right show-on-hover\">\n\t\t\t\t\t\t\t\t\t\t\t\t\t\t\t\t\t<\/div>\n\t\t\t\t\t\t\t\t\t\t\t\t\t\t\t\t\t<div class=\"image-tools grid-tools text-center hide-for-small bottom hover-slide-in show-on-hover\">\n\t\t\t\t\t\t\t\t\t\t\t\t\t\t\t\t\t\t\t<\/div>\n\t\t\t\t\t\t\t\t\t\t\t\t\t\t\t\t\t\t\t\t\t\t\t<\/div>\n\n\t\t\t\t\t\t\t<div class=\"box-text text-left\" >\n\t\t\t\t\t\t\t\t<div class=\"title-wrapper\"><p class=\"name product-title woocommerce-loop-product__title\"><a href=\"https:\/\/holidayexcursion.com\/tr\/tours-in-alanya\/airport-transfer-tr\/havalimani\/\" class=\"woocommerce-LoopProduct-link woocommerce-loop-product__link\">Antalya havaliman\u0131 Transferi<\/a><\/p><\/div><div class=\"price-wrapper\">\n\t<span class=\"price\">En D\u00fc\u015f\u00fck: <span class=\"woocommerce-Price-amount amount\"><bdi>15,00&nbsp;<span class=\"woocommerce-Price-currencySymbol\">&euro;<\/span><\/bdi><\/span><\/span>\n<\/div><div class=\"add-to-cart-button\"><a href=\"https:\/\/holidayexcursion.com\/tr\/tours-in-alanya\/airport-transfer-tr\/havalimani\/\" aria-describedby=\"woocommerce_loop_add_to_cart_link_describedby_6386\" data-quantity=\"1\" class=\"primary is-small mb-0 button product_type_booking add_to_cart_button is-gloss\" data-product_id=\"6386\" data-product_sku=\"\" aria-label=\"&ldquo;Antalya havaliman\u0131 Transferi&rdquo; hakk\u0131nda daha fazla bilgi edinin\" rel=\"nofollow\">Rezervasyon Yap<\/a><\/div>\t<span id=\"woocommerce_loop_add_to_cart_link_describedby_6386\" class=\"screen-reader-text\">\n\t\t\t<\/span>\n\t\t\t\t\t\t\t<\/div>\n\t\t\t\t\t\t<\/div>\n\t\t\t\t\t\t<\/div>\n\t\t\t\t\t<\/div><div class=\"col\" >\n\t\t\t\t\t\t<div class=\"col-inner\">\n\t\t\t\t\t\t\n<div class=\"badge-container absolute left top z-1\">\n\n<\/div>\n\t\t\t\t\t\t<div class=\"product-small box has-hover box-normal box-text-bottom\">\n\t\t\t\t\t\t\t<div class=\"box-image\" >\n\t\t\t\t\t\t\t\t<div class=\"\" >\n\t\t\t\t\t\t\t\t\t<a href=\"https:\/\/holidayexcursion.com\/tr\/tours-in-alanya\/airport-transfer-tr\/havaalani-2\/\" aria-label=\"GAZ\u0130PA\u015eA HAVAL\u0130MANI \u00d6ZEL TRANSFER\">\n\t\t\t\t\t\t\t\t\t\t<img loading=\"lazy\" decoding=\"async\" width=\"300\" height=\"300\" src=\"https:\/\/holidayexcursion.com\/wp-content\/uploads\/2021\/12\/gazipasa-airport-transfer-1-300x300.webp\" class=\"attachment-woocommerce_thumbnail size-woocommerce_thumbnail\" alt=\"gazipa\u015fa havaalan\u0131 transferi (1)\" srcset=\"https:\/\/holidayexcursion.com\/wp-content\/uploads\/2021\/12\/gazipasa-airport-transfer-1-300x300.webp 300w, https:\/\/holidayexcursion.com\/wp-content\/uploads\/2021\/12\/gazipasa-airport-transfer-1-1024x1024.webp 1024w, https:\/\/holidayexcursion.com\/wp-content\/uploads\/2021\/12\/gazipasa-airport-transfer-1-150x150.webp 150w, https:\/\/holidayexcursion.com\/wp-content\/uploads\/2021\/12\/gazipasa-airport-transfer-1-768x768.webp 768w, https:\/\/holidayexcursion.com\/wp-content\/uploads\/2021\/12\/gazipasa-airport-transfer-1-1536x1536.webp 1536w, https:\/\/holidayexcursion.com\/wp-content\/uploads\/2021\/12\/gazipasa-airport-transfer-1-600x600.webp 600w, https:\/\/holidayexcursion.com\/wp-content\/uploads\/2021\/12\/gazipasa-airport-transfer-1-100x100.webp 100w, https:\/\/holidayexcursion.com\/wp-content\/uploads\/2021\/12\/gazipasa-airport-transfer-1.webp 2000w\" sizes=\"auto, (max-width: 300px) 100vw, 300px\" title=\"\">\t\t\t\t\t\t\t\t\t<\/a>\n\t\t\t\t\t\t\t\t\t\t\t\t\t\t\t\t\t\t \t\t\t\t\t\t\t\t<\/div>\n\t\t\t\t\t\t\t\t<div class=\"image-tools top right show-on-hover\">\n\t\t\t\t\t\t\t\t\t\t\t\t\t\t\t\t\t<\/div>\n\t\t\t\t\t\t\t\t\t\t\t\t\t\t\t\t\t<div class=\"image-tools grid-tools text-center hide-for-small bottom hover-slide-in show-on-hover\">\n\t\t\t\t\t\t\t\t\t\t\t\t\t\t\t\t\t\t\t<\/div>\n\t\t\t\t\t\t\t\t\t\t\t\t\t\t\t\t\t\t\t\t\t\t\t<\/div>\n\n\t\t\t\t\t\t\t<div class=\"box-text text-left\" >\n\t\t\t\t\t\t\t\t<div class=\"title-wrapper\"><p class=\"name product-title woocommerce-loop-product__title\"><a href=\"https:\/\/holidayexcursion.com\/tr\/tours-in-alanya\/airport-transfer-tr\/havaalani-2\/\" class=\"woocommerce-LoopProduct-link woocommerce-loop-product__link\">GAZ\u0130PA\u015eA HAVAL\u0130MANI \u00d6ZEL TRANSFER<\/a><\/p><\/div><div class=\"price-wrapper\">\n\t<span class=\"price\">En D\u00fc\u015f\u00fck: <span class=\"woocommerce-Price-amount amount\"><bdi>25,00&nbsp;<span class=\"woocommerce-Price-currencySymbol\">&euro;<\/span><\/bdi><\/span><\/span>\n<\/div><div class=\"add-to-cart-button\"><a href=\"https:\/\/holidayexcursion.com\/tr\/tours-in-alanya\/airport-transfer-tr\/havaalani-2\/\" aria-describedby=\"woocommerce_loop_add_to_cart_link_describedby_6383\" data-quantity=\"1\" class=\"primary is-small mb-0 button product_type_booking add_to_cart_button is-gloss\" data-product_id=\"6383\" data-product_sku=\"\" aria-label=\"&ldquo;GAZ\u0130PA\u015eA HAVAL\u0130MANI \u00d6ZEL TRANSFER&rdquo; hakk\u0131nda daha fazla bilgi edinin\" rel=\"nofollow\">Rezervasyon Yap<\/a><\/div>\t<span id=\"woocommerce_loop_add_to_cart_link_describedby_6383\" class=\"screen-reader-text\">\n\t\t\t<\/span>\n\t\t\t\t\t\t\t<\/div>\n\t\t\t\t\t\t<\/div>\n\t\t\t\t\t\t<\/div>\n\t\t\t\t\t<\/div><div class=\"col\" >\n\t\t\t\t\t\t<div class=\"col-inner\">\n\t\t\t\t\t\t\n<div class=\"badge-container absolute left top z-1\">\n\n<\/div>\n\t\t\t\t\t\t<div class=\"product-small box has-hover box-normal box-text-bottom\">\n\t\t\t\t\t\t\t<div class=\"box-image\" >\n\t\t\t\t\t\t\t\t<div class=\"\" >\n\t\t\t\t\t\t\t\t\t<a href=\"https:\/\/holidayexcursion.com\/tr\/tours-in-alanya\/airport-transfer-tr\/havalimani-4\/\" aria-label=\"\u00d6ZEL HAVAL\u0130MANI TRANSFER\">\n\t\t\t\t\t\t\t\t\t\t<img loading=\"lazy\" decoding=\"async\" width=\"300\" height=\"300\" src=\"https:\/\/holidayexcursion.com\/wp-content\/uploads\/2021\/12\/antalya-airport-transfer-1-300x300.webp\" class=\"attachment-woocommerce_thumbnail size-woocommerce_thumbnail\" alt=\"antalya havaliman\u0131 transferi (1)\" srcset=\"https:\/\/holidayexcursion.com\/wp-content\/uploads\/2021\/12\/antalya-airport-transfer-1-300x300.webp 300w, https:\/\/holidayexcursion.com\/wp-content\/uploads\/2021\/12\/antalya-airport-transfer-1-1024x1024.webp 1024w, https:\/\/holidayexcursion.com\/wp-content\/uploads\/2021\/12\/antalya-airport-transfer-1-150x150.webp 150w, https:\/\/holidayexcursion.com\/wp-content\/uploads\/2021\/12\/antalya-airport-transfer-1-768x768.webp 768w, https:\/\/holidayexcursion.com\/wp-content\/uploads\/2021\/12\/antalya-airport-transfer-1-1536x1536.webp 1536w, https:\/\/holidayexcursion.com\/wp-content\/uploads\/2021\/12\/antalya-airport-transfer-1-600x600.webp 600w, https:\/\/holidayexcursion.com\/wp-content\/uploads\/2021\/12\/antalya-airport-transfer-1-100x100.webp 100w, https:\/\/holidayexcursion.com\/wp-content\/uploads\/2021\/12\/antalya-airport-transfer-1.webp 2047w\" sizes=\"auto, (max-width: 300px) 100vw, 300px\" title=\"\">\t\t\t\t\t\t\t\t\t<\/a>\n\t\t\t\t\t\t\t\t\t\t\t\t\t\t\t\t\t\t \t\t\t\t\t\t\t\t<\/div>\n\t\t\t\t\t\t\t\t<div class=\"image-tools top right show-on-hover\">\n\t\t\t\t\t\t\t\t\t\t\t\t\t\t\t\t\t<\/div>\n\t\t\t\t\t\t\t\t\t\t\t\t\t\t\t\t\t<div class=\"image-tools grid-tools text-center hide-for-small bottom hover-slide-in show-on-hover\">\n\t\t\t\t\t\t\t\t\t\t\t\t\t\t\t\t\t\t\t<\/div>\n\t\t\t\t\t\t\t\t\t\t\t\t\t\t\t\t\t\t\t\t\t\t\t<\/div>\n\n\t\t\t\t\t\t\t<div class=\"box-text text-left\" >\n\t\t\t\t\t\t\t\t<div class=\"title-wrapper\"><p class=\"name product-title woocommerce-loop-product__title\"><a href=\"https:\/\/holidayexcursion.com\/tr\/tours-in-alanya\/airport-transfer-tr\/havalimani-4\/\" class=\"woocommerce-LoopProduct-link woocommerce-loop-product__link\">\u00d6ZEL HAVAL\u0130MANI TRANSFER<\/a><\/p><\/div><div class=\"price-wrapper\">\n\t<span class=\"price\">En D\u00fc\u015f\u00fck: <span class=\"woocommerce-Price-amount amount\"><bdi>60,00&nbsp;<span class=\"woocommerce-Price-currencySymbol\">&euro;<\/span><\/bdi><\/span><\/span>\n<\/div><div class=\"add-to-cart-button\"><a href=\"https:\/\/holidayexcursion.com\/tr\/tours-in-alanya\/airport-transfer-tr\/havalimani-4\/\" aria-describedby=\"woocommerce_loop_add_to_cart_link_describedby_6380\" data-quantity=\"1\" class=\"primary is-small mb-0 button product_type_booking add_to_cart_button is-gloss\" data-product_id=\"6380\" data-product_sku=\"\" aria-label=\"&ldquo;\u00d6ZEL HAVAL\u0130MANI TRANSFER&rdquo; hakk\u0131nda daha fazla bilgi edinin\" rel=\"nofollow\">Rezervasyon Yap<\/a><\/div>\t<span id=\"woocommerce_loop_add_to_cart_link_describedby_6380\" class=\"screen-reader-text\">\n\t\t\t<\/span>\n\t\t\t\t\t\t\t<\/div>\n\t\t\t\t\t\t<\/div>\n\t\t\t\t\t\t<\/div>\n\t\t\t\t\t<\/div><\/div>\n","protected":false},"excerpt":{"rendered":"","protected":false},"author":4,"featured_media":0,"parent":0,"menu_order":0,"comment_status":"closed","ping_status":"closed","template":"page-blank.php","meta":{"footnotes":""},"class_list":["post-4980","page","type-page","status-publish","hentry"],"_links":{"self":[{"href":"https:\/\/holidayexcursion.com\/tr\/wp-json\/wp\/v2\/pages\/4980","targetHints":{"allow":["GET"]}}],"collection":[{"href":"https:\/\/holidayexcursion.com\/tr\/wp-json\/wp\/v2\/pages"}],"about":[{"href":"https:\/\/holidayexcursion.com\/tr\/wp-json\/wp\/v2\/types\/page"}],"author":[{"embeddable":true,"href":"https:\/\/holidayexcursion.com\/tr\/wp-json\/wp\/v2\/users\/4"}],"replies":[{"embeddable":true,"href":"https:\/\/holidayexcursion.com\/tr\/wp-json\/wp\/v2\/comments?post=4980"}],"version-history":[{"count":0,"href":"https:\/\/holidayexcursion.com\/tr\/wp-json\/wp\/v2\/pages\/4980\/revisions"}],"wp:attachment":[{"href":"https:\/\/holidayexcursion.com\/tr\/wp-json\/wp\/v2\/media?parent=4980"}],"curies":[{"name":"wp","href":"https:\/\/api.w.org\/{rel}","templated":true}]}}