{"id":5003,"date":"2021-12-07T00:47:18","date_gmt":"2021-12-06T21:47:18","guid":{"rendered":"http:\/\/holidayexcursion.com\/hakkimizda\/"},"modified":"2023-11-08T18:53:56","modified_gmt":"2023-11-08T15:53:56","slug":"hakkimizda","status":"publish","type":"page","link":"https:\/\/holidayexcursion.com\/tr\/hakkimizda\/","title":{"rendered":"Hakk\u0131m\u0131zda"},"content":{"rendered":"\n\n\t<section class=\"section dark\" id=\"section_2139023055\">\n\t\t<div class=\"section-bg fill\" >\n\t\t\t<img loading=\"lazy\" decoding=\"async\" width=\"1500\" height=\"600\" src=\"https:\/\/holidayexcursion.com\/wp-content\/uploads\/2021\/12\/FS-background-01.png\" class=\"bg\" alt=\"Alanya Kalesi\" srcset=\"https:\/\/holidayexcursion.com\/wp-content\/uploads\/2021\/12\/FS-background-01.png 1500w, https:\/\/holidayexcursion.com\/wp-content\/uploads\/2021\/12\/FS-background-01-300x120.png 300w, https:\/\/holidayexcursion.com\/wp-content\/uploads\/2021\/12\/FS-background-01-1024x410.png 1024w, https:\/\/holidayexcursion.com\/wp-content\/uploads\/2021\/12\/FS-background-01-768x307.png 768w, https:\/\/holidayexcursion.com\/wp-content\/uploads\/2021\/12\/FS-background-01-600x240.png 600w\" sizes=\"auto, (max-width: 1500px) 100vw, 1500px\" title=\"\">\n\t\t\t\n\t\t\t\n\t\t\t\n\n\t\t<\/div>\n\n\t\t\n\n\t\t<div class=\"section-content relative\">\n\t\t\t\n\n<div class=\"row align-center\"  id=\"row-1382673854\">\n\n\n\t<div id=\"col-1545063903\" class=\"col medium-7 small-12 large-8\"  >\n\t\t\t\t<div class=\"col-inner\"  >\n\t\t\t\n\t\t\t\n\n\t<div id=\"text-3424277252\" class=\"text\">\n\t\t\n\n<h1 style=\"text-align: center;\"><span style=\"font-size: 250%;\">Hakk\u0131m\u0131zda<\/span><\/h1>\n\t\t\n<style>\n#text-3424277252 {\n  text-align: center;\n}\n<\/style>\n\t<\/div>\n\t\n<div class=\"text-center\"><div class=\"is-divider divider clearfix\" style=\"max-width:100px;height:5px;background-color:rgb(17, 75, 108);\"><\/div><\/div>\n\n\t<div id=\"text-3138124126\" class=\"text\">\n\t\t\n\n<p style=\"text-align: center;\">Sayfam\u0131za ho\u015f geldiniz. Biz (A) Grubu t\u00fcrk seyahat acenteleri derne\u011fine \u00fcye bir \u015firketiz.T\u00fcm rezervasyonlar\u0131n\u0131z BUGRA TUR\u0130ZM isimli (2368) ruhsat numaral\u0131 firmam\u0131z\u0131n garantisi alt\u0131ndad\u0131r. 7\/24 online rezervasyon kabul ediyoruz.<\/p>\n\t\t\n<style>\n#text-3138124126 {\n  text-align: center;\n}\n<\/style>\n\t<\/div>\n\t\n\n\t\t<\/div>\n\t\t\t\t\t<\/div>\n\n\t\n\n<\/div>\n\n\t\t<\/div>\n\n\t\t\n<style>\n#section_2139023055 {\n  padding-top: 30px;\n  padding-bottom: 30px;\n  min-height: 350px;\n  background-color: #f09c08;\n}\n#section_2139023055 .bg {\n  object-position: 46% 59%;\n}\n@media (min-width:550px) {\n  #section_2139023055 {\n    min-height: 213px;\n  }\n}\n<\/style>\n\t<\/section>\n\t\n\n\t<section class=\"section\" id=\"section_1234249454\">\n\t\t<div class=\"section-bg fill\" >\n\t\t\t\n\t\t\t\n\t\t\t\n\t\t\t\n\n\t\t<\/div>\n\n\t\t\n\n\t\t<div class=\"section-content relative\">\n\t\t\t\n\n\t<div id=\"gap-1184849423\" class=\"gap-element clearfix\" style=\"display:block; height:auto;\">\n\t\t\n<style>\n#gap-1184849423 {\n  padding-top: 30px;\n}\n<\/style>\n\t<\/div>\n\t\n\n<div class=\"row row-large align-middle\" style=\"max-width:1300px\" id=\"row-820114669\">\n\n\n\t<div id=\"col-1045188630\" class=\"col medium-12 small-12 large-6\"  >\n\t\t\t\t<div class=\"col-inner\"  >\n\t\t\t\n\t\t\t\n\n\t<div class=\"img has-hover x md-x lg-x y md-y lg-y\" id=\"image_1403972463\">\n\t\t\t\t\t\t<div data-animate=\"bounceInLeft\">\t\t<div class=\"img-inner dark\" >\n\t\t\t<img loading=\"lazy\" decoding=\"async\" width=\"619\" height=\"284\" src=\"https:\/\/holidayexcursion.com\/wp-content\/uploads\/2021\/11\/Holiday-Excursion-Alanya-logo.webp\" class=\"attachment-original size-original\" alt=\"Alanya Tatil Turlar\u0131\" srcset=\"https:\/\/holidayexcursion.com\/wp-content\/uploads\/2021\/11\/Holiday-Excursion-Alanya-logo.webp 619w, https:\/\/holidayexcursion.com\/wp-content\/uploads\/2021\/11\/Holiday-Excursion-Alanya-logo-300x138.webp 300w, https:\/\/holidayexcursion.com\/wp-content\/uploads\/2021\/11\/Holiday-Excursion-Alanya-logo-600x275.webp 600w\" sizes=\"auto, (max-width: 619px) 100vw, 619px\" title=\"\">\t\t\t\t\t\t\n\t\t\t\t\t<\/div>\n\t\t<\/div>\t\t\t\t\t\t\n<style>\n#image_1403972463 {\n  width: 100%;\n}\n<\/style>\n\t<\/div>\n\t\n\n\n\t\t<\/div>\n\t\t\t\t\t<\/div>\n\n\t\n\n\t<div id=\"col-769126242\" class=\"col medium-12 small-12 large-6\"  >\n\t\t\t\t<div class=\"col-inner\"  >\n\t\t\t\n\t\t\t\n\n\t<div id=\"gap-1216885175\" class=\"gap-element clearfix\" style=\"display:block; height:auto;\">\n\t\t\n<style>\n#gap-1216885175 {\n  padding-top: 30px;\n}\n<\/style>\n\t<\/div>\n\t\n\n\t<div id=\"text-325564925\" class=\"text\">\n\t\t\n\n<h2>Tatil Gezi Turizm Acentesi<\/h2>\n\t\t\n<style>\n#text-325564925 {\n  font-size: 1.75rem;\n  text-align: center;\n}\n@media (min-width:550px) {\n  #text-325564925 {\n    text-align: center;\n  }\n}\n<\/style>\n\t<\/div>\n\t\n<div class=\"text-center\"><div class=\"is-divider divider clearfix\" style=\"max-width:100px;height:4px;background-color:rgb(51, 95, 36);\"><\/div><\/div>\n\n\t<div id=\"text-1343803215\" class=\"text\">\n\t\t\n\n<p>Sayfam\u0131za ho\u015f geldiniz. Biz (A) Grubu t\u00fcrk seyahat acenteleri derne\u011fine \u00fcye bir \u015firketiz.T\u00fcm rezervasyonlar\u0131n\u0131z BUGRA TUR\u0130ZM isimli (2368) ruhsat numaral\u0131 firmam\u0131z\u0131n garantisi alt\u0131ndad\u0131r. Online rezervasyonlar\u0131 7\/24 kabul ediyoruz. Rezervasyon formunu doldurarak, whats app, e-posta g\u00f6ndererek, arayarak veya sms ile farkl\u0131 \u015fekillerde rezervasyon yapabilirsiniz.Rezervasyon i\u00e7in adresinizi ve detaylar\u0131n\u0131z\u0131 alaca\u011f\u0131z. Talebinize ba\u011fl\u0131 olarak kendi dilinizde bilgi personelimiz sizi otelinize veya ya\u015fad\u0131\u011f\u0131n\u0131z adrese gelip turlar\u0131m\u0131z hakk\u0131nda bilgi verecektir.T\u00fcrk Hamam\u0131,T\u00fcrk gecesi ve ATV turu gibi tur aktivitelerinden baz\u0131lar\u0131d\u0131r. Ayn\u0131 g\u00fcn i\u00e7inde rezervasyona m\u00fcsaittir. Tur \u00fccretini rezervasyon s\u0131ras\u0131nda rehber veya dan\u0131\u015fma personeline \u00f6deyebilir, personelimize t\u00fcm para birimlerinde \u00f6deme yapabilirsiniz. Unutulmaz bir gezi ve gezilerimizde keyifli anlar dileriz.<\/p>\n\t\t\n<style>\n#text-1343803215 {\n  text-align: center;\n}\n@media (min-width:550px) {\n  #text-1343803215 {\n    text-align: center;\n  }\n}\n<\/style>\n\t<\/div>\n\t\n\n\t\t<\/div>\n\t\t\t\t\n<style>\n#col-769126242 > .col-inner {\n  padding: 0px 0px 0px 0;\n}\n@media (min-width:550px) {\n  #col-769126242 > .col-inner {\n    padding: 0px 0px 0px 30px;\n  }\n}\n<\/style>\n\t<\/div>\n\n\t\n\n<\/div>\n\t<div id=\"gap-1586101584\" class=\"gap-element clearfix\" style=\"display:block; height:auto;\">\n\t\t\n<style>\n#gap-1586101584 {\n  padding-top: 40px;\n}\n@media (min-width:550px) {\n  #gap-1586101584 {\n    padding-top: 80px;\n  }\n}\n<\/style>\n\t<\/div>\n\t\n\n<div class=\"row row-solid\" style=\"max-width:1300px\" id=\"row-835069871\">\n\n\n\t<div id=\"col-1541159139\" class=\"col medium-4 small-12 large-4\"  >\n\t\t\t\t<div class=\"col-inner\"  >\n\t\t\t\n\t\t\t\n\n\t<div id=\"text-2582649695\" class=\"text\">\n\t\t\n\n<h2><span class=\"count-up\">35<\/span> +<\/h2>\n\t\t\n<style>\n#text-2582649695 {\n  font-size: 2.5rem;\n  text-align: center;\n}\n<\/style>\n\t<\/div>\n\t\n\t<div id=\"text-2025690922\" class=\"text\">\n\t\t\n\n<p>Turlar<\/p>\n\t\t\n<style>\n#text-2025690922 {\n  text-align: center;\n}\n<\/style>\n\t<\/div>\n\t\n\n\t\t<\/div>\n\t\t\t\t\t<\/div>\n\n\t\n\n\t<div id=\"col-1371268709\" class=\"col medium-4 small-12 large-4\"  >\n\t\t\t\t<div class=\"col-inner\"  >\n\t\t\t\n\t\t\t\n\n\t<div id=\"text-215254569\" class=\"text\">\n\t\t\n\n<h2><span class=\"count-up\">2563<\/span> +<\/h2>\n\t\t\n<style>\n#text-215254569 {\n  font-size: 2.5rem;\n  text-align: center;\n}\n<\/style>\n\t<\/div>\n\t\n\t<div id=\"text-2404580645\" class=\"text\">\n\t\t\n\n<p>mutlu m\u00fc\u015fteri<\/p>\n\t\t\n<style>\n#text-2404580645 {\n  text-align: center;\n}\n<\/style>\n\t<\/div>\n\t\n\n\t\t<\/div>\n\t\t\t\t\t<\/div>\n\n\t\n\n\t<div id=\"col-981509154\" class=\"col medium-4 small-12 large-4\"  >\n\t\t\t\t<div class=\"col-inner\"  >\n\t\t\t\n\t\t\t\n\n\t<div id=\"text-2447337785\" class=\"text\">\n\t\t\n\n<h2><span class=\"count-up\">13<\/span><\/h2>\n\t\t\n<style>\n#text-2447337785 {\n  font-size: 2.5rem;\n  text-align: center;\n}\n<\/style>\n\t<\/div>\n\t\n\t<div id=\"text-458244824\" class=\"text\">\n\t\t\n\n<p>Y\u0131ll\u0131k Deneyimler<\/p>\n\t\t\n<style>\n#text-458244824 {\n  text-align: center;\n}\n<\/style>\n\t<\/div>\n\t\n\n\t\t<\/div>\n\t\t\t\t\t<\/div>\n\n\t\n\n<\/div>\n\n\t\t<\/div>\n\n\t\t\n<style>\n#section_1234249454 {\n  padding-top: 50px;\n  padding-bottom: 50px;\n}\n@media (min-width:550px) {\n  #section_1234249454 {\n    padding-top: 110px;\n    padding-bottom: 110px;\n  }\n}\n<\/style>\n\t<\/section>\n\t\n","protected":false},"excerpt":{"rendered":"","protected":false},"author":4,"featured_media":0,"parent":0,"menu_order":0,"comment_status":"closed","ping_status":"closed","template":"page-blank.php","meta":{"footnotes":""},"class_list":["post-5003","page","type-page","status-publish","hentry"],"_links":{"self":[{"href":"https:\/\/holidayexcursion.com\/tr\/wp-json\/wp\/v2\/pages\/5003","targetHints":{"allow":["GET"]}}],"collection":[{"href":"https:\/\/holidayexcursion.com\/tr\/wp-json\/wp\/v2\/pages"}],"about":[{"href":"https:\/\/holidayexcursion.com\/tr\/wp-json\/wp\/v2\/types\/page"}],"author":[{"embeddable":true,"href":"https:\/\/holidayexcursion.com\/tr\/wp-json\/wp\/v2\/users\/4"}],"replies":[{"embeddable":true,"href":"https:\/\/holidayexcursion.com\/tr\/wp-json\/wp\/v2\/comments?post=5003"}],"version-history":[{"count":0,"href":"https:\/\/holidayexcursion.com\/tr\/wp-json\/wp\/v2\/pages\/5003\/revisions"}],"wp:attachment":[{"href":"https:\/\/holidayexcursion.com\/tr\/wp-json\/wp\/v2\/media?parent=5003"}],"curies":[{"name":"wp","href":"https:\/\/api.w.org\/{rel}","templated":true}]}}