{"id":20126,"date":"2022-01-11T12:26:10","date_gmt":"2022-01-11T09:26:10","guid":{"rendered":"https:\/\/holidayexcursion.com\/excursions-in-alanya\/kategorilenmemis\/the-land-of-legends-tour\/"},"modified":"2024-03-18T12:10:16","modified_gmt":"2024-03-18T09:10:16","slug":"land-of-legends","status":"publish","type":"product","link":"https:\/\/holidayexcursion.com\/tr\/tours-in-alanya\/turlar\/land-of-legends\/","title":{"rendered":"Land of Legends"},"content":{"rendered":"<ul>\n<li style=\"text-align: center;\">\n \t<\/li>\n<li style=\"text-align: center;\">\n<h2 style=\"text-align: center;\"><strong>LAND OF LEGENDS<\/strong><\/h2>\n<\/li>\n<li style=\"text-align: center;\">\n<p style=\"text-align: center;\">Land of Legends Turu ile Maceray\u0131 ve Harikay\u0131 Ortaya \u00c7\u0131kar\u0131n<\/p>\n<p style=\"text-align: center;\">\u00c7arp\u0131c\u0131 T\u00fcrkiye k\u0131y\u0131 \u015feridinde yer alan <a href=\"https:\/\/en.wikipedia.org\/wiki\/Belek\" rel=\"nofollow noopener\" target=\"_blank\">Belek<\/a>, tarih, k\u00fclt\u00fcr ve do\u011fal g\u00fczelli\u011fin b\u00fcy\u00fcleyici bir kar\u0131\u015f\u0131m\u0131n\u0131 sunuyor. Pek \u00e7ok ilgi \u00e7ekici yer aras\u0131nda Land of Legends, ola\u011fan\u00fcst\u00fc ve s\u00fcr\u00fckleyici bir deneyim arayan gezginlerin mutlaka ziyaret etmesi gereken bir destinasyon olarak \u00f6ne \u00e7\u0131k\u0131yor. Bu Holiday Excursion tur program\u0131 sizi bekleyen macera ve harikalar\u0131n canl\u0131 bir resmini \u00e7izerek sizi Land of Legends Belek&#8217;le tan\u0131\u015ft\u0131r\u0131yor.<\/p>\n<\/li>\n<li style=\"text-align: center;\">\n<p style=\"text-align: center;\"><img loading=\"lazy\" decoding=\"async\" class=\"alignnone size-medium wp-image-7015\" src=\"https:\/\/holidayexcursion.com\/wp-content\/uploads\/2022\/01\/theme-park-efsane-olacak-ek-fotograflar_3313_dhaphoto1-640x420-1-300x197.jpg\" alt=\"\" width=\"300\" height=\"197\" title=\"\" srcset=\"https:\/\/holidayexcursion.com\/wp-content\/uploads\/2022\/01\/theme-park-efsane-olacak-ek-fotograflar_3313_dhaphoto1-640x420-1-300x197.jpg 300w, https:\/\/holidayexcursion.com\/wp-content\/uploads\/2022\/01\/theme-park-efsane-olacak-ek-fotograflar_3313_dhaphoto1-640x420-1-600x394.jpg 600w, https:\/\/holidayexcursion.com\/wp-content\/uploads\/2022\/01\/theme-park-efsane-olacak-ek-fotograflar_3313_dhaphoto1-640x420-1.jpg 640w\" sizes=\"auto, (max-width: 300px) 100vw, 300px\" \/><\/p>\n<\/li>\n<li style=\"text-align: center;\">\n<p style=\"text-align: center;\">1. E\u015fi benzeri olmayan Efsanevi Bir Tema Park\u0131:<br \/>\nLand of Legends bir tema park\u0131ndan \u00e7ok daha fazlas\u0131d\u0131r; buras\u0131 bir b\u00fcy\u00fc ve heyecan diyar\u0131d\u0131r. 2,5 milyon metrekareden fazla alana yay\u0131lan bu geni\u015f kompleks, her ya\u015ftan ziyaret\u00e7iye \u00e7e\u015fitli heyecan verici geziler, su bazl\u0131 maceralar ve inan\u0131lmaz e\u011flence sunuyor. Heyecan verici h\u0131z trenlerinden sim\u00fcle edilmi\u015f tropikal ya\u011fmur ormanlar\u0131na kadar Land of Legends, hayal g\u00fcc\u00fcn\u00fcz\u00fc yakalar ve size unutulmaz an\u0131lar b\u0131rak\u0131r.<\/p>\n<\/li>\n<li style=\"text-align: center;\">\n<p style=\"text-align: center;\"><img loading=\"lazy\" decoding=\"async\" class=\"alignnone size-medium wp-image-7005\" src=\"https:\/\/holidayexcursion.com\/wp-content\/uploads\/2022\/01\/theme-park-efsane-olacak-ek-fotograflar-alanya-kemer-belek-antalya-300x197.jpg\" alt=\"\" width=\"300\" height=\"197\" title=\"\" srcset=\"https:\/\/holidayexcursion.com\/wp-content\/uploads\/2022\/01\/theme-park-efsane-olacak-ek-fotograflar-alanya-kemer-belek-antalya-300x197.jpg 300w, https:\/\/holidayexcursion.com\/wp-content\/uploads\/2022\/01\/theme-park-efsane-olacak-ek-fotograflar-alanya-kemer-belek-antalya-600x394.jpg 600w, https:\/\/holidayexcursion.com\/wp-content\/uploads\/2022\/01\/theme-park-efsane-olacak-ek-fotograflar-alanya-kemer-belek-antalya.jpg 640w\" sizes=\"auto, (max-width: 300px) 100vw, 300px\" \/><\/p>\n<\/li>\n<li style=\"text-align: center;\">\n<p style=\"text-align: center;\">2. Mitolojiye Yolculuk:<br \/>\nLand of Legends&#8217;ta mitolojinin canland\u0131\u011f\u0131 bir d\u00fcnyaya ad\u0131m at\u0131n. Antik mitlerden ve efsanelerden ilham alan park, ziyaret\u00e7ilere Yunan, Roma ve T\u00fcrk folklorunun derinliklerinde s\u00fcr\u00fckleyici bir deneyim sunuyor. Park\u0131 ke\u015ffederken Herk\u00fcl veya Midas gibi efsanevi fig\u00fcrlerle kar\u015f\u0131la\u015f\u0131n ve bu efsanevi masallar\u0131 hayata ge\u00e7iren destans\u0131 canl\u0131 performanslara tan\u0131k olun.<\/p>\n<\/li>\n<li style=\"text-align: center;\">\n<p style=\"text-align: center;\"><img loading=\"lazy\" decoding=\"async\" class=\"alignnone size-medium wp-image-7000\" src=\"https:\/\/holidayexcursion.com\/wp-content\/uploads\/2022\/01\/the-land-of-legends-kingdom-300x204.jpg\" alt=\"\" width=\"300\" height=\"204\" title=\"\" srcset=\"https:\/\/holidayexcursion.com\/wp-content\/uploads\/2022\/01\/the-land-of-legends-kingdom-300x204.jpg 300w, https:\/\/holidayexcursion.com\/wp-content\/uploads\/2022\/01\/the-land-of-legends-kingdom-768x522.jpg 768w, https:\/\/holidayexcursion.com\/wp-content\/uploads\/2022\/01\/the-land-of-legends-kingdom-1024x696.jpg 1024w, https:\/\/holidayexcursion.com\/wp-content\/uploads\/2022\/01\/the-land-of-legends-kingdom-600x408.jpg 600w, https:\/\/holidayexcursion.com\/wp-content\/uploads\/2022\/01\/the-land-of-legends-kingdom.jpg 1280w\" sizes=\"auto, (max-width: 300px) 100vw, 300px\" \/><\/p>\n<\/li>\n<li style=\"text-align: center;\">\n<p style=\"text-align: center;\">3. Herkes \u0130\u00e7in Su Maceralar\u0131:<br \/>\nLand of Legends Tour&#8217;un \u00f6ne \u00e7\u0131kan \u00f6zelliklerinden biri de ola\u011fan\u00fcst\u00fc <a href=\"https:\/\/holidayexcursion.com\/tours-in-alanya\/tours\/aquapark\/\">su park\u0131d\u0131r.<\/a> Heyecan verici kayd\u0131raklar, dalga havuzlar\u0131, tembel nehirler ve canl\u0131 lag\u00fcnlerle donat\u0131lm\u0131\u015f geni\u015f bir su oyun alan\u0131na dal\u0131n. \u0130ster adrenalin patlamas\u0131 ister tropikal manzaran\u0131n ortas\u0131nda rahatlat\u0131c\u0131 bir y\u00fczme aray\u0131\u015f\u0131nda olun, su park\u0131 t\u00fcm tercihlere ve ilgi alanlar\u0131na hitap etmektedir.<\/p>\n<\/li>\n<li style=\"text-align: center;\">                                                        <img loading=\"lazy\" decoding=\"async\" class=\"alignnone size-medium wp-image-6995 aligncenter\" src=\"https:\/\/holidayexcursion.com\/wp-content\/uploads\/2022\/01\/the-land-of-legends-1-300x162.jpg\" alt=\"\" width=\"300\" height=\"162\" title=\"\" srcset=\"https:\/\/holidayexcursion.com\/wp-content\/uploads\/2022\/01\/the-land-of-legends-1-300x162.jpg 300w, https:\/\/holidayexcursion.com\/wp-content\/uploads\/2022\/01\/the-land-of-legends-1-600x323.jpg 600w, https:\/\/holidayexcursion.com\/wp-content\/uploads\/2022\/01\/the-land-of-legends-1.jpg 705w\" sizes=\"auto, (max-width: 300px) 100vw, 300px\" \/><\/li>\n<li style=\"text-align: center;\">\n<p style=\"text-align: center;\">4. Yunus ve Beluga Etkile\u015fimleri:<br \/>\nHayvan merakl\u0131lar\u0131 i\u00e7in Land of Legends, yunuslar ve beyaz balinalarla etkile\u015fime ge\u00e7mek i\u00e7in e\u015fsiz f\u0131rsatlar sunuyor. Bu ak\u0131ll\u0131, nazik deniz canl\u0131lar\u0131yla yak\u0131ndan tan\u0131\u015fman\u0131n mutlulu\u011funu ve b\u00fcy\u00fcs\u00fcn\u00fc ya\u015fay\u0131n, b\u00fcy\u00fcleyici davran\u0131\u015flar\u0131n\u0131 profesyonel e\u011fitmenlerden \u00f6\u011frenin. Bu g\u00f6rkemli hayvanlarla kar\u015f\u0131la\u015fmak unutulmaz an\u0131lar yarat\u0131r.<\/p>\n<\/li>\n<li style=\"text-align: center;\">\n<p style=\"text-align: center;\"><img loading=\"lazy\" decoding=\"async\" class=\"alignnone size-medium wp-image-6990\" src=\"https:\/\/holidayexcursion.com\/wp-content\/uploads\/2022\/01\/The-land-off-legends-night-300x200.jpg\" alt=\"\" width=\"300\" height=\"200\" title=\"\" srcset=\"https:\/\/holidayexcursion.com\/wp-content\/uploads\/2022\/01\/The-land-off-legends-night-300x200.jpg 300w, https:\/\/holidayexcursion.com\/wp-content\/uploads\/2022\/01\/The-land-off-legends-night-768x512.jpg 768w, https:\/\/holidayexcursion.com\/wp-content\/uploads\/2022\/01\/The-land-off-legends-night-1024x683.jpg 1024w, https:\/\/holidayexcursion.com\/wp-content\/uploads\/2022\/01\/The-land-off-legends-night-600x400.jpg 600w, https:\/\/holidayexcursion.com\/wp-content\/uploads\/2022\/01\/The-land-off-legends-night.jpg 1050w\" sizes=\"auto, (max-width: 300px) 100vw, 300px\" \/><\/p>\n<\/li>\n<li style=\"text-align: center;\">\n<p style=\"text-align: center;\">5. Al\u0131\u015fveri\u015f ve E\u011flence G\u00f6sterisi:<br \/>\nB\u00fcy\u00fcleyici maceralar\u0131n\u0131n \u00f6tesinde Land of Legends, her \u015feyi kapsayan bir e\u011flence deneyimi sa\u011flama konusunda \u00f6ne \u00e7\u0131k\u0131yor. \u00c7ok say\u0131da uluslararas\u0131 markan\u0131n sizi bekledi\u011fi l\u00fcks Avenue&#8217;de birinci s\u0131n\u0131f al\u0131\u015fveri\u015fin keyfini \u00e7\u0131kar\u0131n. \u00dcst d\u00fczey modadan mutfak lezzetlerine kadar bu a\u00e7\u0131k hava al\u0131\u015fveri\u015f alan\u0131, ziyaretinize ekstra bir cazibe kat\u0131yor.<\/p>\n<\/li>\n<li style=\"text-align: center;\">\n<p style=\"text-align: center;\"><img loading=\"lazy\" decoding=\"async\" class=\"alignnone size-medium wp-image-6975\" src=\"https:\/\/holidayexcursion.com\/wp-content\/uploads\/2022\/01\/The-land-of-legends-belek-300x225.jpg\" alt=\"\" width=\"300\" height=\"225\" title=\"\" srcset=\"https:\/\/holidayexcursion.com\/wp-content\/uploads\/2022\/01\/The-land-of-legends-belek-300x225.jpg 300w, https:\/\/holidayexcursion.com\/wp-content\/uploads\/2022\/01\/The-land-of-legends-belek-768x576.jpg 768w, https:\/\/holidayexcursion.com\/wp-content\/uploads\/2022\/01\/The-land-of-legends-belek-600x450.jpg 600w, https:\/\/holidayexcursion.com\/wp-content\/uploads\/2022\/01\/The-land-of-legends-belek.jpg 1024w\" sizes=\"auto, (max-width: 300px) 100vw, 300px\" \/><\/p>\n<\/li>\n<li style=\"text-align: center;\">\n<p style=\"text-align: center;\">6. R\u00fcya Gibi Konaklama:<br \/>\nPark\u0131n kendi oteli Kingdom Hotel&#8217;de konaklamay\u0131 tercih ederek Land of Legends deneyiminizi daha da ola\u011fan\u00fcst\u00fc hale getirin. Bu muhte\u015fem konaklama, l\u00fcks odalar, birinci s\u0131n\u0131f olanaklar ve park\u0131n t\u00fcm turistik mekanlar\u0131na kolay eri\u015fim imkan\u0131 sunmaktad\u0131r. Park\u0131n ku\u015fbak\u0131\u015f\u0131 manzaras\u0131yla uyand\u0131\u011f\u0131n\u0131z\u0131, macera dolu bir g\u00fcne daha ba\u015flamaya haz\u0131r oldu\u011funuzu hayal edin.<img loading=\"lazy\" decoding=\"async\" class=\"alignnone size-medium wp-image-6970\" src=\"https:\/\/holidayexcursion.com\/wp-content\/uploads\/2022\/01\/the-land-o-flegends-tour-from-alanya.jpeg-2-300x169.jpg\" alt=\"\" width=\"300\" height=\"169\" title=\"\" srcset=\"https:\/\/holidayexcursion.com\/wp-content\/uploads\/2022\/01\/the-land-o-flegends-tour-from-alanya.jpeg-2-300x169.jpg 300w, https:\/\/holidayexcursion.com\/wp-content\/uploads\/2022\/01\/the-land-o-flegends-tour-from-alanya.jpeg-2-768x432.jpg 768w, https:\/\/holidayexcursion.com\/wp-content\/uploads\/2022\/01\/the-land-o-flegends-tour-from-alanya.jpeg-2-1024x576.jpg 1024w, https:\/\/holidayexcursion.com\/wp-content\/uploads\/2022\/01\/the-land-o-flegends-tour-from-alanya.jpeg-2-600x338.jpg 600w, https:\/\/holidayexcursion.com\/wp-content\/uploads\/2022\/01\/the-land-o-flegends-tour-from-alanya.jpeg-2.jpg 1280w\" sizes=\"auto, (max-width: 300px) 100vw, 300px\" \/><\/p>\n<\/li>\n<li style=\"text-align: center;\">\n<p style=\"text-align: center;\">7. Ak\u015fam G\u00f6sterileri ve Muhte\u015fem Havai Fi\u015fekler:<br \/>\nG\u00fcn \u0131\u015f\u0131\u011f\u0131 yerini ak\u015fama b\u0131rak\u0131rken Land of Legends b\u00fcy\u00fcl\u00fc bir harikalar diyar\u0131na d\u00f6n\u00fc\u015f\u00fcyor. Yer \u00e7ekimine meydan okuyan g\u00f6steriler, akrobasi ve g\u00f6z kama\u015ft\u0131r\u0131c\u0131 performanslar i\u00e7eren \u00e7arp\u0131c\u0131 canl\u0131 g\u00f6sterilerin keyfini \u00e7\u0131kar\u0131n. Gece g\u00f6ky\u00fcz\u00fc nefes kesici bir havai fi\u015fek g\u00f6sterisiyle canlan\u0131yor ve Land of Legends deneyiminize muhte\u015fem bir final kat\u0131yor.<\/p>\n<\/li>\n<li style=\"text-align: center;\">\n<p style=\"text-align: center;\"><img loading=\"lazy\" decoding=\"async\" class=\"alignnone size-medium wp-image-6985\" src=\"https:\/\/holidayexcursion.com\/wp-content\/uploads\/2022\/01\/the-land-of-legends-roller-coaster-300x200.jpg\" alt=\"\" width=\"300\" height=\"200\" title=\"\" srcset=\"https:\/\/holidayexcursion.com\/wp-content\/uploads\/2022\/01\/the-land-of-legends-roller-coaster-300x200.jpg 300w, https:\/\/holidayexcursion.com\/wp-content\/uploads\/2022\/01\/the-land-of-legends-roller-coaster-768x513.jpg 768w, https:\/\/holidayexcursion.com\/wp-content\/uploads\/2022\/01\/the-land-of-legends-roller-coaster-600x401.jpg 600w, https:\/\/holidayexcursion.com\/wp-content\/uploads\/2022\/01\/the-land-of-legends-roller-coaster.jpg 1023w\" sizes=\"auto, (max-width: 300px) 100vw, 300px\" \/><\/p>\n<\/li>\n<li style=\"text-align: center;\">\n<p style=\"text-align: center;\"> Belek&#8217;teki Land of Legends turu sizi muhte\u015fem bir ortamda fanteziyi, maceray\u0131 ve merak\u0131 kucaklamaya davet ediyor. Heyecan verici gezilerden s\u00fcr\u00fckleyici mitolojiye, yunuslar ve beyaz balinalarla kar\u015f\u0131la\u015fmalara kadar park, \u00e7ok say\u0131da b\u00fcy\u00fcleyici deneyim sunuyor. \u0130ster ailenizle, ister arkada\u015flar\u0131n\u0131zla, ister sevdiklerinizle bu yolculu\u011fa \u00e7\u0131k\u0131n, Land of Legends size \u00f6m\u00fcr boyu s\u00fcrecek an\u0131lar vaat ediyor. \u00d6yleyse bu ola\u011fan\u00fcst\u00fc diyara ziyaretinizi planlay\u0131n ve i\u00e7inizdeki macerac\u0131 ruhu serbest b\u0131rak\u0131n.<\/p>\n<\/li>\n<\/ul>\n<div style=\"text-align: center;\"><\/div>\n<div style=\"text-align: center;\"><strong>F\u0130YATA DAH\u0130L OLANLAR :<\/strong><\/div>\n<div style=\"text-align: center;\">*Otel al\u0131n\u0131\u015f ve d\u00f6n\u00fc\u015f rehberlik hizmeti.<\/div>\n<div style=\"text-align: center;\">*The land of legend Theme park giri\u015f \u00fccreti<\/div>\n<div style=\"text-align: center;\">*Yunus &amp; Deniz aslan\u0131 Show<\/div>\n<div style=\"text-align: center;\">* Aktiviteler,kayd\u0131raklar,havuzlar<\/div>\n<div style=\"text-align: center;\">*5D Cinema<\/div>\n<div style=\"text-align: center;\"><\/div>\n<div style=\"text-align: center;\"><strong>Fiyata Dahil olmayanlar<\/strong><\/div>\n<div style=\"text-align: center;\">*Yiyecek ve i\u00e7ecekler<\/div>\n<div style=\"text-align: center;\">*Ki\u015fisel harcamalar<\/div>\n<div style=\"text-align: center;\">*Yunuslarla Y\u00fczme<\/div>\n<div style=\"text-align: center;\"><\/div>\n<div style=\"text-align: center;\"><strong>Extra bilgi ve tavsiyeler<\/strong><\/div>\n<div style=\"text-align: center;\">*Yan\u0131n\u0131zda mayonuzu ve g\u00fcne\u015f kreminizi g\u00f6t\u00fcr\u00fcn.<\/div>\n<div style=\"text-align: center;\">*Foto\u011fraf makinenizi ve Telefonunuzu birlikte g\u00f6t\u00fcrebilirsiniz.<\/div>\n<div style=\"text-align: center;\">\n<p><iframe loading=\"lazy\" title=\"Legends of Aqua at The Land of Legends Theme Park, Antalya, Turkey\" width=\"1020\" height=\"574\" src=\"https:\/\/www.youtube.com\/embed\/5Mx14y6IuIE?feature=oembed\" frameborder=\"0\" allow=\"accelerometer; autoplay; clipboard-write; encrypted-media; gyroscope; picture-in-picture; web-share\" allowfullscreen><\/iframe><\/p>\n<\/div>\n<div style=\"text-align: center;\">\n<p><iframe loading=\"lazy\" title=\"RIXOS Land of legends \u0441\u043f\u0443\u0441\u043a \u0441 \u0433\u043e\u0440\u043a\u0438 2\" width=\"1020\" height=\"574\" src=\"https:\/\/www.youtube.com\/embed\/WWSKd876fAw?feature=oembed\" frameborder=\"0\" allow=\"accelerometer; autoplay; clipboard-write; encrypted-media; gyroscope; picture-in-picture; web-share\" allowfullscreen><\/iframe><\/p>\n<\/div>\n<div style=\"text-align: center;\"><\/div>\n<div style=\"text-align: center;\"><\/div>\n","protected":false},"excerpt":{"rendered":"<p>LAND OF LEGENDS Land of Legends Turu ile Maceray\u0131 ve Harikay\u0131 Ortaya \u00c7\u0131kar\u0131n \u00c7arp\u0131c\u0131 T\u00fcrkiye k\u0131y\u0131 \u015feridinde yer alan Belek, tarih, k\u00fclt\u00fcr ve do\u011fal g\u00fczelli\u011fin b\u00fcy\u00fcleyici bir kar\u0131\u015f\u0131m\u0131n\u0131 sunuyor. Pek \u00e7ok ilgi \u00e7ekici yer aras\u0131nda Land of Legends, ola\u011fan\u00fcst\u00fc ve s\u00fcr\u00fckleyici bir deneyim arayan gezginlerin mutlaka ziyaret etmesi gereken bir destinasyon olarak \u00f6ne \u00e7\u0131k\u0131yor. Bu<\/p>\n","protected":false},"featured_media":6999,"comment_status":"open","ping_status":"closed","template":"","meta":[],"product_brand":[],"product_cat":[108],"product_tag":[],"class_list":{"0":"post-20126","1":"product","2":"type-product","3":"status-publish","4":"has-post-thumbnail","6":"product_cat-turlar","8":"first","9":"instock","10":"featured","11":"virtual","12":"sold-individually","13":"purchasable","14":"product-type-booking"},"_links":{"self":[{"href":"https:\/\/holidayexcursion.com\/tr\/wp-json\/wp\/v2\/product\/20126","targetHints":{"allow":["GET"]}}],"collection":[{"href":"https:\/\/holidayexcursion.com\/tr\/wp-json\/wp\/v2\/product"}],"about":[{"href":"https:\/\/holidayexcursion.com\/tr\/wp-json\/wp\/v2\/types\/product"}],"replies":[{"embeddable":true,"href":"https:\/\/holidayexcursion.com\/tr\/wp-json\/wp\/v2\/comments?post=20126"}],"wp:featuredmedia":[{"embeddable":true,"href":"https:\/\/holidayexcursion.com\/tr\/wp-json\/wp\/v2\/media\/6999"}],"wp:attachment":[{"href":"https:\/\/holidayexcursion.com\/tr\/wp-json\/wp\/v2\/media?parent=20126"}],"wp:term":[{"taxonomy":"product_brand","embeddable":true,"href":"https:\/\/holidayexcursion.com\/tr\/wp-json\/wp\/v2\/product_brand?post=20126"},{"taxonomy":"product_cat","embeddable":true,"href":"https:\/\/holidayexcursion.com\/tr\/wp-json\/wp\/v2\/product_cat?post=20126"},{"taxonomy":"product_tag","embeddable":true,"href":"https:\/\/holidayexcursion.com\/tr\/wp-json\/wp\/v2\/product_tag?post=20126"}],"curies":[{"name":"wp","href":"https:\/\/api.w.org\/{rel}","templated":true}]}}