{"id":21639,"date":"2023-11-11T19:46:52","date_gmt":"2023-11-11T16:46:54","guid":{"rendered":"https:\/\/holidayexcursion.com\/?post_type=product&#038;p=21639"},"modified":"2024-04-20T11:45:54","modified_gmt":"2024-04-20T08:45:54","slug":"yesil-kanyon","status":"publish","type":"product","link":"https:\/\/holidayexcursion.com\/tr\/tours-in-alanya\/turlar\/yesil-kanyon\/","title":{"rendered":"MANAVGAT YE\u015e\u0130L KANYON"},"content":{"rendered":"<h2 style=\"text-align: center;\"><\/h2>\n<h2 style=\"text-align: center;\"><strong> MANAVGAT YE\u015e\u0130L KANYON<\/strong><\/h2>\n<p style=\"text-align: center;\"> T\u00fcrkiye&#8217;nin <a href=\"https:\/\/tr.wikipedia.org\/wiki\/Antalya\" rel=\"nofollow noopener\" target=\"_blank\"> Antalya<\/a> ilinde yer alan bir do\u011fa harikas\u0131 olan Manavgat Ye\u015fil Kanyon, \u00e7arp\u0131c\u0131 g\u00fczelli\u011fi ve sakin atmosferiyle ziyaret\u00e7ilerini b\u00fcy\u00fcleyen, nefes kesen bir destinasyondur. Oymap\u0131nar Baraj\u0131 olarak da bilinen bu pitoresk kanyon, b\u00f6lgenin do\u011fal harikalar\u0131n\u0131 ke\u015ffetmek i\u00e7in e\u015fsiz bir f\u0131rsat sunan pop\u00fcler bir Tatil gezi turu destinasyonudur.<\/p>\n<p style=\"text-align: center;\"><img loading=\"lazy\" decoding=\"async\" class=\"alignnone size-medium wp-image-21869\" src=\"https:\/\/holidayexcursion.com\/wp-content\/uploads\/2023\/11\/Manavgat-green-kanyon-holiday-excursion-300x159.jpg\" alt=\"\" width=\"300\" height=\"159\" title=\"\" srcset=\"https:\/\/holidayexcursion.com\/wp-content\/uploads\/2023\/11\/Manavgat-green-kanyon-holiday-excursion-300x159.jpg 300w, https:\/\/holidayexcursion.com\/wp-content\/uploads\/2023\/11\/Manavgat-green-kanyon-holiday-excursion-768x407.jpg 768w, https:\/\/holidayexcursion.com\/wp-content\/uploads\/2023\/11\/Manavgat-green-kanyon-holiday-excursion-600x318.jpg 600w, https:\/\/holidayexcursion.com\/wp-content\/uploads\/2023\/11\/Manavgat-green-kanyon-holiday-excursion.jpg 850w\" sizes=\"auto, (max-width: 300px) 100vw, 300px\" \/><\/p>\n<p style=\"text-align: center;\"><a href=\"https:\/\/tr.wikipedia.org\/wiki\/Manavgat\" rel=\"nofollow noopener\" target=\"_blank\">Manavgat<\/a> Ye\u015fil Kanyon, \u00e7ok samimi bir atmosfere sahip z\u00fcmr\u00fct ye\u015fili sular\u0131 ve yerel ya\u015fam\u0131, yemye\u015fil bitki \u00f6rt\u00fcs\u00fc ve sakin ve ba\u015fka bir d\u00fcnyaya ait bir ortam yaratan y\u00fcksek kayal\u0131klar\u0131 ile \u00fcnl\u00fcd\u00fcr. Ziyaret\u00e7iler kanyon boyunca rahatlat\u0131c\u0131 bir tekne turuna kat\u0131larak kristal berrakl\u0131\u011f\u0131ndaki sularda gezinirken muhte\u015fem manzaran\u0131n tad\u0131n\u0131 \u00e7\u0131karabilirler. Tekne turlar\u0131 genellikle ziyaret\u00e7ilerin kanyonun serin ve tertemiz sular\u0131na serinletici bir dal\u0131\u015f yapabilecekleri y\u00fczme noktalar\u0131nda duraklar i\u00e7erir.<\/p>\n<p style=\"text-align: center;\"><a href=\"https:\/\/holidayexcursion.com\/tours-in-alanya\/tours\/side-aspendos-manavgat\/\">Manavgat Ye\u015fil Kanyon<\/a>&#8216;u ziyaret etmenin en g\u00fczel yanlar\u0131ndan biri de bozulmam\u0131\u015f do\u011fal \u00e7evreye girme f\u0131rsat\u0131d\u0131r. Manavgat ye\u015fil kanyonunun tertemiz suyu ve engebeli manzaras\u0131 y\u00fcr\u00fcy\u00fc\u015f, ku\u015f g\u00f6zlemcili\u011fi, foto\u011fraf\u00e7\u0131l\u0131k gibi a\u00e7\u0131k hava etkinlikleri i\u00e7in ideal bir ortam olu\u015fturmaktad\u0131r. Ye\u015fil kanyonu y\u00fcr\u00fcyerek ke\u015ffetmek, ziyaret\u00e7ilerin bu b\u00f6lgeyi ev olarak g\u00f6ren \u00e7e\u015fitli flora ve faunan\u0131n yan\u0131 s\u0131ra \u00e7e\u015fitli bak\u0131\u015f a\u00e7\u0131lar\u0131ndan nefes kesen manzaralar\u0131 takdir etmelerine olanak tan\u0131r.<\/p>\n<p style=\"text-align: center;\"><img loading=\"lazy\" decoding=\"async\" class=\"alignnone size-medium wp-image-21863\" src=\"https:\/\/holidayexcursion.com\/wp-content\/uploads\/2023\/11\/manavgat-yesil-kanyon-holiday-excursion-300x159.jpg\" alt=\"\" width=\"300\" height=\"159\" title=\"\" srcset=\"https:\/\/holidayexcursion.com\/wp-content\/uploads\/2023\/11\/manavgat-yesil-kanyon-holiday-excursion-300x159.jpg 300w, https:\/\/holidayexcursion.com\/wp-content\/uploads\/2023\/11\/manavgat-yesil-kanyon-holiday-excursion-768x407.jpg 768w, https:\/\/holidayexcursion.com\/wp-content\/uploads\/2023\/11\/manavgat-yesil-kanyon-holiday-excursion-600x318.jpg 600w, https:\/\/holidayexcursion.com\/wp-content\/uploads\/2023\/11\/manavgat-yesil-kanyon-holiday-excursion.jpg 850w\" sizes=\"auto, (max-width: 300px) 100vw, 300px\" \/><\/p>\n<p style=\"text-align: center;\">Manavgat ye\u015fil kanyonu, adrenalin tutkunlar\u0131 i\u00e7in kano, rafting gibi macera aktivitelerine olanak sa\u011fl\u0131yor. Bu heyecan verici deneyimler, ziyaret\u00e7ilerin kanyonun dolamba\u00e7l\u0131 su yollar\u0131nda gezinmesine ve ak\u0131nt\u0131larla m\u00fccadele etmenin heyecan\u0131n\u0131 ya\u015famas\u0131na olanak tan\u0131yarak unutulmaz ve aksiyon dolu bir macera ya\u015fat\u0131yor.<\/p>\n<p style=\"text-align: center;\">Manavgat Ye\u015fil Kanyon, do\u011fal g\u00fczelli\u011finin yan\u0131 s\u0131ra g\u00fcnl\u00fck ya\u015fam\u0131n ko\u015fu\u015fturmas\u0131ndan huzurlu bir ka\u00e7\u0131\u015f da sunuyor. Huzurlu ortam ve pastoral ortam, burada rahatlamak ve yenilenmek i\u00e7in ideal bir yer haline gelmesini sa\u011flar. Ziyaret\u00e7iler keyifli bir pikni\u011fin tad\u0131n\u0131 \u00e7\u0131kar\u0131rken, k\u0131y\u0131da g\u00fcne\u015flenirken veya sadece b\u00fcy\u00fcleyici manzaralar\u0131 seyrederken kanyonun huzurunu soluyabilir ve tad\u0131n\u0131 \u00e7\u0131karabilirler.<\/p>\n<p style=\"text-align: center;\"><img loading=\"lazy\" decoding=\"async\" class=\"alignnone size-medium wp-image-21851\" src=\"https:\/\/holidayexcursion.com\/wp-content\/uploads\/2023\/11\/Green-Canyon-Boat-Tour_Holiday-Excursion-300x169.jpeg\" alt=\"\" width=\"300\" height=\"169\" title=\"\" srcset=\"https:\/\/holidayexcursion.com\/wp-content\/uploads\/2023\/11\/Green-Canyon-Boat-Tour_Holiday-Excursion-300x169.jpeg 300w, https:\/\/holidayexcursion.com\/wp-content\/uploads\/2023\/11\/Green-Canyon-Boat-Tour_Holiday-Excursion.jpeg 400w\" sizes=\"auto, (max-width: 300px) 100vw, 300px\" \/><\/p>\n<p style=\"text-align: center;\">Ye\u015fil Kanyon&#8217;u \u00e7evreleyen b\u00f6lge ayn\u0131 zamanda k\u00fclt\u00fcrel ve tarihi mekanlar a\u00e7\u0131s\u0131ndan da zengin olup, ziyaret\u00e7ilere b\u00f6lgenin miras\u0131n\u0131 ke\u015ffetme f\u0131rsat\u0131 sunmaktad\u0131r. Antik kal\u0131nt\u0131lardan geleneksel k\u00f6ylere kadar Manavgat b\u00f6lgesi tarihle doludur ve T\u00fcrkiye&#8217;nin zengin ge\u00e7mi\u015fine bir bak\u0131\u015f sunmaktad\u0131r.<\/p>\n<p style=\"text-align: center;\">Manavgat Ye\u015fil <a href=\"https:\/\/holidayexcursion.com\/tours-in-alanya\/tours\/sapadere-canyon\/\">Kanyon<\/a>, do\u011fal ve k\u00fclt\u00fcrel g\u00fczelliklerinin yan\u0131 s\u0131ra yaban hayat\u0131n\u0131n \u00e7e\u015fitlili\u011fiyle de tan\u0131n\u0131yor. Ku\u015f merakl\u0131lar\u0131, buray\u0131 ku\u015f g\u00f6zlemcili\u011fi merakl\u0131lar\u0131 i\u00e7in bir cennet haline getiren kartallar, \u015fahinler ve bal\u0131k\u00e7\u0131llar da dahil olmak \u00fczere \u00e7e\u015fitli ku\u015f t\u00fcrlerini g\u00f6rmeyi sab\u0131rs\u0131zl\u0131kla bekleyebilirler.<\/p>\n<p style=\"text-align: center;\"><img loading=\"lazy\" decoding=\"async\" class=\"alignnone size-medium wp-image-21857\" src=\"https:\/\/holidayexcursion.com\/wp-content\/uploads\/2023\/11\/Holiday-excursion-green-canyon-300x210.jpg\" alt=\"\" width=\"300\" height=\"210\" title=\"\" srcset=\"https:\/\/holidayexcursion.com\/wp-content\/uploads\/2023\/11\/Holiday-excursion-green-canyon-300x210.jpg 300w, https:\/\/holidayexcursion.com\/wp-content\/uploads\/2023\/11\/Holiday-excursion-green-canyon-768x538.jpg 768w, https:\/\/holidayexcursion.com\/wp-content\/uploads\/2023\/11\/Holiday-excursion-green-canyon-1024x717.jpg 1024w, https:\/\/holidayexcursion.com\/wp-content\/uploads\/2023\/11\/Holiday-excursion-green-canyon-600x420.jpg 600w, https:\/\/holidayexcursion.com\/wp-content\/uploads\/2023\/11\/Holiday-excursion-green-canyon.jpg 1200w\" sizes=\"auto, (max-width: 300px) 100vw, 300px\" \/><\/p>\n<p style=\"text-align: center;\">Manavgat Ye\u015fil Kanyon genel olarak do\u011fa tutkunlar\u0131na, macera arayanlara ve huzur dolu bir ka\u00e7amak arayanlara hitap eden bir destinasyondur. \u0130ster kanyonun el de\u011fmemi\u015f sular\u0131n\u0131 ke\u015ffetmek, ister a\u00e7\u0131k hava maceralar\u0131na \u00e7\u0131kmak, ister sadece \u00e7evrenin g\u00fczelli\u011fini seyretmek olsun, Ye\u015fil Kanyon&#8217;u ziyaret etmek do\u011fan\u0131n e\u015fsiz g\u00fczelli\u011fini sergileyen unutulmaz bir deneyim vaat ediyor.<\/p>\n<p style=\"text-align: center;\"> T\u00fcrkiye&#8217;deki Manavgat Ye\u015fil Kanyon, muhte\u015fem manzaralar\u0131, sakin sular\u0131 ve \u00e7e\u015fitli a\u00e7\u0131k hava etkinlikleriyle ziyaret\u00e7ilerini kendine \u00e7eken bir do\u011fa harikas\u0131d\u0131r. \u0130ster keyifli bir tekne turu, ister adrenalin dolu bir macera, ister sadece \u00e7evrenin sakin g\u00fczelli\u011fini seyretmek olsun, Ye\u015fil Kanyon, Antalya&#8217;da tatilinizi yaparken Manavgat ye\u015fil kanyonuna giri\u015f yapan herkese e\u015fsiz ve unutulmaz bir deneyim sunuyor. Ailenizle birlikte g\u00fczel bir g\u00fcnl\u00fck gezi i\u00e7in iyi bir se\u00e7im olacakt\u0131r. Antalya&#8217;n\u0131n hemen her noktas\u0131ndan bu nefes kesen destinasyona bu geziyi yapma imkan\u0131 bulunmaktad\u0131r.<\/p>\n<p style=\"text-align: center;\"><img loading=\"lazy\" decoding=\"async\" class=\"alignnone size-medium wp-image-21845\" src=\"https:\/\/holidayexcursion.com\/wp-content\/uploads\/2023\/11\/Green-Canyon-tour-300x210.jpeg\" alt=\"\" width=\"300\" height=\"210\" title=\"\" srcset=\"https:\/\/holidayexcursion.com\/wp-content\/uploads\/2023\/11\/Green-Canyon-tour-300x210.jpeg 300w, https:\/\/holidayexcursion.com\/wp-content\/uploads\/2023\/11\/Green-Canyon-tour-768x538.jpeg 768w, https:\/\/holidayexcursion.com\/wp-content\/uploads\/2023\/11\/Green-Canyon-tour-600x420.jpeg 600w, https:\/\/holidayexcursion.com\/wp-content\/uploads\/2023\/11\/Green-Canyon-tour.jpeg 800w\" sizes=\"auto, (max-width: 300px) 100vw, 300px\" \/><\/p>\n<div style=\"text-align: center;\">Alanya \u00e7\u0131k\u0131\u015fl\u0131 Ye\u015fil Kanyon cabrio turu, Ye\u015fil Kanyon olarak adland\u0131r\u0131lan Oymap\u0131nar baraj b\u00f6lgesinde \u00fcst\u00fc a\u00e7\u0131k cabrio otob\u00fcsleri ile d\u00fczenlenen macera, do\u011fa ve e\u011flence dolu bir gezidir. Alanya&#8217;ya 80 km uzakl\u0131kta bulunan ye\u015fil kanyon, Toros da\u011f\u0131n\u0131n \u00e7am a\u011fa\u00e7lar\u0131yla kapl\u0131 tepeleri ve ye\u015fil renkli baraj g\u00f6l\u00fcyle muhte\u015fem bir manzaraya sahiptir. Ye\u015fil kanyon turu bu muhte\u015fem do\u011fay\u0131 ke\u015ffetmek ve e\u011flenmek i\u00e7in harika bir se\u00e7enek. K\u00fc\u00e7\u00fck bir hayvanat bah\u00e7esini ziyaret etmek, bal\u0131k tutmak, y\u00fczmek ve Ye\u015fil g\u00f6lde kano yapmak turun di\u011fer \u00f6nemli noktalar\u0131d\u0131r. Ye\u015fil g\u00f6le bakan restoranda leziz \u00f6\u011fle yeme\u011fi servis edilmektedir. Yeni rotalar ve maceralar ya\u015famaktan ho\u015flanan do\u011fa tutkunlar\u0131na Alanya&#8217;dan ye\u015fil kanyon safarisi tavsiye edilir!<\/div>\n<div style=\"text-align: center;\"><img loading=\"lazy\" decoding=\"async\" class=\"alignnone size-medium wp-image-21833\" src=\"https:\/\/holidayexcursion.com\/wp-content\/uploads\/2023\/11\/green-canyon-holiday-excursion-300x150.jpg\" alt=\"\" width=\"300\" height=\"150\" title=\"\" srcset=\"https:\/\/holidayexcursion.com\/wp-content\/uploads\/2023\/11\/green-canyon-holiday-excursion-300x150.jpg 300w, https:\/\/holidayexcursion.com\/wp-content\/uploads\/2023\/11\/green-canyon-holiday-excursion.jpg 318w\" sizes=\"auto, (max-width: 300px) 100vw, 300px\" \/><\/div>\n<div style=\"text-align: center;\"><\/div>\n<div style=\"text-align: center;\"><strong>ALANYA&#8217;DAN YE\u015e\u0130L KANYON TURU<\/strong><\/div>\n<div style=\"text-align: center;\">* Alanya ve \u00e7evresindeki otel ve adreslerinizden al\u0131n\u0131\u015f<\/div>\n<div style=\"text-align: center;\">* Cabrio otob\u00fcsleri ile karayolu \u00fczerinde Manavgat ye\u015fil kanyon b\u00f6lgesine ula\u015f\u0131m<\/div>\n<div style=\"text-align: center;\">* Ye\u015fil kanyon alan\u0131na var\u0131\u015f ve baraj \u00e7evresinde ve Toros Da\u011f\u0131 yama\u00e7lar\u0131nda yolun ilk k\u0131sm\u0131na ba\u015flay\u0131n.<\/div>\n<div style=\"text-align: center;\">* Antik Roma su kemerlerinde foto\u011fraf molas\u0131 Bir T\u00fcrk y\u00f6r\u00fck k\u00f6y\u00fcn\u00fc, meyve bah\u00e7esini ve k\u00fc\u00e7\u00fck bir hayvanat bah\u00e7esini ziyaret edin<\/div>\n<div style=\"text-align: center;\">* Akdeniz&#8217;e ve Ye\u015fil Kanyon b\u00f6lgesine bakan tepede foto\u011fraf molas\u0131 Ye\u015fil G\u00f6l kenar\u0131ndaki piknik restoran\u0131nda \u00f6\u011fle yeme\u011fi. Y\u00fczmek i\u00e7in serbest zaman, g\u00f6lde pedall\u0131 kanoya binme. Alanya ve \u00e7evresindeki otel ve adreslerinize b\u0131rakma.<\/div>\n<div><\/div>\n<div style=\"text-align: center;\"><span style=\"font-size: 110%;\"><strong>Fiyat T\u00fcr\u00fc<\/strong><\/span><\/div>\n<div style=\"text-align: center;\"><span style=\"font-size: 110%;\"> Bir ki\u015fi Yeti\u015fkin ( &gt;10 )30<\/span><br \/>\n<span style=\"font-size: 110%;\"> Bir ki\u015fi \u00c7ocuk ( 4-9 ) 15 \u20ac<\/span><\/div>\n<div style=\"text-align: center;\"><span style=\"font-size: 110%;\"> Bir ki\u015fi Bebek ( 0-3 ) For free<\/span><\/div>\n<div style=\"text-align: center;\"><span style=\"font-size: 110%;\"> Grup fiyatlar\u0131 i\u00e7in l\u00fctfen sorunuz.<\/span><\/div>\n<div style=\"text-align: center;\"><\/div>\n<div style=\"text-align: center;\"><strong>F\u0130YATA DAH\u0130L OLANLAR :<\/strong><\/div>\n<div style=\"text-align: center;\">*Alanya ve \u00e7evresindeki otel ve apartlardan alma\/b\u0131rakma,Rehber,\u00d6\u011fle yeme\u011fi<\/div>\n<div style=\"text-align: center;\"><\/div>\n<div style=\"text-align: center;\"><strong>Fiyata Dahil olmayanlar<\/strong><\/div>\n<div style=\"text-align: center;\">*\u0130\u00e7ecekler,Foto\u011fraflar,Dvd,Ki\u015fisel harcamalar<\/div>\n<div style=\"text-align: center;\"><\/div>\n<div style=\"text-align: center;\"><strong>Extra bilgi ve tavsiyeler<\/strong><\/div>\n<div style=\"text-align: center;\">* Mayonuzu, havlunuzu, g\u00fcne\u015f kreminizi, kameran\u0131z\u0131 yan\u0131n\u0131za al\u0131n<\/div>\n<div style=\"text-align: center;\"><\/div>\n<p style=\"text-align: center;\">T\u00fcrkiye&#8217;deki tatiliniz boyunca size unutulmaz an\u0131lar dileriz.<\/p>\n<p style=\"text-align: center;\">Not: Daha fazla bilgi i\u00e7in Whats App&#8217;tan arayarak veya mesaj atarak da ileti\u015fime ge\u00e7ebilirsiniz.<\/p>\n<p style=\"text-align: center;\"><a href=\"https:\/\/www.instagram.com\/\" rel=\"nofollow noopener\" target=\"_blank\">Holiday Excursion Ekibi,<\/a><\/p>\n<p><iframe loading=\"lazy\" title=\"Green Canyon, Turkey 2021\/ Manavgat, Side\" width=\"1020\" height=\"574\" src=\"https:\/\/www.youtube.com\/embed\/mmaFZq404ng?feature=oembed\" frameborder=\"0\" allow=\"accelerometer; autoplay; clipboard-write; encrypted-media; gyroscope; picture-in-picture; web-share\" allowfullscreen><\/iframe><\/p>\n<p><iframe loading=\"lazy\" title=\"Green Canyon Manavgat\" width=\"1020\" height=\"574\" src=\"https:\/\/www.youtube.com\/embed\/hHfLr8FOLPo?feature=oembed\" frameborder=\"0\" allow=\"accelerometer; autoplay; clipboard-write; encrypted-media; gyroscope; picture-in-picture; web-share\" allowfullscreen><\/iframe><\/p>\n<p><iframe loading=\"lazy\" title=\"Orginal Green Canyon Boat Trip 2023 #greencanyon #greencanyontour\" width=\"1020\" height=\"574\" src=\"https:\/\/www.youtube.com\/embed\/an1J2x_Buiw?feature=oembed\" frameborder=\"0\" allow=\"accelerometer; autoplay; clipboard-write; encrypted-media; gyroscope; picture-in-picture; web-share\" allowfullscreen><\/iframe><\/p>\n","protected":false},"excerpt":{"rendered":"<p>MANAVGAT YE\u015e\u0130L KANYON T\u00fcrkiye&#8217;nin Antalya ilinde yer alan bir do\u011fa harikas\u0131 olan Manavgat Ye\u015fil Kanyon, \u00e7arp\u0131c\u0131 g\u00fczelli\u011fi ve sakin atmosferiyle ziyaret\u00e7ilerini b\u00fcy\u00fcleyen, nefes kesen bir destinasyondur. Oymap\u0131nar Baraj\u0131 olarak da bilinen bu pitoresk kanyon, b\u00f6lgenin do\u011fal harikalar\u0131n\u0131 ke\u015ffetmek i\u00e7in e\u015fsiz bir f\u0131rsat sunan pop\u00fcler bir Tatil gezi turu destinasyonudur. Manavgat Ye\u015fil Kanyon, \u00e7ok samimi bir<\/p>\n","protected":false},"featured_media":21850,"comment_status":"open","ping_status":"closed","template":"","meta":[],"product_brand":[],"product_cat":[108],"product_tag":[],"class_list":{"0":"post-21639","1":"product","2":"type-product","3":"status-publish","4":"has-post-thumbnail","6":"product_cat-turlar","8":"first","9":"instock","10":"featured","11":"virtual","12":"sold-individually","13":"purchasable","14":"product-type-booking"},"_links":{"self":[{"href":"https:\/\/holidayexcursion.com\/tr\/wp-json\/wp\/v2\/product\/21639","targetHints":{"allow":["GET"]}}],"collection":[{"href":"https:\/\/holidayexcursion.com\/tr\/wp-json\/wp\/v2\/product"}],"about":[{"href":"https:\/\/holidayexcursion.com\/tr\/wp-json\/wp\/v2\/types\/product"}],"replies":[{"embeddable":true,"href":"https:\/\/holidayexcursion.com\/tr\/wp-json\/wp\/v2\/comments?post=21639"}],"wp:featuredmedia":[{"embeddable":true,"href":"https:\/\/holidayexcursion.com\/tr\/wp-json\/wp\/v2\/media\/21850"}],"wp:attachment":[{"href":"https:\/\/holidayexcursion.com\/tr\/wp-json\/wp\/v2\/media?parent=21639"}],"wp:term":[{"taxonomy":"product_brand","embeddable":true,"href":"https:\/\/holidayexcursion.com\/tr\/wp-json\/wp\/v2\/product_brand?post=21639"},{"taxonomy":"product_cat","embeddable":true,"href":"https:\/\/holidayexcursion.com\/tr\/wp-json\/wp\/v2\/product_cat?post=21639"},{"taxonomy":"product_tag","embeddable":true,"href":"https:\/\/holidayexcursion.com\/tr\/wp-json\/wp\/v2\/product_tag?post=21639"}],"curies":[{"name":"wp","href":"https:\/\/api.w.org\/{rel}","templated":true}]}}