{"id":21663,"date":"2023-11-11T19:50:30","date_gmt":"2023-11-11T16:50:31","guid":{"rendered":"https:\/\/holidayexcursion.com\/?post_type=product&#038;p=21663"},"modified":"2024-04-23T20:06:29","modified_gmt":"2024-04-23T17:06:29","slug":"atv","status":"publish","type":"product","link":"https:\/\/holidayexcursion.com\/tr\/tours-in-alanya\/rent-a-car-tr\/atv\/","title":{"rendered":"QUAD BIKE (Atv)"},"content":{"rendered":"<h2 style=\"text-align: center;\"><strong>QUAD BIKE ATV (570 CC )<\/strong><\/h2>\n<p style=\"text-align: center;\">1-7 G\u00fcnl\u00fck fiyat\u0131: 130 \u20ac | 7-14 G\u00fcn fiyat\u0131: 110 \u20ac<\/p>\n<p style=\"text-align: center;\">ATV&#8217;lerin g\u00fcnl\u00fck kullan\u0131m limiti 80 km&#8217;dir. Kullan\u0131lan her ilave kilometre i\u00e7in 1 Euro \u00fccret tahsil edilir.<\/p>\n<p style=\"text-align: center;\">Alanya Tatilinizde ATV Kiralaman\u0131n Avantajlar\u0131<\/p>\n<p style=\"text-align: center;\">Konu maceraya gelince, harika a\u00e7\u0131k hava deneyimlerini ya\u015faman\u0131n benzersiz bir yolunu sunan ATV&#8217;ler, Alanya&#8217;daki farkl\u0131 seyahat planlar\u0131na hitap etmek i\u00e7in \u00e7e\u015fitli s\u00fcrelerle kiralanabilir. ATV kiralaman\u0131n avantajlar\u0131n\u0131 ve macera deneyimlerinizi nas\u0131l geli\u015ftirdiklerini inceleyece\u011fiz.<\/p>\n<p style=\"text-align: center;\"> <img loading=\"lazy\" decoding=\"async\" class=\"alignnone size-medium wp-image-21677\" src=\"https:\/\/holidayexcursion.com\/wp-content\/uploads\/2023\/11\/aada3afa-5294-4f25-a6e8-64b8f968ee73-169x300.jpg\" alt=\"Alanya Atv Quad Bike 500 cc\" width=\"169\" height=\"300\" title=\"\" srcset=\"https:\/\/holidayexcursion.com\/wp-content\/uploads\/2023\/11\/aada3afa-5294-4f25-a6e8-64b8f968ee73-169x300.jpg 169w, https:\/\/holidayexcursion.com\/wp-content\/uploads\/2023\/11\/aada3afa-5294-4f25-a6e8-64b8f968ee73-768x1365.jpg 768w, https:\/\/holidayexcursion.com\/wp-content\/uploads\/2023\/11\/aada3afa-5294-4f25-a6e8-64b8f968ee73-576x1024.jpg 576w, https:\/\/holidayexcursion.com\/wp-content\/uploads\/2023\/11\/aada3afa-5294-4f25-a6e8-64b8f968ee73-864x1536.jpg 864w, https:\/\/holidayexcursion.com\/wp-content\/uploads\/2023\/11\/aada3afa-5294-4f25-a6e8-64b8f968ee73-600x1067.jpg 600w, https:\/\/holidayexcursion.com\/wp-content\/uploads\/2023\/11\/aada3afa-5294-4f25-a6e8-64b8f968ee73.jpg 1152w\" sizes=\"auto, (max-width: 169px) 100vw, 169px\" \/><\/p>\n<p style=\"text-align: center;\">1. Macerac\u0131 Ruhunuzu Serbest B\u0131rak\u0131n:<\/p>\n<p style=\"text-align: center;\">Alanya&#8217;da ATV kiralamak macerac\u0131 y\u00f6n\u00fcn\u00fcz\u00fc ortaya \u00e7\u0131karman\u0131z\u0131 sa\u011flar. Bu d\u00f6rt tekerlekli ara\u00e7lar, toprak yollar, engebeli y\u00fczeyler ve hatta kum tepeleri gibi engebeli arazilerin \u00fcstesinden gelmek i\u00e7in \u00f6zel olarak tasarlanm\u0131\u015ft\u0131r. Sa\u011flam yap\u0131lar\u0131 ve g\u00fc\u00e7l\u00fc motorlar\u0131yla ATV&#8217;ler adrenalin pompalayan bir deneyim sunar ve yepyeni bir ke\u015fif d\u00fcnyas\u0131n\u0131n kap\u0131lar\u0131n\u0131 a\u00e7ar.<\/p>\n<p style=\"text-align: center;\">2. Geli\u015fmi\u015f Esneklik ve \u00d6zg\u00fcrl\u00fck:<\/p>\n<p style=\"text-align: center;\"><a href=\"https:\/\/en.wikipedia.org\/wiki\/Alanya\" rel=\"nofollow noopener\" target=\"_blank\">Alanya<\/a>&#8216;da ATV kiralaman\u0131n \u00f6nemli avantajlar\u0131ndan biri de sa\u011flad\u0131\u011f\u0131 \u00f6zg\u00fcrl\u00fck ve esnekliktir. Geleneksel ara\u00e7lar\u0131n aksine d\u00f6rtl\u00fc bisikletler dar alanlarda gezinme ve engellerin etraf\u0131nda manevra yapma konusunda m\u00fckemmeldir. Bu, Atv motorlar\u0131 <a href=\"https:\/\/holidayexcursion.com\/tours-in-alanya\/tours\/quad-safari-tour\/\">arazi ke\u015fifleri<\/a>, tenha yollar ve daha b\u00fcy\u00fck ara\u00e7lar\u0131n eri\u015fmenin zor olabilece\u011fi alanlar i\u00e7in ideal hale getirir. \u0130ster milli parklar\u0131, ister k\u0131rsal manzaralar\u0131, ister uzak yerleri ke\u015ffediyor olun, Atv ler size normalde daha az eri\u015filebilir olan alanlara girme \u00f6zg\u00fcrl\u00fc\u011f\u00fc verir.<\/p>\n<p style=\"text-align: center;\"><img loading=\"lazy\" decoding=\"async\" class=\"alignnone size-medium wp-image-21683\" src=\"https:\/\/holidayexcursion.com\/wp-content\/uploads\/2023\/11\/ac259278-2ed0-446a-b240-e2bb11cef1f9-300x169.jpg\" alt=\"Alanya atv for rent\" width=\"300\" height=\"169\" title=\"\" srcset=\"https:\/\/holidayexcursion.com\/wp-content\/uploads\/2023\/11\/ac259278-2ed0-446a-b240-e2bb11cef1f9-300x169.jpg 300w, https:\/\/holidayexcursion.com\/wp-content\/uploads\/2023\/11\/ac259278-2ed0-446a-b240-e2bb11cef1f9-768x432.jpg 768w, https:\/\/holidayexcursion.com\/wp-content\/uploads\/2023\/11\/ac259278-2ed0-446a-b240-e2bb11cef1f9-1024x576.jpg 1024w, https:\/\/holidayexcursion.com\/wp-content\/uploads\/2023\/11\/ac259278-2ed0-446a-b240-e2bb11cef1f9-1536x864.jpg 1536w, https:\/\/holidayexcursion.com\/wp-content\/uploads\/2023\/11\/ac259278-2ed0-446a-b240-e2bb11cef1f9-600x338.jpg 600w, https:\/\/holidayexcursion.com\/wp-content\/uploads\/2023\/11\/ac259278-2ed0-446a-b240-e2bb11cef1f9.jpg 2048w\" sizes=\"auto, (max-width: 300px) 100vw, 300px\" \/><\/p>\n<p style=\"text-align: center;\">3. Yolculu\u011funuza \u00d6zel:<\/p>\n<p style=\"text-align: center;\">Alanya ATV kiralama, seyahat planlar\u0131n\u0131za uyacak \u015fekilde \u00e7e\u015fitli s\u00fcre se\u00e7enekleri sunar. Atv ile \u0130ster g\u00fcnl\u00fck bir gezi planl\u0131yor olun ister daha uzun bir maceraya at\u0131l\u0131yor olun, kiralama acentam\u0131z ihtiya\u00e7lar\u0131n\u0131z\u0131 kar\u015f\u0131layabilir. H\u0131zl\u0131 yolculuklar i\u00e7in saatlik kiralamalardan, derinlemesine ke\u015fif i\u00e7in \u00e7ok g\u00fcnl\u00fck ve hatta haftal\u0131k kiralamalara kadar, seyahat program\u0131n\u0131za uygun bir kiralama s\u00fcresi bulmak kullan\u0131\u015fl\u0131d\u0131r ve \u00f6zelle\u015ftirilmi\u015f bir deneyime olanak tan\u0131r.<\/p>\n<p style=\"text-align: center;\">4. S\u00fcr\u00fckleyici ve \u0130nteraktif Deneyimler:<\/p>\n<p style=\"text-align: center;\">Alanya&#8217;da ATV kiralamak daha s\u00fcr\u00fckleyici ve etkile\u015fimli bir maceray\u0131 te\u015fvik eder. ATV ara\u00e7larla r\u00fczgar\u0131n \u015fiddetini hissedebilir, \u00e7evredeki kokular\u0131 koklayabilir ve zorlu arazileri ge\u00e7menin heyecan\u0131n\u0131 ilk elden ya\u015fayabilirsiniz. Do\u011faya yak\u0131nl\u0131k, \u00e7evrenizle daha derin bir ba\u011flant\u0131 kurman\u0131za ve yaban hayat\u0131n\u0131 g\u00f6zlemleme, gizli noktalar\u0131 ke\u015ffetme ve \u00e7evrenizin g\u00fczelli\u011fini takdir etme \u015fans\u0131na olanak tan\u0131r.<\/p>\n<p style=\"text-align: center;\"><img loading=\"lazy\" decoding=\"async\" class=\"alignnone size-medium wp-image-21665\" src=\"https:\/\/holidayexcursion.com\/wp-content\/uploads\/2023\/11\/8473132a-978f-4d18-8da9-ba8a30fe2172-169x300.jpg\" alt=\"Alanya Atv kiralama\" width=\"169\" height=\"300\" title=\"\" srcset=\"https:\/\/holidayexcursion.com\/wp-content\/uploads\/2023\/11\/8473132a-978f-4d18-8da9-ba8a30fe2172-169x300.jpg 169w, https:\/\/holidayexcursion.com\/wp-content\/uploads\/2023\/11\/8473132a-978f-4d18-8da9-ba8a30fe2172-768x1365.jpg 768w, https:\/\/holidayexcursion.com\/wp-content\/uploads\/2023\/11\/8473132a-978f-4d18-8da9-ba8a30fe2172-576x1024.jpg 576w, https:\/\/holidayexcursion.com\/wp-content\/uploads\/2023\/11\/8473132a-978f-4d18-8da9-ba8a30fe2172-864x1536.jpg 864w, https:\/\/holidayexcursion.com\/wp-content\/uploads\/2023\/11\/8473132a-978f-4d18-8da9-ba8a30fe2172-600x1067.jpg 600w, https:\/\/holidayexcursion.com\/wp-content\/uploads\/2023\/11\/8473132a-978f-4d18-8da9-ba8a30fe2172.jpg 1152w\" sizes=\"auto, (max-width: 169px) 100vw, 169px\" \/><\/p>\n<p style=\"text-align: center;\">5. Grup ve Aile Maceralar\u0131:<\/p>\n<p style=\"text-align: center;\"><a href=\"https:\/\/holidayexcursion.com\/tours-in-alanya\/tours\/quad-safari-tour\/\">ATV<\/a> kiralama, yaln\u0131z seyahatlerle s\u0131n\u0131rl\u0131 de\u011fildir, ayn\u0131 zamanda harika grup veya aile maceralar\u0131na da olanak sa\u011flar. Kiralama acenteleri genellikle tandem s\u00fcr\u00fc\u015fe uygun veya birden fazla yolcuyu a\u011f\u0131rlayacak d\u00f6rt tekerlekli bisikletler sa\u011flar. Birden fazla Atv kiralamak, arkada\u015flar\u0131n\u0131z veya ailenizle gezilere \u00e7\u0131kman\u0131za, kal\u0131c\u0131 an\u0131lar yaratman\u0131za ve ortak deneyimler yoluyla bir dostluk duygusu geli\u015ftirmenize olanak tan\u0131r.<\/p>\n<p style=\"text-align: center;\">6. Mesleki Rehberlik ve G\u00fcvenlik \u00d6nlemleri:<\/p>\n<p style=\"text-align: center;\"><a href=\"https:\/\/holidayexcursion.com\/rent-a-car-in-alanya\/\">Holiday Excursion kiralama acentesi<\/a>, rehberli turlar veya g\u00fcvenlik y\u00f6nlendirmeleri gibi ek hizmetler sunmaktad\u0131r. Bu hizmetler, \u00f6zellikle ATV s\u00fcr\u00fc\u015f\u00fcnde yeniyseniz veya ke\u015ffetti\u011finiz b\u00f6lgeye a\u015fina de\u011filseniz \u00e7ok de\u011ferli olabilir. Profesyonel rehberler yerel arazi hakk\u0131nda bilgi sa\u011flayabilir, manzaral\u0131 rotalar \u00f6nerebilir ve yolculuk boyunca g\u00fcvenli\u011finizi sa\u011flayabilir. ATV kiralarken kask ve di\u011fer koruyucu donan\u0131mlar\u0131n sa\u011flanmas\u0131 gibi g\u00fcvenlik \u00f6nlemleri de yayg\u0131nd\u0131r, bu da maceran\u0131z s\u0131ras\u0131nda i\u00e7inizin rahat olmas\u0131n\u0131 sa\u011flar.<\/p>\n<p style=\"text-align: center;\"><img loading=\"lazy\" decoding=\"async\" class=\"alignnone size-medium wp-image-21689\" src=\"https:\/\/holidayexcursion.com\/wp-content\/uploads\/2023\/11\/eb84e1ac-e2c2-40c4-8bb8-49adba4a3e18-300x168.jpg\" alt=\"Alanya Segway Atv\" width=\"300\" height=\"168\" title=\"\" srcset=\"https:\/\/holidayexcursion.com\/wp-content\/uploads\/2023\/11\/eb84e1ac-e2c2-40c4-8bb8-49adba4a3e18-300x168.jpg 300w, https:\/\/holidayexcursion.com\/wp-content\/uploads\/2023\/11\/eb84e1ac-e2c2-40c4-8bb8-49adba4a3e18-768x431.jpg 768w, https:\/\/holidayexcursion.com\/wp-content\/uploads\/2023\/11\/eb84e1ac-e2c2-40c4-8bb8-49adba4a3e18-1024x575.jpg 1024w, https:\/\/holidayexcursion.com\/wp-content\/uploads\/2023\/11\/eb84e1ac-e2c2-40c4-8bb8-49adba4a3e18-1536x863.jpg 1536w, https:\/\/holidayexcursion.com\/wp-content\/uploads\/2023\/11\/eb84e1ac-e2c2-40c4-8bb8-49adba4a3e18-600x337.jpg 600w, https:\/\/holidayexcursion.com\/wp-content\/uploads\/2023\/11\/eb84e1ac-e2c2-40c4-8bb8-49adba4a3e18.jpg 2048w\" sizes=\"auto, (max-width: 300px) 100vw, 300px\" \/><\/p>\n<p style=\"text-align: center;\">Alanya&#8217;da <a href=\"https:\/\/holidayexcursion.com\/tours-in-alanya\/tours\/quad-safari-tour\/\">ATV<\/a> kiralamak heyecan verici deneyimlerle dolu bir d\u00fcnyan\u0131n kap\u0131lar\u0131n\u0131 a\u00e7ar ve ke\u015ffin s\u0131n\u0131rlar\u0131n\u0131 zorlaman\u0131za olanak tan\u0131r. \u00dcst\u00fcn arazi yetenekleri, esneklikleri ve etkile\u015fimli do\u011falar\u0131yla Atv ler , kendinizi harika d\u0131\u015f mekanlara kapt\u0131rman\u0131n benzersiz bir yolunu sunar. \u0130ster adrenalin patlamas\u0131, ister do\u011fal manzaralar\u0131 ke\u015ffetmenin alternatif bir yolu, ister unutulmaz bir grup maceras\u0131 ar\u0131yor olun, ATV kiralamak s\u0131radan bir geziyi ola\u011fan\u00fcst\u00fc bir geziye d\u00f6n\u00fc\u015ft\u00fcrebilir. O halde vitesinizi y\u00fckseltin, heyecan\u0131 kucaklay\u0131n ve unutulmaz bir Atv deneyimine ba\u015flay\u0131n.<\/p>\n<p style=\"text-align: center;\"><img loading=\"lazy\" decoding=\"async\" class=\"alignnone size-medium wp-image-21671\" src=\"https:\/\/holidayexcursion.com\/wp-content\/uploads\/2023\/11\/89448760-ae04-4fdb-a8b7-4b80ad89fcd8-169x300.jpg\" alt=\"Alanya Atv Quad bike 500 cc\" width=\"169\" height=\"300\" title=\"\" srcset=\"https:\/\/holidayexcursion.com\/wp-content\/uploads\/2023\/11\/89448760-ae04-4fdb-a8b7-4b80ad89fcd8-169x300.jpg 169w, https:\/\/holidayexcursion.com\/wp-content\/uploads\/2023\/11\/89448760-ae04-4fdb-a8b7-4b80ad89fcd8-768x1365.jpg 768w, https:\/\/holidayexcursion.com\/wp-content\/uploads\/2023\/11\/89448760-ae04-4fdb-a8b7-4b80ad89fcd8-576x1024.jpg 576w, https:\/\/holidayexcursion.com\/wp-content\/uploads\/2023\/11\/89448760-ae04-4fdb-a8b7-4b80ad89fcd8-864x1536.jpg 864w, https:\/\/holidayexcursion.com\/wp-content\/uploads\/2023\/11\/89448760-ae04-4fdb-a8b7-4b80ad89fcd8-600x1067.jpg 600w, https:\/\/holidayexcursion.com\/wp-content\/uploads\/2023\/11\/89448760-ae04-4fdb-a8b7-4b80ad89fcd8.jpg 1152w\" sizes=\"auto, (max-width: 169px) 100vw, 169px\" \/><\/p>\n<p style=\"text-align: center;\">1. ATV kiralaman\u0131n \u015fartlar\u0131 nelerdir?<br \/>\nATV kiralamak i\u00e7in genellikle ge\u00e7erli bir s\u00fcr\u00fcc\u00fc ehliyetine ihtiyac\u0131n\u0131z vard\u0131r ve baz\u0131 durumlarda minimum ya\u015f \u015fart\u0131n\u0131 kar\u015f\u0131laman\u0131z gerekebilir. Ek olarak, baz\u0131 kiralama \u015firketleri bir g\u00fcvenlik brifingine veya arazi ara\u00e7lar\u0131n\u0131 kullanma konusunda daha \u00f6nceden deneyime ihtiya\u00e7 duyabilir.<\/p>\n<p style=\"text-align: center;\">2. ATV kiralaman\u0131n maliyeti nedir?<br \/>\nATV kiralaman\u0131n maliyeti, konumu, kiralama s\u00fcresi, ATV tipi gibi fakt\u00f6rlere ba\u011fl\u0131 olarak de\u011fi\u015fiklik g\u00f6sterebilmektedir. Kiralama fiyatlar\u0131 genellikle saat ba\u015f\u0131na 25 dolar ila 200 ABD Dolar\u0131 aras\u0131nda de\u011fi\u015fmektedir ve tam g\u00fcnl\u00fck kiralamalarda genellikle indirimler mevcuttur.<\/p>\n<p style=\"text-align: center;\">3. ATV kiralamak i\u00e7in sigortaya ihtiyac\u0131m var m\u0131?<br \/>\nBir\u00e7ok ATV kiralama \u015firketi ek \u00fccret kar\u015f\u0131l\u0131\u011f\u0131nda sat\u0131n al\u0131nabilecek sigorta se\u00e7enekleri sunmaktad\u0131r. ATV kiralamadan \u00f6nce sigorta kapsam\u0131 hakk\u0131nda bilgi almak ve \u015fartlar ve ko\u015fullar\u0131 anlamak \u00f6nemlidir.<\/p>\n<p style=\"text-align: center;\">4. ATV kiralamalarda kask veriliyor mu?<br \/>\nKasklar genellikle ATV kiralama s\u0131ras\u0131nda firma taraf\u0131ndan verilir. Ki\u015fisel g\u00fcvenlik ve yerel d\u00fczenlemelere uyum a\u00e7\u0131s\u0131ndan kask takmak \u00f6nemlidir.<\/p>\n<p style=\"text-align: center;\">5. Daha \u00f6nce s\u00fcr\u00fc\u015f deneyimim olmadan ATV kiralayabilir miyim?<br \/>\nBaz\u0131 kiralama \u015firketleri yeni ba\u015flayanlar i\u00e7in temel e\u011fitim verebilirken, di\u011ferleri kirac\u0131lar\u0131n ATV s\u00fcrme deneyimine sahip olmalar\u0131n\u0131 isteyebilir. Acemi bir s\u00fcr\u00fcc\u00fcyseniz bunu sorman\u0131z \u00f6nemlidir.<\/p>\n<p style=\"text-align: center;\">6. ATV&#8217;yi iade etme prosed\u00fcr\u00fc nedir?<br \/>\nKirac\u0131lar\u0131n genellikle ATV yi, kararla\u015ft\u0131r\u0131lan zamanda ve kiraland\u0131\u011f\u0131 zamanki durumda kiralama tesisine iade etmeleri beklenir. Ge\u00e7 iadeler ek \u00fccrete neden olabilir, bu nedenle kira s\u00f6zle\u015fmesine uymak \u00f6nemlidir.<\/p>\n<p style=\"text-align: center;\">7. Kiralad\u0131\u011f\u0131m ATV&#8217;yi nerelerde kullanabilece\u011fim konusunda k\u0131s\u0131tlamalar var m\u0131?<br \/>\nKiralanan d\u00f6rtl\u00fc bisikleti nerede s\u00fcrebilece\u011finizle ilgili s\u0131n\u0131rlamalar\u0131 anlamak \u00f6nemlidir. Kira s\u00f6zle\u015fmeleri belirli alanlara veya arazi t\u00fcrlerine ili\u015fkin k\u0131s\u0131tlamalar i\u00e7erebilir ve bu k\u0131s\u0131tlamalara uymak \u00f6nemlidir.<\/p>\n<p style=\"text-align: center;\">8. Belirli bir kilometreyi a\u015f\u0131nca ek \u00fccretler var m\u0131?<br \/>\nBaz\u0131 ATV kiralama \u015firketlerinin kilometre s\u0131n\u0131rlamalar\u0131 vard\u0131r ve ayr\u0131lan mesafenin a\u015f\u0131lmas\u0131 durumunda ek \u00fccret talep edebilir. Beklenmeyen masraflardan \u00fccretler i\u00e7in bu \u015fartlar\u0131n varl\u0131\u011f\u0131 \u00f6nemlidir.<\/p>\n<p style=\"text-align: center;\">9. Mekanik sorun veya ar\u0131za durumunda ne olur?<br \/>\nKiralama s\u00fcresi boyunca mekanik sorunlar veya ar\u0131zalar olmas\u0131 durumunda, kiralama \u015firketiyle ileti\u015fime ge\u00e7erek yard\u0131m veya yedek ara\u00e7 alma prosed\u00fcrlerini bilmek \u00f6nemlidir.<\/p>\n<p style=\"text-align: center;\">10. ATV kiralamalarda kabul edilen \u00f6deme y\u00f6ntemleri nelerdir?<br \/>\nATV kiralama sa\u011flay\u0131c\u0131lar\u0131n\u0131n \u00e7o\u011fu, \u00f6deme i\u00e7in b\u00fct\u00fcn kredi kartlar\u0131n\u0131 kabul etmektedir ve baz\u0131lar\u0131 nakit i\u015flemlere de izin verebilir. ATV kiralamadan \u00f6nce kabul edilen \u00f6deme y\u00f6ntemlerini netle\u015ftirmek \u00f6nemlidir.<\/p>\n<p style=\"text-align: center;\">ATV kiralamak heyecan verici bir <a href=\"https:\/\/holidayexcursion.com\/tours-in-alanya\/tours\/buggy-tour\/\">a\u00e7\u0131k hava maceras\u0131<\/a> sunabilir ve kiralama s\u00fcreci, g\u00fcvenlik kurallar\u0131 ve ilgili maliyetler ve politikalar hakk\u0131nda bilgi sahibi olmak sorunsuz ve keyifli bir deneyim sa\u011flayabilir.<\/p>\n<p style=\"text-align: center;\"><img loading=\"lazy\" decoding=\"async\" class=\"alignnone size-medium wp-image-24707\" src=\"https:\/\/holidayexcursion.com\/wp-content\/uploads\/2023\/11\/Quad-bike-segway-snarler-300x232.webp\" alt=\"\" width=\"300\" height=\"232\" title=\"\" srcset=\"https:\/\/holidayexcursion.com\/wp-content\/uploads\/2023\/11\/Quad-bike-segway-snarler-300x232.webp 300w, https:\/\/holidayexcursion.com\/wp-content\/uploads\/2023\/11\/Quad-bike-segway-snarler-768x595.webp 768w, https:\/\/holidayexcursion.com\/wp-content\/uploads\/2023\/11\/Quad-bike-segway-snarler-600x464.webp 600w, https:\/\/holidayexcursion.com\/wp-content\/uploads\/2023\/11\/Quad-bike-segway-snarler.webp 1005w\" sizes=\"auto, (max-width: 300px) 100vw, 300px\" \/><\/p>\n<p style=\"text-align: center;\"><strong><a href=\"https:\/\/www.segwayturkiye.com\/snarler.php\" rel=\"nofollow noopener\" target=\"_blank\">SEGWAY SNARLER<\/a> 570 TEKN\u0130K \u00d6ZELL\u0130KLER\u0130 <\/strong><\/p>\n<p style=\"text-align: center;\"> 570CC s\u0131v\u0131 so\u011futmal\u0131, tek silindirli, 4 zamanl\u0131, DOHC motor, maksimum 44HP ve 48N\u00b7m tork sa\u011flar. 570CC motor, yal\u0131tkan buji ve optimize edilmi\u015f CAM&#8217;\u0131n optimum tasar\u0131m\u0131n\u0131 benimser. Elektronik yak\u0131t enjeksiyon sisteminin eklenmesiyle g\u00fc\u00e7 aktar\u0131m sistemi, y\u00fcksek\/d\u00fc\u015f\u00fck s\u0131cakl\u0131k ve y\u00fcksek rak\u0131ml\u0131 ortamlarda iyi bir uyum kabiliyetine sahiptir.<\/p>\n<p style=\"text-align: center;\">210mm Arka S\u00fcspansiyon Hareketi 180mm \u00d6n S\u00fcspansiyon Hareketi.<\/p>\n<p style=\"text-align: center;\">Alanya&#8217;daki tatiliniz boyunca size unutulmaz an\u0131lar diliyoruz.<\/p>\n<p style=\"text-align: center;\">Not: Daha fazla bilgi i\u00e7in Whats App&#8217;tan arayarak veya mesaj atarak da ileti\u015fime ge\u00e7ebilirsiniz.<\/p>\n<p style=\"text-align: center;\"><a href=\"https:\/\/www.facebook.com\/Alanyaholidayexcursion\" rel=\"nofollow noopener\" target=\"_blank\">Holiday Excursion Ekibi,<\/a><\/p>\n<p><iframe loading=\"lazy\" title=\"Introducing the Segway Powersports Snarler AT6 Quad bike!\" width=\"1020\" height=\"574\" src=\"https:\/\/www.youtube.com\/embed\/ng8pGOOsycU?feature=oembed\" frameborder=\"0\" allow=\"accelerometer; autoplay; clipboard-write; encrypted-media; gyroscope; picture-in-picture; web-share\" allowfullscreen><\/iframe><\/p>\n<p><iframe loading=\"lazy\" title=\"Off-road with ATV, Quad Segway snarler 600\" width=\"1020\" height=\"574\" src=\"https:\/\/www.youtube.com\/embed\/yRbfskkw_vg?feature=oembed\" frameborder=\"0\" allow=\"accelerometer; autoplay; clipboard-write; encrypted-media; gyroscope; picture-in-picture; web-share\" allowfullscreen><\/iframe><\/p>\n<p><iframe loading=\"lazy\" title=\"REVIEW \u274c SEGWAY Snarler 600 \ud83d\udca2 Test Ride \u2757\ufe0f\u2757\ufe0f\" width=\"1020\" height=\"574\" src=\"https:\/\/www.youtube.com\/embed\/OhktLAdp2MM?feature=oembed\" frameborder=\"0\" allow=\"accelerometer; autoplay; clipboard-write; encrypted-media; gyroscope; picture-in-picture; web-share\" allowfullscreen><\/iframe><\/p>\n","protected":false},"excerpt":{"rendered":"<p>QUAD BIKE ATV (570 CC ) 1-7 G\u00fcnl\u00fck fiyat\u0131: 130 \u20ac | 7-14 G\u00fcn fiyat\u0131: 110 \u20ac ATV&#8217;lerin g\u00fcnl\u00fck kullan\u0131m limiti 80 km&#8217;dir. Kullan\u0131lan her ilave kilometre i\u00e7in 1 Euro \u00fccret tahsil edilir. Alanya Tatilinizde ATV Kiralaman\u0131n Avantajlar\u0131 Konu maceraya gelince, harika a\u00e7\u0131k hava deneyimlerini ya\u015faman\u0131n benzersiz bir yolunu sunan ATV&#8217;ler, Alanya&#8217;daki farkl\u0131 seyahat planlar\u0131na<\/p>\n","protected":false},"featured_media":24700,"comment_status":"open","ping_status":"closed","template":"","meta":[],"product_brand":[],"product_cat":[102],"product_tag":[],"class_list":{"0":"post-21663","1":"product","2":"type-product","3":"status-publish","4":"has-post-thumbnail","6":"product_cat-rent-a-car-tr","8":"first","9":"instock","10":"featured","11":"virtual","12":"sold-individually","13":"purchasable","14":"product-type-booking"},"_links":{"self":[{"href":"https:\/\/holidayexcursion.com\/tr\/wp-json\/wp\/v2\/product\/21663","targetHints":{"allow":["GET"]}}],"collection":[{"href":"https:\/\/holidayexcursion.com\/tr\/wp-json\/wp\/v2\/product"}],"about":[{"href":"https:\/\/holidayexcursion.com\/tr\/wp-json\/wp\/v2\/types\/product"}],"replies":[{"embeddable":true,"href":"https:\/\/holidayexcursion.com\/tr\/wp-json\/wp\/v2\/comments?post=21663"}],"wp:featuredmedia":[{"embeddable":true,"href":"https:\/\/holidayexcursion.com\/tr\/wp-json\/wp\/v2\/media\/24700"}],"wp:attachment":[{"href":"https:\/\/holidayexcursion.com\/tr\/wp-json\/wp\/v2\/media?parent=21663"}],"wp:term":[{"taxonomy":"product_brand","embeddable":true,"href":"https:\/\/holidayexcursion.com\/tr\/wp-json\/wp\/v2\/product_brand?post=21663"},{"taxonomy":"product_cat","embeddable":true,"href":"https:\/\/holidayexcursion.com\/tr\/wp-json\/wp\/v2\/product_cat?post=21663"},{"taxonomy":"product_tag","embeddable":true,"href":"https:\/\/holidayexcursion.com\/tr\/wp-json\/wp\/v2\/product_tag?post=21663"}],"curies":[{"name":"wp","href":"https:\/\/api.w.org\/{rel}","templated":true}]}}