{"id":21741,"date":"2023-11-11T20:24:28","date_gmt":"2023-11-11T17:24:29","guid":{"rendered":"https:\/\/holidayexcursion.com\/?post_type=product&#038;p=21741"},"modified":"2023-12-06T00:15:48","modified_gmt":"2023-12-05T21:15:48","slug":"alanya-go-kart","status":"publish","type":"product","link":"https:\/\/holidayexcursion.com\/tr\/tours-in-alanya\/rent-a-car-tr\/alanya-go-kart\/","title":{"rendered":"ALANYA GO KART"},"content":{"rendered":"<h2 style=\"text-align: center;\"><strong>ALANYA GO KART <\/strong><\/h2>\n<p style=\"text-align: center;\">Alanya Go karting uzun zamand\u0131r hem bireyler hem de aileler i\u00e7in heyecan verici, y\u00fcksek h\u0131zl\u0131 e\u011flencenin temeli olmu\u015ftur.<\/p>\n<p style=\"text-align: center;\">Ba\u015flang\u0131\u00e7ta yar\u0131\u015f tutkunlar\u0131 i\u00e7in heyecan verici bir e\u011flence olarak ba\u015flayan Alanya go karting, kart yar\u0131\u015f\u0131 heyecan\u0131n\u0131 ya\u015faman\u0131n eri\u015filebilir ve heyecan verici bir yolunu sunan pop\u00fcler bir rekreasyon etkinli\u011fine d\u00f6n\u00fc\u015ft\u00fc. \u0130ster g\u00fcndelik e\u011flence, rekabet\u00e7i yar\u0131\u015flar, ister tak\u0131m olu\u015fturma etkinlikleri olsun, Alanya&#8217;da go karting, geni\u015f bir yelpazedeki merakl\u0131lara hitap eden, adrenalin dolu bir deneyim sunuyor.<\/p>\n<p style=\"text-align: center;\">Ayr\u0131ca go karting, s\u00fcr\u00fc\u015f becerilerini geli\u015ftirmenin ve yar\u0131\u015f dinamiklerini \u00f6\u011frenmenin harika bir yoludur. Gelecek vaat eden yar\u0131\u015f\u00e7\u0131lar, frenleme, h\u0131zlanma ve zorlu d\u00f6n\u00fc\u015flerde y\u00f6n bulma sanat\u0131nda ustala\u015farak yeteneklerini g\u00fcvenli ve kontroll\u00fc bir ortamda geli\u015ftirebilirler.<\/p>\n<p style=\"text-align: center;\">  <img loading=\"lazy\" decoding=\"async\" class=\"alignnone wp-image-24647\" src=\"https:\/\/holidayexcursion.com\/wp-content\/uploads\/2023\/11\/Go-kart-alanya-300x189.png\" alt=\"\" width=\"400\" height=\"252\" title=\"\" srcset=\"https:\/\/holidayexcursion.com\/wp-content\/uploads\/2023\/11\/Go-kart-alanya-300x189.png 300w, https:\/\/holidayexcursion.com\/wp-content\/uploads\/2023\/11\/Go-kart-alanya-768x483.png 768w, https:\/\/holidayexcursion.com\/wp-content\/uploads\/2023\/11\/Go-kart-alanya-1024x644.png 1024w, https:\/\/holidayexcursion.com\/wp-content\/uploads\/2023\/11\/Go-kart-alanya-600x377.png 600w, https:\/\/holidayexcursion.com\/wp-content\/uploads\/2023\/11\/Go-kart-alanya.png 1100w\" sizes=\"auto, (max-width: 400px) 100vw, 400px\" \/><\/p>\n<p style=\"text-align: center;\">Go kartingin \u00e7ekicili\u011fi eri\u015filebilirli\u011fi ve \u00e7ok y\u00f6nl\u00fcl\u00fc\u011f\u00fcnde yatmaktad\u0131r. Kapal\u0131 karting tesislerinden <a href=\"https:\/\/holidayexcursion.com\/tours-in-alanya\/rent-a-car\/utv\/\">a\u00e7\u0131k hava pistlerine<\/a> kadar, go karting mekanlar\u0131 hem ilk kez yar\u0131\u015fan s\u00fcr\u00fcc\u00fclere hem de deneyimli yar\u0131\u015f\u00e7\u0131lara hitap ederek t\u00fcm beceri seviyeleri i\u00e7in kapsay\u0131c\u0131 bir ortam sa\u011flar. Elektrikli kartlar, gazla \u00e7al\u0131\u015fan kartlar ve \u00f6zel tasarlanm\u0131\u015f gen\u00e7lik kartlar\u0131 gibi \u00e7e\u015fitli karting se\u00e7enekleriyle go-kart, her ya\u015ftan birey i\u00e7in ya\u015fa uygun ve g\u00fcvenli bir deneyim sunuyor.<\/p>\n<p style=\"text-align: center;\">\u00c7o\u011fu ki\u015fi i\u00e7in go karting, h\u0131z ve rekabetin getirdi\u011fi adrenalin ile dostane rekabetin keyfini birle\u015ftiren heyecan verici bir e\u011flence etkinli\u011fi olarak hizmet ediyor. \u0130ster arkada\u015flarla bir haftasonu gezisi, ister ailece bir macera olsun, Alanya go karting, dostlu\u011fu ve dost\u00e7a rekabeti te\u015fvik eden heyecan verici ve e\u011flenceli bir deneyim sunar. Ek olarak, go-kart tesisleri genellikle daha rekabet\u00e7i ve s\u00fcr\u00fckleyici bir deneyim arayan merakl\u0131lara hitap etmek i\u00e7in zamanlama sistemleri, yar\u0131\u015f ligleri ve \u00f6zel etkinlikler gibi olanaklar sunar.<\/p>\n<p style=\"text-align: center;\"><img loading=\"lazy\" decoding=\"async\" class=\"alignnone wp-image-24641\" src=\"https:\/\/holidayexcursion.com\/wp-content\/uploads\/2023\/11\/Go-kart-alanya-1-300x300.jpg\" alt=\"\" width=\"399\" height=\"399\" title=\"\" srcset=\"https:\/\/holidayexcursion.com\/wp-content\/uploads\/2023\/11\/Go-kart-alanya-1-300x300.jpg 300w, https:\/\/holidayexcursion.com\/wp-content\/uploads\/2023\/11\/Go-kart-alanya-1-100x100.jpg 100w, https:\/\/holidayexcursion.com\/wp-content\/uploads\/2023\/11\/Go-kart-alanya-1-150x150.jpg 150w, https:\/\/holidayexcursion.com\/wp-content\/uploads\/2023\/11\/Go-kart-alanya-1.jpg 600w\" sizes=\"auto, (max-width: 399px) 100vw, 399px\" \/><\/p>\n<p style=\"text-align: center;\"><a href=\"https:\/\/tr.wikipedia.org\/wiki\/Alanya\" rel=\"nofollow noopener\" target=\"_blank\">Alanya<\/a> go karting, rekreasyonel e\u011flencenin yan\u0131 s\u0131ra, t\u00fcm ziyaret\u00e7iler i\u00e7in ekip olu\u015fturma faaliyetleri ve kurumsal etkinlikler i\u00e7in de pop\u00fcler bir se\u00e7enek olarak hizmet vermektedir. Pek \u00e7ok i\u015fletme ve kurulu\u015f, ekip \u00e7al\u0131\u015fmas\u0131n\u0131, ileti\u015fimi ve meslekta\u015flar aras\u0131nda dost\u00e7a rekabeti te\u015fvik etmenin benzersiz ve ilgi \u00e7ekici bir yolu olarak go karting&#8217;e y\u00f6neliyor. Ekip \u00fcyeleri, kat\u0131l\u0131mc\u0131lar aras\u0131nda i\u015fbirli\u011fini ve dostlu\u011fu te\u015fvik eden unutulmaz ve etkile\u015fimli bir deneyim yaratarak bire bir <a href=\"https:\/\/www.fiakarting.com\/page\/home\" rel=\"nofollow noopener\" target=\"_blank\">yar\u0131\u015f<\/a>lara, bayrak yar\u0131\u015f\u0131 etkinliklerine ve tak\u0131m m\u00fccadelelerine kat\u0131labilir.<\/p>\n<p style=\"text-align: center;\">Alanya go-kart sporunda g\u00fcvenlik en \u00f6nemli husustur ve sayg\u0131n tesisler, s\u00fcr\u00fcc\u00fclerinin refah\u0131n\u0131 \u00f6n planda tutar. Modern <a href=\"https:\/\/tr.wikipedia.org\/wiki\/Go_kart\" rel=\"nofollow noopener\" target=\"_blank\">go kartlar<\/a>, g\u00fcvenli ve keyifli bir deneyim sa\u011flamak i\u00e7in takla \u00e7ubuklar\u0131, emniyet kemerleri ve geli\u015fmi\u015f fren sistemleri gibi g\u00fcvenlik \u00f6zellikleriyle donat\u0131lm\u0131\u015ft\u0131r. Ek olarak, go karting tesislerindeki personel, kat\u0131l\u0131mc\u0131lar\u0131n karting deneyimlerine haz\u0131rl\u0131kl\u0131 ve bilgili olmalar\u0131n\u0131 sa\u011flamak i\u00e7in g\u00fcvenlik brifingleri, takip kurallar\u0131 ve rehberlik sa\u011flar.<\/p>\n<p style=\"text-align: center;\"><img loading=\"lazy\" decoding=\"async\" class=\"alignnone wp-image-24635\" src=\"https:\/\/holidayexcursion.com\/wp-content\/uploads\/2023\/11\/Go-kart-Alanya-Holiday-1-225x300.jpg\" alt=\"\" width=\"257\" height=\"343\" title=\"\" srcset=\"https:\/\/holidayexcursion.com\/wp-content\/uploads\/2023\/11\/Go-kart-Alanya-Holiday-1-225x300.jpg 225w, https:\/\/holidayexcursion.com\/wp-content\/uploads\/2023\/11\/Go-kart-Alanya-Holiday-1-768x1024.jpg 768w, https:\/\/holidayexcursion.com\/wp-content\/uploads\/2023\/11\/Go-kart-Alanya-Holiday-1-1152x1536.jpg 1152w, https:\/\/holidayexcursion.com\/wp-content\/uploads\/2023\/11\/Go-kart-Alanya-Holiday-1-600x800.jpg 600w, https:\/\/holidayexcursion.com\/wp-content\/uploads\/2023\/11\/Go-kart-Alanya-Holiday-1.jpg 1200w\" sizes=\"auto, (max-width: 257px) 100vw, 257px\" \/><\/p>\n<p style=\"text-align: center;\">Alanya go karting&#8217;e kat\u0131lma s\u00fcreci, \u00e7e\u015fitli tercihlere uyum sa\u011flamak i\u00e7in kat\u0131l\u0131ms\u0131z deneyimler, grup rezervasyonlar\u0131 ve etkinlik rezervasyonlar\u0131 sunan tesislerle genellikle basittir. \u0130ster spontane bir gezi ister planl\u0131 bir etkinlik olsun, Alanya go karting tesisleri t\u00fcm kat\u0131l\u0131mc\u0131lara kesintisiz ve keyifli bir deneyim sunmay\u0131 ama\u00e7lamaktad\u0131r. Pek \u00e7ok mekan, y\u00f6netimin genel deneyiminin yay\u0131lmas\u0131 i\u00e7in tesisin b\u00fcnyesinde yemek yeme, atari oyunlar\u0131 ve etkinlik alanlar\u0131 gibi ek olanaklar da sunmaktad\u0131r.<\/p>\n<p style=\"text-align: center;\">Ayr\u0131ca go karting, rekabet\u00e7i kart yar\u0131\u015flar\u0131 ve motor sporlar\u0131yla ilgilenen ki\u015filer i\u00e7in bir basamak olarak ortaya \u00e7\u0131kt\u0131. Amat\u00f6r ve profesyonel yar\u0131\u015f pistleri genellikle hevesli motor sporlar\u0131 merakl\u0131lar\u0131 i\u00e7in bir e\u011fitim alan\u0131 g\u00f6revi g\u00f6r\u00fcr ve onlar\u0131n s\u00fcr\u00fc\u015f becerilerini geli\u015ftirmelerine, yar\u0131\u015f becerilerini \u00f6\u011frenmelerine ve sonunda daha geli\u015fmi\u015f motor sporlar\u0131 disiplinlerine ge\u00e7i\u015f yapmalar\u0131na olanak tan\u0131r. Bu nedenle go karting, motor sporlar\u0131na olan tutkunun geli\u015ftirilmesinde ve gelecekteki yar\u0131\u015f aray\u0131\u015flar\u0131na a\u00e7\u0131lan bir kap\u0131 olarak hizmet etmede hayati bir rol oynamaktad\u0131r.<\/p>\n<p style=\"text-align: center;\"><img loading=\"lazy\" decoding=\"async\" class=\"alignnone wp-image-24653\" src=\"https:\/\/holidayexcursion.com\/wp-content\/uploads\/2023\/11\/Go-kart-holiday-excursion-300x169.jpg\" alt=\"\" width=\"403\" height=\"227\" title=\"\" srcset=\"https:\/\/holidayexcursion.com\/wp-content\/uploads\/2023\/11\/Go-kart-holiday-excursion-300x169.jpg 300w, https:\/\/holidayexcursion.com\/wp-content\/uploads\/2023\/11\/Go-kart-holiday-excursion-768x431.jpg 768w, https:\/\/holidayexcursion.com\/wp-content\/uploads\/2023\/11\/Go-kart-holiday-excursion-1024x575.jpg 1024w, https:\/\/holidayexcursion.com\/wp-content\/uploads\/2023\/11\/Go-kart-holiday-excursion-600x337.jpg 600w, https:\/\/holidayexcursion.com\/wp-content\/uploads\/2023\/11\/Go-kart-holiday-excursion.jpg 1100w\" sizes=\"auto, (max-width: 403px) 100vw, 403px\" \/><\/p>\n<p style=\"text-align: center;\">Alanya go karting, h\u0131zl\u0131 e\u011flencenin ve dostane rekabetin simgesidir. \u0130ster adrenalin patlamas\u0131 ar\u0131yor olun ister yar\u0131\u015f becerilerinizi geli\u015ftirmek istiyor olun, go-kart size pistte daha fazla tur atmaya can atacak unutulmaz bir deneyim sunuyor.<\/p>\n<p style=\"text-align: center;\">Go karting eri\u015filebilir, heyecan verici ve kapsay\u0131c\u0131 yap\u0131s\u0131yla tutkunlar\u0131n\u0131 b\u00fcy\u00fclemeye devam ediyor. \u0130ster e\u011flence ama\u00e7l\u0131, ister rekabet\u00e7i yar\u0131\u015flar, ister tak\u0131m olu\u015fturma faaliyetleri olsun, go karting her ya\u015ftan ve beceri d\u00fczeyinden ki\u015fiye uygun, adrenalin pompalayan bir deneyim sunar. G\u00fcvenli\u011fe, eri\u015filebilirli\u011fe ve e\u011flenceye verdi\u011fi \u00f6nemle go karting, hem yar\u0131\u015f tutkunlar\u0131 hem de s\u0131radan kat\u0131l\u0131mc\u0131lar i\u00e7in sevilen bir e\u011flence olmaya devam ediyor ve \u00e7e\u015fitli ve co\u015fkulu bir izleyici kitlesinin ilgisini \u00e7ekmeye devam eden dinamik ve unutulmaz bir deneyim sunuyor.Daha fazlas\u0131 i\u00e7in bizimle ileti\u015fime ge\u00e7mekten \u00e7ekinmeyin. Alanya&#8217;da macera ve e\u011flence.<\/p>\n<div style=\"text-align: center;\"><strong>ALANYA GO KARTING TURU PROGRAMI:<\/strong><\/div>\n<div style=\"text-align: center;\">* Alanya&#8217;daki otel ve dairelerden ara\u00e7la alma, \u00f6zel ara\u00e7la GO KART park\u0131na transfer<\/div>\n<div style=\"text-align: center;\">* GO KART park\u0131na var\u0131\u015f 15 dakika karting, dinlenme ve serbest zaman<\/div>\n<div style=\"text-align: center;\">*Alanya&#8217;daki otellerinize ve dairelerinize b\u0131rakma<\/div>\n<div style=\"text-align: center;\"><\/div>\n<div style=\"text-align: center;\"><strong>F\u0130YATA DAH\u0130L OLANLAR :<\/strong><\/div>\n<div style=\"text-align: center;\">*Alanya&#8217;daki otel ve apartlardan Servis hizmeti 15 dakika go-kart yolculu\u011fu,Rehber.<\/div>\n<div style=\"text-align: center;\"><\/div>\n<div style=\"text-align: center;\"><strong>Fiyata Dahil olmayanlar<\/strong><\/div>\n<div style=\"text-align: center;\">*Tesisteki <a href=\"https:\/\/www.tripadvisor.com.tr\/Restaurants-g297961-c8-Alanya_Turkish_Mediterranean_Coast.html\" rel=\"nofollow noopener\" target=\"_blank\">kafeterya<\/a>dan al\u0131nacak ki\u015fisel harcamalar<\/div>\n<div style=\"text-align: center;\"><\/div>\n<div style=\"text-align: center;\"><strong>EK B\u0130LG\u0130 VE \u0130PU\u00c7LARI<\/strong><\/div>\n<div style=\"text-align: center;\">* 9 ya\u015f alt\u0131 \u00e7ocuklar\u0131n herhangi bir \u00f6zel k\u0131yafet giymesi gerekmeden binmesine izin verilmez.<\/div>\n<div style=\"text-align: center;\">* Rezervasyon 10:00 &#8211; 20:00 saatleri aras\u0131nda yap\u0131labilir. ehliyet gerekli de\u011fildir<\/div>\n<p style=\"text-align: center;\">Alanya&#8217;daki tatiliniz boyunca size unutulmaz an\u0131lar diliyoruz.<\/p>\n<p style=\"text-align: center;\">Not: Daha fazla bilgi i\u00e7in Whats App&#8217;tan arayarak veya mesaj atarak da ileti\u015fime ge\u00e7ebilirsiniz.<\/p>\n<p style=\"text-align: center;\"><a href=\"https:\/\/www.instagram.com\/\" rel=\"nofollow noopener\" target=\"_blank\">Holiday Excursion Ekibi,<\/a><\/p>\n<p><iframe loading=\"lazy\" title=\"Go Kart Alanya\" width=\"1020\" height=\"574\" src=\"https:\/\/www.youtube.com\/embed\/CX5Q9VZU3g4?feature=oembed\" frameborder=\"0\" allow=\"accelerometer; autoplay; clipboard-write; encrypted-media; gyroscope; picture-in-picture; web-share\" allowfullscreen><\/iframe><\/p>\n<p><iframe loading=\"lazy\" title=\"GO KART ALANYA VLOGU \/ E\u011flence Makinas\u0131\" width=\"1020\" height=\"574\" src=\"https:\/\/www.youtube.com\/embed\/_WggGj7dr0I?feature=oembed\" frameborder=\"0\" allow=\"accelerometer; autoplay; clipboard-write; encrypted-media; gyroscope; picture-in-picture; web-share\" allowfullscreen><\/iframe><\/p>\n<p><iframe loading=\"lazy\" title=\"ALANYA PARK CART\u0130NK GO CART \u0130\u015eLETMES\u0130\" width=\"1020\" height=\"574\" src=\"https:\/\/www.youtube.com\/embed\/DmEEWEhqKUw?feature=oembed\" frameborder=\"0\" allow=\"accelerometer; autoplay; clipboard-write; encrypted-media; gyroscope; picture-in-picture; web-share\" allowfullscreen><\/iframe><\/p>\n","protected":false},"excerpt":{"rendered":"<p>ALANYA GO KART Alanya Go karting uzun zamand\u0131r hem bireyler hem de aileler i\u00e7in heyecan verici, y\u00fcksek h\u0131zl\u0131 e\u011flencenin temeli olmu\u015ftur. Ba\u015flang\u0131\u00e7ta yar\u0131\u015f tutkunlar\u0131 i\u00e7in heyecan verici bir e\u011flence olarak ba\u015flayan Alanya go karting, kart yar\u0131\u015f\u0131 heyecan\u0131n\u0131 ya\u015faman\u0131n eri\u015filebilir ve heyecan verici bir yolunu sunan pop\u00fcler bir rekreasyon etkinli\u011fine d\u00f6n\u00fc\u015ft\u00fc. \u0130ster g\u00fcndelik e\u011flence, rekabet\u00e7i yar\u0131\u015flar,<\/p>\n","protected":false},"featured_media":21760,"comment_status":"open","ping_status":"closed","template":"","meta":[],"product_brand":[],"product_cat":[102],"product_tag":[],"class_list":{"0":"post-21741","1":"product","2":"type-product","3":"status-publish","4":"has-post-thumbnail","6":"product_cat-rent-a-car-tr","8":"first","9":"instock","10":"featured","11":"virtual","12":"sold-individually","13":"purchasable","14":"product-type-booking"},"_links":{"self":[{"href":"https:\/\/holidayexcursion.com\/tr\/wp-json\/wp\/v2\/product\/21741","targetHints":{"allow":["GET"]}}],"collection":[{"href":"https:\/\/holidayexcursion.com\/tr\/wp-json\/wp\/v2\/product"}],"about":[{"href":"https:\/\/holidayexcursion.com\/tr\/wp-json\/wp\/v2\/types\/product"}],"replies":[{"embeddable":true,"href":"https:\/\/holidayexcursion.com\/tr\/wp-json\/wp\/v2\/comments?post=21741"}],"wp:featuredmedia":[{"embeddable":true,"href":"https:\/\/holidayexcursion.com\/tr\/wp-json\/wp\/v2\/media\/21760"}],"wp:attachment":[{"href":"https:\/\/holidayexcursion.com\/tr\/wp-json\/wp\/v2\/media?parent=21741"}],"wp:term":[{"taxonomy":"product_brand","embeddable":true,"href":"https:\/\/holidayexcursion.com\/tr\/wp-json\/wp\/v2\/product_brand?post=21741"},{"taxonomy":"product_cat","embeddable":true,"href":"https:\/\/holidayexcursion.com\/tr\/wp-json\/wp\/v2\/product_cat?post=21741"},{"taxonomy":"product_tag","embeddable":true,"href":"https:\/\/holidayexcursion.com\/tr\/wp-json\/wp\/v2\/product_tag?post=21741"}],"curies":[{"name":"wp","href":"https:\/\/api.w.org\/{rel}","templated":true}]}}