{"id":21771,"date":"2023-11-11T20:43:38","date_gmt":"2023-11-11T17:43:40","guid":{"rendered":"https:\/\/holidayexcursion.com\/?post_type=product&#038;p=21771"},"modified":"2023-11-28T02:30:38","modified_gmt":"2023-11-27T23:30:38","slug":"gazipasa-2","status":"publish","type":"product","link":"https:\/\/holidayexcursion.com\/tr\/tours-in-alanya\/turlar\/gazipasa-2\/","title":{"rendered":"Gazipa\u015fa do\u011fal havuzu"},"content":{"rendered":"<h2 style=\"text-align: center;\"><strong>GAZ\u0130PA\u015eA DO\u011eAL HAVUZ<\/strong><\/h2>\n<p style=\"text-align: center;\">Gazipa\u015fa do\u011fal havuzu diye bir yer biliyor muydunuz? Gazipa\u015fa, ad\u0131n\u0131 Gazi Mustafa Kemal Pa\u015fa&#8217;dan alan bir \u015fehir olmas\u0131 ve muz \u00fcretiminin yayg\u0131n olmas\u0131 d\u0131\u015f\u0131nda pek bilinmiyor. <a href=\"https:\/\/tr.wikipedia.org\/wiki\/Antalya\" rel=\"nofollow noopener\" target=\"_blank\">Antalya<\/a>&#8216;n\u0131n en do\u011fu il\u00e7esi olan \u015fehir, ilgin\u00e7 do\u011fal olu\u015fumlar\u0131, deniz kenar\u0131ndaki antik kentleri ile farkl\u0131 rotalar\u0131 seven ve yeni yerler g\u00f6rmek isteyenler taraf\u0131ndan ke\u015ffedilmeyi bekliyor.<\/p>\n<p style=\"text-align: center;\"><a href=\"https:\/\/tr.wikipedia.org\/wiki\/Gazipa%C5%9Fa\" rel=\"nofollow noopener\" target=\"_blank\">Gazipa\u015fa<\/a> do\u011fal havuzlar\u0131, Antalya b\u00f6lgesinin b\u00fcy\u00fcleyici manzaralar\u0131 i\u00e7erisinde yer alan gizli bir m\u00fccevherdir. G\u00fcr ye\u015fillikler ve engebeli arazinin ortas\u0131nda yer alan bu g\u00f6zlerden uzak havuzlar, kendilerini do\u011fan\u0131n huzur ve g\u00fczelli\u011fine kapt\u0131rmak isteyen gezginler i\u00e7in sakin bir ka\u00e7\u0131\u015f sunuyor. Yemye\u015fil ormanlar ve do\u011fal manzaralarla \u00e7evrili Gazipa\u015fa&#8217;n\u0131n do\u011fal havuzlar\u0131, bozulmam\u0131\u015f sular\u0131n yenileyici g\u00fcc\u00fcn\u00fc, s\u0131radanl\u0131ktan uzak bir d\u00fcnya hissi veren tertemiz bir ortamda deneyimlemek i\u00e7in e\u015fsiz bir f\u0131rsat sunuyor.<\/p>\n<p style=\"text-align: center;\"><img loading=\"lazy\" decoding=\"async\" class=\"alignnone size-medium wp-image-21942\" src=\"https:\/\/holidayexcursion.com\/wp-content\/uploads\/2023\/11\/gazipasa-naturel-pool-1-300x216.jpg\" alt=\"\" width=\"300\" height=\"216\" title=\"\" srcset=\"https:\/\/holidayexcursion.com\/wp-content\/uploads\/2023\/11\/gazipasa-naturel-pool-1-300x216.jpg 300w, https:\/\/holidayexcursion.com\/wp-content\/uploads\/2023\/11\/gazipasa-naturel-pool-1-768x553.jpg 768w, https:\/\/holidayexcursion.com\/wp-content\/uploads\/2023\/11\/gazipasa-naturel-pool-1-600x432.jpg 600w, https:\/\/holidayexcursion.com\/wp-content\/uploads\/2023\/11\/gazipasa-naturel-pool-1.jpg 900w\" sizes=\"auto, (max-width: 300px) 100vw, 300px\" \/><\/p>\n<p style=\"text-align: center;\"><span class=\"JLqJ4b ChMk0b\" data-language-for-alternatives=\"en\" data-language-to-translate-into=\"tr\" data-phrase-index=\"3\">Gazipa\u015fa&#8217;da deniz, kum ve g\u00fcne\u015f var ama hi\u00e7bir yerde olmayan Gazipa\u015fa Do\u011fal Havuzlar\u0131 da var.<\/span> Gazipa\u015fa <span class=\"JLqJ4b ChMk0b\" data-language-for-alternatives=\"en\" data-language-to-translate-into=\"tr\" data-phrase-index=\"4\">Gazipa\u015fa&#8217;n\u0131n do\u011fusunda Koru Plaj\u0131&#8217;n\u0131n do\u011fusunda, deniz i\u00e7inde kayalardan olu\u015fan do\u011fal havuzlar.<\/span> <span class=\"JLqJ4b ChMk0b\" data-language-for-alternatives=\"en\" data-language-to-translate-into=\"tr\" data-phrase-index=\"5\">Bu bir do\u011fa harikas\u0131.<\/span> <span class=\"JLqJ4b ChMk0b\" data-language-for-alternatives=\"en\" data-language-to-translate-into=\"tr\" data-phrase-index=\"6\">Kalabal\u0131ktan ho\u015flanmayan, havuzu olsun ama deniz suyu olsun isteyenlerin tercihi bu.<\/span> <span class=\"JLqJ4b ChMk0b\" data-language-for-alternatives=\"en\" data-language-to-translate-into=\"tr\" data-phrase-index=\"7\">Do\u011fal Havuzlar Gazipa\u015fa&#8217;ya 6 km, Alanya&#8217;ya 50 km mesafededir.<\/span><\/p>\n<p style=\"text-align: center;\">Gazipa\u015fa Do\u011fas\u0131, do\u011fal kaynaklar ve b\u00f6lgenin do\u011fal g\u00fczelliklerinden ge\u00e7en \u00e7a\u011flayan derelerle beslenen berrak sular\u0131yla \u00fcnl\u00fcd\u00fcr. Havuzlar\u0131n z\u00fcmr\u00fct rengi tonlar\u0131 ve davetkar berrakl\u0131\u011f\u0131, onlar\u0131 <a href=\"https:\/\/tr.wikipedia.org\/wiki\/Akdeniz\" rel=\"nofollow noopener\" target=\"_blank\">Akdeniz<\/a> g\u00fcne\u015finin s\u0131cakl\u0131\u011f\u0131ndan uzakla\u015fmak isteyen ziyaret\u00e7iler i\u00e7in canland\u0131r\u0131c\u0131 bir vaha haline getiriyor.<\/p>\n<p style=\"text-align: center;\"><img loading=\"lazy\" decoding=\"async\" class=\"alignnone size-medium wp-image-21960\" src=\"https:\/\/holidayexcursion.com\/wp-content\/uploads\/2023\/11\/gazipasa-naturel-pool-4-300x216.jpg\" alt=\"\" width=\"300\" height=\"216\" title=\"\" srcset=\"https:\/\/holidayexcursion.com\/wp-content\/uploads\/2023\/11\/gazipasa-naturel-pool-4-300x216.jpg 300w, https:\/\/holidayexcursion.com\/wp-content\/uploads\/2023\/11\/gazipasa-naturel-pool-4-768x553.jpg 768w, https:\/\/holidayexcursion.com\/wp-content\/uploads\/2023\/11\/gazipasa-naturel-pool-4-600x432.jpg 600w, https:\/\/holidayexcursion.com\/wp-content\/uploads\/2023\/11\/gazipasa-naturel-pool-4.jpg 900w\" sizes=\"auto, (max-width: 300px) 100vw, 300px\" \/><\/p>\n<p style=\"text-align: center;\"><a href=\"https:\/\/holidayexcursion.com\/tr\/tours-in-alanya\/tours\/gazipasa-kral-koyu\/\">Gazipa\u015fa<\/a>&#8216;n\u0131n do\u011fal havuzlar\u0131n\u0131n sakin sular\u0131na dalmak, ruhu dinlendiren, canland\u0131ran duyusal bir deneyim sunuyor. Ziyaret\u00e7iler serin ve tertemiz sulara girerken do\u011fan\u0131n yumu\u015fak kucaklamas\u0131 ile sarmalan\u0131rlar ve \u00e7evreye yay\u0131lan do\u011fal dinginlikte teselli bulurlar.<\/p>\n<p style=\"text-align: center;\">Gazipa\u015fa&#8217;n\u0131n do\u011fal havuzlar\u0131 serinletici \u00f6zelliklerinin \u00f6tesinde ayn\u0131 zamanda rahatlama ve tefekk\u00fcr i\u00e7in de bir tuval sunuyor. Yosun kapl\u0131 kayalar ve yemye\u015fil bitki \u00f6rt\u00fcs\u00fcyle s\u00fcslenmi\u015f havuzlar\u0131n do\u011fal g\u00fczelli\u011fi, ziyaret\u00e7ileri gev\u015femeye, yans\u0131tmaya ve do\u011fal d\u00fcnyan\u0131n dinginli\u011finin tad\u0131n\u0131 \u00e7\u0131karmaya \u00e7a\u011f\u0131ran sakin bir ortam yarat\u0131yor.<\/p>\n<p style=\"text-align: center;\"><img loading=\"lazy\" decoding=\"async\" class=\"alignnone size-full wp-image-21948\" src=\"https:\/\/holidayexcursion.com\/wp-content\/uploads\/2023\/11\/gazipasa-naturel-pool-2.jpg\" alt=\"\" width=\"265\" height=\"190\" title=\"\"><\/p>\n<p style=\"text-align: center;\">Gazipa\u015fa&#8217;n\u0131n do\u011fal havuzlar\u0131n\u0131n cazibesi, sakinle\u015ftirici sular\u0131n\u0131n \u00f6tesine uzan\u0131yor; \u00e7evredeki manzaralar ke\u015ffetmeye ve ke\u015ffetmeye davet ediyor. B\u00f6lgenin i\u00e7inden ge\u00e7en y\u00fcr\u00fcy\u00fc\u015f parkurlar\u0131, ziyaret\u00e7ilerin yo\u011fun ormanlar, sakin \u00e7ay\u0131rlar ve unutulmaz a\u00e7\u0131k hava maceralar\u0131na zemin haz\u0131rlayan b\u00fcy\u00fcleyici manzaralar aras\u0131nda dola\u015fmalar\u0131na olanak tan\u0131yor.<\/p>\n<p style=\"text-align: center;\">Ayr\u0131ca Gazipa\u015fa do\u011fal havuzlar\u0131, b\u00f6lgenin el de\u011fmemi\u015f do\u011fal miras\u0131n\u0131 koruma konusundaki kararl\u0131l\u0131\u011f\u0131n\u0131n simgesidir. Havuzlar\u0131 \u00e7evreleyen bozulmam\u0131\u015f manzaralar, Gazipa\u015fa&#8217;n\u0131n \u00e7evreyi korumaya g\u00f6sterdi\u011fi \u00f6zenin bir kan\u0131t\u0131 olarak ziyaret\u00e7ilere do\u011fayla en saf haliyle ba\u011flant\u0131 kurma f\u0131rsat\u0131 sunuyor.<\/p>\n<p style=\"text-align: center;\">Koru Plaj\u0131 \u2013 Do\u011fal Havuzlar\u0131n sular\u0131, kendi kendini filtre eden tek deniz olma \u00f6zelli\u011fiyle fark yarat\u0131yor. Denizin, havuzlara dalga ile gelip geri d\u00f6nen suyu da yabanc\u0131 maddelerden ar\u0131nmas\u0131n\u0131 sa\u011fl\u0131yor. Do\u011fal bir ar\u0131tma tesisi i\u015flevi ta\u015f\u0131yan \u00e7ukurluklarda biriken deniz suyunun denizle ba\u011f\u0131, dalga olmad\u0131\u011f\u0131 zamanlarda ge\u00e7ici olarak kopuyor. Bu k\u00fc\u00e7\u00fck havuzlarda s\u0131cakl\u0131\u011f\u0131 artan su, her ya\u015ftan ziyaret\u00e7i i\u00e7in ne\u015feli ve e\u011flenceli anlar ya\u015fayacaklar\u0131 bir oyun havuzuna d\u00f6n\u00fc\u015f\u00fcyor. Toplamda \u00fc\u00e7 do\u011fal havuza sahip olan plaj\u0131n iki do\u011fal havuzunda, \u00f6zellikle \u00e7ocuklar ve y\u00fczmeyi yeni \u00f6\u011frenenler, g\u00fcven i\u00e7erisinde vakit ge\u00e7irebiliyor.<\/p>\n<p style=\"text-align: center;\"><img loading=\"lazy\" decoding=\"async\" class=\"alignnone size-medium wp-image-21966\" src=\"https:\/\/holidayexcursion.com\/wp-content\/uploads\/2023\/11\/gazipasa-naturel-pool-5-300x200.jpg\" alt=\"\" width=\"300\" height=\"200\" title=\"\" srcset=\"https:\/\/holidayexcursion.com\/wp-content\/uploads\/2023\/11\/gazipasa-naturel-pool-5-300x200.jpg 300w, https:\/\/holidayexcursion.com\/wp-content\/uploads\/2023\/11\/gazipasa-naturel-pool-5-768x512.jpg 768w, https:\/\/holidayexcursion.com\/wp-content\/uploads\/2023\/11\/gazipasa-naturel-pool-5-600x400.jpg 600w, https:\/\/holidayexcursion.com\/wp-content\/uploads\/2023\/11\/gazipasa-naturel-pool-5.jpg 912w\" sizes=\"auto, (max-width: 300px) 100vw, 300px\" \/><\/p>\n<p style=\"text-align: center;\">Hafta i\u00e7i daha sakin olan plaj ve do\u011fal havuzlar, hafta sonlar\u0131 y\u00f6re halk\u0131 ve ziyaret\u00e7iler taraf\u0131ndan g\u00fcn\u00fcbirlik piknik ve deniz keyfi yapabilecekleri alanlar olarak yo\u011fun \u015fekilde tercih ediliyor.<\/p>\n<p style=\"text-align: center;\">Ayr\u0131ca yakla\u015f\u0131k 2,5 km\u2019lik uzunlu\u011fa sahip Koru Plaj\u0131, <a href=\"https:\/\/www.wwf.org.tr\/ne_yapiyoruz\/doga_koruma\/turler\/deniz_kaplumbaas\/\" rel=\"nofollow noopener\" target=\"_blank\">Caretta<\/a> Caretta\u2019lar\u0131n, Akdeniz\u2019de yumurtalar\u0131n\u0131 b\u0131rakt\u0131\u011f\u0131 17 merkezden biri olarak, unutulmaz bir mucizeye ortak oluyor. Plajda y\u00fczerken, size e\u015flik edecek bal\u0131klar\u0131 ve di\u011fer deniz canl\u0131lar\u0131n\u0131 g\u00f6rmek i\u00e7in deniz g\u00f6zl\u00fc\u011f\u00fcn\u00fcz\u00fc yan\u0131n\u0131za almay\u0131 unutmay\u0131n!<\/p>\n<p style=\"text-align: center;\">Gazipa\u015fa do\u011fal havuzuna eri\u015fim, Antalya b\u00f6lgesinin engebeli g\u00fczellikleri aras\u0131nda ge\u00e7en bir yolculuktur. Gezginler manzaral\u0131 yollar ve dolamba\u00e7l\u0131 yollardan ge\u00e7erken, do\u011fan\u0131n sanat\u0131n\u0131n en saf haliyle sergilendi\u011fi bu gizli yerle\u015fim b\u00f6lgelerinin ke\u015ffiyle \u00f6d\u00fcllendirilirler.<\/p>\n<p style=\"text-align: center;\"><img loading=\"lazy\" decoding=\"async\" class=\"alignnone size-medium wp-image-21954\" src=\"https:\/\/holidayexcursion.com\/wp-content\/uploads\/2023\/11\/gazipasa-naturel-pool-3-300x165.jpg\" alt=\"\" width=\"300\" height=\"165\" title=\"\" srcset=\"https:\/\/holidayexcursion.com\/wp-content\/uploads\/2023\/11\/gazipasa-naturel-pool-3-300x165.jpg 300w, https:\/\/holidayexcursion.com\/wp-content\/uploads\/2023\/11\/gazipasa-naturel-pool-3-600x330.jpg 600w, https:\/\/holidayexcursion.com\/wp-content\/uploads\/2023\/11\/gazipasa-naturel-pool-3.jpg 690w\" sizes=\"auto, (max-width: 300px) 100vw, 300px\" \/><\/p>\n<p style=\"text-align: center;\">B\u00f6lgenin el de\u011fmemi\u015f g\u00fczelli\u011finin bir kan\u0131t\u0131 olan Gazipa\u015fa do\u011fal havuz stand\u0131, gezginleri do\u011fayla derin ve canland\u0131r\u0131c\u0131 bir \u015fekilde ba\u011flant\u0131 kurmaya davet ediyor. Berrak sular\u0131n sakin kucaklamas\u0131ndan, d\u00fc\u015f\u00fcnmeye ve ke\u015ffetmeye ilham veren pitoresk \u00e7evreye kadar, Gazipa\u015fa&#8217;n\u0131n do\u011fal havuzlar\u0131, do\u011fal d\u00fcnyan\u0131n onar\u0131c\u0131 g\u00fcc\u00fcn\u00fc kutlayan s\u00fcr\u00fckleyici bir deneyim sunuyor. S\u0131radanl\u0131ktan ka\u00e7mak, huzur ve ke\u015fif yolculu\u011funa \u00e7\u0131kmak isteyenler i\u00e7in Gazipa\u015fa&#8217;n\u0131n do\u011fal havuzlar\u0131, do\u011fa harikalar\u0131n\u0131n bekledi\u011fi cezbedici bir destinasyondur.<\/p>\n<p style=\"text-align: center;\">T\u00fcrkiye&#8217;deki tatiliniz boyunca size unutulmaz an\u0131lar dileriz.<\/p>\n<p style=\"text-align: center;\">Not: Daha fazla bilgi i\u00e7in Whats App&#8217;tan arayarak veya mesaj atarak da ileti\u015fime ge\u00e7ebilirsiniz.<\/p>\n<p style=\"text-align: center;\"><a href=\"https:\/\/www.instagram.com\/\" rel=\"nofollow noopener\" target=\"_blank\">Holiday Excursion Ekibi,<\/a><\/p>\n<p><iframe loading=\"lazy\" title=\"Gazipa\u015fa Koru Plaj\u0131 ( Do\u011fal Havuzlar) Drone G\u00f6r\u00fcnt\u00fcleri 2021\" width=\"1020\" height=\"574\" src=\"https:\/\/www.youtube.com\/embed\/O9GlOSZfdeM?feature=oembed\" frameborder=\"0\" allow=\"accelerometer; autoplay; clipboard-write; encrypted-media; gyroscope; picture-in-picture; web-share\" allowfullscreen><\/iframe><\/p>\n<p><iframe loading=\"lazy\" title=\"Antalya Gazipa\u015fa Do\u011fal Havuz Koru Plaj\u0131\" width=\"1020\" height=\"574\" src=\"https:\/\/www.youtube.com\/embed\/N6VXV9zfGn8?feature=oembed\" frameborder=\"0\" allow=\"accelerometer; autoplay; clipboard-write; encrypted-media; gyroscope; picture-in-picture; web-share\" allowfullscreen><\/iframe><\/p>\n","protected":false},"excerpt":{"rendered":"<p>GAZ\u0130PA\u015eA DO\u011eAL HAVUZ Gazipa\u015fa do\u011fal havuzu diye bir yer biliyor muydunuz? Gazipa\u015fa, ad\u0131n\u0131 Gazi Mustafa Kemal Pa\u015fa&#8217;dan alan bir \u015fehir olmas\u0131 ve muz \u00fcretiminin yayg\u0131n olmas\u0131 d\u0131\u015f\u0131nda pek bilinmiyor. Antalya&#8216;n\u0131n en do\u011fu il\u00e7esi olan \u015fehir, ilgin\u00e7 do\u011fal olu\u015fumlar\u0131, deniz kenar\u0131ndaki antik kentleri ile farkl\u0131 rotalar\u0131 seven ve yeni yerler g\u00f6rmek isteyenler taraf\u0131ndan ke\u015ffedilmeyi bekliyor. Gazipa\u015fa<\/p>\n","protected":false},"featured_media":21953,"comment_status":"open","ping_status":"closed","template":"","meta":[],"product_brand":[],"product_cat":[108],"product_tag":[],"class_list":{"0":"post-21771","1":"product","2":"type-product","3":"status-publish","4":"has-post-thumbnail","6":"product_cat-turlar","8":"first","9":"instock","10":"featured","11":"virtual","12":"sold-individually","13":"purchasable","14":"product-type-booking"},"_links":{"self":[{"href":"https:\/\/holidayexcursion.com\/tr\/wp-json\/wp\/v2\/product\/21771","targetHints":{"allow":["GET"]}}],"collection":[{"href":"https:\/\/holidayexcursion.com\/tr\/wp-json\/wp\/v2\/product"}],"about":[{"href":"https:\/\/holidayexcursion.com\/tr\/wp-json\/wp\/v2\/types\/product"}],"replies":[{"embeddable":true,"href":"https:\/\/holidayexcursion.com\/tr\/wp-json\/wp\/v2\/comments?post=21771"}],"wp:featuredmedia":[{"embeddable":true,"href":"https:\/\/holidayexcursion.com\/tr\/wp-json\/wp\/v2\/media\/21953"}],"wp:attachment":[{"href":"https:\/\/holidayexcursion.com\/tr\/wp-json\/wp\/v2\/media?parent=21771"}],"wp:term":[{"taxonomy":"product_brand","embeddable":true,"href":"https:\/\/holidayexcursion.com\/tr\/wp-json\/wp\/v2\/product_brand?post=21771"},{"taxonomy":"product_cat","embeddable":true,"href":"https:\/\/holidayexcursion.com\/tr\/wp-json\/wp\/v2\/product_cat?post=21771"},{"taxonomy":"product_tag","embeddable":true,"href":"https:\/\/holidayexcursion.com\/tr\/wp-json\/wp\/v2\/product_tag?post=21771"}],"curies":[{"name":"wp","href":"https:\/\/api.w.org\/{rel}","templated":true}]}}