{"id":21887,"date":"2023-11-11T21:44:29","date_gmt":"2023-11-11T18:44:31","guid":{"rendered":"https:\/\/holidayexcursion.com\/?post_type=product&#038;p=21887"},"modified":"2023-11-28T03:15:12","modified_gmt":"2023-11-28T00:15:12","slug":"kral-koyu","status":"publish","type":"product","link":"https:\/\/holidayexcursion.com\/tr\/tours-in-alanya\/turlar\/kral-koyu\/","title":{"rendered":"Gazipa\u015fa King Bay (Kral koyu)"},"content":{"rendered":"<h2 style=\"text-align: center;\">Gazipa\u015fa King Bay (Kral koyu)<\/h2>\n<p style=\"text-align: center;\">Located in the coastal town of Gazipa\u015fa, King Bay offers a captivating blend of natural beauty, tranquility, and recreational opportunities that cater to a diverse range of visitors. Nefes kesen T\u00fcrk Rivieras\u0131&#8217;nda yer alan <a href=\"https:\/\/tr.wikipedia.org\/wiki\/Gazipa%C5%9Fa\" rel=\"nofollow noopener\" target=\"_blank\">Gazipa\u015fa<\/a> King Bay, tertemiz plajlar\u0131, berrak sular\u0131 ve yemye\u015fil manzaralar\u0131yla \u00fcnl\u00fc olup, do\u011fa tutkunlar\u0131, macera tutkunlar\u0131 ve sakin bir k\u0131y\u0131 ortam\u0131nda dinlenmek isteyenler i\u00e7in cennet gibi bir destinasyondur.<\/p>\n<p style=\"text-align: center;\"><img loading=\"lazy\" decoding=\"async\" class=\"alignnone size-medium wp-image-21920\" src=\"https:\/\/holidayexcursion.com\/wp-content\/uploads\/2023\/11\/gazipasa-king-bay-300x185.jpg\" alt=\"\" width=\"300\" height=\"185\" title=\"\" srcset=\"https:\/\/holidayexcursion.com\/wp-content\/uploads\/2023\/11\/gazipasa-king-bay-300x185.jpg 300w, https:\/\/holidayexcursion.com\/wp-content\/uploads\/2023\/11\/gazipasa-king-bay-600x370.jpg 600w, https:\/\/holidayexcursion.com\/wp-content\/uploads\/2023\/11\/gazipasa-king-bay.jpg 730w\" sizes=\"auto, (max-width: 300px) 100vw, 300px\" \/><\/p>\n<p style=\"text-align: center;\">Gazipa\u015fa King Bay&#8217;in cazibesinin merkezinde, masmavi sular\u0131n alt\u0131n rengi kumlarla bulu\u015ftu\u011fu, g\u00fcne\u015fli g\u00fcnler ve sakin plaj aktiviteleri i\u00e7in kartpostal gibi m\u00fckemmel bir fon olu\u015fturan muhte\u015fem sahil \u015feridi yer al\u0131yor. Ziyaret\u00e7iler y\u00fczmenin, g\u00fcne\u015flenmenin ve su sporlar\u0131n\u0131n keyfini \u00e7\u0131karabilir ya da b\u00f6lgenin do\u011fal ihti\u015fam\u0131n\u0131 sergileyen panoramik manzaralar e\u015fli\u011finde dinlenebilirler. Sakin atmosferi ve hafif deniz meltemleri, Gazipa\u015fa Kral Koyu&#8217;nu g\u00fcnl\u00fck ya\u015fam\u0131n karma\u015fas\u0131ndan huzurlu bir ka\u00e7\u0131\u015f arayanlar i\u00e7in ideal bir dinlenme yeri haline getiriyor.<\/p>\n<p style=\"text-align: center;\">Ke\u015ffetmeye merakl\u0131 olanlar i\u00e7in Gazipa\u015fa Kral Koyu macera ve ke\u015fif f\u0131rsatlar\u0131 sunuyor. K\u00f6rfezi \u00e7evreleyen engebeli kayal\u0131klar ve yemye\u015fil yama\u00e7lar, y\u00fcr\u00fcy\u00fc\u015f\u00e7\u00fcleri ve do\u011fa tutkunlar\u0131n\u0131 cezbetmekte, k\u0131y\u0131 \u015feridinin ve <a href=\"https:\/\/simple.wikipedia.org\/wiki\/Mediterranean_Sea\" rel=\"nofollow noopener\" target=\"_blank\">Akdeniz<\/a>&#8216;in b\u00fcy\u00fcleyici panoramalar\u0131n\u0131 sunan do\u011fal yollar ve seyir noktalar\u0131 sunmaktad\u0131r. K\u0131y\u0131 manzaralar\u0131nda y\u00fcr\u00fcy\u00fc\u015f yapmak, ziyaret\u00e7ilerin b\u00f6lgenin zengin flora ve faunas\u0131na kendilerini kapt\u0131rmalar\u0131na olanak tan\u0131r ve do\u011fan\u0131n g\u00fczelli\u011fiyle unutulmaz kar\u015f\u0131la\u015fmalar i\u00e7in f\u0131rsatlar yarat\u0131r.<\/p>\n<p style=\"text-align: center;\"><img loading=\"lazy\" decoding=\"async\" class=\"alignnone size-medium wp-image-21908\" src=\"https:\/\/holidayexcursion.com\/wp-content\/uploads\/2023\/11\/gazipasa-king-bay-holiday-excursion-300x225.jpg\" alt=\"\" width=\"300\" height=\"225\" title=\"\" srcset=\"https:\/\/holidayexcursion.com\/wp-content\/uploads\/2023\/11\/gazipasa-king-bay-holiday-excursion-300x225.jpg 300w, https:\/\/holidayexcursion.com\/wp-content\/uploads\/2023\/11\/gazipasa-king-bay-holiday-excursion-768x576.jpg 768w, https:\/\/holidayexcursion.com\/wp-content\/uploads\/2023\/11\/gazipasa-king-bay-holiday-excursion-600x450.jpg 600w, https:\/\/holidayexcursion.com\/wp-content\/uploads\/2023\/11\/gazipasa-king-bay-holiday-excursion.jpg 800w\" sizes=\"auto, (max-width: 300px) 100vw, 300px\" \/><\/p>\n<p style=\"text-align: center;\">\u00c7evredeki sular\u0131n \u015fnorkelli y\u00fczme ve dal\u0131\u015f i\u00e7in ideal olmas\u0131 nedeniyle Gazipa\u015fa Kral K\u00f6rfezi deniz ke\u015fiflerine de bir kap\u0131 sunuyor. B\u00f6lgenin su alt\u0131 ekosistemi, \u00e7e\u015fitli deniz ya\u015fam\u0131, canl\u0131 mercan olu\u015fumlar\u0131 ve b\u00fcy\u00fcleyici su alt\u0131 topografyas\u0131yla doludur ve her seviyedeki \u015fnorkelli y\u00fczme ve dalg\u0131\u00e7lar i\u00e7in s\u00fcr\u00fckleyici bir deneyim sunar. Y\u00fczeyin alt\u0131nda canl\u0131 renkler ve deniz biyolojik \u00e7e\u015fitlili\u011finden olu\u015fan bir d\u00fcnya ortaya \u00e7\u0131k\u0131yor ve ziyaret\u00e7ilerin Akdeniz&#8217;in gizli hazinelerinin b\u00fcy\u00fcleyici g\u00fczelli\u011fine tan\u0131k olmalar\u0131na olanak tan\u0131yor.<\/p>\n<p style=\"text-align: center;\">Gazipa\u015fa Kral Koyu, do\u011fal cazibesinin yan\u0131 s\u0131ra b\u00f6lgeyi tan\u0131mlayan s\u0131cak misafirperverli\u011fi ve canl\u0131 k\u00fclt\u00fcr\u00fcyle de tan\u0131n\u0131r. Ziyaret\u00e7iler dost canl\u0131s\u0131 yerel halkla etkile\u015fim kurma, otantik T\u00fcrk mutfa\u011f\u0131n\u0131n tad\u0131na bakma ve b\u00f6lgenin zengin miras\u0131n\u0131 yans\u0131tan gelenek ve g\u00f6reneklerle tan\u0131\u015fma f\u0131rsat\u0131na sahip oluyor. \u0130ster deniz kenar\u0131ndaki restoranlarda taze deniz \u00fcr\u00fcnlerinin tad\u0131n\u0131 \u00e7\u0131karmak, ister yerel pazarlara g\u00f6z atmak, ister k\u00fclt\u00fcrel etkinliklere kat\u0131lmak olsun, Gazipa\u015fa King Bay&#8217;in ziyaret\u00e7ileri, Gazipa\u015fa&#8217;n\u0131n k\u0131y\u0131 toplulu\u011funun ger\u00e7ek s\u0131cakl\u0131\u011f\u0131n\u0131 ve cazibesini deneyimleyebilir.<\/p>\n<p style=\"text-align: center;\"><img loading=\"lazy\" decoding=\"async\" class=\"alignnone size-medium wp-image-21914\" src=\"https:\/\/holidayexcursion.com\/wp-content\/uploads\/2023\/11\/Gazipasa-king-bay-holiday-excursion-1-300x185.jpg\" alt=\"\" width=\"300\" height=\"185\" title=\"\" srcset=\"https:\/\/holidayexcursion.com\/wp-content\/uploads\/2023\/11\/Gazipasa-king-bay-holiday-excursion-1-300x185.jpg 300w, https:\/\/holidayexcursion.com\/wp-content\/uploads\/2023\/11\/Gazipasa-king-bay-holiday-excursion-1-600x370.jpg 600w, https:\/\/holidayexcursion.com\/wp-content\/uploads\/2023\/11\/Gazipasa-king-bay-holiday-excursion-1.jpg 730w\" sizes=\"auto, (max-width: 300px) 100vw, 300px\" \/><\/p>\n<p style=\"text-align: center;\"><a href=\"https:\/\/holidayexcursion.com\/tours-in-alanya\/tours\/natural-pool\/\">Gazipa\u015fa Kral koyu<\/a>nun eri\u015filebilirli\u011fi cazibesini daha da art\u0131r\u0131yor, \u00e7\u00fcnk\u00fc Gazipa\u015fa il\u00e7esi modern bir <a href=\"https:\/\/gzpairport.com\/\" rel=\"nofollow noopener\" target=\"_blank\">havaalan\u0131<\/a>na ev sahipli\u011fi yap\u0131yor ve bu da b\u00f6lgeye seyahat etmeyi yerli ve yabanc\u0131 ziyaret\u00e7iler i\u00e7in kolayla\u015ft\u0131r\u0131yor. Bu eri\u015filebilirlik, \u00e7e\u015fitli tercihlere ve b\u00fct\u00e7elere hitap eden \u00e7e\u015fitli konaklama se\u00e7enekleriyle birle\u015fti\u011finde, Kral koyunu unutulmaz bir deniz kenar\u0131 ka\u00e7ama\u011f\u0131 arayan gezginler i\u00e7in davetkar bir destinasyon olarak konumland\u0131r\u0131yor.<\/p>\n<p style=\"text-align: center;\">Ayr\u0131ca Gazipa\u015fa Kral koyunun Gazipa\u015fa b\u00f6lgesindeki di\u011fer cazibe merkezlerine ve ilgi \u00e7ekici yerlere yak\u0131nl\u0131\u011f\u0131, ziyaret\u00e7ilerin \u00e7ok \u00e7e\u015fitli deneyimlerden yararlanabilmesini sa\u011flar. Tarihi mekanlar\u0131 ve arkeolojik harikalar\u0131 ke\u015ffetmekten, \u00e7evredeki k\u0131rsal b\u00f6lgelerde do\u011fal gezilere \u00e7\u0131kmaya kadar, Gazipa\u015fa Kral koyu, Gazipa\u015fa&#8217;n\u0131n zengin k\u00fclt\u00fcrel ve do\u011fal miras\u0131n\u0131n bir\u00e7ok y\u00f6n\u00fcn\u00fc ke\u015ffetmek i\u00e7in merkezi bir merkez g\u00f6revi g\u00f6rmektedir.<\/p>\n<p style=\"text-align: center;\"><img loading=\"lazy\" decoding=\"async\" class=\"alignnone size-medium wp-image-21932\" src=\"https:\/\/holidayexcursion.com\/wp-content\/uploads\/2023\/11\/King-bay-gazipasa-300x216.jpg\" alt=\"\" width=\"300\" height=\"216\" title=\"\" srcset=\"https:\/\/holidayexcursion.com\/wp-content\/uploads\/2023\/11\/King-bay-gazipasa-300x216.jpg 300w, https:\/\/holidayexcursion.com\/wp-content\/uploads\/2023\/11\/King-bay-gazipasa-768x553.jpg 768w, https:\/\/holidayexcursion.com\/wp-content\/uploads\/2023\/11\/King-bay-gazipasa-600x432.jpg 600w, https:\/\/holidayexcursion.com\/wp-content\/uploads\/2023\/11\/King-bay-gazipasa.jpg 900w\" sizes=\"auto, (max-width: 300px) 100vw, 300px\" \/><\/p>\n<p style=\"text-align: center;\">\u00d6zetle, Gazipa\u015fa&#8217;daki Kral koyu, do\u011fal g\u00fczelliklerin, dinlenme olanaklar\u0131n\u0131n ve k\u00fclt\u00fcrel etkile\u015fimin uyumlu bir kar\u0131\u015f\u0131m\u0131n\u0131 sunarak sakin bir k\u0131y\u0131 ka\u00e7ama\u011f\u0131n\u0131n \u00f6z\u00fcn\u00fc temsil etmektedir. \u0130ster bol g\u00fcne\u015f alan plajlarda g\u00fcne\u015flenmek, ister a\u00e7\u0131k hava etkinliklerine kat\u0131lmak, ister yerel k\u00fclt\u00fcr\u00fc kucaklamak olsun, Gazipa\u015fa Kral koyu, ziyaret\u00e7ilerini T\u00fcrk Rivieras\u0131&#8217;n\u0131n en iyi deneyimlerini ya\u015famaya davet eden davetkar bir destinasyon sunmaktad\u0131r. B\u00fcy\u00fcleyici manzaras\u0131, s\u0131cak misafirperverli\u011fi ve \u00e7e\u015fitli aktiviteleriyle Kral koyu, gezginleri Akdeniz k\u0131y\u0131 \u015feridinin ihti\u015fam\u0131n\u0131n ortas\u0131nda dinlenmeye, ke\u015ffetmeye ve kal\u0131c\u0131 an\u0131lar yaratmaya \u00e7a\u011f\u0131ran sakin bir s\u0131\u011f\u0131nak olarak duruyor.<\/p>\n<p style=\"text-align: center;\">.<\/p>\n<p style=\"text-align: center;\">T\u00fcrkiye&#8217;deki tatiliniz boyunca size unutulmaz an\u0131lar dileriz.<\/p>\n<p style=\"text-align: center;\">Not: Daha fazla bilgi i\u00e7in Whats App&#8217;tan arayarak veya mesaj atarak da ileti\u015fime ge\u00e7ebilirsiniz.<\/p>\n<p style=\"text-align: center;\">Holiday Excursion Ekibi,<\/p>\n<p><iframe loading=\"lazy\" title=\"Best Places in Turkey - Gazipa\u015fa, Delikdeniz Kral Koyu\" width=\"1020\" height=\"574\" src=\"https:\/\/www.youtube.com\/embed\/B-HdrRGufzw?feature=oembed\" frameborder=\"0\" allow=\"accelerometer; autoplay; clipboard-write; encrypted-media; gyroscope; picture-in-picture; web-share\" allowfullscreen><\/iframe><\/p>\n<p><iframe loading=\"lazy\" title=\"GAZ\u0130PA\u015eA - KRAL KOYU\" width=\"1020\" height=\"574\" src=\"https:\/\/www.youtube.com\/embed\/htaWCxYEVVw?feature=oembed\" frameborder=\"0\" allow=\"accelerometer; autoplay; clipboard-write; encrypted-media; gyroscope; picture-in-picture; web-share\" allowfullscreen><\/iframe><\/p>\n<p><iframe loading=\"lazy\" title=\"Delik Deniz - Delikli Koy ( Kral Koyu ) - Gazipa\u015fa \/ Antalya  Xiaomi FIMI X8 SE\" width=\"1020\" height=\"574\" src=\"https:\/\/www.youtube.com\/embed\/aR4YItjN_N8?feature=oembed\" frameborder=\"0\" allow=\"accelerometer; autoplay; clipboard-write; encrypted-media; gyroscope; picture-in-picture; web-share\" allowfullscreen><\/iframe><\/p>\n","protected":false},"excerpt":{"rendered":"<p>Gazipa\u015fa King Bay (Kral koyu) Located in the coastal town of Gazipa\u015fa, King Bay offers a captivating blend of natural beauty, tranquility, and recreational opportunities that cater to a diverse range of visitors. Nefes kesen T\u00fcrk Rivieras\u0131&#8217;nda yer alan Gazipa\u015fa King Bay, tertemiz plajlar\u0131, berrak sular\u0131 ve yemye\u015fil manzaralar\u0131yla \u00fcnl\u00fc olup, do\u011fa tutkunlar\u0131, macera tutkunlar\u0131<\/p>\n","protected":false},"featured_media":21937,"comment_status":"open","ping_status":"closed","template":"","meta":[],"product_brand":[],"product_cat":[108],"product_tag":[],"class_list":{"0":"post-21887","1":"product","2":"type-product","3":"status-publish","4":"has-post-thumbnail","6":"product_cat-turlar","8":"first","9":"instock","10":"featured","11":"virtual","12":"sold-individually","13":"purchasable","14":"product-type-booking"},"_links":{"self":[{"href":"https:\/\/holidayexcursion.com\/tr\/wp-json\/wp\/v2\/product\/21887","targetHints":{"allow":["GET"]}}],"collection":[{"href":"https:\/\/holidayexcursion.com\/tr\/wp-json\/wp\/v2\/product"}],"about":[{"href":"https:\/\/holidayexcursion.com\/tr\/wp-json\/wp\/v2\/types\/product"}],"replies":[{"embeddable":true,"href":"https:\/\/holidayexcursion.com\/tr\/wp-json\/wp\/v2\/comments?post=21887"}],"wp:featuredmedia":[{"embeddable":true,"href":"https:\/\/holidayexcursion.com\/tr\/wp-json\/wp\/v2\/media\/21937"}],"wp:attachment":[{"href":"https:\/\/holidayexcursion.com\/tr\/wp-json\/wp\/v2\/media?parent=21887"}],"wp:term":[{"taxonomy":"product_brand","embeddable":true,"href":"https:\/\/holidayexcursion.com\/tr\/wp-json\/wp\/v2\/product_brand?post=21887"},{"taxonomy":"product_cat","embeddable":true,"href":"https:\/\/holidayexcursion.com\/tr\/wp-json\/wp\/v2\/product_cat?post=21887"},{"taxonomy":"product_tag","embeddable":true,"href":"https:\/\/holidayexcursion.com\/tr\/wp-json\/wp\/v2\/product_tag?post=21887"}],"curies":[{"name":"wp","href":"https:\/\/api.w.org\/{rel}","templated":true}]}}