{"id":22850,"date":"2023-11-12T15:26:07","date_gmt":"2023-11-12T12:26:09","guid":{"rendered":"https:\/\/holidayexcursion.com\/?post_type=product&#038;p=22850"},"modified":"2023-11-28T03:11:59","modified_gmt":"2023-11-28T00:11:59","slug":"katamaran-turu","status":"publish","type":"product","link":"https:\/\/holidayexcursion.com\/tr\/tours-in-alanya\/turlar\/katamaran-turu\/","title":{"rendered":"ALANYA KATAMARAN TEKNE TURU"},"content":{"rendered":"<h2 style=\"text-align: center;\"><strong>ALANYA KATAMARAN TEKNE TURU<\/strong><\/h2>\n<p style=\"text-align: center;\"><strong>Maceraya Yelken A\u00e7\u0131n: Alanyay\u0131 Katamaran Turu ile Ke\u015ffetmek<\/strong><\/p>\n<p style=\"text-align: center;\">Unutulmaz bir katamaran turu ile <a href=\"https:\/\/simple.wikipedia.org\/wiki\/Mediterranean_Sea\" rel=\"nofollow noopener\" target=\"_blank\">Akdeniz&#8217;<\/a>in muhte\u015fem turkuaz sular\u0131n\u0131 <a href=\"https:\/\/tr.wikipedia.org\/wiki\/Alanya\" rel=\"nofollow noopener\" target=\"_blank\">Alanya<\/a>&#8216;n\u0131n b\u00fcy\u00fcleyici g\u00fczelli\u011fiyle birle\u015ftirerek deneyimleyin. Alanya katamaran turuna \u00e7\u0131karak yaln\u0131zca hareketli \u015fehirden ka\u00e7makla kalmaz, ayn\u0131 zamanda b\u00f6lgenin muhte\u015fem sahil \u015feridi, gizli ma\u011faralar\u0131 ve panoramik manzaralar\u0131na e\u015fsiz bir bak\u0131\u015f a\u00e7\u0131s\u0131 sunar. Bu Tatil Gezisi turunda, Alanya katamaran turlar\u0131n\u0131n heyecan verici d\u00fcnyas\u0131na dalmak ve sizi bekleyen maceray\u0131 ortaya \u00e7\u0131karmak i\u00e7in bize kat\u0131l\u0131n.<\/p>\n<p style=\"text-align: center;\">1. Cennete Yelken A\u00e7mak:<\/p>\n<p style=\"text-align: center;\">Katamarana binip Alanya&#8217;n\u0131n pitoresk liman\u0131ndan yelken a\u00e7t\u0131\u011f\u0131n\u0131zda, \u0131l\u0131k deniz meltemleri ve rahatlama ve ke\u015fif dolu bir g\u00fcn\u00fcn vaadi ile kar\u015f\u0131la\u015facaks\u0131n\u0131z. Kristal berrakl\u0131\u011f\u0131ndaki sular, yanan g\u00fcne\u015fin alt\u0131nda parl\u0131yor ve deniz ya\u015fam\u0131 ve do\u011fa harikalar\u0131yla dolu bir d\u00fcnyaya bir bak\u0131\u015f sunuyor.<\/p>\n<p style=\"text-align: center;\"><img loading=\"lazy\" decoding=\"async\" class=\"alignnone size-medium wp-image-24517\" src=\"https:\/\/holidayexcursion.com\/wp-content\/uploads\/2023\/11\/Alanya-Catamaran-holiday-excursion-300x225.jpg\" alt=\"\" width=\"300\" height=\"225\" title=\"\" srcset=\"https:\/\/holidayexcursion.com\/wp-content\/uploads\/2023\/11\/Alanya-Catamaran-holiday-excursion-300x225.jpg 300w, https:\/\/holidayexcursion.com\/wp-content\/uploads\/2023\/11\/Alanya-Catamaran-holiday-excursion-768x576.jpg 768w, https:\/\/holidayexcursion.com\/wp-content\/uploads\/2023\/11\/Alanya-Catamaran-holiday-excursion-600x450.jpg 600w, https:\/\/holidayexcursion.com\/wp-content\/uploads\/2023\/11\/Alanya-Catamaran-holiday-excursion.jpg 1000w\" sizes=\"auto, (max-width: 300px) 100vw, 300px\" \/><\/p>\n<p style=\"text-align: center;\">2. K\u0131y\u0131 G\u00f6rkemlerini Ke\u015ffedin:<\/p>\n<p style=\"text-align: center;\">Katamaran\u0131n\u0131z k\u0131y\u0131 \u015feridinde s\u00fcz\u00fcl\u00fcrken, Alanya&#8217;n\u0131n sundu\u011fu gizli g\u00fczellikleri ke\u015ffetme f\u0131rsat\u0131na sahip olacaks\u0131n\u0131z. Bu b\u00f6lgeyi bu kadar b\u00fcy\u00fcleyici k\u0131lan \u00e7arp\u0131c\u0131 kayal\u0131klara, alt\u0131n kumlu plajlara ve tenha koylara hayran kalacaks\u0131n\u0131z. Rehberiniz, yolculu\u011funuzu ilgi \u00e7ekici ger\u00e7ekler ve hikayelerle zenginle\u015ftirerek b\u00f6lgenin tarihi, k\u00fclt\u00fcr\u00fc ve do\u011fal \u00f6zelliklerine dair b\u00fcy\u00fcleyici bilgiler sunacakt\u0131r.<\/p>\n<p style=\"text-align: center;\">3. B\u00fcy\u00fcleyici Ma\u011faralar\u0131 Ke\u015ffedin:<\/p>\n<p style=\"text-align: center;\">Alanya katamaran turunun \u00f6ne \u00e7\u0131kan \u00f6zelliklerinden biri de k\u0131y\u0131 \u015feridindeki muhte\u015fem deniz ma\u011faralar\u0131n\u0131 ke\u015ffetme \u015fans\u0131d\u0131r. <a href=\"https:\/\/holidayexcursion.com\/tours-in-alanya\/tours\/boat-tour\/\">Katamaran tekneniz<\/a> ile sahil boyunca zahmetsizce gezinerek \u0131\u015f\u0131lt\u0131l\u0131 sark\u0131tlar\u0131, par\u0131ldayan turkuaz sular\u0131 ve b\u00fcy\u00fcleyici kaya olu\u015fumlar\u0131n\u0131 hayranl\u0131kla izleyin. Bu do\u011fa harikalar\u0131, unutulmaz foto\u011fraflar ve unutulmaz deneyimler i\u00e7in m\u00fckemmel bir arka plan sa\u011flayarak maceran\u0131za bir miktar gizem ve merak kat\u0131yor.<\/p>\n<p style=\"text-align: center;\"><img loading=\"lazy\" decoding=\"async\" class=\"alignnone size-medium wp-image-22877\" src=\"https:\/\/holidayexcursion.com\/wp-content\/uploads\/2023\/11\/alanya-katamaran-boat-tour-hatch-2.jpg-300x190.webp\" alt=\"\" width=\"300\" height=\"190\" title=\"\" srcset=\"https:\/\/holidayexcursion.com\/wp-content\/uploads\/2023\/11\/alanya-katamaran-boat-tour-hatch-2.jpg-300x190.webp 300w, https:\/\/holidayexcursion.com\/wp-content\/uploads\/2023\/11\/alanya-katamaran-boat-tour-hatch-2.jpg-768x487.webp 768w, https:\/\/holidayexcursion.com\/wp-content\/uploads\/2023\/11\/alanya-katamaran-boat-tour-hatch-2.jpg-600x380.webp 600w, https:\/\/holidayexcursion.com\/wp-content\/uploads\/2023\/11\/alanya-katamaran-boat-tour-hatch-2.jpg.webp 820w\" sizes=\"auto, (max-width: 300px) 100vw, 300px\" \/><\/p>\n<p style=\"text-align: center;\">4. Akdeniz&#8217;e dal\u0131n:<\/p>\n<p style=\"text-align: center;\">Tekne g\u00f6zlerden uzak noktalara demir atarak sizi serinletici sulara dalmaya davet ederken Akdeniz&#8217;in cazibesini hissedin. \u0130ster deneyimli bir y\u00fcz\u00fcc\u00fc olun ister acemi olun, \u015fnorkel ekipman\u0131 genellikle sa\u011flanmakta olup, canl\u0131 deniz ya\u015fam\u0131yla dolu su alt\u0131 d\u00fcnyas\u0131na tan\u0131kl\u0131k etmenize olanak tan\u0131r. Rengarenk bal\u0131klar\u0131n yan\u0131nda y\u00fcz\u00fcn ve di\u011fer b\u00fcy\u00fcleyici deniz canl\u0131lar\u0131yla tan\u0131\u015f\u0131n, Alanya&#8217;da ge\u00e7irdi\u011finiz zaman\u0131n kal\u0131c\u0131 an\u0131lar\u0131n\u0131 yarat\u0131n.<\/p>\n<p style=\"text-align: center;\">5. Gemide Lezzetlerin Tad\u0131n\u0131 \u00c7\u0131kar\u0131n:<\/p>\n<p style=\"text-align: center;\">Alanya katamaran turu sadece maceradan ibaret de\u011fildir; ayn\u0131 zamanda leziz yerel yemeklerin tad\u0131na bakmak i\u00e7in de bir f\u0131rsatt\u0131r. Turda, muhte\u015fem manzaralar\u0131n tad\u0131n\u0131 \u00e7\u0131kar\u0131rken T\u00fcrkiye&#8217;nin lezzetlerinin tad\u0131n\u0131 \u00e7\u0131karman\u0131za olanak tan\u0131yan nefis bir \u00f6\u011fle yeme\u011fi veya i\u00e7ecekler sunulmaktad\u0131r. Arkan\u0131za yaslan\u0131n, rahatlay\u0131n ve nefes kesen \u00e7evreyi izlerken Akdeniz lezzetlerinin damak tad\u0131n\u0131z\u0131 memnun etmesine izin verin.<\/p>\n<p style=\"text-align: center;\"><img loading=\"lazy\" decoding=\"async\" class=\"alignnone size-medium wp-image-22871\" src=\"https:\/\/holidayexcursion.com\/wp-content\/uploads\/2023\/11\/alanya-catamaran-tour-5--300x166.webp\" alt=\"\" width=\"300\" height=\"166\" title=\"\" srcset=\"https:\/\/holidayexcursion.com\/wp-content\/uploads\/2023\/11\/alanya-catamaran-tour-5--300x166.webp 300w, https:\/\/holidayexcursion.com\/wp-content\/uploads\/2023\/11\/alanya-catamaran-tour-5--768x424.webp 768w, https:\/\/holidayexcursion.com\/wp-content\/uploads\/2023\/11\/alanya-catamaran-tour-5--600x331.webp 600w, https:\/\/holidayexcursion.com\/wp-content\/uploads\/2023\/11\/alanya-catamaran-tour-5-.webp 870w\" sizes=\"auto, (max-width: 300px) 100vw, 300px\" \/><\/p>\n<p style=\"text-align: center;\"><a href=\"https:\/\/en.wikipedia.org\/wiki\/Catamaran\" rel=\"nofollow noopener\" target=\"_blank\">Alanya katamaran turu<\/a>na \u00e7\u0131kmak, hem karan\u0131n hem de denizin harikalar\u0131n\u0131 ke\u015ffetme \u015fans\u0131 verir; muhte\u015fem k\u0131y\u0131 \u015feridini ke\u015ffetmenize, gizli ma\u011faralar\u0131n keyfini \u00e7\u0131karman\u0131za ve Akdeniz&#8217;in berrak sular\u0131na dalman\u0131za olanak tan\u0131r. Bu, sahil cenneti Alanya tatili maceray\u0131, dinlenmeyi ve k\u00fclt\u00fcrel deneyimi harmanlayan bir deneyimdir. \u00d6yleyse bir katamaran turuna \u00e7\u0131k\u0131n, g\u00fcne\u015fin tad\u0131n\u0131 \u00e7\u0131kar\u0131n ve bu unutulmaz yolculu\u011fun T\u00fcrkiye&#8217;de ge\u00e7irece\u011finiz zaman\u0131n en \u00f6nemli anlar\u0131ndan biri olmas\u0131na izin verin.<\/p>\n<p style=\"text-align: center;\"><img loading=\"lazy\" decoding=\"async\" class=\"alignnone size-medium wp-image-22859\" src=\"https:\/\/holidayexcursion.com\/wp-content\/uploads\/2023\/11\/Alanya-catamaran-tour-300x200.jpg\" alt=\"\" width=\"300\" height=\"200\" title=\"\" srcset=\"https:\/\/holidayexcursion.com\/wp-content\/uploads\/2023\/11\/Alanya-catamaran-tour-300x200.jpg 300w, https:\/\/holidayexcursion.com\/wp-content\/uploads\/2023\/11\/Alanya-catamaran-tour-600x401.jpg 600w, https:\/\/holidayexcursion.com\/wp-content\/uploads\/2023\/11\/Alanya-catamaran-tour.jpg 668w\" sizes=\"auto, (max-width: 300px) 100vw, 300px\" \/>,<\/p>\n<div style=\"text-align: center;\"><strong>ALANYA KATAMARAN TURU PROGRAMI<\/strong><\/div>\n<div style=\"text-align: center;\">* Alanya ve \u00e7evresindeki otellerden\/apartlardan ara\u00e7la alma<\/div>\n<div style=\"text-align: center;\">* Saat 18:30&#8217;da Alanya Liman\u0131&#8217;ndan hareket.<\/div>\n<div style=\"text-align: center;\">*Alanya eski tersanesinden seyir, Gemiden K\u0131z\u0131lkule izleme,Tersane yak\u0131n\u0131nda y\u00fczme<\/div>\n<div style=\"text-align: center;\">* Korsanlar ma\u011faras\u0131, a\u015f\u0131klar ma\u011faras\u0131, fosforlu ma\u011fara, Kleopatra Plaj\u0131&#8217;n\u0131 g\u00f6receksiniz<\/div>\n<div style=\"text-align: center;\">* \u00d6\u011fle yeme\u011fi,Ulaslar Plaj\u0131nda \u200b\u200by\u00fczme,\u015eeytan Ma\u011faras\u0131,Y\u00fczme molalar\u0131,<\/div>\n<div style=\"text-align: center;\">* \u015eansl\u0131 bir g\u00fcndeyseniz bazen yunuslar\u0131 da g\u00f6rebilirsiniz.<\/div>\n<div style=\"text-align: center;\">* A\u00e7\u0131k denizden Alanya liman\u0131na d\u00f6n\u00fc\u015f,Alanya ve \u00e7evresindeki adreslerinize b\u0131rakma.<\/div>\n<div><\/div>\n<div style=\"text-align: center;\"><img loading=\"lazy\" decoding=\"async\" class=\"alignnone size-medium wp-image-22883\" src=\"https:\/\/holidayexcursion.com\/wp-content\/uploads\/2023\/11\/Katamaran-alanya-300x292.jpeg\" alt=\"\" width=\"300\" height=\"292\" title=\"\" srcset=\"https:\/\/holidayexcursion.com\/wp-content\/uploads\/2023\/11\/Katamaran-alanya-300x292.jpeg 300w, https:\/\/holidayexcursion.com\/wp-content\/uploads\/2023\/11\/Katamaran-alanya-600x584.jpeg 600w, https:\/\/holidayexcursion.com\/wp-content\/uploads\/2023\/11\/Katamaran-alanya.jpeg 730w\" sizes=\"auto, (max-width: 300px) 100vw, 300px\" \/><\/div>\n<div style=\"text-align: center;\"><strong>F\u0130YATA DAH\u0130L OLANLAR :<\/strong><\/div>\n<div style=\"text-align: center;\">*Alanya&#8217;daki otel ve apartlardan ara\u00e7la alma ve b\u0131rakma,rehber,\u00f6\u011fle yeme\u011fi (Izgara tavuk,3 \u00e7e\u015fit salata,pilav)<\/div>\n<div style=\"text-align: center;\">* Alkols\u00fcz i\u00e7ecekler(Su, Kola, Fanta, Maden suyu vb.) Animasyonlar, E\u011flence K\u00f6p\u00fck partisi.<\/div>\n<div style=\"text-align: center;\"><\/div>\n<div style=\"text-align: center;\"><strong>Fiyata Dahil olmayanlar<\/strong><\/div>\n<div style=\"text-align: center;\">* Alkoll\u00fc i\u00e7ecekler,dondurma,foto\u011fraflar<\/div>\n<div style=\"text-align: center;\"><\/div>\n<div style=\"text-align: center;\"><strong>Extra bilgi ve tavsiyeler<\/strong><\/div>\n<div style=\"text-align: center;\">* Yat\u0131m\u0131zda soyunma kabinleri, tuvaletler, WC ve du\u015flar mevcuttur.<\/div>\n<div style=\"text-align: center;\">*Birka\u00e7 kez y\u00fczme molas\u0131 verilmektedir. Y\u00fczmek istiyorsan<\/div>\n<div style=\"text-align: center;\">* Mayonuzu, g\u00fcne\u015f kreminizi ve plaj havlunuzu yan\u0131n\u0131za almal\u0131s\u0131n\u0131z.<\/div>\n<div style=\"text-align: center;\">* Deniz tutmas\u0131 durumunda misafirlerin ilgili ila\u00e7lar\u0131 tur s\u0131ras\u0131nda yan\u0131nda bulundurmalar\u0131 tavsiye edilir.<\/div>\n<p style=\"text-align: center;\">Alanya&#8217;daki tatiliniz boyunca size unutulmaz an\u0131lar diliyoruz.<\/p>\n<p style=\"text-align: center;\">Not: Daha fazla bilgi i\u00e7in Whats App&#8217;tan arayarak veya mesaj atarak da ileti\u015fime ge\u00e7ebilirsiniz.<\/p>\n<p style=\"text-align: center;\">Holiday Excursion Ekibi,<\/p>\n<p><iframe loading=\"lazy\" title=\"Alanya Brothers Five Catamaran (4K UHD)\" width=\"1020\" height=\"574\" src=\"https:\/\/www.youtube.com\/embed\/BZzzrSpKWfY?feature=oembed\" frameborder=\"0\" allow=\"accelerometer; autoplay; clipboard-write; encrypted-media; gyroscope; picture-in-picture; web-share\" allowfullscreen><\/iframe><\/p>\n<p><iframe loading=\"lazy\" title=\"Alanya Pirate Ship Boat Trip Turkey 2023 || Big Karal Boat || Manoo Creations\" width=\"1020\" height=\"574\" src=\"https:\/\/www.youtube.com\/embed\/erkiZF0HrCs?feature=oembed\" frameborder=\"0\" allow=\"accelerometer; autoplay; clipboard-write; encrypted-media; gyroscope; picture-in-picture; web-share\" allowfullscreen><\/iframe><\/p>\n<p><iframe loading=\"lazy\" title=\"Alanya&#039;da tekne turu ve k\u00f6p\u00fck partisi\" width=\"1020\" height=\"574\" src=\"https:\/\/www.youtube.com\/embed\/2te7VbiBwpA?feature=oembed\" frameborder=\"0\" allow=\"accelerometer; autoplay; clipboard-write; encrypted-media; gyroscope; picture-in-picture; web-share\" allowfullscreen><\/iframe><\/p>\n","protected":false},"excerpt":{"rendered":"<p>ALANYA KATAMARAN TEKNE TURU Maceraya Yelken A\u00e7\u0131n: Alanyay\u0131 Katamaran Turu ile Ke\u015ffetmek Unutulmaz bir katamaran turu ile Akdeniz&#8217;in muhte\u015fem turkuaz sular\u0131n\u0131 Alanya&#8216;n\u0131n b\u00fcy\u00fcleyici g\u00fczelli\u011fiyle birle\u015ftirerek deneyimleyin. Alanya katamaran turuna \u00e7\u0131karak yaln\u0131zca hareketli \u015fehirden ka\u00e7makla kalmaz, ayn\u0131 zamanda b\u00f6lgenin muhte\u015fem sahil \u015feridi, gizli ma\u011faralar\u0131 ve panoramik manzaralar\u0131na e\u015fsiz bir bak\u0131\u015f a\u00e7\u0131s\u0131 sunar. Bu Tatil Gezisi turunda,<\/p>\n","protected":false},"featured_media":24522,"comment_status":"open","ping_status":"closed","template":"","meta":[],"product_brand":[],"product_cat":[108],"product_tag":[],"class_list":{"0":"post-22850","1":"product","2":"type-product","3":"status-publish","4":"has-post-thumbnail","6":"product_cat-turlar","8":"first","9":"instock","10":"featured","11":"virtual","12":"sold-individually","13":"purchasable","14":"product-type-booking"},"_links":{"self":[{"href":"https:\/\/holidayexcursion.com\/tr\/wp-json\/wp\/v2\/product\/22850","targetHints":{"allow":["GET"]}}],"collection":[{"href":"https:\/\/holidayexcursion.com\/tr\/wp-json\/wp\/v2\/product"}],"about":[{"href":"https:\/\/holidayexcursion.com\/tr\/wp-json\/wp\/v2\/types\/product"}],"replies":[{"embeddable":true,"href":"https:\/\/holidayexcursion.com\/tr\/wp-json\/wp\/v2\/comments?post=22850"}],"wp:featuredmedia":[{"embeddable":true,"href":"https:\/\/holidayexcursion.com\/tr\/wp-json\/wp\/v2\/media\/24522"}],"wp:attachment":[{"href":"https:\/\/holidayexcursion.com\/tr\/wp-json\/wp\/v2\/media?parent=22850"}],"wp:term":[{"taxonomy":"product_brand","embeddable":true,"href":"https:\/\/holidayexcursion.com\/tr\/wp-json\/wp\/v2\/product_brand?post=22850"},{"taxonomy":"product_cat","embeddable":true,"href":"https:\/\/holidayexcursion.com\/tr\/wp-json\/wp\/v2\/product_cat?post=22850"},{"taxonomy":"product_tag","embeddable":true,"href":"https:\/\/holidayexcursion.com\/tr\/wp-json\/wp\/v2\/product_tag?post=22850"}],"curies":[{"name":"wp","href":"https:\/\/api.w.org\/{rel}","templated":true}]}}