{"id":24567,"date":"2023-11-22T21:11:57","date_gmt":"2023-11-22T18:12:00","guid":{"rendered":"https:\/\/holidayexcursion.com\/?post_type=product&#038;p=24567"},"modified":"2023-11-27T23:27:25","modified_gmt":"2023-11-27T20:27:25","slug":"tekne-2","status":"publish","type":"product","link":"https:\/\/holidayexcursion.com\/tr\/tours-in-alanya\/turlar\/tekne-2\/","title":{"rendered":"ALANYA G\u00dcNBATIMI TEKNE TURU"},"content":{"rendered":"<h2 style=\"text-align: center;\"><\/h2>\n<h2 style=\"text-align: center;\">ALANYA G\u00dcNBATIMI TEKNE TURU<\/h2>\n<p style=\"text-align: center;\">Alanya&#8217;da bir <a href=\"https:\/\/holidayexcursion.com\/tours-in-alanya\/tours\/boat\/\">tekne turu<\/a> s\u0131ras\u0131nda g\u00fcn bat\u0131m\u0131n\u0131 izlemek ger\u00e7ekten b\u00fcy\u00fcleyici ve unutulmaz bir deneyimdir. G\u00fcne\u015f g\u00f6ky\u00fcz\u00fcne canl\u0131 renkler sa\u00e7arak ve sakin sulardan yans\u0131yarak al\u00e7almaya ba\u015flad\u0131\u011f\u0131nda, teknedeki yolculara kal\u0131c\u0131 an\u0131lar yaratacaklar\u0131 kesin olan nefes kesici bir manzara izleniyor.<\/p>\n<p style=\"text-align: center;\">Tekne, Alanya&#8217;n\u0131n tarihi liman\u0131ndan yola \u00e7\u0131karken misafirler aras\u0131nda beklenti art\u0131yor. Teknenin hafif sallanmas\u0131 ve dalgalar\u0131n rahatlat\u0131c\u0131 sesi, gemi Akdeniz&#8217;in masmavi sular\u0131nda s\u00fcz\u00fcl\u00fcrken huzur hissi yarat\u0131yor. Yolcular kendilerini engebeli kayal\u0131klar, g\u00fcr ye\u015fillikler ve b\u00fcy\u00fcleyici atmosfere katk\u0131da bulunan antik kal\u0131nt\u0131lar\u0131n bulundu\u011fu muhte\u015fem sahil manzaras\u0131yla \u00e7evrili buluyorlar.<\/p>\n<p style=\"text-align: center;\"><img loading=\"lazy\" decoding=\"async\" class=\"alignnone size-medium wp-image-24578\" src=\"https:\/\/holidayexcursion.com\/wp-content\/uploads\/2023\/11\/Alanya-sunset-boat-tour-2024-300x200.jpg\" alt=\"\" width=\"300\" height=\"200\" title=\"\" srcset=\"https:\/\/holidayexcursion.com\/wp-content\/uploads\/2023\/11\/Alanya-sunset-boat-tour-2024-300x200.jpg 300w, https:\/\/holidayexcursion.com\/wp-content\/uploads\/2023\/11\/Alanya-sunset-boat-tour-2024-600x400.jpg 600w, https:\/\/holidayexcursion.com\/wp-content\/uploads\/2023\/11\/Alanya-sunset-boat-tour-2024.jpg 720w\" sizes=\"auto, (max-width: 300px) 100vw, 300px\" \/><\/p>\n<p style=\"text-align: center;\">G\u00fcne\u015f ufka do\u011fru yava\u015f yava\u015f al\u00e7almaya ba\u015flad\u0131\u011f\u0131nda g\u00f6ky\u00fcz\u00fc canl\u0131 renklerden olu\u015fan bir tuvale d\u00f6n\u00fc\u015f\u00fcyor. S\u0131cak turuncular, koyu k\u0131rm\u0131z\u0131lar ve yumu\u015fak morlar, denizin derin mavisiyle \u00e7arp\u0131c\u0131 bir kontrast olu\u015fturarak hayranl\u0131k ve merak duygusu uyand\u0131r\u0131yor. De\u011fi\u015fen renkler her ge\u00e7en an farkl\u0131 bir tablo \u00e7iziyor, do\u011fal g\u00fczelli\u011fin e\u015fsiz ve dinamik bir g\u00f6r\u00fcnt\u00fcs\u00fcn\u00fc sunuyor.<\/p>\n<p style=\"text-align: center;\">Tekne yolculu\u011funa devam ederken g\u00fcne\u015f al\u00e7alarak manzaran\u0131n \u00fczerine alt\u0131n rengi bir par\u0131lt\u0131 sa\u00e7\u0131yor. Yumu\u015fak, s\u0131cak \u0131\u015f\u0131k, yoluna \u00e7\u0131kan her \u015feyi y\u0131kar ve b\u00fcy\u00fcleyici olmaktan ba\u015fka bir \u015fey olmayan b\u00fcy\u00fcl\u00fc bir ortam yarat\u0131r. Yolcular, \u00e7evredeki \u00e7arp\u0131c\u0131 d\u00f6n\u00fc\u015f\u00fcme tan\u0131k olurken, sanki tamamen farkl\u0131 bir d\u00fcnyaya ta\u015f\u0131nm\u0131\u015f gibi hissederek \u00e7o\u011fu zaman suskun kal\u0131yorlar.<\/p>\n<p style=\"text-align: center;\"><img loading=\"lazy\" decoding=\"async\" class=\"alignnone size-medium wp-image-24584\" src=\"https:\/\/holidayexcursion.com\/wp-content\/uploads\/2023\/11\/Alanya-sunset-boat-tour-holiday-excursion-300x200.jpg\" alt=\"\" width=\"300\" height=\"200\" title=\"\" srcset=\"https:\/\/holidayexcursion.com\/wp-content\/uploads\/2023\/11\/Alanya-sunset-boat-tour-holiday-excursion-300x200.jpg 300w, https:\/\/holidayexcursion.com\/wp-content\/uploads\/2023\/11\/Alanya-sunset-boat-tour-holiday-excursion-600x400.jpg 600w, https:\/\/holidayexcursion.com\/wp-content\/uploads\/2023\/11\/Alanya-sunset-boat-tour-holiday-excursion.jpg 669w\" sizes=\"auto, (max-width: 300px) 100vw, 300px\" \/><\/p>\n<p style=\"text-align: center;\">G\u00fcne\u015f ufka yakla\u015ft\u0131\u011f\u0131nda kaptan tekneyi m\u00fckemmel bir g\u00f6r\u00fc\u015f noktas\u0131 olu\u015fturacak \u015fekilde konumland\u0131rarak yolcular\u0131n kendilerini hayranl\u0131k uyand\u0131ran manzaraya tamamen kapt\u0131rmalar\u0131na olanak tan\u0131r. G\u00fcne\u015f ufkun alt\u0131nda kaybolmadan \u00f6nceki son anlara, gemideki herkes \u00f6nlerindeki nefes kesen manzaray\u0131 seyrederken kolektif bir merak duygusu damgas\u0131n\u0131 vuruyor.<\/p>\n<p style=\"text-align: center;\">G\u00fcne\u015f batt\u0131ktan sonra tekne, yava\u015f yava\u015f limana d\u00f6n\u00fc\u015f yolculu\u011funa ba\u015flarken, solan \u0131\u015f\u0131k deniz \u00fczerinde huzur dolu bir hava yarat\u0131yor. Alanya&#8217;da bir tekne turu s\u0131ras\u0131nda g\u00fcn bat\u0131m\u0131na tan\u0131kl\u0131k etme deneyimi, bu geziye kat\u0131lan herkeste kal\u0131c\u0131 bir etki b\u0131rak\u0131r ve do\u011fal d\u00fcnyan\u0131n saf g\u00fczelli\u011fini ve ihti\u015fam\u0131n\u0131 dokunakl\u0131 bir \u015fekilde hat\u0131rlat\u0131r.<\/p>\n<p style=\"text-align: center;\"><img loading=\"lazy\" decoding=\"async\" class=\"alignnone size-full wp-image-24572\" src=\"https:\/\/holidayexcursion.com\/wp-content\/uploads\/2023\/11\/Alanya-sunset-boat-holiday-excursion.jpg\" alt=\"\" width=\"275\" height=\"183\" title=\"\"><\/p>\n<p style=\"text-align: center;\">Tekne gezisi boyunca yolcular, leziz i\u00e7eceklerin ve yerel yemeklerin tad\u0131na bakma f\u0131rsat\u0131 buluyor ve bu da deneyimin genel keyfini art\u0131r\u0131yor. \u0130ster serinletici bir i\u00e7ece\u011fi yudumlarken, ister nefis at\u0131\u015ft\u0131rmal\u0131klarla kendinizi \u015f\u0131mart\u0131rken, mutfak sunumlar\u0131 sakin ortam\u0131 tamaml\u0131yor ve bir ho\u015fg\u00f6r\u00fc ve rahatlama hissi yarat\u0131yor.<\/p>\n<p style=\"text-align: center;\">B\u00fcy\u00fcleyici g\u00fcn bat\u0131m\u0131n\u0131n yan\u0131 s\u0131ra tekne turu, konuklara bo\u015f zaman etkinliklerinde bulunma ve di\u011fer yolcularla sosyalle\u015fme i\u00e7in geni\u015f f\u0131rsatlar sunar. \u0130ster canl\u0131 sohbetlere kat\u0131l\u0131n, ister su aktivitelerine kat\u0131l\u0131n, ister sadece sakin atmosferin tad\u0131n\u0131 \u00e7\u0131kar\u0131n, tekne turu misafirleri aras\u0131nda dostluk ve \u015fenlik duygusunu besler.<\/p>\n<p style=\"text-align: center;\"><img loading=\"lazy\" decoding=\"async\" class=\"alignnone size-medium wp-image-24596\" src=\"https:\/\/holidayexcursion.com\/wp-content\/uploads\/2023\/11\/alanya-sunset-boat-holidayexcursion-300x188.jpg\" alt=\"\" width=\"300\" height=\"188\" title=\"\" srcset=\"https:\/\/holidayexcursion.com\/wp-content\/uploads\/2023\/11\/alanya-sunset-boat-holidayexcursion-300x188.jpg 300w, https:\/\/holidayexcursion.com\/wp-content\/uploads\/2023\/11\/alanya-sunset-boat-holidayexcursion-600x375.jpg 600w, https:\/\/holidayexcursion.com\/wp-content\/uploads\/2023\/11\/alanya-sunset-boat-holidayexcursion.jpg 720w\" sizes=\"auto, (max-width: 300px) 100vw, 300px\" \/><\/p>\n<p style=\"text-align: center;\"><a href=\"https:\/\/tr.wikipedia.org\/wiki\/Alanya\" rel=\"nofollow noopener\" target=\"_blank\">Alanya<\/a> g\u00fcn bat\u0131m\u0131 tekne turu sadece g\u00f6rsel bir g\u00f6steri de\u011fil, ayn\u0131 zamanda kat\u0131l\u0131mc\u0131lar\u0131n kendilerini T\u00fcrkiye k\u0131y\u0131 \u015feridinin ve <a href=\"https:\/\/tr.wikipedia.org\/wiki\/Alanya_Kalesi\" rel=\"nofollow noopener\" target=\"_blank\">Alanya kalesi<\/a>nin do\u011fal g\u00fczelli\u011fine tamamen kapt\u0131rmalar\u0131na olanak tan\u0131yan her \u015feyi kapsayan duyusal bir deneyimdir. \u00c7arp\u0131c\u0131 manzaralar, leziz yemekler ve keyifli arkada\u015fl\u0131klar\u0131n birle\u015fimi, yolculuklar\u0131n \u00e7ok sonra bile an\u0131larda kalacak, ger\u00e7ekten muhte\u015fem bir deneyimler yarat\u0131l\u0131yor.<\/p>\n<p style=\"text-align: center;\">Tekne limana yana\u015ft\u0131\u011f\u0131nda, yolcular yenilenmi\u015f bir merak ve do\u011fal d\u00fcnyaya kar\u015f\u0131 takdir duygusuyla karaya \u00e7\u0131k\u0131yorlar. Nefes kesen yolculuk ve b\u00fcy\u00fcleyici g\u00fcn bat\u0131m\u0131 silinmez bir iz b\u0131rak\u0131yor ve buna tan\u0131k olanlara hayatlar\u0131nda daha fazla g\u00fczellik ve huzur dolu anlar arama konusunda ilham veriyor.<\/p>\n<p style=\"text-align: center;\"><img loading=\"lazy\" decoding=\"async\" class=\"alignnone size-medium wp-image-24602\" src=\"https:\/\/holidayexcursion.com\/wp-content\/uploads\/2023\/11\/alanya-sunset-boat-tour-holiday-excursion-300x210.jpeg\" alt=\"\" width=\"300\" height=\"210\" title=\"\" srcset=\"https:\/\/holidayexcursion.com\/wp-content\/uploads\/2023\/11\/alanya-sunset-boat-tour-holiday-excursion-300x210.jpeg 300w, https:\/\/holidayexcursion.com\/wp-content\/uploads\/2023\/11\/alanya-sunset-boat-tour-holiday-excursion-768x538.jpeg 768w, https:\/\/holidayexcursion.com\/wp-content\/uploads\/2023\/11\/alanya-sunset-boat-tour-holiday-excursion-600x420.jpeg 600w, https:\/\/holidayexcursion.com\/wp-content\/uploads\/2023\/11\/alanya-sunset-boat-tour-holiday-excursion.jpeg 800w\" sizes=\"auto, (max-width: 300px) 100vw, 300px\" \/><\/p>\n<p style=\"text-align: center;\">Alanya g\u00fcn bat\u0131m\u0131 tekne turu, do\u011fal g\u00fczelli\u011fin, mutfak lezzetlerinin ve sosyal e\u011flencenin b\u00fcy\u00fcleyici bir kar\u0131\u015f\u0131m\u0131n\u0131 sunarak b\u00f6lgeyi ziyaret eden herkesin mutlaka yapmas\u0131 gereken bir deneyim haline getiriyor. \u0130ster yaln\u0131z bir gezgin olun, ister romantik bir ka\u00e7amak arayan bir \u00e7ift, ister macera arayan bir grup arkada\u015f olun, Alanya&#8217;da g\u00fcn bat\u0131m\u0131 tekne turu kesinlikle kal\u0131c\u0131 bir izlenim b\u0131rakacak ve y\u0131llar boyunca de\u011ferli an\u0131lar yaratacakt\u0131r.<\/p>\n<div style=\"text-align: center;\"><strong>ALANYA KATAMARAN TURU PROGRAMI<\/strong><\/div>\n<div style=\"text-align: center;\">* Alanya ve \u00e7evresindeki otellerden\/apartlardan ara\u00e7la alma<\/div>\n<div style=\"text-align: center;\">* \u0422\u0440\u0430\u043d\u0441\u043f\u043e\u0440\u0442 \u0434\u043e \u0433\u0430\u0432\u0430\u043d\u0438 \u0410\u043b\u0430\u043d\u044c\u0438, \u043e\u0442\u043f\u0440\u0430\u0432\u043b\u0435\u043d\u0438\u0435 \u0438\u0437 \u0433\u0430\u0432\u0430\u043d\u0438 \u0410\u043b\u0430\u043d\u044c\u0438 \u0432 18:30.<\/div>\n<div style=\"text-align: center;\">*Alanya eski tersanesinden seyir, Gemiden K\u0131z\u0131lkule izleme,Tersane yak\u0131n\u0131nda y\u00fczme<\/div>\n<div style=\"text-align: center;\">* Korsanlar ma\u011faras\u0131, a\u015f\u0131klar ma\u011faras\u0131, fosforlu ma\u011fara, Kleopatra Plaj\u0131&#8217;n\u0131 g\u00f6receksiniz<\/div>\n<div style=\"text-align: center;\">* \u00d6\u011fle yeme\u011fi,Ulaslar Plaj\u0131nda \u200b\u200by\u00fczme,\u015eeytan Ma\u011faras\u0131,Y\u00fczme molalar\u0131,<\/div>\n<div style=\"text-align: center;\">* \u015eansl\u0131 bir g\u00fcndeyseniz bazen yunuslar\u0131 da g\u00f6rebilirsiniz.<\/div>\n<div style=\"text-align: center;\">* A\u00e7\u0131k denizden Alanya liman\u0131na d\u00f6n\u00fc\u015f,Alanya ve \u00e7evresindeki adreslerinize b\u0131rakma.<\/div>\n<div style=\"text-align: center;\"><\/div>\n<div style=\"text-align: center;\"><strong>F\u0130YATA DAH\u0130L OLANLAR :<\/strong><\/div>\n<div style=\"text-align: center;\">*Alanya&#8217;daki otel ve apartlardan ara\u00e7la alma ve b\u0131rakma,rehber,\u00f6\u011fle yeme\u011fi (Izgara tavuk,3 \u00e7e\u015fit salata,pilav)<\/div>\n<div style=\"text-align: center;\">* Alkols\u00fcz i\u00e7ecekler(Su, Kola, Fanta, Maden suyu vb.) Animasyonlar, E\u011flence K\u00f6p\u00fck partisi.<\/div>\n<div style=\"text-align: center;\"><\/div>\n<div style=\"text-align: center;\"><strong>Fiyata Dahil olmayanlar<\/strong><\/div>\n<div style=\"text-align: center;\">* Alkoll\u00fc i\u00e7ecekler,dondurma,foto\u011fraflar<\/div>\n<div style=\"text-align: center;\"><\/div>\n<div style=\"text-align: center;\"><strong>Extra bilgi ve tavsiyeler<\/strong><\/div>\n<div style=\"text-align: center;\">* Yat\u0131m\u0131zda soyunma kabinleri, tuvaletler, WC ve du\u015flar mevcuttur.<\/div>\n<div style=\"text-align: center;\">*Birka\u00e7 kez y\u00fczme molas\u0131 verilmektedir. Y\u00fczmek istiyorsan<\/div>\n<div style=\"text-align: center;\">* Mayonuzu, g\u00fcne\u015f kreminizi ve plaj havlunuzu yan\u0131n\u0131za almal\u0131s\u0131n\u0131z.<\/div>\n<div style=\"text-align: center;\">* Deniz tutmas\u0131 durumunda misafirlerin ilgili ila\u00e7lar\u0131 tur s\u0131ras\u0131nda yan\u0131nda bulundurmalar\u0131 tavsiye edilir.<\/div>\n<p style=\"text-align: center;\">Alanya&#8217;daki tatiliniz boyunca size unutulmaz an\u0131lar diliyoruz.<\/p>\n<p style=\"text-align: center;\">Not: Daha fazla bilgi i\u00e7in Whats App&#8217;tan arayarak veya mesaj atarak da ileti\u015fime ge\u00e7ebilirsiniz.<\/p>\n<p style=\"text-align: center;\">Holiday Excursion Ekibi,<\/p>\n<p><iframe loading=\"lazy\" title=\"Sunset  Boat Tour  Alanya\" width=\"1020\" height=\"765\" src=\"https:\/\/www.youtube.com\/embed\/TnGhnEvT38c?feature=oembed\" frameborder=\"0\" allow=\"accelerometer; autoplay; clipboard-write; encrypted-media; gyroscope; picture-in-picture; web-share\" allowfullscreen><\/iframe><\/p>\n<p><iframe loading=\"lazy\" title=\"Alanya Pirate Ship Boat Trip Turkey 2023 || Big Karal Boat || Manoo Creations\" width=\"1020\" height=\"574\" src=\"https:\/\/www.youtube.com\/embed\/erkiZF0HrCs?feature=oembed\" frameborder=\"0\" allow=\"accelerometer; autoplay; clipboard-write; encrypted-media; gyroscope; picture-in-picture; web-share\" allowfullscreen><\/iframe><\/p>\n<p><iframe loading=\"lazy\" title=\"Alanya&#039;da tekne turu ve k\u00f6p\u00fck partisi\" width=\"1020\" height=\"574\" src=\"https:\/\/www.youtube.com\/embed\/2te7VbiBwpA?feature=oembed\" frameborder=\"0\" allow=\"accelerometer; autoplay; clipboard-write; encrypted-media; gyroscope; picture-in-picture; web-share\" allowfullscreen><\/iframe><\/p>\n","protected":false},"excerpt":{"rendered":"<p>ALANYA G\u00dcNBATIMI TEKNE TURU Alanya&#8217;da bir tekne turu s\u0131ras\u0131nda g\u00fcn bat\u0131m\u0131n\u0131 izlemek ger\u00e7ekten b\u00fcy\u00fcleyici ve unutulmaz bir deneyimdir. G\u00fcne\u015f g\u00f6ky\u00fcz\u00fcne canl\u0131 renkler sa\u00e7arak ve sakin sulardan yans\u0131yarak al\u00e7almaya ba\u015flad\u0131\u011f\u0131nda, teknedeki yolculara kal\u0131c\u0131 an\u0131lar yaratacaklar\u0131 kesin olan nefes kesici bir manzara izleniyor. Tekne, Alanya&#8217;n\u0131n tarihi liman\u0131ndan yola \u00e7\u0131karken misafirler aras\u0131nda beklenti art\u0131yor. Teknenin hafif sallanmas\u0131 ve<\/p>\n","protected":false},"featured_media":24589,"comment_status":"open","ping_status":"closed","template":"","meta":[],"product_brand":[],"product_cat":[108],"product_tag":[],"class_list":{"0":"post-24567","1":"product","2":"type-product","3":"status-publish","4":"has-post-thumbnail","6":"product_cat-turlar","8":"first","9":"instock","10":"featured","11":"virtual","12":"sold-individually","13":"purchasable","14":"product-type-booking"},"_links":{"self":[{"href":"https:\/\/holidayexcursion.com\/tr\/wp-json\/wp\/v2\/product\/24567","targetHints":{"allow":["GET"]}}],"collection":[{"href":"https:\/\/holidayexcursion.com\/tr\/wp-json\/wp\/v2\/product"}],"about":[{"href":"https:\/\/holidayexcursion.com\/tr\/wp-json\/wp\/v2\/types\/product"}],"replies":[{"embeddable":true,"href":"https:\/\/holidayexcursion.com\/tr\/wp-json\/wp\/v2\/comments?post=24567"}],"wp:featuredmedia":[{"embeddable":true,"href":"https:\/\/holidayexcursion.com\/tr\/wp-json\/wp\/v2\/media\/24589"}],"wp:attachment":[{"href":"https:\/\/holidayexcursion.com\/tr\/wp-json\/wp\/v2\/media?parent=24567"}],"wp:term":[{"taxonomy":"product_brand","embeddable":true,"href":"https:\/\/holidayexcursion.com\/tr\/wp-json\/wp\/v2\/product_brand?post=24567"},{"taxonomy":"product_cat","embeddable":true,"href":"https:\/\/holidayexcursion.com\/tr\/wp-json\/wp\/v2\/product_cat?post=24567"},{"taxonomy":"product_tag","embeddable":true,"href":"https:\/\/holidayexcursion.com\/tr\/wp-json\/wp\/v2\/product_tag?post=24567"}],"curies":[{"name":"wp","href":"https:\/\/api.w.org\/{rel}","templated":true}]}}