{"id":26088,"date":"2023-11-26T15:09:16","date_gmt":"2023-11-26T12:09:17","guid":{"rendered":"https:\/\/holidayexcursion.com\/?post_type=product&#038;p=26088"},"modified":"2024-04-23T11:42:45","modified_gmt":"2024-04-23T08:42:45","slug":"yamaha-scooter","status":"publish","type":"product","link":"https:\/\/holidayexcursion.com\/tr\/tours-in-alanya\/rent-a-car-tr\/yamaha-scooter\/","title":{"rendered":"KiRALIK YAMAHA SCOOTER 50 cc"},"content":{"rendered":"<h2 style=\"text-align: center;\">KiRALIK YAMAHA SCOOTER 50 cc<\/h2>\n<p style=\"text-align: center;\">1-7 G\u00fcn fiyat\u0131: 20 \u20ac 7-14 G\u00fcn fiyat\u0131: 15 \u20ac<\/p>\n<p style=\"text-align: center;\">50 cc Scooter\u0131m\u0131z\u0131n g\u00fcnl\u00fck 100 km kullan\u0131m s\u0131n\u0131r\u0131 vard\u0131r. Fazla kullan\u0131lan her km i\u00e7in 0,25 euro \u00fccret al\u0131nacakt\u0131r.<\/p>\n<p style=\"text-align: center;\">Alanya&#8217;y\u0131 Gezerek Ke\u015ffetmek: <a href=\"https:\/\/holidayexcursion.com\/tours-in-alanya\/rent-a-car\/maxi-scooter\/\">Scooter<\/a> Kiralaman\u0131n Avantajlar\u0131<\/p>\n<p style=\"text-align: center;\">1. \u00d6zg\u00fcrl\u00fck ve Esneklik:<br \/>\n&#8211; Bir scooter kiralad\u0131\u011f\u0131n\u0131zda, kendi g\u00fczergah\u0131n\u0131z\u0131 olu\u015fturma ve var\u0131\u015f noktan\u0131z\u0131 kendi h\u0131z\u0131n\u0131zda ke\u015ffetme \u00f6zg\u00fcrl\u00fc\u011f\u00fcne sahip olursunuz. Sabit programlara ba\u011fl\u0131 de\u011filsiniz veya toplu ta\u015f\u0131ma rotalar\u0131na ba\u011f\u0131ml\u0131 de\u011filsiniz, bu da size tercihlerinize g\u00f6re \u00e7e\u015fitli turistik yerleri ve lokasyonlar\u0131 ziyaret etme olana\u011f\u0131 sa\u011fl\u0131yor.<\/p>\n<p style=\"text-align: center;\">2. Gizli G\u00fczellikleri Ke\u015ffedin:<br \/>\n&#8211; Scooter kiralamak, al\u0131\u015f\u0131lm\u0131\u015f\u0131n d\u0131\u015f\u0131nda maceralara at\u0131lman\u0131za ve <a href=\"https:\/\/holidayexcursion.com\/tours-in-alanya\/tours\/city-tour\/\">Alanya&#8217;<\/a>n\u0131n gizli g\u00fczelliklerini ke\u015ffetmenize olanak sa\u011flar.<br \/>\n&#8211; Daha az bilinen mahalleleri, yerel restoranlar\u0131 ve di\u011fer ula\u015f\u0131m ara\u00e7lar\u0131yla kolayca eri\u015filemeyen do\u011fal manzara noktalar\u0131n\u0131 g\u00f6rmenin en iyi ve en kolay yolu.<\/p>\n<p style=\"text-align: center;\">   <img loading=\"lazy\" decoding=\"async\" class=\"alignnone wp-image-26108\" src=\"https:\/\/holidayexcursion.com\/wp-content\/uploads\/2023\/11\/yamaha-neos-kiralik-alanya-300x169.png\" alt=\"\" width=\"406\" height=\"229\" title=\"\" srcset=\"https:\/\/holidayexcursion.com\/wp-content\/uploads\/2023\/11\/yamaha-neos-kiralik-alanya-300x169.png 300w, https:\/\/holidayexcursion.com\/wp-content\/uploads\/2023\/11\/yamaha-neos-kiralik-alanya.png 600w\" sizes=\"auto, (max-width: 406px) 100vw, 406px\" \/><\/p>\n<p style=\"text-align: center;\">3. Manzaral\u0131 S\u00fcr\u00fc\u015fler:<br \/>\n&#8211; Gece g\u00fcnd\u00fcz kaleden manzaralar\u0131 izlemek ve Alanya ve \u00e7evresini dola\u015farak scooter gezileri i\u00e7in m\u00fckemmel olan <a href=\"https:\/\/tr.wikipedia.org\/wiki\/Dim_%C3%87ay%C4%B1\" rel=\"nofollow noopener\" target=\"_blank\">Dim\u00e7ay piknik<\/a> alan\u0131n\u0131n g\u00fczelli\u011fini g\u00f6rmek.<br \/>\n&#8211; Ayr\u0131ca Kleopatra Plaj\u0131, Alanya teras\u0131, Damlata\u015f Ma\u011faras\u0131 ve Dim Ma\u011faras\u0131 gibi daha bir\u00e7ok yer muhte\u015fem manzaralar\u0131n tad\u0131n\u0131 \u00e7\u0131kar\u0131rken ke\u015ffedilebilir.<\/p>\n<p style=\"text-align: center;\">4. Maliyet Etkinli\u011fi:<br \/>\n&#8211; <a href=\"https:\/\/holidayexcursion.com\/tours-in-alanya\/rent-a-car\/scooter-2\/\">Scooter<\/a> kiralamak genellikle araba kiralamaktan veya taksi veya toplu ta\u015f\u0131ma gibi di\u011fer ula\u015f\u0131m ara\u00e7lar\u0131n\u0131 kullanmaktan daha ucuzdur. Scooter&#8217;lar\u0131n yak\u0131t t\u00fcketimi d\u00fc\u015f\u00fckt\u00fcr ve kiralama \u00fccretleri genellikle daha uygun oldu\u011fundan b\u00fct\u00e7e dostu bir se\u00e7enek haline gelir.<img loading=\"lazy\" decoding=\"async\" class=\"alignnone size-medium wp-image-26090\" src=\"https:\/\/holidayexcursion.com\/wp-content\/uploads\/2023\/11\/Kiralik-scooter-alanya-300x225.jpg\" alt=\"\" width=\"300\" height=\"225\" title=\"\" srcset=\"https:\/\/holidayexcursion.com\/wp-content\/uploads\/2023\/11\/Kiralik-scooter-alanya-300x225.jpg 300w, https:\/\/holidayexcursion.com\/wp-content\/uploads\/2023\/11\/Kiralik-scooter-alanya.jpg 528w\" sizes=\"auto, (max-width: 300px) 100vw, 300px\" \/><\/p>\n<p style=\"text-align: center;\">5. \u015eehirde Kolay Park Etme:<br \/>\n-Scooterlar trafikte ve dar sokaklarda kolayl\u0131kla gezinmenizi sa\u011flayan k\u00fc\u00e7\u00fck ve manevra kabiliyeti y\u00fcksek ara\u00e7lard\u0131r. Scooterlar \u00d6zellikle kalabal\u0131k \u015fehirlerde veya park etmenin zor olabilece\u011fi turistik yerlerde uygun bir ula\u015f\u0131m y\u00f6ntemi sa\u011flarlar.<\/p>\n<p style=\"text-align: center;\">6. T\u00fcrkiye Alanya&#8217;da Yerel Deneyim:<br \/>\n&#8211; Scooterlar size al\u0131\u015f\u0131lm\u0131\u015f\u0131n d\u0131\u015f\u0131nda maceralara at\u0131lma ve gizli g\u00fczellikleri ke\u015ffetme f\u0131rsat\u0131 verir. Motor kiralayarak size daha \u00f6zg\u00fcn ve s\u00fcr\u00fckleyici bir seyahat deneyimi sunarak yerel mahalleleri, do\u011fal rotalar\u0131 ve di\u011fer ula\u015f\u0131m ara\u00e7lar\u0131yla kolayca eri\u015filemeyen daha az bilinen turistik yerleri ke\u015ffedebilirsiniz.Alanya Tatilin de scooter kiralamak size daha \u00e7ok etkile\u015fim kurma \u015fans\u0131 verir. Yerel pazarlarda, kafelerde veya di\u011fer kurulu\u015flarda yolculu\u011funuz boyunca kendinizi k\u00fclt\u00fcre kapt\u0131rabilir ve toplulukla anlaml\u0131 bir \u015fekilde ba\u011flant\u0131 kurabilirsiniz.<\/p>\n<p style=\"text-align: center;\">                                                                 <img loading=\"lazy\" decoding=\"async\" class=\"size-medium wp-image-26114\" src=\"https:\/\/holidayexcursion.com\/wp-content\/uploads\/2023\/11\/Yamaha-Neos-2T_-300x234.jpg\" alt=\"\" width=\"300\" height=\"234\" title=\"\" srcset=\"https:\/\/holidayexcursion.com\/wp-content\/uploads\/2023\/11\/Yamaha-Neos-2T_-300x234.jpg 300w, https:\/\/holidayexcursion.com\/wp-content\/uploads\/2023\/11\/Yamaha-Neos-2T_-768x600.jpg 768w, https:\/\/holidayexcursion.com\/wp-content\/uploads\/2023\/11\/Yamaha-Neos-2T_-600x469.jpg 600w, https:\/\/holidayexcursion.com\/wp-content\/uploads\/2023\/11\/Yamaha-Neos-2T_.jpg 1024w\" sizes=\"auto, (max-width: 300px) 100vw, 300px\" \/><\/p>\n<p style=\"text-align: center;\">Scooter kiralarken her zaman g\u00fcvenli\u011fe \u00f6ncelik verin. Uygun koruyucu giysiler giyin, trafik kurallar\u0131na uyun ve yerel s\u00fcr\u00fc\u015f d\u00fczenlemelerini \u00f6\u011frenin.<\/p>\n<p style=\"text-align: center;\">-Alanya&#8217;da Scooter&#8217;lar genellikle g\u00fcnl\u00fck geziler ve daha uzun s\u00fcreler dahil olmak \u00fczere \u00e7e\u015fitli s\u00fcrelerle kiralanabilir. Holiday excursion Kiralama acentesi genellikle farkl\u0131 seyahat planlar\u0131na uyum sa\u011flamak i\u00e7in esnek kiralama se\u00e7enekleri sunar. Scooter&#8217;lar i\u00e7in baz\u0131 yayg\u0131n kiralama s\u00fcreleri \u015funlard\u0131r:<\/p>\n<p style=\"text-align: center;\"><img loading=\"lazy\" decoding=\"async\" class=\"alignnone wp-image-26102\" src=\"https:\/\/holidayexcursion.com\/wp-content\/uploads\/2023\/11\/yamaha-neos-50cc-for-rent-300x169.jpg\" alt=\"\" width=\"410\" height=\"231\" title=\"\" srcset=\"https:\/\/holidayexcursion.com\/wp-content\/uploads\/2023\/11\/yamaha-neos-50cc-for-rent-300x169.jpg 300w, https:\/\/holidayexcursion.com\/wp-content\/uploads\/2023\/11\/yamaha-neos-50cc-for-rent-600x337.jpg 600w, https:\/\/holidayexcursion.com\/wp-content\/uploads\/2023\/11\/yamaha-neos-50cc-for-rent.jpg 660w\" sizes=\"auto, (max-width: 410px) 100vw, 410px\" \/><\/p>\n<p style=\"text-align: center;\">1. Saatlik Kiralama: Scooter&#8217;a yaln\u0131zca birka\u00e7 saat veya daha k\u0131sa bir s\u00fcre i\u00e7in ihtiyac\u0131n\u0131z varsa kiralama acentam\u0131z saatlik kiralama se\u00e7enekleri sunabilir. Akl\u0131n\u0131zda belirli bir aktivite veya k\u0131sa bir yolculuk varsa bu kullan\u0131\u015fl\u0131d\u0131r.<\/p>\n<p style=\"text-align: center;\">2. G\u00fcnl\u00fck Kiralamalar: G\u00fcnl\u00fck kiralamalar scooter kiralamada en yayg\u0131n se\u00e7enektir. Bir scooter\u0131 t\u00fcm g\u00fcn boyunca, genellikle 24 saatten 48 saate kadar kiralayabilirsiniz. Bu size bo\u015f zamanlar\u0131n\u0131zda var\u0131\u015f noktan\u0131z\u0131 ke\u015ffetme, birden fazla ilgi \u00e7ekici yeri gezme veya g\u00fcnl\u00fck gezilere \u00e7\u0131kma esnekli\u011fi sa\u011flar.<\/p>\n<p style=\"text-align: center;\">3. Haftal\u0131k Kiralama: Alanya T\u00fcrkiye&#8217;de bir hafta veya daha uzun s\u00fcre kalmay\u0131 planl\u0131yorsan\u0131z, kiralama acentam\u0131z haftal\u0131k kiralamalar i\u00e7in indirimli fiyatlar sunabilir. Bu se\u00e7enek, konaklamalar\u0131 s\u0131ras\u0131nda birincil ula\u015f\u0131m arac\u0131 olarak scooter kullanmak isteyen gezginler i\u00e7in idealdir.<\/p>\n<p style=\"text-align: center;\">4. Ayl\u0131k Kiralama: Alanya T\u00fcrkiye destinasyonunda uzun s\u00fcre kalacak olan gezginler i\u00e7in Tatil gezisi kiralama acentesi ayl\u0131k kiralama se\u00e7enekleri sunabilir. Ayl\u0131k kiralamalar, g\u00fcnl\u00fck veya haftal\u0131k kiralamalara g\u00f6re daha uygun maliyetli olup, uzun vadeli seyahat planlar\u0131 i\u00e7in uygun bir se\u00e7im olabilir.<\/p>\n<p style=\"text-align: center;\">\u00d6zel kiralama s\u00fcreleri, fiyatlar\u0131 ve ge\u00e7erli olabilecek ek h\u00fck\u00fcm ve ko\u015fullar hakk\u0131nda <a href=\"https:\/\/holidayexcursion.com\/rent-a-car-in-alanya\/\">kiralama acentesine<\/a> dan\u0131\u015fmak \u00f6nemlidir. Ek olarak, gidece\u011finiz yerde scooter kiralamak ve kullanmak i\u00e7in gerekli lisans ve sigorta gereksinimlerine sahip oldu\u011funuzdan daima emin olun.<\/p>\n<p style=\"text-align: center;\">1. Scooter kiralaman\u0131n \u015fartlar\u0131 nelerdir?<br \/>\nScooter kiralarken genellikle ge\u00e7erli bir s\u00fcr\u00fcc\u00fc belgesine ihtiyac\u0131n\u0131z olacakt\u0131r. Baz\u0131 kiralama \u015firketlerinin, konuma ba\u011fl\u0131 olarak genellikle 18 veya 21 olmak \u00fczere minimum ya\u015f gereksinimleri de olabilir.<\/p>\n<p style=\"text-align: center;\">2. Scooter kiralaman\u0131n maliyeti ne kadard\u0131r?<br \/>\nScooter kiralama fiyatlar\u0131 lokasyona, kiralama s\u00fcresine ve scooter tipine g\u00f6re de\u011fi\u015fiklik g\u00f6sterebilmektedir. Genellikle fiyatlar g\u00fcnl\u00fck 25 ila 100 ABD Dolar\u0131 aras\u0131nda de\u011fi\u015fir; haftal\u0131k ve ayl\u0131k fiyatlar genellikle indirimli fiyatla sunulur.<\/p>\n<p style=\"text-align: center;\">3. Scooter kiralamak i\u00e7in sigortaya ihtiyac\u0131m var m\u0131?<br \/>\n\u00c7o\u011fu durumda scooter kiralama \u015firketleri ek \u00fccret kar\u015f\u0131l\u0131\u011f\u0131nda sat\u0131n al\u0131nabilecek sigorta se\u00e7enekleri sunar. Scooter kiralamadan \u00f6nce sigorta kapsam\u0131 hakk\u0131nda bilgi almak ve \u015fart ve ko\u015fullar\u0131 anlamak \u00f6nemlidir.<\/p>\n<p style=\"text-align: center;\">4. Kiralama s\u0131ras\u0131nda kask veriliyor mu?<br \/>\nG\u00fcvenlik kasklar\u0131 genellikle scooter kiralamayla birlikte verilir. Ki\u015fisel g\u00fcvenli\u011finiz a\u00e7\u0131s\u0131ndan ve yerel yasalara uygun olarak s\u00fcr\u00fc\u015f s\u0131ras\u0131nda kask takman\u0131z zorunludur.<\/p>\n<p style=\"text-align: center;\">5. \u00d6nceden s\u00fcr\u00fc\u015f deneyimim olmadan scooter kiralayabilir miyim?<br \/>\nBaz\u0131 kiralama \u015firketleri, kirac\u0131lar\u0131n \u00f6nceden scooter veya motosiklet s\u00fcrme deneyimine sahip olmalar\u0131n\u0131 isteyebilirken, di\u011ferleri yeni ba\u015flayanlar i\u00e7in k\u0131sa e\u011fitim oturumlar\u0131 sunabilir. Acemi bir s\u00fcr\u00fcc\u00fcyseniz bunu sorman\u0131z tavsiye edilir.<\/p>\n<p style=\"text-align: center;\">6. Scooter&#8217;\u0131 iade etme s\u00fcreci nedir?<br \/>\nKirac\u0131lar\u0131n genellikle scooter&#8217;\u0131, kiraland\u0131\u011f\u0131 zamana benzer bir durumda, belirtilen zamanda kiralama yerine iade etmeleri beklenir. Ge\u00e7 iadeler ek \u00fccretlere neden olabilir, bu nedenle \u00fczerinde anla\u015f\u0131lan \u015fartlara uymak \u00f6nemlidir.<\/p>\n<p style=\"text-align: center;\">7. Scooter&#8217;\u0131 nerede s\u00fcrebilece\u011fime dair k\u0131s\u0131tlamalar var m\u0131?<br \/>\nKiralanan scooter&#8217;\u0131 nerede s\u00fcrebilece\u011finize ili\u015fkin s\u0131n\u0131rlamalar\u0131 anlaman\u0131z \u00f6nemlidir. Baz\u0131 kira s\u00f6zle\u015fmeleri belirli alanlarda veya belirli yol t\u00fcrlerinde s\u00fcr\u00fc\u015f\u00fc k\u0131s\u0131tlayabilir.<\/p>\n<p style=\"text-align: center;\">8. Belirli bir kilometreyi a\u015f\u0131nca ek \u00fccretler var m\u0131?<br \/>\nBir\u00e7ok scooter kiralama \u015firketinin kilometre s\u0131n\u0131rlar\u0131 vard\u0131r ve ayr\u0131lan mesafenin a\u015f\u0131lmas\u0131 durumunda ek \u00fccret talep edebilir. Bu \u015fartlar\u0131 anlamak beklenmedik masraflardan ka\u00e7\u0131nman\u0131za yard\u0131mc\u0131 olabilir.<\/p>\n<p style=\"text-align: center;\">9. Mekanik sorun veya ar\u0131za durumunda ne olur?<br \/>\nKiralama s\u00fcresi boyunca mekanik sorunlar veya ar\u0131zalar ya\u015fanmas\u0131 durumunda, kiralama \u015firketiyle ileti\u015fime ge\u00e7erek yard\u0131m veya yedek ara\u00e7 alma prosed\u00fcrlerini bilmek hayati \u00f6nem ta\u015f\u0131r.<\/p>\n<p style=\"text-align: center;\">10. Scooter kiralamalar\u0131nda kabul edilen \u00f6deme y\u00f6ntemleri nelerdir?<br \/>\n\u00c7o\u011fu scooter kiralama \u015firketi \u00f6deme i\u00e7in b\u00fct\u00fcn kredi kartlar\u0131n\u0131 kabul etmektedir ve baz\u0131lar\u0131 nakit \u00f6demelere de izin verebilir. Scooter kiralamadan \u00f6nce kabul edilen \u00f6deme y\u00f6ntemlerini netle\u015ftirmek \u00f6nemlidir.<\/p>\n<p style=\"text-align: center;\">Scooter kiralamak, bir var\u0131\u015f noktas\u0131n\u0131 ke\u015ffetmenin rahat ve keyifli bir yolu olabilir, ancak maceraya ba\u015flamadan \u00f6nce kiralama s\u00fcreci, g\u00fcvenlik hususlar\u0131 ve ilgili maliyetler ve politikalar hakk\u0131nda iyi bilgi sahibi olmak \u00e7ok \u00f6nemlidir.<\/p>\n<p style=\"text-align: center;\">Unutmay\u0131n, bu tasla\u011f\u0131 ihtiya\u00e7lar\u0131n\u0131za g\u00f6re \u00f6zelle\u015ftirmekten ve geni\u015fletmekten \u00e7ekinmeyin. Alanya tatilinizle ilgili daha spesifik istekleriniz varsa bize bildirmekten \u00e7ekinmeyin!<\/p>\n<p style=\"text-align: center;\">Alanya&#8217;daki tatiliniz boyunca size unutulmaz an\u0131lar diliyoruz.<\/p>\n<p style=\"text-align: center;\">Not: Daha fazla bilgi i\u00e7in Whats App&#8217;tan arayarak veya mesaj atarak da ileti\u015fime ge\u00e7ebilirsiniz.<\/p>\n<p style=\"text-align: center;\">Holiday Excursion Ekibi,<\/p>\n<p><iframe loading=\"lazy\" title=\"Mopeds and motor scooters: Know the rules before getting on road\" width=\"1020\" height=\"574\" src=\"https:\/\/www.youtube.com\/embed\/fcGHEQy9z3Q?feature=oembed\" frameborder=\"0\" allow=\"accelerometer; autoplay; clipboard-write; encrypted-media; gyroscope; picture-in-picture; web-share\" allowfullscreen><\/iframe><\/p>\n<p><iframe loading=\"lazy\" title=\"How to ride a scooter - tips, tricks, and more\" width=\"1020\" height=\"574\" src=\"https:\/\/www.youtube.com\/embed\/hf1VzN6z1NY?feature=oembed\" frameborder=\"0\" allow=\"accelerometer; autoplay; clipboard-write; encrypted-media; gyroscope; picture-in-picture; web-share\" allowfullscreen><\/iframe><\/p>\n<p><iframe loading=\"lazy\" title=\"Everything You Need to Know to Ride a Scooter\" width=\"1020\" height=\"574\" src=\"https:\/\/www.youtube.com\/embed\/rzvmzKmOaLE?feature=oembed\" frameborder=\"0\" allow=\"accelerometer; autoplay; clipboard-write; encrypted-media; gyroscope; picture-in-picture; web-share\" allowfullscreen><\/iframe><\/p>\n","protected":false},"excerpt":{"rendered":"<p>KiRALIK YAMAHA SCOOTER 50 cc 1-7 G\u00fcn fiyat\u0131: 20 \u20ac 7-14 G\u00fcn fiyat\u0131: 15 \u20ac 50 cc Scooter\u0131m\u0131z\u0131n g\u00fcnl\u00fck 100 km kullan\u0131m s\u0131n\u0131r\u0131 vard\u0131r. Fazla kullan\u0131lan her km i\u00e7in 0,25 euro \u00fccret al\u0131nacakt\u0131r. Alanya&#8217;y\u0131 Gezerek Ke\u015ffetmek: Scooter Kiralaman\u0131n Avantajlar\u0131 1. \u00d6zg\u00fcrl\u00fck ve Esneklik: &#8211; Bir scooter kiralad\u0131\u011f\u0131n\u0131zda, kendi g\u00fczergah\u0131n\u0131z\u0131 olu\u015fturma ve var\u0131\u015f noktan\u0131z\u0131 kendi h\u0131z\u0131n\u0131zda<\/p>\n","protected":false},"featured_media":6913,"comment_status":"open","ping_status":"closed","template":"","meta":[],"product_brand":[],"product_cat":[102],"product_tag":[],"class_list":{"0":"post-26088","1":"product","2":"type-product","3":"status-publish","4":"has-post-thumbnail","6":"product_cat-rent-a-car-tr","8":"first","9":"instock","10":"featured","11":"virtual","12":"sold-individually","13":"purchasable","14":"product-type-booking"},"_links":{"self":[{"href":"https:\/\/holidayexcursion.com\/tr\/wp-json\/wp\/v2\/product\/26088","targetHints":{"allow":["GET"]}}],"collection":[{"href":"https:\/\/holidayexcursion.com\/tr\/wp-json\/wp\/v2\/product"}],"about":[{"href":"https:\/\/holidayexcursion.com\/tr\/wp-json\/wp\/v2\/types\/product"}],"replies":[{"embeddable":true,"href":"https:\/\/holidayexcursion.com\/tr\/wp-json\/wp\/v2\/comments?post=26088"}],"wp:featuredmedia":[{"embeddable":true,"href":"https:\/\/holidayexcursion.com\/tr\/wp-json\/wp\/v2\/media\/6913"}],"wp:attachment":[{"href":"https:\/\/holidayexcursion.com\/tr\/wp-json\/wp\/v2\/media?parent=26088"}],"wp:term":[{"taxonomy":"product_brand","embeddable":true,"href":"https:\/\/holidayexcursion.com\/tr\/wp-json\/wp\/v2\/product_brand?post=26088"},{"taxonomy":"product_cat","embeddable":true,"href":"https:\/\/holidayexcursion.com\/tr\/wp-json\/wp\/v2\/product_cat?post=26088"},{"taxonomy":"product_tag","embeddable":true,"href":"https:\/\/holidayexcursion.com\/tr\/wp-json\/wp\/v2\/product_tag?post=26088"}],"curies":[{"name":"wp","href":"https:\/\/api.w.org\/{rel}","templated":true}]}}