{"id":29782,"date":"2023-12-07T00:33:33","date_gmt":"2023-12-06T21:33:35","guid":{"rendered":"https:\/\/holidayexcursion.com\/?post_type=product&#038;p=29782"},"modified":"2025-09-14T03:20:28","modified_gmt":"2025-09-14T00:20:28","slug":"flyboarding","status":"publish","type":"product","link":"https:\/\/holidayexcursion.com\/tr\/tours-in-alanya\/watersports-tr\/flyboarding\/","title":{"rendered":"FLYBOARD\u0130NG"},"content":{"rendered":"<h2 style=\"text-align: center;\">FLYBOARD\u0130NG<\/h2>\n<p style=\"text-align: center;\">May\u0131s-Ekim Aylar\u0131 Aras\u0131 Sat\u0131\u015f B\u00f6lgesi: <a href=\"https:\/\/en.wikipedia.org\/wiki\/Alanya\" rel=\"nofollow noopener\" target=\"_blank\">Alanya,<\/a> <a href=\"https:\/\/en.wikipedia.org\/wiki\/Antalya\" rel=\"nofollow noopener\" target=\"_blank\">Side,Antalya<\/a>,Kemer<\/p>\n<p style=\"text-align: center;\">Alanya&#8217;da Su Sporlar\u0131n\u0131n Heyecan\u0131n\u0131 Ke\u015ffetmek: Macera Arayanlar \u0130\u00e7in Bir Cennet<\/p>\n<p style=\"text-align: center;\">Flyboard, u\u00e7man\u0131n heyecan\u0131n\u0131 su maceras\u0131n\u0131n heyecan\u0131yla birle\u015ftiren, d\u00fcnyay\u0131 kas\u0131p kavuran heyecan verici bir su sporudur. Bu yenilik\u00e7i aktivite, kat\u0131l\u0131mc\u0131lar\u0131n g\u00fc\u00e7l\u00fc su jetleri ile hareket ettirilen s\u00fcper kahramanlar gibi suyun \u00fczerinde u\u00e7malar\u0131na olanak tan\u0131r. Yeni bir heyecan arayan adrenalin ba\u011f\u0131ml\u0131lar\u0131ndan benzersiz bir deneyim arayan macerac\u0131 bireylere kadar, Flyboard di\u011fer su sporlar\u0131ndan farkl\u0131 olarak unutulmaz ve hayranl\u0131k uyand\u0131ran bir heyecan sunuyor.<\/p>\n<p style=\"text-align: center;\"><img loading=\"lazy\" decoding=\"async\" class=\"alignnone size-medium wp-image-29786\" src=\"https:\/\/holidayexcursion.com\/wp-content\/uploads\/2023\/12\/Alanya-Flyboard-holiday-excursion-300x200.jpg\" alt=\"\" width=\"300\" height=\"200\" title=\"\" srcset=\"https:\/\/holidayexcursion.com\/wp-content\/uploads\/2023\/12\/Alanya-Flyboard-holiday-excursion-300x200.jpg 300w, https:\/\/holidayexcursion.com\/wp-content\/uploads\/2023\/12\/Alanya-Flyboard-holiday-excursion-1024x681.jpg 1024w, https:\/\/holidayexcursion.com\/wp-content\/uploads\/2023\/12\/Alanya-Flyboard-holiday-excursion-768x511.jpg 768w, https:\/\/holidayexcursion.com\/wp-content\/uploads\/2023\/12\/Alanya-Flyboard-holiday-excursion-1536x1021.jpg 1536w, https:\/\/holidayexcursion.com\/wp-content\/uploads\/2023\/12\/Alanya-Flyboard-holiday-excursion-600x399.jpg 600w, https:\/\/holidayexcursion.com\/wp-content\/uploads\/2023\/12\/Alanya-Flyboard-holiday-excursion.jpg 1624w\" sizes=\"auto, (max-width: 300px) 100vw, 300px\" \/><\/p>\n<p style=\"text-align: center;\">Flyboard&#8217;un kendisi, uzun bir hortumla jet ski gibi ki\u015fisel bir deniz ta\u015f\u0131t\u0131na ba\u011flanan ve Flyboard&#8217;un iti\u015f g\u00fcc\u00fcn\u00fc sa\u011flayan, aya\u011fa monteli bir board&#8217;dan olu\u015fur. Su, hortumdan flyboard&#8217;a do\u011fru itilirken, s\u00fcr\u00fcc\u00fc havaya do\u011fru itilir ve su y\u00fczeyinden 49 fit (15 metre) y\u00fcksekli\u011fe ula\u015f\u0131r. S\u00fcr\u00fcc\u00fc su \u00fczerinde havada as\u0131l\u0131 kal\u0131rken, dalarken ve akrobatik manevralar ger\u00e7ekle\u015ftirirken hissetti\u011fi a\u011f\u0131rl\u0131ks\u0131zl\u0131k ve \u00f6zg\u00fcrl\u00fck hissi, sansasyonel olmaktan ba\u015fka bir \u015fey de\u011fildir.<\/p>\n<p style=\"text-align: center;\"><img loading=\"lazy\" decoding=\"async\" class=\"alignnone size-medium wp-image-29804\" src=\"https:\/\/holidayexcursion.com\/wp-content\/uploads\/2023\/12\/Flyboard-holidayexcursion-300x225.jpg\" alt=\"\" width=\"300\" height=\"225\" title=\"\" srcset=\"https:\/\/holidayexcursion.com\/wp-content\/uploads\/2023\/12\/Flyboard-holidayexcursion-300x225.jpg 300w, https:\/\/holidayexcursion.com\/wp-content\/uploads\/2023\/12\/Flyboard-holidayexcursion-768x576.jpg 768w, https:\/\/holidayexcursion.com\/wp-content\/uploads\/2023\/12\/Flyboard-holidayexcursion-600x450.jpg 600w, https:\/\/holidayexcursion.com\/wp-content\/uploads\/2023\/12\/Flyboard-holidayexcursion.jpg 800w\" sizes=\"auto, (max-width: 300px) 100vw, 300px\" \/><\/p>\n<p style=\"text-align: center;\">Flyboard un en b\u00fcy\u00fcleyici y\u00f6nlerinden biri, farkl\u0131 beceri seviyelerindeki ki\u015filere eri\u015filebilir olmas\u0131d\u0131r. Geli\u015fmi\u015f manevralarda ustala\u015fmak pratik ve koordinasyon gerektirebilirken, yeni ba\u015flayanlar nispeten k\u0131sa bir s\u00fcre i\u00e7inde flyboarding&#8217;in temellerini deneyimleyebilir, bu da onu geni\u015f bir kat\u0131l\u0131mc\u0131 yelpazesi i\u00e7in kapsay\u0131c\u0131 ve heyecan verici bir aktivite haline getirir.<\/p>\n<p style=\"text-align: center;\">U\u00e7u\u015f hissini deneyimlemek isteyen s\u0131radan s\u00fcr\u00fcc\u00fclerden profesyonel sporculara ve inan\u0131lmaz akrobasi sergileyen sanat\u00e7\u0131lara kadar, Flyboard su \u00fczerinde dinamik ve g\u00f6rsel olarak b\u00fcy\u00fcleyici bir g\u00f6steri sunuyor. Y\u00fczey \u00fczerinde d\u00f6n\u00fc\u015fler, ve dal\u0131\u015flar ger\u00e7ekle\u015ftirme yetene\u011fi, ister k\u0131y\u0131 \u015feridinden g\u00f6zlemlenmi\u015f, ister ilk elden deneyimlenmi\u015f olsun, deneyime b\u00fcy\u00fcleyici bir unsur kat\u0131yor.<\/p>\n<p style=\"text-align: center;\"><img loading=\"lazy\" decoding=\"async\" class=\"alignnone size-medium wp-image-29816\" src=\"https:\/\/holidayexcursion.com\/wp-content\/uploads\/2023\/12\/flyboard_alanya-300x200.jpg\" alt=\"\" width=\"300\" height=\"200\" title=\"\" srcset=\"https:\/\/holidayexcursion.com\/wp-content\/uploads\/2023\/12\/flyboard_alanya-300x200.jpg 300w, https:\/\/holidayexcursion.com\/wp-content\/uploads\/2023\/12\/flyboard_alanya-768x511.jpg 768w, https:\/\/holidayexcursion.com\/wp-content\/uploads\/2023\/12\/flyboard_alanya-600x400.jpg 600w, https:\/\/holidayexcursion.com\/wp-content\/uploads\/2023\/12\/flyboard_alanya.jpg 1000w\" sizes=\"auto, (max-width: 300px) 100vw, 300px\" \/><\/p>\n<p style=\"text-align: center;\">Flyboarding&#8217;in y\u00fckseli\u015fi ayn\u0131 zamanda flyboard binicilerinin inan\u0131lmaz becerilerini ve yarat\u0131c\u0131l\u0131\u011f\u0131n\u0131 sergileyen yar\u0131\u015fmalar\u0131n ve sergilerin de geli\u015fmesine yol a\u00e7t\u0131. Bu etkinliklerde genellikle dudak u\u00e7uklatan hava g\u00f6sterileri, koreografili rutinler ve serbest stil yar\u0131\u015fmalar\u0131 yer al\u0131r ve Flyboard u g\u00f6rsel olarak b\u00fcy\u00fcleyici ve adrenalin pompalayan bir su sporu olarak daha da y\u00fckseltir.<\/p>\n<p style=\"text-align: center;\">Son y\u0131llarda Flyboard teknolojisindeki geli\u015fmeler, geli\u015fmi\u015f g\u00fcvenlik \u00f6zelliklerinin ve geli\u015ftirilmi\u015f performans \u00f6zelliklerinin sunulmas\u0131na yol a\u00e7m\u0131\u015ft\u0131r. Kat\u0131l\u0131mc\u0131lar\u0131n g\u00fcvenli ve denetimli bir ortamda u\u00e7man\u0131n heyecan\u0131n\u0131 ya\u015fayabilmelerini sa\u011flamak i\u00e7in \u00f6zel e\u011fitim programlar\u0131 ve g\u00fcvenlik kurallar\u0131 mevcuttur.<\/p>\n<p style=\"text-align: center;\"><img loading=\"lazy\" decoding=\"async\" class=\"alignnone size-medium wp-image-29798\" src=\"https:\/\/holidayexcursion.com\/wp-content\/uploads\/2023\/12\/fly-board-alanya-holiday-excursion-300x157.jpg\" alt=\"\" width=\"300\" height=\"157\" title=\"\" srcset=\"https:\/\/holidayexcursion.com\/wp-content\/uploads\/2023\/12\/fly-board-alanya-holiday-excursion-300x157.jpg 300w, https:\/\/holidayexcursion.com\/wp-content\/uploads\/2023\/12\/fly-board-alanya-holiday-excursion-768x401.jpg 768w, https:\/\/holidayexcursion.com\/wp-content\/uploads\/2023\/12\/fly-board-alanya-holiday-excursion-600x313.jpg 600w, https:\/\/holidayexcursion.com\/wp-content\/uploads\/2023\/12\/fly-board-alanya-holiday-excursion.jpg 900w\" sizes=\"auto, (max-width: 300px) 100vw, 300px\" \/><\/p>\n<p style=\"text-align: center;\">Her su sporunda oldu\u011fu gibi, konu flyboarding oldu\u011funda g\u00fcvenlik \u00e7ok \u00f6nemlidir. Kat\u0131l\u0131mc\u0131lar\u0131n can yele\u011fi (PFD&#8217;ler) giymeleri ve sertifikal\u0131 e\u011fitmenler taraf\u0131ndan olu\u015fturulan g\u00fcvenlik protokollerini takip etmeleri gerekmektedir. Ek olarak, g\u00fcvenli ve keyifli bir u\u00e7u\u015f deneyimi sa\u011flamak i\u00e7in kapsaml\u0131 e\u011fitim ve uygun tekniklerin g\u00f6sterilmesi \u00e7ok \u00f6nemlidir.<\/p>\n<p style=\"text-align: center;\">Flyboard un artan pop\u00fclaritesi ayn\u0131 zamanda deneyimlerini, uzmanl\u0131klar\u0131n\u0131 ve suyun \u00fczerinde u\u00e7man\u0131n hayranl\u0131k uyand\u0131ran hissine kar\u015f\u0131 kar\u015f\u0131l\u0131kl\u0131 sevgiyi payla\u015fan tutkulu biniciler ve merakl\u0131lardan olu\u015fan bir toplulu\u011fun ortaya \u00e7\u0131kmas\u0131na da yol a\u00e7t\u0131. \u00c7evrimi\u00e7i topluluklar, sosyal medya gruplar\u0131 ve yerel flyboard kul\u00fcpleri, merakl\u0131lar\u0131n ba\u011flant\u0131 kurmas\u0131, ipu\u00e7lar\u0131n\u0131 payla\u015fmas\u0131 ve bulu\u015fmalar organize etmesi i\u00e7in platformlar sa\u011flayarak d\u00fcnya \u00e7ap\u0131ndaki s\u00fcr\u00fcc\u00fcler i\u00e7in flyboard deneyimini daha da zenginle\u015ftiriyor.<\/p>\n<p style=\"text-align: center;\"><img loading=\"lazy\" decoding=\"async\" class=\"alignnone size-medium wp-image-29792\" src=\"https:\/\/holidayexcursion.com\/wp-content\/uploads\/2023\/12\/Flyboard-holiday-excursion-300x214.jpg\" alt=\"\" width=\"300\" height=\"214\" title=\"\" srcset=\"https:\/\/holidayexcursion.com\/wp-content\/uploads\/2023\/12\/Flyboard-holiday-excursion-300x214.jpg 300w, https:\/\/holidayexcursion.com\/wp-content\/uploads\/2023\/12\/Flyboard-holiday-excursion-768x549.jpg 768w, https:\/\/holidayexcursion.com\/wp-content\/uploads\/2023\/12\/Flyboard-holiday-excursion-600x429.jpg 600w, https:\/\/holidayexcursion.com\/wp-content\/uploads\/2023\/12\/Flyboard-holiday-excursion.jpg 840w\" sizes=\"auto, (max-width: 300px) 100vw, 300px\" \/><\/p>\n<p style=\"text-align: center;\">Topluluk i\u00e7inde \u00e7evre bilinci ve sorumlu flyboarding uygulamalar\u0131 da vurgulanmakta, kat\u0131l\u0131mc\u0131lar deniz ya\u015fam\u0131na sayg\u0131 duymaya, d\u00fczenlemelere uymaya ve u\u00e7tuklar\u0131 do\u011fal \u00e7evre \u00fczerinde minimum etkiyi sa\u011flamaya te\u015fvik edilmektedir. S\u00fcrd\u00fcr\u00fclebilir ve \u00f6zenli u\u00e7u\u015f uygulamalar\u0131n\u0131 te\u015fvik ederek merakl\u0131lar, bu heyecan verici <a href=\"https:\/\/holidayexcursion.com\/tours-in-alanya\/tours\/water-sports\/\">su sporuna<\/a> kat\u0131ld\u0131klar\u0131 do\u011fal ortamlar\u0131n g\u00fczelli\u011fini korumay\u0131 ama\u00e7l\u0131yor.<\/p>\n<p style=\"text-align: center;\">Flyboard, u\u00e7u\u015f ve su heyecan\u0131n\u0131n benzersiz kar\u0131\u015f\u0131m\u0131yla heyecan arayanlar\u0131, su sporlar\u0131 tutkunlar\u0131n\u0131 ve merakl\u0131 macerac\u0131lar\u0131 b\u00fcy\u00fclemeye devam ediyor. Teknoloji geli\u015ftik\u00e7e ve s\u00fcr\u00fcc\u00fc toplulu\u011fu geni\u015fledik\u00e7e, flyboard ilgi \u00e7ekici ve unutulmaz bir aktivite olmaya devam edecek, yer \u00e7ekimine meydan okuyan ve insan\u0131n su \u00fczerinde u\u00e7mas\u0131n\u0131n g\u00fczelli\u011fini ve heyecan\u0131n\u0131 sergileyen heyecan verici bir deneyim sunacak.<\/p>\n<p style=\"text-align: center;\"><img loading=\"lazy\" decoding=\"async\" class=\"alignnone size-medium wp-image-29828\" src=\"https:\/\/holidayexcursion.com\/wp-content\/uploads\/2023\/12\/flyboard-Alanya-holiday-excursion-300x236.jpg\" alt=\"\" width=\"300\" height=\"236\" title=\"\" srcset=\"https:\/\/holidayexcursion.com\/wp-content\/uploads\/2023\/12\/flyboard-Alanya-holiday-excursion-300x236.jpg 300w, https:\/\/holidayexcursion.com\/wp-content\/uploads\/2023\/12\/flyboard-Alanya-holiday-excursion.jpg 600w\" sizes=\"auto, (max-width: 300px) 100vw, 300px\" \/><\/p>\n<p style=\"text-align: center;\">\u00d6mr\u00fcn\u00fcz boyunca kahkahalarla hat\u0131rlanacak, silinmez jet ski parasailing i\u00e7in kendi grubunuzu olu\u015fturuyorsunuz. Size Akdeniz&#8217;in en iyi su sporlar\u0131 e\u011flencesini organize etmenin s\u00f6z\u00fcn\u00fc veriyoruz. Tatil yerlerinize vard\u0131\u011f\u0131n\u0131zda, tatiliniz ve grubunuza uygun su sporlar\u0131 g\u00fcn ve saatini siz belirlersiniz. Faaliyetlerimiz i\u00e7in sizi konaklama yerinizden al\u0131yoruz. Transfer \u00fccreti 10\u20ac.<\/p>\n<p style=\"text-align: center;\">Jetski: 60 \u20ac (15 min.)<\/p>\n<p style=\"text-align: center;\">Parasailing: 1 person 60 \u20ac, 2 person 70 \u20ac, 3 person 100 \u20ac (max 200 kilo)<\/p>\n<p style=\"text-align: center;\">(5 km. yakla\u015f\u0131k 10-15 dk.)<\/p>\n<p style=\"text-align: center;\">Banana: 20 \u20ac (5 km.)<\/p>\n<p style=\"text-align: center;\">Flyboard 150 \u20ac<\/p>\n<p style=\"text-align: center;\"> Sezon d\u00f6nemlerine g\u00f6re fiyat farkl\u0131l\u0131klar\u0131 olacakt\u0131r kesin bilgi i\u00e7in l\u00fctfen whatsapp&#8217;tan ileti\u015fime ge\u00e7iniz.<\/p>\n<p style=\"text-align: center;\">Alanya&#8217;daki tatiliniz boyunca size unutulmaz an\u0131lar diliyoruz.<\/p>\n<p style=\"text-align: center;\">Not: Daha fazla bilgi i\u00e7in Whats App&#8217;tan arayarak veya mesaj atarak da ileti\u015fime ge\u00e7ebilirsiniz.<\/p>\n<p style=\"text-align: center;\">Holiday Excursion Ekibi,<\/p>\n<p><iframe loading=\"lazy\" title=\"jet ski - crazy water sports\" width=\"1020\" height=\"574\" src=\"https:\/\/www.youtube.com\/embed\/jjlsKJqbiAg?feature=oembed\" frameborder=\"0\" allow=\"accelerometer; autoplay; clipboard-write; encrypted-media; gyroscope; picture-in-picture; web-share\" allowfullscreen><\/iframe><\/p>\n<p><iframe loading=\"lazy\" title=\"Alanya Flyboard\" width=\"1020\" height=\"765\" src=\"https:\/\/www.youtube.com\/embed\/bW3sjsdwWXY?feature=oembed\" frameborder=\"0\" allow=\"accelerometer; autoplay; clipboard-write; encrypted-media; gyroscope; picture-in-picture; web-share\" allowfullscreen><\/iframe><\/p>\n<p style=\"text-align: center;\"><a href=\"https:\/\/www.youtube.com\/watch?v=NmdTLu1fV0g\" rel=\"nofollow noopener\" target=\"_blank\"><span style=\"vertical-align: inherit;\"><span style=\"vertical-align: inherit;\">https:\/\/www.youtube.com\/watch?v=NmdTLu1fV0g<\/span><\/span><\/a><\/p>\n<p><iframe loading=\"lazy\" title=\"THE GIRLS vs. BIG MABLE\" width=\"1020\" height=\"765\" src=\"https:\/\/www.youtube.com\/embed\/0GdXmlkqdUI?feature=oembed\" frameborder=\"0\" allow=\"accelerometer; autoplay; clipboard-write; encrypted-media; gyroscope; picture-in-picture; web-share\" allowfullscreen><\/iframe><\/p>\n<p style=\"text-align: center;\">\n","protected":false},"excerpt":{"rendered":"<p>FLYBOARD\u0130NG May\u0131s-Ekim Aylar\u0131 Aras\u0131 Sat\u0131\u015f B\u00f6lgesi: Alanya, Side,Antalya,Kemer Alanya&#8217;da Su Sporlar\u0131n\u0131n Heyecan\u0131n\u0131 Ke\u015ffetmek: Macera Arayanlar \u0130\u00e7in Bir Cennet Flyboard, u\u00e7man\u0131n heyecan\u0131n\u0131 su maceras\u0131n\u0131n heyecan\u0131yla birle\u015ftiren, d\u00fcnyay\u0131 kas\u0131p kavuran heyecan verici bir su sporudur. Bu yenilik\u00e7i aktivite, kat\u0131l\u0131mc\u0131lar\u0131n g\u00fc\u00e7l\u00fc su jetleri ile hareket ettirilen s\u00fcper kahramanlar gibi suyun \u00fczerinde u\u00e7malar\u0131na olanak tan\u0131r. Yeni bir heyecan arayan<\/p>\n","protected":false},"featured_media":29791,"comment_status":"open","ping_status":"closed","template":"","meta":[],"product_brand":[],"product_cat":[232],"product_tag":[],"class_list":{"0":"post-29782","1":"product","2":"type-product","3":"status-publish","4":"has-post-thumbnail","6":"product_cat-watersports-tr","8":"first","9":"instock","10":"featured","11":"virtual","12":"sold-individually","13":"purchasable","14":"product-type-booking"},"_links":{"self":[{"href":"https:\/\/holidayexcursion.com\/tr\/wp-json\/wp\/v2\/product\/29782","targetHints":{"allow":["GET"]}}],"collection":[{"href":"https:\/\/holidayexcursion.com\/tr\/wp-json\/wp\/v2\/product"}],"about":[{"href":"https:\/\/holidayexcursion.com\/tr\/wp-json\/wp\/v2\/types\/product"}],"replies":[{"embeddable":true,"href":"https:\/\/holidayexcursion.com\/tr\/wp-json\/wp\/v2\/comments?post=29782"}],"wp:featuredmedia":[{"embeddable":true,"href":"https:\/\/holidayexcursion.com\/tr\/wp-json\/wp\/v2\/media\/29791"}],"wp:attachment":[{"href":"https:\/\/holidayexcursion.com\/tr\/wp-json\/wp\/v2\/media?parent=29782"}],"wp:term":[{"taxonomy":"product_brand","embeddable":true,"href":"https:\/\/holidayexcursion.com\/tr\/wp-json\/wp\/v2\/product_brand?post=29782"},{"taxonomy":"product_cat","embeddable":true,"href":"https:\/\/holidayexcursion.com\/tr\/wp-json\/wp\/v2\/product_cat?post=29782"},{"taxonomy":"product_tag","embeddable":true,"href":"https:\/\/holidayexcursion.com\/tr\/wp-json\/wp\/v2\/product_tag?post=29782"}],"curies":[{"name":"wp","href":"https:\/\/api.w.org\/{rel}","templated":true}]}}