{"id":29842,"date":"2023-12-07T01:16:37","date_gmt":"2023-12-06T22:16:38","guid":{"rendered":"https:\/\/holidayexcursion.com\/?post_type=product&#038;p=29842"},"modified":"2023-12-07T17:42:06","modified_gmt":"2023-12-07T14:42:06","slug":"jetski","status":"publish","type":"product","link":"https:\/\/holidayexcursion.com\/tr\/tours-in-alanya\/watersports-tr\/jetski\/","title":{"rendered":"JETSK\u0130"},"content":{"rendered":"<h2 style=\"text-align: center;\">JETSK\u0130<\/h2>\n<p style=\"text-align: center;\">May\u0131s-Ekim Aylar\u0131 Aras\u0131 Sat\u0131\u015f B\u00f6lgesi: <a href=\"https:\/\/en.wikipedia.org\/wiki\/Alanya\" rel=\"nofollow noopener\" target=\"_blank\">Alanya,<\/a> <a href=\"https:\/\/en.wikipedia.org\/wiki\/Antalya\" rel=\"nofollow noopener\" target=\"_blank\">Side,Antalya<\/a>,Kemer<\/p>\n<p style=\"text-align: center;\">Alanya&#8217;da Su Sporlar\u0131n\u0131n Heyecan\u0131n\u0131 Ke\u015ffetmek: Macera Arayanlar \u0130\u00e7in Bir Cennet<\/p>\n<p style=\"text-align: center;\">Ki\u015fisel deniz ta\u015f\u0131tlar\u0131 (PWC) olarak da bilinen Jetski, y\u00fcksek oktanl\u0131 heyecanlar ve su maceralar\u0131 arayan su tutkunlar\u0131 i\u00e7in giderek daha pop\u00fcler hale geldi. Bu \u015f\u0131k ve g\u00fc\u00e7l\u00fc deniz ta\u015f\u0131tlar\u0131, a\u00e7\u0131k denizde heyecan verici bir deneyim sunarak onlar\u0131 her ya\u015ftan s\u00fcr\u00fcc\u00fcn\u00fcn favori tercihi haline getiriyor. Dalgalar\u0131n \u00fczerinden h\u0131zla ge\u00e7mekten etkileyici manevralar ger\u00e7ekle\u015ftirmeye kadar jetski, su \u00fczerinde heyecan ve \u00f6zg\u00fcrl\u00fc\u011f\u00fcn simgesi haline geldi.<\/p>\n<p style=\"text-align: center;\"><img loading=\"lazy\" decoding=\"async\" class=\"alignnone size-medium wp-image-29882\" src=\"https:\/\/holidayexcursion.com\/wp-content\/uploads\/2023\/12\/jet-ski-holiday-excursion-1-300x300.jpg\" alt=\"\" width=\"300\" height=\"300\" title=\"\" srcset=\"https:\/\/holidayexcursion.com\/wp-content\/uploads\/2023\/12\/jet-ski-holiday-excursion-1-300x300.jpg 300w, https:\/\/holidayexcursion.com\/wp-content\/uploads\/2023\/12\/jet-ski-holiday-excursion-1-150x150.jpg 150w, https:\/\/holidayexcursion.com\/wp-content\/uploads\/2023\/12\/jet-ski-holiday-excursion-1-600x600.jpg 600w, https:\/\/holidayexcursion.com\/wp-content\/uploads\/2023\/12\/jet-ski-holiday-excursion-1-100x100.jpg 100w, https:\/\/holidayexcursion.com\/wp-content\/uploads\/2023\/12\/jet-ski-holiday-excursion-1.jpg 750w\" sizes=\"auto, (max-width: 300px) 100vw, 300px\" \/><\/p>\n<p style=\"text-align: center;\">Jetski ler, deniz ta\u015f\u0131tlar\u0131n\u0131 heyecan verici h\u0131zlarda ileri iten ve s\u00fcr\u00fcc\u00fclere benzersiz ve adrenalin pompalayan bir deneyim sunan i\u00e7ten takmal\u0131 bir motorla \u00e7al\u0131\u015f\u0131r. Modele ba\u011fl\u0131 olarak bir ila \u00fc\u00e7 yolcu i\u00e7in tasarlanm\u0131\u015flard\u0131r ve sudaki \u00e7eviklikleri ve manevra kabiliyetleriyle tan\u0131n\u0131rlar. Kompakt boyutlar\u0131 ve \u00e7evik kullan\u0131mlar\u0131yla jetskiler keskin d\u00f6n\u00fc\u015fler, ve s\u0131\u00e7ramalar ger\u00e7ekle\u015ftirerek s\u00fcr\u00fcc\u00fclere heyecan verici ve dinamik bir s\u00fcr\u00fc\u015f sunar.<\/p>\n<p style=\"text-align: center;\"><img loading=\"lazy\" decoding=\"async\" class=\"alignnone size-medium wp-image-29852\" src=\"https:\/\/holidayexcursion.com\/wp-content\/uploads\/2023\/12\/Jet-ski-Alanya-holiday-excursion-300x300.png\" alt=\"\" width=\"300\" height=\"300\" title=\"\" srcset=\"https:\/\/holidayexcursion.com\/wp-content\/uploads\/2023\/12\/Jet-ski-Alanya-holiday-excursion-300x300.png 300w, https:\/\/holidayexcursion.com\/wp-content\/uploads\/2023\/12\/Jet-ski-Alanya-holiday-excursion-150x150.png 150w, https:\/\/holidayexcursion.com\/wp-content\/uploads\/2023\/12\/Jet-ski-Alanya-holiday-excursion-768x768.png 768w, https:\/\/holidayexcursion.com\/wp-content\/uploads\/2023\/12\/Jet-ski-Alanya-holiday-excursion-600x600.png 600w, https:\/\/holidayexcursion.com\/wp-content\/uploads\/2023\/12\/Jet-ski-Alanya-holiday-excursion-100x100.png 100w, https:\/\/holidayexcursion.com\/wp-content\/uploads\/2023\/12\/Jet-ski-Alanya-holiday-excursion.png 1013w\" sizes=\"auto, (max-width: 300px) 100vw, 300px\" \/><\/p>\n<p style=\"text-align: center;\">Jetski&#8217;nin en \u00f6nemli \u00e7ekiciliklerinden biri \u00e7ok y\u00f6nl\u00fcl\u00fc\u011f\u00fcd\u00fcr. S\u00fcr\u00fcc\u00fcler, k\u0131y\u0131 \u015feridinde rahat\u00e7a gezinmekten, y\u00fcksek h\u0131zl\u0131 manevralar yapmaya ve a\u00e7\u0131k suda atlay\u0131\u015flara kadar \u00e7e\u015fitli aktiviteler ger\u00e7ekle\u015ftirebilir. Bu uyarlanabilirlik, jetskileri, ister aile ve arkada\u015flarla keyifli bir yolculuk, ister y\u00fcksek h\u0131zda heyecan arayan tek ba\u015f\u0131na bir macera olsun, farkl\u0131 deneyimler arayan s\u00fcr\u00fcc\u00fcler i\u00e7in ideal bir se\u00e7im haline getirir.<\/p>\n<p style=\"text-align: center;\">G\u00fcvenlik, jetski keyfinin \u00e7ok \u00f6nemli bir y\u00f6n\u00fcd\u00fcr ve s\u00fcr\u00fcc\u00fclerin, su \u00fczerinde g\u00fcvenli ve keyifli bir deneyim sa\u011flamak i\u00e7in ki\u015fisel y\u00fczd\u00fcrme cihazlar\u0131n\u0131 (PFD&#8217;ler) takmalar\u0131 ve g\u00fcvenlik kurallar\u0131na uymalar\u0131 gerekmektedir. Ek olarak, pek \u00e7ok b\u00f6lge de jetski kullan\u0131m\u0131na y\u00f6nelik d\u00fczenlemeler ve ya\u015f s\u0131n\u0131rlamalar\u0131 vard\u0131r ve yeni ki\u015filer i\u00e7in zorunlu g\u00fcvenlik e\u011fitim kurslar\u0131 vard\u0131r.<\/p>\n<p style=\"text-align: center;\"><img loading=\"lazy\" decoding=\"async\" class=\"alignnone size-medium wp-image-29876\" src=\"https:\/\/holidayexcursion.com\/wp-content\/uploads\/2023\/12\/jet_ski_Alanya-watersports-300x198.jpg\" alt=\"\" width=\"300\" height=\"198\" title=\"\" srcset=\"https:\/\/holidayexcursion.com\/wp-content\/uploads\/2023\/12\/jet_ski_Alanya-watersports-300x198.jpg 300w, https:\/\/holidayexcursion.com\/wp-content\/uploads\/2023\/12\/jet_ski_Alanya-watersports.jpg 512w\" sizes=\"auto, (max-width: 300px) 100vw, 300px\" \/><\/p>\n<p style=\"text-align: center;\">Son y\u0131llarda jetski teknolojisindeki geli\u015fmeler, daha verimli ve \u00e7evre dostu modellerin geli\u015ftirilmesine yol a\u00e7m\u0131\u015ft\u0131r. \u00dcreticiler, y\u00fcksek performans yeteneklerini korurken modern jetski&#8217;yi \u00e7evreye daha duyarl\u0131 hale getirerek yak\u0131t verimlili\u011fini art\u0131rmaya ve emisyonlar\u0131 azaltmaya odakland\u0131.<\/p>\n<p style=\"text-align: center;\">Jetski d\u00fcnyas\u0131n\u0131 ke\u015ffetmek isteyen merakl\u0131lar i\u00e7in her biri benzersiz \u00f6zellikler ve performans yetenekleri sunan \u00e7e\u015fitli modeller mevcuttur. Baz\u0131 jetski ler h\u0131z ve \u00e7evikli\u011fi \u00f6n plana \u00e7\u0131kararak yaln\u0131z s\u00fcr\u00fcc\u00fcler i\u00e7in tasarlan\u0131rken, di\u011ferleri konfor ve dengeye odaklanarak birden fazla yolcuyu bar\u0131nd\u0131racak \u015fekilde \u00fcretilmi\u015ftir.<\/p>\n<p style=\"text-align: center;\"><img loading=\"lazy\" decoding=\"async\" class=\"alignnone size-medium wp-image-29870\" src=\"https:\/\/holidayexcursion.com\/wp-content\/uploads\/2023\/12\/Jet-ski-Holiday-excursion-300x111.webp\" alt=\"\" width=\"300\" height=\"111\" title=\"\" srcset=\"https:\/\/holidayexcursion.com\/wp-content\/uploads\/2023\/12\/Jet-ski-Holiday-excursion-300x111.webp 300w, https:\/\/holidayexcursion.com\/wp-content\/uploads\/2023\/12\/Jet-ski-Holiday-excursion-600x221.webp 600w, https:\/\/holidayexcursion.com\/wp-content\/uploads\/2023\/12\/Jet-ski-Holiday-excursion.webp 760w\" sizes=\"auto, (max-width: 300px) 100vw, 300px\" \/><\/p>\n<p style=\"text-align: center;\">Ek olarak, teknoloji jetski deneyiminin geli\u015ftirilmesinde \u00f6nemli bir rol oynam\u0131\u015ft\u0131r. Bir\u00e7ok modern jetski, geli\u015fmi\u015f navigasyon sistemleri, ak\u0131ll\u0131 frenleme ve geri vites mekanizmalar\u0131 ve de\u011fi\u015fen su ko\u015fullar\u0131nda geli\u015fmi\u015f stabilite ve kontrol i\u00e7in yenilik\u00e7i g\u00f6vde tasar\u0131mlar\u0131yla donat\u0131lm\u0131\u015ft\u0131r.<\/p>\n<p style=\"text-align: center;\">Jetski merkezli rekabet ve e\u011flence etkinlikleri pop\u00fclerlik kazanarak hem s\u00fcr\u00fcc\u00fclerin hem de seyircilerin ilgisini \u00e7ekti. Cesur manevralar sergileyen serbest stil yar\u0131\u015fmalar\u0131ndan, s\u00fcr\u00fcc\u00fclerin becerilerini ve dayan\u0131kl\u0131l\u0131\u011f\u0131n\u0131 test eden dayan\u0131kl\u0131l\u0131k yar\u0131\u015flar\u0131na kadar jetski etkinlikleri, su sporlar\u0131 k\u00fclt\u00fcr\u00fcn\u00fcn canl\u0131 ve heyecan verici bir par\u00e7as\u0131 haline geldi.<\/p>\n<p style=\"text-align: center;\"><img loading=\"lazy\" decoding=\"async\" class=\"alignnone size-medium wp-image-29864\" src=\"https:\/\/holidayexcursion.com\/wp-content\/uploads\/2023\/12\/Jet-ski-holiday-excursion-300x225.jpg\" alt=\"\" width=\"300\" height=\"225\" title=\"\" srcset=\"https:\/\/holidayexcursion.com\/wp-content\/uploads\/2023\/12\/Jet-ski-holiday-excursion-300x225.jpg 300w, https:\/\/holidayexcursion.com\/wp-content\/uploads\/2023\/12\/Jet-ski-holiday-excursion-768x576.jpg 768w, https:\/\/holidayexcursion.com\/wp-content\/uploads\/2023\/12\/Jet-ski-holiday-excursion-600x450.jpg 600w, https:\/\/holidayexcursion.com\/wp-content\/uploads\/2023\/12\/Jet-ski-holiday-excursion.jpg 1024w\" sizes=\"auto, (max-width: 300px) 100vw, 300px\" \/><\/p>\n<p style=\"text-align: center;\">Jetski lerin artan pop\u00fclaritesi ayn\u0131 zamanda deneyimlerini, uzmanl\u0131klar\u0131n\u0131 ve dalgalarda s\u00fcr\u00fc\u015f heyecan\u0131na duyduklar\u0131 ortak sevgiyi payla\u015fan tutkulu biniciler ve merakl\u0131lardan olu\u015fan bir toplulu\u011fu da besledi. \u00c7evrimi\u00e7i forumlar, sosyal medya gruplar\u0131 ve yerel kul\u00fcpler, jetski tutkunlar\u0131n\u0131n ba\u011flant\u0131 kurmas\u0131, ipu\u00e7lar\u0131n\u0131 payla\u015fmas\u0131 ve grup gezileri organize etmesi i\u00e7in platformlar sa\u011flayarak d\u00fcnya \u00e7ap\u0131ndaki s\u00fcr\u00fcc\u00fcler i\u00e7in jetski deneyimini daha da zenginle\u015ftiriyor.<\/p>\n<p style=\"text-align: center;\">Jetski adrenalin y\u00fckl\u00fc bir deneyim sunarken, s\u00fcr\u00fcc\u00fclerin ayn\u0131 zamanda \u00e7evre ve di\u011fer su kullan\u0131c\u0131lar\u0131 \u00fczerindeki etkilerine de dikkat etmeleri gerekiyor. Deniz ya\u015fam\u0131na sayg\u0131 g\u00f6stermek, y\u00fcz\u00fcc\u00fclerden ve yabani hayvanlardan g\u00fcvenli bir mesafeyi korumak ve yerel d\u00fczenlemelere uymak, jetski tutkunlar\u0131n\u0131n sorumlu ve s\u00fcrd\u00fcr\u00fclebilir bir \u015fekilde keyif alabilmelerine yard\u0131mc\u0131 olur.<\/p>\n<p style=\"text-align: center;\"><img loading=\"lazy\" decoding=\"async\" class=\"alignnone size-medium wp-image-29846\" src=\"https:\/\/holidayexcursion.com\/wp-content\/uploads\/2023\/12\/jestski-alanya-300x169.jpg\" alt=\"\" width=\"300\" height=\"169\" title=\"\" srcset=\"https:\/\/holidayexcursion.com\/wp-content\/uploads\/2023\/12\/jestski-alanya-300x169.jpg 300w, https:\/\/holidayexcursion.com\/wp-content\/uploads\/2023\/12\/jestski-alanya-1024x576.jpg 1024w, https:\/\/holidayexcursion.com\/wp-content\/uploads\/2023\/12\/jestski-alanya-768x432.jpg 768w, https:\/\/holidayexcursion.com\/wp-content\/uploads\/2023\/12\/jestski-alanya-600x338.jpg 600w, https:\/\/holidayexcursion.com\/wp-content\/uploads\/2023\/12\/jestski-alanya.jpg 1280w\" sizes=\"auto, (max-width: 300px) 100vw, 300px\" \/><\/p>\n<p style=\"text-align: center;\">T\u00fcm y\u00fcksek performansl\u0131 deniz ta\u015f\u0131tlar\u0131nda oldu\u011fu gibi, jetski nin uzun \u00f6m\u00fcrl\u00fcl\u00fc\u011f\u00fcn\u00fc ve g\u00fcvenli\u011fini sa\u011flamak i\u00e7in uygun bak\u0131m ve bak\u0131m \u015fartt\u0131r. D\u00fczenli denetimler, motor bak\u0131m\u0131 ve \u00e7al\u0131\u015ft\u0131rma ve saklama konusunda \u00fcreticinin y\u00f6nergelerine ba\u011fl\u0131l\u0131k, bu dinamik deniz ta\u015f\u0131tlar\u0131n\u0131n performans\u0131n\u0131 ve g\u00fcvenilirli\u011fini korumak a\u00e7\u0131s\u0131ndan \u00e7ok \u00f6nemlidir.<\/p>\n<p style=\"text-align: center;\">jetski ler su \u00fczerindeki y\u00fcksek h\u0131z heyecan\u0131, \u00e7ok y\u00f6nl\u00fcl\u00fc\u011f\u00fc ve dinamik yetenekleriyle su tutkunlar\u0131n\u0131 b\u00fcy\u00fclemeye devam ediyor. Teknolojideki ilerlemeler, canl\u0131 bir s\u00fcr\u00fcc\u00fc toplulu\u011fu ve farkl\u0131 deneyimler sunan giderek artan model yelpazesiyle jetski ler, su sporlar\u0131 k\u00fclt\u00fcr\u00fcn\u00fcn heyecan verici ve dinamik bir temel ta\u015f\u0131 haline geldi.. \u0130ster dalgalar\u0131n \u00fczerinden h\u0131zla ge\u00e7erken ister k\u0131y\u0131 sular\u0131n\u0131 yava\u015f\u00e7a ke\u015ffederken olsun, jetski ler a\u00e7\u0131k denizde macera arayan s\u00fcr\u00fcc\u00fcler i\u00e7in heyecan verici bir deneyim sunuyor.<\/p>\n<p style=\"text-align: center;\"><img loading=\"lazy\" decoding=\"async\" class=\"alignnone size-medium wp-image-29858\" src=\"https:\/\/holidayexcursion.com\/wp-content\/uploads\/2023\/12\/Jet-ski-alanya-holiday-watersports-300x200.webp\" alt=\"\" width=\"300\" height=\"200\" title=\"\" srcset=\"https:\/\/holidayexcursion.com\/wp-content\/uploads\/2023\/12\/Jet-ski-alanya-holiday-watersports-300x200.webp 300w, https:\/\/holidayexcursion.com\/wp-content\/uploads\/2023\/12\/Jet-ski-alanya-holiday-watersports-1024x683.webp 1024w, https:\/\/holidayexcursion.com\/wp-content\/uploads\/2023\/12\/Jet-ski-alanya-holiday-watersports-768x512.webp 768w, https:\/\/holidayexcursion.com\/wp-content\/uploads\/2023\/12\/Jet-ski-alanya-holiday-watersports-1536x1025.webp 1536w, https:\/\/holidayexcursion.com\/wp-content\/uploads\/2023\/12\/Jet-ski-alanya-holiday-watersports-2048x1366.webp 2048w, https:\/\/holidayexcursion.com\/wp-content\/uploads\/2023\/12\/Jet-ski-alanya-holiday-watersports-600x400.webp 600w\" sizes=\"auto, (max-width: 300px) 100vw, 300px\" \/><\/p>\n<p style=\"text-align: center;\">\u00d6mr\u00fcn\u00fcz boyunca kahkahalarla hat\u0131rlanacak, silinmez jetski parasailing i\u00e7in kendi grubunuzu olu\u015fturuyorsunuz. Size Akdeniz&#8217;in en iyi su sporlar\u0131 e\u011flencesini organize etmenin s\u00f6z\u00fcn\u00fc veriyoruz. Tatil yerlerinize vard\u0131\u011f\u0131n\u0131zda, tatiliniz ve grubunuza uygun su sporlar\u0131 g\u00fcn ve saatini siz belirlersiniz. Faaliyetlerimiz i\u00e7in sizi konaklama yerinizden al\u0131yoruz. Transfer \u00fccreti 10\u20ac.<\/p>\n<p style=\"text-align: center;\">Jetski: 60 \u20ac (15 min.)<\/p>\n<p style=\"text-align: center;\">Parasailing: 1 person 60 \u20ac, 2 person 70 \u20ac, 3 person 100 \u20ac (max 200 kilo)<\/p>\n<p style=\"text-align: center;\">(5 km. yakla\u015f\u0131k 10-15 dk.)<\/p>\n<p style=\"text-align: center;\">Banana: 20 \u20ac (5 km.)<\/p>\n<p style=\"text-align: center;\">Flyboard 150 \u20ac<\/p>\n<p style=\"text-align: center;\">Sezon d\u00f6nemlerine g\u00f6re fiyat farkl\u0131l\u0131klar\u0131 olacakt\u0131r kesin bilgi i\u00e7in l\u00fctfen whatsapp&#8217;tan ileti\u015fime ge\u00e7iniz.<\/p>\n<p style=\"text-align: center;\">Alanya&#8217;daki tatiliniz boyunca size unutulmaz an\u0131lar diliyoruz.<\/p>\n<p style=\"text-align: center;\">Not: Daha fazla bilgi i\u00e7in Whats App&#8217;tan arayarak veya mesaj atarak da ileti\u015fime ge\u00e7ebilirsiniz.<\/p>\n<p style=\"text-align: center;\">Holiday Excursion Ekibi,<\/p>\n<p>&nbsp;<\/p>\n<p><iframe loading=\"lazy\" title=\"HOW TO DRIVE A JET SKI FOR A BEGINNER\" width=\"1020\" height=\"574\" src=\"https:\/\/www.youtube.com\/embed\/z5v8CIUDJeE?start=11&#038;feature=oembed\" frameborder=\"0\" allow=\"accelerometer; autoplay; clipboard-write; encrypted-media; gyroscope; picture-in-picture; web-share\" allowfullscreen><\/iframe><\/p>\n<p><iframe loading=\"lazy\" title=\"DON&#039;T DO THIS ON YOUR JETSKI! - 5 Things NOT To Do Your Jet Ski\" width=\"1020\" height=\"574\" src=\"https:\/\/www.youtube.com\/embed\/DFjZSeIkNAA?feature=oembed\" frameborder=\"0\" allow=\"accelerometer; autoplay; clipboard-write; encrypted-media; gyroscope; picture-in-picture; web-share\" allowfullscreen><\/iframe><\/p>\n<p><iframe loading=\"lazy\" title=\"jet ski - crazy water sports\" width=\"1020\" height=\"574\" src=\"https:\/\/www.youtube.com\/embed\/jjlsKJqbiAg?feature=oembed\" frameborder=\"0\" allow=\"accelerometer; autoplay; clipboard-write; encrypted-media; gyroscope; picture-in-picture; web-share\" allowfullscreen><\/iframe><\/p>\n<p style=\"text-align: center;\">\n","protected":false},"excerpt":{"rendered":"<p>JETSK\u0130 May\u0131s-Ekim Aylar\u0131 Aras\u0131 Sat\u0131\u015f B\u00f6lgesi: Alanya, Side,Antalya,Kemer Alanya&#8217;da Su Sporlar\u0131n\u0131n Heyecan\u0131n\u0131 Ke\u015ffetmek: Macera Arayanlar \u0130\u00e7in Bir Cennet Ki\u015fisel deniz ta\u015f\u0131tlar\u0131 (PWC) olarak da bilinen Jetski, y\u00fcksek oktanl\u0131 heyecanlar ve su maceralar\u0131 arayan su tutkunlar\u0131 i\u00e7in giderek daha pop\u00fcler hale geldi. Bu \u015f\u0131k ve g\u00fc\u00e7l\u00fc deniz ta\u015f\u0131tlar\u0131, a\u00e7\u0131k denizde heyecan verici bir deneyim sunarak onlar\u0131<\/p>\n","protected":false},"featured_media":29887,"comment_status":"open","ping_status":"closed","template":"","meta":[],"product_brand":[],"product_cat":[232],"product_tag":[],"class_list":{"0":"post-29842","1":"product","2":"type-product","3":"status-publish","4":"has-post-thumbnail","6":"product_cat-watersports-tr","8":"first","9":"instock","10":"featured","11":"virtual","12":"sold-individually","13":"purchasable","14":"product-type-booking"},"_links":{"self":[{"href":"https:\/\/holidayexcursion.com\/tr\/wp-json\/wp\/v2\/product\/29842","targetHints":{"allow":["GET"]}}],"collection":[{"href":"https:\/\/holidayexcursion.com\/tr\/wp-json\/wp\/v2\/product"}],"about":[{"href":"https:\/\/holidayexcursion.com\/tr\/wp-json\/wp\/v2\/types\/product"}],"replies":[{"embeddable":true,"href":"https:\/\/holidayexcursion.com\/tr\/wp-json\/wp\/v2\/comments?post=29842"}],"wp:featuredmedia":[{"embeddable":true,"href":"https:\/\/holidayexcursion.com\/tr\/wp-json\/wp\/v2\/media\/29887"}],"wp:attachment":[{"href":"https:\/\/holidayexcursion.com\/tr\/wp-json\/wp\/v2\/media?parent=29842"}],"wp:term":[{"taxonomy":"product_brand","embeddable":true,"href":"https:\/\/holidayexcursion.com\/tr\/wp-json\/wp\/v2\/product_brand?post=29842"},{"taxonomy":"product_cat","embeddable":true,"href":"https:\/\/holidayexcursion.com\/tr\/wp-json\/wp\/v2\/product_cat?post=29842"},{"taxonomy":"product_tag","embeddable":true,"href":"https:\/\/holidayexcursion.com\/tr\/wp-json\/wp\/v2\/product_tag?post=29842"}],"curies":[{"name":"wp","href":"https:\/\/api.w.org\/{rel}","templated":true}]}}