{"id":29915,"date":"2023-12-07T17:44:03","date_gmt":"2023-12-07T14:44:05","guid":{"rendered":"https:\/\/holidayexcursion.com\/?post_type=product&#038;p=29915"},"modified":"2023-12-07T18:38:22","modified_gmt":"2023-12-07T15:38:22","slug":"parasailing","status":"publish","type":"product","link":"https:\/\/holidayexcursion.com\/tr\/tours-in-alanya\/watersports-tr\/parasailing\/","title":{"rendered":"PARASA\u0130L\u0130NG"},"content":{"rendered":"<h2 style=\"text-align: center;\">PARASA\u0130L\u0130NG<\/h2>\n<p style=\"text-align: center;\">May\u0131s-Ekim Aylar\u0131 Aras\u0131 Sat\u0131\u015f B\u00f6lgesi: <a href=\"https:\/\/en.wikipedia.org\/wiki\/Alanya\" rel=\"nofollow noopener\" target=\"_blank\">Alanya,<\/a> <a href=\"https:\/\/en.wikipedia.org\/wiki\/Antalya\" rel=\"nofollow noopener\" target=\"_blank\">Side,Antalya<\/a>,Kemer<\/p>\n<p style=\"text-align: center;\">Parasailing: Su \u00dczerinde Heyecan Verici adrenalin dolu Bir u\u00e7u\u015f Maceras\u0131 ya\u015famak isterseniz kesinlikle denemeniz gereken bir aktivitedir.<\/p>\n<p style=\"text-align: center;\">A\u015fa\u011f\u0131da g\u00fc\u00e7l\u00fc bir gemi taraf\u0131ndan \u00e7ekilirken, okyanusun \u00fczerinde y\u00fckseklerde s\u00fcz\u00fcld\u00fc\u011f\u00fcn\u00fcz\u00fc, havada as\u0131l\u0131 kald\u0131\u011f\u0131n\u0131z\u0131 hayal edin. Bu, u\u00e7u\u015f heyecan\u0131n\u0131 su kenar\u0131 manzaras\u0131n\u0131n dinginli\u011fiyle birle\u015ftiren bir su sporu olan parasailing&#8217;in heyecan verici deneyimidir. Macera arayanlar ve su merakl\u0131lar\u0131 i\u00e7in en pop\u00fcler ve b\u00fcy\u00fcleyici aktivitelerden biri olan parasailing, kat\u0131l\u0131mc\u0131lar\u0131n k\u0131y\u0131 manzaralar\u0131n\u0131n g\u00fczelli\u011fini nefes kesici yeni bir bak\u0131\u015f a\u00e7\u0131s\u0131yla takdir etmelerine olanak tan\u0131yan benzersiz ve unutulmaz bir deneyim sunuyor.<\/p>\n<p style=\"text-align: center;\"><a href=\"https:\/\/holidayexcursion.com\/product-category\/watersports\/\">Parasailing<\/a>&#8216;in b\u00fcy\u00fcleyici cazibesi, kat\u0131l\u0131mc\u0131n\u0131n \u00f6zel olarak tasarlanm\u0131\u015f para\u015f\u00fct benzeri bir kanopi olan parasail taraf\u0131ndan yukar\u0131ya \u00e7ekilmesi s\u0131ras\u0131nda u\u00e7ma hissinde yatmaktad\u0131r. Tipik olarak bir tekneden veya ba\u015fka bir deniz ta\u015f\u0131t\u0131ndan f\u0131rlat\u0131lan parasail yava\u015f yava\u015f g\u00f6ky\u00fcz\u00fcne do\u011fru y\u00fckselir ve \u00e7evredeki sular\u0131n ve k\u0131y\u0131 \u015feridinin hayranl\u0131k uyand\u0131ran bir g\u00f6r\u00fcnt\u00fcs\u00fcn\u00fc sunar. Kat\u0131l\u0131mc\u0131lar havada s\u00fcz\u00fcl\u00fcp a\u015fa\u011f\u0131daki muhte\u015fem manzaraya bakarken heyecan, huzur kar\u0131\u015f\u0131m\u0131n\u0131 deneyimliyorlar.<\/p>\n<p style=\"text-align: center;\"><img loading=\"lazy\" decoding=\"async\" class=\"alignnone size-medium wp-image-29931\" src=\"https:\/\/holidayexcursion.com\/wp-content\/uploads\/2023\/12\/parasailing-alanya-holiday-excursion-300x300.png\" alt=\"\" width=\"300\" height=\"300\" title=\"\" srcset=\"https:\/\/holidayexcursion.com\/wp-content\/uploads\/2023\/12\/parasailing-alanya-holiday-excursion-300x300.png 300w, https:\/\/holidayexcursion.com\/wp-content\/uploads\/2023\/12\/parasailing-alanya-holiday-excursion-150x150.png 150w, https:\/\/holidayexcursion.com\/wp-content\/uploads\/2023\/12\/parasailing-alanya-holiday-excursion-600x600.png 600w, https:\/\/holidayexcursion.com\/wp-content\/uploads\/2023\/12\/parasailing-alanya-holiday-excursion-100x100.png 100w, https:\/\/holidayexcursion.com\/wp-content\/uploads\/2023\/12\/parasailing-alanya-holiday-excursion.png 750w\" sizes=\"auto, (max-width: 300px) 100vw, 300px\" \/><\/p>\n<p style=\"text-align: center;\">Parasailing&#8217;in en ilgi \u00e7ekici y\u00f6nlerinden biri, aileler, heyecan arayanlar ve benzersiz ve unutulmaz bir tatil deneyimi arayanlar da dahil olmak \u00fczere \u00e7ok \u00e7e\u015fitli bireylere eri\u015filebilir olmas\u0131d\u0131r. Kapsaml\u0131 e\u011fitim veya fiziksel beceri gerektiren aktivitelerin aksine, parasailing nispeten basit ve rahat bir deneyim sunarak kat\u0131l\u0131mc\u0131lar\u0131n minimum fiziksel efor veya \u00f6zel becerilerle u\u00e7u\u015f heyecan\u0131n\u0131n tad\u0131n\u0131 \u00e7\u0131karmas\u0131na olanak tan\u0131r.<\/p>\n<p style=\"text-align: center;\">G\u00fcvenlik, <a href=\"https:\/\/en.wikipedia.org\/wiki\/Parasailing\" rel=\"nofollow noopener\" target=\"_blank\">parasailing<\/a>&#8216;in \u00e7ok \u00f6nemli bir y\u00f6n\u00fcd\u00fcr ve operat\u00f6rler, s\u0131k\u0131 g\u00fcvenlik standartlar\u0131na ve y\u00f6nergelerine ba\u011fl\u0131 kalarak kat\u0131l\u0131mc\u0131lar\u0131n refah\u0131na \u00f6ncelik verir. Kalk\u0131\u015ftan \u00f6nce kat\u0131l\u0131mc\u0131lar deneyimli profesyonellerden kapsaml\u0131 g\u00fcvenlik brifingleri ve talimatlar alarak g\u00fcvenli ve keyifli bir deneyim sa\u011flar. Ayr\u0131ca t\u00fcm kat\u0131l\u0131mc\u0131lara emniyet kemeri ve can yelekleri de dahil olmak \u00fczere uygun g\u00fcvenlik ekipmanlar\u0131 sa\u011flanmaktad\u0131r. G\u00fcvenli\u011fe olan bu ba\u011fl\u0131l\u0131k, kat\u0131l\u0131mc\u0131lara g\u00fcven a\u015f\u0131larken, parasailing&#8217;in heyecan\u0131n\u0131 tam anlam\u0131yla kucaklamalar\u0131na da olanak tan\u0131yor.<\/p>\n<p style=\"text-align: center;\"><img loading=\"lazy\" decoding=\"async\" class=\"alignnone size-medium wp-image-29925\" src=\"https:\/\/holidayexcursion.com\/wp-content\/uploads\/2023\/12\/parasailing-alanya-holiday-excursion-2-300x200.jpg\" alt=\"\" width=\"300\" height=\"200\" title=\"\" srcset=\"https:\/\/holidayexcursion.com\/wp-content\/uploads\/2023\/12\/parasailing-alanya-holiday-excursion-2-300x200.jpg 300w, https:\/\/holidayexcursion.com\/wp-content\/uploads\/2023\/12\/parasailing-alanya-holiday-excursion-2-600x400.jpg 600w, https:\/\/holidayexcursion.com\/wp-content\/uploads\/2023\/12\/parasailing-alanya-holiday-excursion-2.jpg 724w\" sizes=\"auto, (max-width: 300px) 100vw, 300px\" \/><\/p>\n<p style=\"text-align: center;\">Parasailing&#8217;in cazibesi, u\u00e7u\u015f heyecan\u0131n\u0131n \u00e7ok \u00f6tesine uzan\u0131r. Masmavi sular\u0131n \u00fczerinde g\u00f6ky\u00fcz\u00fcnde yava\u015f\u00e7a s\u00fcz\u00fclme deneyimi, k\u0131y\u0131 \u015feridinin ve \u00e7evredeki do\u011fal g\u00fczelli\u011fin geni\u015f manzaras\u0131yla huzur ve dinginlik hissi yarat\u0131yor. Bu bak\u0131\u015f a\u00e7\u0131s\u0131ndan kat\u0131l\u0131mc\u0131lar okyanusun, k\u0131y\u0131 \u015feridinin ve do\u011fal manzaran\u0131n g\u00fczelli\u011fine hayranl\u0131k duyabilir, bu da etraflar\u0131ndaki muhte\u015fem \u00e7evreyle derin ve unutulmaz bir ba\u011flant\u0131 kurmalar\u0131n\u0131 sa\u011flar. Parasailing, kat\u0131l\u0131mc\u0131lara do\u011fal d\u00fcnyan\u0131n g\u00f6rkemini ger\u00e7ekten ola\u011fan\u00fcst\u00fc bir bak\u0131\u015f a\u00e7\u0131s\u0131yla takdir etmeleri i\u00e7in e\u015fsiz bir f\u0131rsat sunuyor.<\/p>\n<p style=\"text-align: center;\">Etkinli\u011fin \u00e7ok y\u00f6nl\u00fcl\u00fc\u011f\u00fc, onu aile tatilleri, romantik ka\u00e7amaklar ve grup maceralar\u0131 dahil olmak \u00fczere \u00e7e\u015fitli durumlar i\u00e7in \u00e7ekici bir se\u00e7im haline getiriyor. Parasailing, her ya\u015ftan kat\u0131l\u0131mc\u0131 i\u00e7in kal\u0131c\u0131 an\u0131lar yaratan ola\u011fan\u00fcst\u00fc bir deneyim sunarak, sahil gezisini daha da g\u00fczelle\u015ftirmenin ideal bir yolunu sunuyor. \u0130ster tek ba\u015f\u0131n\u0131za, ister partnerinizle, ister bir grubun par\u00e7as\u0131 olarak keyif al\u0131n, payla\u015f\u0131lan ne\u015fe ve panoramik manzaralar, insanlar\u0131 bir araya getiren, merak ve heyecan duygusunu besleyen unutulmaz bir deneyim yarat\u0131r.<\/p>\n<p style=\"text-align: center;\"><img loading=\"lazy\" decoding=\"async\" class=\"alignnone size-medium wp-image-29937\" src=\"https:\/\/holidayexcursion.com\/wp-content\/uploads\/2023\/12\/parasailing-boat-alanya-300x200.jpg\" alt=\"\" width=\"300\" height=\"200\" title=\"\" srcset=\"https:\/\/holidayexcursion.com\/wp-content\/uploads\/2023\/12\/parasailing-boat-alanya-300x200.jpg 300w, https:\/\/holidayexcursion.com\/wp-content\/uploads\/2023\/12\/parasailing-boat-alanya-1024x683.jpg 1024w, https:\/\/holidayexcursion.com\/wp-content\/uploads\/2023\/12\/parasailing-boat-alanya-768x512.jpg 768w, https:\/\/holidayexcursion.com\/wp-content\/uploads\/2023\/12\/parasailing-boat-alanya-1536x1024.jpg 1536w, https:\/\/holidayexcursion.com\/wp-content\/uploads\/2023\/12\/parasailing-boat-alanya-600x400.jpg 600w, https:\/\/holidayexcursion.com\/wp-content\/uploads\/2023\/12\/parasailing-boat-alanya.jpg 1620w\" sizes=\"auto, (max-width: 300px) 100vw, 300px\" \/><\/p>\n<p style=\"text-align: center;\">Parasailing, pek \u00e7ok k\u0131y\u0131 destinasyonunda e\u011flence olanaklar\u0131n\u0131n ayr\u0131lmaz bir par\u00e7as\u0131 haline gelmi\u015f olup, heyecan verici ve unutulmaz bir macera arayan ziyaret\u00e7ilerin ilgisini \u00e7ekmektedir. Sahil tatil k\u00f6yleri, su sporlar\u0131 operat\u00f6rleri ve tur \u015firketleri, e\u011flence etkinliklerinin en \u00f6nemli \u00f6zelli\u011fi olarak parasailing&#8217;i s\u0131kl\u0131kla sunarak, kat\u0131l\u0131mc\u0131lara k\u0131y\u0131 \u015feridinin nefes kesen g\u00fczelli\u011fini ba\u015fka hi\u00e7bir \u015feye benzemeyen bir perspektiften deneyimleme f\u0131rsat\u0131 sunuyor. Bu yayg\u0131n kullan\u0131labilirlik, plaj tatillerine heyecan katmak isteyen gezginler i\u00e7in heyecan verici parasailing maceralar\u0131n\u0131n ula\u015f\u0131labilir olmas\u0131n\u0131 sa\u011flar.<\/p>\n<p style=\"text-align: center;\">\u00d6mr\u00fcn\u00fcz boyunca kahkahalarla hat\u0131rlanacak, silinmez jet ski parasailing i\u00e7in kendi grubunuzu olu\u015fturuyorsunuz. Size Akdeniz&#8217;in en iyi su sporlar\u0131 e\u011flencesini organize etmenin s\u00f6z\u00fcn\u00fc veriyoruz. Tatil yerlerinize vard\u0131\u011f\u0131n\u0131zda, tatiliniz ve grubunuza uygun su sporlar\u0131 g\u00fcn ve saatini siz belirlersiniz. Faaliyetlerimiz i\u00e7in sizi konaklama yerinizden al\u0131yoruz.<\/p>\n<p style=\"text-align: center;\"><img loading=\"lazy\" decoding=\"async\" class=\"alignnone size-medium wp-image-29919\" src=\"https:\/\/holidayexcursion.com\/wp-content\/uploads\/2023\/12\/alanya-parasailing_Watersports_-300x225.jpg\" alt=\"\" width=\"300\" height=\"225\" title=\"\" srcset=\"https:\/\/holidayexcursion.com\/wp-content\/uploads\/2023\/12\/alanya-parasailing_Watersports_-300x225.jpg 300w, https:\/\/holidayexcursion.com\/wp-content\/uploads\/2023\/12\/alanya-parasailing_Watersports_-1024x769.jpg 1024w, https:\/\/holidayexcursion.com\/wp-content\/uploads\/2023\/12\/alanya-parasailing_Watersports_-768x576.jpg 768w, https:\/\/holidayexcursion.com\/wp-content\/uploads\/2023\/12\/alanya-parasailing_Watersports_-1536x1153.jpg 1536w, https:\/\/holidayexcursion.com\/wp-content\/uploads\/2023\/12\/alanya-parasailing_Watersports_-600x450.jpg 600w, https:\/\/holidayexcursion.com\/wp-content\/uploads\/2023\/12\/alanya-parasailing_Watersports_.jpg 1912w\" sizes=\"auto, (max-width: 300px) 100vw, 300px\" \/><\/p>\n<p style=\"text-align: center;\">Transfer \u00fccreti 10\u20ac.<\/p>\n<p style=\"text-align: center;\">Jetski: 60 \u20ac (15 min.)<\/p>\n<p style=\"text-align: center;\">Parasailing: 1 person 60 \u20ac, 2 person 70 \u20ac, 3 person 100 \u20ac (max 200 kilo)<\/p>\n<p style=\"text-align: center;\">(5 km. yakla\u015f\u0131k 10-15 dk.)<\/p>\n<p style=\"text-align: center;\">Banana: 20 \u20ac (5 km.)<\/p>\n<p style=\"text-align: center;\">Flyboard 150 \u20ac<\/p>\n<p style=\"text-align: center;\">Sezon d\u00f6nemlerine g\u00f6re fiyat farkl\u0131l\u0131klar\u0131 olacakt\u0131r kesin bilgi i\u00e7in l\u00fctfen whatsapp&#8217;tan ileti\u015fime ge\u00e7iniz.<\/p>\n<p style=\"text-align: center;\">Alanya&#8217;daki tatiliniz boyunca size unutulmaz an\u0131lar diliyoruz.<\/p>\n<p style=\"text-align: center;\">Not: Daha fazla bilgi i\u00e7in Whats App&#8217;tan arayarak veya mesaj atarak da ileti\u015fime ge\u00e7ebilirsiniz.<\/p>\n<p style=\"text-align: center;\">Holiday Excursion Ekibi,<\/p>\n<p><iframe loading=\"lazy\" title=\"Parasailing adventure in Side, Turkey in 4K\" width=\"1020\" height=\"574\" src=\"https:\/\/www.youtube.com\/embed\/9k-u4-0GrW4?start=233&#038;feature=oembed\" frameborder=\"0\" allow=\"accelerometer; autoplay; clipboard-write; encrypted-media; gyroscope; picture-in-picture; web-share\" allowfullscreen><\/iframe><\/p>\n<p><iframe loading=\"lazy\" title=\"Water Sports in Antalya Turkey Where Is Cheap Best Places Centre Beach Sea Complex Prices Antalya\" width=\"1020\" height=\"574\" src=\"https:\/\/www.youtube.com\/embed\/-uR0UybHDLM?feature=oembed\" frameborder=\"0\" allow=\"accelerometer; autoplay; clipboard-write; encrypted-media; gyroscope; picture-in-picture; web-share\" allowfullscreen><\/iframe><\/p>\n<p><iframe loading=\"lazy\" title=\"First Time Parasailing!!!\" width=\"1020\" height=\"574\" src=\"https:\/\/www.youtube.com\/embed\/sg4lggxuqWo?feature=oembed\" frameborder=\"0\" allow=\"accelerometer; autoplay; clipboard-write; encrypted-media; gyroscope; picture-in-picture; web-share\" allowfullscreen><\/iframe><\/p>\n<p style=\"text-align: center;\">\n","protected":false},"excerpt":{"rendered":"<p>PARASA\u0130L\u0130NG May\u0131s-Ekim Aylar\u0131 Aras\u0131 Sat\u0131\u015f B\u00f6lgesi: Alanya, Side,Antalya,Kemer Parasailing: Su \u00dczerinde Heyecan Verici adrenalin dolu Bir u\u00e7u\u015f Maceras\u0131 ya\u015famak isterseniz kesinlikle denemeniz gereken bir aktivitedir. A\u015fa\u011f\u0131da g\u00fc\u00e7l\u00fc bir gemi taraf\u0131ndan \u00e7ekilirken, okyanusun \u00fczerinde y\u00fckseklerde s\u00fcz\u00fcld\u00fc\u011f\u00fcn\u00fcz\u00fc, havada as\u0131l\u0131 kald\u0131\u011f\u0131n\u0131z\u0131 hayal edin. Bu, u\u00e7u\u015f heyecan\u0131n\u0131 su kenar\u0131 manzaras\u0131n\u0131n dinginli\u011fiyle birle\u015ftiren bir su sporu olan parasailing&#8217;in heyecan verici<\/p>\n","protected":false},"featured_media":29948,"comment_status":"open","ping_status":"closed","template":"","meta":[],"product_brand":[],"product_cat":[232],"product_tag":[],"class_list":{"0":"post-29915","1":"product","2":"type-product","3":"status-publish","4":"has-post-thumbnail","6":"product_cat-watersports-tr","8":"first","9":"instock","10":"featured","11":"virtual","12":"sold-individually","13":"purchasable","14":"product-type-booking"},"_links":{"self":[{"href":"https:\/\/holidayexcursion.com\/tr\/wp-json\/wp\/v2\/product\/29915","targetHints":{"allow":["GET"]}}],"collection":[{"href":"https:\/\/holidayexcursion.com\/tr\/wp-json\/wp\/v2\/product"}],"about":[{"href":"https:\/\/holidayexcursion.com\/tr\/wp-json\/wp\/v2\/types\/product"}],"replies":[{"embeddable":true,"href":"https:\/\/holidayexcursion.com\/tr\/wp-json\/wp\/v2\/comments?post=29915"}],"wp:featuredmedia":[{"embeddable":true,"href":"https:\/\/holidayexcursion.com\/tr\/wp-json\/wp\/v2\/media\/29948"}],"wp:attachment":[{"href":"https:\/\/holidayexcursion.com\/tr\/wp-json\/wp\/v2\/media?parent=29915"}],"wp:term":[{"taxonomy":"product_brand","embeddable":true,"href":"https:\/\/holidayexcursion.com\/tr\/wp-json\/wp\/v2\/product_brand?post=29915"},{"taxonomy":"product_cat","embeddable":true,"href":"https:\/\/holidayexcursion.com\/tr\/wp-json\/wp\/v2\/product_cat?post=29915"},{"taxonomy":"product_tag","embeddable":true,"href":"https:\/\/holidayexcursion.com\/tr\/wp-json\/wp\/v2\/product_tag?post=29915"}],"curies":[{"name":"wp","href":"https:\/\/api.w.org\/{rel}","templated":true}]}}