{"id":29967,"date":"2023-12-07T21:49:05","date_gmt":"2023-12-07T18:49:08","guid":{"rendered":"https:\/\/holidayexcursion.com\/?post_type=product&#038;p=29967"},"modified":"2023-12-07T23:52:19","modified_gmt":"2023-12-07T20:52:19","slug":"su-kayagi","status":"publish","type":"product","link":"https:\/\/holidayexcursion.com\/tr\/tours-in-alanya\/watersports-tr\/su-kayagi\/","title":{"rendered":"Su kaya\u011f\u0131"},"content":{"rendered":"<h2 style=\"text-align: center;\">SU KAYA\u011eI<\/h2>\n<p style=\"text-align: center;\">May\u0131s-Ekim Aylar\u0131 Aras\u0131 Sat\u0131\u015f B\u00f6lgesi: <a href=\"https:\/\/en.wikipedia.org\/wiki\/Alanya\" rel=\"nofollow noopener\" target=\"_blank\">Alanya,<\/a> <a href=\"https:\/\/en.wikipedia.org\/wiki\/Antalya\" rel=\"nofollow noopener\" target=\"_blank\">Side,Antalya<\/a>,Kemer<\/p>\n<p style=\"text-align: center;\">Su Kaya\u011f\u0131: Heyecan Verici Su Maceralar\u0131nda Kayma<\/p>\n<p style=\"text-align: center;\">Su kaya\u011f\u0131, su co\u015fkusunun eskimeyen bir amblemi olarak duruyor ve merakl\u0131lar\u0131 benzersiz bir zarafet ve adrenalinle beslenen mutlulukla par\u0131ldayan sular\u0131 ge\u00e7meye \u00e7a\u011f\u0131r\u0131yor. Bu ilgi \u00e7ekici ve h\u0131zl\u0131 tempolu su sporu, h\u0131z\u0131n heyecan\u0131n\u0131 k\u0131y\u0131 veya g\u00f6l kenar\u0131 manzaralar\u0131n\u0131n dinginli\u011fiyle kusursuz bir \u015fekilde harmanlayarak her ya\u015ftan ve beceri seviyesinden kat\u0131l\u0131mc\u0131y\u0131 cezbeder. Su kaya\u011f\u0131n\u0131 tan\u0131mlayan b\u00fcy\u00fcleyici cazibeyi, teknik yetene\u011fi ve toplumsal \u00f6z\u00fc derinlemesine inceliyor ve onun m\u00fckemmel bir su bazl\u0131 u\u011fra\u015f olarak kal\u0131c\u0131 miras\u0131n\u0131 vurguluyoruz.<\/p>\n<p style=\"text-align: center;\">Su kaya\u011f\u0131n\u0131n kalbinde sars\u0131lmaz bir macera duygusu yat\u0131yor; kat\u0131l\u0131mc\u0131lar su y\u00fczeyini delip ge\u00e7mek i\u00e7in h\u0131z\u0131n ve hassasiyetin g\u00fcc\u00fcnden yararlan\u0131yor. Gergin bir halat\u0131n \u00e7ekilmesiyle hareket ettirilen bir <a href=\"https:\/\/holidayexcursion.com\/tours-in-alanya\/tours\/boat\/\">tekne<\/a>nin arkas\u0131nda \u00e7ekilmenin verdi\u011fi heyecan, deneyime heyecan verici bir \u00f6zg\u00fcrl\u00fck ve dinamizm duygusu a\u015f\u0131l\u0131yor. \u0130ster ak\u0131c\u0131 d\u00f6n\u00fc\u015fler ger\u00e7ekle\u015ftirin, ister heyecan verici atlamalar yap\u0131n, ister slalom ko\u015fular\u0131nda ustala\u015f\u0131n, su kaya\u011f\u0131 atletizm ve suya yak\u0131nl\u0131\u011f\u0131n benzersiz bir sinerjisini sunarak, kat\u0131l\u0131mc\u0131lar aras\u0131nda heyecan arayan bir dostluk ruhunu besler.<\/p>\n<p style=\"text-align: center;\"><img loading=\"lazy\" decoding=\"async\" class=\"alignnone size-medium wp-image-29977\" src=\"https:\/\/holidayexcursion.com\/wp-content\/uploads\/2023\/12\/Alanya-water-skiing-300x200.jpg\" alt=\"\" width=\"300\" height=\"200\" title=\"\" srcset=\"https:\/\/holidayexcursion.com\/wp-content\/uploads\/2023\/12\/Alanya-water-skiing-300x200.jpg 300w, https:\/\/holidayexcursion.com\/wp-content\/uploads\/2023\/12\/Alanya-water-skiing-600x399.jpg 600w, https:\/\/holidayexcursion.com\/wp-content\/uploads\/2023\/12\/Alanya-water-skiing.jpg 646w\" sizes=\"auto, (max-width: 300px) 100vw, 300px\" \/><\/p>\n<p style=\"text-align: center;\">Su kaya\u011f\u0131n\u0131n cazibesi adrenalinin \u00f6tesine uzan\u0131yor ve kat\u0131l\u0131mc\u0131lar\u0131 do\u011fal su ortamlar\u0131yla derin bir ba\u011flant\u0131 kurmaya davet ediyor. \u0130ster kristal berrakl\u0131\u011f\u0131ndaki g\u00f6llerde, ister cennet gibi nehirlerde, isterse geni\u015f k\u0131y\u0131 alanlar\u0131nda geziniyor olun, kayak\u00e7\u0131lar, suyun par\u0131ldayan geni\u015fli\u011fi ve \u00e7evredeki manzaralar\u0131n, dinamik aray\u0131\u015flar\u0131 i\u00e7in b\u00fcy\u00fcleyici bir arka plan g\u00f6revi g\u00f6rd\u00fc\u011f\u00fc, nefes kesen bir manzara dokusuna tan\u0131k olurlar. Fiziksel aktivite ve do\u011fal ihti\u015fam\u0131n bu uyumlu kar\u0131\u015f\u0131m\u0131, su kaya\u011f\u0131 tutkunlar\u0131n\u0131n s\u00fcsledi\u011fi pitoresk ortamlar\u0131n derin bir \u015fekilde takdir edilmesini te\u015fvik ederek huzur ve hayranl\u0131k duygusu verir.<\/p>\n<p style=\"text-align: center;\">Su kaya\u011f\u0131 camias\u0131nda g\u00fcvenli\u011fe ve sorumlu uygulamaya y\u00f6nelik sars\u0131lmaz bir ba\u011fl\u0131l\u0131k yerle\u015fmi\u015ftir. \u0130yi oturan can yeleklerinin kullan\u0131m\u0131, teknecilik d\u00fczenlemeleri hakk\u0131nda fark\u0131ndal\u0131k ve kapsaml\u0131 e\u011fitim de dahil olmak \u00fczere g\u00fcvenlik protokollerine s\u0131k\u0131 s\u0131k\u0131ya ba\u011fl\u0131l\u0131k, kat\u0131l\u0131mc\u0131lar\u0131n bu heyecan verici aray\u0131\u015fa ki\u015fisel refah ve ba\u015fkalar\u0131n\u0131n g\u00fcvenli\u011fine en y\u00fcksek sayg\u0131y\u0131 g\u00f6stererek kat\u0131lmalar\u0131n\u0131 sa\u011flar. Bu vicdanl\u0131 yakla\u015f\u0131m, su kaya\u011f\u0131 camias\u0131nda sayg\u0131 ve haz\u0131rl\u0131k k\u00fclt\u00fcr\u00fcn\u00fcn temelini olu\u015fturur; \u00f6nlenebilir risklere kar\u015f\u0131 koruma sa\u011flarken spordan keyif almaya \u00f6ncelik verir.<\/p>\n<p style=\"text-align: center;\"><img loading=\"lazy\" decoding=\"async\" class=\"size-medium wp-image-29995\" src=\"https:\/\/holidayexcursion.com\/wp-content\/uploads\/2023\/12\/water-skiing-Alanya-1-300x200.jpg\" alt=\"\" width=\"300\" height=\"200\" title=\"\" srcset=\"https:\/\/holidayexcursion.com\/wp-content\/uploads\/2023\/12\/water-skiing-Alanya-1-300x200.jpg 300w, https:\/\/holidayexcursion.com\/wp-content\/uploads\/2023\/12\/water-skiing-Alanya-1-600x400.jpg 600w, https:\/\/holidayexcursion.com\/wp-content\/uploads\/2023\/12\/water-skiing-Alanya-1.jpg 612w\" sizes=\"auto, (max-width: 300px) 100vw, 300px\" \/><\/p>\n<p style=\"text-align: center;\">Su kaya\u011f\u0131, acemileri, gazileri ve aileleri bu canland\u0131r\u0131c\u0131 aray\u0131\u015flara kat\u0131lmaya davet eden kapsay\u0131c\u0131 bir u\u011fra\u015f olmaya devam ediyor. \u0130ster su y\u00fczeyinde ilk kez s\u00fcz\u00fclmek, ister geli\u015fmi\u015f teknikler geli\u015ftirmek olsun, su kaya\u011f\u0131, bireylerin su maceralar\u0131n\u0131n keyfini \u00e7\u0131karmalar\u0131 i\u00e7in eri\u015filebilir bir yol sunar. Bu canl\u0131 toplulukta beslenen ba\u015far\u0131 duygusu ve dostluk, sporun bireyleri h\u0131z, beceri ve su \u00fczerinde s\u00fcz\u00fclmenin kat\u0131ks\u0131z heyecan\u0131 konusunda ortak ilgileri do\u011frultusunda birle\u015ftirme kapasitesinin alt\u0131n\u0131 \u00e7iziyor.<\/p>\n<p style=\"text-align: center;\">Su kaya\u011f\u0131 sporunda ba\u015far\u0131l\u0131 olmak i\u00e7in gereken teknik yeterlilik, denge, hassasiyet ve deniz ta\u015f\u0131tlar\u0131 dinamikleri ustal\u0131\u011f\u0131n\u0131n bir kar\u0131\u015f\u0131m\u0131n\u0131 kapsar. Slalom ko\u015fular\u0131n\u0131n zarif icras\u0131ndan uyan\u0131k atlamalar\u0131n y\u00fcce akrobasi hareketlerine kadar, kat\u0131l\u0131mc\u0131lardan becerilerini geli\u015ftirmeleri, tekniklerini geli\u015ftirmeleri ve su \u00fczerinde h\u00fcnerlerini ilerletmek i\u00e7in s\u00fcregelen aray\u0131\u015f\u0131 benimsemeleri isteniyor. Ustal\u0131\u011fa olan bu s\u00fcrekli ba\u011fl\u0131l\u0131k, su kaya\u011f\u0131 toplulu\u011funun spora olan s\u0131n\u0131rs\u0131z kat\u0131l\u0131m\u0131n\u0131 ve tutkusunu k\u00f6r\u00fckleyen sars\u0131lmaz ilerleme ruhunu \u00f6zetlemektedir.<\/p>\n<p style=\"text-align: center;\"><img loading=\"lazy\" decoding=\"async\" class=\"alignnone size-medium wp-image-29989\" src=\"https:\/\/holidayexcursion.com\/wp-content\/uploads\/2023\/12\/Water-skii-alanya-300x200.jpg\" alt=\"\" width=\"300\" height=\"200\" title=\"\" srcset=\"https:\/\/holidayexcursion.com\/wp-content\/uploads\/2023\/12\/Water-skii-alanya-300x200.jpg 300w, https:\/\/holidayexcursion.com\/wp-content\/uploads\/2023\/12\/Water-skii-alanya-1024x681.jpg 1024w, https:\/\/holidayexcursion.com\/wp-content\/uploads\/2023\/12\/Water-skii-alanya-768x511.jpg 768w, https:\/\/holidayexcursion.com\/wp-content\/uploads\/2023\/12\/Water-skii-alanya-600x399.jpg 600w, https:\/\/holidayexcursion.com\/wp-content\/uploads\/2023\/12\/Water-skii-alanya.jpg 1200w\" sizes=\"auto, (max-width: 300px) 100vw, 300px\" \/><\/p>\n<p style=\"text-align: center;\">Rekreasyonel y\u00f6nleriyle birlikte su kaya\u011f\u0131, sporun do\u011fas\u0131nda olan atletizmi, sanat\u0131 ve tak\u0131m \u00e7al\u0131\u015fmas\u0131n\u0131 \u00f6n plana \u00e7\u0131karan organize etkinlikler, turnuvalar ve \u015fampiyonalarla \u00f6rneklendirilen rekabet\u00e7i bir boyuta da sahiptir. Bu co\u015fkulu toplant\u0131lar, bir dostluk ve kar\u015f\u0131l\u0131kl\u0131 te\u015fvik atmosferini te\u015fvik ederek, toplulu\u011fun geli\u015fme y\u00f6n\u00fcndeki kolektif d\u00fcrt\u00fcs\u00fcn\u00fc g\u00fc\u00e7lendirir ve su kaya\u011f\u0131 g\u00f6sterisini beceri ve e\u011flencede yeni boyutlara y\u00fckseltir.<\/p>\n<p style=\"text-align: center;\">Su kaya\u011f\u0131n\u0131n modern sahil destinasyonlar\u0131nda, g\u00f6l kenar\u0131ndaki dinlenme yerlerinde ve tatil beldelerinde yeniden canlanmas\u0131, tart\u0131\u015fmas\u0131z bir \u015fekilde, sporun kal\u0131c\u0131 k\u00fclt\u00fcrel yank\u0131s\u0131n\u0131 ve \u00e7ekicili\u011fini vurgulamaktad\u0131r. Su kaya\u011f\u0131 tesisleri, kiralama hizmetleri ve e\u011fitim programlar\u0131ndan olu\u015fan canl\u0131 bir dokuyla donat\u0131lm\u0131\u015f bu yerler, hem tecr\u00fcbeli adanm\u0131\u015flara hem de yeni gelenlere sporun \u00e7ok y\u00f6nl\u00fc olanaklar\u0131ndan keyif almalar\u0131 i\u00e7in cennet gibi bir ortam sa\u011fl\u0131yor. Su kaya\u011f\u0131 merakl\u0131lar\u0131n\u0131 su maceralar\u0131na y\u00f6nelik ortak tutkular\u0131nda birle\u015ftiren bu yerler, kat\u0131l\u0131mc\u0131lar aras\u0131nda kal\u0131c\u0131 ba\u011flant\u0131lar ve unutulmaz deneyimler sa\u011fl\u0131yor.<\/p>\n<p><img loading=\"lazy\" decoding=\"async\" class=\"size-medium wp-image-29971 aligncenter\" src=\"https:\/\/holidayexcursion.com\/wp-content\/uploads\/2023\/12\/Alanya-water-skii-300x300.jpg\" alt=\"\" width=\"300\" height=\"300\" title=\"\" srcset=\"https:\/\/holidayexcursion.com\/wp-content\/uploads\/2023\/12\/Alanya-water-skii-300x300.jpg 300w, https:\/\/holidayexcursion.com\/wp-content\/uploads\/2023\/12\/Alanya-water-skii-150x150.jpg 150w, https:\/\/holidayexcursion.com\/wp-content\/uploads\/2023\/12\/Alanya-water-skii-600x600.jpg 600w, https:\/\/holidayexcursion.com\/wp-content\/uploads\/2023\/12\/Alanya-water-skii-100x100.jpg 100w, https:\/\/holidayexcursion.com\/wp-content\/uploads\/2023\/12\/Alanya-water-skii.jpg 640w\" sizes=\"auto, (max-width: 300px) 100vw, 300px\" \/><\/p>\n<p style=\"text-align: center;\">Su kaya\u011f\u0131, su maceras\u0131n\u0131n kal\u0131c\u0131 bir an\u0131t\u0131 olarak duruyor; h\u0131z\u0131, beceriyi ve do\u011fal ihti\u015fam\u0131, farkl\u0131 ge\u00e7mi\u015flere ve arzulara sahip merakl\u0131larda yank\u0131 uyand\u0131ran b\u00fcy\u00fcleyici bir aray\u0131\u015fta birle\u015ftiriyor. De\u011fer verilen su bazl\u0131 bir u\u011fra\u015f olarak miras\u0131, su y\u00fczeyini yararak h\u0131z, beceri ve su kaya\u011f\u0131n\u0131n canland\u0131r\u0131c\u0131 kucakla\u015fmas\u0131n\u0131n saf hazz\u0131n\u0131n zamans\u0131z cazibesine teslim olan kayak\u00e7\u0131lar\u0131n s\u00fcregelen \u015fenli\u011fi ve co\u015fkusuyla onaylanarak varl\u0131\u011f\u0131n\u0131 s\u00fcrd\u00fcr\u00fcyor.<\/p>\n<p style=\"text-align: center;\">\u00d6mr\u00fcn\u00fcz boyunca kahkahalarla hat\u0131rlanacak, silinmez jet ski parasailing su sporlar\u0131 i\u00e7in kendi grubunuzu olu\u015fturuyorsunuz. Size Akdeniz&#8217;in en iyi su sporlar\u0131 e\u011flencesini organize etmenin s\u00f6z\u00fcn\u00fc veriyoruz. Tatil yerlerinize vard\u0131\u011f\u0131n\u0131zda, tatiliniz ve grubunuza uygun su sporlar\u0131 g\u00fcn ve saatini siz belirlersiniz. Faaliyetlerimiz i\u00e7in sizi konaklama yerinizden al\u0131yoruz.<\/p>\n<p style=\"text-align: center;\"><img loading=\"lazy\" decoding=\"async\" class=\"alignnone size-medium wp-image-30007\" src=\"https:\/\/holidayexcursion.com\/wp-content\/uploads\/2023\/12\/Watersports-alanya-water-skii-300x200.jpg\" alt=\"\" width=\"300\" height=\"200\" title=\"\" srcset=\"https:\/\/holidayexcursion.com\/wp-content\/uploads\/2023\/12\/Watersports-alanya-water-skii-300x200.jpg 300w, https:\/\/holidayexcursion.com\/wp-content\/uploads\/2023\/12\/Watersports-alanya-water-skii-1024x683.jpg 1024w, https:\/\/holidayexcursion.com\/wp-content\/uploads\/2023\/12\/Watersports-alanya-water-skii-768x512.jpg 768w, https:\/\/holidayexcursion.com\/wp-content\/uploads\/2023\/12\/Watersports-alanya-water-skii-600x400.jpg 600w, https:\/\/holidayexcursion.com\/wp-content\/uploads\/2023\/12\/Watersports-alanya-water-skii.jpg 1280w\" sizes=\"auto, (max-width: 300px) 100vw, 300px\" \/><\/p>\n<p style=\"text-align: center;\">Transfer \u00fccreti 10\u20ac.<\/p>\n<p style=\"text-align: center;\">Jetski: 60 \u20ac (15 min.)<\/p>\n<p style=\"text-align: center;\">Parasailing: 1 person 60 \u20ac, 2 person 70 \u20ac, 3 person 100 \u20ac (max 200 kilo)<\/p>\n<p style=\"text-align: center;\">(5 km. yakla\u015f\u0131k 10-15 dk.)<\/p>\n<p style=\"text-align: center;\">Banana: 20 \u20ac (5 km.)<\/p>\n<p style=\"text-align: center;\">Flyboard 150 \u20ac<\/p>\n<p style=\"text-align: center;\">Sezon d\u00f6nemlerine g\u00f6re fiyat farkl\u0131l\u0131klar\u0131 olacakt\u0131r kesin bilgi i\u00e7in l\u00fctfen whatsapp&#8217;tan ileti\u015fime ge\u00e7iniz.<\/p>\n<p style=\"text-align: center;\">Alanya&#8217;daki tatiliniz boyunca size unutulmaz an\u0131lar diliyoruz.<\/p>\n<p style=\"text-align: center;\">Not: Daha fazla bilgi i\u00e7in Whats App&#8217;tan arayarak veya mesaj atarak da ileti\u015fime ge\u00e7ebilirsiniz.<\/p>\n<p style=\"text-align: center;\">Holiday Excursion Ekibi,<\/p>\n<p><iframe loading=\"lazy\" title=\"How to Water Ski for Beginners\" width=\"1020\" height=\"574\" src=\"https:\/\/www.youtube.com\/embed\/_Jg25zgh_TE?feature=oembed\" frameborder=\"0\" allow=\"accelerometer; autoplay; clipboard-write; encrypted-media; gyroscope; picture-in-picture; web-share\" referrerpolicy=\"strict-origin-when-cross-origin\" allowfullscreen><\/iframe><\/p>\n<p><iframe loading=\"lazy\" title=\"GoPro Awards: Slalom Waterskiing on Perfect Glass\" width=\"1020\" height=\"574\" src=\"https:\/\/www.youtube.com\/embed\/T8WUmbzo3Zk?feature=oembed\" frameborder=\"0\" allow=\"accelerometer; autoplay; clipboard-write; encrypted-media; gyroscope; picture-in-picture; web-share\" referrerpolicy=\"strict-origin-when-cross-origin\" allowfullscreen><\/iframe><\/p>\n<p><iframe loading=\"lazy\" title=\"Water Ski Basics For Beginners\" width=\"1020\" height=\"574\" src=\"https:\/\/www.youtube.com\/embed\/JoQywfQ6B-8?feature=oembed\" frameborder=\"0\" allow=\"accelerometer; autoplay; clipboard-write; encrypted-media; gyroscope; picture-in-picture; web-share\" referrerpolicy=\"strict-origin-when-cross-origin\" allowfullscreen><\/iframe><\/p>\n<p style=\"text-align: center;\">\n","protected":false},"excerpt":{"rendered":"<p>SU KAYA\u011eI May\u0131s-Ekim Aylar\u0131 Aras\u0131 Sat\u0131\u015f B\u00f6lgesi: Alanya, Side,Antalya,Kemer Su Kaya\u011f\u0131: Heyecan Verici Su Maceralar\u0131nda Kayma Su kaya\u011f\u0131, su co\u015fkusunun eskimeyen bir amblemi olarak duruyor ve merakl\u0131lar\u0131 benzersiz bir zarafet ve adrenalinle beslenen mutlulukla par\u0131ldayan sular\u0131 ge\u00e7meye \u00e7a\u011f\u0131r\u0131yor. Bu ilgi \u00e7ekici ve h\u0131zl\u0131 tempolu su sporu, h\u0131z\u0131n heyecan\u0131n\u0131 k\u0131y\u0131 veya g\u00f6l kenar\u0131 manzaralar\u0131n\u0131n dinginli\u011fiyle kusursuz<\/p>\n","protected":false},"featured_media":29982,"comment_status":"open","ping_status":"closed","template":"","meta":[],"product_brand":[],"product_cat":[232],"product_tag":[],"class_list":{"0":"post-29967","1":"product","2":"type-product","3":"status-publish","4":"has-post-thumbnail","6":"product_cat-watersports-tr","8":"first","9":"instock","10":"featured","11":"virtual","12":"sold-individually","13":"purchasable","14":"product-type-booking"},"_links":{"self":[{"href":"https:\/\/holidayexcursion.com\/tr\/wp-json\/wp\/v2\/product\/29967","targetHints":{"allow":["GET"]}}],"collection":[{"href":"https:\/\/holidayexcursion.com\/tr\/wp-json\/wp\/v2\/product"}],"about":[{"href":"https:\/\/holidayexcursion.com\/tr\/wp-json\/wp\/v2\/types\/product"}],"replies":[{"embeddable":true,"href":"https:\/\/holidayexcursion.com\/tr\/wp-json\/wp\/v2\/comments?post=29967"}],"wp:featuredmedia":[{"embeddable":true,"href":"https:\/\/holidayexcursion.com\/tr\/wp-json\/wp\/v2\/media\/29982"}],"wp:attachment":[{"href":"https:\/\/holidayexcursion.com\/tr\/wp-json\/wp\/v2\/media?parent=29967"}],"wp:term":[{"taxonomy":"product_brand","embeddable":true,"href":"https:\/\/holidayexcursion.com\/tr\/wp-json\/wp\/v2\/product_brand?post=29967"},{"taxonomy":"product_cat","embeddable":true,"href":"https:\/\/holidayexcursion.com\/tr\/wp-json\/wp\/v2\/product_cat?post=29967"},{"taxonomy":"product_tag","embeddable":true,"href":"https:\/\/holidayexcursion.com\/tr\/wp-json\/wp\/v2\/product_tag?post=29967"}],"curies":[{"name":"wp","href":"https:\/\/api.w.org\/{rel}","templated":true}]}}