{"id":30025,"date":"2023-12-08T12:39:49","date_gmt":"2023-12-08T09:39:51","guid":{"rendered":"https:\/\/holidayexcursion.com\/?post_type=product&#038;p=30025"},"modified":"2024-03-18T12:31:14","modified_gmt":"2024-03-18T09:31:14","slug":"tazi-kanyonu","status":"publish","type":"product","link":"https:\/\/holidayexcursion.com\/tr\/tours-in-alanya\/turlar\/tazi-kanyonu\/","title":{"rendered":"TAZI KANYONU RAFT\u0130NG"},"content":{"rendered":"<h2 style=\"font-weight: 400; text-align: center;\">TAZI KANYONU RAFT\u0130NG<\/h2>\n<p style=\"text-align: center;\">Taz\u0131 Kanyonu: T\u00fcrkiye&#8217;de Heyecan Verici Bir Rafting Maceras\u0131<\/p>\n<p style=\"text-align: center;\">&#8220;Kurtlar Vadisi&#8221; olarak da bilinen Taz\u0131 Kanyonu, T\u00fcrkiye&#8217;nin g\u00fcneyindeki <a href=\"https:\/\/en.wikipedia.org\/wiki\/Antalya\" rel=\"nofollow noopener\" target=\"_blank\">Antalya<\/a> ilinde bulunan muhte\u015fem bir do\u011fa harikas\u0131d\u0131r. Nefes kesen Taz\u0131 kanyonu, nefes kesen do\u011fal g\u00fczelli\u011fin ortas\u0131nda adrenalin dolu rafting deneyimleri sunarak hem macera arayanlar hem de do\u011fa tutkunlar\u0131 i\u00e7in ideal bir destinasyon haline geliyor.<\/p>\n<p style=\"text-align: center;\">Kanyonun ad\u0131 Taz\u0131 Kanyonu, &#8220;av k\u00f6pe\u011fi&#8221; veya &#8220;taz\u0131&#8221; anlam\u0131na gelen T\u00fcrk\u00e7e &#8220;Taz\u0131&#8221; kelimesinden t\u00fcremi\u015ftir. Ad\u0131n\u0131n, bir zamanlar kanyonun \u00fczerinden atlay\u0131p kayal\u0131klarda iz b\u0131rakan korkusuz bir taz\u0131 efsanesinden geldi\u011fi s\u00f6yleniyor. G\u00fcn\u00fcm\u00fczde Taz\u0131 Kanyonu engebeli arazisi, y\u00fcksek kayal\u0131klar\u0131 ve kanyonun ortas\u0131ndan ge\u00e7en K\u00f6pr\u00fc\u00e7ay Nehri&#8217;nin co\u015fkun sular\u0131yla tan\u0131nmaktad\u0131r.<\/p>\n<p style=\"text-align: center;\"><img loading=\"lazy\" decoding=\"async\" class=\"alignnone size-medium wp-image-30029\" src=\"https:\/\/holidayexcursion.com\/wp-content\/uploads\/2023\/12\/Tazi-kanyonu-rafting-alanya-300x225.jpeg\" alt=\"\" width=\"300\" height=\"225\" title=\"\" srcset=\"https:\/\/holidayexcursion.com\/wp-content\/uploads\/2023\/12\/Tazi-kanyonu-rafting-alanya-300x225.jpeg 300w, https:\/\/holidayexcursion.com\/wp-content\/uploads\/2023\/12\/Tazi-kanyonu-rafting-alanya-600x449.jpeg 600w, https:\/\/holidayexcursion.com\/wp-content\/uploads\/2023\/12\/Tazi-kanyonu-rafting-alanya.jpeg 720w\" sizes=\"auto, (max-width: 300px) 100vw, 300px\" \/><\/p>\n<p style=\"text-align: center;\">Taz\u0131 kanyonu <a href=\"https:\/\/holidayexcursion.com\/tours-in-alanya\/tours\/rafting-tour\/\">rafting<\/a> turu , ziyaret\u00e7ilerin K\u00f6pr\u00fc\u00e7ay Nehri&#8217;nin heyecan verici ak\u0131nt\u0131lar\u0131nda gezinirken, T\u00fcrkiye k\u0131rsal\u0131n\u0131n el de\u011fmemi\u015f g\u00fczelli\u011fine kendilerini kapt\u0131rmalar\u0131na olanak tan\u0131yan heyecan verici bir deneyimdir. Nehrin beyaz su ak\u0131nt\u0131lar\u0131, heyecan ve do\u011fal ihti\u015fam\u0131n m\u00fckemmel bir kar\u0131\u015f\u0131m\u0131n\u0131 sunarak onu macera merakl\u0131lar\u0131 i\u00e7in mutlaka ziyaret edilmesi gereken bir yer haline getiriyor.<\/p>\n<p style=\"text-align: center;\">Macera arayanlar, Taz\u0131 Kanyonu &#8216;nun kalbine uzanan rehberli rafting turlar\u0131na kat\u0131larak, Taz\u0131 Kanyonu&#8217;nun dramatik jeolojik olu\u015fumlar\u0131na ve yemye\u015fil bitki \u00f6rt\u00fcs\u00fcne tan\u0131kl\u0131k edebilirler. Turlar, g\u00fcvenlik talimatlar\u0131 veren ve K\u00f6pr\u00fc\u00e7ay Nehri&#8217;nin g\u00fcrleyen sular\u0131nda unutulmaz bir yolculuk sa\u011flayan deneyimli rehberler taraf\u0131ndan y\u00fcr\u00fct\u00fclmektedir.<\/p>\n<p style=\"text-align: center;\"><img loading=\"lazy\" decoding=\"async\" class=\"alignnone size-medium wp-image-30035\" src=\"https:\/\/holidayexcursion.com\/wp-content\/uploads\/2023\/12\/Tazi-kanyonu-rafting-alanya-300x169.jpg\" alt=\"\" width=\"300\" height=\"169\" title=\"\" srcset=\"https:\/\/holidayexcursion.com\/wp-content\/uploads\/2023\/12\/Tazi-kanyonu-rafting-alanya-300x169.jpg 300w, https:\/\/holidayexcursion.com\/wp-content\/uploads\/2023\/12\/Tazi-kanyonu-rafting-alanya-1024x576.jpg 1024w, https:\/\/holidayexcursion.com\/wp-content\/uploads\/2023\/12\/Tazi-kanyonu-rafting-alanya-768x432.jpg 768w, https:\/\/holidayexcursion.com\/wp-content\/uploads\/2023\/12\/Tazi-kanyonu-rafting-alanya-600x338.jpg 600w, https:\/\/holidayexcursion.com\/wp-content\/uploads\/2023\/12\/Tazi-kanyonu-rafting-alanya.jpg 1280w\" sizes=\"auto, (max-width: 300px) 100vw, 300px\" \/><\/p>\n<p style=\"text-align: center;\">Kat\u0131l\u0131mc\u0131lar Taz\u0131 Kanyonu &#8216;nda k\u00fcrek \u00e7ekerken dik kayal\u0131klar\u0131n, yemye\u015fil ormanlar\u0131n ve \u00e7a\u011flayan \u015felalelerin nefes kesen manzaralar\u0131yla kar\u015f\u0131la\u015f\u0131yorlar. S\u00fcrekli de\u011fi\u015fen manzara ve zorlu ak\u0131nt\u0131lar\u0131 fethetmenin yaratt\u0131\u011f\u0131 adrenalin, Taz\u0131 Kanyonu&#8217;nu T\u00fcrkiye&#8217;de rafting i\u00e7in \u00f6nde gelen bir destinasyon haline getiriyor.<\/p>\n<p style=\"text-align: center;\">Taz\u0131 Kanyonu &#8216;ndaki rafting turlar\u0131, hem ba\u015flang\u0131\u00e7 \u200b\u200bseviyesindeki hem de deneyimli raftingcilere hitap etmekte olup, kat\u0131l\u0131mc\u0131lar\u0131n beceri ve tercihlerine g\u00f6re farkl\u0131 zorluk derecelerinde se\u00e7enekler sunmaktad\u0131r. \u0130ster nehrin hafif k\u0131vr\u0131mlar\u0131nda gezinmek ister daha yo\u011fun ak\u0131nt\u0131larla m\u00fccadele etmek olsun, Taz\u0131 Kanyonu&#8217;nun sular\u0131nda unutulmaz bir macera arayan herkes i\u00e7in bir \u015feyler var.<\/p>\n<p style=\"text-align: center;\"><img loading=\"lazy\" decoding=\"async\" class=\"alignnone size-medium wp-image-30047\" src=\"https:\/\/holidayexcursion.com\/wp-content\/uploads\/2023\/12\/tazi_kanyonu_tepe-300x216.jpg\" alt=\"\" width=\"300\" height=\"216\" title=\"\" srcset=\"https:\/\/holidayexcursion.com\/wp-content\/uploads\/2023\/12\/tazi_kanyonu_tepe-300x216.jpg 300w, https:\/\/holidayexcursion.com\/wp-content\/uploads\/2023\/12\/tazi_kanyonu_tepe-768x553.jpg 768w, https:\/\/holidayexcursion.com\/wp-content\/uploads\/2023\/12\/tazi_kanyonu_tepe-600x432.jpg 600w, https:\/\/holidayexcursion.com\/wp-content\/uploads\/2023\/12\/tazi_kanyonu_tepe.jpg 900w\" sizes=\"auto, (max-width: 300px) 100vw, 300px\" \/><\/p>\n<p style=\"text-align: center;\">Taz\u0131 Kanyonu, ziyaret\u00e7ilerin keyif alabilece\u011fi bir dizi a\u00e7\u0131k hava etkinli\u011fi daha sunmaktad\u0131r. Y\u00fcr\u00fcy\u00fc\u015f merakl\u0131lar\u0131 \u00e7evredeki parkurlar\u0131 ke\u015ffedebilir, g\u00f6zlerden uzak \u015felaleler ve Taz\u0131 Kanyonu&#8217;nun e\u015fsiz manzaras\u0131n\u0131 sunan panoramik manzara noktalar\u0131 gibi gizli m\u00fccevherleri ke\u015ffedebilir. B\u00f6lgenin \u00e7e\u015fitli flora ve faunas\u0131, a\u00e7\u0131k hava deneyimine ekstra bir merak katman\u0131 ekleyerek do\u011fa severlerin T\u00fcrkiye&#8217;nin vah\u015fi do\u011fas\u0131n\u0131n g\u00fczelli\u011fine kap\u0131lmalar\u0131na olanak tan\u0131yor.<\/p>\n<p style=\"text-align: center;\">Daha s\u00fcr\u00fckleyici bir macera arayanlar i\u00e7in ise Taz\u0131 Kanyonu yak\u0131n\u0131ndaki kamp olanaklar\u0131, bu b\u00fcy\u00fcleyici manzaran\u0131n ortas\u0131nda y\u0131ld\u0131zlar\u0131n alt\u0131nda geceyi ge\u00e7irme f\u0131rsat\u0131 sunuyor. Taz\u0131 Kanyonu&#8217;nda kamp yapmak, do\u011fayla i\u00e7 i\u00e7e olmak ve g\u00fcnl\u00fck maceralar\u0131n ard\u0131ndan kanyonun huzurunu ya\u015famak i\u00e7in e\u015fsiz bir f\u0131rsat sunuyor.<\/p>\n<p style=\"text-align: center;\"><img loading=\"lazy\" decoding=\"async\" class=\"alignnone size-medium wp-image-30041\" src=\"https:\/\/holidayexcursion.com\/wp-content\/uploads\/2023\/12\/tazi-kanyonu-rafting-300x199.jpg\" alt=\"\" width=\"300\" height=\"199\" title=\"\" srcset=\"https:\/\/holidayexcursion.com\/wp-content\/uploads\/2023\/12\/tazi-kanyonu-rafting-300x199.jpg 300w, https:\/\/holidayexcursion.com\/wp-content\/uploads\/2023\/12\/tazi-kanyonu-rafting-768x510.jpg 768w, https:\/\/holidayexcursion.com\/wp-content\/uploads\/2023\/12\/tazi-kanyonu-rafting-600x398.jpg 600w, https:\/\/holidayexcursion.com\/wp-content\/uploads\/2023\/12\/tazi-kanyonu-rafting.jpg 800w\" sizes=\"auto, (max-width: 300px) 100vw, 300px\" \/><\/p>\n<p style=\"text-align: center;\">Rafting ve y\u00fcr\u00fcy\u00fc\u015fle ge\u00e7en bir g\u00fcn\u00fcn ard\u0131ndan, heyecan ve ke\u015fifle dolu bir g\u00fcn\u00fc keyifli bir \u015fekilde sonland\u0131r\u0131yor.<\/p>\n<p style=\"text-align: center;\">Taz\u0131 Kanyonu, do\u011fan\u0131n ham g\u00fczelli\u011fini sergileyen, macera tutkunlar\u0131na adrenalin dolu bir ka\u00e7\u0131\u015f imkan\u0131 sunan s\u0131ra d\u0131\u015f\u0131 bir destinasyondur. Beyaz su ak\u0131nt\u0131lar\u0131, y\u00fcksek kayal\u0131klar\u0131 ve yemye\u015fil manzaralar\u0131yla kanyon, kanyonun kalbine giren herkese unutulmaz an\u0131lar vaat eden e\u015fsiz bir rafting deneyimi sunuyor.<\/p>\n<p style=\"text-align: center;\"><img loading=\"lazy\" decoding=\"async\" class=\"size-medium wp-image-4075\" src=\"https:\/\/holidayexcursion.com\/wp-content\/uploads\/2021\/10\/rafting-tour-3.webp\" alt=\"Taz\u0131 kanyonu Rafting turu\" width=\"300\" height=\"300\" title=\"\" srcset=\"https:\/\/holidayexcursion.com\/wp-content\/uploads\/2021\/10\/rafting-tour-3.webp 2000w, https:\/\/holidayexcursion.com\/wp-content\/uploads\/2021\/10\/rafting-tour-3-300x300.webp 300w, https:\/\/holidayexcursion.com\/wp-content\/uploads\/2021\/10\/rafting-tour-3-768x768.webp 768w, https:\/\/holidayexcursion.com\/wp-content\/uploads\/2021\/10\/rafting-tour-3-1024x1024.webp 1024w, https:\/\/holidayexcursion.com\/wp-content\/uploads\/2021\/10\/rafting-tour-3-1536x1536.webp 1536w, https:\/\/holidayexcursion.com\/wp-content\/uploads\/2021\/10\/rafting-tour-3-600x600.webp 600w, https:\/\/holidayexcursion.com\/wp-content\/uploads\/2021\/10\/rafting-tour-3-100x100.webp 100w, https:\/\/holidayexcursion.com\/wp-content\/uploads\/2021\/10\/rafting-tour-3-150x150.webp 150w\" sizes=\"auto, (max-width: 300px) 100vw, 300px\" \/><\/p>\n<p style=\"text-align: center;\">Taz\u0131 Kanyonu, muhte\u015fem do\u011fa manzaralar\u0131 e\u015fli\u011finde keyifli bir rafting maceras\u0131 arayanlar\u0131n mutlaka ziyaret etmesi gereken bir destinasyondur. \u0130ster akarsu ak\u0131nt\u0131lar\u0131n\u0131 fethetmek, ister y\u00fcr\u00fcy\u00fc\u015f parkurlar\u0131n\u0131 ge\u00e7mek, ister y\u0131ld\u0131zlar\u0131n alt\u0131nda kamp yapmak olsun, Taz\u0131 Kanyonu, ziyaret eden herkesi b\u00fcy\u00fcleyecek ve ilham verecek \u00e7ok say\u0131da a\u00e7\u0131k hava deneyimi sunuyor. Heyecan verici aktiviteler ve nefes kesen manzaralar\u0131n birle\u015fimiyle Taz\u0131 Kanyonu, T\u00fcrkiye&#8217;nin do\u011fal ihti\u015fam\u0131n\u0131n simgesi ve d\u00fcnyan\u0131n d\u00f6rt bir yan\u0131ndan macera arayanlar i\u00e7in bir cennettir.<\/p>\n<h2 style=\"font-weight: 400; text-align: center;\"><span style=\"font-size: 75%;\"><strong>ALANYA TAZI KANYONU RAFT\u0130NG TURU PROGRAMI:<\/strong><\/span><\/h2>\n<div style=\"text-align: center;\">*Alanya ve \u00e7evresindeki otel ve apartlardan ara\u00e7la alma<\/div>\n<div style=\"text-align: center;\">* K\u00f6pr\u00fcl\u00fc Kanyon&#8217;a var\u0131\u015f<\/div>\n<div style=\"text-align: center;\">* Profesyonel rehberler taraf\u0131ndan rafting hakk\u0131nda bilgilendirme<\/div>\n<div style=\"text-align: center;\">* Rafting ekipman\u0131n\u0131zla donat\u0131lma<\/div>\n<div style=\"text-align: center;\">* Rafting ba\u015flamadan \u00f6nce ba\u015flang\u0131\u00e7 \u200b\u200bnoktas\u0131na yolculuk (yolculuk 7km ve yakla\u015f\u0131k 15 dakika s\u00fcrer) rafting ba\u015flamadan \u00f6nce Roma k\u00f6pr\u00fcs\u00fcn\u00fc ziyaret etme, taz\u0131 kanyonunu ziyaret etme, foto\u011fraf \u00e7ekme ve y\u00fczmenin keyfini \u00e7\u0131karma f\u0131rsat\u0131 olacakt\u0131r.<\/div>\n<div style=\"text-align: center;\">* Daha sonra rafting deneyiminin ilk k\u0131sm\u0131 uzman profesyonel rehberlerimiz e\u015fli\u011finde 10 km&#8217;dir.<\/div>\n<div style=\"text-align: center;\">* Daha sonra nehir kenar\u0131ndaki restoranda \u00f6\u011fle yeme\u011fi molas\u0131<\/div>\n<div style=\"text-align: center;\">* \u00d6\u011fle yeme\u011finin ard\u0131ndan rafting yolculu\u011funuzun son 3,6 km&#8217;sine ba\u015fl\u0131yoruz.<\/div>\n<div style=\"text-align: center;\">* Son istasyona vard\u0131\u011f\u0131m\u0131zda, yol boyunca \u00e7ekilen foto\u011fraf ve videolar\u0131 g\u00f6r\u00fcnt\u00fcleme f\u0131rsat\u0131 bulacaks\u0131n\u0131z, e\u011fer isterseniz maceran\u0131z\u0131n hat\u0131ras\u0131 olarak bunlar\u0131 sat\u0131n alabilirsiniz.<\/div>\n<div style=\"text-align: center;\">*Alanya&#8217;daki otellerinize ve dairelerinize b\u0131rakma<\/div>\n<div style=\"text-align: center;\"><\/div>\n<div style=\"text-align: center;\">\n<div><strong>F\u0130YATA DAH\u0130L OLANLAR :<\/strong><\/div>\n<div>* Alanya ve \u00e7evresindeki otel ve apartmanlardan transferiniz.<\/div>\n<div>* \u00d6\u011fle yeme\u011fi, Rehber, e\u011fitmenler, Ana ekipmanlar (kask, can yele\u011fi, bot)<\/div>\n<div><\/div>\n<div><strong>Fiyata Dahil olmayanlar<\/strong><\/div>\n<div>* \u0130\u00e7ecekler, Foto\u011fraflar, DVD<\/div>\n<\/div>\n<div style=\"text-align: center;\"><\/div>\n<div style=\"text-align: center;\"><strong>Extra bilgi ve tavsiyeler<\/strong><\/div>\n<div style=\"text-align: center;\">* 3 ya\u015f alt\u0131 \u00e7ocuklar\u0131n ve hamile kad\u0131nlar\u0131n rafting yapmas\u0131na izin verilmemektedir.<\/div>\n<div style=\"text-align: center;\">* Mayo, deniz ayakkab\u0131s\u0131, sandalet, bikini, havlu, g\u00fcne\u015f kremi, bir ti\u015f\u00f6rt daha getirin<\/div>\n<div style=\"text-align: center;\">* Suda kolay kaymayan uygun ayakkab\u0131lar giyin. Ayr\u0131ca rehberimizden kiralayabilir veya sat\u0131n alabilirsiniz.<\/div>\n<div style=\"text-align: center;\">* L\u00fctfen de\u011ferli e\u015fyalar\u0131n\u0131z\u0131 ve metal aksesuarlar\u0131n\u0131z\u0131 (k\u00fcpe, kolye vb.) almay\u0131n\u0131z. Sadece i\u00e7ecek, foto\u011fraf ve video i\u00e7in bir miktar para alabilirsiniz.<\/div>\n<p style=\"font-weight: 400; text-align: center;\">Antalya,Alanya,Side,Manavgat,Belek&#8217;ten temin edilebilir. Kesin al\u0131m saatleri i\u00e7in l\u00fctfen bizimle ileti\u015fime ge\u00e7in.<\/p>\n<p style=\"text-align: center;\">Alanya&#8217;daki tatiliniz boyunca size unutulmaz an\u0131lar diliyoruz.<\/p>\n<p style=\"text-align: center;\">Not: Daha fazla bilgi i\u00e7in Whats App&#8217;tan arayarak veya mesaj atarak da ileti\u015fime ge\u00e7ebilirsiniz.<\/p>\n<p style=\"text-align: center;\">Holiday Excursion Ekibi,<\/p>\n<p><iframe loading=\"lazy\" title=\"Antalya Taz\u0131 Kanyonu ve K\u00f6pr\u00fcl\u00fc Kanyon Drone \u00c7ekimi \/ Bilgelik Vadisi\" width=\"1020\" height=\"574\" src=\"https:\/\/www.youtube.com\/embed\/a5lSXQPvdYw?feature=oembed\" frameborder=\"0\" allow=\"accelerometer; autoplay; clipboard-write; encrypted-media; gyroscope; picture-in-picture; web-share\" allowfullscreen><\/iframe><\/p>\n<p><iframe loading=\"lazy\" title=\"Rafting k\u00f6pr\u00fcl\u00fc canyon, T\u00fcrkei Region Antalya\" width=\"1020\" height=\"765\" src=\"https:\/\/www.youtube.com\/embed\/Sl9b6UKi2T8?feature=oembed\" frameborder=\"0\" allow=\"accelerometer; autoplay; clipboard-write; encrypted-media; gyroscope; picture-in-picture; web-share\" allowfullscreen><\/iframe><\/p>\n<p><iframe loading=\"lazy\" title=\"K\u00f6pr\u00fcl\u00fc Kanyon \/ Manavgat \/ Antalya\" width=\"1020\" height=\"765\" src=\"https:\/\/www.youtube.com\/embed\/Xxng1g1PrdE?feature=oembed\" frameborder=\"0\" allow=\"accelerometer; autoplay; clipboard-write; encrypted-media; gyroscope; picture-in-picture; web-share\" allowfullscreen><\/iframe><\/p>\n","protected":false},"excerpt":{"rendered":"<p>TAZI KANYONU RAFT\u0130NG Taz\u0131 Kanyonu: T\u00fcrkiye&#8217;de Heyecan Verici Bir Rafting Maceras\u0131 &#8220;Kurtlar Vadisi&#8221; olarak da bilinen Taz\u0131 Kanyonu, T\u00fcrkiye&#8217;nin g\u00fcneyindeki Antalya ilinde bulunan muhte\u015fem bir do\u011fa harikas\u0131d\u0131r. Nefes kesen Taz\u0131 kanyonu, nefes kesen do\u011fal g\u00fczelli\u011fin ortas\u0131nda adrenalin dolu rafting deneyimleri sunarak hem macera arayanlar hem de do\u011fa tutkunlar\u0131 i\u00e7in ideal bir destinasyon haline geliyor. Kanyonun<\/p>\n","protected":false},"featured_media":30046,"comment_status":"open","ping_status":"closed","template":"","meta":[],"product_brand":[],"product_cat":[108],"product_tag":[],"class_list":{"0":"post-30025","1":"product","2":"type-product","3":"status-publish","4":"has-post-thumbnail","6":"product_cat-turlar","8":"first","9":"instock","10":"virtual","11":"sold-individually","12":"purchasable","13":"product-type-booking"},"_links":{"self":[{"href":"https:\/\/holidayexcursion.com\/tr\/wp-json\/wp\/v2\/product\/30025","targetHints":{"allow":["GET"]}}],"collection":[{"href":"https:\/\/holidayexcursion.com\/tr\/wp-json\/wp\/v2\/product"}],"about":[{"href":"https:\/\/holidayexcursion.com\/tr\/wp-json\/wp\/v2\/types\/product"}],"replies":[{"embeddable":true,"href":"https:\/\/holidayexcursion.com\/tr\/wp-json\/wp\/v2\/comments?post=30025"}],"wp:featuredmedia":[{"embeddable":true,"href":"https:\/\/holidayexcursion.com\/tr\/wp-json\/wp\/v2\/media\/30046"}],"wp:attachment":[{"href":"https:\/\/holidayexcursion.com\/tr\/wp-json\/wp\/v2\/media?parent=30025"}],"wp:term":[{"taxonomy":"product_brand","embeddable":true,"href":"https:\/\/holidayexcursion.com\/tr\/wp-json\/wp\/v2\/product_brand?post=30025"},{"taxonomy":"product_cat","embeddable":true,"href":"https:\/\/holidayexcursion.com\/tr\/wp-json\/wp\/v2\/product_cat?post=30025"},{"taxonomy":"product_tag","embeddable":true,"href":"https:\/\/holidayexcursion.com\/tr\/wp-json\/wp\/v2\/product_tag?post=30025"}],"curies":[{"name":"wp","href":"https:\/\/api.w.org\/{rel}","templated":true}]}}