{"id":30070,"date":"2023-12-08T23:27:57","date_gmt":"2023-12-08T20:28:01","guid":{"rendered":"https:\/\/holidayexcursion.com\/?post_type=product&#038;p=30070"},"modified":"2023-12-09T18:52:27","modified_gmt":"2023-12-09T15:52:27","slug":"land-of-legends-2","status":"publish","type":"product","link":"https:\/\/holidayexcursion.com\/tr\/tours-in-alanya\/turlar\/land-of-legends-2\/","title":{"rendered":"Land of Legends gece turu"},"content":{"rendered":"<p style=\"text-align: center;\"><span style=\"font-size: 150%;\"><strong>LAND OF LEGENDS GECE TURU<\/strong><\/span><\/p>\n<p style=\"text-align: center;\">Land of Legends gece turuyla maceray\u0131 ve harikay\u0131 serbest b\u0131rak\u0131n<\/p>\n<p style=\"text-align: center;\">E\u015fi Benzeri Olmayan Efsanevi Bir Tema Park\u0131:<br \/>\nLand of Legends bir tema park\u0131ndan \u00e7ok daha fazlas\u0131d\u0131r; buras\u0131 bir b\u00fcy\u00fc ve heyecan diyar\u0131d\u0131r. 2,5 milyon metrekareden fazla alana yay\u0131lan bu geni\u015f kompleks, her ziyaret\u00e7iye \u00e7e\u015fitli heyecan verici geziler, su bazl\u0131 maceralar ve inan\u0131lmaz e\u011flence sunuyor. Heyecan verici h\u0131z trenlerinden sim\u00fcle edilmi\u015f tropikal ya\u011fmur ormanlar\u0131na kadar Land of Legends, hayal g\u00fcc\u00fcn\u00fcz\u00fc yakalar ve size unutulmaz an\u0131lar b\u0131rak\u0131r.<\/p>\n<p style=\"text-align: center;\"><a href=\"https:\/\/en.wikipedia.org\/wiki\/Belek\" rel=\"nofollow noopener\" target=\"_blank\">Belek<\/a>&#8216;te <a href=\"https:\/\/holidayexcursion.com\/tours-in-alanya\/tours\/land-of-legends\/\">Land of Legends<\/a> gece turu , ziyaret\u00e7ilere unutulmaz bir deneyim vaat eden b\u00fcy\u00fcleyici ve heyecan verici bir gece turu sunuyor. G\u00fcne\u015f batarken Land of Legends b\u00fcy\u00fcleyici bir e\u011flence d\u00fcnyas\u0131na d\u00f6n\u00fc\u015f\u00fcyor; b\u00fcy\u00fcleyici g\u00f6sterileri, canl\u0131 gece hayat\u0131n\u0131 ve heyecan verici atraksiyonlar\u0131 bir araya getirerek ger\u00e7ek anlamda b\u00fcy\u00fcl\u00fc bir atmosfer yarat\u0131yor.<\/p>\n<p><img loading=\"lazy\" decoding=\"async\" class=\"size-medium wp-image-30086 aligncenter\" src=\"https:\/\/holidayexcursion.com\/wp-content\/uploads\/2023\/12\/Land-of-legends-night-2024-300x200.jpg\" alt=\"\" width=\"300\" height=\"200\" title=\"\" srcset=\"https:\/\/holidayexcursion.com\/wp-content\/uploads\/2023\/12\/Land-of-legends-night-2024-300x200.jpg 300w, https:\/\/holidayexcursion.com\/wp-content\/uploads\/2023\/12\/Land-of-legends-night-2024-600x400.jpg 600w, https:\/\/holidayexcursion.com\/wp-content\/uploads\/2023\/12\/Land-of-legends-night-2024.jpg 669w\" sizes=\"auto, (max-width: 300px) 100vw, 300px\" \/><\/p>\n<p style=\"text-align: center;\">Geceleri Land of Legends&#8217;a girildi\u011finde ziyaret\u00e7iler, renkli \u0131\u015f\u0131klar\u0131n ve canl\u0131 enerjinin b\u00fcy\u00fcleyici bir g\u00f6sterisiyle kar\u015f\u0131lan\u0131yor. Ziyaret\u00e7ileri kendine \u00e7eken, heyecan ve merak dolu bir geceye zemin haz\u0131rlayan b\u00fcy\u00fcleyici ambiyans\u0131 ile kompleksin tamam\u0131 ak\u015famlar\u0131 hayat buluyor.<\/p>\n<p style=\"text-align: center;\">Land of legends gece turunun \u00f6ne \u00e7\u0131kan noktalar\u0131ndan biri de parkta sunulan muhte\u015fem ak\u015fam g\u00f6sterileridir. Akrobasiden m\u00fczik ve dans g\u00f6sterilerine kadar uzanan bu g\u00f6steriler, sanat\u00e7\u0131lar\u0131n inan\u0131lmaz yetene\u011fini ve sanat\u0131n\u0131 sergiliyor. \u00c7arp\u0131c\u0131 g\u00f6rseller, b\u00fcy\u00fcleyici m\u00fczikler ve becerikli koreografinin birle\u015fimi, izleyici \u00fczerinde kal\u0131c\u0131 bir izlenim b\u0131rakan, ger\u00e7ekten s\u00fcr\u00fckleyici bir deneyim yarat\u0131yor.<\/p>\n<p style=\"text-align: center;\"><img loading=\"lazy\" decoding=\"async\" class=\"alignnone size-medium wp-image-30092\" src=\"https:\/\/holidayexcursion.com\/wp-content\/uploads\/2023\/12\/Land-of-legends-night-show-alanya-300x158.jpg\" alt=\"\" width=\"300\" height=\"158\" title=\"\" srcset=\"https:\/\/holidayexcursion.com\/wp-content\/uploads\/2023\/12\/Land-of-legends-night-show-alanya-300x158.jpg 300w, https:\/\/holidayexcursion.com\/wp-content\/uploads\/2023\/12\/Land-of-legends-night-show-alanya-1024x538.jpg 1024w, https:\/\/holidayexcursion.com\/wp-content\/uploads\/2023\/12\/Land-of-legends-night-show-alanya-768x403.jpg 768w, https:\/\/holidayexcursion.com\/wp-content\/uploads\/2023\/12\/Land-of-legends-night-show-alanya-600x315.jpg 600w, https:\/\/holidayexcursion.com\/wp-content\/uploads\/2023\/12\/Land-of-legends-night-show-alanya.jpg 1200w\" sizes=\"auto, (max-width: 300px) 100vw, 300px\" \/><\/p>\n<p style=\"text-align: center;\">Heyecan arayanlar i\u00e7in Land of Legends gece turundaki gece turu, gece g\u00f6ky\u00fcz\u00fcn\u00fcn alt\u0131nda park\u0131n heyecan verici s\u00fcr\u00fc\u015flerini ve atraksiyonlar\u0131n\u0131 deneyimleme \u015fans\u0131 sunuyor. \u0130ster y\u00fcksek bir su kayd\u0131ra\u011f\u0131ndan a\u015fa\u011f\u0131ya dal\u0131n, ister kalp at\u0131\u015flar\u0131n\u0131z\u0131 h\u0131zland\u0131ran bir h\u0131z trenine binin, park\u0131n atraksiyonlar\u0131 hava karard\u0131ktan sonra tamamen yeni bir heyecan d\u00fczeyine b\u00fcr\u00fcn\u00fcyor.<\/p>\n<p style=\"text-align: center;\">Land of Legends gece turunda g\u00f6steri ve gezilerin yan\u0131 s\u0131ra ziyaret\u00e7ilere \u00e7e\u015fitli yemek ve e\u011flence se\u00e7enekleri de sunuluyor. Park\u0131n restoranlar\u0131 ve yemek tezgahlar\u0131, konuklar\u0131n geceleri park\u0131n canl\u0131 atmosferinin tad\u0131n\u0131 \u00e7\u0131kar\u0131rken unutulmaz bir yemek deneyimi ya\u015famalar\u0131na olanak tan\u0131yan \u00e7ok \u00e7e\u015fitli leziz yemekler sunmaktad\u0131r.<\/p>\n<p style=\"text-align: center;\"><img loading=\"lazy\" decoding=\"async\" class=\"alignnone size-medium wp-image-30080\" src=\"https:\/\/holidayexcursion.com\/wp-content\/uploads\/2023\/12\/holiday-excursion-land-of-legends-night-show-300x170.jpeg\" alt=\"\" width=\"300\" height=\"170\" title=\"\" srcset=\"https:\/\/holidayexcursion.com\/wp-content\/uploads\/2023\/12\/holiday-excursion-land-of-legends-night-show-300x170.jpeg 300w, https:\/\/holidayexcursion.com\/wp-content\/uploads\/2023\/12\/holiday-excursion-land-of-legends-night-show-768x434.jpeg 768w, https:\/\/holidayexcursion.com\/wp-content\/uploads\/2023\/12\/holiday-excursion-land-of-legends-night-show-600x339.jpeg 600w, https:\/\/holidayexcursion.com\/wp-content\/uploads\/2023\/12\/holiday-excursion-land-of-legends-night-show.jpeg 800w\" sizes=\"auto, (max-width: 300px) 100vw, 300px\" \/><\/p>\n<p style=\"text-align: center;\">Ak\u015fam ilerledik\u00e7e park\u0131n canl\u0131 gece hayat\u0131, \u00e7e\u015fitli e\u011flence se\u00e7enekleriyle canlan\u0131yor. Canl\u0131 m\u00fczik performanslar\u0131ndan DJ setlerine ve temal\u0131 partilere kadar Land of Legends gece turunun keyfini \u00e7\u0131karman\u0131n yollar\u0131 s\u0131n\u0131rs\u0131zd\u0131r. Park\u0131n enerjik ve dinamik gece hayat\u0131 ortam\u0131, ziyaret\u00e7ilerin ger\u00e7ekten e\u015fsiz bir ortamda dans etmelerini, sosyalle\u015fmelerini ve kal\u0131c\u0131 an\u0131lar yaratmalar\u0131n\u0131 sa\u011fl\u0131yor.<\/p>\n<p style=\"text-align: center;\">\u00dcstelik Land of Legends gece turu ayn\u0131 zamanda dinlenme ve yenilenme f\u0131rsatlar\u0131 da sunuyor. Konuklar, belki park\u0131n g\u00fczelce ayd\u0131nlat\u0131lm\u0131\u015f yollar\u0131nda keyifli bir y\u00fcr\u00fcy\u00fc\u015f yaparak veya su \u00f6zelliklerinin yan\u0131nda sakin bir an\u0131n tad\u0131n\u0131 \u00e7\u0131kararak, b\u00fcy\u00fcleyici \u00e7evrenin keyfini \u00e7\u0131karabilir ve gev\u015feyebilirler.<\/p>\n<p style=\"text-align: center;\"><img loading=\"lazy\" decoding=\"async\" class=\"alignnone size-medium wp-image-30098\" src=\"https:\/\/holidayexcursion.com\/wp-content\/uploads\/2023\/12\/land-of-legends-night-shows-tour-300x150.jpg\" alt=\"\" width=\"300\" height=\"150\" title=\"\" srcset=\"https:\/\/holidayexcursion.com\/wp-content\/uploads\/2023\/12\/land-of-legends-night-shows-tour-300x150.jpg 300w, https:\/\/holidayexcursion.com\/wp-content\/uploads\/2023\/12\/land-of-legends-night-shows-tour-768x384.jpg 768w, https:\/\/holidayexcursion.com\/wp-content\/uploads\/2023\/12\/land-of-legends-night-shows-tour-600x300.jpg 600w, https:\/\/holidayexcursion.com\/wp-content\/uploads\/2023\/12\/land-of-legends-night-shows-tour.jpg 900w\" sizes=\"auto, (max-width: 300px) 100vw, 300px\" \/><\/p>\n<p style=\"text-align: center;\">Genel olarak, Belek&#8217;teki Land of Legends gece turunda gece turu, gece e\u011flencesinin b\u00fcy\u00fcs\u00fcn\u00fc park\u0131n heyecan verici s\u00fcr\u00fc\u015fleri, muhte\u015fem g\u00f6sterileri ve canl\u0131 gece hayat\u0131n\u0131n cazibesiyle birle\u015ftiren b\u00fcy\u00fcleyici ve s\u00fcr\u00fckleyici bir deneyimdir. \u0130ster ailenizle, ister arkada\u015flar\u0131n\u0131zla, ister \u00e7ift olarak ziyaret edin, Land of Legends&#8217;taki gece turu, kat\u0131lan herkes \u00fczerinde kal\u0131c\u0131 bir izlenim b\u0131rakacak unutulmaz ve b\u00fcy\u00fcleyici bir deneyim vaat ediyor.<\/p>\n<p style=\"text-align: center;\"><img loading=\"lazy\" decoding=\"async\" class=\"alignnone size-medium wp-image-30074\" src=\"https:\/\/holidayexcursion.com\/wp-content\/uploads\/2023\/12\/alanya-land-of-legends-night-show-holiday-excursion-300x198.jpg\" alt=\"\" width=\"300\" height=\"198\" title=\"\" srcset=\"https:\/\/holidayexcursion.com\/wp-content\/uploads\/2023\/12\/alanya-land-of-legends-night-show-holiday-excursion-300x198.jpg 300w, https:\/\/holidayexcursion.com\/wp-content\/uploads\/2023\/12\/alanya-land-of-legends-night-show-holiday-excursion-768x507.jpg 768w, https:\/\/holidayexcursion.com\/wp-content\/uploads\/2023\/12\/alanya-land-of-legends-night-show-holiday-excursion-600x396.jpg 600w, https:\/\/holidayexcursion.com\/wp-content\/uploads\/2023\/12\/alanya-land-of-legends-night-show-holiday-excursion.jpg 1000w\" sizes=\"auto, (max-width: 300px) 100vw, 300px\" \/><\/p>\n<p style=\"text-align: center;\">Alanya&#8217;daki tatiliniz boyunca size unutulmaz an\u0131lar diliyoruz.<\/p>\n<p style=\"text-align: center;\">Not: Daha fazla bilgi i\u00e7in Whats App&#8217;tan arayarak veya mesaj atarak da ileti\u015fime ge\u00e7ebilirsiniz.<\/p>\n<p style=\"text-align: center;\">Holiday Excursion Ekibi,<\/p>\n<p style=\"text-align: center;\"><strong>LAND OF LEGENDS GECE G\u00d6STER\u0130S\u0130 TUR PROGRAMI:<\/strong><\/p>\n<p style=\"text-align: center;\">* Alanya&#8217;dan otel\/apartmanlardan ara\u00e7la alma, The Land of Legends kompleksine transfer<\/p>\n<p style=\"text-align: center;\">&#8211; Land of Legends Kompleksini ke\u015ffetmek i\u00e7in serbest zaman (cadde, al\u0131\u015fveri\u015f, kafe alan\u0131)<\/p>\n<p style=\"text-align: center;\">* G\u00f6sterileri izleyin, 23:00&#8217;te Land of legends kompleksinden ayr\u0131l\u0131n<\/p>\n<p style=\"text-align: center;\">* Alanya&#8217;daki otellere\/apartmanlara b\u0131rakma<\/p>\n<p style=\"text-align: center;\"><strong>F\u0130YATA DAH\u0130L OLANLAR :<\/strong><\/p>\n<p style=\"text-align: center;\">* Alanya&#8217;daki otel ve apartmanlardan alma\/b\u0131rakma, \u015eof\u00f6r ve Rehber, G\u00f6steriler, tekne turu<\/p>\n<p style=\"text-align: center;\"><strong>Fiyata Dahil olmayanlar<\/strong><\/p>\n<p style=\"text-align: center;\">* Ki\u015fisel harcamalar, Ak\u015fam yeme\u011fi<\/p>\n<p style=\"text-align: center;\"><strong>Extra bilgi ve tavsiyeler<\/strong><\/p>\n<p style=\"text-align: center;\">*Cep telefonunuzu ve kameran\u0131z\u0131 yan\u0131n\u0131za alman\u0131za izin verilir.<\/p>\n<p><iframe loading=\"lazy\" title=\"Land of legends night show Antalya best activities\" width=\"1020\" height=\"574\" src=\"https:\/\/www.youtube.com\/embed\/8Hdy_B5-Tgc?feature=oembed\" frameborder=\"0\" allow=\"accelerometer; autoplay; clipboard-write; encrypted-media; gyroscope; picture-in-picture; web-share\" allowfullscreen><\/iframe><\/p>\n<p><iframe loading=\"lazy\" title=\"The Land of Legends 2023 Antalya Turkey \ud83c\uddf9\ud83c\uddf7 [ 4K ] Walking Tour\" width=\"1020\" height=\"574\" src=\"https:\/\/www.youtube.com\/embed\/wN3f_ITpRWA?feature=oembed\" frameborder=\"0\" allow=\"accelerometer; autoplay; clipboard-write; encrypted-media; gyroscope; picture-in-picture; web-share\" allowfullscreen><\/iframe><\/p>\n<p><iframe loading=\"lazy\" title=\"The Land Of Legends Antalya 2023 Vlog\" width=\"1020\" height=\"574\" src=\"https:\/\/www.youtube.com\/embed\/jZW1guH_sug?feature=oembed\" frameborder=\"0\" allow=\"accelerometer; autoplay; clipboard-write; encrypted-media; gyroscope; picture-in-picture; web-share\" allowfullscreen><\/iframe><\/p>\n<div style=\"text-align: center;\"><\/div>\n<div style=\"text-align: center;\"><\/div>\n<div style=\"text-align: center;\"><\/div>\n<div style=\"text-align: center;\"><\/div>\n<div style=\"text-align: center;\"><\/div>\n<div style=\"text-align: center;\"><\/div>\n","protected":false},"excerpt":{"rendered":"<p>LAND OF LEGENDS GECE TURU Land of Legends gece turuyla maceray\u0131 ve harikay\u0131 serbest b\u0131rak\u0131n E\u015fi Benzeri Olmayan Efsanevi Bir Tema Park\u0131: Land of Legends bir tema park\u0131ndan \u00e7ok daha fazlas\u0131d\u0131r; buras\u0131 bir b\u00fcy\u00fc ve heyecan diyar\u0131d\u0131r. 2,5 milyon metrekareden fazla alana yay\u0131lan bu geni\u015f kompleks, her ziyaret\u00e7iye \u00e7e\u015fitli heyecan verici geziler, su bazl\u0131 maceralar<\/p>\n","protected":false},"featured_media":30079,"comment_status":"open","ping_status":"closed","template":"","meta":[],"product_brand":[],"product_cat":[108],"product_tag":[],"class_list":{"0":"post-30070","1":"product","2":"type-product","3":"status-publish","4":"has-post-thumbnail","6":"product_cat-turlar","8":"first","9":"instock","10":"featured","11":"virtual","12":"sold-individually","13":"purchasable","14":"product-type-booking"},"_links":{"self":[{"href":"https:\/\/holidayexcursion.com\/tr\/wp-json\/wp\/v2\/product\/30070","targetHints":{"allow":["GET"]}}],"collection":[{"href":"https:\/\/holidayexcursion.com\/tr\/wp-json\/wp\/v2\/product"}],"about":[{"href":"https:\/\/holidayexcursion.com\/tr\/wp-json\/wp\/v2\/types\/product"}],"replies":[{"embeddable":true,"href":"https:\/\/holidayexcursion.com\/tr\/wp-json\/wp\/v2\/comments?post=30070"}],"wp:featuredmedia":[{"embeddable":true,"href":"https:\/\/holidayexcursion.com\/tr\/wp-json\/wp\/v2\/media\/30079"}],"wp:attachment":[{"href":"https:\/\/holidayexcursion.com\/tr\/wp-json\/wp\/v2\/media?parent=30070"}],"wp:term":[{"taxonomy":"product_brand","embeddable":true,"href":"https:\/\/holidayexcursion.com\/tr\/wp-json\/wp\/v2\/product_brand?post=30070"},{"taxonomy":"product_cat","embeddable":true,"href":"https:\/\/holidayexcursion.com\/tr\/wp-json\/wp\/v2\/product_cat?post=30070"},{"taxonomy":"product_tag","embeddable":true,"href":"https:\/\/holidayexcursion.com\/tr\/wp-json\/wp\/v2\/product_tag?post=30070"}],"curies":[{"name":"wp","href":"https:\/\/api.w.org\/{rel}","templated":true}]}}